{"id":135025,"date":"2020-11-27T00:00:00","date_gmt":"2020-11-27T00:00:00","guid":{"rendered":"https:\/\/www.iplay.com\/games\/enchanted-kingdom-the-secret-of-the-golden-lamp-collectors-edition\/"},"modified":"2020-11-27T00:00:00","modified_gmt":"2020-11-27T00:00:00","slug":"enchanted-kingdom-the-secret-of-the-golden-lamp-collectors-edition","status":"publish","type":"product","link":"https:\/\/www.iplay.com\/it\/games\/enchanted-kingdom-the-secret-of-the-golden-lamp-collectors-edition\/","title":{"rendered":"Enchanted Kingdom: The Secret of the Golden Lamp Collector&#8217;s Edition"},"content":{"rendered":"<p>Goditi l&#8217;emozionante viaggio pi\u00f9 recente della serie <em>Enchanted Kingdom<\/em> ! Il testo recita: Anche se diventare un custode forestale richiede molto lavoro, sei entusiasta di avere tuo padre come tutor. Cio\u00e8, fino a quando tuo padre non viene rapito in una dimensione diversa da un genio spaventoso! Mentre scopri un aspetto misterioso del passato di tuo padre che non avresti mai potuto immaginare, uno che cambier\u00e0 per sempre la tua vita, ti rendi presto conto che \u00e8 pi\u00f9 di una semplice coincidenza. Prima che sia troppo tardi, riuscirai a impedire a un genio dispettoso di distruggere il tuo pianeta e salvare tuo padre? Scopri di pi\u00f9 in questo fantastico viaggio rompicapo a oggetti nascosti!     <\/p>\n<p>&nbsp;<\/p>\n<p>&nbsp;<\/p>\n<p><strong>Tratti somatici:<\/strong><\/p>\n<p>&nbsp;<\/p>\n<p>&#8211; Nel capitolo extra, affronta il pi\u00f9 grande genio di tutti i tempi!<\/p>\n<p>&#8211; Crea miscele e pozioni incantate!<\/p>\n<p>&#8211; Per scoprire di pi\u00f9 sul mondo, raccogli tracce di animali, lampade magiche e altri oggetti!<\/p>\n<p>&#8211; Approfitta di concept art, colonne sonore, sfondi e altro ancora!<\/p>\n<p>&#8211; Guida strategica dettagliata fornita per intero!<\/p>\n","protected":false},"excerpt":{"rendered":"<p>In Enchanted Kingdom: The Secret of the Golden Lamp CE, impedisci a un genio di distruggere l&#8217;intero pianeta.<\/p>\n","protected":false},"author":17,"featured_media":81444,"comment_status":"open","ping_status":"closed","template":"","meta":{"_acf_changed":false,"inline_featured_image":false},"product_brand":[],"product_cat":[163],"product_tag":[290],"class_list":{"0":"post-135025","1":"product","2":"type-product","3":"status-publish","4":"has-post-thumbnail","6":"product_cat-hidden-object-it","7":"product_tag-play-on-pc-it","9":"first","10":"instock","11":"shipping-taxable","12":"purchasable","13":"product-type-simple"},"acf":[],"yoast_head":"<!-- This site is optimized with the Yoast SEO Premium plugin v25.2 (Yoast SEO v25.2) - https:\/\/yoast.com\/wordpress\/plugins\/seo\/ -->\n<title>Enchanted Kingdom: Il Segreto della Lampada d&#039;Oro Edizione Speciale - Ferma il caos di un genio nei Regni Incantati<\/title>\n<meta name=\"description\" content=\"In Enchanted Kingdom: The Secret of the Golden Lamp CE, impedisci a un genio di distruggere l&#039;intero pianeta.\" \/>\n<meta name=\"robots\" content=\"index, follow, max-snippet:-1, max-image-preview:large, max-video-preview:-1\" \/>\n<link rel=\"canonical\" href=\"https:\/\/www.iplay.com\/it\/games\/enchanted-kingdom-the-secret-of-the-golden-lamp-collectors-edition\/\" \/>\n<meta property=\"og:locale\" content=\"it_IT\" \/>\n<meta property=\"og:type\" content=\"article\" \/>\n<meta property=\"og:title\" content=\"Enchanted Kingdom: The Secret of the Golden Lamp Collector&#039;s Edition\" \/>\n<meta property=\"og:description\" content=\"In Enchanted Kingdom: The Secret of the Golden Lamp CE, impedisci a un genio di distruggere l&#039;intero pianeta.\" \/>\n<meta property=\"og:url\" content=\"https:\/\/www.iplay.com\/it\/games\/enchanted-kingdom-the-secret-of-the-golden-lamp-collectors-edition\/\" \/>\n<meta property=\"og:site_name\" content=\"IPlay\" \/>\n<meta property=\"og:image\" content=\"https:\/\/www.iplay.com\/wp-content\/uploads\/2023\/12\/large_square_tile_image-2596.jpg\" \/>\n\t<meta property=\"og:image:width\" content=\"310\" \/>\n\t<meta property=\"og:image:height\" content=\"310\" \/>\n\t<meta property=\"og:image:type\" content=\"image\/jpeg\" \/>\n<meta name=\"twitter:card\" content=\"summary_large_image\" \/>\n<meta name=\"twitter:label1\" content=\"Est. reading time\" \/>\n\t<meta name=\"twitter:data1\" content=\"1 minuto\" \/>\n<script type=\"application\/ld+json\" class=\"yoast-schema-graph\">{\"@context\":\"https:\/\/schema.org\",\"@graph\":[{\"@type\":\"WebPage\",\"@id\":\"https:\/\/www.iplay.com\/it\/games\/enchanted-kingdom-the-secret-of-the-golden-lamp-collectors-edition\/\",\"url\":\"https:\/\/www.iplay.com\/it\/games\/enchanted-kingdom-the-secret-of-the-golden-lamp-collectors-edition\/\",\"name\":\"Enchanted Kingdom: Il Segreto della Lampada d'Oro Edizione Speciale - Ferma il caos di un genio nei Regni Incantati\",\"isPartOf\":{\"@id\":\"https:\/\/www.iplay.com\/en\/#website\"},\"primaryImageOfPage\":{\"@id\":\"https:\/\/www.iplay.com\/it\/games\/enchanted-kingdom-the-secret-of-the-golden-lamp-collectors-edition\/#primaryimage\"},\"image\":{\"@id\":\"https:\/\/www.iplay.com\/it\/games\/enchanted-kingdom-the-secret-of-the-golden-lamp-collectors-edition\/#primaryimage\"},\"thumbnailUrl\":\"https:\/\/www.iplay.com\/wp-content\/uploads\/2023\/12\/large_square_tile_image-2596.jpg\",\"datePublished\":\"2020-11-27T00:00:00+00:00\",\"description\":\"In Enchanted Kingdom: The Secret of the Golden Lamp CE, impedisci a un genio di distruggere l'intero pianeta.\",\"breadcrumb\":{\"@id\":\"https:\/\/www.iplay.com\/it\/games\/enchanted-kingdom-the-secret-of-the-golden-lamp-collectors-edition\/#breadcrumb\"},\"inLanguage\":\"it-IT\",\"potentialAction\":[{\"@type\":\"ReadAction\",\"target\":[\"https:\/\/www.iplay.com\/it\/games\/enchanted-kingdom-the-secret-of-the-golden-lamp-collectors-edition\/\"]}]},{\"@type\":\"ImageObject\",\"inLanguage\":\"it-IT\",\"@id\":\"https:\/\/www.iplay.com\/it\/games\/enchanted-kingdom-the-secret-of-the-golden-lamp-collectors-edition\/#primaryimage\",\"url\":\"https:\/\/www.iplay.com\/wp-content\/uploads\/2023\/12\/large_square_tile_image-2596.jpg\",\"contentUrl\":\"https:\/\/www.iplay.com\/wp-content\/uploads\/2023\/12\/large_square_tile_image-2596.jpg\",\"width\":310,\"height\":310},{\"@type\":\"BreadcrumbList\",\"@id\":\"https:\/\/www.iplay.com\/it\/games\/enchanted-kingdom-the-secret-of-the-golden-lamp-collectors-edition\/#breadcrumb\",\"itemListElement\":[{\"@type\":\"ListItem\",\"position\":1,\"name\":\"Home\",\"item\":\"https:\/\/www.iplay.com\/it\/home-page-2\/\"},{\"@type\":\"ListItem\",\"position\":2,\"name\":\"Shop\",\"item\":\"https:\/\/www.iplay.com\/en\/shop\/\"},{\"@type\":\"ListItem\",\"position\":3,\"name\":\"Enchanted Kingdom: The Secret of the Golden Lamp Collector&#8217;s Edition\"}]},{\"@type\":\"WebSite\",\"@id\":\"https:\/\/www.iplay.com\/en\/#website\",\"url\":\"https:\/\/www.iplay.com\/en\/\",\"name\":\"IPlay\",\"description\":\"The Best Casual Games!\",\"publisher\":{\"@id\":\"https:\/\/www.iplay.com\/en\/#organization\"},\"potentialAction\":[{\"@type\":\"SearchAction\",\"target\":{\"@type\":\"EntryPoint\",\"urlTemplate\":\"https:\/\/www.iplay.com\/en\/?s={search_term_string}\"},\"query-input\":{\"@type\":\"PropertyValueSpecification\",\"valueRequired\":true,\"valueName\":\"search_term_string\"}}],\"inLanguage\":\"it-IT\"},{\"@type\":\"Organization\",\"@id\":\"https:\/\/www.iplay.com\/en\/#organization\",\"name\":\"IPlay\",\"url\":\"https:\/\/www.iplay.com\/en\/\",\"logo\":{\"@type\":\"ImageObject\",\"inLanguage\":\"it-IT\",\"@id\":\"https:\/\/www.iplay.com\/en\/#\/schema\/logo\/image\/\",\"url\":\"https:\/\/www.iplay.com\/wp-content\/uploads\/2023\/11\/Group-6100.svg\",\"contentUrl\":\"https:\/\/www.iplay.com\/wp-content\/uploads\/2023\/11\/Group-6100.svg\",\"width\":98,\"height\":25,\"caption\":\"IPlay\"},\"image\":{\"@id\":\"https:\/\/www.iplay.com\/en\/#\/schema\/logo\/image\/\"}}]}<\/script>\n<!-- \/ Yoast SEO Premium plugin. -->","yoast_head_json":{"title":"Enchanted Kingdom: Il Segreto della Lampada d'Oro Edizione Speciale - Ferma il caos di un genio nei Regni Incantati","description":"In Enchanted Kingdom: The Secret of the Golden Lamp CE, impedisci a un genio di distruggere l'intero pianeta.","robots":{"index":"index","follow":"follow","max-snippet":"max-snippet:-1","max-image-preview":"max-image-preview:large","max-video-preview":"max-video-preview:-1"},"canonical":"https:\/\/www.iplay.com\/it\/games\/enchanted-kingdom-the-secret-of-the-golden-lamp-collectors-edition\/","og_locale":"it_IT","og_type":"article","og_title":"Enchanted Kingdom: The Secret of the Golden Lamp Collector's Edition","og_description":"In Enchanted Kingdom: The Secret of the Golden Lamp CE, impedisci a un genio di distruggere l'intero pianeta.","og_url":"https:\/\/www.iplay.com\/it\/games\/enchanted-kingdom-the-secret-of-the-golden-lamp-collectors-edition\/","og_site_name":"IPlay","og_image":[{"width":310,"height":310,"url":"https:\/\/www.iplay.com\/wp-content\/uploads\/2023\/12\/large_square_tile_image-2596.jpg","type":"image\/jpeg"}],"twitter_card":"summary_large_image","twitter_misc":{"Est. reading time":"1 minuto"},"schema":{"@context":"https:\/\/schema.org","@graph":[{"@type":"WebPage","@id":"https:\/\/www.iplay.com\/it\/games\/enchanted-kingdom-the-secret-of-the-golden-lamp-collectors-edition\/","url":"https:\/\/www.iplay.com\/it\/games\/enchanted-kingdom-the-secret-of-the-golden-lamp-collectors-edition\/","name":"Enchanted Kingdom: Il Segreto della Lampada d'Oro Edizione Speciale - Ferma il caos di un genio nei Regni Incantati","isPartOf":{"@id":"https:\/\/www.iplay.com\/en\/#website"},"primaryImageOfPage":{"@id":"https:\/\/www.iplay.com\/it\/games\/enchanted-kingdom-the-secret-of-the-golden-lamp-collectors-edition\/#primaryimage"},"image":{"@id":"https:\/\/www.iplay.com\/it\/games\/enchanted-kingdom-the-secret-of-the-golden-lamp-collectors-edition\/#primaryimage"},"thumbnailUrl":"https:\/\/www.iplay.com\/wp-content\/uploads\/2023\/12\/large_square_tile_image-2596.jpg","datePublished":"2020-11-27T00:00:00+00:00","description":"In Enchanted Kingdom: The Secret of the Golden Lamp CE, impedisci a un genio di distruggere l'intero pianeta.","breadcrumb":{"@id":"https:\/\/www.iplay.com\/it\/games\/enchanted-kingdom-the-secret-of-the-golden-lamp-collectors-edition\/#breadcrumb"},"inLanguage":"it-IT","potentialAction":[{"@type":"ReadAction","target":["https:\/\/www.iplay.com\/it\/games\/enchanted-kingdom-the-secret-of-the-golden-lamp-collectors-edition\/"]}]},{"@type":"ImageObject","inLanguage":"it-IT","@id":"https:\/\/www.iplay.com\/it\/games\/enchanted-kingdom-the-secret-of-the-golden-lamp-collectors-edition\/#primaryimage","url":"https:\/\/www.iplay.com\/wp-content\/uploads\/2023\/12\/large_square_tile_image-2596.jpg","contentUrl":"https:\/\/www.iplay.com\/wp-content\/uploads\/2023\/12\/large_square_tile_image-2596.jpg","width":310,"height":310},{"@type":"BreadcrumbList","@id":"https:\/\/www.iplay.com\/it\/games\/enchanted-kingdom-the-secret-of-the-golden-lamp-collectors-edition\/#breadcrumb","itemListElement":[{"@type":"ListItem","position":1,"name":"Home","item":"https:\/\/www.iplay.com\/it\/home-page-2\/"},{"@type":"ListItem","position":2,"name":"Shop","item":"https:\/\/www.iplay.com\/en\/shop\/"},{"@type":"ListItem","position":3,"name":"Enchanted Kingdom: The Secret of the Golden Lamp Collector&#8217;s Edition"}]},{"@type":"WebSite","@id":"https:\/\/www.iplay.com\/en\/#website","url":"https:\/\/www.iplay.com\/en\/","name":"IPlay","description":"The Best Casual Games!","publisher":{"@id":"https:\/\/www.iplay.com\/en\/#organization"},"potentialAction":[{"@type":"SearchAction","target":{"@type":"EntryPoint","urlTemplate":"https:\/\/www.iplay.com\/en\/?s={search_term_string}"},"query-input":{"@type":"PropertyValueSpecification","valueRequired":true,"valueName":"search_term_string"}}],"inLanguage":"it-IT"},{"@type":"Organization","@id":"https:\/\/www.iplay.com\/en\/#organization","name":"IPlay","url":"https:\/\/www.iplay.com\/en\/","logo":{"@type":"ImageObject","inLanguage":"it-IT","@id":"https:\/\/www.iplay.com\/en\/#\/schema\/logo\/image\/","url":"https:\/\/www.iplay.com\/wp-content\/uploads\/2023\/11\/Group-6100.svg","contentUrl":"https:\/\/www.iplay.com\/wp-content\/uploads\/2023\/11\/Group-6100.svg","width":98,"height":25,"caption":"IPlay"},"image":{"@id":"https:\/\/www.iplay.com\/en\/#\/schema\/logo\/image\/"}}]}},"_links":{"self":[{"href":"https:\/\/www.iplay.com\/it\/wp-json\/wp\/v2\/product\/135025","targetHints":{"allow":["GET"]}}],"collection":[{"href":"https:\/\/www.iplay.com\/it\/wp-json\/wp\/v2\/product"}],"about":[{"href":"https:\/\/www.iplay.com\/it\/wp-json\/wp\/v2\/types\/product"}],"author":[{"embeddable":true,"href":"https:\/\/www.iplay.com\/it\/wp-json\/wp\/v2\/users\/17"}],"replies":[{"embeddable":true,"href":"https:\/\/www.iplay.com\/it\/wp-json\/wp\/v2\/comments?post=135025"}],"wp:featuredmedia":[{"embeddable":true,"href":"https:\/\/www.iplay.com\/it\/wp-json\/wp\/v2\/media\/81444"}],"wp:attachment":[{"href":"https:\/\/www.iplay.com\/it\/wp-json\/wp\/v2\/media?parent=135025"}],"wp:term":[{"taxonomy":"product_brand","embeddable":true,"href":"https:\/\/www.iplay.com\/it\/wp-json\/wp\/v2\/product_brand?post=135025"},{"taxonomy":"product_cat","embeddable":true,"href":"https:\/\/www.iplay.com\/it\/wp-json\/wp\/v2\/product_cat?post=135025"},{"taxonomy":"product_tag","embeddable":true,"href":"https:\/\/www.iplay.com\/it\/wp-json\/wp\/v2\/product_tag?post=135025"}],"curies":[{"name":"wp","href":"https:\/\/api.w.org\/{rel}","templated":true}]}}