{"id":134985,"date":"2020-09-25T00:00:00","date_gmt":"2020-09-25T00:00:00","guid":{"rendered":"https:\/\/www.iplay.com\/games\/fatal-evidence-the-missing-collectors-edition\/"},"modified":"2020-09-25T00:00:00","modified_gmt":"2020-09-25T00:00:00","slug":"fatal-evidence-the-missing-collectors-edition","status":"publish","type":"product","link":"https:\/\/www.iplay.com\/it\/games\/fatal-evidence-the-missing-collectors-edition\/","title":{"rendered":"Fatal Evidence: The Missing Collector&#8217;s Edition"},"content":{"rendered":"<p>Prendi il prossimo avvincente caso della serie <em>Dead Evidence<\/em> ! Quando sua moglie scompare, la sfortuna del tuo migliore amico prende una piega terribile. Come se le cose non potessero andare peggio, viene preso in custodia con l&#8217;accusa di averla rapita! Tuttavia, c&#8217;\u00e8 molto di pi\u00f9 di quanto sembri e presto scopri le prove di un gioco scorretto. Chi vorrebbe incastrare il tuo amico, e perch\u00e9, \u00e8 la domanda. \u00c8 tua responsabilit\u00e0 risolvere il caso e riabilitare il suo nome prima che sia troppo tardi. Sei pronto per la sfida? In questo accattivante viaggio rompicapo con oggetti nascosti, scoprilo!       <\/p>\n<p>&nbsp;<\/p>\n<p>&nbsp;<\/p>\n<p><strong>Tratti somatici:<\/strong><\/p>\n<p>&nbsp;<\/p>\n<p>&#8211; Riuscirai a fermare il Cacciatore Oscuro in tempo, prima che usi esplosioni letali per mettere in pericolo te e la tua famiglia?<\/p>\n<p>&#8211; Gioca, e poi gioca di nuovo! + minigiochi e HOP pi\u00f9 difficili!<br \/>\n&#8211; Raggiungi gli obiettivi, arreda la tua cucina e raccogli tutte le foto e i trofei!<\/p>\n<p>&#8211; Riproduci video e ottieni concept art, colonne sonore e sfondi originali!<\/p>\n<p>&#8211; Porta con te l&#8217;utile Guida Strategica ed evita di fare da solo!<\/p>\n","protected":false},"excerpt":{"rendered":"<p>Riuscirai a riabilitare rapidamente il nome di un uomo innocente? Scopri in Deadly Proof: The Unaccounted-For CE <\/p>\n","protected":false},"author":17,"featured_media":82084,"comment_status":"open","ping_status":"closed","template":"","meta":{"_acf_changed":false,"inline_featured_image":false},"product_brand":[],"product_cat":[163],"product_tag":[290],"class_list":{"0":"post-134985","1":"product","2":"type-product","3":"status-publish","4":"has-post-thumbnail","6":"product_cat-hidden-object-it","7":"product_tag-play-on-pc-it","9":"first","10":"instock","11":"shipping-taxable","12":"purchasable","13":"product-type-simple"},"acf":[],"yoast_head":"<!-- This site is optimized with the Yoast SEO Premium plugin v25.2 (Yoast SEO v25.2) - https:\/\/yoast.com\/wordpress\/plugins\/seo\/ -->\n<title>Fatal Evidence: The Missing Collector&#039;s Edition - IPlay<\/title>\n<meta name=\"description\" content=\"Riuscirai a riabilitare rapidamente il nome di un uomo innocente? Scopri in Deadly Proof: The Unaccounted-For CE\" \/>\n<meta name=\"robots\" content=\"index, follow, max-snippet:-1, max-image-preview:large, max-video-preview:-1\" \/>\n<link rel=\"canonical\" href=\"https:\/\/www.iplay.com\/it\/games\/fatal-evidence-the-missing-collectors-edition\/\" \/>\n<meta property=\"og:locale\" content=\"it_IT\" \/>\n<meta property=\"og:type\" content=\"article\" \/>\n<meta property=\"og:title\" content=\"Fatal Evidence: The Missing Collector&#039;s Edition\" \/>\n<meta property=\"og:description\" content=\"Riuscirai a riabilitare rapidamente il nome di un uomo innocente? Scopri in Deadly Proof: The Unaccounted-For CE\" \/>\n<meta property=\"og:url\" content=\"https:\/\/www.iplay.com\/it\/games\/fatal-evidence-the-missing-collectors-edition\/\" \/>\n<meta property=\"og:site_name\" content=\"IPlay\" \/>\n<meta name=\"twitter:card\" content=\"summary_large_image\" \/>\n<meta name=\"twitter:label1\" content=\"Est. reading time\" \/>\n\t<meta name=\"twitter:data1\" content=\"1 minuto\" \/>\n<script type=\"application\/ld+json\" class=\"yoast-schema-graph\">{\"@context\":\"https:\/\/schema.org\",\"@graph\":[{\"@type\":\"WebPage\",\"@id\":\"https:\/\/www.iplay.com\/it\/games\/fatal-evidence-the-missing-collectors-edition\/\",\"url\":\"https:\/\/www.iplay.com\/it\/games\/fatal-evidence-the-missing-collectors-edition\/\",\"name\":\"Fatal Evidence: The Missing Collector's Edition - IPlay\",\"isPartOf\":{\"@id\":\"https:\/\/www.iplay.com\/en\/#website\"},\"primaryImageOfPage\":{\"@id\":\"https:\/\/www.iplay.com\/it\/games\/fatal-evidence-the-missing-collectors-edition\/#primaryimage\"},\"image\":{\"@id\":\"https:\/\/www.iplay.com\/it\/games\/fatal-evidence-the-missing-collectors-edition\/#primaryimage\"},\"thumbnailUrl\":\"https:\/\/www.iplay.com\/wp-content\/uploads\/2023\/12\/large_square_tile_image-2636.jpg\",\"datePublished\":\"2020-09-25T00:00:00+00:00\",\"description\":\"Riuscirai a riabilitare rapidamente il nome di un uomo innocente? Scopri in Deadly Proof: The Unaccounted-For CE\",\"breadcrumb\":{\"@id\":\"https:\/\/www.iplay.com\/it\/games\/fatal-evidence-the-missing-collectors-edition\/#breadcrumb\"},\"inLanguage\":\"it-IT\",\"potentialAction\":[{\"@type\":\"ReadAction\",\"target\":[\"https:\/\/www.iplay.com\/it\/games\/fatal-evidence-the-missing-collectors-edition\/\"]}]},{\"@type\":\"ImageObject\",\"inLanguage\":\"it-IT\",\"@id\":\"https:\/\/www.iplay.com\/it\/games\/fatal-evidence-the-missing-collectors-edition\/#primaryimage\",\"url\":\"https:\/\/www.iplay.com\/wp-content\/uploads\/2023\/12\/large_square_tile_image-2636.jpg\",\"contentUrl\":\"https:\/\/www.iplay.com\/wp-content\/uploads\/2023\/12\/large_square_tile_image-2636.jpg\",\"width\":310,\"height\":310},{\"@type\":\"BreadcrumbList\",\"@id\":\"https:\/\/www.iplay.com\/it\/games\/fatal-evidence-the-missing-collectors-edition\/#breadcrumb\",\"itemListElement\":[{\"@type\":\"ListItem\",\"position\":1,\"name\":\"Home\",\"item\":\"https:\/\/www.iplay.com\/it\/home-page-2\/\"},{\"@type\":\"ListItem\",\"position\":2,\"name\":\"Shop\",\"item\":\"https:\/\/www.iplay.com\/en\/shop\/\"},{\"@type\":\"ListItem\",\"position\":3,\"name\":\"Fatal Evidence: The Missing Collector&#8217;s Edition\"}]},{\"@type\":\"WebSite\",\"@id\":\"https:\/\/www.iplay.com\/en\/#website\",\"url\":\"https:\/\/www.iplay.com\/en\/\",\"name\":\"IPlay\",\"description\":\"The Best Casual Games!\",\"publisher\":{\"@id\":\"https:\/\/www.iplay.com\/en\/#organization\"},\"potentialAction\":[{\"@type\":\"SearchAction\",\"target\":{\"@type\":\"EntryPoint\",\"urlTemplate\":\"https:\/\/www.iplay.com\/en\/?s={search_term_string}\"},\"query-input\":{\"@type\":\"PropertyValueSpecification\",\"valueRequired\":true,\"valueName\":\"search_term_string\"}}],\"inLanguage\":\"it-IT\"},{\"@type\":\"Organization\",\"@id\":\"https:\/\/www.iplay.com\/en\/#organization\",\"name\":\"IPlay\",\"url\":\"https:\/\/www.iplay.com\/en\/\",\"logo\":{\"@type\":\"ImageObject\",\"inLanguage\":\"it-IT\",\"@id\":\"https:\/\/www.iplay.com\/en\/#\/schema\/logo\/image\/\",\"url\":\"https:\/\/www.iplay.com\/wp-content\/uploads\/2023\/11\/Group-6100.svg\",\"contentUrl\":\"https:\/\/www.iplay.com\/wp-content\/uploads\/2023\/11\/Group-6100.svg\",\"width\":98,\"height\":25,\"caption\":\"IPlay\"},\"image\":{\"@id\":\"https:\/\/www.iplay.com\/en\/#\/schema\/logo\/image\/\"}}]}<\/script>\n<!-- \/ Yoast SEO Premium plugin. -->","yoast_head_json":{"title":"Fatal Evidence: The Missing Collector's Edition - IPlay","description":"Riuscirai a riabilitare rapidamente il nome di un uomo innocente? Scopri in Deadly Proof: The Unaccounted-For CE","robots":{"index":"index","follow":"follow","max-snippet":"max-snippet:-1","max-image-preview":"max-image-preview:large","max-video-preview":"max-video-preview:-1"},"canonical":"https:\/\/www.iplay.com\/it\/games\/fatal-evidence-the-missing-collectors-edition\/","og_locale":"it_IT","og_type":"article","og_title":"Fatal Evidence: The Missing Collector's Edition","og_description":"Riuscirai a riabilitare rapidamente il nome di un uomo innocente? Scopri in Deadly Proof: The Unaccounted-For CE","og_url":"https:\/\/www.iplay.com\/it\/games\/fatal-evidence-the-missing-collectors-edition\/","og_site_name":"IPlay","twitter_card":"summary_large_image","twitter_misc":{"Est. reading time":"1 minuto"},"schema":{"@context":"https:\/\/schema.org","@graph":[{"@type":"WebPage","@id":"https:\/\/www.iplay.com\/it\/games\/fatal-evidence-the-missing-collectors-edition\/","url":"https:\/\/www.iplay.com\/it\/games\/fatal-evidence-the-missing-collectors-edition\/","name":"Fatal Evidence: The Missing Collector's Edition - IPlay","isPartOf":{"@id":"https:\/\/www.iplay.com\/en\/#website"},"primaryImageOfPage":{"@id":"https:\/\/www.iplay.com\/it\/games\/fatal-evidence-the-missing-collectors-edition\/#primaryimage"},"image":{"@id":"https:\/\/www.iplay.com\/it\/games\/fatal-evidence-the-missing-collectors-edition\/#primaryimage"},"thumbnailUrl":"https:\/\/www.iplay.com\/wp-content\/uploads\/2023\/12\/large_square_tile_image-2636.jpg","datePublished":"2020-09-25T00:00:00+00:00","description":"Riuscirai a riabilitare rapidamente il nome di un uomo innocente? Scopri in Deadly Proof: The Unaccounted-For CE","breadcrumb":{"@id":"https:\/\/www.iplay.com\/it\/games\/fatal-evidence-the-missing-collectors-edition\/#breadcrumb"},"inLanguage":"it-IT","potentialAction":[{"@type":"ReadAction","target":["https:\/\/www.iplay.com\/it\/games\/fatal-evidence-the-missing-collectors-edition\/"]}]},{"@type":"ImageObject","inLanguage":"it-IT","@id":"https:\/\/www.iplay.com\/it\/games\/fatal-evidence-the-missing-collectors-edition\/#primaryimage","url":"https:\/\/www.iplay.com\/wp-content\/uploads\/2023\/12\/large_square_tile_image-2636.jpg","contentUrl":"https:\/\/www.iplay.com\/wp-content\/uploads\/2023\/12\/large_square_tile_image-2636.jpg","width":310,"height":310},{"@type":"BreadcrumbList","@id":"https:\/\/www.iplay.com\/it\/games\/fatal-evidence-the-missing-collectors-edition\/#breadcrumb","itemListElement":[{"@type":"ListItem","position":1,"name":"Home","item":"https:\/\/www.iplay.com\/it\/home-page-2\/"},{"@type":"ListItem","position":2,"name":"Shop","item":"https:\/\/www.iplay.com\/en\/shop\/"},{"@type":"ListItem","position":3,"name":"Fatal Evidence: The Missing Collector&#8217;s Edition"}]},{"@type":"WebSite","@id":"https:\/\/www.iplay.com\/en\/#website","url":"https:\/\/www.iplay.com\/en\/","name":"IPlay","description":"The Best Casual Games!","publisher":{"@id":"https:\/\/www.iplay.com\/en\/#organization"},"potentialAction":[{"@type":"SearchAction","target":{"@type":"EntryPoint","urlTemplate":"https:\/\/www.iplay.com\/en\/?s={search_term_string}"},"query-input":{"@type":"PropertyValueSpecification","valueRequired":true,"valueName":"search_term_string"}}],"inLanguage":"it-IT"},{"@type":"Organization","@id":"https:\/\/www.iplay.com\/en\/#organization","name":"IPlay","url":"https:\/\/www.iplay.com\/en\/","logo":{"@type":"ImageObject","inLanguage":"it-IT","@id":"https:\/\/www.iplay.com\/en\/#\/schema\/logo\/image\/","url":"https:\/\/www.iplay.com\/wp-content\/uploads\/2023\/11\/Group-6100.svg","contentUrl":"https:\/\/www.iplay.com\/wp-content\/uploads\/2023\/11\/Group-6100.svg","width":98,"height":25,"caption":"IPlay"},"image":{"@id":"https:\/\/www.iplay.com\/en\/#\/schema\/logo\/image\/"}}]}},"_links":{"self":[{"href":"https:\/\/www.iplay.com\/it\/wp-json\/wp\/v2\/product\/134985","targetHints":{"allow":["GET"]}}],"collection":[{"href":"https:\/\/www.iplay.com\/it\/wp-json\/wp\/v2\/product"}],"about":[{"href":"https:\/\/www.iplay.com\/it\/wp-json\/wp\/v2\/types\/product"}],"author":[{"embeddable":true,"href":"https:\/\/www.iplay.com\/it\/wp-json\/wp\/v2\/users\/17"}],"replies":[{"embeddable":true,"href":"https:\/\/www.iplay.com\/it\/wp-json\/wp\/v2\/comments?post=134985"}],"wp:featuredmedia":[{"embeddable":true,"href":"https:\/\/www.iplay.com\/it\/wp-json\/wp\/v2\/media\/82084"}],"wp:attachment":[{"href":"https:\/\/www.iplay.com\/it\/wp-json\/wp\/v2\/media?parent=134985"}],"wp:term":[{"taxonomy":"product_brand","embeddable":true,"href":"https:\/\/www.iplay.com\/it\/wp-json\/wp\/v2\/product_brand?post=134985"},{"taxonomy":"product_cat","embeddable":true,"href":"https:\/\/www.iplay.com\/it\/wp-json\/wp\/v2\/product_cat?post=134985"},{"taxonomy":"product_tag","embeddable":true,"href":"https:\/\/www.iplay.com\/it\/wp-json\/wp\/v2\/product_tag?post=134985"}],"curies":[{"name":"wp","href":"https:\/\/api.w.org\/{rel}","templated":true}]}}