{"id":134975,"date":"2020-11-13T00:00:00","date_gmt":"2020-11-13T00:00:00","guid":{"rendered":"https:\/\/www.iplay.com\/games\/dark-tales-edgar-allan-poes-the-bells-collectors-edition\/"},"modified":"2020-11-13T00:00:00","modified_gmt":"2020-11-13T00:00:00","slug":"dark-tales-edgar-allan-poes-the-bells-collectors-edition","status":"publish","type":"product","link":"https:\/\/www.iplay.com\/it\/games\/dark-tales-edgar-allan-poes-the-bells-collectors-edition\/","title":{"rendered":"Dark Tales: Edgar Allan Poe&#8217;s The Bells Collector&#8217;s Edition"},"content":{"rendered":"<p>Il prossimo terrificante libro della serie Dark <em>Tales, Dark Tales: Edgar Allen Poe&#8217;s The Bells<\/em>, \u00e8 qui! Nei suoi scritti, il romanziere Robert McClain ha una particolare capacit\u00e0 di predire gli eventi, un dono che lo ha catapultato nella fama. \u00c8 scomparso durante la cerimonia di uscita del suo ultimo libro, ma la distruzione infuocata che descrive \u00e8 tutt&#8217;altro che una minaccia insensata: presto ci sar\u00e0 una celebrazione in tutta la citt\u00e0! Riuscirete tu e Monsieur Dupin a risolvere il mistero della scomparsa di McClain e a scongiurare una calamit\u00e0 che minaccia la citt\u00e0? Scopri le risposte in questo cupo gioco di avventura rompicapo con oggetti nascosti, basato sul poema Le campane di Edgar Allen Poe. Gioca di nuovo ai tuoi minigiochi e HOP preferiti! Individua gli oggetti da collezione e raggiungi i traguardi! Approfitta di sfondi unici, concept art, musica e molto altro! Con la guida strategica, non ti perderai mai!<\/p>\n","protected":false},"excerpt":{"rendered":"<p>Assapora l&#8217;ultimo capitolo della serie Dark Tales, Dark Tales: The Bells di Edgar Allen Poe.<\/p>\n","protected":false},"author":17,"featured_media":81572,"comment_status":"open","ping_status":"closed","template":"","meta":{"_acf_changed":false,"inline_featured_image":false},"product_brand":[],"product_cat":[163],"product_tag":[290],"class_list":{"0":"post-134975","1":"product","2":"type-product","3":"status-publish","4":"has-post-thumbnail","6":"product_cat-hidden-object-it","7":"product_tag-play-on-pc-it","9":"first","10":"instock","11":"shipping-taxable","12":"purchasable","13":"product-type-simple"},"acf":[],"yoast_head":"<!-- This site is optimized with the Yoast SEO Premium plugin v25.2 (Yoast SEO v25.2) - https:\/\/yoast.com\/wordpress\/plugins\/seo\/ -->\n<title>Dark Tales: Edgar Allan Poe&#039;s The Bells Collector&#039;s Edition - Entra nel mondo dei racconti oscuri di Edgar Allan Poe<\/title>\n<meta name=\"description\" content=\"Assapora l&#039;ultimo capitolo della serie Dark Tales, Dark Tales: The Bells di Edgar Allen Poe.\" \/>\n<meta name=\"robots\" content=\"index, follow, max-snippet:-1, max-image-preview:large, max-video-preview:-1\" \/>\n<link rel=\"canonical\" href=\"https:\/\/www.iplay.com\/it\/games\/dark-tales-edgar-allan-poes-the-bells-collectors-edition\/\" \/>\n<meta property=\"og:locale\" content=\"it_IT\" \/>\n<meta property=\"og:type\" content=\"article\" \/>\n<meta property=\"og:title\" content=\"Dark Tales: Edgar Allan Poe&#039;s The Bells Collector&#039;s Edition\" \/>\n<meta property=\"og:description\" content=\"Assapora l&#039;ultimo capitolo della serie Dark Tales, Dark Tales: The Bells di Edgar Allen Poe.\" \/>\n<meta property=\"og:url\" content=\"https:\/\/www.iplay.com\/it\/games\/dark-tales-edgar-allan-poes-the-bells-collectors-edition\/\" \/>\n<meta property=\"og:site_name\" content=\"IPlay\" \/>\n<meta property=\"og:image\" content=\"https:\/\/www.iplay.com\/wp-content\/uploads\/2023\/12\/large_square_tile_image-2604.jpg\" \/>\n\t<meta property=\"og:image:width\" content=\"310\" \/>\n\t<meta property=\"og:image:height\" content=\"310\" \/>\n\t<meta property=\"og:image:type\" content=\"image\/jpeg\" \/>\n<meta name=\"twitter:card\" content=\"summary_large_image\" \/>\n<meta name=\"twitter:label1\" content=\"Est. reading time\" \/>\n\t<meta name=\"twitter:data1\" content=\"1 minuto\" \/>\n<script type=\"application\/ld+json\" class=\"yoast-schema-graph\">{\"@context\":\"https:\/\/schema.org\",\"@graph\":[{\"@type\":\"WebPage\",\"@id\":\"https:\/\/www.iplay.com\/it\/games\/dark-tales-edgar-allan-poes-the-bells-collectors-edition\/\",\"url\":\"https:\/\/www.iplay.com\/it\/games\/dark-tales-edgar-allan-poes-the-bells-collectors-edition\/\",\"name\":\"Dark Tales: Edgar Allan Poe's The Bells Collector's Edition - Entra nel mondo dei racconti oscuri di Edgar Allan Poe\",\"isPartOf\":{\"@id\":\"https:\/\/www.iplay.com\/en\/#website\"},\"primaryImageOfPage\":{\"@id\":\"https:\/\/www.iplay.com\/it\/games\/dark-tales-edgar-allan-poes-the-bells-collectors-edition\/#primaryimage\"},\"image\":{\"@id\":\"https:\/\/www.iplay.com\/it\/games\/dark-tales-edgar-allan-poes-the-bells-collectors-edition\/#primaryimage\"},\"thumbnailUrl\":\"https:\/\/www.iplay.com\/wp-content\/uploads\/2023\/12\/large_square_tile_image-2604.jpg\",\"datePublished\":\"2020-11-13T00:00:00+00:00\",\"description\":\"Assapora l'ultimo capitolo della serie Dark Tales, Dark Tales: The Bells di Edgar Allen Poe.\",\"breadcrumb\":{\"@id\":\"https:\/\/www.iplay.com\/it\/games\/dark-tales-edgar-allan-poes-the-bells-collectors-edition\/#breadcrumb\"},\"inLanguage\":\"it-IT\",\"potentialAction\":[{\"@type\":\"ReadAction\",\"target\":[\"https:\/\/www.iplay.com\/it\/games\/dark-tales-edgar-allan-poes-the-bells-collectors-edition\/\"]}]},{\"@type\":\"ImageObject\",\"inLanguage\":\"it-IT\",\"@id\":\"https:\/\/www.iplay.com\/it\/games\/dark-tales-edgar-allan-poes-the-bells-collectors-edition\/#primaryimage\",\"url\":\"https:\/\/www.iplay.com\/wp-content\/uploads\/2023\/12\/large_square_tile_image-2604.jpg\",\"contentUrl\":\"https:\/\/www.iplay.com\/wp-content\/uploads\/2023\/12\/large_square_tile_image-2604.jpg\",\"width\":310,\"height\":310},{\"@type\":\"BreadcrumbList\",\"@id\":\"https:\/\/www.iplay.com\/it\/games\/dark-tales-edgar-allan-poes-the-bells-collectors-edition\/#breadcrumb\",\"itemListElement\":[{\"@type\":\"ListItem\",\"position\":1,\"name\":\"Home\",\"item\":\"https:\/\/www.iplay.com\/it\/home-page-2\/\"},{\"@type\":\"ListItem\",\"position\":2,\"name\":\"Shop\",\"item\":\"https:\/\/www.iplay.com\/en\/shop\/\"},{\"@type\":\"ListItem\",\"position\":3,\"name\":\"Dark Tales: Edgar Allan Poe&#8217;s The Bells Collector&#8217;s Edition\"}]},{\"@type\":\"WebSite\",\"@id\":\"https:\/\/www.iplay.com\/en\/#website\",\"url\":\"https:\/\/www.iplay.com\/en\/\",\"name\":\"IPlay\",\"description\":\"The Best Casual Games!\",\"publisher\":{\"@id\":\"https:\/\/www.iplay.com\/en\/#organization\"},\"potentialAction\":[{\"@type\":\"SearchAction\",\"target\":{\"@type\":\"EntryPoint\",\"urlTemplate\":\"https:\/\/www.iplay.com\/en\/?s={search_term_string}\"},\"query-input\":{\"@type\":\"PropertyValueSpecification\",\"valueRequired\":true,\"valueName\":\"search_term_string\"}}],\"inLanguage\":\"it-IT\"},{\"@type\":\"Organization\",\"@id\":\"https:\/\/www.iplay.com\/en\/#organization\",\"name\":\"IPlay\",\"url\":\"https:\/\/www.iplay.com\/en\/\",\"logo\":{\"@type\":\"ImageObject\",\"inLanguage\":\"it-IT\",\"@id\":\"https:\/\/www.iplay.com\/en\/#\/schema\/logo\/image\/\",\"url\":\"https:\/\/www.iplay.com\/wp-content\/uploads\/2023\/11\/Group-6100.svg\",\"contentUrl\":\"https:\/\/www.iplay.com\/wp-content\/uploads\/2023\/11\/Group-6100.svg\",\"width\":98,\"height\":25,\"caption\":\"IPlay\"},\"image\":{\"@id\":\"https:\/\/www.iplay.com\/en\/#\/schema\/logo\/image\/\"}}]}<\/script>\n<!-- \/ Yoast SEO Premium plugin. -->","yoast_head_json":{"title":"Dark Tales: Edgar Allan Poe's The Bells Collector's Edition - Entra nel mondo dei racconti oscuri di Edgar Allan Poe","description":"Assapora l'ultimo capitolo della serie Dark Tales, Dark Tales: The Bells di Edgar Allen Poe.","robots":{"index":"index","follow":"follow","max-snippet":"max-snippet:-1","max-image-preview":"max-image-preview:large","max-video-preview":"max-video-preview:-1"},"canonical":"https:\/\/www.iplay.com\/it\/games\/dark-tales-edgar-allan-poes-the-bells-collectors-edition\/","og_locale":"it_IT","og_type":"article","og_title":"Dark Tales: Edgar Allan Poe's The Bells Collector's Edition","og_description":"Assapora l'ultimo capitolo della serie Dark Tales, Dark Tales: The Bells di Edgar Allen Poe.","og_url":"https:\/\/www.iplay.com\/it\/games\/dark-tales-edgar-allan-poes-the-bells-collectors-edition\/","og_site_name":"IPlay","og_image":[{"width":310,"height":310,"url":"https:\/\/www.iplay.com\/wp-content\/uploads\/2023\/12\/large_square_tile_image-2604.jpg","type":"image\/jpeg"}],"twitter_card":"summary_large_image","twitter_misc":{"Est. reading time":"1 minuto"},"schema":{"@context":"https:\/\/schema.org","@graph":[{"@type":"WebPage","@id":"https:\/\/www.iplay.com\/it\/games\/dark-tales-edgar-allan-poes-the-bells-collectors-edition\/","url":"https:\/\/www.iplay.com\/it\/games\/dark-tales-edgar-allan-poes-the-bells-collectors-edition\/","name":"Dark Tales: Edgar Allan Poe's The Bells Collector's Edition - Entra nel mondo dei racconti oscuri di Edgar Allan Poe","isPartOf":{"@id":"https:\/\/www.iplay.com\/en\/#website"},"primaryImageOfPage":{"@id":"https:\/\/www.iplay.com\/it\/games\/dark-tales-edgar-allan-poes-the-bells-collectors-edition\/#primaryimage"},"image":{"@id":"https:\/\/www.iplay.com\/it\/games\/dark-tales-edgar-allan-poes-the-bells-collectors-edition\/#primaryimage"},"thumbnailUrl":"https:\/\/www.iplay.com\/wp-content\/uploads\/2023\/12\/large_square_tile_image-2604.jpg","datePublished":"2020-11-13T00:00:00+00:00","description":"Assapora l'ultimo capitolo della serie Dark Tales, Dark Tales: The Bells di Edgar Allen Poe.","breadcrumb":{"@id":"https:\/\/www.iplay.com\/it\/games\/dark-tales-edgar-allan-poes-the-bells-collectors-edition\/#breadcrumb"},"inLanguage":"it-IT","potentialAction":[{"@type":"ReadAction","target":["https:\/\/www.iplay.com\/it\/games\/dark-tales-edgar-allan-poes-the-bells-collectors-edition\/"]}]},{"@type":"ImageObject","inLanguage":"it-IT","@id":"https:\/\/www.iplay.com\/it\/games\/dark-tales-edgar-allan-poes-the-bells-collectors-edition\/#primaryimage","url":"https:\/\/www.iplay.com\/wp-content\/uploads\/2023\/12\/large_square_tile_image-2604.jpg","contentUrl":"https:\/\/www.iplay.com\/wp-content\/uploads\/2023\/12\/large_square_tile_image-2604.jpg","width":310,"height":310},{"@type":"BreadcrumbList","@id":"https:\/\/www.iplay.com\/it\/games\/dark-tales-edgar-allan-poes-the-bells-collectors-edition\/#breadcrumb","itemListElement":[{"@type":"ListItem","position":1,"name":"Home","item":"https:\/\/www.iplay.com\/it\/home-page-2\/"},{"@type":"ListItem","position":2,"name":"Shop","item":"https:\/\/www.iplay.com\/en\/shop\/"},{"@type":"ListItem","position":3,"name":"Dark Tales: Edgar Allan Poe&#8217;s The Bells Collector&#8217;s Edition"}]},{"@type":"WebSite","@id":"https:\/\/www.iplay.com\/en\/#website","url":"https:\/\/www.iplay.com\/en\/","name":"IPlay","description":"The Best Casual Games!","publisher":{"@id":"https:\/\/www.iplay.com\/en\/#organization"},"potentialAction":[{"@type":"SearchAction","target":{"@type":"EntryPoint","urlTemplate":"https:\/\/www.iplay.com\/en\/?s={search_term_string}"},"query-input":{"@type":"PropertyValueSpecification","valueRequired":true,"valueName":"search_term_string"}}],"inLanguage":"it-IT"},{"@type":"Organization","@id":"https:\/\/www.iplay.com\/en\/#organization","name":"IPlay","url":"https:\/\/www.iplay.com\/en\/","logo":{"@type":"ImageObject","inLanguage":"it-IT","@id":"https:\/\/www.iplay.com\/en\/#\/schema\/logo\/image\/","url":"https:\/\/www.iplay.com\/wp-content\/uploads\/2023\/11\/Group-6100.svg","contentUrl":"https:\/\/www.iplay.com\/wp-content\/uploads\/2023\/11\/Group-6100.svg","width":98,"height":25,"caption":"IPlay"},"image":{"@id":"https:\/\/www.iplay.com\/en\/#\/schema\/logo\/image\/"}}]}},"_links":{"self":[{"href":"https:\/\/www.iplay.com\/it\/wp-json\/wp\/v2\/product\/134975","targetHints":{"allow":["GET"]}}],"collection":[{"href":"https:\/\/www.iplay.com\/it\/wp-json\/wp\/v2\/product"}],"about":[{"href":"https:\/\/www.iplay.com\/it\/wp-json\/wp\/v2\/types\/product"}],"author":[{"embeddable":true,"href":"https:\/\/www.iplay.com\/it\/wp-json\/wp\/v2\/users\/17"}],"replies":[{"embeddable":true,"href":"https:\/\/www.iplay.com\/it\/wp-json\/wp\/v2\/comments?post=134975"}],"wp:featuredmedia":[{"embeddable":true,"href":"https:\/\/www.iplay.com\/it\/wp-json\/wp\/v2\/media\/81572"}],"wp:attachment":[{"href":"https:\/\/www.iplay.com\/it\/wp-json\/wp\/v2\/media?parent=134975"}],"wp:term":[{"taxonomy":"product_brand","embeddable":true,"href":"https:\/\/www.iplay.com\/it\/wp-json\/wp\/v2\/product_brand?post=134975"},{"taxonomy":"product_cat","embeddable":true,"href":"https:\/\/www.iplay.com\/it\/wp-json\/wp\/v2\/product_cat?post=134975"},{"taxonomy":"product_tag","embeddable":true,"href":"https:\/\/www.iplay.com\/it\/wp-json\/wp\/v2\/product_tag?post=134975"}],"curies":[{"name":"wp","href":"https:\/\/api.w.org\/{rel}","templated":true}]}}