{"id":134765,"date":"2021-08-21T00:00:00","date_gmt":"2021-08-21T00:00:00","guid":{"rendered":"https:\/\/www.iplay.com\/games\/rite-of-passage-embrace-of-ember-lake-ce\/"},"modified":"2021-08-21T00:00:00","modified_gmt":"2021-08-21T00:00:00","slug":"rite-of-passage-embrace-of-ember-lake-ce","status":"publish","type":"product","link":"https:\/\/www.iplay.com\/it\/games\/rite-of-passage-embrace-of-ember-lake-ce\/","title":{"rendered":"Rite of Passage: Embrace of Ember Lake CE"},"content":{"rendered":"<p>Goditi un nuovo avvincente capitolo dell&#8217;apprezzata serie Rite of Passage. Halsey era solo una bambina quando l&#8217;hai adottata come se fosse la tua. Negli ultimi sedici anni, aveva dato l&#8217;impressione di essere una bambina normale, ma le sue incredibili abilit\u00e0, che ha svelato il giorno del suo sedicesimo compleanno, hanno dimostrato che era tutt&#8217;altro! Tuo fratello Jason \u00e8 la tua unica speranza, ma \u00e8 scomparso e un&#8217;agenzia segreta sta cercando te e tua figlia intorno a Ember Lake! Per salvare tua figlia, fermare gli agenti e risolvere il mistero di Ember Lake, dovrai usare tutte le tue abilit\u00e0 di osservazione e risoluzione di enigmi in questa accattivante avventura rompicapo con oggetti nascosti!    <\/p>\n<p>&nbsp;<\/p>\n<p>&nbsp;<\/p>\n<p><strong>Tratti somatici:<\/strong><\/p>\n<p>&nbsp;<\/p>\n<p>&#8211; Nel capitolo extra, riporta il cristallo magico a Ember Lake!<br \/>\n&#8211; Completa obiettivi difficili e ricorri i tuoi migliori HOP!<br \/>\n&#8211; Assicurati di stare al passo con gli agenti di Damien usando la guida strategica!<\/p>\n<p>&#8211; Scarica splendidi sfondi per abbellire il tuo desktop!<br \/>\n&#8211; Assapora concept art, colonne sonore e altro ancora!<\/p>\n","protected":false},"excerpt":{"rendered":"<p>Il regalo che tua figlia sta facendo in Rite of Passage &#8211; Embrace of Ember Lake CE attira attenzioni sgradite.<\/p>\n","protected":false},"author":17,"featured_media":79210,"comment_status":"open","ping_status":"closed","template":"","meta":{"_acf_changed":false,"inline_featured_image":false},"product_brand":[],"product_cat":[163],"product_tag":[290],"class_list":{"0":"post-134765","1":"product","2":"type-product","3":"status-publish","4":"has-post-thumbnail","6":"product_cat-hidden-object-it","7":"product_tag-play-on-pc-it","9":"first","10":"instock","11":"shipping-taxable","12":"purchasable","13":"product-type-simple"},"acf":[],"yoast_head":"<!-- This site is optimized with the Yoast SEO Premium plugin v25.2 (Yoast SEO v25.2) - https:\/\/yoast.com\/wordpress\/plugins\/seo\/ -->\n<title>Rito di passaggio: Abbraccio di Ember Lake CE - Il dono della figlia attira attenzioni indesiderate<\/title>\n<meta name=\"description\" content=\"Il regalo che tua figlia sta facendo in Rite of Passage - Embrace of Ember Lake CE attira attenzioni sgradite.\" \/>\n<meta name=\"robots\" content=\"index, follow, max-snippet:-1, max-image-preview:large, max-video-preview:-1\" \/>\n<link rel=\"canonical\" href=\"https:\/\/www.iplay.com\/it\/games\/rite-of-passage-embrace-of-ember-lake-ce\/\" \/>\n<meta property=\"og:locale\" content=\"it_IT\" \/>\n<meta property=\"og:type\" content=\"article\" \/>\n<meta property=\"og:title\" content=\"Rite of Passage: Embrace of Ember Lake CE\" \/>\n<meta property=\"og:description\" content=\"Il regalo che tua figlia sta facendo in Rite of Passage - Embrace of Ember Lake CE attira attenzioni sgradite.\" \/>\n<meta property=\"og:url\" content=\"https:\/\/www.iplay.com\/it\/games\/rite-of-passage-embrace-of-ember-lake-ce\/\" \/>\n<meta property=\"og:site_name\" content=\"IPlay\" \/>\n<meta property=\"og:image\" content=\"https:\/\/www.iplay.com\/wp-content\/uploads\/2023\/12\/large_square_tile_image-2451.jpg\" \/>\n\t<meta property=\"og:image:width\" content=\"310\" \/>\n\t<meta property=\"og:image:height\" content=\"310\" \/>\n\t<meta property=\"og:image:type\" content=\"image\/jpeg\" \/>\n<meta name=\"twitter:card\" content=\"summary_large_image\" \/>\n<meta name=\"twitter:label1\" content=\"Est. reading time\" \/>\n\t<meta name=\"twitter:data1\" content=\"1 minuto\" \/>\n<script type=\"application\/ld+json\" class=\"yoast-schema-graph\">{\"@context\":\"https:\/\/schema.org\",\"@graph\":[{\"@type\":\"WebPage\",\"@id\":\"https:\/\/www.iplay.com\/it\/games\/rite-of-passage-embrace-of-ember-lake-ce\/\",\"url\":\"https:\/\/www.iplay.com\/it\/games\/rite-of-passage-embrace-of-ember-lake-ce\/\",\"name\":\"Rito di passaggio: Abbraccio di Ember Lake CE - Il dono della figlia attira attenzioni indesiderate\",\"isPartOf\":{\"@id\":\"https:\/\/www.iplay.com\/en\/#website\"},\"primaryImageOfPage\":{\"@id\":\"https:\/\/www.iplay.com\/it\/games\/rite-of-passage-embrace-of-ember-lake-ce\/#primaryimage\"},\"image\":{\"@id\":\"https:\/\/www.iplay.com\/it\/games\/rite-of-passage-embrace-of-ember-lake-ce\/#primaryimage\"},\"thumbnailUrl\":\"https:\/\/www.iplay.com\/wp-content\/uploads\/2023\/12\/large_square_tile_image-2451.jpg\",\"datePublished\":\"2021-08-21T00:00:00+00:00\",\"description\":\"Il regalo che tua figlia sta facendo in Rite of Passage - Embrace of Ember Lake CE attira attenzioni sgradite.\",\"breadcrumb\":{\"@id\":\"https:\/\/www.iplay.com\/it\/games\/rite-of-passage-embrace-of-ember-lake-ce\/#breadcrumb\"},\"inLanguage\":\"it-IT\",\"potentialAction\":[{\"@type\":\"ReadAction\",\"target\":[\"https:\/\/www.iplay.com\/it\/games\/rite-of-passage-embrace-of-ember-lake-ce\/\"]}]},{\"@type\":\"ImageObject\",\"inLanguage\":\"it-IT\",\"@id\":\"https:\/\/www.iplay.com\/it\/games\/rite-of-passage-embrace-of-ember-lake-ce\/#primaryimage\",\"url\":\"https:\/\/www.iplay.com\/wp-content\/uploads\/2023\/12\/large_square_tile_image-2451.jpg\",\"contentUrl\":\"https:\/\/www.iplay.com\/wp-content\/uploads\/2023\/12\/large_square_tile_image-2451.jpg\",\"width\":310,\"height\":310},{\"@type\":\"BreadcrumbList\",\"@id\":\"https:\/\/www.iplay.com\/it\/games\/rite-of-passage-embrace-of-ember-lake-ce\/#breadcrumb\",\"itemListElement\":[{\"@type\":\"ListItem\",\"position\":1,\"name\":\"Home\",\"item\":\"https:\/\/www.iplay.com\/it\/home-page-2\/\"},{\"@type\":\"ListItem\",\"position\":2,\"name\":\"Shop\",\"item\":\"https:\/\/www.iplay.com\/en\/shop\/\"},{\"@type\":\"ListItem\",\"position\":3,\"name\":\"Rite of Passage: Embrace of Ember Lake CE\"}]},{\"@type\":\"WebSite\",\"@id\":\"https:\/\/www.iplay.com\/en\/#website\",\"url\":\"https:\/\/www.iplay.com\/en\/\",\"name\":\"IPlay\",\"description\":\"The Best Casual Games!\",\"publisher\":{\"@id\":\"https:\/\/www.iplay.com\/en\/#organization\"},\"potentialAction\":[{\"@type\":\"SearchAction\",\"target\":{\"@type\":\"EntryPoint\",\"urlTemplate\":\"https:\/\/www.iplay.com\/en\/?s={search_term_string}\"},\"query-input\":{\"@type\":\"PropertyValueSpecification\",\"valueRequired\":true,\"valueName\":\"search_term_string\"}}],\"inLanguage\":\"it-IT\"},{\"@type\":\"Organization\",\"@id\":\"https:\/\/www.iplay.com\/en\/#organization\",\"name\":\"IPlay\",\"url\":\"https:\/\/www.iplay.com\/en\/\",\"logo\":{\"@type\":\"ImageObject\",\"inLanguage\":\"it-IT\",\"@id\":\"https:\/\/www.iplay.com\/en\/#\/schema\/logo\/image\/\",\"url\":\"https:\/\/www.iplay.com\/wp-content\/uploads\/2023\/11\/Group-6100.svg\",\"contentUrl\":\"https:\/\/www.iplay.com\/wp-content\/uploads\/2023\/11\/Group-6100.svg\",\"width\":98,\"height\":25,\"caption\":\"IPlay\"},\"image\":{\"@id\":\"https:\/\/www.iplay.com\/en\/#\/schema\/logo\/image\/\"}}]}<\/script>\n<!-- \/ Yoast SEO Premium plugin. -->","yoast_head_json":{"title":"Rito di passaggio: Abbraccio di Ember Lake CE - Il dono della figlia attira attenzioni indesiderate","description":"Il regalo che tua figlia sta facendo in Rite of Passage - Embrace of Ember Lake CE attira attenzioni sgradite.","robots":{"index":"index","follow":"follow","max-snippet":"max-snippet:-1","max-image-preview":"max-image-preview:large","max-video-preview":"max-video-preview:-1"},"canonical":"https:\/\/www.iplay.com\/it\/games\/rite-of-passage-embrace-of-ember-lake-ce\/","og_locale":"it_IT","og_type":"article","og_title":"Rite of Passage: Embrace of Ember Lake CE","og_description":"Il regalo che tua figlia sta facendo in Rite of Passage - Embrace of Ember Lake CE attira attenzioni sgradite.","og_url":"https:\/\/www.iplay.com\/it\/games\/rite-of-passage-embrace-of-ember-lake-ce\/","og_site_name":"IPlay","og_image":[{"width":310,"height":310,"url":"https:\/\/www.iplay.com\/wp-content\/uploads\/2023\/12\/large_square_tile_image-2451.jpg","type":"image\/jpeg"}],"twitter_card":"summary_large_image","twitter_misc":{"Est. reading time":"1 minuto"},"schema":{"@context":"https:\/\/schema.org","@graph":[{"@type":"WebPage","@id":"https:\/\/www.iplay.com\/it\/games\/rite-of-passage-embrace-of-ember-lake-ce\/","url":"https:\/\/www.iplay.com\/it\/games\/rite-of-passage-embrace-of-ember-lake-ce\/","name":"Rito di passaggio: Abbraccio di Ember Lake CE - Il dono della figlia attira attenzioni indesiderate","isPartOf":{"@id":"https:\/\/www.iplay.com\/en\/#website"},"primaryImageOfPage":{"@id":"https:\/\/www.iplay.com\/it\/games\/rite-of-passage-embrace-of-ember-lake-ce\/#primaryimage"},"image":{"@id":"https:\/\/www.iplay.com\/it\/games\/rite-of-passage-embrace-of-ember-lake-ce\/#primaryimage"},"thumbnailUrl":"https:\/\/www.iplay.com\/wp-content\/uploads\/2023\/12\/large_square_tile_image-2451.jpg","datePublished":"2021-08-21T00:00:00+00:00","description":"Il regalo che tua figlia sta facendo in Rite of Passage - Embrace of Ember Lake CE attira attenzioni sgradite.","breadcrumb":{"@id":"https:\/\/www.iplay.com\/it\/games\/rite-of-passage-embrace-of-ember-lake-ce\/#breadcrumb"},"inLanguage":"it-IT","potentialAction":[{"@type":"ReadAction","target":["https:\/\/www.iplay.com\/it\/games\/rite-of-passage-embrace-of-ember-lake-ce\/"]}]},{"@type":"ImageObject","inLanguage":"it-IT","@id":"https:\/\/www.iplay.com\/it\/games\/rite-of-passage-embrace-of-ember-lake-ce\/#primaryimage","url":"https:\/\/www.iplay.com\/wp-content\/uploads\/2023\/12\/large_square_tile_image-2451.jpg","contentUrl":"https:\/\/www.iplay.com\/wp-content\/uploads\/2023\/12\/large_square_tile_image-2451.jpg","width":310,"height":310},{"@type":"BreadcrumbList","@id":"https:\/\/www.iplay.com\/it\/games\/rite-of-passage-embrace-of-ember-lake-ce\/#breadcrumb","itemListElement":[{"@type":"ListItem","position":1,"name":"Home","item":"https:\/\/www.iplay.com\/it\/home-page-2\/"},{"@type":"ListItem","position":2,"name":"Shop","item":"https:\/\/www.iplay.com\/en\/shop\/"},{"@type":"ListItem","position":3,"name":"Rite of Passage: Embrace of Ember Lake CE"}]},{"@type":"WebSite","@id":"https:\/\/www.iplay.com\/en\/#website","url":"https:\/\/www.iplay.com\/en\/","name":"IPlay","description":"The Best Casual Games!","publisher":{"@id":"https:\/\/www.iplay.com\/en\/#organization"},"potentialAction":[{"@type":"SearchAction","target":{"@type":"EntryPoint","urlTemplate":"https:\/\/www.iplay.com\/en\/?s={search_term_string}"},"query-input":{"@type":"PropertyValueSpecification","valueRequired":true,"valueName":"search_term_string"}}],"inLanguage":"it-IT"},{"@type":"Organization","@id":"https:\/\/www.iplay.com\/en\/#organization","name":"IPlay","url":"https:\/\/www.iplay.com\/en\/","logo":{"@type":"ImageObject","inLanguage":"it-IT","@id":"https:\/\/www.iplay.com\/en\/#\/schema\/logo\/image\/","url":"https:\/\/www.iplay.com\/wp-content\/uploads\/2023\/11\/Group-6100.svg","contentUrl":"https:\/\/www.iplay.com\/wp-content\/uploads\/2023\/11\/Group-6100.svg","width":98,"height":25,"caption":"IPlay"},"image":{"@id":"https:\/\/www.iplay.com\/en\/#\/schema\/logo\/image\/"}}]}},"_links":{"self":[{"href":"https:\/\/www.iplay.com\/it\/wp-json\/wp\/v2\/product\/134765","targetHints":{"allow":["GET"]}}],"collection":[{"href":"https:\/\/www.iplay.com\/it\/wp-json\/wp\/v2\/product"}],"about":[{"href":"https:\/\/www.iplay.com\/it\/wp-json\/wp\/v2\/types\/product"}],"author":[{"embeddable":true,"href":"https:\/\/www.iplay.com\/it\/wp-json\/wp\/v2\/users\/17"}],"replies":[{"embeddable":true,"href":"https:\/\/www.iplay.com\/it\/wp-json\/wp\/v2\/comments?post=134765"}],"wp:featuredmedia":[{"embeddable":true,"href":"https:\/\/www.iplay.com\/it\/wp-json\/wp\/v2\/media\/79210"}],"wp:attachment":[{"href":"https:\/\/www.iplay.com\/it\/wp-json\/wp\/v2\/media?parent=134765"}],"wp:term":[{"taxonomy":"product_brand","embeddable":true,"href":"https:\/\/www.iplay.com\/it\/wp-json\/wp\/v2\/product_brand?post=134765"},{"taxonomy":"product_cat","embeddable":true,"href":"https:\/\/www.iplay.com\/it\/wp-json\/wp\/v2\/product_cat?post=134765"},{"taxonomy":"product_tag","embeddable":true,"href":"https:\/\/www.iplay.com\/it\/wp-json\/wp\/v2\/product_tag?post=134765"}],"curies":[{"name":"wp","href":"https:\/\/api.w.org\/{rel}","templated":true}]}}