{"id":134617,"date":"2022-01-21T00:00:00","date_gmt":"2022-01-21T00:00:00","guid":{"rendered":"https:\/\/www.iplay.com\/games\/mystical-riddles-snowy-peak-hotel-collectors-edition\/"},"modified":"2022-01-21T00:00:00","modified_gmt":"2022-01-21T00:00:00","slug":"mystical-riddles-snowy-peak-hotel-collectors-edition","status":"publish","type":"product","link":"https:\/\/www.iplay.com\/it\/games\/mystical-riddles-snowy-peak-hotel-collectors-edition\/","title":{"rendered":"Mystical Riddles: Snowy Peak Hotel &#8211; Collector&#8217;s Edition"},"content":{"rendered":"<p>Pensi che ci sia un aldil\u00e0? Se \u00e8 cos\u00ec, preparati per un&#8217;emozionante indagine paranormale. In caso contrario, sii pronto a cambiare la tua opinione! Devi indagare sulla misteriosa scomparsa del tuo amico mentre indaghi sui racconti inquietanti dello Snowy Peak Hotel. Purtroppo, la proprietaria dell&#8217;hotel si prender\u00e0 il suo tempo per rivelare i fatti perch\u00e9 ha una reputazione da mantenere! Che ne \u00e8 allora del tuo amico? Le voci sono davvero vere? Qual \u00e8 il segreto meglio custodito dell&#8217;hotel? Preparati per un caso che passer\u00e0 alla storia in questo terrificante gioco di avventura con puzzle a oggetti nascosti!        <\/p>\n<p>&nbsp;<\/p>\n<p>&nbsp;<\/p>\n<p><strong>Tratti somatici:<\/strong><\/p>\n<p>&nbsp;<\/p>\n<p>&#8211; Esamina le azioni discutibili di Giovanni e Ricardo nel gioco bonus!<\/p>\n<p>&#8211; Gioca attraverso ogni scena e raccogli i cartelli delle porte e le forniture dell&#8217;hotel!<\/p>\n<p>&#8211; Approfitta di concept art, sfondi e colonne sonore esclusivi!<\/p>\n<p>&#8211; Usa la guida strategica per non perderti mai!<\/p>\n","protected":false},"excerpt":{"rendered":"<p>Prova Mystical Riddles: Snowy Peak &#8211; Collector&#8217;s Edition per un&#8217;esperienza inquietante nuova di zecca.<\/p>\n","protected":false},"author":52,"featured_media":78058,"comment_status":"open","ping_status":"closed","template":"","meta":{"_acf_changed":false,"inline_featured_image":false},"product_brand":[],"product_cat":[163],"product_tag":[290],"class_list":{"0":"post-134617","1":"product","2":"type-product","3":"status-publish","4":"has-post-thumbnail","6":"product_cat-hidden-object-it","7":"product_tag-play-on-pc-it","9":"first","10":"instock","11":"shipping-taxable","12":"purchasable","13":"product-type-simple"},"acf":[],"yoast_head":"<!-- This site is optimized with the Yoast SEO Premium plugin v25.2 (Yoast SEO v25.2) - https:\/\/yoast.com\/wordpress\/plugins\/seo\/ -->\n<title>Mystical Riddles: Snowy Peak Hotel - Edizione Speciale - Mystical Riddles: Snowy Peak - Edizione Speciale<\/title>\n<meta name=\"description\" content=\"Prova Mystical Riddles: Snowy Peak - Collector&#039;s Edition per un&#039;esperienza inquietante nuova di zecca.\" \/>\n<meta name=\"robots\" content=\"index, follow, max-snippet:-1, max-image-preview:large, max-video-preview:-1\" \/>\n<link rel=\"canonical\" href=\"https:\/\/www.iplay.com\/it\/games\/mystical-riddles-snowy-peak-hotel-collectors-edition\/\" \/>\n<meta property=\"og:locale\" content=\"it_IT\" \/>\n<meta property=\"og:type\" content=\"article\" \/>\n<meta property=\"og:title\" content=\"Mystical Riddles: Snowy Peak Hotel - Collector&#039;s Edition\" \/>\n<meta property=\"og:description\" content=\"Prova Mystical Riddles: Snowy Peak - Collector&#039;s Edition per un&#039;esperienza inquietante nuova di zecca.\" \/>\n<meta property=\"og:url\" content=\"https:\/\/www.iplay.com\/it\/games\/mystical-riddles-snowy-peak-hotel-collectors-edition\/\" \/>\n<meta property=\"og:site_name\" content=\"IPlay\" \/>\n<meta property=\"og:image\" content=\"https:\/\/www.iplay.com\/wp-content\/uploads\/2023\/12\/large_square_tile_image-2377.jpg\" \/>\n\t<meta property=\"og:image:width\" content=\"310\" \/>\n\t<meta property=\"og:image:height\" content=\"310\" \/>\n\t<meta property=\"og:image:type\" content=\"image\/jpeg\" \/>\n<meta name=\"twitter:card\" content=\"summary_large_image\" \/>\n<meta name=\"twitter:label1\" content=\"Est. reading time\" \/>\n\t<meta name=\"twitter:data1\" content=\"1 minuto\" \/>\n<script type=\"application\/ld+json\" class=\"yoast-schema-graph\">{\"@context\":\"https:\/\/schema.org\",\"@graph\":[{\"@type\":\"WebPage\",\"@id\":\"https:\/\/www.iplay.com\/it\/games\/mystical-riddles-snowy-peak-hotel-collectors-edition\/\",\"url\":\"https:\/\/www.iplay.com\/it\/games\/mystical-riddles-snowy-peak-hotel-collectors-edition\/\",\"name\":\"Mystical Riddles: Snowy Peak Hotel - Edizione Speciale - Mystical Riddles: Snowy Peak - Edizione Speciale\",\"isPartOf\":{\"@id\":\"https:\/\/www.iplay.com\/en\/#website\"},\"primaryImageOfPage\":{\"@id\":\"https:\/\/www.iplay.com\/it\/games\/mystical-riddles-snowy-peak-hotel-collectors-edition\/#primaryimage\"},\"image\":{\"@id\":\"https:\/\/www.iplay.com\/it\/games\/mystical-riddles-snowy-peak-hotel-collectors-edition\/#primaryimage\"},\"thumbnailUrl\":\"https:\/\/www.iplay.com\/wp-content\/uploads\/2023\/12\/large_square_tile_image-2377.jpg\",\"datePublished\":\"2022-01-21T00:00:00+00:00\",\"description\":\"Prova Mystical Riddles: Snowy Peak - Collector's Edition per un'esperienza inquietante nuova di zecca.\",\"breadcrumb\":{\"@id\":\"https:\/\/www.iplay.com\/it\/games\/mystical-riddles-snowy-peak-hotel-collectors-edition\/#breadcrumb\"},\"inLanguage\":\"it-IT\",\"potentialAction\":[{\"@type\":\"ReadAction\",\"target\":[\"https:\/\/www.iplay.com\/it\/games\/mystical-riddles-snowy-peak-hotel-collectors-edition\/\"]}]},{\"@type\":\"ImageObject\",\"inLanguage\":\"it-IT\",\"@id\":\"https:\/\/www.iplay.com\/it\/games\/mystical-riddles-snowy-peak-hotel-collectors-edition\/#primaryimage\",\"url\":\"https:\/\/www.iplay.com\/wp-content\/uploads\/2023\/12\/large_square_tile_image-2377.jpg\",\"contentUrl\":\"https:\/\/www.iplay.com\/wp-content\/uploads\/2023\/12\/large_square_tile_image-2377.jpg\",\"width\":310,\"height\":310},{\"@type\":\"BreadcrumbList\",\"@id\":\"https:\/\/www.iplay.com\/it\/games\/mystical-riddles-snowy-peak-hotel-collectors-edition\/#breadcrumb\",\"itemListElement\":[{\"@type\":\"ListItem\",\"position\":1,\"name\":\"Home\",\"item\":\"https:\/\/www.iplay.com\/it\/home-page-2\/\"},{\"@type\":\"ListItem\",\"position\":2,\"name\":\"Shop\",\"item\":\"https:\/\/www.iplay.com\/en\/shop\/\"},{\"@type\":\"ListItem\",\"position\":3,\"name\":\"Mystical Riddles: Snowy Peak Hotel &#8211; Collector&#8217;s Edition\"}]},{\"@type\":\"WebSite\",\"@id\":\"https:\/\/www.iplay.com\/en\/#website\",\"url\":\"https:\/\/www.iplay.com\/en\/\",\"name\":\"IPlay\",\"description\":\"The Best Casual Games!\",\"publisher\":{\"@id\":\"https:\/\/www.iplay.com\/en\/#organization\"},\"potentialAction\":[{\"@type\":\"SearchAction\",\"target\":{\"@type\":\"EntryPoint\",\"urlTemplate\":\"https:\/\/www.iplay.com\/en\/?s={search_term_string}\"},\"query-input\":{\"@type\":\"PropertyValueSpecification\",\"valueRequired\":true,\"valueName\":\"search_term_string\"}}],\"inLanguage\":\"it-IT\"},{\"@type\":\"Organization\",\"@id\":\"https:\/\/www.iplay.com\/en\/#organization\",\"name\":\"IPlay\",\"url\":\"https:\/\/www.iplay.com\/en\/\",\"logo\":{\"@type\":\"ImageObject\",\"inLanguage\":\"it-IT\",\"@id\":\"https:\/\/www.iplay.com\/en\/#\/schema\/logo\/image\/\",\"url\":\"https:\/\/www.iplay.com\/wp-content\/uploads\/2023\/11\/Group-6100.svg\",\"contentUrl\":\"https:\/\/www.iplay.com\/wp-content\/uploads\/2023\/11\/Group-6100.svg\",\"width\":98,\"height\":25,\"caption\":\"IPlay\"},\"image\":{\"@id\":\"https:\/\/www.iplay.com\/en\/#\/schema\/logo\/image\/\"}}]}<\/script>\n<!-- \/ Yoast SEO Premium plugin. -->","yoast_head_json":{"title":"Mystical Riddles: Snowy Peak Hotel - Edizione Speciale - Mystical Riddles: Snowy Peak - Edizione Speciale","description":"Prova Mystical Riddles: Snowy Peak - Collector's Edition per un'esperienza inquietante nuova di zecca.","robots":{"index":"index","follow":"follow","max-snippet":"max-snippet:-1","max-image-preview":"max-image-preview:large","max-video-preview":"max-video-preview:-1"},"canonical":"https:\/\/www.iplay.com\/it\/games\/mystical-riddles-snowy-peak-hotel-collectors-edition\/","og_locale":"it_IT","og_type":"article","og_title":"Mystical Riddles: Snowy Peak Hotel - Collector's Edition","og_description":"Prova Mystical Riddles: Snowy Peak - Collector's Edition per un'esperienza inquietante nuova di zecca.","og_url":"https:\/\/www.iplay.com\/it\/games\/mystical-riddles-snowy-peak-hotel-collectors-edition\/","og_site_name":"IPlay","og_image":[{"width":310,"height":310,"url":"https:\/\/www.iplay.com\/wp-content\/uploads\/2023\/12\/large_square_tile_image-2377.jpg","type":"image\/jpeg"}],"twitter_card":"summary_large_image","twitter_misc":{"Est. reading time":"1 minuto"},"schema":{"@context":"https:\/\/schema.org","@graph":[{"@type":"WebPage","@id":"https:\/\/www.iplay.com\/it\/games\/mystical-riddles-snowy-peak-hotel-collectors-edition\/","url":"https:\/\/www.iplay.com\/it\/games\/mystical-riddles-snowy-peak-hotel-collectors-edition\/","name":"Mystical Riddles: Snowy Peak Hotel - Edizione Speciale - Mystical Riddles: Snowy Peak - Edizione Speciale","isPartOf":{"@id":"https:\/\/www.iplay.com\/en\/#website"},"primaryImageOfPage":{"@id":"https:\/\/www.iplay.com\/it\/games\/mystical-riddles-snowy-peak-hotel-collectors-edition\/#primaryimage"},"image":{"@id":"https:\/\/www.iplay.com\/it\/games\/mystical-riddles-snowy-peak-hotel-collectors-edition\/#primaryimage"},"thumbnailUrl":"https:\/\/www.iplay.com\/wp-content\/uploads\/2023\/12\/large_square_tile_image-2377.jpg","datePublished":"2022-01-21T00:00:00+00:00","description":"Prova Mystical Riddles: Snowy Peak - Collector's Edition per un'esperienza inquietante nuova di zecca.","breadcrumb":{"@id":"https:\/\/www.iplay.com\/it\/games\/mystical-riddles-snowy-peak-hotel-collectors-edition\/#breadcrumb"},"inLanguage":"it-IT","potentialAction":[{"@type":"ReadAction","target":["https:\/\/www.iplay.com\/it\/games\/mystical-riddles-snowy-peak-hotel-collectors-edition\/"]}]},{"@type":"ImageObject","inLanguage":"it-IT","@id":"https:\/\/www.iplay.com\/it\/games\/mystical-riddles-snowy-peak-hotel-collectors-edition\/#primaryimage","url":"https:\/\/www.iplay.com\/wp-content\/uploads\/2023\/12\/large_square_tile_image-2377.jpg","contentUrl":"https:\/\/www.iplay.com\/wp-content\/uploads\/2023\/12\/large_square_tile_image-2377.jpg","width":310,"height":310},{"@type":"BreadcrumbList","@id":"https:\/\/www.iplay.com\/it\/games\/mystical-riddles-snowy-peak-hotel-collectors-edition\/#breadcrumb","itemListElement":[{"@type":"ListItem","position":1,"name":"Home","item":"https:\/\/www.iplay.com\/it\/home-page-2\/"},{"@type":"ListItem","position":2,"name":"Shop","item":"https:\/\/www.iplay.com\/en\/shop\/"},{"@type":"ListItem","position":3,"name":"Mystical Riddles: Snowy Peak Hotel &#8211; Collector&#8217;s Edition"}]},{"@type":"WebSite","@id":"https:\/\/www.iplay.com\/en\/#website","url":"https:\/\/www.iplay.com\/en\/","name":"IPlay","description":"The Best Casual Games!","publisher":{"@id":"https:\/\/www.iplay.com\/en\/#organization"},"potentialAction":[{"@type":"SearchAction","target":{"@type":"EntryPoint","urlTemplate":"https:\/\/www.iplay.com\/en\/?s={search_term_string}"},"query-input":{"@type":"PropertyValueSpecification","valueRequired":true,"valueName":"search_term_string"}}],"inLanguage":"it-IT"},{"@type":"Organization","@id":"https:\/\/www.iplay.com\/en\/#organization","name":"IPlay","url":"https:\/\/www.iplay.com\/en\/","logo":{"@type":"ImageObject","inLanguage":"it-IT","@id":"https:\/\/www.iplay.com\/en\/#\/schema\/logo\/image\/","url":"https:\/\/www.iplay.com\/wp-content\/uploads\/2023\/11\/Group-6100.svg","contentUrl":"https:\/\/www.iplay.com\/wp-content\/uploads\/2023\/11\/Group-6100.svg","width":98,"height":25,"caption":"IPlay"},"image":{"@id":"https:\/\/www.iplay.com\/en\/#\/schema\/logo\/image\/"}}]}},"_links":{"self":[{"href":"https:\/\/www.iplay.com\/it\/wp-json\/wp\/v2\/product\/134617","targetHints":{"allow":["GET"]}}],"collection":[{"href":"https:\/\/www.iplay.com\/it\/wp-json\/wp\/v2\/product"}],"about":[{"href":"https:\/\/www.iplay.com\/it\/wp-json\/wp\/v2\/types\/product"}],"author":[{"embeddable":true,"href":"https:\/\/www.iplay.com\/it\/wp-json\/wp\/v2\/users\/52"}],"replies":[{"embeddable":true,"href":"https:\/\/www.iplay.com\/it\/wp-json\/wp\/v2\/comments?post=134617"}],"wp:featuredmedia":[{"embeddable":true,"href":"https:\/\/www.iplay.com\/it\/wp-json\/wp\/v2\/media\/78058"}],"wp:attachment":[{"href":"https:\/\/www.iplay.com\/it\/wp-json\/wp\/v2\/media?parent=134617"}],"wp:term":[{"taxonomy":"product_brand","embeddable":true,"href":"https:\/\/www.iplay.com\/it\/wp-json\/wp\/v2\/product_brand?post=134617"},{"taxonomy":"product_cat","embeddable":true,"href":"https:\/\/www.iplay.com\/it\/wp-json\/wp\/v2\/product_cat?post=134617"},{"taxonomy":"product_tag","embeddable":true,"href":"https:\/\/www.iplay.com\/it\/wp-json\/wp\/v2\/product_tag?post=134617"}],"curies":[{"name":"wp","href":"https:\/\/api.w.org\/{rel}","templated":true}]}}