{"id":134562,"date":"2022-05-01T00:00:00","date_gmt":"2022-05-01T00:00:00","guid":{"rendered":"https:\/\/www.iplay.com\/games\/magic-city-detective-wings-of-revenge-collectors-edition\/"},"modified":"2022-05-01T00:00:00","modified_gmt":"2022-05-01T00:00:00","slug":"magic-city-detective-wings-of-revenge-collectors-edition","status":"publish","type":"product","link":"https:\/\/www.iplay.com\/it\/games\/magic-city-detective-wings-of-revenge-collectors-edition\/","title":{"rendered":"Magic City Detective: Wings of Revenge Collector&#8217;s Edition"},"content":{"rendered":"<p>Il primo libro di una nuovissima serie di fantasy magico contemporaneo \u00e8 Magic City Detective: Wings of Revenge &#8211; Collector&#8217;s Edition! C&#8217;\u00e8 di pi\u00f9 nella tua amica Ymir e in questa mascherata di quanto sembri, anche se Ymir ti ha invitato all&#8217;annuale mascherata di Venezia. Dal momento che Ymir \u00e8 un&#8217;elfa, questo \u00e8 l&#8217;unico periodo dell&#8217;anno in cui lei e i suoi amici possono viaggiare tra le persone senza rivelare l&#8217;esistenza del regno nascosto degli esseri magici! Purtroppo, c&#8217;\u00e8 qualcuno che \u00e8 determinato a rovinare la festa raccontando a tutti gli altri il suo segreto! Prima che il mondo lo scopra, risolvi il caso mettendoti nei panni di un detective soprannaturale. Il regno magico dipende da te in questo nuovo entusiasmante viaggio.     <\/p>\n<p>&nbsp;<\/p>\n<p>&nbsp;<\/p>\n<p><strong>Tratti somatici:<\/strong><\/p>\n<p>&nbsp;<\/p>\n<p>&#8211; Devi impedire a umani e tritoni di scontrarsi nel capitolo bonus!<\/p>\n<p>&#8211; Ci sono ancora tonnellate di oggetti da collezione e oggetti in movimento da trovare!<\/p>\n<p>&#8211; Dai un&#8217;occhiata ai nostri bozzetti per vedere come \u00e8 stato creato il gioco!<\/p>\n<p>&#8211; I file musicali e di sfondo che puoi scaricare ti portano in un posto meraviglioso!<\/p>\n","protected":false},"excerpt":{"rendered":"<p>Assapora il primo capitolo di una nuova serie di libri fantasy magici!<\/p>\n","protected":false},"author":52,"featured_media":77258,"comment_status":"open","ping_status":"closed","template":"","meta":{"_acf_changed":false,"inline_featured_image":false},"product_brand":[],"product_cat":[163],"product_tag":[290],"class_list":{"0":"post-134562","1":"product","2":"type-product","3":"status-publish","4":"has-post-thumbnail","6":"product_cat-hidden-object-it","7":"product_tag-play-on-pc-it","9":"first","10":"instock","11":"shipping-taxable","12":"purchasable","13":"product-type-simple"},"acf":[],"yoast_head":"<!-- This site is optimized with the Yoast SEO Premium plugin v25.2 (Yoast SEO v25.2) - https:\/\/yoast.com\/wordpress\/plugins\/seo\/ -->\n<title>Magic City Detective: Wings of Revenge Collector&#039;s Edition - Goditi il primo capitolo di una nuova fantasia magica<\/title>\n<meta name=\"description\" content=\"Assapora il primo capitolo di una nuova serie di libri fantasy magici!\" \/>\n<meta name=\"robots\" content=\"index, follow, max-snippet:-1, max-image-preview:large, max-video-preview:-1\" \/>\n<link rel=\"canonical\" href=\"https:\/\/www.iplay.com\/it\/games\/magic-city-detective-wings-of-revenge-collectors-edition\/\" \/>\n<meta property=\"og:locale\" content=\"it_IT\" \/>\n<meta property=\"og:type\" content=\"article\" \/>\n<meta property=\"og:title\" content=\"Magic City Detective: Wings of Revenge Collector&#039;s Edition\" \/>\n<meta property=\"og:description\" content=\"Assapora il primo capitolo di una nuova serie di libri fantasy magici!\" \/>\n<meta property=\"og:url\" content=\"https:\/\/www.iplay.com\/it\/games\/magic-city-detective-wings-of-revenge-collectors-edition\/\" \/>\n<meta property=\"og:site_name\" content=\"IPlay\" \/>\n<meta property=\"og:image\" content=\"https:\/\/www.iplay.com\/wp-content\/uploads\/2023\/12\/large_square_tile_image-2326.jpg\" \/>\n\t<meta property=\"og:image:width\" content=\"310\" \/>\n\t<meta property=\"og:image:height\" content=\"310\" \/>\n\t<meta property=\"og:image:type\" content=\"image\/jpeg\" \/>\n<meta name=\"twitter:card\" content=\"summary_large_image\" \/>\n<meta name=\"twitter:label1\" content=\"Est. reading time\" \/>\n\t<meta name=\"twitter:data1\" content=\"1 minuto\" \/>\n<script type=\"application\/ld+json\" class=\"yoast-schema-graph\">{\"@context\":\"https:\/\/schema.org\",\"@graph\":[{\"@type\":\"WebPage\",\"@id\":\"https:\/\/www.iplay.com\/it\/games\/magic-city-detective-wings-of-revenge-collectors-edition\/\",\"url\":\"https:\/\/www.iplay.com\/it\/games\/magic-city-detective-wings-of-revenge-collectors-edition\/\",\"name\":\"Magic City Detective: Wings of Revenge Collector's Edition - Goditi il primo capitolo di una nuova fantasia magica\",\"isPartOf\":{\"@id\":\"https:\/\/www.iplay.com\/en\/#website\"},\"primaryImageOfPage\":{\"@id\":\"https:\/\/www.iplay.com\/it\/games\/magic-city-detective-wings-of-revenge-collectors-edition\/#primaryimage\"},\"image\":{\"@id\":\"https:\/\/www.iplay.com\/it\/games\/magic-city-detective-wings-of-revenge-collectors-edition\/#primaryimage\"},\"thumbnailUrl\":\"https:\/\/www.iplay.com\/wp-content\/uploads\/2023\/12\/large_square_tile_image-2326.jpg\",\"datePublished\":\"2022-05-01T00:00:00+00:00\",\"description\":\"Assapora il primo capitolo di una nuova serie di libri fantasy magici!\",\"breadcrumb\":{\"@id\":\"https:\/\/www.iplay.com\/it\/games\/magic-city-detective-wings-of-revenge-collectors-edition\/#breadcrumb\"},\"inLanguage\":\"it-IT\",\"potentialAction\":[{\"@type\":\"ReadAction\",\"target\":[\"https:\/\/www.iplay.com\/it\/games\/magic-city-detective-wings-of-revenge-collectors-edition\/\"]}]},{\"@type\":\"ImageObject\",\"inLanguage\":\"it-IT\",\"@id\":\"https:\/\/www.iplay.com\/it\/games\/magic-city-detective-wings-of-revenge-collectors-edition\/#primaryimage\",\"url\":\"https:\/\/www.iplay.com\/wp-content\/uploads\/2023\/12\/large_square_tile_image-2326.jpg\",\"contentUrl\":\"https:\/\/www.iplay.com\/wp-content\/uploads\/2023\/12\/large_square_tile_image-2326.jpg\",\"width\":310,\"height\":310},{\"@type\":\"BreadcrumbList\",\"@id\":\"https:\/\/www.iplay.com\/it\/games\/magic-city-detective-wings-of-revenge-collectors-edition\/#breadcrumb\",\"itemListElement\":[{\"@type\":\"ListItem\",\"position\":1,\"name\":\"Home\",\"item\":\"https:\/\/www.iplay.com\/it\/home-page-2\/\"},{\"@type\":\"ListItem\",\"position\":2,\"name\":\"Shop\",\"item\":\"https:\/\/www.iplay.com\/en\/shop\/\"},{\"@type\":\"ListItem\",\"position\":3,\"name\":\"Magic City Detective: Wings of Revenge Collector&#8217;s Edition\"}]},{\"@type\":\"WebSite\",\"@id\":\"https:\/\/www.iplay.com\/en\/#website\",\"url\":\"https:\/\/www.iplay.com\/en\/\",\"name\":\"IPlay\",\"description\":\"The Best Casual Games!\",\"publisher\":{\"@id\":\"https:\/\/www.iplay.com\/en\/#organization\"},\"potentialAction\":[{\"@type\":\"SearchAction\",\"target\":{\"@type\":\"EntryPoint\",\"urlTemplate\":\"https:\/\/www.iplay.com\/en\/?s={search_term_string}\"},\"query-input\":{\"@type\":\"PropertyValueSpecification\",\"valueRequired\":true,\"valueName\":\"search_term_string\"}}],\"inLanguage\":\"it-IT\"},{\"@type\":\"Organization\",\"@id\":\"https:\/\/www.iplay.com\/en\/#organization\",\"name\":\"IPlay\",\"url\":\"https:\/\/www.iplay.com\/en\/\",\"logo\":{\"@type\":\"ImageObject\",\"inLanguage\":\"it-IT\",\"@id\":\"https:\/\/www.iplay.com\/en\/#\/schema\/logo\/image\/\",\"url\":\"https:\/\/www.iplay.com\/wp-content\/uploads\/2023\/11\/Group-6100.svg\",\"contentUrl\":\"https:\/\/www.iplay.com\/wp-content\/uploads\/2023\/11\/Group-6100.svg\",\"width\":98,\"height\":25,\"caption\":\"IPlay\"},\"image\":{\"@id\":\"https:\/\/www.iplay.com\/en\/#\/schema\/logo\/image\/\"}}]}<\/script>\n<!-- \/ Yoast SEO Premium plugin. -->","yoast_head_json":{"title":"Magic City Detective: Wings of Revenge Collector's Edition - Goditi il primo capitolo di una nuova fantasia magica","description":"Assapora il primo capitolo di una nuova serie di libri fantasy magici!","robots":{"index":"index","follow":"follow","max-snippet":"max-snippet:-1","max-image-preview":"max-image-preview:large","max-video-preview":"max-video-preview:-1"},"canonical":"https:\/\/www.iplay.com\/it\/games\/magic-city-detective-wings-of-revenge-collectors-edition\/","og_locale":"it_IT","og_type":"article","og_title":"Magic City Detective: Wings of Revenge Collector's Edition","og_description":"Assapora il primo capitolo di una nuova serie di libri fantasy magici!","og_url":"https:\/\/www.iplay.com\/it\/games\/magic-city-detective-wings-of-revenge-collectors-edition\/","og_site_name":"IPlay","og_image":[{"width":310,"height":310,"url":"https:\/\/www.iplay.com\/wp-content\/uploads\/2023\/12\/large_square_tile_image-2326.jpg","type":"image\/jpeg"}],"twitter_card":"summary_large_image","twitter_misc":{"Est. reading time":"1 minuto"},"schema":{"@context":"https:\/\/schema.org","@graph":[{"@type":"WebPage","@id":"https:\/\/www.iplay.com\/it\/games\/magic-city-detective-wings-of-revenge-collectors-edition\/","url":"https:\/\/www.iplay.com\/it\/games\/magic-city-detective-wings-of-revenge-collectors-edition\/","name":"Magic City Detective: Wings of Revenge Collector's Edition - Goditi il primo capitolo di una nuova fantasia magica","isPartOf":{"@id":"https:\/\/www.iplay.com\/en\/#website"},"primaryImageOfPage":{"@id":"https:\/\/www.iplay.com\/it\/games\/magic-city-detective-wings-of-revenge-collectors-edition\/#primaryimage"},"image":{"@id":"https:\/\/www.iplay.com\/it\/games\/magic-city-detective-wings-of-revenge-collectors-edition\/#primaryimage"},"thumbnailUrl":"https:\/\/www.iplay.com\/wp-content\/uploads\/2023\/12\/large_square_tile_image-2326.jpg","datePublished":"2022-05-01T00:00:00+00:00","description":"Assapora il primo capitolo di una nuova serie di libri fantasy magici!","breadcrumb":{"@id":"https:\/\/www.iplay.com\/it\/games\/magic-city-detective-wings-of-revenge-collectors-edition\/#breadcrumb"},"inLanguage":"it-IT","potentialAction":[{"@type":"ReadAction","target":["https:\/\/www.iplay.com\/it\/games\/magic-city-detective-wings-of-revenge-collectors-edition\/"]}]},{"@type":"ImageObject","inLanguage":"it-IT","@id":"https:\/\/www.iplay.com\/it\/games\/magic-city-detective-wings-of-revenge-collectors-edition\/#primaryimage","url":"https:\/\/www.iplay.com\/wp-content\/uploads\/2023\/12\/large_square_tile_image-2326.jpg","contentUrl":"https:\/\/www.iplay.com\/wp-content\/uploads\/2023\/12\/large_square_tile_image-2326.jpg","width":310,"height":310},{"@type":"BreadcrumbList","@id":"https:\/\/www.iplay.com\/it\/games\/magic-city-detective-wings-of-revenge-collectors-edition\/#breadcrumb","itemListElement":[{"@type":"ListItem","position":1,"name":"Home","item":"https:\/\/www.iplay.com\/it\/home-page-2\/"},{"@type":"ListItem","position":2,"name":"Shop","item":"https:\/\/www.iplay.com\/en\/shop\/"},{"@type":"ListItem","position":3,"name":"Magic City Detective: Wings of Revenge Collector&#8217;s Edition"}]},{"@type":"WebSite","@id":"https:\/\/www.iplay.com\/en\/#website","url":"https:\/\/www.iplay.com\/en\/","name":"IPlay","description":"The Best Casual Games!","publisher":{"@id":"https:\/\/www.iplay.com\/en\/#organization"},"potentialAction":[{"@type":"SearchAction","target":{"@type":"EntryPoint","urlTemplate":"https:\/\/www.iplay.com\/en\/?s={search_term_string}"},"query-input":{"@type":"PropertyValueSpecification","valueRequired":true,"valueName":"search_term_string"}}],"inLanguage":"it-IT"},{"@type":"Organization","@id":"https:\/\/www.iplay.com\/en\/#organization","name":"IPlay","url":"https:\/\/www.iplay.com\/en\/","logo":{"@type":"ImageObject","inLanguage":"it-IT","@id":"https:\/\/www.iplay.com\/en\/#\/schema\/logo\/image\/","url":"https:\/\/www.iplay.com\/wp-content\/uploads\/2023\/11\/Group-6100.svg","contentUrl":"https:\/\/www.iplay.com\/wp-content\/uploads\/2023\/11\/Group-6100.svg","width":98,"height":25,"caption":"IPlay"},"image":{"@id":"https:\/\/www.iplay.com\/en\/#\/schema\/logo\/image\/"}}]}},"_links":{"self":[{"href":"https:\/\/www.iplay.com\/it\/wp-json\/wp\/v2\/product\/134562","targetHints":{"allow":["GET"]}}],"collection":[{"href":"https:\/\/www.iplay.com\/it\/wp-json\/wp\/v2\/product"}],"about":[{"href":"https:\/\/www.iplay.com\/it\/wp-json\/wp\/v2\/types\/product"}],"author":[{"embeddable":true,"href":"https:\/\/www.iplay.com\/it\/wp-json\/wp\/v2\/users\/52"}],"replies":[{"embeddable":true,"href":"https:\/\/www.iplay.com\/it\/wp-json\/wp\/v2\/comments?post=134562"}],"wp:featuredmedia":[{"embeddable":true,"href":"https:\/\/www.iplay.com\/it\/wp-json\/wp\/v2\/media\/77258"}],"wp:attachment":[{"href":"https:\/\/www.iplay.com\/it\/wp-json\/wp\/v2\/media?parent=134562"}],"wp:term":[{"taxonomy":"product_brand","embeddable":true,"href":"https:\/\/www.iplay.com\/it\/wp-json\/wp\/v2\/product_brand?post=134562"},{"taxonomy":"product_cat","embeddable":true,"href":"https:\/\/www.iplay.com\/it\/wp-json\/wp\/v2\/product_cat?post=134562"},{"taxonomy":"product_tag","embeddable":true,"href":"https:\/\/www.iplay.com\/it\/wp-json\/wp\/v2\/product_tag?post=134562"}],"curies":[{"name":"wp","href":"https:\/\/api.w.org\/{rel}","templated":true}]}}