{"id":133945,"date":"2022-07-12T00:00:01","date_gmt":"2022-07-12T00:00:01","guid":{"rendered":"https:\/\/www.iplay.com\/games\/dr-cares-amys-pet-clinic-platinum-edition\/"},"modified":"2022-07-12T00:00:01","modified_gmt":"2022-07-12T00:00:01","slug":"dr-cares-amys-pet-clinic-platinum-edition","status":"publish","type":"product","link":"https:\/\/www.iplay.com\/it\/games\/dr-cares-amys-pet-clinic-platinum-edition\/","title":{"rendered":"Dr. Cares &#8211; Amy&#8217;s Pet Clinic Platinum Edition"},"content":{"rendered":"<p>Nel nostro nuovissimo gioco di gestione del tempo, Dr. Cares &#8211; Amy&#8217;s Pet Clinic, metti alla prova le tue conoscenze veterinarie! Nella seconda puntata di Dr. Cares &#8211; Amy&#8217;s Pet Clinic, Amy ha assunto il controllo della clinica veterinaria di suo nonno. Amy impara presto che gestire la propria clinica \u00e8 pi\u00f9 difficile di quanto avesse previsto, per\u00f2, poich\u00e9 suo nonno ha lasciato alcune grandi scarpe da riempire. Avr\u00e0 bisogno di assistenza se spera di salvare le creature, ed \u00e8 qui che entri in gioco TU!   <\/p>\n<p>&nbsp;<\/p>\n<p>&nbsp;<\/p>\n<p><strong>Tratti somatici:<\/strong><\/p>\n<p>&nbsp;<\/p>\n<p>&#8211; Diagnostica e cura gli animali in 19 emozionanti minigiochi<br \/>\n&#8211; Muoviti attraverso 60 livelli della storia e 30 livelli di sfida ricchi di divertimento<br \/>\n nella gestione del tempo- Guadagna tutti i 20 trofei e rendi indimenticabile<br \/>\n la festa di pensionamento di Arthur- Raccogli diamanti per salvare adorabili cuccioli e gattini e prenditi cura di loro nel tuo rifugio<br \/>\n per animali- Affronta le sfide quotidiane per guadagnare diamanti extra per personalizzare il tuo rifugio<br \/>\n&#8211; Rivivi l&#8217;infanzia di Amy<\/p>\n","protected":false},"excerpt":{"rendered":"<p>Avanti, metti alla prova le tue conoscenze veterinarie con Dr. Cares &#8211; Amy&#8217;s Pet Clinic Platinum Edition!<\/p>\n","protected":false},"author":4,"featured_media":76570,"comment_status":"open","ping_status":"closed","template":"","meta":{"_acf_changed":false,"inline_featured_image":false},"product_brand":[],"product_cat":[214],"product_tag":[290],"class_list":{"0":"post-133945","1":"product","2":"type-product","3":"status-publish","4":"has-post-thumbnail","6":"product_cat-time-management-it","7":"product_tag-play-on-pc-it","9":"first","10":"instock","11":"shipping-taxable","12":"purchasable","13":"product-type-simple"},"acf":[],"yoast_head":"<!-- This site is optimized with the Yoast SEO Premium plugin v25.2 (Yoast SEO v25.2) - https:\/\/yoast.com\/wordpress\/plugins\/seo\/ -->\n<title>Dr. Cares - Amy&#039;s Pet Clinic Platinum Edition - Metti alla prova le tue abilit\u00e0 veterinarie in questa sfida imminente<\/title>\n<meta name=\"description\" content=\"Avanti, metti alla prova le tue conoscenze veterinarie con Dr. Cares - Amy&#039;s Pet Clinic Platinum Edition!\" \/>\n<meta name=\"robots\" content=\"index, follow, max-snippet:-1, max-image-preview:large, max-video-preview:-1\" \/>\n<link rel=\"canonical\" href=\"https:\/\/www.iplay.com\/it\/games\/dr-cares-amys-pet-clinic-platinum-edition\/\" \/>\n<meta property=\"og:locale\" content=\"it_IT\" \/>\n<meta property=\"og:type\" content=\"article\" \/>\n<meta property=\"og:title\" content=\"Dr. Cares - Amy&#039;s Pet Clinic Platinum Edition\" \/>\n<meta property=\"og:description\" content=\"Avanti, metti alla prova le tue conoscenze veterinarie con Dr. Cares - Amy&#039;s Pet Clinic Platinum Edition!\" \/>\n<meta property=\"og:url\" content=\"https:\/\/www.iplay.com\/it\/games\/dr-cares-amys-pet-clinic-platinum-edition\/\" \/>\n<meta property=\"og:site_name\" content=\"IPlay\" \/>\n<meta property=\"og:image\" content=\"https:\/\/www.iplay.com\/wp-content\/uploads\/2023\/12\/large_square_tile_image-2283.jpg\" \/>\n\t<meta property=\"og:image:width\" content=\"310\" \/>\n\t<meta property=\"og:image:height\" content=\"310\" \/>\n\t<meta property=\"og:image:type\" content=\"image\/jpeg\" \/>\n<meta name=\"twitter:card\" content=\"summary_large_image\" \/>\n<meta name=\"twitter:label1\" content=\"Est. reading time\" \/>\n\t<meta name=\"twitter:data1\" content=\"1 minuto\" \/>\n<script type=\"application\/ld+json\" class=\"yoast-schema-graph\">{\"@context\":\"https:\/\/schema.org\",\"@graph\":[{\"@type\":\"WebPage\",\"@id\":\"https:\/\/www.iplay.com\/it\/games\/dr-cares-amys-pet-clinic-platinum-edition\/\",\"url\":\"https:\/\/www.iplay.com\/it\/games\/dr-cares-amys-pet-clinic-platinum-edition\/\",\"name\":\"Dr. Cares - Amy's Pet Clinic Platinum Edition - Metti alla prova le tue abilit\u00e0 veterinarie in questa sfida imminente\",\"isPartOf\":{\"@id\":\"https:\/\/www.iplay.com\/en\/#website\"},\"primaryImageOfPage\":{\"@id\":\"https:\/\/www.iplay.com\/it\/games\/dr-cares-amys-pet-clinic-platinum-edition\/#primaryimage\"},\"image\":{\"@id\":\"https:\/\/www.iplay.com\/it\/games\/dr-cares-amys-pet-clinic-platinum-edition\/#primaryimage\"},\"thumbnailUrl\":\"https:\/\/www.iplay.com\/wp-content\/uploads\/2023\/12\/large_square_tile_image-2283.jpg\",\"datePublished\":\"2022-07-12T00:00:01+00:00\",\"description\":\"Avanti, metti alla prova le tue conoscenze veterinarie con Dr. Cares - Amy's Pet Clinic Platinum Edition!\",\"breadcrumb\":{\"@id\":\"https:\/\/www.iplay.com\/it\/games\/dr-cares-amys-pet-clinic-platinum-edition\/#breadcrumb\"},\"inLanguage\":\"it-IT\",\"potentialAction\":[{\"@type\":\"ReadAction\",\"target\":[\"https:\/\/www.iplay.com\/it\/games\/dr-cares-amys-pet-clinic-platinum-edition\/\"]}]},{\"@type\":\"ImageObject\",\"inLanguage\":\"it-IT\",\"@id\":\"https:\/\/www.iplay.com\/it\/games\/dr-cares-amys-pet-clinic-platinum-edition\/#primaryimage\",\"url\":\"https:\/\/www.iplay.com\/wp-content\/uploads\/2023\/12\/large_square_tile_image-2283.jpg\",\"contentUrl\":\"https:\/\/www.iplay.com\/wp-content\/uploads\/2023\/12\/large_square_tile_image-2283.jpg\",\"width\":310,\"height\":310},{\"@type\":\"BreadcrumbList\",\"@id\":\"https:\/\/www.iplay.com\/it\/games\/dr-cares-amys-pet-clinic-platinum-edition\/#breadcrumb\",\"itemListElement\":[{\"@type\":\"ListItem\",\"position\":1,\"name\":\"Home\",\"item\":\"https:\/\/www.iplay.com\/it\/home-page-2\/\"},{\"@type\":\"ListItem\",\"position\":2,\"name\":\"Shop\",\"item\":\"https:\/\/www.iplay.com\/en\/shop\/\"},{\"@type\":\"ListItem\",\"position\":3,\"name\":\"Dr. Cares &#8211; Amy&#8217;s Pet Clinic Platinum Edition\"}]},{\"@type\":\"WebSite\",\"@id\":\"https:\/\/www.iplay.com\/en\/#website\",\"url\":\"https:\/\/www.iplay.com\/en\/\",\"name\":\"IPlay\",\"description\":\"The Best Casual Games!\",\"publisher\":{\"@id\":\"https:\/\/www.iplay.com\/en\/#organization\"},\"potentialAction\":[{\"@type\":\"SearchAction\",\"target\":{\"@type\":\"EntryPoint\",\"urlTemplate\":\"https:\/\/www.iplay.com\/en\/?s={search_term_string}\"},\"query-input\":{\"@type\":\"PropertyValueSpecification\",\"valueRequired\":true,\"valueName\":\"search_term_string\"}}],\"inLanguage\":\"it-IT\"},{\"@type\":\"Organization\",\"@id\":\"https:\/\/www.iplay.com\/en\/#organization\",\"name\":\"IPlay\",\"url\":\"https:\/\/www.iplay.com\/en\/\",\"logo\":{\"@type\":\"ImageObject\",\"inLanguage\":\"it-IT\",\"@id\":\"https:\/\/www.iplay.com\/en\/#\/schema\/logo\/image\/\",\"url\":\"https:\/\/www.iplay.com\/wp-content\/uploads\/2023\/11\/Group-6100.svg\",\"contentUrl\":\"https:\/\/www.iplay.com\/wp-content\/uploads\/2023\/11\/Group-6100.svg\",\"width\":98,\"height\":25,\"caption\":\"IPlay\"},\"image\":{\"@id\":\"https:\/\/www.iplay.com\/en\/#\/schema\/logo\/image\/\"}}]}<\/script>\n<!-- \/ Yoast SEO Premium plugin. -->","yoast_head_json":{"title":"Dr. Cares - Amy's Pet Clinic Platinum Edition - Metti alla prova le tue abilit\u00e0 veterinarie in questa sfida imminente","description":"Avanti, metti alla prova le tue conoscenze veterinarie con Dr. Cares - Amy's Pet Clinic Platinum Edition!","robots":{"index":"index","follow":"follow","max-snippet":"max-snippet:-1","max-image-preview":"max-image-preview:large","max-video-preview":"max-video-preview:-1"},"canonical":"https:\/\/www.iplay.com\/it\/games\/dr-cares-amys-pet-clinic-platinum-edition\/","og_locale":"it_IT","og_type":"article","og_title":"Dr. Cares - Amy's Pet Clinic Platinum Edition","og_description":"Avanti, metti alla prova le tue conoscenze veterinarie con Dr. Cares - Amy's Pet Clinic Platinum Edition!","og_url":"https:\/\/www.iplay.com\/it\/games\/dr-cares-amys-pet-clinic-platinum-edition\/","og_site_name":"IPlay","og_image":[{"width":310,"height":310,"url":"https:\/\/www.iplay.com\/wp-content\/uploads\/2023\/12\/large_square_tile_image-2283.jpg","type":"image\/jpeg"}],"twitter_card":"summary_large_image","twitter_misc":{"Est. reading time":"1 minuto"},"schema":{"@context":"https:\/\/schema.org","@graph":[{"@type":"WebPage","@id":"https:\/\/www.iplay.com\/it\/games\/dr-cares-amys-pet-clinic-platinum-edition\/","url":"https:\/\/www.iplay.com\/it\/games\/dr-cares-amys-pet-clinic-platinum-edition\/","name":"Dr. Cares - Amy's Pet Clinic Platinum Edition - Metti alla prova le tue abilit\u00e0 veterinarie in questa sfida imminente","isPartOf":{"@id":"https:\/\/www.iplay.com\/en\/#website"},"primaryImageOfPage":{"@id":"https:\/\/www.iplay.com\/it\/games\/dr-cares-amys-pet-clinic-platinum-edition\/#primaryimage"},"image":{"@id":"https:\/\/www.iplay.com\/it\/games\/dr-cares-amys-pet-clinic-platinum-edition\/#primaryimage"},"thumbnailUrl":"https:\/\/www.iplay.com\/wp-content\/uploads\/2023\/12\/large_square_tile_image-2283.jpg","datePublished":"2022-07-12T00:00:01+00:00","description":"Avanti, metti alla prova le tue conoscenze veterinarie con Dr. Cares - Amy's Pet Clinic Platinum Edition!","breadcrumb":{"@id":"https:\/\/www.iplay.com\/it\/games\/dr-cares-amys-pet-clinic-platinum-edition\/#breadcrumb"},"inLanguage":"it-IT","potentialAction":[{"@type":"ReadAction","target":["https:\/\/www.iplay.com\/it\/games\/dr-cares-amys-pet-clinic-platinum-edition\/"]}]},{"@type":"ImageObject","inLanguage":"it-IT","@id":"https:\/\/www.iplay.com\/it\/games\/dr-cares-amys-pet-clinic-platinum-edition\/#primaryimage","url":"https:\/\/www.iplay.com\/wp-content\/uploads\/2023\/12\/large_square_tile_image-2283.jpg","contentUrl":"https:\/\/www.iplay.com\/wp-content\/uploads\/2023\/12\/large_square_tile_image-2283.jpg","width":310,"height":310},{"@type":"BreadcrumbList","@id":"https:\/\/www.iplay.com\/it\/games\/dr-cares-amys-pet-clinic-platinum-edition\/#breadcrumb","itemListElement":[{"@type":"ListItem","position":1,"name":"Home","item":"https:\/\/www.iplay.com\/it\/home-page-2\/"},{"@type":"ListItem","position":2,"name":"Shop","item":"https:\/\/www.iplay.com\/en\/shop\/"},{"@type":"ListItem","position":3,"name":"Dr. Cares &#8211; Amy&#8217;s Pet Clinic Platinum Edition"}]},{"@type":"WebSite","@id":"https:\/\/www.iplay.com\/en\/#website","url":"https:\/\/www.iplay.com\/en\/","name":"IPlay","description":"The Best Casual Games!","publisher":{"@id":"https:\/\/www.iplay.com\/en\/#organization"},"potentialAction":[{"@type":"SearchAction","target":{"@type":"EntryPoint","urlTemplate":"https:\/\/www.iplay.com\/en\/?s={search_term_string}"},"query-input":{"@type":"PropertyValueSpecification","valueRequired":true,"valueName":"search_term_string"}}],"inLanguage":"it-IT"},{"@type":"Organization","@id":"https:\/\/www.iplay.com\/en\/#organization","name":"IPlay","url":"https:\/\/www.iplay.com\/en\/","logo":{"@type":"ImageObject","inLanguage":"it-IT","@id":"https:\/\/www.iplay.com\/en\/#\/schema\/logo\/image\/","url":"https:\/\/www.iplay.com\/wp-content\/uploads\/2023\/11\/Group-6100.svg","contentUrl":"https:\/\/www.iplay.com\/wp-content\/uploads\/2023\/11\/Group-6100.svg","width":98,"height":25,"caption":"IPlay"},"image":{"@id":"https:\/\/www.iplay.com\/en\/#\/schema\/logo\/image\/"}}]}},"_links":{"self":[{"href":"https:\/\/www.iplay.com\/it\/wp-json\/wp\/v2\/product\/133945","targetHints":{"allow":["GET"]}}],"collection":[{"href":"https:\/\/www.iplay.com\/it\/wp-json\/wp\/v2\/product"}],"about":[{"href":"https:\/\/www.iplay.com\/it\/wp-json\/wp\/v2\/types\/product"}],"author":[{"embeddable":true,"href":"https:\/\/www.iplay.com\/it\/wp-json\/wp\/v2\/users\/4"}],"replies":[{"embeddable":true,"href":"https:\/\/www.iplay.com\/it\/wp-json\/wp\/v2\/comments?post=133945"}],"wp:featuredmedia":[{"embeddable":true,"href":"https:\/\/www.iplay.com\/it\/wp-json\/wp\/v2\/media\/76570"}],"wp:attachment":[{"href":"https:\/\/www.iplay.com\/it\/wp-json\/wp\/v2\/media?parent=133945"}],"wp:term":[{"taxonomy":"product_brand","embeddable":true,"href":"https:\/\/www.iplay.com\/it\/wp-json\/wp\/v2\/product_brand?post=133945"},{"taxonomy":"product_cat","embeddable":true,"href":"https:\/\/www.iplay.com\/it\/wp-json\/wp\/v2\/product_cat?post=133945"},{"taxonomy":"product_tag","embeddable":true,"href":"https:\/\/www.iplay.com\/it\/wp-json\/wp\/v2\/product_tag?post=133945"}],"curies":[{"name":"wp","href":"https:\/\/api.w.org\/{rel}","templated":true}]}}