{"id":133726,"date":"2022-09-28T00:00:00","date_gmt":"2022-09-28T00:00:00","guid":{"rendered":"https:\/\/www.iplay.com\/games\/jake-everest-wakanga-the-unseen-civilization\/"},"modified":"2022-09-28T00:00:00","modified_gmt":"2022-09-28T00:00:00","slug":"jake-everest-wakanga-the-unseen-civilization","status":"publish","type":"product","link":"https:\/\/www.iplay.com\/it\/games\/jake-everest-wakanga-the-unseen-civilization\/","title":{"rendered":"Jake Everest: Wakanga The Unseen Civilization"},"content":{"rendered":"<p>Mentre perseguiva la sua passione per la ricerca di antichit\u00e0 rubate dal mercato nero e la loro restituzione ai legittimi proprietari, Jake Everest si rese presto conto che la vita aveva per lui piani pi\u00f9 affascinanti dell&#8217;archeologia. Ora ha una grande reputazione a causa delle sue azioni, e la gente viene da ogni parte per chiedere aiuto. La richiesta pi\u00f9 recente \u00e8 stata fatta da una societ\u00e0 di mining che si trovava ad affrontare un ostacolo non comune. Il loro lavoro \u00e8 ostacolato da un insolito aereo che si \u00e8 schiantato vicino alla loro miniera. Si reca a Papua per indagare sul piano e scoprire quali nuove esperienze sono in serbo per lui.    <\/p>\n<p>&nbsp;<\/p>\n<p>&nbsp;<\/p>\n<p><strong>Tratti somatici:<\/strong><\/p>\n<p>&nbsp;<\/p>\n<p>&#8211; Parti per un viaggio con Jake per scoprire i segreti<br \/>\n&#8211; Impara i segreti mentre una cospirazione si sviluppa sullo sfondo<br \/>\n&#8211; Trova antichi manufatti e un villaggio<br \/>\n nascosto- Sblocca 20 potenziamenti per seguire ogni passo che Jake compie in 5 capitoli<br \/>\n&#8211; Mettiti alla prova con impegnativi puzzle match-3 per scoprire le risorse necessarie per sbloccare ogni nuovo aggiornamento<\/p>\n","protected":false},"excerpt":{"rendered":"<p>Intraprendi un viaggio nuovo e letale con Jake! Pieno di impegnativi problemi match-3!<\/p>\n","protected":false},"author":42,"featured_media":75905,"comment_status":"open","ping_status":"closed","template":"","meta":{"_acf_changed":false,"inline_featured_image":false},"product_brand":[],"product_cat":[191],"product_tag":[],"class_list":{"0":"post-133726","1":"product","2":"type-product","3":"status-publish","4":"has-post-thumbnail","6":"product_cat-puzzle-it","8":"first","9":"instock","10":"shipping-taxable","11":"purchasable","12":"product-type-simple"},"acf":[],"yoast_head":"<!-- This site is optimized with the Yoast SEO Premium plugin v25.2 (Yoast SEO v25.2) - https:\/\/yoast.com\/wordpress\/plugins\/seo\/ -->\n<title>Jake Everest: Wakanga The Unseen Civilization - Avventura mortale con Jake, emozionanti enigmi match-3 ti aspettano<\/title>\n<meta name=\"description\" content=\"Intraprendi un viaggio nuovo e letale con Jake! Pieno di impegnativi problemi match-3!\" \/>\n<meta name=\"robots\" content=\"index, follow, max-snippet:-1, max-image-preview:large, max-video-preview:-1\" \/>\n<link rel=\"canonical\" href=\"https:\/\/www.iplay.com\/it\/games\/jake-everest-wakanga-the-unseen-civilization\/\" \/>\n<meta property=\"og:locale\" content=\"it_IT\" \/>\n<meta property=\"og:type\" content=\"article\" \/>\n<meta property=\"og:title\" content=\"Jake Everest: Wakanga The Unseen Civilization\" \/>\n<meta property=\"og:description\" content=\"Intraprendi un viaggio nuovo e letale con Jake! Pieno di impegnativi problemi match-3!\" \/>\n<meta property=\"og:url\" content=\"https:\/\/www.iplay.com\/it\/games\/jake-everest-wakanga-the-unseen-civilization\/\" \/>\n<meta property=\"og:site_name\" content=\"IPlay\" \/>\n<meta property=\"og:image\" content=\"https:\/\/www.iplay.com\/wp-content\/uploads\/2023\/12\/large_square_tile_image-2239.jpg\" \/>\n\t<meta property=\"og:image:width\" content=\"310\" \/>\n\t<meta property=\"og:image:height\" content=\"310\" \/>\n\t<meta property=\"og:image:type\" content=\"image\/jpeg\" \/>\n<meta name=\"twitter:card\" content=\"summary_large_image\" \/>\n<meta name=\"twitter:label1\" content=\"Est. reading time\" \/>\n\t<meta name=\"twitter:data1\" content=\"1 minuto\" \/>\n<script type=\"application\/ld+json\" class=\"yoast-schema-graph\">{\"@context\":\"https:\/\/schema.org\",\"@graph\":[{\"@type\":\"WebPage\",\"@id\":\"https:\/\/www.iplay.com\/it\/games\/jake-everest-wakanga-the-unseen-civilization\/\",\"url\":\"https:\/\/www.iplay.com\/it\/games\/jake-everest-wakanga-the-unseen-civilization\/\",\"name\":\"Jake Everest: Wakanga The Unseen Civilization - Avventura mortale con Jake, emozionanti enigmi match-3 ti aspettano\",\"isPartOf\":{\"@id\":\"https:\/\/www.iplay.com\/en\/#website\"},\"primaryImageOfPage\":{\"@id\":\"https:\/\/www.iplay.com\/it\/games\/jake-everest-wakanga-the-unseen-civilization\/#primaryimage\"},\"image\":{\"@id\":\"https:\/\/www.iplay.com\/it\/games\/jake-everest-wakanga-the-unseen-civilization\/#primaryimage\"},\"thumbnailUrl\":\"https:\/\/www.iplay.com\/wp-content\/uploads\/2023\/12\/large_square_tile_image-2239.jpg\",\"datePublished\":\"2022-09-28T00:00:00+00:00\",\"description\":\"Intraprendi un viaggio nuovo e letale con Jake! Pieno di impegnativi problemi match-3!\",\"breadcrumb\":{\"@id\":\"https:\/\/www.iplay.com\/it\/games\/jake-everest-wakanga-the-unseen-civilization\/#breadcrumb\"},\"inLanguage\":\"it-IT\",\"potentialAction\":[{\"@type\":\"ReadAction\",\"target\":[\"https:\/\/www.iplay.com\/it\/games\/jake-everest-wakanga-the-unseen-civilization\/\"]}]},{\"@type\":\"ImageObject\",\"inLanguage\":\"it-IT\",\"@id\":\"https:\/\/www.iplay.com\/it\/games\/jake-everest-wakanga-the-unseen-civilization\/#primaryimage\",\"url\":\"https:\/\/www.iplay.com\/wp-content\/uploads\/2023\/12\/large_square_tile_image-2239.jpg\",\"contentUrl\":\"https:\/\/www.iplay.com\/wp-content\/uploads\/2023\/12\/large_square_tile_image-2239.jpg\",\"width\":310,\"height\":310},{\"@type\":\"BreadcrumbList\",\"@id\":\"https:\/\/www.iplay.com\/it\/games\/jake-everest-wakanga-the-unseen-civilization\/#breadcrumb\",\"itemListElement\":[{\"@type\":\"ListItem\",\"position\":1,\"name\":\"Home\",\"item\":\"https:\/\/www.iplay.com\/it\/home-page-2\/\"},{\"@type\":\"ListItem\",\"position\":2,\"name\":\"Shop\",\"item\":\"https:\/\/www.iplay.com\/en\/shop\/\"},{\"@type\":\"ListItem\",\"position\":3,\"name\":\"Jake Everest: Wakanga The Unseen Civilization\"}]},{\"@type\":\"WebSite\",\"@id\":\"https:\/\/www.iplay.com\/en\/#website\",\"url\":\"https:\/\/www.iplay.com\/en\/\",\"name\":\"IPlay\",\"description\":\"The Best Casual Games!\",\"publisher\":{\"@id\":\"https:\/\/www.iplay.com\/en\/#organization\"},\"potentialAction\":[{\"@type\":\"SearchAction\",\"target\":{\"@type\":\"EntryPoint\",\"urlTemplate\":\"https:\/\/www.iplay.com\/en\/?s={search_term_string}\"},\"query-input\":{\"@type\":\"PropertyValueSpecification\",\"valueRequired\":true,\"valueName\":\"search_term_string\"}}],\"inLanguage\":\"it-IT\"},{\"@type\":\"Organization\",\"@id\":\"https:\/\/www.iplay.com\/en\/#organization\",\"name\":\"IPlay\",\"url\":\"https:\/\/www.iplay.com\/en\/\",\"logo\":{\"@type\":\"ImageObject\",\"inLanguage\":\"it-IT\",\"@id\":\"https:\/\/www.iplay.com\/en\/#\/schema\/logo\/image\/\",\"url\":\"https:\/\/www.iplay.com\/wp-content\/uploads\/2023\/11\/Group-6100.svg\",\"contentUrl\":\"https:\/\/www.iplay.com\/wp-content\/uploads\/2023\/11\/Group-6100.svg\",\"width\":98,\"height\":25,\"caption\":\"IPlay\"},\"image\":{\"@id\":\"https:\/\/www.iplay.com\/en\/#\/schema\/logo\/image\/\"}}]}<\/script>\n<!-- \/ Yoast SEO Premium plugin. -->","yoast_head_json":{"title":"Jake Everest: Wakanga The Unseen Civilization - Avventura mortale con Jake, emozionanti enigmi match-3 ti aspettano","description":"Intraprendi un viaggio nuovo e letale con Jake! Pieno di impegnativi problemi match-3!","robots":{"index":"index","follow":"follow","max-snippet":"max-snippet:-1","max-image-preview":"max-image-preview:large","max-video-preview":"max-video-preview:-1"},"canonical":"https:\/\/www.iplay.com\/it\/games\/jake-everest-wakanga-the-unseen-civilization\/","og_locale":"it_IT","og_type":"article","og_title":"Jake Everest: Wakanga The Unseen Civilization","og_description":"Intraprendi un viaggio nuovo e letale con Jake! Pieno di impegnativi problemi match-3!","og_url":"https:\/\/www.iplay.com\/it\/games\/jake-everest-wakanga-the-unseen-civilization\/","og_site_name":"IPlay","og_image":[{"width":310,"height":310,"url":"https:\/\/www.iplay.com\/wp-content\/uploads\/2023\/12\/large_square_tile_image-2239.jpg","type":"image\/jpeg"}],"twitter_card":"summary_large_image","twitter_misc":{"Est. reading time":"1 minuto"},"schema":{"@context":"https:\/\/schema.org","@graph":[{"@type":"WebPage","@id":"https:\/\/www.iplay.com\/it\/games\/jake-everest-wakanga-the-unseen-civilization\/","url":"https:\/\/www.iplay.com\/it\/games\/jake-everest-wakanga-the-unseen-civilization\/","name":"Jake Everest: Wakanga The Unseen Civilization - Avventura mortale con Jake, emozionanti enigmi match-3 ti aspettano","isPartOf":{"@id":"https:\/\/www.iplay.com\/en\/#website"},"primaryImageOfPage":{"@id":"https:\/\/www.iplay.com\/it\/games\/jake-everest-wakanga-the-unseen-civilization\/#primaryimage"},"image":{"@id":"https:\/\/www.iplay.com\/it\/games\/jake-everest-wakanga-the-unseen-civilization\/#primaryimage"},"thumbnailUrl":"https:\/\/www.iplay.com\/wp-content\/uploads\/2023\/12\/large_square_tile_image-2239.jpg","datePublished":"2022-09-28T00:00:00+00:00","description":"Intraprendi un viaggio nuovo e letale con Jake! Pieno di impegnativi problemi match-3!","breadcrumb":{"@id":"https:\/\/www.iplay.com\/it\/games\/jake-everest-wakanga-the-unseen-civilization\/#breadcrumb"},"inLanguage":"it-IT","potentialAction":[{"@type":"ReadAction","target":["https:\/\/www.iplay.com\/it\/games\/jake-everest-wakanga-the-unseen-civilization\/"]}]},{"@type":"ImageObject","inLanguage":"it-IT","@id":"https:\/\/www.iplay.com\/it\/games\/jake-everest-wakanga-the-unseen-civilization\/#primaryimage","url":"https:\/\/www.iplay.com\/wp-content\/uploads\/2023\/12\/large_square_tile_image-2239.jpg","contentUrl":"https:\/\/www.iplay.com\/wp-content\/uploads\/2023\/12\/large_square_tile_image-2239.jpg","width":310,"height":310},{"@type":"BreadcrumbList","@id":"https:\/\/www.iplay.com\/it\/games\/jake-everest-wakanga-the-unseen-civilization\/#breadcrumb","itemListElement":[{"@type":"ListItem","position":1,"name":"Home","item":"https:\/\/www.iplay.com\/it\/home-page-2\/"},{"@type":"ListItem","position":2,"name":"Shop","item":"https:\/\/www.iplay.com\/en\/shop\/"},{"@type":"ListItem","position":3,"name":"Jake Everest: Wakanga The Unseen Civilization"}]},{"@type":"WebSite","@id":"https:\/\/www.iplay.com\/en\/#website","url":"https:\/\/www.iplay.com\/en\/","name":"IPlay","description":"The Best Casual Games!","publisher":{"@id":"https:\/\/www.iplay.com\/en\/#organization"},"potentialAction":[{"@type":"SearchAction","target":{"@type":"EntryPoint","urlTemplate":"https:\/\/www.iplay.com\/en\/?s={search_term_string}"},"query-input":{"@type":"PropertyValueSpecification","valueRequired":true,"valueName":"search_term_string"}}],"inLanguage":"it-IT"},{"@type":"Organization","@id":"https:\/\/www.iplay.com\/en\/#organization","name":"IPlay","url":"https:\/\/www.iplay.com\/en\/","logo":{"@type":"ImageObject","inLanguage":"it-IT","@id":"https:\/\/www.iplay.com\/en\/#\/schema\/logo\/image\/","url":"https:\/\/www.iplay.com\/wp-content\/uploads\/2023\/11\/Group-6100.svg","contentUrl":"https:\/\/www.iplay.com\/wp-content\/uploads\/2023\/11\/Group-6100.svg","width":98,"height":25,"caption":"IPlay"},"image":{"@id":"https:\/\/www.iplay.com\/en\/#\/schema\/logo\/image\/"}}]}},"_links":{"self":[{"href":"https:\/\/www.iplay.com\/it\/wp-json\/wp\/v2\/product\/133726","targetHints":{"allow":["GET"]}}],"collection":[{"href":"https:\/\/www.iplay.com\/it\/wp-json\/wp\/v2\/product"}],"about":[{"href":"https:\/\/www.iplay.com\/it\/wp-json\/wp\/v2\/types\/product"}],"author":[{"embeddable":true,"href":"https:\/\/www.iplay.com\/it\/wp-json\/wp\/v2\/users\/42"}],"replies":[{"embeddable":true,"href":"https:\/\/www.iplay.com\/it\/wp-json\/wp\/v2\/comments?post=133726"}],"wp:featuredmedia":[{"embeddable":true,"href":"https:\/\/www.iplay.com\/it\/wp-json\/wp\/v2\/media\/75905"}],"wp:attachment":[{"href":"https:\/\/www.iplay.com\/it\/wp-json\/wp\/v2\/media?parent=133726"}],"wp:term":[{"taxonomy":"product_brand","embeddable":true,"href":"https:\/\/www.iplay.com\/it\/wp-json\/wp\/v2\/product_brand?post=133726"},{"taxonomy":"product_cat","embeddable":true,"href":"https:\/\/www.iplay.com\/it\/wp-json\/wp\/v2\/product_cat?post=133726"},{"taxonomy":"product_tag","embeddable":true,"href":"https:\/\/www.iplay.com\/it\/wp-json\/wp\/v2\/product_tag?post=133726"}],"curies":[{"name":"wp","href":"https:\/\/api.w.org\/{rel}","templated":true}]}}