{"id":132723,"date":"2024-07-01T22:06:28","date_gmt":"2024-07-01T22:06:28","guid":{"rendered":"https:\/\/www.iplay.com\/games\/black-white-ski-challenge\/"},"modified":"2024-07-01T22:06:28","modified_gmt":"2024-07-01T22:06:28","slug":"black-white-ski-challenge","status":"publish","type":"product","link":"https:\/\/www.iplay.com\/it\/games\/black-white-ski-challenge\/","title":{"rendered":"Black &#038; white ski challenge"},"content":{"rendered":"<p>Due amici si imbarcano in un&#8217;avventura sciistica piena di divertimento, ma c&#8217;\u00e8 una svolta: entrambi sono controllati da te!<\/p>\n<p>Questo gioco richiede un&#8217;attenta coordinazione poich\u00e9 i movimenti di entrambi gli sciatori devono essere gestiti contemporaneamente.<\/p>\n<p>La sfida sta nel distinguere tra direzioni semplici come &#8220;sinistra e destra&#8221; e comandi di azione come &#8220;gira a sinistra e gira a destra&#8221;.<\/p>\n<p>Pu\u00f2 sembrare semplice, ma questo gioco metter\u00e0 alla prova le capacit\u00e0 multitasking del tuo cervello.<\/p>\n<p>Riesci a ottenere un punteggio alto mentre gestisci due sciatori contemporaneamente? In alternativa, puoi invitare un amico a condividere il controllo e raddoppiare il divertimento. <\/p>\n<p>Mentre navighi sulle piste, vedi per quanto tempo riesci a mantenere entrambi gli sciatori sincronizzati ed evitare gli ostacoli.<\/p>\n<p>Affronta questa sfida unica a doppio controllo e scopri quanto pu\u00f2 arrivare in alto il tuo punteggio!<\/p>\n","protected":false},"excerpt":{"rendered":"<p>Due amici si imbarcano in una divertente avventura sugli sci<\/p>\n","protected":false},"author":333,"featured_media":0,"comment_status":"open","ping_status":"closed","template":"","meta":{"_acf_changed":false,"inline_featured_image":false},"product_brand":[],"product_cat":[181,195],"product_tag":[283,301,290],"class_list":{"0":"post-132723","1":"product","2":"type-product","3":"status-publish","5":"product_cat-mobile-games-it","6":"product_cat-racing-it","7":"product_tag-play-on-mac-it","8":"product_tag-play-on-mobile-it","9":"product_tag-play-on-pc-it","11":"first","12":"instock","13":"shipping-taxable","14":"purchasable","15":"product-type-html5_game"},"acf":[],"yoast_head":"<!-- This site is optimized with the Yoast SEO Premium plugin v25.2 (Yoast SEO v25.2) - https:\/\/yoast.com\/wordpress\/plugins\/seo\/ -->\n<title>Sfida di sci in bianco e nero - Gioca su IPlay<\/title>\n<meta name=\"description\" content=\"Due amici si imbarcano in una divertente avventura sugli sci\" \/>\n<meta name=\"robots\" content=\"index, follow, max-snippet:-1, max-image-preview:large, max-video-preview:-1\" \/>\n<link rel=\"canonical\" href=\"https:\/\/www.iplay.com\/it\/games\/black-white-ski-challenge\/\" \/>\n<meta property=\"og:locale\" content=\"it_IT\" \/>\n<meta property=\"og:type\" content=\"article\" \/>\n<meta property=\"og:title\" content=\"Black &amp; white ski challenge\" \/>\n<meta property=\"og:description\" content=\"Due amici si imbarcano in una divertente avventura sugli sci\" \/>\n<meta property=\"og:url\" content=\"https:\/\/www.iplay.com\/it\/games\/black-white-ski-challenge\/\" \/>\n<meta property=\"og:site_name\" content=\"IPlay\" \/>\n<meta name=\"twitter:card\" content=\"summary_large_image\" \/>\n<meta name=\"twitter:label1\" content=\"Est. reading time\" \/>\n\t<meta name=\"twitter:data1\" content=\"1 minuto\" \/>\n<script type=\"application\/ld+json\" class=\"yoast-schema-graph\">{\"@context\":\"https:\/\/schema.org\",\"@graph\":[{\"@type\":\"WebPage\",\"@id\":\"https:\/\/www.iplay.com\/it\/games\/black-white-ski-challenge\/\",\"url\":\"https:\/\/www.iplay.com\/it\/games\/black-white-ski-challenge\/\",\"name\":\"Sfida di sci in bianco e nero - Gioca su IPlay\",\"isPartOf\":{\"@id\":\"https:\/\/www.iplay.com\/en\/#website\"},\"datePublished\":\"2024-07-01T22:06:28+00:00\",\"description\":\"Due amici si imbarcano in una divertente avventura sugli sci\",\"breadcrumb\":{\"@id\":\"https:\/\/www.iplay.com\/it\/games\/black-white-ski-challenge\/#breadcrumb\"},\"inLanguage\":\"it-IT\",\"potentialAction\":[{\"@type\":\"ReadAction\",\"target\":[\"https:\/\/www.iplay.com\/it\/games\/black-white-ski-challenge\/\"]}]},{\"@type\":\"BreadcrumbList\",\"@id\":\"https:\/\/www.iplay.com\/it\/games\/black-white-ski-challenge\/#breadcrumb\",\"itemListElement\":[{\"@type\":\"ListItem\",\"position\":1,\"name\":\"Home\",\"item\":\"https:\/\/www.iplay.com\/it\/home-page-2\/\"},{\"@type\":\"ListItem\",\"position\":2,\"name\":\"Shop\",\"item\":\"https:\/\/www.iplay.com\/en\/shop\/\"},{\"@type\":\"ListItem\",\"position\":3,\"name\":\"Black &#038; white ski challenge\"}]},{\"@type\":\"WebSite\",\"@id\":\"https:\/\/www.iplay.com\/en\/#website\",\"url\":\"https:\/\/www.iplay.com\/en\/\",\"name\":\"IPlay\",\"description\":\"The Best Casual Games!\",\"publisher\":{\"@id\":\"https:\/\/www.iplay.com\/en\/#organization\"},\"potentialAction\":[{\"@type\":\"SearchAction\",\"target\":{\"@type\":\"EntryPoint\",\"urlTemplate\":\"https:\/\/www.iplay.com\/en\/?s={search_term_string}\"},\"query-input\":{\"@type\":\"PropertyValueSpecification\",\"valueRequired\":true,\"valueName\":\"search_term_string\"}}],\"inLanguage\":\"it-IT\"},{\"@type\":\"Organization\",\"@id\":\"https:\/\/www.iplay.com\/en\/#organization\",\"name\":\"IPlay\",\"url\":\"https:\/\/www.iplay.com\/en\/\",\"logo\":{\"@type\":\"ImageObject\",\"inLanguage\":\"it-IT\",\"@id\":\"https:\/\/www.iplay.com\/en\/#\/schema\/logo\/image\/\",\"url\":\"https:\/\/www.iplay.com\/wp-content\/uploads\/2023\/11\/Group-6100.svg\",\"contentUrl\":\"https:\/\/www.iplay.com\/wp-content\/uploads\/2023\/11\/Group-6100.svg\",\"width\":98,\"height\":25,\"caption\":\"IPlay\"},\"image\":{\"@id\":\"https:\/\/www.iplay.com\/en\/#\/schema\/logo\/image\/\"}}]}<\/script>\n<!-- \/ Yoast SEO Premium plugin. -->","yoast_head_json":{"title":"Sfida di sci in bianco e nero - Gioca su IPlay","description":"Due amici si imbarcano in una divertente avventura sugli sci","robots":{"index":"index","follow":"follow","max-snippet":"max-snippet:-1","max-image-preview":"max-image-preview:large","max-video-preview":"max-video-preview:-1"},"canonical":"https:\/\/www.iplay.com\/it\/games\/black-white-ski-challenge\/","og_locale":"it_IT","og_type":"article","og_title":"Black & white ski challenge","og_description":"Due amici si imbarcano in una divertente avventura sugli sci","og_url":"https:\/\/www.iplay.com\/it\/games\/black-white-ski-challenge\/","og_site_name":"IPlay","twitter_card":"summary_large_image","twitter_misc":{"Est. reading time":"1 minuto"},"schema":{"@context":"https:\/\/schema.org","@graph":[{"@type":"WebPage","@id":"https:\/\/www.iplay.com\/it\/games\/black-white-ski-challenge\/","url":"https:\/\/www.iplay.com\/it\/games\/black-white-ski-challenge\/","name":"Sfida di sci in bianco e nero - Gioca su IPlay","isPartOf":{"@id":"https:\/\/www.iplay.com\/en\/#website"},"datePublished":"2024-07-01T22:06:28+00:00","description":"Due amici si imbarcano in una divertente avventura sugli sci","breadcrumb":{"@id":"https:\/\/www.iplay.com\/it\/games\/black-white-ski-challenge\/#breadcrumb"},"inLanguage":"it-IT","potentialAction":[{"@type":"ReadAction","target":["https:\/\/www.iplay.com\/it\/games\/black-white-ski-challenge\/"]}]},{"@type":"BreadcrumbList","@id":"https:\/\/www.iplay.com\/it\/games\/black-white-ski-challenge\/#breadcrumb","itemListElement":[{"@type":"ListItem","position":1,"name":"Home","item":"https:\/\/www.iplay.com\/it\/home-page-2\/"},{"@type":"ListItem","position":2,"name":"Shop","item":"https:\/\/www.iplay.com\/en\/shop\/"},{"@type":"ListItem","position":3,"name":"Black &#038; white ski challenge"}]},{"@type":"WebSite","@id":"https:\/\/www.iplay.com\/en\/#website","url":"https:\/\/www.iplay.com\/en\/","name":"IPlay","description":"The Best Casual Games!","publisher":{"@id":"https:\/\/www.iplay.com\/en\/#organization"},"potentialAction":[{"@type":"SearchAction","target":{"@type":"EntryPoint","urlTemplate":"https:\/\/www.iplay.com\/en\/?s={search_term_string}"},"query-input":{"@type":"PropertyValueSpecification","valueRequired":true,"valueName":"search_term_string"}}],"inLanguage":"it-IT"},{"@type":"Organization","@id":"https:\/\/www.iplay.com\/en\/#organization","name":"IPlay","url":"https:\/\/www.iplay.com\/en\/","logo":{"@type":"ImageObject","inLanguage":"it-IT","@id":"https:\/\/www.iplay.com\/en\/#\/schema\/logo\/image\/","url":"https:\/\/www.iplay.com\/wp-content\/uploads\/2023\/11\/Group-6100.svg","contentUrl":"https:\/\/www.iplay.com\/wp-content\/uploads\/2023\/11\/Group-6100.svg","width":98,"height":25,"caption":"IPlay"},"image":{"@id":"https:\/\/www.iplay.com\/en\/#\/schema\/logo\/image\/"}}]}},"_links":{"self":[{"href":"https:\/\/www.iplay.com\/it\/wp-json\/wp\/v2\/product\/132723","targetHints":{"allow":["GET"]}}],"collection":[{"href":"https:\/\/www.iplay.com\/it\/wp-json\/wp\/v2\/product"}],"about":[{"href":"https:\/\/www.iplay.com\/it\/wp-json\/wp\/v2\/types\/product"}],"author":[{"embeddable":true,"href":"https:\/\/www.iplay.com\/it\/wp-json\/wp\/v2\/users\/333"}],"replies":[{"embeddable":true,"href":"https:\/\/www.iplay.com\/it\/wp-json\/wp\/v2\/comments?post=132723"}],"wp:attachment":[{"href":"https:\/\/www.iplay.com\/it\/wp-json\/wp\/v2\/media?parent=132723"}],"wp:term":[{"taxonomy":"product_brand","embeddable":true,"href":"https:\/\/www.iplay.com\/it\/wp-json\/wp\/v2\/product_brand?post=132723"},{"taxonomy":"product_cat","embeddable":true,"href":"https:\/\/www.iplay.com\/it\/wp-json\/wp\/v2\/product_cat?post=132723"},{"taxonomy":"product_tag","embeddable":true,"href":"https:\/\/www.iplay.com\/it\/wp-json\/wp\/v2\/product_tag?post=132723"}],"curies":[{"name":"wp","href":"https:\/\/api.w.org\/{rel}","templated":true}]}}