{"id":131539,"date":"2023-03-10T00:00:01","date_gmt":"2023-03-10T00:00:01","guid":{"rendered":"https:\/\/www.iplay.com\/games\/connected-hearts-the-musketeers-saga-ce\/"},"modified":"2023-03-10T00:00:01","modified_gmt":"2023-03-10T00:00:01","slug":"connected-hearts-the-musketeers-saga-ce","status":"publish","type":"product","link":"https:\/\/www.iplay.com\/it\/games\/connected-hearts-the-musketeers-saga-ce\/","title":{"rendered":"Connected Hearts: The Musketeers Saga CE"},"content":{"rendered":"<p>L&#8217;amore pu\u00f2 farti superare molte cose, anche quando \u00e8 in gioco il destino di un intero regno! Riuscir\u00e0 una coppia di eroi romantici a resistere? Il regno \u00e8 in pericolo! Riuscirai a superare molte sfide per porre fine ai cospiratori rinnegati e aiutare a riavvicinare i cuori spezzati dei due giovani? Mentre sia Arron che Mercedes iniziano a lavorare per sventare i traditori, il cardinale e il conte d&#8217;Monteo, l&#8217;intera portata della loro cospirazione diventa chiara. Avvelenarono il principe, comprarono le guardie e iniziarono a catturare i moschettieri del principe per impedire a Gweneale di essere incoronata. Anche se il mazzo \u00e8 inclinato contro gli amanti coraggiosi, devono essere capaci, giusto? Metti insieme la tua astuzia per un&#8217;incredibile storia d&#8217;amore in questa nuova emozionante avventura rompicapo a oggetti nascosti!       <\/p>\n<p>&nbsp;<\/p>\n<p>&nbsp;<\/p>\n<p><strong>Tratti somatici:<\/strong><\/p>\n<p>&nbsp;<\/p>\n<p>&#8211; Assumi due personaggi distinti! Fingendo a turno di essere gli eroi, puoi scoprire di pi\u00f9 sulle loro personalit\u00e0 e sui tratti caratteriali! <\/p>\n<p>&#8211; Sono disponibili collezioni uniche! Potresti trovare un sacco di oggetti in questa accattivante storia d&#8217;amore mentre giochi! <\/p>\n<p>&#8211; Capitolo bonus: in un capitolo extra, devi impedire che il re incoronato Gweneil venga sostituito da un doppio da un nuovo potente avversario!<\/p>\n","protected":false},"excerpt":{"rendered":"<p>L&#8217;amore pu\u00f2 farti superare molte cose, anche quando \u00e8 in gioco il destino di un intero regno!<\/p>\n","protected":false},"author":52,"featured_media":74103,"comment_status":"open","ping_status":"closed","template":"","meta":{"_acf_changed":false,"inline_featured_image":false},"product_brand":[],"product_cat":[163],"product_tag":[290,353],"class_list":{"0":"post-131539","1":"product","2":"type-product","3":"status-publish","4":"has-post-thumbnail","6":"product_cat-hidden-object-it","7":"product_tag-play-on-pc-it","8":"product_tag-valentines-day-it-2","10":"first","11":"instock","12":"shipping-taxable","13":"purchasable","14":"product-type-simple"},"acf":[],"yoast_head":"<!-- This site is optimized with the Yoast SEO Premium plugin v25.2 (Yoast SEO v25.2) - https:\/\/yoast.com\/wordpress\/plugins\/seo\/ -->\n<title>Connected Hearts: The Musketeers Saga CE - L&#039;amore supera gli ostacoli, anche se \u00e8 in gioco il destino di un regno<\/title>\n<meta name=\"description\" content=\"L&#039;amore pu\u00f2 farti superare molte cose, anche quando \u00e8 in gioco il destino di un intero regno!\" \/>\n<meta name=\"robots\" content=\"index, follow, max-snippet:-1, max-image-preview:large, max-video-preview:-1\" \/>\n<link rel=\"canonical\" href=\"https:\/\/www.iplay.com\/it\/games\/connected-hearts-the-musketeers-saga-ce\/\" \/>\n<meta property=\"og:locale\" content=\"it_IT\" \/>\n<meta property=\"og:type\" content=\"article\" \/>\n<meta property=\"og:title\" content=\"Connected Hearts: The Musketeers Saga CE\" \/>\n<meta property=\"og:description\" content=\"L&#039;amore pu\u00f2 farti superare molte cose, anche quando \u00e8 in gioco il destino di un intero regno!\" \/>\n<meta property=\"og:url\" content=\"https:\/\/www.iplay.com\/it\/games\/connected-hearts-the-musketeers-saga-ce\/\" \/>\n<meta property=\"og:site_name\" content=\"IPlay\" \/>\n<meta property=\"og:image\" content=\"https:\/\/www.iplay.com\/wp-content\/uploads\/2023\/12\/large_square_tile_image-2125.jpg\" \/>\n\t<meta property=\"og:image:width\" content=\"310\" \/>\n\t<meta property=\"og:image:height\" content=\"310\" \/>\n\t<meta property=\"og:image:type\" content=\"image\/jpeg\" \/>\n<meta name=\"twitter:card\" content=\"summary_large_image\" \/>\n<meta name=\"twitter:label1\" content=\"Est. reading time\" \/>\n\t<meta name=\"twitter:data1\" content=\"1 minuto\" \/>\n<script type=\"application\/ld+json\" class=\"yoast-schema-graph\">{\"@context\":\"https:\/\/schema.org\",\"@graph\":[{\"@type\":\"WebPage\",\"@id\":\"https:\/\/www.iplay.com\/it\/games\/connected-hearts-the-musketeers-saga-ce\/\",\"url\":\"https:\/\/www.iplay.com\/it\/games\/connected-hearts-the-musketeers-saga-ce\/\",\"name\":\"Connected Hearts: The Musketeers Saga CE - L'amore supera gli ostacoli, anche se \u00e8 in gioco il destino di un regno\",\"isPartOf\":{\"@id\":\"https:\/\/www.iplay.com\/en\/#website\"},\"primaryImageOfPage\":{\"@id\":\"https:\/\/www.iplay.com\/it\/games\/connected-hearts-the-musketeers-saga-ce\/#primaryimage\"},\"image\":{\"@id\":\"https:\/\/www.iplay.com\/it\/games\/connected-hearts-the-musketeers-saga-ce\/#primaryimage\"},\"thumbnailUrl\":\"https:\/\/www.iplay.com\/wp-content\/uploads\/2023\/12\/large_square_tile_image-2125.jpg\",\"datePublished\":\"2023-03-10T00:00:01+00:00\",\"description\":\"L'amore pu\u00f2 farti superare molte cose, anche quando \u00e8 in gioco il destino di un intero regno!\",\"breadcrumb\":{\"@id\":\"https:\/\/www.iplay.com\/it\/games\/connected-hearts-the-musketeers-saga-ce\/#breadcrumb\"},\"inLanguage\":\"it-IT\",\"potentialAction\":[{\"@type\":\"ReadAction\",\"target\":[\"https:\/\/www.iplay.com\/it\/games\/connected-hearts-the-musketeers-saga-ce\/\"]}]},{\"@type\":\"ImageObject\",\"inLanguage\":\"it-IT\",\"@id\":\"https:\/\/www.iplay.com\/it\/games\/connected-hearts-the-musketeers-saga-ce\/#primaryimage\",\"url\":\"https:\/\/www.iplay.com\/wp-content\/uploads\/2023\/12\/large_square_tile_image-2125.jpg\",\"contentUrl\":\"https:\/\/www.iplay.com\/wp-content\/uploads\/2023\/12\/large_square_tile_image-2125.jpg\",\"width\":310,\"height\":310},{\"@type\":\"BreadcrumbList\",\"@id\":\"https:\/\/www.iplay.com\/it\/games\/connected-hearts-the-musketeers-saga-ce\/#breadcrumb\",\"itemListElement\":[{\"@type\":\"ListItem\",\"position\":1,\"name\":\"Home\",\"item\":\"https:\/\/www.iplay.com\/it\/home-page-2\/\"},{\"@type\":\"ListItem\",\"position\":2,\"name\":\"Shop\",\"item\":\"https:\/\/www.iplay.com\/en\/shop\/\"},{\"@type\":\"ListItem\",\"position\":3,\"name\":\"Connected Hearts: The Musketeers Saga CE\"}]},{\"@type\":\"WebSite\",\"@id\":\"https:\/\/www.iplay.com\/en\/#website\",\"url\":\"https:\/\/www.iplay.com\/en\/\",\"name\":\"IPlay\",\"description\":\"The Best Casual Games!\",\"publisher\":{\"@id\":\"https:\/\/www.iplay.com\/en\/#organization\"},\"potentialAction\":[{\"@type\":\"SearchAction\",\"target\":{\"@type\":\"EntryPoint\",\"urlTemplate\":\"https:\/\/www.iplay.com\/en\/?s={search_term_string}\"},\"query-input\":{\"@type\":\"PropertyValueSpecification\",\"valueRequired\":true,\"valueName\":\"search_term_string\"}}],\"inLanguage\":\"it-IT\"},{\"@type\":\"Organization\",\"@id\":\"https:\/\/www.iplay.com\/en\/#organization\",\"name\":\"IPlay\",\"url\":\"https:\/\/www.iplay.com\/en\/\",\"logo\":{\"@type\":\"ImageObject\",\"inLanguage\":\"it-IT\",\"@id\":\"https:\/\/www.iplay.com\/en\/#\/schema\/logo\/image\/\",\"url\":\"https:\/\/www.iplay.com\/wp-content\/uploads\/2023\/11\/Group-6100.svg\",\"contentUrl\":\"https:\/\/www.iplay.com\/wp-content\/uploads\/2023\/11\/Group-6100.svg\",\"width\":98,\"height\":25,\"caption\":\"IPlay\"},\"image\":{\"@id\":\"https:\/\/www.iplay.com\/en\/#\/schema\/logo\/image\/\"}}]}<\/script>\n<!-- \/ Yoast SEO Premium plugin. -->","yoast_head_json":{"title":"Connected Hearts: The Musketeers Saga CE - L'amore supera gli ostacoli, anche se \u00e8 in gioco il destino di un regno","description":"L'amore pu\u00f2 farti superare molte cose, anche quando \u00e8 in gioco il destino di un intero regno!","robots":{"index":"index","follow":"follow","max-snippet":"max-snippet:-1","max-image-preview":"max-image-preview:large","max-video-preview":"max-video-preview:-1"},"canonical":"https:\/\/www.iplay.com\/it\/games\/connected-hearts-the-musketeers-saga-ce\/","og_locale":"it_IT","og_type":"article","og_title":"Connected Hearts: The Musketeers Saga CE","og_description":"L'amore pu\u00f2 farti superare molte cose, anche quando \u00e8 in gioco il destino di un intero regno!","og_url":"https:\/\/www.iplay.com\/it\/games\/connected-hearts-the-musketeers-saga-ce\/","og_site_name":"IPlay","og_image":[{"width":310,"height":310,"url":"https:\/\/www.iplay.com\/wp-content\/uploads\/2023\/12\/large_square_tile_image-2125.jpg","type":"image\/jpeg"}],"twitter_card":"summary_large_image","twitter_misc":{"Est. reading time":"1 minuto"},"schema":{"@context":"https:\/\/schema.org","@graph":[{"@type":"WebPage","@id":"https:\/\/www.iplay.com\/it\/games\/connected-hearts-the-musketeers-saga-ce\/","url":"https:\/\/www.iplay.com\/it\/games\/connected-hearts-the-musketeers-saga-ce\/","name":"Connected Hearts: The Musketeers Saga CE - L'amore supera gli ostacoli, anche se \u00e8 in gioco il destino di un regno","isPartOf":{"@id":"https:\/\/www.iplay.com\/en\/#website"},"primaryImageOfPage":{"@id":"https:\/\/www.iplay.com\/it\/games\/connected-hearts-the-musketeers-saga-ce\/#primaryimage"},"image":{"@id":"https:\/\/www.iplay.com\/it\/games\/connected-hearts-the-musketeers-saga-ce\/#primaryimage"},"thumbnailUrl":"https:\/\/www.iplay.com\/wp-content\/uploads\/2023\/12\/large_square_tile_image-2125.jpg","datePublished":"2023-03-10T00:00:01+00:00","description":"L'amore pu\u00f2 farti superare molte cose, anche quando \u00e8 in gioco il destino di un intero regno!","breadcrumb":{"@id":"https:\/\/www.iplay.com\/it\/games\/connected-hearts-the-musketeers-saga-ce\/#breadcrumb"},"inLanguage":"it-IT","potentialAction":[{"@type":"ReadAction","target":["https:\/\/www.iplay.com\/it\/games\/connected-hearts-the-musketeers-saga-ce\/"]}]},{"@type":"ImageObject","inLanguage":"it-IT","@id":"https:\/\/www.iplay.com\/it\/games\/connected-hearts-the-musketeers-saga-ce\/#primaryimage","url":"https:\/\/www.iplay.com\/wp-content\/uploads\/2023\/12\/large_square_tile_image-2125.jpg","contentUrl":"https:\/\/www.iplay.com\/wp-content\/uploads\/2023\/12\/large_square_tile_image-2125.jpg","width":310,"height":310},{"@type":"BreadcrumbList","@id":"https:\/\/www.iplay.com\/it\/games\/connected-hearts-the-musketeers-saga-ce\/#breadcrumb","itemListElement":[{"@type":"ListItem","position":1,"name":"Home","item":"https:\/\/www.iplay.com\/it\/home-page-2\/"},{"@type":"ListItem","position":2,"name":"Shop","item":"https:\/\/www.iplay.com\/en\/shop\/"},{"@type":"ListItem","position":3,"name":"Connected Hearts: The Musketeers Saga CE"}]},{"@type":"WebSite","@id":"https:\/\/www.iplay.com\/en\/#website","url":"https:\/\/www.iplay.com\/en\/","name":"IPlay","description":"The Best Casual Games!","publisher":{"@id":"https:\/\/www.iplay.com\/en\/#organization"},"potentialAction":[{"@type":"SearchAction","target":{"@type":"EntryPoint","urlTemplate":"https:\/\/www.iplay.com\/en\/?s={search_term_string}"},"query-input":{"@type":"PropertyValueSpecification","valueRequired":true,"valueName":"search_term_string"}}],"inLanguage":"it-IT"},{"@type":"Organization","@id":"https:\/\/www.iplay.com\/en\/#organization","name":"IPlay","url":"https:\/\/www.iplay.com\/en\/","logo":{"@type":"ImageObject","inLanguage":"it-IT","@id":"https:\/\/www.iplay.com\/en\/#\/schema\/logo\/image\/","url":"https:\/\/www.iplay.com\/wp-content\/uploads\/2023\/11\/Group-6100.svg","contentUrl":"https:\/\/www.iplay.com\/wp-content\/uploads\/2023\/11\/Group-6100.svg","width":98,"height":25,"caption":"IPlay"},"image":{"@id":"https:\/\/www.iplay.com\/en\/#\/schema\/logo\/image\/"}}]}},"_links":{"self":[{"href":"https:\/\/www.iplay.com\/it\/wp-json\/wp\/v2\/product\/131539","targetHints":{"allow":["GET"]}}],"collection":[{"href":"https:\/\/www.iplay.com\/it\/wp-json\/wp\/v2\/product"}],"about":[{"href":"https:\/\/www.iplay.com\/it\/wp-json\/wp\/v2\/types\/product"}],"author":[{"embeddable":true,"href":"https:\/\/www.iplay.com\/it\/wp-json\/wp\/v2\/users\/52"}],"replies":[{"embeddable":true,"href":"https:\/\/www.iplay.com\/it\/wp-json\/wp\/v2\/comments?post=131539"}],"wp:featuredmedia":[{"embeddable":true,"href":"https:\/\/www.iplay.com\/it\/wp-json\/wp\/v2\/media\/74103"}],"wp:attachment":[{"href":"https:\/\/www.iplay.com\/it\/wp-json\/wp\/v2\/media?parent=131539"}],"wp:term":[{"taxonomy":"product_brand","embeddable":true,"href":"https:\/\/www.iplay.com\/it\/wp-json\/wp\/v2\/product_brand?post=131539"},{"taxonomy":"product_cat","embeddable":true,"href":"https:\/\/www.iplay.com\/it\/wp-json\/wp\/v2\/product_cat?post=131539"},{"taxonomy":"product_tag","embeddable":true,"href":"https:\/\/www.iplay.com\/it\/wp-json\/wp\/v2\/product_tag?post=131539"}],"curies":[{"name":"wp","href":"https:\/\/api.w.org\/{rel}","templated":true}]}}