{"id":131303,"date":"2025-04-11T08:35:59","date_gmt":"2025-04-11T08:35:59","guid":{"rendered":"https:\/\/www.iplay.com\/games\/pixel-art-78\/"},"modified":"2025-04-11T10:59:06","modified_gmt":"2025-04-11T10:59:06","slug":"pixel-art-78","status":"publish","type":"product","link":"https:\/\/www.iplay.com\/it\/games\/pixel-art-78\/","title":{"rendered":"Pixel Art 78"},"content":{"rendered":"<p class=\"whitespace-pre-wrap break-words\">Pixel Art 78 offre un&#8217;esperienza di pittura digitale davvero rilassante e coinvolgente, in cui l&#8217;artista interiore in ogni persona pu\u00f2 essere liberato con facilit\u00e0. Lo stress della selezione del colore viene eliminato e al suo posto viene accolta una creativit\u00e0 senza sforzo. \u00c8 stata assemblata un&#8217;incredibile collezione di immagini vivaci e diversificate, attraverso le quali i capolavori prendono vita semplicemente seguendo la guida numerata. Sia che si possieda l&#8217;esperienza artistica o si cerchi il relax, viene offerto un ambiente piacevole e privo di pressioni in cui \u00e8 possibile sperimentare l&#8217;immersione nel mondo dell&#8217;arte pixel-perfect. La creativit\u00e0 pu\u00f2 fluire liberamente mentre si svolge lo svolgimento e ogni immagine si trasforma in una straordinaria opera di bellezza digitale.    <\/p>\n<p>&nbsp;<\/p>\n<p class=\"text-xl font-bold text-text-100 mt-1 -mb-0.5\"><strong>Tratti somatici<\/strong><\/p>\n<ul class=\"[&amp;:not(:last-child)_ul]:pb-1 [&amp;:not(:last-child)_ol]:pb-1 list-disc space-y-1.5 pl-7\">\n<li class=\"whitespace-normal break-words\"><strong>Ampia libreria di immagini<\/strong>: 80 deliziose immagini sono state selezionate per la selezione, ognuna in attesa di essere illuminata dal tocco artistico dell&#8217;utente.<\/li>\n<li class=\"whitespace-normal break-words\"><strong>Strumenti di progettazione innovativi<\/strong>: le sezioni dell&#8217;opera d&#8217;arte possono essere completate con facilit\u00e0 attraverso il pratico strumento di riempimento dell&#8217;area, grazie al quale il processo di verniciatura \u00e8 reso pi\u00f9 fluido e piacevole.<\/li>\n<li class=\"whitespace-normal break-words\"><strong>Esperienza terapeutica<\/strong>: Ore di intrattenimento rilassante e meditativo possono essere godute mentre le creazioni colorate prendono vita un pixel alla volta.<\/li>\n<li class=\"whitespace-normal break-words\"><strong>Accessibilit\u00e0 universale<\/strong>: il gioco \u00e8 stato progettato per essere perfetto per tutte le et\u00e0 e livelli di abilit\u00e0, con un&#8217;interfaccia intuitiva che pu\u00f2 essere navigata da chiunque.<\/li>\n<\/ul>\n<p>&nbsp;<\/p>\n<p class=\"whitespace-pre-wrap break-words\">Il viaggio nella pittura digitale in Pixel Art 78 pu\u00f2 essere iniziato immediatamente, dove l&#8217;espressione artistica \u00e8 semplificata e la gioia della creazione \u00e8 massimizzata attraverso questa accattivante esperienza di pixel art.<\/p>\n","protected":false},"excerpt":{"rendered":"<p>Crea straordinari capolavori in pixel con Pixel Art 78 &#8211; Rilassati mentre dai vita alle immagini un pixel alla volta &#8211; Lo sbocco creativo perfetto senza stress per gli amanti dell&#8217;arte di tutti i livelli.<\/p>\n","protected":false},"author":21,"featured_media":131211,"comment_status":"open","ping_status":"closed","template":"","meta":{"_acf_changed":false,"inline_featured_image":false},"product_brand":[],"product_cat":[186],"product_tag":[280,290],"class_list":{"0":"post-131303","1":"product","2":"type-product","3":"status-publish","4":"has-post-thumbnail","6":"product_cat-paint-by-numbers-series-it","7":"product_tag-pixel-art-series-it","8":"product_tag-play-on-pc-it","10":"first","11":"instock","12":"shipping-taxable","13":"purchasable","14":"product-type-simple"},"acf":[],"yoast_head":"<!-- This site is optimized with the Yoast SEO Premium plugin v25.2 (Yoast SEO v25.2) - https:\/\/yoast.com\/wordpress\/plugins\/seo\/ -->\n<title>Pixel Art 78: crea capolavori senza stress un pixel alla volta<\/title>\n<meta name=\"description\" content=\"Crea straordinari capolavori in pixel con Pixel Art 78 - Rilassati mentre dai vita alle immagini un pixel alla volta - Lo sbocco creativo perfetto senza stress per gli amanti dell&#039;arte di tutti i livelli.\" \/>\n<meta name=\"robots\" content=\"index, follow, max-snippet:-1, max-image-preview:large, max-video-preview:-1\" \/>\n<link rel=\"canonical\" href=\"https:\/\/www.iplay.com\/it\/games\/pixel-art-78\/\" \/>\n<meta property=\"og:locale\" content=\"it_IT\" \/>\n<meta property=\"og:type\" content=\"article\" \/>\n<meta property=\"og:title\" content=\"Pixel Art 78\" \/>\n<meta property=\"og:description\" content=\"Crea straordinari capolavori in pixel con Pixel Art 78 - Rilassati mentre dai vita alle immagini un pixel alla volta - Lo sbocco creativo perfetto senza stress per gli amanti dell&#039;arte di tutti i livelli.\" \/>\n<meta property=\"og:url\" content=\"https:\/\/www.iplay.com\/it\/games\/pixel-art-78\/\" \/>\n<meta property=\"og:site_name\" content=\"IPlay\" \/>\n<meta property=\"article:modified_time\" content=\"2025-04-11T10:59:06+00:00\" \/>\n<meta property=\"og:image\" content=\"https:\/\/www.iplay.com\/wp-content\/uploads\/2025\/04\/pixel_art_78_large_square_tile_image.webp\" \/>\n\t<meta property=\"og:image:width\" content=\"310\" \/>\n\t<meta property=\"og:image:height\" content=\"310\" \/>\n\t<meta property=\"og:image:type\" content=\"image\/webp\" \/>\n<meta name=\"twitter:card\" content=\"summary_large_image\" \/>\n<meta name=\"twitter:label1\" content=\"Est. reading time\" \/>\n\t<meta name=\"twitter:data1\" content=\"1 minuto\" \/>\n<script type=\"application\/ld+json\" class=\"yoast-schema-graph\">{\"@context\":\"https:\/\/schema.org\",\"@graph\":[{\"@type\":\"WebPage\",\"@id\":\"https:\/\/www.iplay.com\/it\/games\/pixel-art-78\/\",\"url\":\"https:\/\/www.iplay.com\/it\/games\/pixel-art-78\/\",\"name\":\"Pixel Art 78: crea capolavori senza stress un pixel alla volta\",\"isPartOf\":{\"@id\":\"https:\/\/www.iplay.com\/en\/#website\"},\"primaryImageOfPage\":{\"@id\":\"https:\/\/www.iplay.com\/it\/games\/pixel-art-78\/#primaryimage\"},\"image\":{\"@id\":\"https:\/\/www.iplay.com\/it\/games\/pixel-art-78\/#primaryimage\"},\"thumbnailUrl\":\"https:\/\/www.iplay.com\/wp-content\/uploads\/2025\/04\/pixel_art_78_large_square_tile_image.webp\",\"datePublished\":\"2025-04-11T08:35:59+00:00\",\"dateModified\":\"2025-04-11T10:59:06+00:00\",\"description\":\"Crea straordinari capolavori in pixel con Pixel Art 78 - Rilassati mentre dai vita alle immagini un pixel alla volta - Lo sbocco creativo perfetto senza stress per gli amanti dell'arte di tutti i livelli.\",\"breadcrumb\":{\"@id\":\"https:\/\/www.iplay.com\/it\/games\/pixel-art-78\/#breadcrumb\"},\"inLanguage\":\"it-IT\",\"potentialAction\":[{\"@type\":\"ReadAction\",\"target\":[\"https:\/\/www.iplay.com\/it\/games\/pixel-art-78\/\"]}]},{\"@type\":\"ImageObject\",\"inLanguage\":\"it-IT\",\"@id\":\"https:\/\/www.iplay.com\/it\/games\/pixel-art-78\/#primaryimage\",\"url\":\"https:\/\/www.iplay.com\/wp-content\/uploads\/2025\/04\/pixel_art_78_large_square_tile_image.webp\",\"contentUrl\":\"https:\/\/www.iplay.com\/wp-content\/uploads\/2025\/04\/pixel_art_78_large_square_tile_image.webp\",\"width\":310,\"height\":310},{\"@type\":\"BreadcrumbList\",\"@id\":\"https:\/\/www.iplay.com\/it\/games\/pixel-art-78\/#breadcrumb\",\"itemListElement\":[{\"@type\":\"ListItem\",\"position\":1,\"name\":\"Home\",\"item\":\"https:\/\/www.iplay.com\/it\/home-page-2\/\"},{\"@type\":\"ListItem\",\"position\":2,\"name\":\"Shop\",\"item\":\"https:\/\/www.iplay.com\/en\/shop\/\"},{\"@type\":\"ListItem\",\"position\":3,\"name\":\"Pixel Art 78\"}]},{\"@type\":\"WebSite\",\"@id\":\"https:\/\/www.iplay.com\/en\/#website\",\"url\":\"https:\/\/www.iplay.com\/en\/\",\"name\":\"IPlay\",\"description\":\"The Best Casual Games!\",\"publisher\":{\"@id\":\"https:\/\/www.iplay.com\/en\/#organization\"},\"potentialAction\":[{\"@type\":\"SearchAction\",\"target\":{\"@type\":\"EntryPoint\",\"urlTemplate\":\"https:\/\/www.iplay.com\/en\/?s={search_term_string}\"},\"query-input\":{\"@type\":\"PropertyValueSpecification\",\"valueRequired\":true,\"valueName\":\"search_term_string\"}}],\"inLanguage\":\"it-IT\"},{\"@type\":\"Organization\",\"@id\":\"https:\/\/www.iplay.com\/en\/#organization\",\"name\":\"IPlay\",\"url\":\"https:\/\/www.iplay.com\/en\/\",\"logo\":{\"@type\":\"ImageObject\",\"inLanguage\":\"it-IT\",\"@id\":\"https:\/\/www.iplay.com\/en\/#\/schema\/logo\/image\/\",\"url\":\"https:\/\/www.iplay.com\/wp-content\/uploads\/2023\/11\/Group-6100.svg\",\"contentUrl\":\"https:\/\/www.iplay.com\/wp-content\/uploads\/2023\/11\/Group-6100.svg\",\"width\":98,\"height\":25,\"caption\":\"IPlay\"},\"image\":{\"@id\":\"https:\/\/www.iplay.com\/en\/#\/schema\/logo\/image\/\"}}]}<\/script>\n<!-- \/ Yoast SEO Premium plugin. -->","yoast_head_json":{"title":"Pixel Art 78: crea capolavori senza stress un pixel alla volta","description":"Crea straordinari capolavori in pixel con Pixel Art 78 - Rilassati mentre dai vita alle immagini un pixel alla volta - Lo sbocco creativo perfetto senza stress per gli amanti dell'arte di tutti i livelli.","robots":{"index":"index","follow":"follow","max-snippet":"max-snippet:-1","max-image-preview":"max-image-preview:large","max-video-preview":"max-video-preview:-1"},"canonical":"https:\/\/www.iplay.com\/it\/games\/pixel-art-78\/","og_locale":"it_IT","og_type":"article","og_title":"Pixel Art 78","og_description":"Crea straordinari capolavori in pixel con Pixel Art 78 - Rilassati mentre dai vita alle immagini un pixel alla volta - Lo sbocco creativo perfetto senza stress per gli amanti dell'arte di tutti i livelli.","og_url":"https:\/\/www.iplay.com\/it\/games\/pixel-art-78\/","og_site_name":"IPlay","article_modified_time":"2025-04-11T10:59:06+00:00","og_image":[{"width":310,"height":310,"url":"https:\/\/www.iplay.com\/wp-content\/uploads\/2025\/04\/pixel_art_78_large_square_tile_image.webp","type":"image\/webp"}],"twitter_card":"summary_large_image","twitter_misc":{"Est. reading time":"1 minuto"},"schema":{"@context":"https:\/\/schema.org","@graph":[{"@type":"WebPage","@id":"https:\/\/www.iplay.com\/it\/games\/pixel-art-78\/","url":"https:\/\/www.iplay.com\/it\/games\/pixel-art-78\/","name":"Pixel Art 78: crea capolavori senza stress un pixel alla volta","isPartOf":{"@id":"https:\/\/www.iplay.com\/en\/#website"},"primaryImageOfPage":{"@id":"https:\/\/www.iplay.com\/it\/games\/pixel-art-78\/#primaryimage"},"image":{"@id":"https:\/\/www.iplay.com\/it\/games\/pixel-art-78\/#primaryimage"},"thumbnailUrl":"https:\/\/www.iplay.com\/wp-content\/uploads\/2025\/04\/pixel_art_78_large_square_tile_image.webp","datePublished":"2025-04-11T08:35:59+00:00","dateModified":"2025-04-11T10:59:06+00:00","description":"Crea straordinari capolavori in pixel con Pixel Art 78 - Rilassati mentre dai vita alle immagini un pixel alla volta - Lo sbocco creativo perfetto senza stress per gli amanti dell'arte di tutti i livelli.","breadcrumb":{"@id":"https:\/\/www.iplay.com\/it\/games\/pixel-art-78\/#breadcrumb"},"inLanguage":"it-IT","potentialAction":[{"@type":"ReadAction","target":["https:\/\/www.iplay.com\/it\/games\/pixel-art-78\/"]}]},{"@type":"ImageObject","inLanguage":"it-IT","@id":"https:\/\/www.iplay.com\/it\/games\/pixel-art-78\/#primaryimage","url":"https:\/\/www.iplay.com\/wp-content\/uploads\/2025\/04\/pixel_art_78_large_square_tile_image.webp","contentUrl":"https:\/\/www.iplay.com\/wp-content\/uploads\/2025\/04\/pixel_art_78_large_square_tile_image.webp","width":310,"height":310},{"@type":"BreadcrumbList","@id":"https:\/\/www.iplay.com\/it\/games\/pixel-art-78\/#breadcrumb","itemListElement":[{"@type":"ListItem","position":1,"name":"Home","item":"https:\/\/www.iplay.com\/it\/home-page-2\/"},{"@type":"ListItem","position":2,"name":"Shop","item":"https:\/\/www.iplay.com\/en\/shop\/"},{"@type":"ListItem","position":3,"name":"Pixel Art 78"}]},{"@type":"WebSite","@id":"https:\/\/www.iplay.com\/en\/#website","url":"https:\/\/www.iplay.com\/en\/","name":"IPlay","description":"The Best Casual Games!","publisher":{"@id":"https:\/\/www.iplay.com\/en\/#organization"},"potentialAction":[{"@type":"SearchAction","target":{"@type":"EntryPoint","urlTemplate":"https:\/\/www.iplay.com\/en\/?s={search_term_string}"},"query-input":{"@type":"PropertyValueSpecification","valueRequired":true,"valueName":"search_term_string"}}],"inLanguage":"it-IT"},{"@type":"Organization","@id":"https:\/\/www.iplay.com\/en\/#organization","name":"IPlay","url":"https:\/\/www.iplay.com\/en\/","logo":{"@type":"ImageObject","inLanguage":"it-IT","@id":"https:\/\/www.iplay.com\/en\/#\/schema\/logo\/image\/","url":"https:\/\/www.iplay.com\/wp-content\/uploads\/2023\/11\/Group-6100.svg","contentUrl":"https:\/\/www.iplay.com\/wp-content\/uploads\/2023\/11\/Group-6100.svg","width":98,"height":25,"caption":"IPlay"},"image":{"@id":"https:\/\/www.iplay.com\/en\/#\/schema\/logo\/image\/"}}]}},"_links":{"self":[{"href":"https:\/\/www.iplay.com\/it\/wp-json\/wp\/v2\/product\/131303","targetHints":{"allow":["GET"]}}],"collection":[{"href":"https:\/\/www.iplay.com\/it\/wp-json\/wp\/v2\/product"}],"about":[{"href":"https:\/\/www.iplay.com\/it\/wp-json\/wp\/v2\/types\/product"}],"author":[{"embeddable":true,"href":"https:\/\/www.iplay.com\/it\/wp-json\/wp\/v2\/users\/21"}],"replies":[{"embeddable":true,"href":"https:\/\/www.iplay.com\/it\/wp-json\/wp\/v2\/comments?post=131303"}],"wp:featuredmedia":[{"embeddable":true,"href":"https:\/\/www.iplay.com\/it\/wp-json\/wp\/v2\/media\/131211"}],"wp:attachment":[{"href":"https:\/\/www.iplay.com\/it\/wp-json\/wp\/v2\/media?parent=131303"}],"wp:term":[{"taxonomy":"product_brand","embeddable":true,"href":"https:\/\/www.iplay.com\/it\/wp-json\/wp\/v2\/product_brand?post=131303"},{"taxonomy":"product_cat","embeddable":true,"href":"https:\/\/www.iplay.com\/it\/wp-json\/wp\/v2\/product_cat?post=131303"},{"taxonomy":"product_tag","embeddable":true,"href":"https:\/\/www.iplay.com\/it\/wp-json\/wp\/v2\/product_tag?post=131303"}],"curies":[{"name":"wp","href":"https:\/\/api.w.org\/{rel}","templated":true}]}}