{"id":130404,"date":"2025-04-02T09:30:21","date_gmt":"2025-04-02T09:30:21","guid":{"rendered":"https:\/\/www.iplay.com\/games\/domino-world\/"},"modified":"2025-04-03T21:41:05","modified_gmt":"2025-04-03T21:41:05","slug":"domino-world","status":"publish","type":"product","link":"https:\/\/www.iplay.com\/it\/games\/domino-world\/","title":{"rendered":"Domino World"},"content":{"rendered":"<p>Gioca a un classico gioco di domino in cui la strategia \u00e8 fondamentale e ogni mossa conta. Man mano che avanzi, puoi sbloccare trofei rari e set di legno collezionabili. Ideale per gli appassionati di puzzle che cercano innumerevoli sfide e ore di divertimento.  <\/p>\n<p>&nbsp;<\/p>\n<p><strong>Tratti somatici<\/strong><\/p>\n<ul>\n<li>Gioco di domino infinito<\/li>\n<li>2 modalit\u00e0 di gioco: Blocco e Pareggio<\/li>\n<li>3 diverse durate di partita<\/li>\n<li>8 set di domino da collezione<\/li>\n<\/ul>\n<p>&nbsp;<\/p>\n<p><strong>Come giocare<\/strong><\/p>\n<p>Posizionare le tessere per abbinare i numeri e guadagnare punti \u00e8 il modo per giocare a domino. Sono disponibili otto set di domino collezionabili per personalizzare il tuo gioco e puoi scegliere tra le modalit\u00e0 Blocco e Pareggio per una variet\u00e0 di opzioni di gioco. Raccogliendo i set e utilizzando la Trophy Road per guadagnare bonus speciali, puoi avanzare pi\u00f9 rapidamente.<\/p>\n","protected":false},"excerpt":{"rendered":"<p>Sperimenta la profondit\u00e0 strategica delle tessere del domino in cui ogni mossa modella il tuo percorso verso la vittoria: guadagna trofei esclusivi e sblocca bellissimi set di legno man mano che avanzi, ideali per gli amanti dei puzzle che cercano sia sfide mentali che divertimento senza fine.<\/p>\n","protected":false},"author":325,"featured_media":130161,"comment_status":"open","ping_status":"closed","template":"","meta":{"_acf_changed":false,"inline_featured_image":false},"product_brand":[],"product_cat":[181,191],"product_tag":[283,301,290],"class_list":{"0":"post-130404","1":"product","2":"type-product","3":"status-publish","4":"has-post-thumbnail","6":"product_cat-mobile-games-it","7":"product_cat-puzzle-it","8":"product_tag-play-on-mac-it","9":"product_tag-play-on-mobile-it","10":"product_tag-play-on-pc-it","12":"first","13":"instock","14":"shipping-taxable","15":"purchasable","16":"product-type-html5_game"},"acf":[],"yoast_head":"<!-- This site is optimized with the Yoast SEO Premium plugin v25.2 (Yoast SEO v25.2) - https:\/\/yoast.com\/wordpress\/plugins\/seo\/ -->\n<title>Domino World: abbina le tessere e supera in astuzia gli avversari con la logica<\/title>\n<meta name=\"description\" content=\"Sperimenta la profondit\u00e0 strategica delle tessere del domino in cui ogni mossa modella il tuo percorso verso la vittoria: guadagna trofei esclusivi e sblocca bellissimi set di legno man mano che avanzi, ideali per gli amanti dei puzzle che cercano sia sfide mentali che divertimento senza fine.\" \/>\n<meta name=\"robots\" content=\"index, follow, max-snippet:-1, max-image-preview:large, max-video-preview:-1\" \/>\n<link rel=\"canonical\" href=\"https:\/\/www.iplay.com\/it\/games\/domino-world\/\" \/>\n<meta property=\"og:locale\" content=\"it_IT\" \/>\n<meta property=\"og:type\" content=\"article\" \/>\n<meta property=\"og:title\" content=\"Domino World\" \/>\n<meta property=\"og:description\" content=\"Sperimenta la profondit\u00e0 strategica delle tessere del domino in cui ogni mossa modella il tuo percorso verso la vittoria: guadagna trofei esclusivi e sblocca bellissimi set di legno man mano che avanzi, ideali per gli amanti dei puzzle che cercano sia sfide mentali che divertimento senza fine.\" \/>\n<meta property=\"og:url\" content=\"https:\/\/www.iplay.com\/it\/games\/domino-world\/\" \/>\n<meta property=\"og:site_name\" content=\"IPlay\" \/>\n<meta property=\"article:modified_time\" content=\"2025-04-03T21:41:05+00:00\" \/>\n<meta property=\"og:image\" content=\"https:\/\/www.iplay.com\/wp-content\/uploads\/2025\/04\/dominoworld-html5_title_310x310.webp\" \/>\n\t<meta property=\"og:image:width\" content=\"310\" \/>\n\t<meta property=\"og:image:height\" content=\"310\" \/>\n\t<meta property=\"og:image:type\" content=\"image\/webp\" \/>\n<meta name=\"twitter:card\" content=\"summary_large_image\" \/>\n<meta name=\"twitter:label1\" content=\"Est. reading time\" \/>\n\t<meta name=\"twitter:data1\" content=\"1 minuto\" \/>\n<script type=\"application\/ld+json\" class=\"yoast-schema-graph\">{\"@context\":\"https:\/\/schema.org\",\"@graph\":[{\"@type\":\"WebPage\",\"@id\":\"https:\/\/www.iplay.com\/it\/games\/domino-world\/\",\"url\":\"https:\/\/www.iplay.com\/it\/games\/domino-world\/\",\"name\":\"Domino World: abbina le tessere e supera in astuzia gli avversari con la logica\",\"isPartOf\":{\"@id\":\"https:\/\/www.iplay.com\/en\/#website\"},\"primaryImageOfPage\":{\"@id\":\"https:\/\/www.iplay.com\/it\/games\/domino-world\/#primaryimage\"},\"image\":{\"@id\":\"https:\/\/www.iplay.com\/it\/games\/domino-world\/#primaryimage\"},\"thumbnailUrl\":\"https:\/\/www.iplay.com\/wp-content\/uploads\/2025\/04\/dominoworld-html5_title_310x310.webp\",\"datePublished\":\"2025-04-02T09:30:21+00:00\",\"dateModified\":\"2025-04-03T21:41:05+00:00\",\"description\":\"Sperimenta la profondit\u00e0 strategica delle tessere del domino in cui ogni mossa modella il tuo percorso verso la vittoria: guadagna trofei esclusivi e sblocca bellissimi set di legno man mano che avanzi, ideali per gli amanti dei puzzle che cercano sia sfide mentali che divertimento senza fine.\",\"breadcrumb\":{\"@id\":\"https:\/\/www.iplay.com\/it\/games\/domino-world\/#breadcrumb\"},\"inLanguage\":\"it-IT\",\"potentialAction\":[{\"@type\":\"ReadAction\",\"target\":[\"https:\/\/www.iplay.com\/it\/games\/domino-world\/\"]}]},{\"@type\":\"ImageObject\",\"inLanguage\":\"it-IT\",\"@id\":\"https:\/\/www.iplay.com\/it\/games\/domino-world\/#primaryimage\",\"url\":\"https:\/\/www.iplay.com\/wp-content\/uploads\/2025\/04\/dominoworld-html5_title_310x310.webp\",\"contentUrl\":\"https:\/\/www.iplay.com\/wp-content\/uploads\/2025\/04\/dominoworld-html5_title_310x310.webp\",\"width\":310,\"height\":310},{\"@type\":\"BreadcrumbList\",\"@id\":\"https:\/\/www.iplay.com\/it\/games\/domino-world\/#breadcrumb\",\"itemListElement\":[{\"@type\":\"ListItem\",\"position\":1,\"name\":\"Home\",\"item\":\"https:\/\/www.iplay.com\/it\/home-page-2\/\"},{\"@type\":\"ListItem\",\"position\":2,\"name\":\"Shop\",\"item\":\"https:\/\/www.iplay.com\/en\/shop\/\"},{\"@type\":\"ListItem\",\"position\":3,\"name\":\"Domino World\"}]},{\"@type\":\"WebSite\",\"@id\":\"https:\/\/www.iplay.com\/en\/#website\",\"url\":\"https:\/\/www.iplay.com\/en\/\",\"name\":\"IPlay\",\"description\":\"The Best Casual Games!\",\"publisher\":{\"@id\":\"https:\/\/www.iplay.com\/en\/#organization\"},\"potentialAction\":[{\"@type\":\"SearchAction\",\"target\":{\"@type\":\"EntryPoint\",\"urlTemplate\":\"https:\/\/www.iplay.com\/en\/?s={search_term_string}\"},\"query-input\":{\"@type\":\"PropertyValueSpecification\",\"valueRequired\":true,\"valueName\":\"search_term_string\"}}],\"inLanguage\":\"it-IT\"},{\"@type\":\"Organization\",\"@id\":\"https:\/\/www.iplay.com\/en\/#organization\",\"name\":\"IPlay\",\"url\":\"https:\/\/www.iplay.com\/en\/\",\"logo\":{\"@type\":\"ImageObject\",\"inLanguage\":\"it-IT\",\"@id\":\"https:\/\/www.iplay.com\/en\/#\/schema\/logo\/image\/\",\"url\":\"https:\/\/www.iplay.com\/wp-content\/uploads\/2023\/11\/Group-6100.svg\",\"contentUrl\":\"https:\/\/www.iplay.com\/wp-content\/uploads\/2023\/11\/Group-6100.svg\",\"width\":98,\"height\":25,\"caption\":\"IPlay\"},\"image\":{\"@id\":\"https:\/\/www.iplay.com\/en\/#\/schema\/logo\/image\/\"}}]}<\/script>\n<!-- \/ Yoast SEO Premium plugin. -->","yoast_head_json":{"title":"Domino World: abbina le tessere e supera in astuzia gli avversari con la logica","description":"Sperimenta la profondit\u00e0 strategica delle tessere del domino in cui ogni mossa modella il tuo percorso verso la vittoria: guadagna trofei esclusivi e sblocca bellissimi set di legno man mano che avanzi, ideali per gli amanti dei puzzle che cercano sia sfide mentali che divertimento senza fine.","robots":{"index":"index","follow":"follow","max-snippet":"max-snippet:-1","max-image-preview":"max-image-preview:large","max-video-preview":"max-video-preview:-1"},"canonical":"https:\/\/www.iplay.com\/it\/games\/domino-world\/","og_locale":"it_IT","og_type":"article","og_title":"Domino World","og_description":"Sperimenta la profondit\u00e0 strategica delle tessere del domino in cui ogni mossa modella il tuo percorso verso la vittoria: guadagna trofei esclusivi e sblocca bellissimi set di legno man mano che avanzi, ideali per gli amanti dei puzzle che cercano sia sfide mentali che divertimento senza fine.","og_url":"https:\/\/www.iplay.com\/it\/games\/domino-world\/","og_site_name":"IPlay","article_modified_time":"2025-04-03T21:41:05+00:00","og_image":[{"width":310,"height":310,"url":"https:\/\/www.iplay.com\/wp-content\/uploads\/2025\/04\/dominoworld-html5_title_310x310.webp","type":"image\/webp"}],"twitter_card":"summary_large_image","twitter_misc":{"Est. reading time":"1 minuto"},"schema":{"@context":"https:\/\/schema.org","@graph":[{"@type":"WebPage","@id":"https:\/\/www.iplay.com\/it\/games\/domino-world\/","url":"https:\/\/www.iplay.com\/it\/games\/domino-world\/","name":"Domino World: abbina le tessere e supera in astuzia gli avversari con la logica","isPartOf":{"@id":"https:\/\/www.iplay.com\/en\/#website"},"primaryImageOfPage":{"@id":"https:\/\/www.iplay.com\/it\/games\/domino-world\/#primaryimage"},"image":{"@id":"https:\/\/www.iplay.com\/it\/games\/domino-world\/#primaryimage"},"thumbnailUrl":"https:\/\/www.iplay.com\/wp-content\/uploads\/2025\/04\/dominoworld-html5_title_310x310.webp","datePublished":"2025-04-02T09:30:21+00:00","dateModified":"2025-04-03T21:41:05+00:00","description":"Sperimenta la profondit\u00e0 strategica delle tessere del domino in cui ogni mossa modella il tuo percorso verso la vittoria: guadagna trofei esclusivi e sblocca bellissimi set di legno man mano che avanzi, ideali per gli amanti dei puzzle che cercano sia sfide mentali che divertimento senza fine.","breadcrumb":{"@id":"https:\/\/www.iplay.com\/it\/games\/domino-world\/#breadcrumb"},"inLanguage":"it-IT","potentialAction":[{"@type":"ReadAction","target":["https:\/\/www.iplay.com\/it\/games\/domino-world\/"]}]},{"@type":"ImageObject","inLanguage":"it-IT","@id":"https:\/\/www.iplay.com\/it\/games\/domino-world\/#primaryimage","url":"https:\/\/www.iplay.com\/wp-content\/uploads\/2025\/04\/dominoworld-html5_title_310x310.webp","contentUrl":"https:\/\/www.iplay.com\/wp-content\/uploads\/2025\/04\/dominoworld-html5_title_310x310.webp","width":310,"height":310},{"@type":"BreadcrumbList","@id":"https:\/\/www.iplay.com\/it\/games\/domino-world\/#breadcrumb","itemListElement":[{"@type":"ListItem","position":1,"name":"Home","item":"https:\/\/www.iplay.com\/it\/home-page-2\/"},{"@type":"ListItem","position":2,"name":"Shop","item":"https:\/\/www.iplay.com\/en\/shop\/"},{"@type":"ListItem","position":3,"name":"Domino World"}]},{"@type":"WebSite","@id":"https:\/\/www.iplay.com\/en\/#website","url":"https:\/\/www.iplay.com\/en\/","name":"IPlay","description":"The Best Casual Games!","publisher":{"@id":"https:\/\/www.iplay.com\/en\/#organization"},"potentialAction":[{"@type":"SearchAction","target":{"@type":"EntryPoint","urlTemplate":"https:\/\/www.iplay.com\/en\/?s={search_term_string}"},"query-input":{"@type":"PropertyValueSpecification","valueRequired":true,"valueName":"search_term_string"}}],"inLanguage":"it-IT"},{"@type":"Organization","@id":"https:\/\/www.iplay.com\/en\/#organization","name":"IPlay","url":"https:\/\/www.iplay.com\/en\/","logo":{"@type":"ImageObject","inLanguage":"it-IT","@id":"https:\/\/www.iplay.com\/en\/#\/schema\/logo\/image\/","url":"https:\/\/www.iplay.com\/wp-content\/uploads\/2023\/11\/Group-6100.svg","contentUrl":"https:\/\/www.iplay.com\/wp-content\/uploads\/2023\/11\/Group-6100.svg","width":98,"height":25,"caption":"IPlay"},"image":{"@id":"https:\/\/www.iplay.com\/en\/#\/schema\/logo\/image\/"}}]}},"_links":{"self":[{"href":"https:\/\/www.iplay.com\/it\/wp-json\/wp\/v2\/product\/130404","targetHints":{"allow":["GET"]}}],"collection":[{"href":"https:\/\/www.iplay.com\/it\/wp-json\/wp\/v2\/product"}],"about":[{"href":"https:\/\/www.iplay.com\/it\/wp-json\/wp\/v2\/types\/product"}],"author":[{"embeddable":true,"href":"https:\/\/www.iplay.com\/it\/wp-json\/wp\/v2\/users\/325"}],"replies":[{"embeddable":true,"href":"https:\/\/www.iplay.com\/it\/wp-json\/wp\/v2\/comments?post=130404"}],"wp:featuredmedia":[{"embeddable":true,"href":"https:\/\/www.iplay.com\/it\/wp-json\/wp\/v2\/media\/130161"}],"wp:attachment":[{"href":"https:\/\/www.iplay.com\/it\/wp-json\/wp\/v2\/media?parent=130404"}],"wp:term":[{"taxonomy":"product_brand","embeddable":true,"href":"https:\/\/www.iplay.com\/it\/wp-json\/wp\/v2\/product_brand?post=130404"},{"taxonomy":"product_cat","embeddable":true,"href":"https:\/\/www.iplay.com\/it\/wp-json\/wp\/v2\/product_cat?post=130404"},{"taxonomy":"product_tag","embeddable":true,"href":"https:\/\/www.iplay.com\/it\/wp-json\/wp\/v2\/product_tag?post=130404"}],"curies":[{"name":"wp","href":"https:\/\/api.w.org\/{rel}","templated":true}]}}