{"id":130303,"date":"2023-06-28T00:00:00","date_gmt":"2023-06-28T00:00:00","guid":{"rendered":"https:\/\/www.iplay.com\/games\/fairyland-solitaire\/"},"modified":"2025-04-03T21:41:26","modified_gmt":"2025-04-03T21:41:26","slug":"fairyland-solitaire","status":"publish","type":"product","link":"https:\/\/www.iplay.com\/it\/games\/fairyland-solitaire\/","title":{"rendered":"Fairyland Solitaire"},"content":{"rendered":"<p>Entra nell&#8217;affascinante mondo di Fairyland Solitaire per intraprendere un viaggio fantastico e incantevole. Entra in un mondo fantastico pieno di sorprese dove animali esotici vagano liberi e le fate volano su boschi verdeggianti. Ma fai attenzione: i goblin malvagi hanno preso le fate e hanno fatto sprofondare il Paese delle Fate nell&#8217;oscurit\u00e0. Nei panni di una fata coraggiosa, \u00e8 tua responsabilit\u00e0 partire per una spedizione solitaria per liberare le fate catturate e riportare l&#8217;armonia nel regno. Gioca a livelli avvincenti, risolvi enigmi solitari e porta alla luce tesori nascosti. Scopri le meraviglie di Fairyland mentre esplori paesaggi incredibili e incontri individui affascinanti. Riuscirai a riaccendere la luce e impedire ai goblin di catturare Fairyland? Tu hai il potere di decidere il destino di questo straordinario universo.       <\/p>\n<p>&nbsp;<\/p>\n<p>&nbsp;<\/p>\n<p><strong>Tratti somatici:<\/strong><\/p>\n<p>&#8211; Immergiti in un&#8217;incredibile storia su Fairyland, piena di affascinanti salti mortali. Scegli tra quattro diversi gradi di difficolt\u00e0 in base alle tue abilit\u00e0 e al tuo livello di esperienza. Partecipa a tre accattivanti modalit\u00e0 di gioco: Match 2, Make 14, One Up One Down e un&#8217;inaspettata modalit\u00e0 di gioco casuale. Tra i coinvolgenti minigiochi offerti ci sono Match 3, Jigsaw, Blackjack, Higher or Lower e Find the Object. Ti aspettano intensi combattimenti di carte in cui abilit\u00e0 e strategia ti aiuteranno a trionfare.<br \/>\n&#8211; Trova oggetti nascosti in sezioni impegnative con oggetti nascosti. Usa potenziamenti, jolly e jolly per migliorare la tua esperienza di gioco. Concediti le melodie accattivanti di una musica straordinaria. Immergiti nell&#8217;ambiente mozzafiato che d\u00e0 vita a Fairyland. Usa diversi design di carte per aggiungere personalit\u00e0 al tuo incontro. Trova e acquista oggetti unici andando al negozio in-game.<br \/>\n&#8211; Completa 200 livelli impegnativi, ognuno con una diversa combinazione di ostacoli e premi. Metti alla prova le tue abilit\u00e0 in enormi livelli pieni di carte che sono emozionanti.<\/p>\n","protected":false},"excerpt":{"rendered":"<p>Entra nel mondo incantato di Fairyland Solitaire e perditi l\u00ec.<\/p>\n","protected":false},"author":129,"featured_media":72967,"comment_status":"open","ping_status":"closed","template":"","meta":{"_acf_changed":false,"inline_featured_image":false},"product_brand":[],"product_cat":[156,204],"product_tag":[290],"class_list":{"0":"post-130303","1":"product","2":"type-product","3":"status-publish","4":"has-post-thumbnail","6":"product_cat-card-it-2","7":"product_cat-solitaire-it","8":"product_tag-play-on-pc-it","10":"first","11":"instock","12":"shipping-taxable","13":"purchasable","14":"product-type-simple"},"acf":[],"yoast_head":"<!-- This site is optimized with the Yoast SEO Premium plugin v25.2 (Yoast SEO v25.2) - https:\/\/yoast.com\/wordpress\/plugins\/seo\/ -->\n<title>Fairyland Solitaire - Immergiti<\/title>\n<meta name=\"description\" content=\"Entra nel mondo incantato di Fairyland Solitaire e perditi l\u00ec.\" \/>\n<meta name=\"robots\" content=\"index, follow, max-snippet:-1, max-image-preview:large, max-video-preview:-1\" \/>\n<link rel=\"canonical\" href=\"https:\/\/www.iplay.com\/it\/games\/fairyland-solitaire\/\" \/>\n<meta property=\"og:locale\" content=\"it_IT\" \/>\n<meta property=\"og:type\" content=\"article\" \/>\n<meta property=\"og:title\" content=\"Fairyland Solitaire\" \/>\n<meta property=\"og:description\" content=\"Entra nel mondo incantato di Fairyland Solitaire e perditi l\u00ec.\" \/>\n<meta property=\"og:url\" content=\"https:\/\/www.iplay.com\/it\/games\/fairyland-solitaire\/\" \/>\n<meta property=\"og:site_name\" content=\"IPlay\" \/>\n<meta property=\"article:modified_time\" content=\"2025-04-03T21:41:26+00:00\" \/>\n<meta property=\"og:image\" content=\"https:\/\/www.iplay.com\/wp-content\/uploads\/2023\/12\/large_square_tile_image-2052.jpg\" \/>\n\t<meta property=\"og:image:width\" content=\"310\" \/>\n\t<meta property=\"og:image:height\" content=\"310\" \/>\n\t<meta property=\"og:image:type\" content=\"image\/jpeg\" \/>\n<meta name=\"twitter:card\" content=\"summary_large_image\" \/>\n<meta name=\"twitter:label1\" content=\"Est. reading time\" \/>\n\t<meta name=\"twitter:data1\" content=\"1 minuto\" \/>\n<script type=\"application\/ld+json\" class=\"yoast-schema-graph\">{\"@context\":\"https:\/\/schema.org\",\"@graph\":[{\"@type\":\"WebPage\",\"@id\":\"https:\/\/www.iplay.com\/it\/games\/fairyland-solitaire\/\",\"url\":\"https:\/\/www.iplay.com\/it\/games\/fairyland-solitaire\/\",\"name\":\"Fairyland Solitaire - Immergiti\",\"isPartOf\":{\"@id\":\"https:\/\/www.iplay.com\/en\/#website\"},\"primaryImageOfPage\":{\"@id\":\"https:\/\/www.iplay.com\/it\/games\/fairyland-solitaire\/#primaryimage\"},\"image\":{\"@id\":\"https:\/\/www.iplay.com\/it\/games\/fairyland-solitaire\/#primaryimage\"},\"thumbnailUrl\":\"https:\/\/www.iplay.com\/wp-content\/uploads\/2023\/12\/large_square_tile_image-2052.jpg\",\"datePublished\":\"2023-06-28T00:00:00+00:00\",\"dateModified\":\"2025-04-03T21:41:26+00:00\",\"description\":\"Entra nel mondo incantato di Fairyland Solitaire e perditi l\u00ec.\",\"breadcrumb\":{\"@id\":\"https:\/\/www.iplay.com\/it\/games\/fairyland-solitaire\/#breadcrumb\"},\"inLanguage\":\"it-IT\",\"potentialAction\":[{\"@type\":\"ReadAction\",\"target\":[\"https:\/\/www.iplay.com\/it\/games\/fairyland-solitaire\/\"]}]},{\"@type\":\"ImageObject\",\"inLanguage\":\"it-IT\",\"@id\":\"https:\/\/www.iplay.com\/it\/games\/fairyland-solitaire\/#primaryimage\",\"url\":\"https:\/\/www.iplay.com\/wp-content\/uploads\/2023\/12\/large_square_tile_image-2052.jpg\",\"contentUrl\":\"https:\/\/www.iplay.com\/wp-content\/uploads\/2023\/12\/large_square_tile_image-2052.jpg\",\"width\":310,\"height\":310},{\"@type\":\"BreadcrumbList\",\"@id\":\"https:\/\/www.iplay.com\/it\/games\/fairyland-solitaire\/#breadcrumb\",\"itemListElement\":[{\"@type\":\"ListItem\",\"position\":1,\"name\":\"Home\",\"item\":\"https:\/\/www.iplay.com\/it\/home-page-2\/\"},{\"@type\":\"ListItem\",\"position\":2,\"name\":\"Shop\",\"item\":\"https:\/\/www.iplay.com\/en\/shop\/\"},{\"@type\":\"ListItem\",\"position\":3,\"name\":\"Fairyland Solitaire\"}]},{\"@type\":\"WebSite\",\"@id\":\"https:\/\/www.iplay.com\/en\/#website\",\"url\":\"https:\/\/www.iplay.com\/en\/\",\"name\":\"IPlay\",\"description\":\"The Best Casual Games!\",\"publisher\":{\"@id\":\"https:\/\/www.iplay.com\/en\/#organization\"},\"potentialAction\":[{\"@type\":\"SearchAction\",\"target\":{\"@type\":\"EntryPoint\",\"urlTemplate\":\"https:\/\/www.iplay.com\/en\/?s={search_term_string}\"},\"query-input\":{\"@type\":\"PropertyValueSpecification\",\"valueRequired\":true,\"valueName\":\"search_term_string\"}}],\"inLanguage\":\"it-IT\"},{\"@type\":\"Organization\",\"@id\":\"https:\/\/www.iplay.com\/en\/#organization\",\"name\":\"IPlay\",\"url\":\"https:\/\/www.iplay.com\/en\/\",\"logo\":{\"@type\":\"ImageObject\",\"inLanguage\":\"it-IT\",\"@id\":\"https:\/\/www.iplay.com\/en\/#\/schema\/logo\/image\/\",\"url\":\"https:\/\/www.iplay.com\/wp-content\/uploads\/2023\/11\/Group-6100.svg\",\"contentUrl\":\"https:\/\/www.iplay.com\/wp-content\/uploads\/2023\/11\/Group-6100.svg\",\"width\":98,\"height\":25,\"caption\":\"IPlay\"},\"image\":{\"@id\":\"https:\/\/www.iplay.com\/en\/#\/schema\/logo\/image\/\"}}]}<\/script>\n<!-- \/ Yoast SEO Premium plugin. -->","yoast_head_json":{"title":"Fairyland Solitaire - Immergiti","description":"Entra nel mondo incantato di Fairyland Solitaire e perditi l\u00ec.","robots":{"index":"index","follow":"follow","max-snippet":"max-snippet:-1","max-image-preview":"max-image-preview:large","max-video-preview":"max-video-preview:-1"},"canonical":"https:\/\/www.iplay.com\/it\/games\/fairyland-solitaire\/","og_locale":"it_IT","og_type":"article","og_title":"Fairyland Solitaire","og_description":"Entra nel mondo incantato di Fairyland Solitaire e perditi l\u00ec.","og_url":"https:\/\/www.iplay.com\/it\/games\/fairyland-solitaire\/","og_site_name":"IPlay","article_modified_time":"2025-04-03T21:41:26+00:00","og_image":[{"width":310,"height":310,"url":"https:\/\/www.iplay.com\/wp-content\/uploads\/2023\/12\/large_square_tile_image-2052.jpg","type":"image\/jpeg"}],"twitter_card":"summary_large_image","twitter_misc":{"Est. reading time":"1 minuto"},"schema":{"@context":"https:\/\/schema.org","@graph":[{"@type":"WebPage","@id":"https:\/\/www.iplay.com\/it\/games\/fairyland-solitaire\/","url":"https:\/\/www.iplay.com\/it\/games\/fairyland-solitaire\/","name":"Fairyland Solitaire - Immergiti","isPartOf":{"@id":"https:\/\/www.iplay.com\/en\/#website"},"primaryImageOfPage":{"@id":"https:\/\/www.iplay.com\/it\/games\/fairyland-solitaire\/#primaryimage"},"image":{"@id":"https:\/\/www.iplay.com\/it\/games\/fairyland-solitaire\/#primaryimage"},"thumbnailUrl":"https:\/\/www.iplay.com\/wp-content\/uploads\/2023\/12\/large_square_tile_image-2052.jpg","datePublished":"2023-06-28T00:00:00+00:00","dateModified":"2025-04-03T21:41:26+00:00","description":"Entra nel mondo incantato di Fairyland Solitaire e perditi l\u00ec.","breadcrumb":{"@id":"https:\/\/www.iplay.com\/it\/games\/fairyland-solitaire\/#breadcrumb"},"inLanguage":"it-IT","potentialAction":[{"@type":"ReadAction","target":["https:\/\/www.iplay.com\/it\/games\/fairyland-solitaire\/"]}]},{"@type":"ImageObject","inLanguage":"it-IT","@id":"https:\/\/www.iplay.com\/it\/games\/fairyland-solitaire\/#primaryimage","url":"https:\/\/www.iplay.com\/wp-content\/uploads\/2023\/12\/large_square_tile_image-2052.jpg","contentUrl":"https:\/\/www.iplay.com\/wp-content\/uploads\/2023\/12\/large_square_tile_image-2052.jpg","width":310,"height":310},{"@type":"BreadcrumbList","@id":"https:\/\/www.iplay.com\/it\/games\/fairyland-solitaire\/#breadcrumb","itemListElement":[{"@type":"ListItem","position":1,"name":"Home","item":"https:\/\/www.iplay.com\/it\/home-page-2\/"},{"@type":"ListItem","position":2,"name":"Shop","item":"https:\/\/www.iplay.com\/en\/shop\/"},{"@type":"ListItem","position":3,"name":"Fairyland Solitaire"}]},{"@type":"WebSite","@id":"https:\/\/www.iplay.com\/en\/#website","url":"https:\/\/www.iplay.com\/en\/","name":"IPlay","description":"The Best Casual Games!","publisher":{"@id":"https:\/\/www.iplay.com\/en\/#organization"},"potentialAction":[{"@type":"SearchAction","target":{"@type":"EntryPoint","urlTemplate":"https:\/\/www.iplay.com\/en\/?s={search_term_string}"},"query-input":{"@type":"PropertyValueSpecification","valueRequired":true,"valueName":"search_term_string"}}],"inLanguage":"it-IT"},{"@type":"Organization","@id":"https:\/\/www.iplay.com\/en\/#organization","name":"IPlay","url":"https:\/\/www.iplay.com\/en\/","logo":{"@type":"ImageObject","inLanguage":"it-IT","@id":"https:\/\/www.iplay.com\/en\/#\/schema\/logo\/image\/","url":"https:\/\/www.iplay.com\/wp-content\/uploads\/2023\/11\/Group-6100.svg","contentUrl":"https:\/\/www.iplay.com\/wp-content\/uploads\/2023\/11\/Group-6100.svg","width":98,"height":25,"caption":"IPlay"},"image":{"@id":"https:\/\/www.iplay.com\/en\/#\/schema\/logo\/image\/"}}]}},"_links":{"self":[{"href":"https:\/\/www.iplay.com\/it\/wp-json\/wp\/v2\/product\/130303","targetHints":{"allow":["GET"]}}],"collection":[{"href":"https:\/\/www.iplay.com\/it\/wp-json\/wp\/v2\/product"}],"about":[{"href":"https:\/\/www.iplay.com\/it\/wp-json\/wp\/v2\/types\/product"}],"author":[{"embeddable":true,"href":"https:\/\/www.iplay.com\/it\/wp-json\/wp\/v2\/users\/129"}],"replies":[{"embeddable":true,"href":"https:\/\/www.iplay.com\/it\/wp-json\/wp\/v2\/comments?post=130303"}],"wp:featuredmedia":[{"embeddable":true,"href":"https:\/\/www.iplay.com\/it\/wp-json\/wp\/v2\/media\/72967"}],"wp:attachment":[{"href":"https:\/\/www.iplay.com\/it\/wp-json\/wp\/v2\/media?parent=130303"}],"wp:term":[{"taxonomy":"product_brand","embeddable":true,"href":"https:\/\/www.iplay.com\/it\/wp-json\/wp\/v2\/product_brand?post=130303"},{"taxonomy":"product_cat","embeddable":true,"href":"https:\/\/www.iplay.com\/it\/wp-json\/wp\/v2\/product_cat?post=130303"},{"taxonomy":"product_tag","embeddable":true,"href":"https:\/\/www.iplay.com\/it\/wp-json\/wp\/v2\/product_tag?post=130303"}],"curies":[{"name":"wp","href":"https:\/\/api.w.org\/{rel}","templated":true}]}}