{"id":130278,"date":"2023-06-21T00:00:00","date_gmt":"2023-06-21T00:00:00","guid":{"rendered":"https:\/\/www.iplay.com\/games\/mystery-case-files-the-last-resort-ce\/"},"modified":"2023-06-21T00:00:00","modified_gmt":"2023-06-21T00:00:00","slug":"mystery-case-files-the-last-resort-ce","status":"publish","type":"product","link":"https:\/\/www.iplay.com\/it\/games\/mystery-case-files-the-last-resort-ce\/","title":{"rendered":"Mystery Case Files: The Last Resort CE"},"content":{"rendered":"<p>Sei pronto per il prossimo emozionante caso della popolare serie Mystery Case Files? Dopo l&#8217;ultima istanza, il medico mi ha prescritto una vacanza sulla neve, ma questa non \u00e8 una vacanza qualsiasi! Rivesti i panni del sempre scrupoloso Master Detective in questo nuovo incredibile viaggio che ti condurr\u00e0 nei boschi e oltre la tranquilla cittadina di Mountain View alla ricerca di un gruppo di visitatori scomparsi che include un membro della famiglia reale. Basta fare attenzione! Un detective meno esperto potrebbe impazzire nell&#8217;apprendere le orribili verit\u00e0 nascoste nella citt\u00e0, nell&#8217;hotel e persino nella montagna stessa. Detective, avrai bisogno di tutte le abilit\u00e0 del libro per risolvere questo caso! Preparati ad affrontare le piste con questo nuovo emozionante HOPA.      <\/p>\n<p>&nbsp;<\/p>\n<p>&nbsp;<\/p>\n<p><strong>Tratti somatici:<\/strong><\/p>\n<p>&nbsp;<\/p>\n<p>&#8211; Visita ancora una volta la letale montagna nel capitolo extra!<\/p>\n<p>&#8211; Usa la guida strategica per aiutarti a navigare attraverso la natura selvaggia!<\/p>\n<p>&#8211; Individua gli oggetti da collezione per risolvere il puzzle bonus e ottenere risultati!<\/p>\n<p>&#8211; Musica e sfondi che possono essere scaricati per portare il mistero all&#8217;interno!<\/p>\n","protected":false},"excerpt":{"rendered":"<p>C&#8217;\u00e8 solo il telefono, non c&#8217;\u00e8 Internet! Scopri Un oscuro passato si nasconde in una stazione sciistica! <\/p>\n","protected":false},"author":17,"featured_media":73063,"comment_status":"open","ping_status":"closed","template":"","meta":{"_acf_changed":false,"inline_featured_image":false},"product_brand":[],"product_cat":[163],"product_tag":[290],"class_list":{"0":"post-130278","1":"product","2":"type-product","3":"status-publish","4":"has-post-thumbnail","6":"product_cat-hidden-object-it","7":"product_tag-play-on-pc-it","9":"first","10":"instock","11":"shipping-taxable","12":"purchasable","13":"product-type-simple"},"acf":[],"yoast_head":"<!-- This site is optimized with the Yoast SEO Premium plugin v25.2 (Yoast SEO v25.2) - https:\/\/yoast.com\/wordpress\/plugins\/seo\/ -->\n<title>Mystery Case Files: The Last Resort CE - Esplora il sinistro passato di una stazione sciistica con solo terrore<\/title>\n<meta name=\"description\" content=\"C&#039;\u00e8 solo il telefono, non c&#039;\u00e8 Internet! Scopri Un oscuro passato si nasconde in una stazione sciistica!\" \/>\n<meta name=\"robots\" content=\"index, follow, max-snippet:-1, max-image-preview:large, max-video-preview:-1\" \/>\n<link rel=\"canonical\" href=\"https:\/\/www.iplay.com\/it\/games\/mystery-case-files-the-last-resort-ce\/\" \/>\n<meta property=\"og:locale\" content=\"it_IT\" \/>\n<meta property=\"og:type\" content=\"article\" \/>\n<meta property=\"og:title\" content=\"Mystery Case Files: The Last Resort CE\" \/>\n<meta property=\"og:description\" content=\"C&#039;\u00e8 solo il telefono, non c&#039;\u00e8 Internet! Scopri Un oscuro passato si nasconde in una stazione sciistica!\" \/>\n<meta property=\"og:url\" content=\"https:\/\/www.iplay.com\/it\/games\/mystery-case-files-the-last-resort-ce\/\" \/>\n<meta property=\"og:site_name\" content=\"IPlay\" \/>\n<meta property=\"og:image\" content=\"https:\/\/www.iplay.com\/wp-content\/uploads\/2023\/12\/large_square_tile_image-2058.jpg\" \/>\n\t<meta property=\"og:image:width\" content=\"310\" \/>\n\t<meta property=\"og:image:height\" content=\"310\" \/>\n\t<meta property=\"og:image:type\" content=\"image\/jpeg\" \/>\n<meta name=\"twitter:card\" content=\"summary_large_image\" \/>\n<meta name=\"twitter:label1\" content=\"Est. reading time\" \/>\n\t<meta name=\"twitter:data1\" content=\"1 minuto\" \/>\n<script type=\"application\/ld+json\" class=\"yoast-schema-graph\">{\"@context\":\"https:\/\/schema.org\",\"@graph\":[{\"@type\":\"WebPage\",\"@id\":\"https:\/\/www.iplay.com\/it\/games\/mystery-case-files-the-last-resort-ce\/\",\"url\":\"https:\/\/www.iplay.com\/it\/games\/mystery-case-files-the-last-resort-ce\/\",\"name\":\"Mystery Case Files: The Last Resort CE - Esplora il sinistro passato di una stazione sciistica con solo terrore\",\"isPartOf\":{\"@id\":\"https:\/\/www.iplay.com\/en\/#website\"},\"primaryImageOfPage\":{\"@id\":\"https:\/\/www.iplay.com\/it\/games\/mystery-case-files-the-last-resort-ce\/#primaryimage\"},\"image\":{\"@id\":\"https:\/\/www.iplay.com\/it\/games\/mystery-case-files-the-last-resort-ce\/#primaryimage\"},\"thumbnailUrl\":\"https:\/\/www.iplay.com\/wp-content\/uploads\/2023\/12\/large_square_tile_image-2058.jpg\",\"datePublished\":\"2023-06-21T00:00:00+00:00\",\"description\":\"C'\u00e8 solo il telefono, non c'\u00e8 Internet! Scopri Un oscuro passato si nasconde in una stazione sciistica!\",\"breadcrumb\":{\"@id\":\"https:\/\/www.iplay.com\/it\/games\/mystery-case-files-the-last-resort-ce\/#breadcrumb\"},\"inLanguage\":\"it-IT\",\"potentialAction\":[{\"@type\":\"ReadAction\",\"target\":[\"https:\/\/www.iplay.com\/it\/games\/mystery-case-files-the-last-resort-ce\/\"]}]},{\"@type\":\"ImageObject\",\"inLanguage\":\"it-IT\",\"@id\":\"https:\/\/www.iplay.com\/it\/games\/mystery-case-files-the-last-resort-ce\/#primaryimage\",\"url\":\"https:\/\/www.iplay.com\/wp-content\/uploads\/2023\/12\/large_square_tile_image-2058.jpg\",\"contentUrl\":\"https:\/\/www.iplay.com\/wp-content\/uploads\/2023\/12\/large_square_tile_image-2058.jpg\",\"width\":310,\"height\":310},{\"@type\":\"BreadcrumbList\",\"@id\":\"https:\/\/www.iplay.com\/it\/games\/mystery-case-files-the-last-resort-ce\/#breadcrumb\",\"itemListElement\":[{\"@type\":\"ListItem\",\"position\":1,\"name\":\"Home\",\"item\":\"https:\/\/www.iplay.com\/it\/home-page-2\/\"},{\"@type\":\"ListItem\",\"position\":2,\"name\":\"Shop\",\"item\":\"https:\/\/www.iplay.com\/en\/shop\/\"},{\"@type\":\"ListItem\",\"position\":3,\"name\":\"Mystery Case Files: The Last Resort CE\"}]},{\"@type\":\"WebSite\",\"@id\":\"https:\/\/www.iplay.com\/en\/#website\",\"url\":\"https:\/\/www.iplay.com\/en\/\",\"name\":\"IPlay\",\"description\":\"The Best Casual Games!\",\"publisher\":{\"@id\":\"https:\/\/www.iplay.com\/en\/#organization\"},\"potentialAction\":[{\"@type\":\"SearchAction\",\"target\":{\"@type\":\"EntryPoint\",\"urlTemplate\":\"https:\/\/www.iplay.com\/en\/?s={search_term_string}\"},\"query-input\":{\"@type\":\"PropertyValueSpecification\",\"valueRequired\":true,\"valueName\":\"search_term_string\"}}],\"inLanguage\":\"it-IT\"},{\"@type\":\"Organization\",\"@id\":\"https:\/\/www.iplay.com\/en\/#organization\",\"name\":\"IPlay\",\"url\":\"https:\/\/www.iplay.com\/en\/\",\"logo\":{\"@type\":\"ImageObject\",\"inLanguage\":\"it-IT\",\"@id\":\"https:\/\/www.iplay.com\/en\/#\/schema\/logo\/image\/\",\"url\":\"https:\/\/www.iplay.com\/wp-content\/uploads\/2023\/11\/Group-6100.svg\",\"contentUrl\":\"https:\/\/www.iplay.com\/wp-content\/uploads\/2023\/11\/Group-6100.svg\",\"width\":98,\"height\":25,\"caption\":\"IPlay\"},\"image\":{\"@id\":\"https:\/\/www.iplay.com\/en\/#\/schema\/logo\/image\/\"}}]}<\/script>\n<!-- \/ Yoast SEO Premium plugin. -->","yoast_head_json":{"title":"Mystery Case Files: The Last Resort CE - Esplora il sinistro passato di una stazione sciistica con solo terrore","description":"C'\u00e8 solo il telefono, non c'\u00e8 Internet! Scopri Un oscuro passato si nasconde in una stazione sciistica!","robots":{"index":"index","follow":"follow","max-snippet":"max-snippet:-1","max-image-preview":"max-image-preview:large","max-video-preview":"max-video-preview:-1"},"canonical":"https:\/\/www.iplay.com\/it\/games\/mystery-case-files-the-last-resort-ce\/","og_locale":"it_IT","og_type":"article","og_title":"Mystery Case Files: The Last Resort CE","og_description":"C'\u00e8 solo il telefono, non c'\u00e8 Internet! Scopri Un oscuro passato si nasconde in una stazione sciistica!","og_url":"https:\/\/www.iplay.com\/it\/games\/mystery-case-files-the-last-resort-ce\/","og_site_name":"IPlay","og_image":[{"width":310,"height":310,"url":"https:\/\/www.iplay.com\/wp-content\/uploads\/2023\/12\/large_square_tile_image-2058.jpg","type":"image\/jpeg"}],"twitter_card":"summary_large_image","twitter_misc":{"Est. reading time":"1 minuto"},"schema":{"@context":"https:\/\/schema.org","@graph":[{"@type":"WebPage","@id":"https:\/\/www.iplay.com\/it\/games\/mystery-case-files-the-last-resort-ce\/","url":"https:\/\/www.iplay.com\/it\/games\/mystery-case-files-the-last-resort-ce\/","name":"Mystery Case Files: The Last Resort CE - Esplora il sinistro passato di una stazione sciistica con solo terrore","isPartOf":{"@id":"https:\/\/www.iplay.com\/en\/#website"},"primaryImageOfPage":{"@id":"https:\/\/www.iplay.com\/it\/games\/mystery-case-files-the-last-resort-ce\/#primaryimage"},"image":{"@id":"https:\/\/www.iplay.com\/it\/games\/mystery-case-files-the-last-resort-ce\/#primaryimage"},"thumbnailUrl":"https:\/\/www.iplay.com\/wp-content\/uploads\/2023\/12\/large_square_tile_image-2058.jpg","datePublished":"2023-06-21T00:00:00+00:00","description":"C'\u00e8 solo il telefono, non c'\u00e8 Internet! Scopri Un oscuro passato si nasconde in una stazione sciistica!","breadcrumb":{"@id":"https:\/\/www.iplay.com\/it\/games\/mystery-case-files-the-last-resort-ce\/#breadcrumb"},"inLanguage":"it-IT","potentialAction":[{"@type":"ReadAction","target":["https:\/\/www.iplay.com\/it\/games\/mystery-case-files-the-last-resort-ce\/"]}]},{"@type":"ImageObject","inLanguage":"it-IT","@id":"https:\/\/www.iplay.com\/it\/games\/mystery-case-files-the-last-resort-ce\/#primaryimage","url":"https:\/\/www.iplay.com\/wp-content\/uploads\/2023\/12\/large_square_tile_image-2058.jpg","contentUrl":"https:\/\/www.iplay.com\/wp-content\/uploads\/2023\/12\/large_square_tile_image-2058.jpg","width":310,"height":310},{"@type":"BreadcrumbList","@id":"https:\/\/www.iplay.com\/it\/games\/mystery-case-files-the-last-resort-ce\/#breadcrumb","itemListElement":[{"@type":"ListItem","position":1,"name":"Home","item":"https:\/\/www.iplay.com\/it\/home-page-2\/"},{"@type":"ListItem","position":2,"name":"Shop","item":"https:\/\/www.iplay.com\/en\/shop\/"},{"@type":"ListItem","position":3,"name":"Mystery Case Files: The Last Resort CE"}]},{"@type":"WebSite","@id":"https:\/\/www.iplay.com\/en\/#website","url":"https:\/\/www.iplay.com\/en\/","name":"IPlay","description":"The Best Casual Games!","publisher":{"@id":"https:\/\/www.iplay.com\/en\/#organization"},"potentialAction":[{"@type":"SearchAction","target":{"@type":"EntryPoint","urlTemplate":"https:\/\/www.iplay.com\/en\/?s={search_term_string}"},"query-input":{"@type":"PropertyValueSpecification","valueRequired":true,"valueName":"search_term_string"}}],"inLanguage":"it-IT"},{"@type":"Organization","@id":"https:\/\/www.iplay.com\/en\/#organization","name":"IPlay","url":"https:\/\/www.iplay.com\/en\/","logo":{"@type":"ImageObject","inLanguage":"it-IT","@id":"https:\/\/www.iplay.com\/en\/#\/schema\/logo\/image\/","url":"https:\/\/www.iplay.com\/wp-content\/uploads\/2023\/11\/Group-6100.svg","contentUrl":"https:\/\/www.iplay.com\/wp-content\/uploads\/2023\/11\/Group-6100.svg","width":98,"height":25,"caption":"IPlay"},"image":{"@id":"https:\/\/www.iplay.com\/en\/#\/schema\/logo\/image\/"}}]}},"_links":{"self":[{"href":"https:\/\/www.iplay.com\/it\/wp-json\/wp\/v2\/product\/130278","targetHints":{"allow":["GET"]}}],"collection":[{"href":"https:\/\/www.iplay.com\/it\/wp-json\/wp\/v2\/product"}],"about":[{"href":"https:\/\/www.iplay.com\/it\/wp-json\/wp\/v2\/types\/product"}],"author":[{"embeddable":true,"href":"https:\/\/www.iplay.com\/it\/wp-json\/wp\/v2\/users\/17"}],"replies":[{"embeddable":true,"href":"https:\/\/www.iplay.com\/it\/wp-json\/wp\/v2\/comments?post=130278"}],"wp:featuredmedia":[{"embeddable":true,"href":"https:\/\/www.iplay.com\/it\/wp-json\/wp\/v2\/media\/73063"}],"wp:attachment":[{"href":"https:\/\/www.iplay.com\/it\/wp-json\/wp\/v2\/media?parent=130278"}],"wp:term":[{"taxonomy":"product_brand","embeddable":true,"href":"https:\/\/www.iplay.com\/it\/wp-json\/wp\/v2\/product_brand?post=130278"},{"taxonomy":"product_cat","embeddable":true,"href":"https:\/\/www.iplay.com\/it\/wp-json\/wp\/v2\/product_cat?post=130278"},{"taxonomy":"product_tag","embeddable":true,"href":"https:\/\/www.iplay.com\/it\/wp-json\/wp\/v2\/product_tag?post=130278"}],"curies":[{"name":"wp","href":"https:\/\/api.w.org\/{rel}","templated":true}]}}