{"id":129947,"date":"2023-08-04T00:00:00","date_gmt":"2023-08-04T00:00:00","guid":{"rendered":"https:\/\/www.iplay.com\/games\/crossroad-of-worlds-cursed-letters-collectors-edition\/"},"modified":"2023-08-04T00:00:00","modified_gmt":"2023-08-04T00:00:00","slug":"crossroad-of-worlds-cursed-letters-collectors-edition","status":"publish","type":"product","link":"https:\/\/www.iplay.com\/it\/games\/crossroad-of-worlds-cursed-letters-collectors-edition\/","title":{"rendered":"Crossroad of Worlds: Cursed Letters Collector&#8217;s Edition"},"content":{"rendered":"<p>Esci alla luce! Come dovresti reagire se qualcuno ti inganna deliberatamente? I detective dell&#8217;agenzia Worlds&#8217; Edge non sono mai troppo lontani dal sentiero. Il tuo prossimo compito \u00e8 capire chi ci guadagner\u00e0 se le stelle rubate non vengono restituite ai legittimi proprietari. Questo gioco potrebbe avere le migliori situazioni di caccia agli oggetti e minigiochi di DominiGames! C&#8217;\u00e8 un volto familiare alla porta dell&#8217;agenzia Worlds&#8217; Edge. Gli sei gi\u00e0 stato di grande aiuto, ma il dovere richiede ancora una volta attenzione. Franz \u00e8 pronto a espiare il suo errore precedente e a restituire le stelle del mondo che ha preso. Ora vengono fatte minacce contro il giovane, la cui salute sta peggiorando, suggerendo che qualcuno non \u00e8 contento di come stanno andando le cose. Aiutalo prima che sia troppo tardi, per favore! Indaga su nuove aree mentre cerchi indizi dalle lettere minacciose per rintracciare il malvagio. Devi intraprendere un viaggio affascinante in cui devi esaminare le ambientazioni delle fiabe e individuare gli indizi. Indaga su nuove aree mentre cerchi indizi dalle lettere minacciose per rintracciare il malvagio. Devi intraprendere un viaggio fantastico in cui devi esplorare mondi magici, raccogliere ogni stella per riportare alla mente i ricordi delle persone che ci vivono e risolvere altri affascinanti enigmi. Affronta un avvincente mistero poliziesco in questa nuova emozionante avventura rompicapo a oggetti nascosti, che metter\u00e0 alla prova il tuo cervello.              <\/p>\n<p>&nbsp;<\/p>\n<p>&nbsp;<\/p>\n<p><strong>Tratti somatici:<\/strong><\/p>\n<p>&nbsp;<\/p>\n<p>&#8211; Risolvi il problema! Un capitolo aggiuntivo che descrive in dettaglio un enorme gruppo di cospiratori alla ricerca delle misteriose stelle dell&#8217;universo pu\u00f2 essere sbloccato completando il gioco principale! <\/p>\n<p>&#8211; Accumula stelle e punti rilevando correttamente le differenze!<\/p>\n<p>&#8211; Devi ottenere stelle ad ogni livello del gioco per passare al successivo e completare l&#8217;indagine!<\/p>\n<p>&#8211; Divertiti durante i tuoi viaggi!<\/p>\n<p>&#8211; Assumi il compito di trovare ogni oggetto!<\/p>\n<p>&#8211; Mostra la tua concentrazione e velocit\u00e0 di reazione mentre navighi negli spazi e cerchi gemme nascoste per completare tutti i giochi interattivi.<\/p>\n<p>&#8211; Proteggi l&#8217;ambiente mentre mostri le tue abilit\u00e0!<\/p>\n","protected":false},"excerpt":{"rendered":"<p>Esci alla luce! Come dovresti reagire se qualcuno ti inganna deliberatamente? <\/p>\n","protected":false},"author":52,"featured_media":72503,"comment_status":"open","ping_status":"closed","template":"","meta":{"_acf_changed":false,"inline_featured_image":false},"product_brand":[],"product_cat":[163],"product_tag":[290],"class_list":{"0":"post-129947","1":"product","2":"type-product","3":"status-publish","4":"has-post-thumbnail","6":"product_cat-hidden-object-it","7":"product_tag-play-on-pc-it","9":"first","10":"instock","11":"shipping-taxable","12":"purchasable","13":"product-type-simple"},"acf":[],"yoast_head":"<!-- This site is optimized with the Yoast SEO Premium plugin v25.2 (Yoast SEO v25.2) - https:\/\/yoast.com\/wordpress\/plugins\/seo\/ -->\n<title>Crossroad of Worlds: Cursed Letters Edizione Speciale - Affronta il sole! E se qualcuno ti porta intenzionalmente fuori strada?<\/title>\n<meta name=\"description\" content=\"Esci alla luce! Come dovresti reagire se qualcuno ti inganna deliberatamente?\" \/>\n<meta name=\"robots\" content=\"index, follow, max-snippet:-1, max-image-preview:large, max-video-preview:-1\" \/>\n<link rel=\"canonical\" href=\"https:\/\/www.iplay.com\/it\/games\/crossroad-of-worlds-cursed-letters-collectors-edition\/\" \/>\n<meta property=\"og:locale\" content=\"it_IT\" \/>\n<meta property=\"og:type\" content=\"article\" \/>\n<meta property=\"og:title\" content=\"Crossroad of Worlds: Cursed Letters Collector&#039;s Edition\" \/>\n<meta property=\"og:description\" content=\"Esci alla luce! Come dovresti reagire se qualcuno ti inganna deliberatamente?\" \/>\n<meta property=\"og:url\" content=\"https:\/\/www.iplay.com\/it\/games\/crossroad-of-worlds-cursed-letters-collectors-edition\/\" \/>\n<meta property=\"og:site_name\" content=\"IPlay\" \/>\n<meta property=\"og:image\" content=\"https:\/\/www.iplay.com\/wp-content\/uploads\/2023\/12\/large_square_tile_image-2023.jpg\" \/>\n\t<meta property=\"og:image:width\" content=\"310\" \/>\n\t<meta property=\"og:image:height\" content=\"310\" \/>\n\t<meta property=\"og:image:type\" content=\"image\/jpeg\" \/>\n<meta name=\"twitter:card\" content=\"summary_large_image\" \/>\n<meta name=\"twitter:label1\" content=\"Est. reading time\" \/>\n\t<meta name=\"twitter:data1\" content=\"2 minuti\" \/>\n<script type=\"application\/ld+json\" class=\"yoast-schema-graph\">{\"@context\":\"https:\/\/schema.org\",\"@graph\":[{\"@type\":\"WebPage\",\"@id\":\"https:\/\/www.iplay.com\/it\/games\/crossroad-of-worlds-cursed-letters-collectors-edition\/\",\"url\":\"https:\/\/www.iplay.com\/it\/games\/crossroad-of-worlds-cursed-letters-collectors-edition\/\",\"name\":\"Crossroad of Worlds: Cursed Letters Edizione Speciale - Affronta il sole! E se qualcuno ti porta intenzionalmente fuori strada?\",\"isPartOf\":{\"@id\":\"https:\/\/www.iplay.com\/en\/#website\"},\"primaryImageOfPage\":{\"@id\":\"https:\/\/www.iplay.com\/it\/games\/crossroad-of-worlds-cursed-letters-collectors-edition\/#primaryimage\"},\"image\":{\"@id\":\"https:\/\/www.iplay.com\/it\/games\/crossroad-of-worlds-cursed-letters-collectors-edition\/#primaryimage\"},\"thumbnailUrl\":\"https:\/\/www.iplay.com\/wp-content\/uploads\/2023\/12\/large_square_tile_image-2023.jpg\",\"datePublished\":\"2023-08-04T00:00:00+00:00\",\"description\":\"Esci alla luce! Come dovresti reagire se qualcuno ti inganna deliberatamente?\",\"breadcrumb\":{\"@id\":\"https:\/\/www.iplay.com\/it\/games\/crossroad-of-worlds-cursed-letters-collectors-edition\/#breadcrumb\"},\"inLanguage\":\"it-IT\",\"potentialAction\":[{\"@type\":\"ReadAction\",\"target\":[\"https:\/\/www.iplay.com\/it\/games\/crossroad-of-worlds-cursed-letters-collectors-edition\/\"]}]},{\"@type\":\"ImageObject\",\"inLanguage\":\"it-IT\",\"@id\":\"https:\/\/www.iplay.com\/it\/games\/crossroad-of-worlds-cursed-letters-collectors-edition\/#primaryimage\",\"url\":\"https:\/\/www.iplay.com\/wp-content\/uploads\/2023\/12\/large_square_tile_image-2023.jpg\",\"contentUrl\":\"https:\/\/www.iplay.com\/wp-content\/uploads\/2023\/12\/large_square_tile_image-2023.jpg\",\"width\":310,\"height\":310},{\"@type\":\"BreadcrumbList\",\"@id\":\"https:\/\/www.iplay.com\/it\/games\/crossroad-of-worlds-cursed-letters-collectors-edition\/#breadcrumb\",\"itemListElement\":[{\"@type\":\"ListItem\",\"position\":1,\"name\":\"Home\",\"item\":\"https:\/\/www.iplay.com\/it\/home-page-2\/\"},{\"@type\":\"ListItem\",\"position\":2,\"name\":\"Shop\",\"item\":\"https:\/\/www.iplay.com\/en\/shop\/\"},{\"@type\":\"ListItem\",\"position\":3,\"name\":\"Crossroad of Worlds: Cursed Letters Collector&#8217;s Edition\"}]},{\"@type\":\"WebSite\",\"@id\":\"https:\/\/www.iplay.com\/en\/#website\",\"url\":\"https:\/\/www.iplay.com\/en\/\",\"name\":\"IPlay\",\"description\":\"The Best Casual Games!\",\"publisher\":{\"@id\":\"https:\/\/www.iplay.com\/en\/#organization\"},\"potentialAction\":[{\"@type\":\"SearchAction\",\"target\":{\"@type\":\"EntryPoint\",\"urlTemplate\":\"https:\/\/www.iplay.com\/en\/?s={search_term_string}\"},\"query-input\":{\"@type\":\"PropertyValueSpecification\",\"valueRequired\":true,\"valueName\":\"search_term_string\"}}],\"inLanguage\":\"it-IT\"},{\"@type\":\"Organization\",\"@id\":\"https:\/\/www.iplay.com\/en\/#organization\",\"name\":\"IPlay\",\"url\":\"https:\/\/www.iplay.com\/en\/\",\"logo\":{\"@type\":\"ImageObject\",\"inLanguage\":\"it-IT\",\"@id\":\"https:\/\/www.iplay.com\/en\/#\/schema\/logo\/image\/\",\"url\":\"https:\/\/www.iplay.com\/wp-content\/uploads\/2023\/11\/Group-6100.svg\",\"contentUrl\":\"https:\/\/www.iplay.com\/wp-content\/uploads\/2023\/11\/Group-6100.svg\",\"width\":98,\"height\":25,\"caption\":\"IPlay\"},\"image\":{\"@id\":\"https:\/\/www.iplay.com\/en\/#\/schema\/logo\/image\/\"}}]}<\/script>\n<!-- \/ Yoast SEO Premium plugin. -->","yoast_head_json":{"title":"Crossroad of Worlds: Cursed Letters Edizione Speciale - Affronta il sole! E se qualcuno ti porta intenzionalmente fuori strada?","description":"Esci alla luce! Come dovresti reagire se qualcuno ti inganna deliberatamente?","robots":{"index":"index","follow":"follow","max-snippet":"max-snippet:-1","max-image-preview":"max-image-preview:large","max-video-preview":"max-video-preview:-1"},"canonical":"https:\/\/www.iplay.com\/it\/games\/crossroad-of-worlds-cursed-letters-collectors-edition\/","og_locale":"it_IT","og_type":"article","og_title":"Crossroad of Worlds: Cursed Letters Collector's Edition","og_description":"Esci alla luce! Come dovresti reagire se qualcuno ti inganna deliberatamente?","og_url":"https:\/\/www.iplay.com\/it\/games\/crossroad-of-worlds-cursed-letters-collectors-edition\/","og_site_name":"IPlay","og_image":[{"width":310,"height":310,"url":"https:\/\/www.iplay.com\/wp-content\/uploads\/2023\/12\/large_square_tile_image-2023.jpg","type":"image\/jpeg"}],"twitter_card":"summary_large_image","twitter_misc":{"Est. reading time":"2 minuti"},"schema":{"@context":"https:\/\/schema.org","@graph":[{"@type":"WebPage","@id":"https:\/\/www.iplay.com\/it\/games\/crossroad-of-worlds-cursed-letters-collectors-edition\/","url":"https:\/\/www.iplay.com\/it\/games\/crossroad-of-worlds-cursed-letters-collectors-edition\/","name":"Crossroad of Worlds: Cursed Letters Edizione Speciale - Affronta il sole! E se qualcuno ti porta intenzionalmente fuori strada?","isPartOf":{"@id":"https:\/\/www.iplay.com\/en\/#website"},"primaryImageOfPage":{"@id":"https:\/\/www.iplay.com\/it\/games\/crossroad-of-worlds-cursed-letters-collectors-edition\/#primaryimage"},"image":{"@id":"https:\/\/www.iplay.com\/it\/games\/crossroad-of-worlds-cursed-letters-collectors-edition\/#primaryimage"},"thumbnailUrl":"https:\/\/www.iplay.com\/wp-content\/uploads\/2023\/12\/large_square_tile_image-2023.jpg","datePublished":"2023-08-04T00:00:00+00:00","description":"Esci alla luce! Come dovresti reagire se qualcuno ti inganna deliberatamente?","breadcrumb":{"@id":"https:\/\/www.iplay.com\/it\/games\/crossroad-of-worlds-cursed-letters-collectors-edition\/#breadcrumb"},"inLanguage":"it-IT","potentialAction":[{"@type":"ReadAction","target":["https:\/\/www.iplay.com\/it\/games\/crossroad-of-worlds-cursed-letters-collectors-edition\/"]}]},{"@type":"ImageObject","inLanguage":"it-IT","@id":"https:\/\/www.iplay.com\/it\/games\/crossroad-of-worlds-cursed-letters-collectors-edition\/#primaryimage","url":"https:\/\/www.iplay.com\/wp-content\/uploads\/2023\/12\/large_square_tile_image-2023.jpg","contentUrl":"https:\/\/www.iplay.com\/wp-content\/uploads\/2023\/12\/large_square_tile_image-2023.jpg","width":310,"height":310},{"@type":"BreadcrumbList","@id":"https:\/\/www.iplay.com\/it\/games\/crossroad-of-worlds-cursed-letters-collectors-edition\/#breadcrumb","itemListElement":[{"@type":"ListItem","position":1,"name":"Home","item":"https:\/\/www.iplay.com\/it\/home-page-2\/"},{"@type":"ListItem","position":2,"name":"Shop","item":"https:\/\/www.iplay.com\/en\/shop\/"},{"@type":"ListItem","position":3,"name":"Crossroad of Worlds: Cursed Letters Collector&#8217;s Edition"}]},{"@type":"WebSite","@id":"https:\/\/www.iplay.com\/en\/#website","url":"https:\/\/www.iplay.com\/en\/","name":"IPlay","description":"The Best Casual Games!","publisher":{"@id":"https:\/\/www.iplay.com\/en\/#organization"},"potentialAction":[{"@type":"SearchAction","target":{"@type":"EntryPoint","urlTemplate":"https:\/\/www.iplay.com\/en\/?s={search_term_string}"},"query-input":{"@type":"PropertyValueSpecification","valueRequired":true,"valueName":"search_term_string"}}],"inLanguage":"it-IT"},{"@type":"Organization","@id":"https:\/\/www.iplay.com\/en\/#organization","name":"IPlay","url":"https:\/\/www.iplay.com\/en\/","logo":{"@type":"ImageObject","inLanguage":"it-IT","@id":"https:\/\/www.iplay.com\/en\/#\/schema\/logo\/image\/","url":"https:\/\/www.iplay.com\/wp-content\/uploads\/2023\/11\/Group-6100.svg","contentUrl":"https:\/\/www.iplay.com\/wp-content\/uploads\/2023\/11\/Group-6100.svg","width":98,"height":25,"caption":"IPlay"},"image":{"@id":"https:\/\/www.iplay.com\/en\/#\/schema\/logo\/image\/"}}]}},"_links":{"self":[{"href":"https:\/\/www.iplay.com\/it\/wp-json\/wp\/v2\/product\/129947","targetHints":{"allow":["GET"]}}],"collection":[{"href":"https:\/\/www.iplay.com\/it\/wp-json\/wp\/v2\/product"}],"about":[{"href":"https:\/\/www.iplay.com\/it\/wp-json\/wp\/v2\/types\/product"}],"author":[{"embeddable":true,"href":"https:\/\/www.iplay.com\/it\/wp-json\/wp\/v2\/users\/52"}],"replies":[{"embeddable":true,"href":"https:\/\/www.iplay.com\/it\/wp-json\/wp\/v2\/comments?post=129947"}],"wp:featuredmedia":[{"embeddable":true,"href":"https:\/\/www.iplay.com\/it\/wp-json\/wp\/v2\/media\/72503"}],"wp:attachment":[{"href":"https:\/\/www.iplay.com\/it\/wp-json\/wp\/v2\/media?parent=129947"}],"wp:term":[{"taxonomy":"product_brand","embeddable":true,"href":"https:\/\/www.iplay.com\/it\/wp-json\/wp\/v2\/product_brand?post=129947"},{"taxonomy":"product_cat","embeddable":true,"href":"https:\/\/www.iplay.com\/it\/wp-json\/wp\/v2\/product_cat?post=129947"},{"taxonomy":"product_tag","embeddable":true,"href":"https:\/\/www.iplay.com\/it\/wp-json\/wp\/v2\/product_tag?post=129947"}],"curies":[{"name":"wp","href":"https:\/\/api.w.org\/{rel}","templated":true}]}}