{"id":129724,"date":"2023-09-29T00:00:02","date_gmt":"2023-09-29T00:00:02","guid":{"rendered":"https:\/\/www.iplay.com\/games\/royal-romances-endless-winter-ce\/"},"modified":"2023-09-29T00:00:02","modified_gmt":"2023-09-29T00:00:02","slug":"royal-romances-endless-winter-ce","status":"publish","type":"product","link":"https:\/\/www.iplay.com\/it\/games\/royal-romances-endless-winter-ce\/","title":{"rendered":"Royal Romances: Endless Winter CE"},"content":{"rendered":"<p>L&#8217;attesissimo seguito di Royal Romances: Battle of the Woods \u00e8 arrivato, con Royal Romances: Endless Winter CE! Il regno sta ora vivendo l&#8217;inverno eterno e le persone stanno fuggendo dalle loro case in cerca di rifugio a causa del freddo estremo e della fame. Quanto tempo ci vorr\u00e0 prima che nessuno rimanga nella foresta a causa di ci\u00f2? Un&#8217;elfa di nome Maryelle si presenta bisognosa di aiuto in questi giorni di tempesta, in cui il guardiano della foresta sta trovando particolarmente difficile supervisionare il benessere dei luoghi sotto la sua cura. Pi\u00f9 o meno nel periodo dell&#8217;insolito ghiaccio del regno, il fratello del piccolo elfo scomparve. \u00c8 una coincidenza, o conosce la verit\u00e0 sul lento ma inevitabile annientamento del regno da parte del freddo estremo? Devi riportare la luce del sole e la vegetazione forestale un tempo lussureggiante.      <\/p>\n<p>&nbsp;<\/p>\n<p><strong>Tratti somatici<\/strong><\/p>\n<p>&nbsp;<\/p>\n<p>&#8211; Scopri una storia nuova di zecca nel capitolo bonus!<br \/>\n&#8211; Puoi sempre tornare indietro e giocare alle scene e ai minigiochi con oggetti nascosti che preferisci!<br \/>\n&#8211; Ci sono molteplici obiettivi da raggiungere!<br \/>\n&#8211; Tieni d&#8217;occhio gli oggetti morphing e le chicche nascoste!<\/p>\n","protected":false},"excerpt":{"rendered":"<p>In Royal Romances: Endless Winter CE, il regno \u00e8 entrato in un inverno eterno.<\/p>\n","protected":false},"author":52,"featured_media":71799,"comment_status":"open","ping_status":"closed","template":"","meta":{"_acf_changed":false,"inline_featured_image":false},"product_brand":[],"product_cat":[163],"product_tag":[290,353],"class_list":{"0":"post-129724","1":"product","2":"type-product","3":"status-publish","4":"has-post-thumbnail","6":"product_cat-hidden-object-it","7":"product_tag-play-on-pc-it","8":"product_tag-valentines-day-it-2","10":"first","11":"instock","12":"shipping-taxable","13":"purchasable","14":"product-type-simple"},"acf":[],"yoast_head":"<!-- This site is optimized with the Yoast SEO Premium plugin v25.2 (Yoast SEO v25.2) - https:\/\/yoast.com\/wordpress\/plugins\/seo\/ -->\n<title>Royal Romances: Endless Winter CE - Gioca su IPlay<\/title>\n<meta name=\"description\" content=\"In Royal Romances: Endless Winter CE, il regno \u00e8 entrato in un inverno eterno.\" \/>\n<meta name=\"robots\" content=\"index, follow, max-snippet:-1, max-image-preview:large, max-video-preview:-1\" \/>\n<link rel=\"canonical\" href=\"https:\/\/www.iplay.com\/it\/games\/royal-romances-endless-winter-ce\/\" \/>\n<meta property=\"og:locale\" content=\"it_IT\" \/>\n<meta property=\"og:type\" content=\"article\" \/>\n<meta property=\"og:title\" content=\"Royal Romances: Endless Winter CE\" \/>\n<meta property=\"og:description\" content=\"In Royal Romances: Endless Winter CE, il regno \u00e8 entrato in un inverno eterno.\" \/>\n<meta property=\"og:url\" content=\"https:\/\/www.iplay.com\/it\/games\/royal-romances-endless-winter-ce\/\" \/>\n<meta property=\"og:site_name\" content=\"IPlay\" \/>\n<meta property=\"og:image\" content=\"https:\/\/www.iplay.com\/wp-content\/uploads\/2023\/12\/large_square_tile_image-1978.jpg\" \/>\n\t<meta property=\"og:image:width\" content=\"310\" \/>\n\t<meta property=\"og:image:height\" content=\"310\" \/>\n\t<meta property=\"og:image:type\" content=\"image\/jpeg\" \/>\n<meta name=\"twitter:card\" content=\"summary_large_image\" \/>\n<meta name=\"twitter:label1\" content=\"Est. reading time\" \/>\n\t<meta name=\"twitter:data1\" content=\"1 minuto\" \/>\n<script type=\"application\/ld+json\" class=\"yoast-schema-graph\">{\"@context\":\"https:\/\/schema.org\",\"@graph\":[{\"@type\":\"WebPage\",\"@id\":\"https:\/\/www.iplay.com\/it\/games\/royal-romances-endless-winter-ce\/\",\"url\":\"https:\/\/www.iplay.com\/it\/games\/royal-romances-endless-winter-ce\/\",\"name\":\"Royal Romances: Endless Winter CE - Gioca su IPlay\",\"isPartOf\":{\"@id\":\"https:\/\/www.iplay.com\/en\/#website\"},\"primaryImageOfPage\":{\"@id\":\"https:\/\/www.iplay.com\/it\/games\/royal-romances-endless-winter-ce\/#primaryimage\"},\"image\":{\"@id\":\"https:\/\/www.iplay.com\/it\/games\/royal-romances-endless-winter-ce\/#primaryimage\"},\"thumbnailUrl\":\"https:\/\/www.iplay.com\/wp-content\/uploads\/2023\/12\/large_square_tile_image-1978.jpg\",\"datePublished\":\"2023-09-29T00:00:02+00:00\",\"description\":\"In Royal Romances: Endless Winter CE, il regno \u00e8 entrato in un inverno eterno.\",\"breadcrumb\":{\"@id\":\"https:\/\/www.iplay.com\/it\/games\/royal-romances-endless-winter-ce\/#breadcrumb\"},\"inLanguage\":\"it-IT\",\"potentialAction\":[{\"@type\":\"ReadAction\",\"target\":[\"https:\/\/www.iplay.com\/it\/games\/royal-romances-endless-winter-ce\/\"]}]},{\"@type\":\"ImageObject\",\"inLanguage\":\"it-IT\",\"@id\":\"https:\/\/www.iplay.com\/it\/games\/royal-romances-endless-winter-ce\/#primaryimage\",\"url\":\"https:\/\/www.iplay.com\/wp-content\/uploads\/2023\/12\/large_square_tile_image-1978.jpg\",\"contentUrl\":\"https:\/\/www.iplay.com\/wp-content\/uploads\/2023\/12\/large_square_tile_image-1978.jpg\",\"width\":310,\"height\":310},{\"@type\":\"BreadcrumbList\",\"@id\":\"https:\/\/www.iplay.com\/it\/games\/royal-romances-endless-winter-ce\/#breadcrumb\",\"itemListElement\":[{\"@type\":\"ListItem\",\"position\":1,\"name\":\"Home\",\"item\":\"https:\/\/www.iplay.com\/it\/home-page-2\/\"},{\"@type\":\"ListItem\",\"position\":2,\"name\":\"Shop\",\"item\":\"https:\/\/www.iplay.com\/en\/shop\/\"},{\"@type\":\"ListItem\",\"position\":3,\"name\":\"Royal Romances: Endless Winter CE\"}]},{\"@type\":\"WebSite\",\"@id\":\"https:\/\/www.iplay.com\/en\/#website\",\"url\":\"https:\/\/www.iplay.com\/en\/\",\"name\":\"IPlay\",\"description\":\"The Best Casual Games!\",\"publisher\":{\"@id\":\"https:\/\/www.iplay.com\/en\/#organization\"},\"potentialAction\":[{\"@type\":\"SearchAction\",\"target\":{\"@type\":\"EntryPoint\",\"urlTemplate\":\"https:\/\/www.iplay.com\/en\/?s={search_term_string}\"},\"query-input\":{\"@type\":\"PropertyValueSpecification\",\"valueRequired\":true,\"valueName\":\"search_term_string\"}}],\"inLanguage\":\"it-IT\"},{\"@type\":\"Organization\",\"@id\":\"https:\/\/www.iplay.com\/en\/#organization\",\"name\":\"IPlay\",\"url\":\"https:\/\/www.iplay.com\/en\/\",\"logo\":{\"@type\":\"ImageObject\",\"inLanguage\":\"it-IT\",\"@id\":\"https:\/\/www.iplay.com\/en\/#\/schema\/logo\/image\/\",\"url\":\"https:\/\/www.iplay.com\/wp-content\/uploads\/2023\/11\/Group-6100.svg\",\"contentUrl\":\"https:\/\/www.iplay.com\/wp-content\/uploads\/2023\/11\/Group-6100.svg\",\"width\":98,\"height\":25,\"caption\":\"IPlay\"},\"image\":{\"@id\":\"https:\/\/www.iplay.com\/en\/#\/schema\/logo\/image\/\"}}]}<\/script>\n<!-- \/ Yoast SEO Premium plugin. -->","yoast_head_json":{"title":"Royal Romances: Endless Winter CE - Gioca su IPlay","description":"In Royal Romances: Endless Winter CE, il regno \u00e8 entrato in un inverno eterno.","robots":{"index":"index","follow":"follow","max-snippet":"max-snippet:-1","max-image-preview":"max-image-preview:large","max-video-preview":"max-video-preview:-1"},"canonical":"https:\/\/www.iplay.com\/it\/games\/royal-romances-endless-winter-ce\/","og_locale":"it_IT","og_type":"article","og_title":"Royal Romances: Endless Winter CE","og_description":"In Royal Romances: Endless Winter CE, il regno \u00e8 entrato in un inverno eterno.","og_url":"https:\/\/www.iplay.com\/it\/games\/royal-romances-endless-winter-ce\/","og_site_name":"IPlay","og_image":[{"width":310,"height":310,"url":"https:\/\/www.iplay.com\/wp-content\/uploads\/2023\/12\/large_square_tile_image-1978.jpg","type":"image\/jpeg"}],"twitter_card":"summary_large_image","twitter_misc":{"Est. reading time":"1 minuto"},"schema":{"@context":"https:\/\/schema.org","@graph":[{"@type":"WebPage","@id":"https:\/\/www.iplay.com\/it\/games\/royal-romances-endless-winter-ce\/","url":"https:\/\/www.iplay.com\/it\/games\/royal-romances-endless-winter-ce\/","name":"Royal Romances: Endless Winter CE - Gioca su IPlay","isPartOf":{"@id":"https:\/\/www.iplay.com\/en\/#website"},"primaryImageOfPage":{"@id":"https:\/\/www.iplay.com\/it\/games\/royal-romances-endless-winter-ce\/#primaryimage"},"image":{"@id":"https:\/\/www.iplay.com\/it\/games\/royal-romances-endless-winter-ce\/#primaryimage"},"thumbnailUrl":"https:\/\/www.iplay.com\/wp-content\/uploads\/2023\/12\/large_square_tile_image-1978.jpg","datePublished":"2023-09-29T00:00:02+00:00","description":"In Royal Romances: Endless Winter CE, il regno \u00e8 entrato in un inverno eterno.","breadcrumb":{"@id":"https:\/\/www.iplay.com\/it\/games\/royal-romances-endless-winter-ce\/#breadcrumb"},"inLanguage":"it-IT","potentialAction":[{"@type":"ReadAction","target":["https:\/\/www.iplay.com\/it\/games\/royal-romances-endless-winter-ce\/"]}]},{"@type":"ImageObject","inLanguage":"it-IT","@id":"https:\/\/www.iplay.com\/it\/games\/royal-romances-endless-winter-ce\/#primaryimage","url":"https:\/\/www.iplay.com\/wp-content\/uploads\/2023\/12\/large_square_tile_image-1978.jpg","contentUrl":"https:\/\/www.iplay.com\/wp-content\/uploads\/2023\/12\/large_square_tile_image-1978.jpg","width":310,"height":310},{"@type":"BreadcrumbList","@id":"https:\/\/www.iplay.com\/it\/games\/royal-romances-endless-winter-ce\/#breadcrumb","itemListElement":[{"@type":"ListItem","position":1,"name":"Home","item":"https:\/\/www.iplay.com\/it\/home-page-2\/"},{"@type":"ListItem","position":2,"name":"Shop","item":"https:\/\/www.iplay.com\/en\/shop\/"},{"@type":"ListItem","position":3,"name":"Royal Romances: Endless Winter CE"}]},{"@type":"WebSite","@id":"https:\/\/www.iplay.com\/en\/#website","url":"https:\/\/www.iplay.com\/en\/","name":"IPlay","description":"The Best Casual Games!","publisher":{"@id":"https:\/\/www.iplay.com\/en\/#organization"},"potentialAction":[{"@type":"SearchAction","target":{"@type":"EntryPoint","urlTemplate":"https:\/\/www.iplay.com\/en\/?s={search_term_string}"},"query-input":{"@type":"PropertyValueSpecification","valueRequired":true,"valueName":"search_term_string"}}],"inLanguage":"it-IT"},{"@type":"Organization","@id":"https:\/\/www.iplay.com\/en\/#organization","name":"IPlay","url":"https:\/\/www.iplay.com\/en\/","logo":{"@type":"ImageObject","inLanguage":"it-IT","@id":"https:\/\/www.iplay.com\/en\/#\/schema\/logo\/image\/","url":"https:\/\/www.iplay.com\/wp-content\/uploads\/2023\/11\/Group-6100.svg","contentUrl":"https:\/\/www.iplay.com\/wp-content\/uploads\/2023\/11\/Group-6100.svg","width":98,"height":25,"caption":"IPlay"},"image":{"@id":"https:\/\/www.iplay.com\/en\/#\/schema\/logo\/image\/"}}]}},"_links":{"self":[{"href":"https:\/\/www.iplay.com\/it\/wp-json\/wp\/v2\/product\/129724","targetHints":{"allow":["GET"]}}],"collection":[{"href":"https:\/\/www.iplay.com\/it\/wp-json\/wp\/v2\/product"}],"about":[{"href":"https:\/\/www.iplay.com\/it\/wp-json\/wp\/v2\/types\/product"}],"author":[{"embeddable":true,"href":"https:\/\/www.iplay.com\/it\/wp-json\/wp\/v2\/users\/52"}],"replies":[{"embeddable":true,"href":"https:\/\/www.iplay.com\/it\/wp-json\/wp\/v2\/comments?post=129724"}],"wp:featuredmedia":[{"embeddable":true,"href":"https:\/\/www.iplay.com\/it\/wp-json\/wp\/v2\/media\/71799"}],"wp:attachment":[{"href":"https:\/\/www.iplay.com\/it\/wp-json\/wp\/v2\/media?parent=129724"}],"wp:term":[{"taxonomy":"product_brand","embeddable":true,"href":"https:\/\/www.iplay.com\/it\/wp-json\/wp\/v2\/product_brand?post=129724"},{"taxonomy":"product_cat","embeddable":true,"href":"https:\/\/www.iplay.com\/it\/wp-json\/wp\/v2\/product_cat?post=129724"},{"taxonomy":"product_tag","embeddable":true,"href":"https:\/\/www.iplay.com\/it\/wp-json\/wp\/v2\/product_tag?post=129724"}],"curies":[{"name":"wp","href":"https:\/\/api.w.org\/{rel}","templated":true}]}}