{"id":129499,"date":"2023-11-24T00:00:41","date_gmt":"2023-11-24T00:00:41","guid":{"rendered":"https:\/\/www.iplay.com\/games\/amandas-magic-book-8-among-the-spirits\/"},"modified":"2025-07-24T10:47:22","modified_gmt":"2025-07-24T10:47:22","slug":"amandas-magic-book-8-among-the-spirits","status":"publish","type":"product","link":"https:\/\/www.iplay.com\/it\/games\/amandas-magic-book-8-among-the-spirits\/","title":{"rendered":"Amanda&#8217;s Magic Book 8: Among the Spirits"},"content":{"rendered":"<p>Una splendida vacanza prende una piega sbagliata! Le intenzioni di Charlie e Amanda di partecipare al Karatsu Kunchi Festival in Giappone vanno in tilt quando la loro auto si rompe. Quando si recano in un villaggio apparentemente deserto in cerca di aiuto, le cose peggiorano poich\u00e9 Charlie viene maledetto e si trasforma in un maiale! Amanda ora deve avventurarsi in un regno pieno di magia, spiriti e pericoli non identificati che capisce a malapena. Ha affrontato molte circostanze strane in passato, ma questa la metter\u00e0 davvero alla prova. Riuscir\u00e0 a superare le cose che le si parano davanti, e a salvare Charlie? O ceder\u00e0 alla magia malvagia che la circonda?      <\/p>\n<p>&nbsp;<\/p>\n<p><strong>Le caratteristiche includono:  <\/strong><\/p>\n<p>&nbsp;<\/p>\n<p>&#8211; Un meraviglioso viaggio attende Amanda che si ritrova intrappolata in un villaggio magico.<\/p>\n<p>&#8211; Uno strano nuovo mondo viene esplorato con un cast di nuovi individui, alcuni dei quali si riveleranno nemici pericolosi e altri compagni.<\/p>\n<p>&#8211; Divertenti puzzle match-3 ti sfidano a raccogliere le risorse necessarie per procedere.<\/p>\n<p>&#8211; Vengono sbloccati 20 potenziamenti per aiutare Amanda nella sua ricerca del salvataggio di Charlie.<\/p>\n<p>&#8211; Cinque capitoli pieni di intrighi, pericoli e magia vengono esplorati mentre Amanda scopre le leggi di questo strano nuovo mondo.<\/p>\n","protected":false},"excerpt":{"rendered":"<p>Risolvi la maledizione nel magico Giappone con Amanda!<\/p>\n","protected":false},"author":42,"featured_media":108984,"comment_status":"open","ping_status":"closed","template":"","meta":{"_acf_changed":false,"inline_featured_image":false},"product_brand":[],"product_cat":[175],"product_tag":[290],"class_list":{"0":"post-129499","1":"product","2":"type-product","3":"status-publish","4":"has-post-thumbnail","6":"product_cat-match-3-it","7":"product_tag-play-on-pc-it","9":"first","10":"instock","11":"shipping-taxable","12":"purchasable","13":"product-type-simple"},"acf":[],"yoast_head":"<!-- This site is optimized with the Yoast SEO Premium plugin v25.2 (Yoast SEO v25.2) - https:\/\/yoast.com\/wordpress\/plugins\/seo\/ -->\n<title>Amanda&#039;s Magic Book 8: Among the Spirits - Risolvi la maledizione nel magico Giappone con Amanda<\/title>\n<meta name=\"description\" content=\"Risolvi la maledizione nel magico Giappone con Amanda!\" \/>\n<meta name=\"robots\" content=\"index, follow, max-snippet:-1, max-image-preview:large, max-video-preview:-1\" \/>\n<link rel=\"canonical\" href=\"https:\/\/www.iplay.com\/it\/games\/amandas-magic-book-8-among-the-spirits\/\" \/>\n<meta property=\"og:locale\" content=\"it_IT\" \/>\n<meta property=\"og:type\" content=\"article\" \/>\n<meta property=\"og:title\" content=\"Amanda&#039;s Magic Book 8: Among the Spirits\" \/>\n<meta property=\"og:description\" content=\"Risolvi la maledizione nel magico Giappone con Amanda!\" \/>\n<meta property=\"og:url\" content=\"https:\/\/www.iplay.com\/it\/games\/amandas-magic-book-8-among-the-spirits\/\" \/>\n<meta property=\"og:site_name\" content=\"IPlay\" \/>\n<meta property=\"article:modified_time\" content=\"2025-07-24T10:47:22+00:00\" \/>\n<meta property=\"og:image\" content=\"https:\/\/www.iplay.com\/wp-content\/uploads\/2024\/02\/amandas_magic_book_8_-_among_the_spirits_p1.jpg\" \/>\n\t<meta property=\"og:image:width\" content=\"310\" \/>\n\t<meta property=\"og:image:height\" content=\"310\" \/>\n\t<meta property=\"og:image:type\" content=\"image\/jpeg\" \/>\n<meta name=\"twitter:card\" content=\"summary_large_image\" \/>\n<meta name=\"twitter:label1\" content=\"Est. reading time\" \/>\n\t<meta name=\"twitter:data1\" content=\"1 minuto\" \/>\n<script type=\"application\/ld+json\" class=\"yoast-schema-graph\">{\"@context\":\"https:\/\/schema.org\",\"@graph\":[{\"@type\":\"WebPage\",\"@id\":\"https:\/\/www.iplay.com\/it\/games\/amandas-magic-book-8-among-the-spirits\/\",\"url\":\"https:\/\/www.iplay.com\/it\/games\/amandas-magic-book-8-among-the-spirits\/\",\"name\":\"Amanda's Magic Book 8: Among the Spirits - Risolvi la maledizione nel magico Giappone con Amanda\",\"isPartOf\":{\"@id\":\"https:\/\/www.iplay.com\/en\/#website\"},\"primaryImageOfPage\":{\"@id\":\"https:\/\/www.iplay.com\/it\/games\/amandas-magic-book-8-among-the-spirits\/#primaryimage\"},\"image\":{\"@id\":\"https:\/\/www.iplay.com\/it\/games\/amandas-magic-book-8-among-the-spirits\/#primaryimage\"},\"thumbnailUrl\":\"https:\/\/www.iplay.com\/wp-content\/uploads\/2024\/02\/amandas_magic_book_8_-_among_the_spirits_p1.jpg\",\"datePublished\":\"2023-11-24T00:00:41+00:00\",\"dateModified\":\"2025-07-24T10:47:22+00:00\",\"description\":\"Risolvi la maledizione nel magico Giappone con Amanda!\",\"breadcrumb\":{\"@id\":\"https:\/\/www.iplay.com\/it\/games\/amandas-magic-book-8-among-the-spirits\/#breadcrumb\"},\"inLanguage\":\"it-IT\",\"potentialAction\":[{\"@type\":\"ReadAction\",\"target\":[\"https:\/\/www.iplay.com\/it\/games\/amandas-magic-book-8-among-the-spirits\/\"]}]},{\"@type\":\"ImageObject\",\"inLanguage\":\"it-IT\",\"@id\":\"https:\/\/www.iplay.com\/it\/games\/amandas-magic-book-8-among-the-spirits\/#primaryimage\",\"url\":\"https:\/\/www.iplay.com\/wp-content\/uploads\/2024\/02\/amandas_magic_book_8_-_among_the_spirits_p1.jpg\",\"contentUrl\":\"https:\/\/www.iplay.com\/wp-content\/uploads\/2024\/02\/amandas_magic_book_8_-_among_the_spirits_p1.jpg\",\"width\":310,\"height\":310},{\"@type\":\"BreadcrumbList\",\"@id\":\"https:\/\/www.iplay.com\/it\/games\/amandas-magic-book-8-among-the-spirits\/#breadcrumb\",\"itemListElement\":[{\"@type\":\"ListItem\",\"position\":1,\"name\":\"Home\",\"item\":\"https:\/\/www.iplay.com\/it\/home-page-2\/\"},{\"@type\":\"ListItem\",\"position\":2,\"name\":\"Shop\",\"item\":\"https:\/\/www.iplay.com\/en\/shop\/\"},{\"@type\":\"ListItem\",\"position\":3,\"name\":\"Amanda&#8217;s Magic Book 8: Among the Spirits\"}]},{\"@type\":\"WebSite\",\"@id\":\"https:\/\/www.iplay.com\/en\/#website\",\"url\":\"https:\/\/www.iplay.com\/en\/\",\"name\":\"IPlay\",\"description\":\"The Best Casual Games!\",\"publisher\":{\"@id\":\"https:\/\/www.iplay.com\/en\/#organization\"},\"potentialAction\":[{\"@type\":\"SearchAction\",\"target\":{\"@type\":\"EntryPoint\",\"urlTemplate\":\"https:\/\/www.iplay.com\/en\/?s={search_term_string}\"},\"query-input\":{\"@type\":\"PropertyValueSpecification\",\"valueRequired\":true,\"valueName\":\"search_term_string\"}}],\"inLanguage\":\"it-IT\"},{\"@type\":\"Organization\",\"@id\":\"https:\/\/www.iplay.com\/en\/#organization\",\"name\":\"IPlay\",\"url\":\"https:\/\/www.iplay.com\/en\/\",\"logo\":{\"@type\":\"ImageObject\",\"inLanguage\":\"it-IT\",\"@id\":\"https:\/\/www.iplay.com\/en\/#\/schema\/logo\/image\/\",\"url\":\"https:\/\/www.iplay.com\/wp-content\/uploads\/2023\/11\/Group-6100.svg\",\"contentUrl\":\"https:\/\/www.iplay.com\/wp-content\/uploads\/2023\/11\/Group-6100.svg\",\"width\":98,\"height\":25,\"caption\":\"IPlay\"},\"image\":{\"@id\":\"https:\/\/www.iplay.com\/en\/#\/schema\/logo\/image\/\"}}]}<\/script>\n<!-- \/ Yoast SEO Premium plugin. -->","yoast_head_json":{"title":"Amanda's Magic Book 8: Among the Spirits - Risolvi la maledizione nel magico Giappone con Amanda","description":"Risolvi la maledizione nel magico Giappone con Amanda!","robots":{"index":"index","follow":"follow","max-snippet":"max-snippet:-1","max-image-preview":"max-image-preview:large","max-video-preview":"max-video-preview:-1"},"canonical":"https:\/\/www.iplay.com\/it\/games\/amandas-magic-book-8-among-the-spirits\/","og_locale":"it_IT","og_type":"article","og_title":"Amanda's Magic Book 8: Among the Spirits","og_description":"Risolvi la maledizione nel magico Giappone con Amanda!","og_url":"https:\/\/www.iplay.com\/it\/games\/amandas-magic-book-8-among-the-spirits\/","og_site_name":"IPlay","article_modified_time":"2025-07-24T10:47:22+00:00","og_image":[{"width":310,"height":310,"url":"https:\/\/www.iplay.com\/wp-content\/uploads\/2024\/02\/amandas_magic_book_8_-_among_the_spirits_p1.jpg","type":"image\/jpeg"}],"twitter_card":"summary_large_image","twitter_misc":{"Est. reading time":"1 minuto"},"schema":{"@context":"https:\/\/schema.org","@graph":[{"@type":"WebPage","@id":"https:\/\/www.iplay.com\/it\/games\/amandas-magic-book-8-among-the-spirits\/","url":"https:\/\/www.iplay.com\/it\/games\/amandas-magic-book-8-among-the-spirits\/","name":"Amanda's Magic Book 8: Among the Spirits - Risolvi la maledizione nel magico Giappone con Amanda","isPartOf":{"@id":"https:\/\/www.iplay.com\/en\/#website"},"primaryImageOfPage":{"@id":"https:\/\/www.iplay.com\/it\/games\/amandas-magic-book-8-among-the-spirits\/#primaryimage"},"image":{"@id":"https:\/\/www.iplay.com\/it\/games\/amandas-magic-book-8-among-the-spirits\/#primaryimage"},"thumbnailUrl":"https:\/\/www.iplay.com\/wp-content\/uploads\/2024\/02\/amandas_magic_book_8_-_among_the_spirits_p1.jpg","datePublished":"2023-11-24T00:00:41+00:00","dateModified":"2025-07-24T10:47:22+00:00","description":"Risolvi la maledizione nel magico Giappone con Amanda!","breadcrumb":{"@id":"https:\/\/www.iplay.com\/it\/games\/amandas-magic-book-8-among-the-spirits\/#breadcrumb"},"inLanguage":"it-IT","potentialAction":[{"@type":"ReadAction","target":["https:\/\/www.iplay.com\/it\/games\/amandas-magic-book-8-among-the-spirits\/"]}]},{"@type":"ImageObject","inLanguage":"it-IT","@id":"https:\/\/www.iplay.com\/it\/games\/amandas-magic-book-8-among-the-spirits\/#primaryimage","url":"https:\/\/www.iplay.com\/wp-content\/uploads\/2024\/02\/amandas_magic_book_8_-_among_the_spirits_p1.jpg","contentUrl":"https:\/\/www.iplay.com\/wp-content\/uploads\/2024\/02\/amandas_magic_book_8_-_among_the_spirits_p1.jpg","width":310,"height":310},{"@type":"BreadcrumbList","@id":"https:\/\/www.iplay.com\/it\/games\/amandas-magic-book-8-among-the-spirits\/#breadcrumb","itemListElement":[{"@type":"ListItem","position":1,"name":"Home","item":"https:\/\/www.iplay.com\/it\/home-page-2\/"},{"@type":"ListItem","position":2,"name":"Shop","item":"https:\/\/www.iplay.com\/en\/shop\/"},{"@type":"ListItem","position":3,"name":"Amanda&#8217;s Magic Book 8: Among the Spirits"}]},{"@type":"WebSite","@id":"https:\/\/www.iplay.com\/en\/#website","url":"https:\/\/www.iplay.com\/en\/","name":"IPlay","description":"The Best Casual Games!","publisher":{"@id":"https:\/\/www.iplay.com\/en\/#organization"},"potentialAction":[{"@type":"SearchAction","target":{"@type":"EntryPoint","urlTemplate":"https:\/\/www.iplay.com\/en\/?s={search_term_string}"},"query-input":{"@type":"PropertyValueSpecification","valueRequired":true,"valueName":"search_term_string"}}],"inLanguage":"it-IT"},{"@type":"Organization","@id":"https:\/\/www.iplay.com\/en\/#organization","name":"IPlay","url":"https:\/\/www.iplay.com\/en\/","logo":{"@type":"ImageObject","inLanguage":"it-IT","@id":"https:\/\/www.iplay.com\/en\/#\/schema\/logo\/image\/","url":"https:\/\/www.iplay.com\/wp-content\/uploads\/2023\/11\/Group-6100.svg","contentUrl":"https:\/\/www.iplay.com\/wp-content\/uploads\/2023\/11\/Group-6100.svg","width":98,"height":25,"caption":"IPlay"},"image":{"@id":"https:\/\/www.iplay.com\/en\/#\/schema\/logo\/image\/"}}]}},"_links":{"self":[{"href":"https:\/\/www.iplay.com\/it\/wp-json\/wp\/v2\/product\/129499","targetHints":{"allow":["GET"]}}],"collection":[{"href":"https:\/\/www.iplay.com\/it\/wp-json\/wp\/v2\/product"}],"about":[{"href":"https:\/\/www.iplay.com\/it\/wp-json\/wp\/v2\/types\/product"}],"author":[{"embeddable":true,"href":"https:\/\/www.iplay.com\/it\/wp-json\/wp\/v2\/users\/42"}],"replies":[{"embeddable":true,"href":"https:\/\/www.iplay.com\/it\/wp-json\/wp\/v2\/comments?post=129499"}],"wp:featuredmedia":[{"embeddable":true,"href":"https:\/\/www.iplay.com\/it\/wp-json\/wp\/v2\/media\/108984"}],"wp:attachment":[{"href":"https:\/\/www.iplay.com\/it\/wp-json\/wp\/v2\/media?parent=129499"}],"wp:term":[{"taxonomy":"product_brand","embeddable":true,"href":"https:\/\/www.iplay.com\/it\/wp-json\/wp\/v2\/product_brand?post=129499"},{"taxonomy":"product_cat","embeddable":true,"href":"https:\/\/www.iplay.com\/it\/wp-json\/wp\/v2\/product_cat?post=129499"},{"taxonomy":"product_tag","embeddable":true,"href":"https:\/\/www.iplay.com\/it\/wp-json\/wp\/v2\/product_tag?post=129499"}],"curies":[{"name":"wp","href":"https:\/\/api.w.org\/{rel}","templated":true}]}}