{"id":129390,"date":"2024-05-31T10:00:44","date_gmt":"2024-05-31T10:00:44","guid":{"rendered":"https:\/\/www.iplay.com\/games\/victorian-riddles-the-intrigue-of-the-annual-pearl\/"},"modified":"2024-05-31T10:00:44","modified_gmt":"2024-05-31T10:00:44","slug":"victorian-riddles-the-intrigue-of-the-annual-pearl","status":"publish","type":"product","link":"https:\/\/www.iplay.com\/it\/games\/victorian-riddles-the-intrigue-of-the-annual-pearl\/","title":{"rendered":"Victorian Riddles: The Intrigue of the Annual Pearl"},"content":{"rendered":"<p>In questo gioco casual match-3, un&#8217;avventura pericolosa e affascinante verr\u00e0 intrapresa insieme al famoso detective Sherlock Holmes e al suo caro amico Dr. John Watson. Verr\u00e0 attraversata una rete di inganni, tradimenti e omicidi. Mary Morstan, una donna tranquilla e attraente, riceve ogni anno una strana perla da un benefattore non identificato, scatenando un caso che coinvolge amore, vendetta e un tesoro insostituibile.  <\/p>\n<p>Man mano che la storia procede, si incontreranno eccentrici collezionisti d&#8217;arte, cattivi oscuri e figure losche, ognuna con in mano un pezzo del puzzle. Come Holmes, si faranno deduzioni, analisi e soluzioni, ma bisogna ricordare che non tutto \u00e8 come appare. Con ogni puzzle match-3 completato, la nebbia sulla vasta citt\u00e0 si alza un po&#8217; di pi\u00f9, rivelando i segreti nascosti nei suoi angoli bui.  <\/p>\n<p>&nbsp;<\/p>\n<p><strong>Tratti somatici<\/strong><\/p>\n<ul>\n<li>Interazioni con personaggi ben realizzati, ognuno con i propri segreti e trame.<\/li>\n<li>Intriganti enigmi match-3 da risolvere per scoprire indizi e far avanzare le indagini.<\/li>\n<li>Talenti strategici da utilizzare per sbloccare componenti di gioco e pezzi della storia, migliorando la trama coinvolgente.<\/li>\n<li>Immergiti nell&#8217;incantevole atmosfera della Londra vittoriana, completa di magnifiche grafiche e ambienti dettagliati.<\/li>\n<\/ul>\n","protected":false},"excerpt":{"rendered":"<p>Victorian Riddles: Scopri i misteri nell&#8217;intrigo della Perla Annuale con Victorian Riddles: L&#8217;intrigo della Perla Annuale<\/p>\n","protected":false},"author":42,"featured_media":111100,"comment_status":"open","ping_status":"closed","template":"","meta":{"_acf_changed":false,"inline_featured_image":false},"product_brand":[],"product_cat":[175,191],"product_tag":[290],"class_list":{"0":"post-129390","1":"product","2":"type-product","3":"status-publish","4":"has-post-thumbnail","6":"product_cat-match-3-it","7":"product_cat-puzzle-it","8":"product_tag-play-on-pc-it","10":"first","11":"instock","12":"shipping-taxable","13":"purchasable","14":"product-type-simple"},"acf":[],"yoast_head":"<!-- This site is optimized with the Yoast SEO Premium plugin v25.2 (Yoast SEO v25.2) - https:\/\/yoast.com\/wordpress\/plugins\/seo\/ -->\n<title>Enigmi vittoriani: l&#039;intrigo della perla annuale<\/title>\n<meta name=\"description\" content=\"Victorian Riddles: Scopri i misteri nell&#039;intrigo della Perla Annuale con Victorian Riddles: L&#039;intrigo della Perla Annuale\" \/>\n<meta name=\"robots\" content=\"index, follow, max-snippet:-1, max-image-preview:large, max-video-preview:-1\" \/>\n<link rel=\"canonical\" href=\"https:\/\/www.iplay.com\/it\/games\/victorian-riddles-the-intrigue-of-the-annual-pearl\/\" \/>\n<meta property=\"og:locale\" content=\"it_IT\" \/>\n<meta property=\"og:type\" content=\"article\" \/>\n<meta property=\"og:title\" content=\"Victorian Riddles: The Intrigue of the Annual Pearl\" \/>\n<meta property=\"og:description\" content=\"Victorian Riddles: Scopri i misteri nell&#039;intrigo della Perla Annuale con Victorian Riddles: L&#039;intrigo della Perla Annuale\" \/>\n<meta property=\"og:url\" content=\"https:\/\/www.iplay.com\/it\/games\/victorian-riddles-the-intrigue-of-the-annual-pearl\/\" \/>\n<meta property=\"og:site_name\" content=\"IPlay\" \/>\n<meta property=\"og:image\" content=\"https:\/\/www.iplay.com\/wp-content\/uploads\/2024\/05\/Victorian-Riddles-The-Intrigue-of-the-Annual-Pearl_large_square_tile_image.jpg\" \/>\n\t<meta property=\"og:image:width\" content=\"310\" \/>\n\t<meta property=\"og:image:height\" content=\"310\" \/>\n\t<meta property=\"og:image:type\" content=\"image\/jpeg\" \/>\n<meta name=\"twitter:card\" content=\"summary_large_image\" \/>\n<meta name=\"twitter:label1\" content=\"Est. reading time\" \/>\n\t<meta name=\"twitter:data1\" content=\"1 minuto\" \/>\n<script type=\"application\/ld+json\" class=\"yoast-schema-graph\">{\"@context\":\"https:\/\/schema.org\",\"@graph\":[{\"@type\":\"WebPage\",\"@id\":\"https:\/\/www.iplay.com\/it\/games\/victorian-riddles-the-intrigue-of-the-annual-pearl\/\",\"url\":\"https:\/\/www.iplay.com\/it\/games\/victorian-riddles-the-intrigue-of-the-annual-pearl\/\",\"name\":\"Enigmi vittoriani: l'intrigo della perla annuale\",\"isPartOf\":{\"@id\":\"https:\/\/www.iplay.com\/en\/#website\"},\"primaryImageOfPage\":{\"@id\":\"https:\/\/www.iplay.com\/it\/games\/victorian-riddles-the-intrigue-of-the-annual-pearl\/#primaryimage\"},\"image\":{\"@id\":\"https:\/\/www.iplay.com\/it\/games\/victorian-riddles-the-intrigue-of-the-annual-pearl\/#primaryimage\"},\"thumbnailUrl\":\"https:\/\/www.iplay.com\/wp-content\/uploads\/2024\/05\/Victorian-Riddles-The-Intrigue-of-the-Annual-Pearl_large_square_tile_image.jpg\",\"datePublished\":\"2024-05-31T10:00:44+00:00\",\"description\":\"Victorian Riddles: Scopri i misteri nell'intrigo della Perla Annuale con Victorian Riddles: L'intrigo della Perla Annuale\",\"breadcrumb\":{\"@id\":\"https:\/\/www.iplay.com\/it\/games\/victorian-riddles-the-intrigue-of-the-annual-pearl\/#breadcrumb\"},\"inLanguage\":\"it-IT\",\"potentialAction\":[{\"@type\":\"ReadAction\",\"target\":[\"https:\/\/www.iplay.com\/it\/games\/victorian-riddles-the-intrigue-of-the-annual-pearl\/\"]}]},{\"@type\":\"ImageObject\",\"inLanguage\":\"it-IT\",\"@id\":\"https:\/\/www.iplay.com\/it\/games\/victorian-riddles-the-intrigue-of-the-annual-pearl\/#primaryimage\",\"url\":\"https:\/\/www.iplay.com\/wp-content\/uploads\/2024\/05\/Victorian-Riddles-The-Intrigue-of-the-Annual-Pearl_large_square_tile_image.jpg\",\"contentUrl\":\"https:\/\/www.iplay.com\/wp-content\/uploads\/2024\/05\/Victorian-Riddles-The-Intrigue-of-the-Annual-Pearl_large_square_tile_image.jpg\",\"width\":310,\"height\":310},{\"@type\":\"BreadcrumbList\",\"@id\":\"https:\/\/www.iplay.com\/it\/games\/victorian-riddles-the-intrigue-of-the-annual-pearl\/#breadcrumb\",\"itemListElement\":[{\"@type\":\"ListItem\",\"position\":1,\"name\":\"Home\",\"item\":\"https:\/\/www.iplay.com\/it\/home-page-2\/\"},{\"@type\":\"ListItem\",\"position\":2,\"name\":\"Shop\",\"item\":\"https:\/\/www.iplay.com\/en\/shop\/\"},{\"@type\":\"ListItem\",\"position\":3,\"name\":\"Victorian Riddles: The Intrigue of the Annual Pearl\"}]},{\"@type\":\"WebSite\",\"@id\":\"https:\/\/www.iplay.com\/en\/#website\",\"url\":\"https:\/\/www.iplay.com\/en\/\",\"name\":\"IPlay\",\"description\":\"The Best Casual Games!\",\"publisher\":{\"@id\":\"https:\/\/www.iplay.com\/en\/#organization\"},\"potentialAction\":[{\"@type\":\"SearchAction\",\"target\":{\"@type\":\"EntryPoint\",\"urlTemplate\":\"https:\/\/www.iplay.com\/en\/?s={search_term_string}\"},\"query-input\":{\"@type\":\"PropertyValueSpecification\",\"valueRequired\":true,\"valueName\":\"search_term_string\"}}],\"inLanguage\":\"it-IT\"},{\"@type\":\"Organization\",\"@id\":\"https:\/\/www.iplay.com\/en\/#organization\",\"name\":\"IPlay\",\"url\":\"https:\/\/www.iplay.com\/en\/\",\"logo\":{\"@type\":\"ImageObject\",\"inLanguage\":\"it-IT\",\"@id\":\"https:\/\/www.iplay.com\/en\/#\/schema\/logo\/image\/\",\"url\":\"https:\/\/www.iplay.com\/wp-content\/uploads\/2023\/11\/Group-6100.svg\",\"contentUrl\":\"https:\/\/www.iplay.com\/wp-content\/uploads\/2023\/11\/Group-6100.svg\",\"width\":98,\"height\":25,\"caption\":\"IPlay\"},\"image\":{\"@id\":\"https:\/\/www.iplay.com\/en\/#\/schema\/logo\/image\/\"}}]}<\/script>\n<!-- \/ Yoast SEO Premium plugin. -->","yoast_head_json":{"title":"Enigmi vittoriani: l'intrigo della perla annuale","description":"Victorian Riddles: Scopri i misteri nell'intrigo della Perla Annuale con Victorian Riddles: L'intrigo della Perla Annuale","robots":{"index":"index","follow":"follow","max-snippet":"max-snippet:-1","max-image-preview":"max-image-preview:large","max-video-preview":"max-video-preview:-1"},"canonical":"https:\/\/www.iplay.com\/it\/games\/victorian-riddles-the-intrigue-of-the-annual-pearl\/","og_locale":"it_IT","og_type":"article","og_title":"Victorian Riddles: The Intrigue of the Annual Pearl","og_description":"Victorian Riddles: Scopri i misteri nell'intrigo della Perla Annuale con Victorian Riddles: L'intrigo della Perla Annuale","og_url":"https:\/\/www.iplay.com\/it\/games\/victorian-riddles-the-intrigue-of-the-annual-pearl\/","og_site_name":"IPlay","og_image":[{"width":310,"height":310,"url":"https:\/\/www.iplay.com\/wp-content\/uploads\/2024\/05\/Victorian-Riddles-The-Intrigue-of-the-Annual-Pearl_large_square_tile_image.jpg","type":"image\/jpeg"}],"twitter_card":"summary_large_image","twitter_misc":{"Est. reading time":"1 minuto"},"schema":{"@context":"https:\/\/schema.org","@graph":[{"@type":"WebPage","@id":"https:\/\/www.iplay.com\/it\/games\/victorian-riddles-the-intrigue-of-the-annual-pearl\/","url":"https:\/\/www.iplay.com\/it\/games\/victorian-riddles-the-intrigue-of-the-annual-pearl\/","name":"Enigmi vittoriani: l'intrigo della perla annuale","isPartOf":{"@id":"https:\/\/www.iplay.com\/en\/#website"},"primaryImageOfPage":{"@id":"https:\/\/www.iplay.com\/it\/games\/victorian-riddles-the-intrigue-of-the-annual-pearl\/#primaryimage"},"image":{"@id":"https:\/\/www.iplay.com\/it\/games\/victorian-riddles-the-intrigue-of-the-annual-pearl\/#primaryimage"},"thumbnailUrl":"https:\/\/www.iplay.com\/wp-content\/uploads\/2024\/05\/Victorian-Riddles-The-Intrigue-of-the-Annual-Pearl_large_square_tile_image.jpg","datePublished":"2024-05-31T10:00:44+00:00","description":"Victorian Riddles: Scopri i misteri nell'intrigo della Perla Annuale con Victorian Riddles: L'intrigo della Perla Annuale","breadcrumb":{"@id":"https:\/\/www.iplay.com\/it\/games\/victorian-riddles-the-intrigue-of-the-annual-pearl\/#breadcrumb"},"inLanguage":"it-IT","potentialAction":[{"@type":"ReadAction","target":["https:\/\/www.iplay.com\/it\/games\/victorian-riddles-the-intrigue-of-the-annual-pearl\/"]}]},{"@type":"ImageObject","inLanguage":"it-IT","@id":"https:\/\/www.iplay.com\/it\/games\/victorian-riddles-the-intrigue-of-the-annual-pearl\/#primaryimage","url":"https:\/\/www.iplay.com\/wp-content\/uploads\/2024\/05\/Victorian-Riddles-The-Intrigue-of-the-Annual-Pearl_large_square_tile_image.jpg","contentUrl":"https:\/\/www.iplay.com\/wp-content\/uploads\/2024\/05\/Victorian-Riddles-The-Intrigue-of-the-Annual-Pearl_large_square_tile_image.jpg","width":310,"height":310},{"@type":"BreadcrumbList","@id":"https:\/\/www.iplay.com\/it\/games\/victorian-riddles-the-intrigue-of-the-annual-pearl\/#breadcrumb","itemListElement":[{"@type":"ListItem","position":1,"name":"Home","item":"https:\/\/www.iplay.com\/it\/home-page-2\/"},{"@type":"ListItem","position":2,"name":"Shop","item":"https:\/\/www.iplay.com\/en\/shop\/"},{"@type":"ListItem","position":3,"name":"Victorian Riddles: The Intrigue of the Annual Pearl"}]},{"@type":"WebSite","@id":"https:\/\/www.iplay.com\/en\/#website","url":"https:\/\/www.iplay.com\/en\/","name":"IPlay","description":"The Best Casual Games!","publisher":{"@id":"https:\/\/www.iplay.com\/en\/#organization"},"potentialAction":[{"@type":"SearchAction","target":{"@type":"EntryPoint","urlTemplate":"https:\/\/www.iplay.com\/en\/?s={search_term_string}"},"query-input":{"@type":"PropertyValueSpecification","valueRequired":true,"valueName":"search_term_string"}}],"inLanguage":"it-IT"},{"@type":"Organization","@id":"https:\/\/www.iplay.com\/en\/#organization","name":"IPlay","url":"https:\/\/www.iplay.com\/en\/","logo":{"@type":"ImageObject","inLanguage":"it-IT","@id":"https:\/\/www.iplay.com\/en\/#\/schema\/logo\/image\/","url":"https:\/\/www.iplay.com\/wp-content\/uploads\/2023\/11\/Group-6100.svg","contentUrl":"https:\/\/www.iplay.com\/wp-content\/uploads\/2023\/11\/Group-6100.svg","width":98,"height":25,"caption":"IPlay"},"image":{"@id":"https:\/\/www.iplay.com\/en\/#\/schema\/logo\/image\/"}}]}},"_links":{"self":[{"href":"https:\/\/www.iplay.com\/it\/wp-json\/wp\/v2\/product\/129390","targetHints":{"allow":["GET"]}}],"collection":[{"href":"https:\/\/www.iplay.com\/it\/wp-json\/wp\/v2\/product"}],"about":[{"href":"https:\/\/www.iplay.com\/it\/wp-json\/wp\/v2\/types\/product"}],"author":[{"embeddable":true,"href":"https:\/\/www.iplay.com\/it\/wp-json\/wp\/v2\/users\/42"}],"replies":[{"embeddable":true,"href":"https:\/\/www.iplay.com\/it\/wp-json\/wp\/v2\/comments?post=129390"}],"wp:featuredmedia":[{"embeddable":true,"href":"https:\/\/www.iplay.com\/it\/wp-json\/wp\/v2\/media\/111100"}],"wp:attachment":[{"href":"https:\/\/www.iplay.com\/it\/wp-json\/wp\/v2\/media?parent=129390"}],"wp:term":[{"taxonomy":"product_brand","embeddable":true,"href":"https:\/\/www.iplay.com\/it\/wp-json\/wp\/v2\/product_brand?post=129390"},{"taxonomy":"product_cat","embeddable":true,"href":"https:\/\/www.iplay.com\/it\/wp-json\/wp\/v2\/product_cat?post=129390"},{"taxonomy":"product_tag","embeddable":true,"href":"https:\/\/www.iplay.com\/it\/wp-json\/wp\/v2\/product_tag?post=129390"}],"curies":[{"name":"wp","href":"https:\/\/api.w.org\/{rel}","templated":true}]}}