{"id":129378,"date":"2024-05-31T09:00:27","date_gmt":"2024-05-31T09:00:27","guid":{"rendered":"https:\/\/www.iplay.com\/games\/malachite-temple-of-the-sun-ce\/"},"modified":"2024-05-31T09:00:27","modified_gmt":"2024-05-31T09:00:27","slug":"malachite-temple-of-the-sun-ce","status":"publish","type":"product","link":"https:\/\/www.iplay.com\/it\/games\/malachite-temple-of-the-sun-ce\/","title":{"rendered":"Malachite: Temple of the Sun CE"},"content":{"rendered":"<p>Verr\u00e0 intrapreso un emozionante viaggio nelle profondit\u00e0 di un antico tempio, dove verranno abbinate palline colorate e si otterranno incredibili potenziamenti man mano che si procede.<\/p>\n<p>In Malachite: Temple of the Sun, i giocatori saranno portati nelle profondit\u00e0 di un tempio dimenticato nella giungla. Palline colorate verranno abbinate per ottenere incredibili potenziamenti e verr\u00e0 costruito un tempio man mano che si raggiunge l&#8217;avanzamento. Verr\u00e0 offerta una scelta tra le modalit\u00e0 avventura e infinita, consentendo l&#8217;immersione nel classico gioco match-3.  <\/p>\n<p>&nbsp;<\/p>\n<p><strong>Tratti somatici<\/strong><\/p>\n<ul>\n<li>Due modalit\u00e0 di gioco esaltanti da esplorare.<\/li>\n<li>Tradizionale gameplay sparatutto per biglie da rivivere.<\/li>\n<li>La Collector&#8217;s Edition include 25 livelli aggiuntivi.<\/li>\n<li>Sblocca pi\u00f9 sezioni del tuo tempio!<\/li>\n<\/ul>\n","protected":false},"excerpt":{"rendered":"<p>Esplora un tempio dimenticato in questo sparatutto vintage con Malachite: Temple of the Sun Collector&#8217;s Edition.<\/p>\n","protected":false},"author":18,"featured_media":111120,"comment_status":"open","ping_status":"closed","template":"","meta":{"_acf_changed":false,"inline_featured_image":false},"product_brand":[],"product_cat":[175,191],"product_tag":[290],"class_list":{"0":"post-129378","1":"product","2":"type-product","3":"status-publish","4":"has-post-thumbnail","6":"product_cat-match-3-it","7":"product_cat-puzzle-it","8":"product_tag-play-on-pc-it","10":"first","11":"instock","12":"shipping-taxable","13":"purchasable","14":"product-type-simple"},"acf":[],"yoast_head":"<!-- This site is optimized with the Yoast SEO Premium plugin v25.2 (Yoast SEO v25.2) - https:\/\/yoast.com\/wordpress\/plugins\/seo\/ -->\n<title>Malachite: Tempio del Sole d.C.<\/title>\n<meta name=\"description\" content=\"Esplora un tempio dimenticato in questo sparatutto vintage con Malachite: Temple of the Sun Collector&#039;s Edition.\" \/>\n<meta name=\"robots\" content=\"index, follow, max-snippet:-1, max-image-preview:large, max-video-preview:-1\" \/>\n<link rel=\"canonical\" href=\"https:\/\/www.iplay.com\/it\/games\/malachite-temple-of-the-sun-ce\/\" \/>\n<meta property=\"og:locale\" content=\"it_IT\" \/>\n<meta property=\"og:type\" content=\"article\" \/>\n<meta property=\"og:title\" content=\"Malachite: Temple of the Sun CE\" \/>\n<meta property=\"og:description\" content=\"Esplora un tempio dimenticato in questo sparatutto vintage con Malachite: Temple of the Sun Collector&#039;s Edition.\" \/>\n<meta property=\"og:url\" content=\"https:\/\/www.iplay.com\/it\/games\/malachite-temple-of-the-sun-ce\/\" \/>\n<meta property=\"og:site_name\" content=\"IPlay\" \/>\n<meta property=\"og:image\" content=\"https:\/\/www.iplay.com\/wp-content\/uploads\/2024\/05\/Malachite-Temple-of-the-Sun-CE_large_square_tile_image.jpg\" \/>\n\t<meta property=\"og:image:width\" content=\"310\" \/>\n\t<meta property=\"og:image:height\" content=\"310\" \/>\n\t<meta property=\"og:image:type\" content=\"image\/jpeg\" \/>\n<meta name=\"twitter:card\" content=\"summary_large_image\" \/>\n<meta name=\"twitter:label1\" content=\"Est. reading time\" \/>\n\t<meta name=\"twitter:data1\" content=\"1 minuto\" \/>\n<script type=\"application\/ld+json\" class=\"yoast-schema-graph\">{\"@context\":\"https:\/\/schema.org\",\"@graph\":[{\"@type\":\"WebPage\",\"@id\":\"https:\/\/www.iplay.com\/it\/games\/malachite-temple-of-the-sun-ce\/\",\"url\":\"https:\/\/www.iplay.com\/it\/games\/malachite-temple-of-the-sun-ce\/\",\"name\":\"Malachite: Tempio del Sole d.C.\",\"isPartOf\":{\"@id\":\"https:\/\/www.iplay.com\/en\/#website\"},\"primaryImageOfPage\":{\"@id\":\"https:\/\/www.iplay.com\/it\/games\/malachite-temple-of-the-sun-ce\/#primaryimage\"},\"image\":{\"@id\":\"https:\/\/www.iplay.com\/it\/games\/malachite-temple-of-the-sun-ce\/#primaryimage\"},\"thumbnailUrl\":\"https:\/\/www.iplay.com\/wp-content\/uploads\/2024\/05\/Malachite-Temple-of-the-Sun-CE_large_square_tile_image.jpg\",\"datePublished\":\"2024-05-31T09:00:27+00:00\",\"description\":\"Esplora un tempio dimenticato in questo sparatutto vintage con Malachite: Temple of the Sun Collector's Edition.\",\"breadcrumb\":{\"@id\":\"https:\/\/www.iplay.com\/it\/games\/malachite-temple-of-the-sun-ce\/#breadcrumb\"},\"inLanguage\":\"it-IT\",\"potentialAction\":[{\"@type\":\"ReadAction\",\"target\":[\"https:\/\/www.iplay.com\/it\/games\/malachite-temple-of-the-sun-ce\/\"]}]},{\"@type\":\"ImageObject\",\"inLanguage\":\"it-IT\",\"@id\":\"https:\/\/www.iplay.com\/it\/games\/malachite-temple-of-the-sun-ce\/#primaryimage\",\"url\":\"https:\/\/www.iplay.com\/wp-content\/uploads\/2024\/05\/Malachite-Temple-of-the-Sun-CE_large_square_tile_image.jpg\",\"contentUrl\":\"https:\/\/www.iplay.com\/wp-content\/uploads\/2024\/05\/Malachite-Temple-of-the-Sun-CE_large_square_tile_image.jpg\",\"width\":310,\"height\":310},{\"@type\":\"BreadcrumbList\",\"@id\":\"https:\/\/www.iplay.com\/it\/games\/malachite-temple-of-the-sun-ce\/#breadcrumb\",\"itemListElement\":[{\"@type\":\"ListItem\",\"position\":1,\"name\":\"Home\",\"item\":\"https:\/\/www.iplay.com\/it\/home-page-2\/\"},{\"@type\":\"ListItem\",\"position\":2,\"name\":\"Shop\",\"item\":\"https:\/\/www.iplay.com\/en\/shop\/\"},{\"@type\":\"ListItem\",\"position\":3,\"name\":\"Malachite: Temple of the Sun CE\"}]},{\"@type\":\"WebSite\",\"@id\":\"https:\/\/www.iplay.com\/en\/#website\",\"url\":\"https:\/\/www.iplay.com\/en\/\",\"name\":\"IPlay\",\"description\":\"The Best Casual Games!\",\"publisher\":{\"@id\":\"https:\/\/www.iplay.com\/en\/#organization\"},\"potentialAction\":[{\"@type\":\"SearchAction\",\"target\":{\"@type\":\"EntryPoint\",\"urlTemplate\":\"https:\/\/www.iplay.com\/en\/?s={search_term_string}\"},\"query-input\":{\"@type\":\"PropertyValueSpecification\",\"valueRequired\":true,\"valueName\":\"search_term_string\"}}],\"inLanguage\":\"it-IT\"},{\"@type\":\"Organization\",\"@id\":\"https:\/\/www.iplay.com\/en\/#organization\",\"name\":\"IPlay\",\"url\":\"https:\/\/www.iplay.com\/en\/\",\"logo\":{\"@type\":\"ImageObject\",\"inLanguage\":\"it-IT\",\"@id\":\"https:\/\/www.iplay.com\/en\/#\/schema\/logo\/image\/\",\"url\":\"https:\/\/www.iplay.com\/wp-content\/uploads\/2023\/11\/Group-6100.svg\",\"contentUrl\":\"https:\/\/www.iplay.com\/wp-content\/uploads\/2023\/11\/Group-6100.svg\",\"width\":98,\"height\":25,\"caption\":\"IPlay\"},\"image\":{\"@id\":\"https:\/\/www.iplay.com\/en\/#\/schema\/logo\/image\/\"}}]}<\/script>\n<!-- \/ Yoast SEO Premium plugin. -->","yoast_head_json":{"title":"Malachite: Tempio del Sole d.C.","description":"Esplora un tempio dimenticato in questo sparatutto vintage con Malachite: Temple of the Sun Collector's Edition.","robots":{"index":"index","follow":"follow","max-snippet":"max-snippet:-1","max-image-preview":"max-image-preview:large","max-video-preview":"max-video-preview:-1"},"canonical":"https:\/\/www.iplay.com\/it\/games\/malachite-temple-of-the-sun-ce\/","og_locale":"it_IT","og_type":"article","og_title":"Malachite: Temple of the Sun CE","og_description":"Esplora un tempio dimenticato in questo sparatutto vintage con Malachite: Temple of the Sun Collector's Edition.","og_url":"https:\/\/www.iplay.com\/it\/games\/malachite-temple-of-the-sun-ce\/","og_site_name":"IPlay","og_image":[{"width":310,"height":310,"url":"https:\/\/www.iplay.com\/wp-content\/uploads\/2024\/05\/Malachite-Temple-of-the-Sun-CE_large_square_tile_image.jpg","type":"image\/jpeg"}],"twitter_card":"summary_large_image","twitter_misc":{"Est. reading time":"1 minuto"},"schema":{"@context":"https:\/\/schema.org","@graph":[{"@type":"WebPage","@id":"https:\/\/www.iplay.com\/it\/games\/malachite-temple-of-the-sun-ce\/","url":"https:\/\/www.iplay.com\/it\/games\/malachite-temple-of-the-sun-ce\/","name":"Malachite: Tempio del Sole d.C.","isPartOf":{"@id":"https:\/\/www.iplay.com\/en\/#website"},"primaryImageOfPage":{"@id":"https:\/\/www.iplay.com\/it\/games\/malachite-temple-of-the-sun-ce\/#primaryimage"},"image":{"@id":"https:\/\/www.iplay.com\/it\/games\/malachite-temple-of-the-sun-ce\/#primaryimage"},"thumbnailUrl":"https:\/\/www.iplay.com\/wp-content\/uploads\/2024\/05\/Malachite-Temple-of-the-Sun-CE_large_square_tile_image.jpg","datePublished":"2024-05-31T09:00:27+00:00","description":"Esplora un tempio dimenticato in questo sparatutto vintage con Malachite: Temple of the Sun Collector's Edition.","breadcrumb":{"@id":"https:\/\/www.iplay.com\/it\/games\/malachite-temple-of-the-sun-ce\/#breadcrumb"},"inLanguage":"it-IT","potentialAction":[{"@type":"ReadAction","target":["https:\/\/www.iplay.com\/it\/games\/malachite-temple-of-the-sun-ce\/"]}]},{"@type":"ImageObject","inLanguage":"it-IT","@id":"https:\/\/www.iplay.com\/it\/games\/malachite-temple-of-the-sun-ce\/#primaryimage","url":"https:\/\/www.iplay.com\/wp-content\/uploads\/2024\/05\/Malachite-Temple-of-the-Sun-CE_large_square_tile_image.jpg","contentUrl":"https:\/\/www.iplay.com\/wp-content\/uploads\/2024\/05\/Malachite-Temple-of-the-Sun-CE_large_square_tile_image.jpg","width":310,"height":310},{"@type":"BreadcrumbList","@id":"https:\/\/www.iplay.com\/it\/games\/malachite-temple-of-the-sun-ce\/#breadcrumb","itemListElement":[{"@type":"ListItem","position":1,"name":"Home","item":"https:\/\/www.iplay.com\/it\/home-page-2\/"},{"@type":"ListItem","position":2,"name":"Shop","item":"https:\/\/www.iplay.com\/en\/shop\/"},{"@type":"ListItem","position":3,"name":"Malachite: Temple of the Sun CE"}]},{"@type":"WebSite","@id":"https:\/\/www.iplay.com\/en\/#website","url":"https:\/\/www.iplay.com\/en\/","name":"IPlay","description":"The Best Casual Games!","publisher":{"@id":"https:\/\/www.iplay.com\/en\/#organization"},"potentialAction":[{"@type":"SearchAction","target":{"@type":"EntryPoint","urlTemplate":"https:\/\/www.iplay.com\/en\/?s={search_term_string}"},"query-input":{"@type":"PropertyValueSpecification","valueRequired":true,"valueName":"search_term_string"}}],"inLanguage":"it-IT"},{"@type":"Organization","@id":"https:\/\/www.iplay.com\/en\/#organization","name":"IPlay","url":"https:\/\/www.iplay.com\/en\/","logo":{"@type":"ImageObject","inLanguage":"it-IT","@id":"https:\/\/www.iplay.com\/en\/#\/schema\/logo\/image\/","url":"https:\/\/www.iplay.com\/wp-content\/uploads\/2023\/11\/Group-6100.svg","contentUrl":"https:\/\/www.iplay.com\/wp-content\/uploads\/2023\/11\/Group-6100.svg","width":98,"height":25,"caption":"IPlay"},"image":{"@id":"https:\/\/www.iplay.com\/en\/#\/schema\/logo\/image\/"}}]}},"_links":{"self":[{"href":"https:\/\/www.iplay.com\/it\/wp-json\/wp\/v2\/product\/129378","targetHints":{"allow":["GET"]}}],"collection":[{"href":"https:\/\/www.iplay.com\/it\/wp-json\/wp\/v2\/product"}],"about":[{"href":"https:\/\/www.iplay.com\/it\/wp-json\/wp\/v2\/types\/product"}],"author":[{"embeddable":true,"href":"https:\/\/www.iplay.com\/it\/wp-json\/wp\/v2\/users\/18"}],"replies":[{"embeddable":true,"href":"https:\/\/www.iplay.com\/it\/wp-json\/wp\/v2\/comments?post=129378"}],"wp:featuredmedia":[{"embeddable":true,"href":"https:\/\/www.iplay.com\/it\/wp-json\/wp\/v2\/media\/111120"}],"wp:attachment":[{"href":"https:\/\/www.iplay.com\/it\/wp-json\/wp\/v2\/media?parent=129378"}],"wp:term":[{"taxonomy":"product_brand","embeddable":true,"href":"https:\/\/www.iplay.com\/it\/wp-json\/wp\/v2\/product_brand?post=129378"},{"taxonomy":"product_cat","embeddable":true,"href":"https:\/\/www.iplay.com\/it\/wp-json\/wp\/v2\/product_cat?post=129378"},{"taxonomy":"product_tag","embeddable":true,"href":"https:\/\/www.iplay.com\/it\/wp-json\/wp\/v2\/product_tag?post=129378"}],"curies":[{"name":"wp","href":"https:\/\/api.w.org\/{rel}","templated":true}]}}