{"id":129339,"date":"2024-04-17T12:05:30","date_gmt":"2024-04-17T12:05:30","guid":{"rendered":"https:\/\/www.iplay.com\/games\/bridge-to-another-world-a-trail-of-breadcrumbs-ce\/"},"modified":"2024-04-17T12:05:30","modified_gmt":"2024-04-17T12:05:30","slug":"bridge-to-another-world-a-trail-of-breadcrumbs-ce","status":"publish","type":"product","link":"https:\/\/www.iplay.com\/it\/games\/bridge-to-another-world-a-trail-of-breadcrumbs-ce\/","title":{"rendered":"Bridge to Another World: A Trail of Breadcrumbs CE"},"content":{"rendered":"<p>Costretta a riconsiderare tutto ci\u00f2 che ritiene vero, la dolce e matura Gretel si ritrova immersa in un regno insolito brulicante di streghe astute, valorosi cacciatori e potenti magie! Il pericolo la circonda costantemente mentre \u00e8 costretta ad aiutare la gente del posto a respingere le streghe determinate a seminare caos e distruzione. Eppure, in mezzo al pericolo, emerge un barlume di speranza quando intravedono l&#8217;opportunit\u00e0 di restaurare il regno e liberarlo definitivamente dalla magia malevola, fino a quando l&#8217;occhio acuto di Gretel non scorge un volto familiare!  <\/p>\n<p>Tuttavia, una sensazione inquietante pervade questa terra incantata. Perch\u00e9 sembra cos\u00ec stranamente familiare? Da chi \u00e8 stata portata qui? Queste domande persistono, invitando Gretel a scoprire la verit\u00e0 che si nasconde sotto la superficie. Intraprendi un avvincente viaggio di enigmi a oggetti nascosti per svelare i misteri che avvolgono questo regno!    <\/p>\n<p>&nbsp;<\/p>\n<p><strong>Caratteristiche della Collector&#8217;s Edition<\/strong><\/p>\n<ul>\n<li>Traboccante di oggetti unici, tra cui concept art e sfondi!<\/li>\n<li>Partecipa a una sfida clandestina per acquisire tutti gli oggetti mutevoli e le carte nascoste!<\/li>\n<li>Naviga senza sforzo con l&#8217;aiuto della comoda Guida strategica, senza bisogno di briciole di pane!<\/li>\n<li>Approfondisci la storia con un capitolo aggiuntivo mozzafiato che estende la narrazione!<\/li>\n<\/ul>\n","protected":false},"excerpt":{"rendered":"<p>Le streghe esistevano solo nelle fiabe, non \u00e8 vero &#8211; Scoprilo in Un ponte per un altro mondo: un sentiero di briciole di pane CE<\/p>\n","protected":false},"author":17,"featured_media":110436,"comment_status":"open","ping_status":"closed","template":"","meta":{"_acf_changed":false,"inline_featured_image":false},"product_brand":[],"product_cat":[163],"product_tag":[290],"class_list":{"0":"post-129339","1":"product","2":"type-product","3":"status-publish","4":"has-post-thumbnail","6":"product_cat-hidden-object-it","7":"product_tag-play-on-pc-it","9":"first","10":"instock","11":"shipping-taxable","12":"purchasable","13":"product-type-simple"},"acf":[],"yoast_head":"<!-- This site is optimized with the Yoast SEO Premium plugin v25.2 (Yoast SEO v25.2) - https:\/\/yoast.com\/wordpress\/plugins\/seo\/ -->\n<title>Ponte verso un altro mondo: una scia di briciole di pane CE<\/title>\n<meta name=\"description\" content=\"Le streghe esistevano solo nelle fiabe, non \u00e8 vero - Scoprilo in Un ponte per un altro mondo: un sentiero di briciole di pane CE\" \/>\n<meta name=\"robots\" content=\"index, follow, max-snippet:-1, max-image-preview:large, max-video-preview:-1\" \/>\n<link rel=\"canonical\" href=\"https:\/\/www.iplay.com\/it\/games\/bridge-to-another-world-a-trail-of-breadcrumbs-ce\/\" \/>\n<meta property=\"og:locale\" content=\"it_IT\" \/>\n<meta property=\"og:type\" content=\"article\" \/>\n<meta property=\"og:title\" content=\"Bridge to Another World: A Trail of Breadcrumbs CE\" \/>\n<meta property=\"og:description\" content=\"Le streghe esistevano solo nelle fiabe, non \u00e8 vero - Scoprilo in Un ponte per un altro mondo: un sentiero di briciole di pane CE\" \/>\n<meta property=\"og:url\" content=\"https:\/\/www.iplay.com\/it\/games\/bridge-to-another-world-a-trail-of-breadcrumbs-ce\/\" \/>\n<meta property=\"og:site_name\" content=\"IPlay\" \/>\n<meta property=\"og:image\" content=\"https:\/\/www.iplay.com\/wp-content\/uploads\/2024\/04\/Bridge-to-Another-World-A-Trail-of-Breadcrumbs-CE_slider.webp\" \/>\n\t<meta property=\"og:image:width\" content=\"715\" \/>\n\t<meta property=\"og:image:height\" content=\"485\" \/>\n\t<meta property=\"og:image:type\" content=\"image\/webp\" \/>\n<meta name=\"twitter:card\" content=\"summary_large_image\" \/>\n<meta name=\"twitter:label1\" content=\"Est. reading time\" \/>\n\t<meta name=\"twitter:data1\" content=\"1 minuto\" \/>\n<script type=\"application\/ld+json\" class=\"yoast-schema-graph\">{\"@context\":\"https:\/\/schema.org\",\"@graph\":[{\"@type\":\"WebPage\",\"@id\":\"https:\/\/www.iplay.com\/it\/games\/bridge-to-another-world-a-trail-of-breadcrumbs-ce\/\",\"url\":\"https:\/\/www.iplay.com\/it\/games\/bridge-to-another-world-a-trail-of-breadcrumbs-ce\/\",\"name\":\"Ponte verso un altro mondo: una scia di briciole di pane CE\",\"isPartOf\":{\"@id\":\"https:\/\/www.iplay.com\/en\/#website\"},\"primaryImageOfPage\":{\"@id\":\"https:\/\/www.iplay.com\/it\/games\/bridge-to-another-world-a-trail-of-breadcrumbs-ce\/#primaryimage\"},\"image\":{\"@id\":\"https:\/\/www.iplay.com\/it\/games\/bridge-to-another-world-a-trail-of-breadcrumbs-ce\/#primaryimage\"},\"thumbnailUrl\":\"https:\/\/www.iplay.com\/wp-content\/uploads\/2024\/04\/Bridge-to-Another-World-A-Trail-of-Breadcrumbs-CE_slider.webp\",\"datePublished\":\"2024-04-17T12:05:30+00:00\",\"description\":\"Le streghe esistevano solo nelle fiabe, non \u00e8 vero - Scoprilo in Un ponte per un altro mondo: un sentiero di briciole di pane CE\",\"breadcrumb\":{\"@id\":\"https:\/\/www.iplay.com\/it\/games\/bridge-to-another-world-a-trail-of-breadcrumbs-ce\/#breadcrumb\"},\"inLanguage\":\"it-IT\",\"potentialAction\":[{\"@type\":\"ReadAction\",\"target\":[\"https:\/\/www.iplay.com\/it\/games\/bridge-to-another-world-a-trail-of-breadcrumbs-ce\/\"]}]},{\"@type\":\"ImageObject\",\"inLanguage\":\"it-IT\",\"@id\":\"https:\/\/www.iplay.com\/it\/games\/bridge-to-another-world-a-trail-of-breadcrumbs-ce\/#primaryimage\",\"url\":\"https:\/\/www.iplay.com\/wp-content\/uploads\/2024\/04\/Bridge-to-Another-World-A-Trail-of-Breadcrumbs-CE_slider.webp\",\"contentUrl\":\"https:\/\/www.iplay.com\/wp-content\/uploads\/2024\/04\/Bridge-to-Another-World-A-Trail-of-Breadcrumbs-CE_slider.webp\",\"width\":715,\"height\":485},{\"@type\":\"BreadcrumbList\",\"@id\":\"https:\/\/www.iplay.com\/it\/games\/bridge-to-another-world-a-trail-of-breadcrumbs-ce\/#breadcrumb\",\"itemListElement\":[{\"@type\":\"ListItem\",\"position\":1,\"name\":\"Home\",\"item\":\"https:\/\/www.iplay.com\/it\/home-page-2\/\"},{\"@type\":\"ListItem\",\"position\":2,\"name\":\"Shop\",\"item\":\"https:\/\/www.iplay.com\/en\/shop\/\"},{\"@type\":\"ListItem\",\"position\":3,\"name\":\"Bridge to Another World: A Trail of Breadcrumbs CE\"}]},{\"@type\":\"WebSite\",\"@id\":\"https:\/\/www.iplay.com\/en\/#website\",\"url\":\"https:\/\/www.iplay.com\/en\/\",\"name\":\"IPlay\",\"description\":\"The Best Casual Games!\",\"publisher\":{\"@id\":\"https:\/\/www.iplay.com\/en\/#organization\"},\"potentialAction\":[{\"@type\":\"SearchAction\",\"target\":{\"@type\":\"EntryPoint\",\"urlTemplate\":\"https:\/\/www.iplay.com\/en\/?s={search_term_string}\"},\"query-input\":{\"@type\":\"PropertyValueSpecification\",\"valueRequired\":true,\"valueName\":\"search_term_string\"}}],\"inLanguage\":\"it-IT\"},{\"@type\":\"Organization\",\"@id\":\"https:\/\/www.iplay.com\/en\/#organization\",\"name\":\"IPlay\",\"url\":\"https:\/\/www.iplay.com\/en\/\",\"logo\":{\"@type\":\"ImageObject\",\"inLanguage\":\"it-IT\",\"@id\":\"https:\/\/www.iplay.com\/en\/#\/schema\/logo\/image\/\",\"url\":\"https:\/\/www.iplay.com\/wp-content\/uploads\/2023\/11\/Group-6100.svg\",\"contentUrl\":\"https:\/\/www.iplay.com\/wp-content\/uploads\/2023\/11\/Group-6100.svg\",\"width\":98,\"height\":25,\"caption\":\"IPlay\"},\"image\":{\"@id\":\"https:\/\/www.iplay.com\/en\/#\/schema\/logo\/image\/\"}}]}<\/script>\n<!-- \/ Yoast SEO Premium plugin. -->","yoast_head_json":{"title":"Ponte verso un altro mondo: una scia di briciole di pane CE","description":"Le streghe esistevano solo nelle fiabe, non \u00e8 vero - Scoprilo in Un ponte per un altro mondo: un sentiero di briciole di pane CE","robots":{"index":"index","follow":"follow","max-snippet":"max-snippet:-1","max-image-preview":"max-image-preview:large","max-video-preview":"max-video-preview:-1"},"canonical":"https:\/\/www.iplay.com\/it\/games\/bridge-to-another-world-a-trail-of-breadcrumbs-ce\/","og_locale":"it_IT","og_type":"article","og_title":"Bridge to Another World: A Trail of Breadcrumbs CE","og_description":"Le streghe esistevano solo nelle fiabe, non \u00e8 vero - Scoprilo in Un ponte per un altro mondo: un sentiero di briciole di pane CE","og_url":"https:\/\/www.iplay.com\/it\/games\/bridge-to-another-world-a-trail-of-breadcrumbs-ce\/","og_site_name":"IPlay","og_image":[{"width":715,"height":485,"url":"https:\/\/www.iplay.com\/wp-content\/uploads\/2024\/04\/Bridge-to-Another-World-A-Trail-of-Breadcrumbs-CE_slider.webp","type":"image\/webp"}],"twitter_card":"summary_large_image","twitter_misc":{"Est. reading time":"1 minuto"},"schema":{"@context":"https:\/\/schema.org","@graph":[{"@type":"WebPage","@id":"https:\/\/www.iplay.com\/it\/games\/bridge-to-another-world-a-trail-of-breadcrumbs-ce\/","url":"https:\/\/www.iplay.com\/it\/games\/bridge-to-another-world-a-trail-of-breadcrumbs-ce\/","name":"Ponte verso un altro mondo: una scia di briciole di pane CE","isPartOf":{"@id":"https:\/\/www.iplay.com\/en\/#website"},"primaryImageOfPage":{"@id":"https:\/\/www.iplay.com\/it\/games\/bridge-to-another-world-a-trail-of-breadcrumbs-ce\/#primaryimage"},"image":{"@id":"https:\/\/www.iplay.com\/it\/games\/bridge-to-another-world-a-trail-of-breadcrumbs-ce\/#primaryimage"},"thumbnailUrl":"https:\/\/www.iplay.com\/wp-content\/uploads\/2024\/04\/Bridge-to-Another-World-A-Trail-of-Breadcrumbs-CE_slider.webp","datePublished":"2024-04-17T12:05:30+00:00","description":"Le streghe esistevano solo nelle fiabe, non \u00e8 vero - Scoprilo in Un ponte per un altro mondo: un sentiero di briciole di pane CE","breadcrumb":{"@id":"https:\/\/www.iplay.com\/it\/games\/bridge-to-another-world-a-trail-of-breadcrumbs-ce\/#breadcrumb"},"inLanguage":"it-IT","potentialAction":[{"@type":"ReadAction","target":["https:\/\/www.iplay.com\/it\/games\/bridge-to-another-world-a-trail-of-breadcrumbs-ce\/"]}]},{"@type":"ImageObject","inLanguage":"it-IT","@id":"https:\/\/www.iplay.com\/it\/games\/bridge-to-another-world-a-trail-of-breadcrumbs-ce\/#primaryimage","url":"https:\/\/www.iplay.com\/wp-content\/uploads\/2024\/04\/Bridge-to-Another-World-A-Trail-of-Breadcrumbs-CE_slider.webp","contentUrl":"https:\/\/www.iplay.com\/wp-content\/uploads\/2024\/04\/Bridge-to-Another-World-A-Trail-of-Breadcrumbs-CE_slider.webp","width":715,"height":485},{"@type":"BreadcrumbList","@id":"https:\/\/www.iplay.com\/it\/games\/bridge-to-another-world-a-trail-of-breadcrumbs-ce\/#breadcrumb","itemListElement":[{"@type":"ListItem","position":1,"name":"Home","item":"https:\/\/www.iplay.com\/it\/home-page-2\/"},{"@type":"ListItem","position":2,"name":"Shop","item":"https:\/\/www.iplay.com\/en\/shop\/"},{"@type":"ListItem","position":3,"name":"Bridge to Another World: A Trail of Breadcrumbs CE"}]},{"@type":"WebSite","@id":"https:\/\/www.iplay.com\/en\/#website","url":"https:\/\/www.iplay.com\/en\/","name":"IPlay","description":"The Best Casual Games!","publisher":{"@id":"https:\/\/www.iplay.com\/en\/#organization"},"potentialAction":[{"@type":"SearchAction","target":{"@type":"EntryPoint","urlTemplate":"https:\/\/www.iplay.com\/en\/?s={search_term_string}"},"query-input":{"@type":"PropertyValueSpecification","valueRequired":true,"valueName":"search_term_string"}}],"inLanguage":"it-IT"},{"@type":"Organization","@id":"https:\/\/www.iplay.com\/en\/#organization","name":"IPlay","url":"https:\/\/www.iplay.com\/en\/","logo":{"@type":"ImageObject","inLanguage":"it-IT","@id":"https:\/\/www.iplay.com\/en\/#\/schema\/logo\/image\/","url":"https:\/\/www.iplay.com\/wp-content\/uploads\/2023\/11\/Group-6100.svg","contentUrl":"https:\/\/www.iplay.com\/wp-content\/uploads\/2023\/11\/Group-6100.svg","width":98,"height":25,"caption":"IPlay"},"image":{"@id":"https:\/\/www.iplay.com\/en\/#\/schema\/logo\/image\/"}}]}},"_links":{"self":[{"href":"https:\/\/www.iplay.com\/it\/wp-json\/wp\/v2\/product\/129339","targetHints":{"allow":["GET"]}}],"collection":[{"href":"https:\/\/www.iplay.com\/it\/wp-json\/wp\/v2\/product"}],"about":[{"href":"https:\/\/www.iplay.com\/it\/wp-json\/wp\/v2\/types\/product"}],"author":[{"embeddable":true,"href":"https:\/\/www.iplay.com\/it\/wp-json\/wp\/v2\/users\/17"}],"replies":[{"embeddable":true,"href":"https:\/\/www.iplay.com\/it\/wp-json\/wp\/v2\/comments?post=129339"}],"wp:featuredmedia":[{"embeddable":true,"href":"https:\/\/www.iplay.com\/it\/wp-json\/wp\/v2\/media\/110436"}],"wp:attachment":[{"href":"https:\/\/www.iplay.com\/it\/wp-json\/wp\/v2\/media?parent=129339"}],"wp:term":[{"taxonomy":"product_brand","embeddable":true,"href":"https:\/\/www.iplay.com\/it\/wp-json\/wp\/v2\/product_brand?post=129339"},{"taxonomy":"product_cat","embeddable":true,"href":"https:\/\/www.iplay.com\/it\/wp-json\/wp\/v2\/product_cat?post=129339"},{"taxonomy":"product_tag","embeddable":true,"href":"https:\/\/www.iplay.com\/it\/wp-json\/wp\/v2\/product_tag?post=129339"}],"curies":[{"name":"wp","href":"https:\/\/api.w.org\/{rel}","templated":true}]}}