{"id":128919,"date":"2025-03-27T09:30:21","date_gmt":"2025-03-27T09:30:21","guid":{"rendered":"https:\/\/www.iplay.com\/games\/block-blaster-puzzle\/"},"modified":"2025-03-27T17:58:23","modified_gmt":"2025-03-27T17:58:23","slug":"block-blaster-puzzle","status":"publish","type":"product","link":"https:\/\/www.iplay.com\/it\/games\/block-blaster-puzzle\/","title":{"rendered":"Block Blaster Puzzle"},"content":{"rendered":"<p>Sforzati di ottenere voti eccellenti o obiettivi di livello completo. Goditi panorami mozzafiato mentre ruoti e disponi i blocchi per rendere chiare righe e colonne. Ogni mossa impeccabile ti rende felice e ti spinge ad andare meglio e a risolvere ogni puzzle!  <\/p>\n<p>&nbsp;<\/p>\n<p><strong>Tratti somatici<\/strong><\/p>\n<ul>\n<li>Gioco di puzzle infinito<\/li>\n<li>Pi\u00f9 livelli di difficolt\u00e0<\/li>\n<li>17 blocchi distinti<\/li>\n<li>Giocare mentre ci si rilassa<\/li>\n<\/ul>\n<p><strong>Come giocare<\/strong><\/p>\n<p>I giocatori si muovono e abbinano blocchi colorati per completare righe o colonne nei livelli infinitamente lunghi del gioco. \u00c8 necessario un punteggio elevato prima che il tabellone si riempia. Il posizionamento strategico \u00e8 essenziale per il successo perch\u00e9 ci sono 17 blocchi distinti che possono essere ruotati in una qualsiasi delle quattro direzioni.<\/p>\n","protected":false},"excerpt":{"rendered":"<p>Sfida la tua mente in questa avvincente avventura di abbinamento di blocchi in cui il pensiero strategico incontra il divertimento esplosivo: posiziona i pezzi tatticamente attraverso livelli progressivamente impegnativi per diventare il campione definitivo di Block Blaster.<\/p>\n","protected":false},"author":325,"featured_media":128914,"comment_status":"open","ping_status":"closed","template":"","meta":{"_acf_changed":false,"inline_featured_image":false},"product_brand":[],"product_cat":[181,191],"product_tag":[283,301,290],"class_list":{"0":"post-128919","1":"product","2":"type-product","3":"status-publish","4":"has-post-thumbnail","6":"product_cat-mobile-games-it","7":"product_cat-puzzle-it","8":"product_tag-play-on-mac-it","9":"product_tag-play-on-mobile-it","10":"product_tag-play-on-pc-it","12":"first","13":"instock","14":"shipping-taxable","15":"purchasable","16":"product-type-html5_game"},"acf":[],"yoast_head":"<!-- This site is optimized with the Yoast SEO Premium plugin v25.2 (Yoast SEO v25.2) - https:\/\/yoast.com\/wordpress\/plugins\/seo\/ -->\n<title>Block Blaster Puzzle: Sfide strategiche ed esplosive<\/title>\n<meta name=\"description\" content=\"Sfida la tua mente in questa avvincente avventura di abbinamento di blocchi in cui il pensiero strategico incontra il divertimento esplosivo: posiziona i pezzi tatticamente attraverso livelli progressivamente impegnativi per diventare il campione definitivo di Block Blaster.\" \/>\n<meta name=\"robots\" content=\"index, follow, max-snippet:-1, max-image-preview:large, max-video-preview:-1\" \/>\n<link rel=\"canonical\" href=\"https:\/\/www.iplay.com\/it\/games\/block-blaster-puzzle\/\" \/>\n<meta property=\"og:locale\" content=\"it_IT\" \/>\n<meta property=\"og:type\" content=\"article\" \/>\n<meta property=\"og:title\" content=\"Block Blaster Puzzle\" \/>\n<meta property=\"og:description\" content=\"Sfida la tua mente in questa avvincente avventura di abbinamento di blocchi in cui il pensiero strategico incontra il divertimento esplosivo: posiziona i pezzi tatticamente attraverso livelli progressivamente impegnativi per diventare il campione definitivo di Block Blaster.\" \/>\n<meta property=\"og:url\" content=\"https:\/\/www.iplay.com\/it\/games\/block-blaster-puzzle\/\" \/>\n<meta property=\"og:site_name\" content=\"IPlay\" \/>\n<meta property=\"article:modified_time\" content=\"2025-03-27T17:58:23+00:00\" \/>\n<meta property=\"og:image\" content=\"https:\/\/www.iplay.com\/wp-content\/uploads\/2025\/03\/blockblasterpuzzle-html5_title_715x485.webp\" \/>\n\t<meta property=\"og:image:width\" content=\"715\" \/>\n\t<meta property=\"og:image:height\" content=\"485\" \/>\n\t<meta property=\"og:image:type\" content=\"image\/webp\" \/>\n<meta name=\"twitter:card\" content=\"summary_large_image\" \/>\n<meta name=\"twitter:label1\" content=\"Est. reading time\" \/>\n\t<meta name=\"twitter:data1\" content=\"1 minuto\" \/>\n<script type=\"application\/ld+json\" class=\"yoast-schema-graph\">{\"@context\":\"https:\/\/schema.org\",\"@graph\":[{\"@type\":\"WebPage\",\"@id\":\"https:\/\/www.iplay.com\/it\/games\/block-blaster-puzzle\/\",\"url\":\"https:\/\/www.iplay.com\/it\/games\/block-blaster-puzzle\/\",\"name\":\"Block Blaster Puzzle: Sfide strategiche ed esplosive\",\"isPartOf\":{\"@id\":\"https:\/\/www.iplay.com\/en\/#website\"},\"primaryImageOfPage\":{\"@id\":\"https:\/\/www.iplay.com\/it\/games\/block-blaster-puzzle\/#primaryimage\"},\"image\":{\"@id\":\"https:\/\/www.iplay.com\/it\/games\/block-blaster-puzzle\/#primaryimage\"},\"thumbnailUrl\":\"https:\/\/www.iplay.com\/wp-content\/uploads\/2025\/03\/blockblasterpuzzle-html5_title_715x485.webp\",\"datePublished\":\"2025-03-27T09:30:21+00:00\",\"dateModified\":\"2025-03-27T17:58:23+00:00\",\"description\":\"Sfida la tua mente in questa avvincente avventura di abbinamento di blocchi in cui il pensiero strategico incontra il divertimento esplosivo: posiziona i pezzi tatticamente attraverso livelli progressivamente impegnativi per diventare il campione definitivo di Block Blaster.\",\"breadcrumb\":{\"@id\":\"https:\/\/www.iplay.com\/it\/games\/block-blaster-puzzle\/#breadcrumb\"},\"inLanguage\":\"it-IT\",\"potentialAction\":[{\"@type\":\"ReadAction\",\"target\":[\"https:\/\/www.iplay.com\/it\/games\/block-blaster-puzzle\/\"]}]},{\"@type\":\"ImageObject\",\"inLanguage\":\"it-IT\",\"@id\":\"https:\/\/www.iplay.com\/it\/games\/block-blaster-puzzle\/#primaryimage\",\"url\":\"https:\/\/www.iplay.com\/wp-content\/uploads\/2025\/03\/blockblasterpuzzle-html5_title_715x485.webp\",\"contentUrl\":\"https:\/\/www.iplay.com\/wp-content\/uploads\/2025\/03\/blockblasterpuzzle-html5_title_715x485.webp\",\"width\":715,\"height\":485},{\"@type\":\"BreadcrumbList\",\"@id\":\"https:\/\/www.iplay.com\/it\/games\/block-blaster-puzzle\/#breadcrumb\",\"itemListElement\":[{\"@type\":\"ListItem\",\"position\":1,\"name\":\"Home\",\"item\":\"https:\/\/www.iplay.com\/it\/home-page-2\/\"},{\"@type\":\"ListItem\",\"position\":2,\"name\":\"Shop\",\"item\":\"https:\/\/www.iplay.com\/en\/shop\/\"},{\"@type\":\"ListItem\",\"position\":3,\"name\":\"Block Blaster Puzzle\"}]},{\"@type\":\"WebSite\",\"@id\":\"https:\/\/www.iplay.com\/en\/#website\",\"url\":\"https:\/\/www.iplay.com\/en\/\",\"name\":\"IPlay\",\"description\":\"The Best Casual Games!\",\"publisher\":{\"@id\":\"https:\/\/www.iplay.com\/en\/#organization\"},\"potentialAction\":[{\"@type\":\"SearchAction\",\"target\":{\"@type\":\"EntryPoint\",\"urlTemplate\":\"https:\/\/www.iplay.com\/en\/?s={search_term_string}\"},\"query-input\":{\"@type\":\"PropertyValueSpecification\",\"valueRequired\":true,\"valueName\":\"search_term_string\"}}],\"inLanguage\":\"it-IT\"},{\"@type\":\"Organization\",\"@id\":\"https:\/\/www.iplay.com\/en\/#organization\",\"name\":\"IPlay\",\"url\":\"https:\/\/www.iplay.com\/en\/\",\"logo\":{\"@type\":\"ImageObject\",\"inLanguage\":\"it-IT\",\"@id\":\"https:\/\/www.iplay.com\/en\/#\/schema\/logo\/image\/\",\"url\":\"https:\/\/www.iplay.com\/wp-content\/uploads\/2023\/11\/Group-6100.svg\",\"contentUrl\":\"https:\/\/www.iplay.com\/wp-content\/uploads\/2023\/11\/Group-6100.svg\",\"width\":98,\"height\":25,\"caption\":\"IPlay\"},\"image\":{\"@id\":\"https:\/\/www.iplay.com\/en\/#\/schema\/logo\/image\/\"}}]}<\/script>\n<!-- \/ Yoast SEO Premium plugin. -->","yoast_head_json":{"title":"Block Blaster Puzzle: Sfide strategiche ed esplosive","description":"Sfida la tua mente in questa avvincente avventura di abbinamento di blocchi in cui il pensiero strategico incontra il divertimento esplosivo: posiziona i pezzi tatticamente attraverso livelli progressivamente impegnativi per diventare il campione definitivo di Block Blaster.","robots":{"index":"index","follow":"follow","max-snippet":"max-snippet:-1","max-image-preview":"max-image-preview:large","max-video-preview":"max-video-preview:-1"},"canonical":"https:\/\/www.iplay.com\/it\/games\/block-blaster-puzzle\/","og_locale":"it_IT","og_type":"article","og_title":"Block Blaster Puzzle","og_description":"Sfida la tua mente in questa avvincente avventura di abbinamento di blocchi in cui il pensiero strategico incontra il divertimento esplosivo: posiziona i pezzi tatticamente attraverso livelli progressivamente impegnativi per diventare il campione definitivo di Block Blaster.","og_url":"https:\/\/www.iplay.com\/it\/games\/block-blaster-puzzle\/","og_site_name":"IPlay","article_modified_time":"2025-03-27T17:58:23+00:00","og_image":[{"width":715,"height":485,"url":"https:\/\/www.iplay.com\/wp-content\/uploads\/2025\/03\/blockblasterpuzzle-html5_title_715x485.webp","type":"image\/webp"}],"twitter_card":"summary_large_image","twitter_misc":{"Est. reading time":"1 minuto"},"schema":{"@context":"https:\/\/schema.org","@graph":[{"@type":"WebPage","@id":"https:\/\/www.iplay.com\/it\/games\/block-blaster-puzzle\/","url":"https:\/\/www.iplay.com\/it\/games\/block-blaster-puzzle\/","name":"Block Blaster Puzzle: Sfide strategiche ed esplosive","isPartOf":{"@id":"https:\/\/www.iplay.com\/en\/#website"},"primaryImageOfPage":{"@id":"https:\/\/www.iplay.com\/it\/games\/block-blaster-puzzle\/#primaryimage"},"image":{"@id":"https:\/\/www.iplay.com\/it\/games\/block-blaster-puzzle\/#primaryimage"},"thumbnailUrl":"https:\/\/www.iplay.com\/wp-content\/uploads\/2025\/03\/blockblasterpuzzle-html5_title_715x485.webp","datePublished":"2025-03-27T09:30:21+00:00","dateModified":"2025-03-27T17:58:23+00:00","description":"Sfida la tua mente in questa avvincente avventura di abbinamento di blocchi in cui il pensiero strategico incontra il divertimento esplosivo: posiziona i pezzi tatticamente attraverso livelli progressivamente impegnativi per diventare il campione definitivo di Block Blaster.","breadcrumb":{"@id":"https:\/\/www.iplay.com\/it\/games\/block-blaster-puzzle\/#breadcrumb"},"inLanguage":"it-IT","potentialAction":[{"@type":"ReadAction","target":["https:\/\/www.iplay.com\/it\/games\/block-blaster-puzzle\/"]}]},{"@type":"ImageObject","inLanguage":"it-IT","@id":"https:\/\/www.iplay.com\/it\/games\/block-blaster-puzzle\/#primaryimage","url":"https:\/\/www.iplay.com\/wp-content\/uploads\/2025\/03\/blockblasterpuzzle-html5_title_715x485.webp","contentUrl":"https:\/\/www.iplay.com\/wp-content\/uploads\/2025\/03\/blockblasterpuzzle-html5_title_715x485.webp","width":715,"height":485},{"@type":"BreadcrumbList","@id":"https:\/\/www.iplay.com\/it\/games\/block-blaster-puzzle\/#breadcrumb","itemListElement":[{"@type":"ListItem","position":1,"name":"Home","item":"https:\/\/www.iplay.com\/it\/home-page-2\/"},{"@type":"ListItem","position":2,"name":"Shop","item":"https:\/\/www.iplay.com\/en\/shop\/"},{"@type":"ListItem","position":3,"name":"Block Blaster Puzzle"}]},{"@type":"WebSite","@id":"https:\/\/www.iplay.com\/en\/#website","url":"https:\/\/www.iplay.com\/en\/","name":"IPlay","description":"The Best Casual Games!","publisher":{"@id":"https:\/\/www.iplay.com\/en\/#organization"},"potentialAction":[{"@type":"SearchAction","target":{"@type":"EntryPoint","urlTemplate":"https:\/\/www.iplay.com\/en\/?s={search_term_string}"},"query-input":{"@type":"PropertyValueSpecification","valueRequired":true,"valueName":"search_term_string"}}],"inLanguage":"it-IT"},{"@type":"Organization","@id":"https:\/\/www.iplay.com\/en\/#organization","name":"IPlay","url":"https:\/\/www.iplay.com\/en\/","logo":{"@type":"ImageObject","inLanguage":"it-IT","@id":"https:\/\/www.iplay.com\/en\/#\/schema\/logo\/image\/","url":"https:\/\/www.iplay.com\/wp-content\/uploads\/2023\/11\/Group-6100.svg","contentUrl":"https:\/\/www.iplay.com\/wp-content\/uploads\/2023\/11\/Group-6100.svg","width":98,"height":25,"caption":"IPlay"},"image":{"@id":"https:\/\/www.iplay.com\/en\/#\/schema\/logo\/image\/"}}]}},"_links":{"self":[{"href":"https:\/\/www.iplay.com\/it\/wp-json\/wp\/v2\/product\/128919","targetHints":{"allow":["GET"]}}],"collection":[{"href":"https:\/\/www.iplay.com\/it\/wp-json\/wp\/v2\/product"}],"about":[{"href":"https:\/\/www.iplay.com\/it\/wp-json\/wp\/v2\/types\/product"}],"author":[{"embeddable":true,"href":"https:\/\/www.iplay.com\/it\/wp-json\/wp\/v2\/users\/325"}],"replies":[{"embeddable":true,"href":"https:\/\/www.iplay.com\/it\/wp-json\/wp\/v2\/comments?post=128919"}],"wp:featuredmedia":[{"embeddable":true,"href":"https:\/\/www.iplay.com\/it\/wp-json\/wp\/v2\/media\/128914"}],"wp:attachment":[{"href":"https:\/\/www.iplay.com\/it\/wp-json\/wp\/v2\/media?parent=128919"}],"wp:term":[{"taxonomy":"product_brand","embeddable":true,"href":"https:\/\/www.iplay.com\/it\/wp-json\/wp\/v2\/product_brand?post=128919"},{"taxonomy":"product_cat","embeddable":true,"href":"https:\/\/www.iplay.com\/it\/wp-json\/wp\/v2\/product_cat?post=128919"},{"taxonomy":"product_tag","embeddable":true,"href":"https:\/\/www.iplay.com\/it\/wp-json\/wp\/v2\/product_tag?post=128919"}],"curies":[{"name":"wp","href":"https:\/\/api.w.org\/{rel}","templated":true}]}}