{"id":128372,"date":"2024-07-12T14:06:39","date_gmt":"2024-07-12T14:06:39","guid":{"rendered":"https:\/\/www.iplay.com\/games\/stickman-bridge-constructor\/"},"modified":"2024-07-12T14:06:39","modified_gmt":"2024-07-12T14:06:39","slug":"stickman-bridge-constructor","status":"publish","type":"product","link":"https:\/\/www.iplay.com\/it\/games\/stickman-bridge-constructor\/","title":{"rendered":"Stickman Bridge Constructor"},"content":{"rendered":"<p>Per coloro che amano i giochi di costruzione e i giochi stickman, questo gioco \u00e8 fatto per te!<\/p>\n<p>Gioca nei panni di un eroico operaio stickman che costruisce un ponte dopo l&#8217;altro.<\/p>\n<p>L&#8217;obiettivo \u00e8 quello di diventare il pi\u00f9 famoso costruttore di ponti Stickman.<\/p>\n<p>Stickman Bridge Constructor \u00e8 un gioco divertente, facile da giocare ma difficile da padroneggiare.<\/p>\n<p>Se il ponte \u00e8 troppo lungo, lo stickman cadr\u00e0; Se \u00e8 troppo corto, cadr\u00e0 anche lo stickman.<\/p>\n<p>Fino a che punto puoi arrivare?<\/p>\n","protected":false},"excerpt":{"rendered":"<p>Ti piacciono i giochi di costruzione e i giochi stickman? Questo gioco \u00e8 fatto per te! <\/p>\n","protected":false},"author":333,"featured_media":120104,"comment_status":"open","ping_status":"closed","template":"","meta":{"_acf_changed":false,"inline_featured_image":false},"product_brand":[],"product_cat":[181,219],"product_tag":[283,301,290],"class_list":{"0":"post-128372","1":"product","2":"type-product","3":"status-publish","4":"has-post-thumbnail","6":"product_cat-mobile-games-it","7":"product_cat-strategy-it","8":"product_tag-play-on-mac-it","9":"product_tag-play-on-mobile-it","10":"product_tag-play-on-pc-it","12":"first","13":"instock","14":"shipping-taxable","15":"purchasable","16":"product-type-html5_game"},"acf":[],"yoast_head":"<!-- This site is optimized with the Yoast SEO Premium plugin v25.2 (Yoast SEO v25.2) - https:\/\/yoast.com\/wordpress\/plugins\/seo\/ -->\n<title>Stickman Bridge Constructor - Gioca su IPlay<\/title>\n<meta name=\"description\" content=\"Ti piacciono i giochi di costruzione e i giochi stickman? Questo gioco \u00e8 fatto per te!\" \/>\n<meta name=\"robots\" content=\"index, follow, max-snippet:-1, max-image-preview:large, max-video-preview:-1\" \/>\n<link rel=\"canonical\" href=\"https:\/\/www.iplay.com\/it\/games\/stickman-bridge-constructor\/\" \/>\n<meta property=\"og:locale\" content=\"it_IT\" \/>\n<meta property=\"og:type\" content=\"article\" \/>\n<meta property=\"og:title\" content=\"Stickman Bridge Constructor\" \/>\n<meta property=\"og:description\" content=\"Ti piacciono i giochi di costruzione e i giochi stickman? Questo gioco \u00e8 fatto per te!\" \/>\n<meta property=\"og:url\" content=\"https:\/\/www.iplay.com\/it\/games\/stickman-bridge-constructor\/\" \/>\n<meta property=\"og:site_name\" content=\"IPlay\" \/>\n<meta property=\"og:image\" content=\"https:\/\/www.iplay.com\/wp-content\/uploads\/2024\/07\/ban-stickmanBridgeConstructor-310x310-1.webp\" \/>\n\t<meta property=\"og:image:width\" content=\"715\" \/>\n\t<meta property=\"og:image:height\" content=\"485\" \/>\n\t<meta property=\"og:image:type\" content=\"image\/webp\" \/>\n<meta name=\"twitter:card\" content=\"summary_large_image\" \/>\n<script type=\"application\/ld+json\" class=\"yoast-schema-graph\">{\"@context\":\"https:\/\/schema.org\",\"@graph\":[{\"@type\":\"WebPage\",\"@id\":\"https:\/\/www.iplay.com\/it\/games\/stickman-bridge-constructor\/\",\"url\":\"https:\/\/www.iplay.com\/it\/games\/stickman-bridge-constructor\/\",\"name\":\"Stickman Bridge Constructor - Gioca su IPlay\",\"isPartOf\":{\"@id\":\"https:\/\/www.iplay.com\/en\/#website\"},\"primaryImageOfPage\":{\"@id\":\"https:\/\/www.iplay.com\/it\/games\/stickman-bridge-constructor\/#primaryimage\"},\"image\":{\"@id\":\"https:\/\/www.iplay.com\/it\/games\/stickman-bridge-constructor\/#primaryimage\"},\"thumbnailUrl\":\"https:\/\/www.iplay.com\/wp-content\/uploads\/2024\/07\/ban-stickmanBridgeConstructor-310x310-1.webp\",\"datePublished\":\"2024-07-12T14:06:39+00:00\",\"description\":\"Ti piacciono i giochi di costruzione e i giochi stickman? Questo gioco \u00e8 fatto per te!\",\"breadcrumb\":{\"@id\":\"https:\/\/www.iplay.com\/it\/games\/stickman-bridge-constructor\/#breadcrumb\"},\"inLanguage\":\"it-IT\",\"potentialAction\":[{\"@type\":\"ReadAction\",\"target\":[\"https:\/\/www.iplay.com\/it\/games\/stickman-bridge-constructor\/\"]}]},{\"@type\":\"ImageObject\",\"inLanguage\":\"it-IT\",\"@id\":\"https:\/\/www.iplay.com\/it\/games\/stickman-bridge-constructor\/#primaryimage\",\"url\":\"https:\/\/www.iplay.com\/wp-content\/uploads\/2024\/07\/ban-stickmanBridgeConstructor-310x310-1.webp\",\"contentUrl\":\"https:\/\/www.iplay.com\/wp-content\/uploads\/2024\/07\/ban-stickmanBridgeConstructor-310x310-1.webp\",\"width\":715,\"height\":485},{\"@type\":\"BreadcrumbList\",\"@id\":\"https:\/\/www.iplay.com\/it\/games\/stickman-bridge-constructor\/#breadcrumb\",\"itemListElement\":[{\"@type\":\"ListItem\",\"position\":1,\"name\":\"Home\",\"item\":\"https:\/\/www.iplay.com\/it\/home-page-2\/\"},{\"@type\":\"ListItem\",\"position\":2,\"name\":\"Shop\",\"item\":\"https:\/\/www.iplay.com\/en\/shop\/\"},{\"@type\":\"ListItem\",\"position\":3,\"name\":\"Stickman Bridge Constructor\"}]},{\"@type\":\"WebSite\",\"@id\":\"https:\/\/www.iplay.com\/en\/#website\",\"url\":\"https:\/\/www.iplay.com\/en\/\",\"name\":\"IPlay\",\"description\":\"The Best Casual Games!\",\"publisher\":{\"@id\":\"https:\/\/www.iplay.com\/en\/#organization\"},\"potentialAction\":[{\"@type\":\"SearchAction\",\"target\":{\"@type\":\"EntryPoint\",\"urlTemplate\":\"https:\/\/www.iplay.com\/en\/?s={search_term_string}\"},\"query-input\":{\"@type\":\"PropertyValueSpecification\",\"valueRequired\":true,\"valueName\":\"search_term_string\"}}],\"inLanguage\":\"it-IT\"},{\"@type\":\"Organization\",\"@id\":\"https:\/\/www.iplay.com\/en\/#organization\",\"name\":\"IPlay\",\"url\":\"https:\/\/www.iplay.com\/en\/\",\"logo\":{\"@type\":\"ImageObject\",\"inLanguage\":\"it-IT\",\"@id\":\"https:\/\/www.iplay.com\/en\/#\/schema\/logo\/image\/\",\"url\":\"https:\/\/www.iplay.com\/wp-content\/uploads\/2023\/11\/Group-6100.svg\",\"contentUrl\":\"https:\/\/www.iplay.com\/wp-content\/uploads\/2023\/11\/Group-6100.svg\",\"width\":98,\"height\":25,\"caption\":\"IPlay\"},\"image\":{\"@id\":\"https:\/\/www.iplay.com\/en\/#\/schema\/logo\/image\/\"}}]}<\/script>\n<!-- \/ Yoast SEO Premium plugin. -->","yoast_head_json":{"title":"Stickman Bridge Constructor - Gioca su IPlay","description":"Ti piacciono i giochi di costruzione e i giochi stickman? Questo gioco \u00e8 fatto per te!","robots":{"index":"index","follow":"follow","max-snippet":"max-snippet:-1","max-image-preview":"max-image-preview:large","max-video-preview":"max-video-preview:-1"},"canonical":"https:\/\/www.iplay.com\/it\/games\/stickman-bridge-constructor\/","og_locale":"it_IT","og_type":"article","og_title":"Stickman Bridge Constructor","og_description":"Ti piacciono i giochi di costruzione e i giochi stickman? Questo gioco \u00e8 fatto per te!","og_url":"https:\/\/www.iplay.com\/it\/games\/stickman-bridge-constructor\/","og_site_name":"IPlay","og_image":[{"width":715,"height":485,"url":"https:\/\/www.iplay.com\/wp-content\/uploads\/2024\/07\/ban-stickmanBridgeConstructor-310x310-1.webp","type":"image\/webp"}],"twitter_card":"summary_large_image","schema":{"@context":"https:\/\/schema.org","@graph":[{"@type":"WebPage","@id":"https:\/\/www.iplay.com\/it\/games\/stickman-bridge-constructor\/","url":"https:\/\/www.iplay.com\/it\/games\/stickman-bridge-constructor\/","name":"Stickman Bridge Constructor - Gioca su IPlay","isPartOf":{"@id":"https:\/\/www.iplay.com\/en\/#website"},"primaryImageOfPage":{"@id":"https:\/\/www.iplay.com\/it\/games\/stickman-bridge-constructor\/#primaryimage"},"image":{"@id":"https:\/\/www.iplay.com\/it\/games\/stickman-bridge-constructor\/#primaryimage"},"thumbnailUrl":"https:\/\/www.iplay.com\/wp-content\/uploads\/2024\/07\/ban-stickmanBridgeConstructor-310x310-1.webp","datePublished":"2024-07-12T14:06:39+00:00","description":"Ti piacciono i giochi di costruzione e i giochi stickman? Questo gioco \u00e8 fatto per te!","breadcrumb":{"@id":"https:\/\/www.iplay.com\/it\/games\/stickman-bridge-constructor\/#breadcrumb"},"inLanguage":"it-IT","potentialAction":[{"@type":"ReadAction","target":["https:\/\/www.iplay.com\/it\/games\/stickman-bridge-constructor\/"]}]},{"@type":"ImageObject","inLanguage":"it-IT","@id":"https:\/\/www.iplay.com\/it\/games\/stickman-bridge-constructor\/#primaryimage","url":"https:\/\/www.iplay.com\/wp-content\/uploads\/2024\/07\/ban-stickmanBridgeConstructor-310x310-1.webp","contentUrl":"https:\/\/www.iplay.com\/wp-content\/uploads\/2024\/07\/ban-stickmanBridgeConstructor-310x310-1.webp","width":715,"height":485},{"@type":"BreadcrumbList","@id":"https:\/\/www.iplay.com\/it\/games\/stickman-bridge-constructor\/#breadcrumb","itemListElement":[{"@type":"ListItem","position":1,"name":"Home","item":"https:\/\/www.iplay.com\/it\/home-page-2\/"},{"@type":"ListItem","position":2,"name":"Shop","item":"https:\/\/www.iplay.com\/en\/shop\/"},{"@type":"ListItem","position":3,"name":"Stickman Bridge Constructor"}]},{"@type":"WebSite","@id":"https:\/\/www.iplay.com\/en\/#website","url":"https:\/\/www.iplay.com\/en\/","name":"IPlay","description":"The Best Casual Games!","publisher":{"@id":"https:\/\/www.iplay.com\/en\/#organization"},"potentialAction":[{"@type":"SearchAction","target":{"@type":"EntryPoint","urlTemplate":"https:\/\/www.iplay.com\/en\/?s={search_term_string}"},"query-input":{"@type":"PropertyValueSpecification","valueRequired":true,"valueName":"search_term_string"}}],"inLanguage":"it-IT"},{"@type":"Organization","@id":"https:\/\/www.iplay.com\/en\/#organization","name":"IPlay","url":"https:\/\/www.iplay.com\/en\/","logo":{"@type":"ImageObject","inLanguage":"it-IT","@id":"https:\/\/www.iplay.com\/en\/#\/schema\/logo\/image\/","url":"https:\/\/www.iplay.com\/wp-content\/uploads\/2023\/11\/Group-6100.svg","contentUrl":"https:\/\/www.iplay.com\/wp-content\/uploads\/2023\/11\/Group-6100.svg","width":98,"height":25,"caption":"IPlay"},"image":{"@id":"https:\/\/www.iplay.com\/en\/#\/schema\/logo\/image\/"}}]}},"_links":{"self":[{"href":"https:\/\/www.iplay.com\/it\/wp-json\/wp\/v2\/product\/128372","targetHints":{"allow":["GET"]}}],"collection":[{"href":"https:\/\/www.iplay.com\/it\/wp-json\/wp\/v2\/product"}],"about":[{"href":"https:\/\/www.iplay.com\/it\/wp-json\/wp\/v2\/types\/product"}],"author":[{"embeddable":true,"href":"https:\/\/www.iplay.com\/it\/wp-json\/wp\/v2\/users\/333"}],"replies":[{"embeddable":true,"href":"https:\/\/www.iplay.com\/it\/wp-json\/wp\/v2\/comments?post=128372"}],"wp:featuredmedia":[{"embeddable":true,"href":"https:\/\/www.iplay.com\/it\/wp-json\/wp\/v2\/media\/120104"}],"wp:attachment":[{"href":"https:\/\/www.iplay.com\/it\/wp-json\/wp\/v2\/media?parent=128372"}],"wp:term":[{"taxonomy":"product_brand","embeddable":true,"href":"https:\/\/www.iplay.com\/it\/wp-json\/wp\/v2\/product_brand?post=128372"},{"taxonomy":"product_cat","embeddable":true,"href":"https:\/\/www.iplay.com\/it\/wp-json\/wp\/v2\/product_cat?post=128372"},{"taxonomy":"product_tag","embeddable":true,"href":"https:\/\/www.iplay.com\/it\/wp-json\/wp\/v2\/product_tag?post=128372"}],"curies":[{"name":"wp","href":"https:\/\/api.w.org\/{rel}","templated":true}]}}