{"id":128321,"date":"2025-03-17T09:00:32","date_gmt":"2025-03-17T09:00:32","guid":{"rendered":"https:\/\/www.iplay.com\/games\/hedgehogs-adventure-2\/"},"modified":"2025-03-17T09:00:32","modified_gmt":"2025-03-17T09:00:32","slug":"hedgehogs-adventure-2","status":"publish","type":"product","link":"https:\/\/www.iplay.com\/it\/games\/hedgehogs-adventure-2\/","title":{"rendered":"Hedgehogs Adventure 2"},"content":{"rendered":"<p>\u00c8 stato creato un accattivante sequel dell&#8217;amata storia interattiva per bambini, in cui Hedgehog e i suoi compagni del bosco possono essere uniti nel loro ultimo viaggio attraverso il mutevole paesaggio della foresta.<br \/>\nCon l&#8217;avvicinarsi dell&#8217;autunno, la foresta si trasforma e si presentano nuove sfide agli abitanti animali. Enigmi educativi e compiti basati sulla logica sono stati intrecciati senza soluzione di continuit\u00e0 in una narrazione coinvolgente che intrattiene ed educa i giovani giocatori.<br \/>\nRiccio, scoiattolo, volpe, lupo e altre deliziose creature della foresta devono essere aiutati mentre si preparano per l&#8217;inverno in arrivo. La comunit\u00e0 dei boschi si trova ad affrontare diverse situazioni preoccupanti: la lepre si \u00e8 ammalata, il topo \u00e8 stato portato via dal vento con il suo palloncino, il gufo \u00e8 misteriosamente scomparso e la preoccupazione \u00e8 stata suscitata dall&#8217;arrivo di un animale sconosciuto e potenzialmente pericoloso.<br \/>\nAttraverso una narrazione accattivante, le abilit\u00e0 essenziali dei bambini vengono coltivate mentre rimangono completamente intrattenuti. L&#8217;attenzione, la memoria visiva, la logica e l&#8217;intelligenza spaziale si sviluppano attraverso attivit\u00e0 piacevoli.   <\/p>\n<p>&nbsp;<\/p>\n<p><strong>Tratti somatici<\/strong><\/p>\n<ul>\n<li>Rilevamento delle differenze tra le immagini<\/li>\n<li>Corrispondenza di coppia basata sulla memoria<\/li>\n<li>Risoluzione di puzzle di Sudoku<\/li>\n<li>Navigazione nel labirinto<\/li>\n<li>Assemblaggio di puzzle<\/li>\n<li>Ricerche di oggetti nascosti<\/li>\n<\/ul>\n<p>&nbsp;<\/p>\n<p>Questa esperienza interattiva \u00e8 stata progettata per essere sia educativa che divertente, consentendo ai giovani giocatori di imparare divertendosi nella colorata foresta autunnale con Hedgehog e i suoi amici.<\/p>\n","protected":false},"excerpt":{"rendered":"<p>Unisciti a Hedgehog e ai suoi amici del bosco in un&#8217;incantevole avventura piena di sfide, sorprese e momenti commoventi in questo sequel ricco di storia.<\/p>\n","protected":false},"author":320,"featured_media":128284,"comment_status":"open","ping_status":"closed","template":"","meta":{"_acf_changed":false,"inline_featured_image":false},"product_brand":[],"product_cat":[191,200],"product_tag":[290],"class_list":{"0":"post-128321","1":"product","2":"type-product","3":"status-publish","4":"has-post-thumbnail","6":"product_cat-puzzle-it","7":"product_cat-removed-content-it","8":"product_tag-play-on-pc-it","10":"first","11":"instock","12":"shipping-taxable","13":"purchasable","14":"product-type-simple"},"acf":[],"yoast_head":"<!-- This site is optimized with the Yoast SEO Premium plugin v25.2 (Yoast SEO v25.2) - https:\/\/yoast.com\/wordpress\/plugins\/seo\/ -->\n<title>Hedgehogs Adventure 2: divertente gioco ricco di storia con amici pelosi<\/title>\n<meta name=\"description\" content=\"Unisciti a Hedgehog e ai suoi amici del bosco in un&#039;incantevole avventura piena di sfide, sorprese e momenti commoventi in questo sequel ricco di storia.\" \/>\n<meta name=\"robots\" content=\"index, follow, max-snippet:-1, max-image-preview:large, max-video-preview:-1\" \/>\n<link rel=\"canonical\" href=\"https:\/\/www.iplay.com\/it\/games\/hedgehogs-adventure-2\/\" \/>\n<meta property=\"og:locale\" content=\"it_IT\" \/>\n<meta property=\"og:type\" content=\"article\" \/>\n<meta property=\"og:title\" content=\"Hedgehogs Adventure 2\" \/>\n<meta property=\"og:description\" content=\"Unisciti a Hedgehog e ai suoi amici del bosco in un&#039;incantevole avventura piena di sfide, sorprese e momenti commoventi in questo sequel ricco di storia.\" \/>\n<meta property=\"og:url\" content=\"https:\/\/www.iplay.com\/it\/games\/hedgehogs-adventure-2\/\" \/>\n<meta property=\"og:site_name\" content=\"IPlay\" \/>\n<meta property=\"og:image\" content=\"https:\/\/www.iplay.com\/wp-content\/uploads\/2025\/03\/hedgehogs_adventure_2_large_square_tile_image.webp\" \/>\n\t<meta property=\"og:image:width\" content=\"310\" \/>\n\t<meta property=\"og:image:height\" content=\"310\" \/>\n\t<meta property=\"og:image:type\" content=\"image\/webp\" \/>\n<meta name=\"twitter:card\" content=\"summary_large_image\" \/>\n<meta name=\"twitter:label1\" content=\"Est. reading time\" \/>\n\t<meta name=\"twitter:data1\" content=\"1 minuto\" \/>\n<script type=\"application\/ld+json\" class=\"yoast-schema-graph\">{\"@context\":\"https:\/\/schema.org\",\"@graph\":[{\"@type\":\"WebPage\",\"@id\":\"https:\/\/www.iplay.com\/it\/games\/hedgehogs-adventure-2\/\",\"url\":\"https:\/\/www.iplay.com\/it\/games\/hedgehogs-adventure-2\/\",\"name\":\"Hedgehogs Adventure 2: divertente gioco ricco di storia con amici pelosi\",\"isPartOf\":{\"@id\":\"https:\/\/www.iplay.com\/en\/#website\"},\"primaryImageOfPage\":{\"@id\":\"https:\/\/www.iplay.com\/it\/games\/hedgehogs-adventure-2\/#primaryimage\"},\"image\":{\"@id\":\"https:\/\/www.iplay.com\/it\/games\/hedgehogs-adventure-2\/#primaryimage\"},\"thumbnailUrl\":\"https:\/\/www.iplay.com\/wp-content\/uploads\/2025\/03\/hedgehogs_adventure_2_large_square_tile_image.webp\",\"datePublished\":\"2025-03-17T09:00:32+00:00\",\"description\":\"Unisciti a Hedgehog e ai suoi amici del bosco in un'incantevole avventura piena di sfide, sorprese e momenti commoventi in questo sequel ricco di storia.\",\"breadcrumb\":{\"@id\":\"https:\/\/www.iplay.com\/it\/games\/hedgehogs-adventure-2\/#breadcrumb\"},\"inLanguage\":\"it-IT\",\"potentialAction\":[{\"@type\":\"ReadAction\",\"target\":[\"https:\/\/www.iplay.com\/it\/games\/hedgehogs-adventure-2\/\"]}]},{\"@type\":\"ImageObject\",\"inLanguage\":\"it-IT\",\"@id\":\"https:\/\/www.iplay.com\/it\/games\/hedgehogs-adventure-2\/#primaryimage\",\"url\":\"https:\/\/www.iplay.com\/wp-content\/uploads\/2025\/03\/hedgehogs_adventure_2_large_square_tile_image.webp\",\"contentUrl\":\"https:\/\/www.iplay.com\/wp-content\/uploads\/2025\/03\/hedgehogs_adventure_2_large_square_tile_image.webp\",\"width\":310,\"height\":310},{\"@type\":\"BreadcrumbList\",\"@id\":\"https:\/\/www.iplay.com\/it\/games\/hedgehogs-adventure-2\/#breadcrumb\",\"itemListElement\":[{\"@type\":\"ListItem\",\"position\":1,\"name\":\"Home\",\"item\":\"https:\/\/www.iplay.com\/it\/home-page-2\/\"},{\"@type\":\"ListItem\",\"position\":2,\"name\":\"Shop\",\"item\":\"https:\/\/www.iplay.com\/en\/shop\/\"},{\"@type\":\"ListItem\",\"position\":3,\"name\":\"Hedgehogs Adventure 2\"}]},{\"@type\":\"WebSite\",\"@id\":\"https:\/\/www.iplay.com\/en\/#website\",\"url\":\"https:\/\/www.iplay.com\/en\/\",\"name\":\"IPlay\",\"description\":\"The Best Casual Games!\",\"publisher\":{\"@id\":\"https:\/\/www.iplay.com\/en\/#organization\"},\"potentialAction\":[{\"@type\":\"SearchAction\",\"target\":{\"@type\":\"EntryPoint\",\"urlTemplate\":\"https:\/\/www.iplay.com\/en\/?s={search_term_string}\"},\"query-input\":{\"@type\":\"PropertyValueSpecification\",\"valueRequired\":true,\"valueName\":\"search_term_string\"}}],\"inLanguage\":\"it-IT\"},{\"@type\":\"Organization\",\"@id\":\"https:\/\/www.iplay.com\/en\/#organization\",\"name\":\"IPlay\",\"url\":\"https:\/\/www.iplay.com\/en\/\",\"logo\":{\"@type\":\"ImageObject\",\"inLanguage\":\"it-IT\",\"@id\":\"https:\/\/www.iplay.com\/en\/#\/schema\/logo\/image\/\",\"url\":\"https:\/\/www.iplay.com\/wp-content\/uploads\/2023\/11\/Group-6100.svg\",\"contentUrl\":\"https:\/\/www.iplay.com\/wp-content\/uploads\/2023\/11\/Group-6100.svg\",\"width\":98,\"height\":25,\"caption\":\"IPlay\"},\"image\":{\"@id\":\"https:\/\/www.iplay.com\/en\/#\/schema\/logo\/image\/\"}}]}<\/script>\n<!-- \/ Yoast SEO Premium plugin. -->","yoast_head_json":{"title":"Hedgehogs Adventure 2: divertente gioco ricco di storia con amici pelosi","description":"Unisciti a Hedgehog e ai suoi amici del bosco in un'incantevole avventura piena di sfide, sorprese e momenti commoventi in questo sequel ricco di storia.","robots":{"index":"index","follow":"follow","max-snippet":"max-snippet:-1","max-image-preview":"max-image-preview:large","max-video-preview":"max-video-preview:-1"},"canonical":"https:\/\/www.iplay.com\/it\/games\/hedgehogs-adventure-2\/","og_locale":"it_IT","og_type":"article","og_title":"Hedgehogs Adventure 2","og_description":"Unisciti a Hedgehog e ai suoi amici del bosco in un'incantevole avventura piena di sfide, sorprese e momenti commoventi in questo sequel ricco di storia.","og_url":"https:\/\/www.iplay.com\/it\/games\/hedgehogs-adventure-2\/","og_site_name":"IPlay","og_image":[{"width":310,"height":310,"url":"https:\/\/www.iplay.com\/wp-content\/uploads\/2025\/03\/hedgehogs_adventure_2_large_square_tile_image.webp","type":"image\/webp"}],"twitter_card":"summary_large_image","twitter_misc":{"Est. reading time":"1 minuto"},"schema":{"@context":"https:\/\/schema.org","@graph":[{"@type":"WebPage","@id":"https:\/\/www.iplay.com\/it\/games\/hedgehogs-adventure-2\/","url":"https:\/\/www.iplay.com\/it\/games\/hedgehogs-adventure-2\/","name":"Hedgehogs Adventure 2: divertente gioco ricco di storia con amici pelosi","isPartOf":{"@id":"https:\/\/www.iplay.com\/en\/#website"},"primaryImageOfPage":{"@id":"https:\/\/www.iplay.com\/it\/games\/hedgehogs-adventure-2\/#primaryimage"},"image":{"@id":"https:\/\/www.iplay.com\/it\/games\/hedgehogs-adventure-2\/#primaryimage"},"thumbnailUrl":"https:\/\/www.iplay.com\/wp-content\/uploads\/2025\/03\/hedgehogs_adventure_2_large_square_tile_image.webp","datePublished":"2025-03-17T09:00:32+00:00","description":"Unisciti a Hedgehog e ai suoi amici del bosco in un'incantevole avventura piena di sfide, sorprese e momenti commoventi in questo sequel ricco di storia.","breadcrumb":{"@id":"https:\/\/www.iplay.com\/it\/games\/hedgehogs-adventure-2\/#breadcrumb"},"inLanguage":"it-IT","potentialAction":[{"@type":"ReadAction","target":["https:\/\/www.iplay.com\/it\/games\/hedgehogs-adventure-2\/"]}]},{"@type":"ImageObject","inLanguage":"it-IT","@id":"https:\/\/www.iplay.com\/it\/games\/hedgehogs-adventure-2\/#primaryimage","url":"https:\/\/www.iplay.com\/wp-content\/uploads\/2025\/03\/hedgehogs_adventure_2_large_square_tile_image.webp","contentUrl":"https:\/\/www.iplay.com\/wp-content\/uploads\/2025\/03\/hedgehogs_adventure_2_large_square_tile_image.webp","width":310,"height":310},{"@type":"BreadcrumbList","@id":"https:\/\/www.iplay.com\/it\/games\/hedgehogs-adventure-2\/#breadcrumb","itemListElement":[{"@type":"ListItem","position":1,"name":"Home","item":"https:\/\/www.iplay.com\/it\/home-page-2\/"},{"@type":"ListItem","position":2,"name":"Shop","item":"https:\/\/www.iplay.com\/en\/shop\/"},{"@type":"ListItem","position":3,"name":"Hedgehogs Adventure 2"}]},{"@type":"WebSite","@id":"https:\/\/www.iplay.com\/en\/#website","url":"https:\/\/www.iplay.com\/en\/","name":"IPlay","description":"The Best Casual Games!","publisher":{"@id":"https:\/\/www.iplay.com\/en\/#organization"},"potentialAction":[{"@type":"SearchAction","target":{"@type":"EntryPoint","urlTemplate":"https:\/\/www.iplay.com\/en\/?s={search_term_string}"},"query-input":{"@type":"PropertyValueSpecification","valueRequired":true,"valueName":"search_term_string"}}],"inLanguage":"it-IT"},{"@type":"Organization","@id":"https:\/\/www.iplay.com\/en\/#organization","name":"IPlay","url":"https:\/\/www.iplay.com\/en\/","logo":{"@type":"ImageObject","inLanguage":"it-IT","@id":"https:\/\/www.iplay.com\/en\/#\/schema\/logo\/image\/","url":"https:\/\/www.iplay.com\/wp-content\/uploads\/2023\/11\/Group-6100.svg","contentUrl":"https:\/\/www.iplay.com\/wp-content\/uploads\/2023\/11\/Group-6100.svg","width":98,"height":25,"caption":"IPlay"},"image":{"@id":"https:\/\/www.iplay.com\/en\/#\/schema\/logo\/image\/"}}]}},"_links":{"self":[{"href":"https:\/\/www.iplay.com\/it\/wp-json\/wp\/v2\/product\/128321","targetHints":{"allow":["GET"]}}],"collection":[{"href":"https:\/\/www.iplay.com\/it\/wp-json\/wp\/v2\/product"}],"about":[{"href":"https:\/\/www.iplay.com\/it\/wp-json\/wp\/v2\/types\/product"}],"author":[{"embeddable":true,"href":"https:\/\/www.iplay.com\/it\/wp-json\/wp\/v2\/users\/320"}],"replies":[{"embeddable":true,"href":"https:\/\/www.iplay.com\/it\/wp-json\/wp\/v2\/comments?post=128321"}],"wp:featuredmedia":[{"embeddable":true,"href":"https:\/\/www.iplay.com\/it\/wp-json\/wp\/v2\/media\/128284"}],"wp:attachment":[{"href":"https:\/\/www.iplay.com\/it\/wp-json\/wp\/v2\/media?parent=128321"}],"wp:term":[{"taxonomy":"product_brand","embeddable":true,"href":"https:\/\/www.iplay.com\/it\/wp-json\/wp\/v2\/product_brand?post=128321"},{"taxonomy":"product_cat","embeddable":true,"href":"https:\/\/www.iplay.com\/it\/wp-json\/wp\/v2\/product_cat?post=128321"},{"taxonomy":"product_tag","embeddable":true,"href":"https:\/\/www.iplay.com\/it\/wp-json\/wp\/v2\/product_tag?post=128321"}],"curies":[{"name":"wp","href":"https:\/\/api.w.org\/{rel}","templated":true}]}}