{"id":127720,"date":"2024-07-26T09:00:10","date_gmt":"2024-07-26T09:00:10","guid":{"rendered":"https:\/\/www.iplay.com\/games\/avalon-jewels\/"},"modified":"2024-07-26T09:00:10","modified_gmt":"2024-07-26T09:00:10","slug":"avalon-jewels","status":"publish","type":"product","link":"https:\/\/www.iplay.com\/it\/games\/avalon-jewels\/","title":{"rendered":"Avalon Jewels"},"content":{"rendered":"<p>Una fantastica esperienza match-3 \u00e8 offerta da <strong>Avalon Jewels<\/strong>! Si entra nella mistica terra di Avalon, dove natura e magia convivono. Nuvole scure hanno iniziato ad addensarsi, causando preoccupazione tra la popolazione. Il terribile mago \u00e8 fuggito dall&#8217;orribile Torre, lasciando con s\u00e9 orribili mostri che ora si nascondono nelle foreste, mettendo in pericolo la calma di Avalon.  <\/p>\n<p>L&#8217;apprendista di Merlino deve essere unito in una missione per riportare la pace con il potere dei Gioielli di Avalon. Vengono esplorati 250 livelli intriganti, ognuno con una grafica mozzafiato e avventure incantevoli. Le abilit\u00e0 magiche devono essere utilizzate per abbinare le gemme, raccogliere Super Gemme e Gemme Arcobaleno e superare sfide difficili. La modalit\u00e0 Relaxed consente di impostare la propria velocit\u00e0, mentre la modalit\u00e0 Puzzle rappresenta una sfida.   <\/p>\n<p>La domanda se tu sia l&#8217;eroe di cui Avalon ha bisogno \u00e8 posta. Avalon Jewels dovrebbe essere esplorato, dove ogni partita ti avvicina alla conservazione della terra. Questo gioco offre un equilibrio ideale tra piacere e sfida, che lo rende un gioco imperdibile per gli appassionati di match-3. Un fantastico viaggio in Avalon Jewels dovrebbe essere iniziato per diventare l&#8217;eroe che liberer\u00e0 la terra dall&#8217;oscurit\u00e0!   <\/p>\n<p><strong>Tratti somatici<\/strong><\/p>\n<ul>\n<li>Per salvare Avalon, \u00e8 necessario giocare 250 difficili livelli match-3 e sconfiggere 10 creature uniche.<\/li>\n<li>Il gioco pu\u00f2 essere giocato alla tua velocit\u00e0 in modalit\u00e0 Rilassata o sfidato con la modalit\u00e0 Puzzle.<\/li>\n<li>\u00c8 facile da giocare ma difficile da padroneggiare, con una splendida grafica che d\u00e0 vita alla magia di Avalon.<\/li>\n<\/ul>\n","protected":false},"excerpt":{"rendered":"<p>Intraprendi una meravigliosa missione match-3 in <strong>Avalon Jewels<\/strong>!<\/p>\n","protected":false},"author":35,"featured_media":39060,"comment_status":"open","ping_status":"closed","template":"","meta":{"_acf_changed":false,"inline_featured_image":false},"product_brand":[],"product_cat":[175],"product_tag":[290],"class_list":{"0":"post-127720","1":"product","2":"type-product","3":"status-publish","4":"has-post-thumbnail","6":"product_cat-match-3-it","7":"product_tag-play-on-pc-it","9":"first","10":"instock","11":"shipping-taxable","12":"purchasable","13":"product-type-simple"},"acf":[],"yoast_head":"<!-- This site is optimized with the Yoast SEO Premium plugin v25.2 (Yoast SEO v25.2) - https:\/\/yoast.com\/wordpress\/plugins\/seo\/ -->\n<title>Avalon Jewels - Missione Match-3<\/title>\n<meta name=\"description\" content=\"Intraprendi una meravigliosa missione match-3 in Avalon Jewels!\" \/>\n<meta name=\"robots\" content=\"index, follow, max-snippet:-1, max-image-preview:large, max-video-preview:-1\" \/>\n<link rel=\"canonical\" href=\"https:\/\/www.iplay.com\/it\/games\/avalon-jewels\/\" \/>\n<meta property=\"og:locale\" content=\"it_IT\" \/>\n<meta property=\"og:type\" content=\"article\" \/>\n<meta property=\"og:title\" content=\"Avalon Jewels\" \/>\n<meta property=\"og:description\" content=\"Intraprendi una meravigliosa missione match-3 in Avalon Jewels!\" \/>\n<meta property=\"og:url\" content=\"https:\/\/www.iplay.com\/it\/games\/avalon-jewels\/\" \/>\n<meta property=\"og:site_name\" content=\"IPlay\" \/>\n<meta property=\"og:image\" content=\"https:\/\/www.iplay.com\/wp-content\/uploads\/2024\/09\/400x400-avalon_jewels_large_square_tile_image.webp\" \/>\n\t<meta property=\"og:image:width\" content=\"400\" \/>\n\t<meta property=\"og:image:height\" content=\"400\" \/>\n\t<meta property=\"og:image:type\" content=\"image\/webp\" \/>\n<meta name=\"twitter:card\" content=\"summary_large_image\" \/>\n<meta name=\"twitter:label1\" content=\"Est. reading time\" \/>\n\t<meta name=\"twitter:data1\" content=\"1 minuto\" \/>\n<script type=\"application\/ld+json\" class=\"yoast-schema-graph\">{\"@context\":\"https:\/\/schema.org\",\"@graph\":[{\"@type\":\"WebPage\",\"@id\":\"https:\/\/www.iplay.com\/it\/games\/avalon-jewels\/\",\"url\":\"https:\/\/www.iplay.com\/it\/games\/avalon-jewels\/\",\"name\":\"Avalon Jewels - Missione Match-3\",\"isPartOf\":{\"@id\":\"https:\/\/www.iplay.com\/en\/#website\"},\"primaryImageOfPage\":{\"@id\":\"https:\/\/www.iplay.com\/it\/games\/avalon-jewels\/#primaryimage\"},\"image\":{\"@id\":\"https:\/\/www.iplay.com\/it\/games\/avalon-jewels\/#primaryimage\"},\"thumbnailUrl\":\"https:\/\/www.iplay.com\/wp-content\/uploads\/2024\/09\/400x400-avalon_jewels_large_square_tile_image.webp\",\"datePublished\":\"2024-07-26T09:00:10+00:00\",\"description\":\"Intraprendi una meravigliosa missione match-3 in Avalon Jewels!\",\"breadcrumb\":{\"@id\":\"https:\/\/www.iplay.com\/it\/games\/avalon-jewels\/#breadcrumb\"},\"inLanguage\":\"it-IT\",\"potentialAction\":[{\"@type\":\"ReadAction\",\"target\":[\"https:\/\/www.iplay.com\/it\/games\/avalon-jewels\/\"]}]},{\"@type\":\"ImageObject\",\"inLanguage\":\"it-IT\",\"@id\":\"https:\/\/www.iplay.com\/it\/games\/avalon-jewels\/#primaryimage\",\"url\":\"https:\/\/www.iplay.com\/wp-content\/uploads\/2024\/09\/400x400-avalon_jewels_large_square_tile_image.webp\",\"contentUrl\":\"https:\/\/www.iplay.com\/wp-content\/uploads\/2024\/09\/400x400-avalon_jewels_large_square_tile_image.webp\",\"width\":400,\"height\":400},{\"@type\":\"BreadcrumbList\",\"@id\":\"https:\/\/www.iplay.com\/it\/games\/avalon-jewels\/#breadcrumb\",\"itemListElement\":[{\"@type\":\"ListItem\",\"position\":1,\"name\":\"Home\",\"item\":\"https:\/\/www.iplay.com\/it\/home-page-2\/\"},{\"@type\":\"ListItem\",\"position\":2,\"name\":\"Shop\",\"item\":\"https:\/\/www.iplay.com\/en\/shop\/\"},{\"@type\":\"ListItem\",\"position\":3,\"name\":\"Avalon Jewels\"}]},{\"@type\":\"WebSite\",\"@id\":\"https:\/\/www.iplay.com\/en\/#website\",\"url\":\"https:\/\/www.iplay.com\/en\/\",\"name\":\"IPlay\",\"description\":\"The Best Casual Games!\",\"publisher\":{\"@id\":\"https:\/\/www.iplay.com\/en\/#organization\"},\"potentialAction\":[{\"@type\":\"SearchAction\",\"target\":{\"@type\":\"EntryPoint\",\"urlTemplate\":\"https:\/\/www.iplay.com\/en\/?s={search_term_string}\"},\"query-input\":{\"@type\":\"PropertyValueSpecification\",\"valueRequired\":true,\"valueName\":\"search_term_string\"}}],\"inLanguage\":\"it-IT\"},{\"@type\":\"Organization\",\"@id\":\"https:\/\/www.iplay.com\/en\/#organization\",\"name\":\"IPlay\",\"url\":\"https:\/\/www.iplay.com\/en\/\",\"logo\":{\"@type\":\"ImageObject\",\"inLanguage\":\"it-IT\",\"@id\":\"https:\/\/www.iplay.com\/en\/#\/schema\/logo\/image\/\",\"url\":\"https:\/\/www.iplay.com\/wp-content\/uploads\/2023\/11\/Group-6100.svg\",\"contentUrl\":\"https:\/\/www.iplay.com\/wp-content\/uploads\/2023\/11\/Group-6100.svg\",\"width\":98,\"height\":25,\"caption\":\"IPlay\"},\"image\":{\"@id\":\"https:\/\/www.iplay.com\/en\/#\/schema\/logo\/image\/\"}}]}<\/script>\n<!-- \/ Yoast SEO Premium plugin. -->","yoast_head_json":{"title":"Avalon Jewels - Missione Match-3","description":"Intraprendi una meravigliosa missione match-3 in Avalon Jewels!","robots":{"index":"index","follow":"follow","max-snippet":"max-snippet:-1","max-image-preview":"max-image-preview:large","max-video-preview":"max-video-preview:-1"},"canonical":"https:\/\/www.iplay.com\/it\/games\/avalon-jewels\/","og_locale":"it_IT","og_type":"article","og_title":"Avalon Jewels","og_description":"Intraprendi una meravigliosa missione match-3 in Avalon Jewels!","og_url":"https:\/\/www.iplay.com\/it\/games\/avalon-jewels\/","og_site_name":"IPlay","og_image":[{"width":400,"height":400,"url":"https:\/\/www.iplay.com\/wp-content\/uploads\/2024\/09\/400x400-avalon_jewels_large_square_tile_image.webp","type":"image\/webp"}],"twitter_card":"summary_large_image","twitter_misc":{"Est. reading time":"1 minuto"},"schema":{"@context":"https:\/\/schema.org","@graph":[{"@type":"WebPage","@id":"https:\/\/www.iplay.com\/it\/games\/avalon-jewels\/","url":"https:\/\/www.iplay.com\/it\/games\/avalon-jewels\/","name":"Avalon Jewels - Missione Match-3","isPartOf":{"@id":"https:\/\/www.iplay.com\/en\/#website"},"primaryImageOfPage":{"@id":"https:\/\/www.iplay.com\/it\/games\/avalon-jewels\/#primaryimage"},"image":{"@id":"https:\/\/www.iplay.com\/it\/games\/avalon-jewels\/#primaryimage"},"thumbnailUrl":"https:\/\/www.iplay.com\/wp-content\/uploads\/2024\/09\/400x400-avalon_jewels_large_square_tile_image.webp","datePublished":"2024-07-26T09:00:10+00:00","description":"Intraprendi una meravigliosa missione match-3 in Avalon Jewels!","breadcrumb":{"@id":"https:\/\/www.iplay.com\/it\/games\/avalon-jewels\/#breadcrumb"},"inLanguage":"it-IT","potentialAction":[{"@type":"ReadAction","target":["https:\/\/www.iplay.com\/it\/games\/avalon-jewels\/"]}]},{"@type":"ImageObject","inLanguage":"it-IT","@id":"https:\/\/www.iplay.com\/it\/games\/avalon-jewels\/#primaryimage","url":"https:\/\/www.iplay.com\/wp-content\/uploads\/2024\/09\/400x400-avalon_jewels_large_square_tile_image.webp","contentUrl":"https:\/\/www.iplay.com\/wp-content\/uploads\/2024\/09\/400x400-avalon_jewels_large_square_tile_image.webp","width":400,"height":400},{"@type":"BreadcrumbList","@id":"https:\/\/www.iplay.com\/it\/games\/avalon-jewels\/#breadcrumb","itemListElement":[{"@type":"ListItem","position":1,"name":"Home","item":"https:\/\/www.iplay.com\/it\/home-page-2\/"},{"@type":"ListItem","position":2,"name":"Shop","item":"https:\/\/www.iplay.com\/en\/shop\/"},{"@type":"ListItem","position":3,"name":"Avalon Jewels"}]},{"@type":"WebSite","@id":"https:\/\/www.iplay.com\/en\/#website","url":"https:\/\/www.iplay.com\/en\/","name":"IPlay","description":"The Best Casual Games!","publisher":{"@id":"https:\/\/www.iplay.com\/en\/#organization"},"potentialAction":[{"@type":"SearchAction","target":{"@type":"EntryPoint","urlTemplate":"https:\/\/www.iplay.com\/en\/?s={search_term_string}"},"query-input":{"@type":"PropertyValueSpecification","valueRequired":true,"valueName":"search_term_string"}}],"inLanguage":"it-IT"},{"@type":"Organization","@id":"https:\/\/www.iplay.com\/en\/#organization","name":"IPlay","url":"https:\/\/www.iplay.com\/en\/","logo":{"@type":"ImageObject","inLanguage":"it-IT","@id":"https:\/\/www.iplay.com\/en\/#\/schema\/logo\/image\/","url":"https:\/\/www.iplay.com\/wp-content\/uploads\/2023\/11\/Group-6100.svg","contentUrl":"https:\/\/www.iplay.com\/wp-content\/uploads\/2023\/11\/Group-6100.svg","width":98,"height":25,"caption":"IPlay"},"image":{"@id":"https:\/\/www.iplay.com\/en\/#\/schema\/logo\/image\/"}}]}},"_links":{"self":[{"href":"https:\/\/www.iplay.com\/it\/wp-json\/wp\/v2\/product\/127720","targetHints":{"allow":["GET"]}}],"collection":[{"href":"https:\/\/www.iplay.com\/it\/wp-json\/wp\/v2\/product"}],"about":[{"href":"https:\/\/www.iplay.com\/it\/wp-json\/wp\/v2\/types\/product"}],"author":[{"embeddable":true,"href":"https:\/\/www.iplay.com\/it\/wp-json\/wp\/v2\/users\/35"}],"replies":[{"embeddable":true,"href":"https:\/\/www.iplay.com\/it\/wp-json\/wp\/v2\/comments?post=127720"}],"wp:featuredmedia":[{"embeddable":true,"href":"https:\/\/www.iplay.com\/it\/wp-json\/wp\/v2\/media\/39060"}],"wp:attachment":[{"href":"https:\/\/www.iplay.com\/it\/wp-json\/wp\/v2\/media?parent=127720"}],"wp:term":[{"taxonomy":"product_brand","embeddable":true,"href":"https:\/\/www.iplay.com\/it\/wp-json\/wp\/v2\/product_brand?post=127720"},{"taxonomy":"product_cat","embeddable":true,"href":"https:\/\/www.iplay.com\/it\/wp-json\/wp\/v2\/product_cat?post=127720"},{"taxonomy":"product_tag","embeddable":true,"href":"https:\/\/www.iplay.com\/it\/wp-json\/wp\/v2\/product_tag?post=127720"}],"curies":[{"name":"wp","href":"https:\/\/api.w.org\/{rel}","templated":true}]}}