{"id":127488,"date":"2024-10-16T20:43:09","date_gmt":"2024-10-16T20:43:09","guid":{"rendered":"https:\/\/www.iplay.com\/games\/secrets-of-magic-spooktacular-bundle\/"},"modified":"2024-10-16T20:43:09","modified_gmt":"2024-10-16T20:43:09","slug":"secrets-of-magic-spooktacular-bundle","status":"publish","type":"product","link":"https:\/\/www.iplay.com\/it\/games\/secrets-of-magic-spooktacular-bundle\/","title":{"rendered":"Secrets of Magic &#8211; Spooktacular Bundle"},"content":{"rendered":"<p>Preparati a immergerti in un&#8217;agghiacciante avventura di Halloween e unisciti a Victoria mentre intraprende un emozionante viaggio pieno di magia, mistero e sfide inquietanti in questo straordinario pacchetto di giochi. Che tu sia un fan della stregoneria, degli incantesimi o semplicemente ami le avventure a tema Halloween, questa collezione \u00e8 progettata per affascinare e intrattenere. Sei abbastanza coraggioso da avventurarti in un mondo in cui ti aspettano streghe, maghi e creature mistiche?  <\/p>\n<p>&nbsp;<\/p>\n<p><em>Segreti della Magia: Il Libro degli Incantesimi<\/em><\/p>\n<p>In questo racconto magico, i giocatori saranno trasportati in un mondo fantastico brulicante di maghi e streghe. Victoria, la nostra coraggiosa protagonista, deve raccogliere artefatti speciali e acquisire le abilit\u00e0 della stregoneria per proteggere i suoi genitori dalle grinfie della strega cattiva. I regni incantati che attraverserai nascondono molti segreti, ma \u00e8 il Libro degli Incantesimi che sar\u00e0 la tua guida definitiva. Questo gioco Match-3 offre molto di pi\u00f9 di semplici enigmi: offre l&#8217;opportunit\u00e0 di imparare potenti incantesimi e padroneggiare l&#8217;arte della magia. Una volta affinate le tue abilit\u00e0, affronta la modalit\u00e0 Sfida per mettere alla prova le tue nuove abilit\u00e0 in un ambiente competitivo.    <\/p>\n<p><strong>Segreti della Magia 2: Streghe e Maghi<\/strong><\/p>\n<p>Il viaggio di Victoria continua mentre padroneggia le sue abilit\u00e0 magiche e si prepara ad affrontare Agnes, la formidabile cattiva che minaccia il suo mondo. Con i suoi poteri pienamente realizzati, Victoria deve unirsi ad altre streghe e maghi per intraprendere un&#8217;epica battaglia contro le forze del male. In questo emozionante sequel, ti farai strada attraverso terre mistiche e pericolose, sbloccando poteri nascosti e scoprendo nuove sfide lungo il percorso. Armato della tua bacchetta e della tua conoscenza incantata, tocca a te liberare i genitori di Victoria e riportare l&#8217;equilibrio nel regno magico.   <\/p>\n<p>&nbsp;<\/p>\n<p><strong>Secrets of Magic 3: Buon Halloween<\/strong><\/p>\n<p>Halloween si avvicina rapidamente e Victoria, ora insegnante presso la rinomata Mystic Academy of Magic, ha bisogno del tuo aiuto per prepararsi alla notte pi\u00f9 spaventosa dell&#8217;anno. In questo gioco, la creativit\u00e0 e la risoluzione di enigmi si combinano mentre contribuisci a decorare la scuola per una festa infestata come nessun&#8217;altra. Man mano che avanzi in questa avventura spettrale, incontrerai impegnativi enigmi Match-3 ed emozionanti potenziamenti che ti faranno guadagnare oro per acquistare straordinarie decorazioni di Halloween. Sblocca nuovi oggetti, affronta ostacoli difficili e preparati a trasformare l&#8217;Accademia Mistica in un luogo di inquietante meraviglia!   <\/p>\n<p><strong>Secrets of Magic 4: Maestro di pozioni<\/strong><\/p>\n<p>Victoria torna con una nuova avventura, ma questa volta non \u00e8 sola. La sua talentuosa studentessa, Beatrix, non vede l&#8217;ora di mettersi alla prova e diventare una maestra di pozioni. Insieme, intraprendono una ricerca per trovare ingredienti rari e straordinari nascosti nelle profondit\u00e0 della Foresta Proibita. Tuttavia, questa foresta non \u00e8 un luogo ordinario: \u00e8 piena di creature magiche e forze oscure in attesa di mettere alla prova il loro coraggio. In questo capitolo della serie, i giocatori esploreranno paesaggi incantati, creeranno potenti pozioni e affronteranno una serie di nemici mitici nella loro ricerca della maestria magica. Il mondo della stregoneria non \u00e8 mai stato cos\u00ec emozionante e coinvolgente.     <\/p>\n<p><strong>Secrets of Magic 5: Ritorno a scuola<\/strong><\/p>\n<p>Victoria e Beatrix tornano ancora una volta alla Scuola di Magia, giusto in tempo per la stagione pi\u00f9 magica dell&#8217;anno: Halloween! In quest&#8217;ultima puntata, le due streghe hanno bisogno del tuo aiuto per trasformare la scuola in un luogo spettacolarmente spettrale per i festeggiamenti di Halloween. Con bellissimi enigmi da risolvere e un gameplay innovativo con cui divertirsi, questo gioco Match-3 offre un nuovo livello di eccitazione e divertimento. Sblocca decorazioni uniche, supera nuove sfide e rendi questo Halloween il pi\u00f9 incantevole di sempre!   <\/p>\n<p><strong>Perch\u00e9 questo pacchetto di giochi \u00e8 imperdibile:<\/strong><\/p>\n<p>Questo pacchetto Secrets of Magic offre ore di intrattenimento magico, combinando narrazione accattivante, enigmi intricati e divertimento a tema Halloween. Ogni gioco della serie si basa sul precedente, assicurando che i giocatori rimangano coinvolti mentre si immergono pi\u00f9 a fondo nel mondo della stregoneria e dell&#8217;avventura. Che tu stia decorando la scuola per Halloween o navigando nella misteriosa Foresta Proibita, ogni momento \u00e8 progettato per tenerti con il fiato sospeso.  <\/p>\n<p>&nbsp;<\/p>\n<p><strong>Cosa distingue questo pacchetto?<\/strong><\/p>\n<p>Trame ricche: ogni gioco racconta una parte unica del magico viaggio di Victoria, mescolando fantasia, mistero e avventura in un modo che manterr\u00e0 i giocatori incuriositi dall&#8217;inizio alla fine.<br \/>\nGameplay Match-3 impegnativo: con enigmi che diventano progressivamente pi\u00f9 difficili, i giocatori di tutti i livelli di abilit\u00e0 troveranno divertimento e soddisfazione nel completare ogni livello.<br \/>\nDivertimento interattivo di Halloween: dalle decorazioni spettrali alle missioni emozionanti, questa collezione offre la miscela perfetta di eccitazione inquietante per gli amanti di Halloween.<br \/>\nGrafica vibrante e mondi coinvolgenti: i regni magici del gioco prendono vita con una grafica mozzafiato, animazioni vivaci e colonne sonore d&#8217;atmosfera che rendono ogni avventura reale.<\/p>\n<p>Con cinque giochi racchiusi in questo pacchetto, innumerevoli ore di divertimento sono garantite mentre aiuti Victoria e i suoi compagni a superare le forze oscure, risolvere misteri e celebrare la magia di Halloween. Che tu stia combattendo streghe malvagie, preparando pozioni o decorando una scuola infestata, ogni passo di questa avventura \u00e8 progettato per essere divertente, coinvolgente e indimenticabile.<\/p>\n","protected":false},"excerpt":{"rendered":"<p>Con cinque giochi racchiusi in questo pacchetto, innumerevoli ore di divertimento sono garantite mentre aiuti Victoria e i suoi compagni a superare le forze oscure, risolvere misteri e celebrare la magia di Halloween.<\/p>\n","protected":false},"author":22,"featured_media":39092,"comment_status":"open","ping_status":"closed","template":"","meta":{"_acf_changed":false,"inline_featured_image":false},"product_brand":[],"product_cat":[175],"product_tag":[290],"class_list":{"0":"post-127488","1":"product","2":"type-product","3":"status-publish","4":"has-post-thumbnail","6":"product_cat-match-3-it","7":"product_tag-play-on-pc-it","9":"first","10":"instock","11":"shipping-taxable","12":"purchasable","13":"product-type-simple"},"acf":[],"yoast_head":"<!-- This site is optimized with the Yoast SEO Premium plugin v25.2 (Yoast SEO v25.2) - https:\/\/yoast.com\/wordpress\/plugins\/seo\/ -->\n<title>Secrets of Magic - Spooktacular Bundle - Preparati per un Halloween esilarante!<\/title>\n<meta name=\"description\" content=\"Con cinque giochi racchiusi in questo pacchetto, innumerevoli ore di divertimento sono garantite mentre aiuti Victoria e i suoi compagni a superare le forze oscure, risolvere misteri e celebrare la magia di Halloween.\" \/>\n<meta name=\"robots\" content=\"index, follow, max-snippet:-1, max-image-preview:large, max-video-preview:-1\" \/>\n<link rel=\"canonical\" href=\"https:\/\/www.iplay.com\/it\/games\/secrets-of-magic-spooktacular-bundle\/\" \/>\n<meta property=\"og:locale\" content=\"it_IT\" \/>\n<meta property=\"og:type\" content=\"article\" \/>\n<meta property=\"og:title\" content=\"Secrets of Magic - Spooktacular Bundle\" \/>\n<meta property=\"og:description\" content=\"Con cinque giochi racchiusi in questo pacchetto, innumerevoli ore di divertimento sono garantite mentre aiuti Victoria e i suoi compagni a superare le forze oscure, risolvere misteri e celebrare la magia di Halloween.\" \/>\n<meta property=\"og:url\" content=\"https:\/\/www.iplay.com\/it\/games\/secrets-of-magic-spooktacular-bundle\/\" \/>\n<meta property=\"og:site_name\" content=\"IPlay\" \/>\n<meta property=\"og:image\" content=\"https:\/\/www.iplay.com\/wp-content\/uploads\/2024\/09\/400x400-secrets_of_magic_-_spooktacular_bundle_large_square_tile_image.webp\" \/>\n\t<meta property=\"og:image:width\" content=\"400\" \/>\n\t<meta property=\"og:image:height\" content=\"400\" \/>\n\t<meta property=\"og:image:type\" content=\"image\/webp\" \/>\n<meta name=\"twitter:card\" content=\"summary_large_image\" \/>\n<meta name=\"twitter:label1\" content=\"Est. reading time\" \/>\n\t<meta name=\"twitter:data1\" content=\"4 minuti\" \/>\n<script type=\"application\/ld+json\" class=\"yoast-schema-graph\">{\"@context\":\"https:\/\/schema.org\",\"@graph\":[{\"@type\":\"WebPage\",\"@id\":\"https:\/\/www.iplay.com\/it\/games\/secrets-of-magic-spooktacular-bundle\/\",\"url\":\"https:\/\/www.iplay.com\/it\/games\/secrets-of-magic-spooktacular-bundle\/\",\"name\":\"Secrets of Magic - Spooktacular Bundle - Preparati per un Halloween esilarante!\",\"isPartOf\":{\"@id\":\"https:\/\/www.iplay.com\/en\/#website\"},\"primaryImageOfPage\":{\"@id\":\"https:\/\/www.iplay.com\/it\/games\/secrets-of-magic-spooktacular-bundle\/#primaryimage\"},\"image\":{\"@id\":\"https:\/\/www.iplay.com\/it\/games\/secrets-of-magic-spooktacular-bundle\/#primaryimage\"},\"thumbnailUrl\":\"https:\/\/www.iplay.com\/wp-content\/uploads\/2024\/09\/400x400-secrets_of_magic_-_spooktacular_bundle_large_square_tile_image.webp\",\"datePublished\":\"2024-10-16T20:43:09+00:00\",\"description\":\"Con cinque giochi racchiusi in questo pacchetto, innumerevoli ore di divertimento sono garantite mentre aiuti Victoria e i suoi compagni a superare le forze oscure, risolvere misteri e celebrare la magia di Halloween.\",\"breadcrumb\":{\"@id\":\"https:\/\/www.iplay.com\/it\/games\/secrets-of-magic-spooktacular-bundle\/#breadcrumb\"},\"inLanguage\":\"it-IT\",\"potentialAction\":[{\"@type\":\"ReadAction\",\"target\":[\"https:\/\/www.iplay.com\/it\/games\/secrets-of-magic-spooktacular-bundle\/\"]}]},{\"@type\":\"ImageObject\",\"inLanguage\":\"it-IT\",\"@id\":\"https:\/\/www.iplay.com\/it\/games\/secrets-of-magic-spooktacular-bundle\/#primaryimage\",\"url\":\"https:\/\/www.iplay.com\/wp-content\/uploads\/2024\/09\/400x400-secrets_of_magic_-_spooktacular_bundle_large_square_tile_image.webp\",\"contentUrl\":\"https:\/\/www.iplay.com\/wp-content\/uploads\/2024\/09\/400x400-secrets_of_magic_-_spooktacular_bundle_large_square_tile_image.webp\",\"width\":400,\"height\":400},{\"@type\":\"BreadcrumbList\",\"@id\":\"https:\/\/www.iplay.com\/it\/games\/secrets-of-magic-spooktacular-bundle\/#breadcrumb\",\"itemListElement\":[{\"@type\":\"ListItem\",\"position\":1,\"name\":\"Home\",\"item\":\"https:\/\/www.iplay.com\/it\/home-page-2\/\"},{\"@type\":\"ListItem\",\"position\":2,\"name\":\"Shop\",\"item\":\"https:\/\/www.iplay.com\/en\/shop\/\"},{\"@type\":\"ListItem\",\"position\":3,\"name\":\"Secrets of Magic &#8211; Spooktacular Bundle\"}]},{\"@type\":\"WebSite\",\"@id\":\"https:\/\/www.iplay.com\/en\/#website\",\"url\":\"https:\/\/www.iplay.com\/en\/\",\"name\":\"IPlay\",\"description\":\"The Best Casual Games!\",\"publisher\":{\"@id\":\"https:\/\/www.iplay.com\/en\/#organization\"},\"potentialAction\":[{\"@type\":\"SearchAction\",\"target\":{\"@type\":\"EntryPoint\",\"urlTemplate\":\"https:\/\/www.iplay.com\/en\/?s={search_term_string}\"},\"query-input\":{\"@type\":\"PropertyValueSpecification\",\"valueRequired\":true,\"valueName\":\"search_term_string\"}}],\"inLanguage\":\"it-IT\"},{\"@type\":\"Organization\",\"@id\":\"https:\/\/www.iplay.com\/en\/#organization\",\"name\":\"IPlay\",\"url\":\"https:\/\/www.iplay.com\/en\/\",\"logo\":{\"@type\":\"ImageObject\",\"inLanguage\":\"it-IT\",\"@id\":\"https:\/\/www.iplay.com\/en\/#\/schema\/logo\/image\/\",\"url\":\"https:\/\/www.iplay.com\/wp-content\/uploads\/2023\/11\/Group-6100.svg\",\"contentUrl\":\"https:\/\/www.iplay.com\/wp-content\/uploads\/2023\/11\/Group-6100.svg\",\"width\":98,\"height\":25,\"caption\":\"IPlay\"},\"image\":{\"@id\":\"https:\/\/www.iplay.com\/en\/#\/schema\/logo\/image\/\"}}]}<\/script>\n<!-- \/ Yoast SEO Premium plugin. -->","yoast_head_json":{"title":"Secrets of Magic - Spooktacular Bundle - Preparati per un Halloween esilarante!","description":"Con cinque giochi racchiusi in questo pacchetto, innumerevoli ore di divertimento sono garantite mentre aiuti Victoria e i suoi compagni a superare le forze oscure, risolvere misteri e celebrare la magia di Halloween.","robots":{"index":"index","follow":"follow","max-snippet":"max-snippet:-1","max-image-preview":"max-image-preview:large","max-video-preview":"max-video-preview:-1"},"canonical":"https:\/\/www.iplay.com\/it\/games\/secrets-of-magic-spooktacular-bundle\/","og_locale":"it_IT","og_type":"article","og_title":"Secrets of Magic - Spooktacular Bundle","og_description":"Con cinque giochi racchiusi in questo pacchetto, innumerevoli ore di divertimento sono garantite mentre aiuti Victoria e i suoi compagni a superare le forze oscure, risolvere misteri e celebrare la magia di Halloween.","og_url":"https:\/\/www.iplay.com\/it\/games\/secrets-of-magic-spooktacular-bundle\/","og_site_name":"IPlay","og_image":[{"width":400,"height":400,"url":"https:\/\/www.iplay.com\/wp-content\/uploads\/2024\/09\/400x400-secrets_of_magic_-_spooktacular_bundle_large_square_tile_image.webp","type":"image\/webp"}],"twitter_card":"summary_large_image","twitter_misc":{"Est. reading time":"4 minuti"},"schema":{"@context":"https:\/\/schema.org","@graph":[{"@type":"WebPage","@id":"https:\/\/www.iplay.com\/it\/games\/secrets-of-magic-spooktacular-bundle\/","url":"https:\/\/www.iplay.com\/it\/games\/secrets-of-magic-spooktacular-bundle\/","name":"Secrets of Magic - Spooktacular Bundle - Preparati per un Halloween esilarante!","isPartOf":{"@id":"https:\/\/www.iplay.com\/en\/#website"},"primaryImageOfPage":{"@id":"https:\/\/www.iplay.com\/it\/games\/secrets-of-magic-spooktacular-bundle\/#primaryimage"},"image":{"@id":"https:\/\/www.iplay.com\/it\/games\/secrets-of-magic-spooktacular-bundle\/#primaryimage"},"thumbnailUrl":"https:\/\/www.iplay.com\/wp-content\/uploads\/2024\/09\/400x400-secrets_of_magic_-_spooktacular_bundle_large_square_tile_image.webp","datePublished":"2024-10-16T20:43:09+00:00","description":"Con cinque giochi racchiusi in questo pacchetto, innumerevoli ore di divertimento sono garantite mentre aiuti Victoria e i suoi compagni a superare le forze oscure, risolvere misteri e celebrare la magia di Halloween.","breadcrumb":{"@id":"https:\/\/www.iplay.com\/it\/games\/secrets-of-magic-spooktacular-bundle\/#breadcrumb"},"inLanguage":"it-IT","potentialAction":[{"@type":"ReadAction","target":["https:\/\/www.iplay.com\/it\/games\/secrets-of-magic-spooktacular-bundle\/"]}]},{"@type":"ImageObject","inLanguage":"it-IT","@id":"https:\/\/www.iplay.com\/it\/games\/secrets-of-magic-spooktacular-bundle\/#primaryimage","url":"https:\/\/www.iplay.com\/wp-content\/uploads\/2024\/09\/400x400-secrets_of_magic_-_spooktacular_bundle_large_square_tile_image.webp","contentUrl":"https:\/\/www.iplay.com\/wp-content\/uploads\/2024\/09\/400x400-secrets_of_magic_-_spooktacular_bundle_large_square_tile_image.webp","width":400,"height":400},{"@type":"BreadcrumbList","@id":"https:\/\/www.iplay.com\/it\/games\/secrets-of-magic-spooktacular-bundle\/#breadcrumb","itemListElement":[{"@type":"ListItem","position":1,"name":"Home","item":"https:\/\/www.iplay.com\/it\/home-page-2\/"},{"@type":"ListItem","position":2,"name":"Shop","item":"https:\/\/www.iplay.com\/en\/shop\/"},{"@type":"ListItem","position":3,"name":"Secrets of Magic &#8211; Spooktacular Bundle"}]},{"@type":"WebSite","@id":"https:\/\/www.iplay.com\/en\/#website","url":"https:\/\/www.iplay.com\/en\/","name":"IPlay","description":"The Best Casual Games!","publisher":{"@id":"https:\/\/www.iplay.com\/en\/#organization"},"potentialAction":[{"@type":"SearchAction","target":{"@type":"EntryPoint","urlTemplate":"https:\/\/www.iplay.com\/en\/?s={search_term_string}"},"query-input":{"@type":"PropertyValueSpecification","valueRequired":true,"valueName":"search_term_string"}}],"inLanguage":"it-IT"},{"@type":"Organization","@id":"https:\/\/www.iplay.com\/en\/#organization","name":"IPlay","url":"https:\/\/www.iplay.com\/en\/","logo":{"@type":"ImageObject","inLanguage":"it-IT","@id":"https:\/\/www.iplay.com\/en\/#\/schema\/logo\/image\/","url":"https:\/\/www.iplay.com\/wp-content\/uploads\/2023\/11\/Group-6100.svg","contentUrl":"https:\/\/www.iplay.com\/wp-content\/uploads\/2023\/11\/Group-6100.svg","width":98,"height":25,"caption":"IPlay"},"image":{"@id":"https:\/\/www.iplay.com\/en\/#\/schema\/logo\/image\/"}}]}},"_links":{"self":[{"href":"https:\/\/www.iplay.com\/it\/wp-json\/wp\/v2\/product\/127488","targetHints":{"allow":["GET"]}}],"collection":[{"href":"https:\/\/www.iplay.com\/it\/wp-json\/wp\/v2\/product"}],"about":[{"href":"https:\/\/www.iplay.com\/it\/wp-json\/wp\/v2\/types\/product"}],"author":[{"embeddable":true,"href":"https:\/\/www.iplay.com\/it\/wp-json\/wp\/v2\/users\/22"}],"replies":[{"embeddable":true,"href":"https:\/\/www.iplay.com\/it\/wp-json\/wp\/v2\/comments?post=127488"}],"wp:featuredmedia":[{"embeddable":true,"href":"https:\/\/www.iplay.com\/it\/wp-json\/wp\/v2\/media\/39092"}],"wp:attachment":[{"href":"https:\/\/www.iplay.com\/it\/wp-json\/wp\/v2\/media?parent=127488"}],"wp:term":[{"taxonomy":"product_brand","embeddable":true,"href":"https:\/\/www.iplay.com\/it\/wp-json\/wp\/v2\/product_brand?post=127488"},{"taxonomy":"product_cat","embeddable":true,"href":"https:\/\/www.iplay.com\/it\/wp-json\/wp\/v2\/product_cat?post=127488"},{"taxonomy":"product_tag","embeddable":true,"href":"https:\/\/www.iplay.com\/it\/wp-json\/wp\/v2\/product_tag?post=127488"}],"curies":[{"name":"wp","href":"https:\/\/api.w.org\/{rel}","templated":true}]}}