{"id":127459,"date":"2024-09-27T08:00:25","date_gmt":"2024-09-27T08:00:25","guid":{"rendered":"https:\/\/www.iplay.com\/games\/spellarium-11\/"},"modified":"2024-09-27T08:00:25","modified_gmt":"2024-09-27T08:00:25","slug":"spellarium-11","status":"publish","type":"product","link":"https:\/\/www.iplay.com\/it\/games\/spellarium-11\/","title":{"rendered":"Spellarium 11"},"content":{"rendered":"<p>Nell&#8217;ultimo capitolo della serie <strong>Spellarium<\/strong> , i giocatori sono ancora una volta chiamati ad aiutare Eric nella sua missione per far rivivere il sole che tramonta e ridare vita a un mondo morente. Con l&#8217;assistenza degli spiriti del fuoco, dell&#8217;acqua, della terra e dell&#8217;aria, l&#8217;equilibrio della natura deve essere ristabilito. Questa volta, sono state introdotte nuove entusiasmanti modifiche e funzionalit\u00e0 per migliorare il gameplay, rendendolo pi\u00f9 impegnativo e gratificante per i giocatori di tutti i livelli di abilit\u00e0.  <\/p>\n<p>La meccanica di gioco principale, Match-3, ha visto alcune modifiche innovative. Una caratteristica straordinaria ora consente di scambiare monete con tessere normali, a condizione che si traduca in una combo, offrendo un nuovo livello strategico a ogni puzzle. Questo piccolo ma incisivo cambiamento aggiunge profondit\u00e0 al gameplay, mantenendolo coinvolgente sia per i nuovi giocatori che per i fan pi\u00f9 esperti della serie.  <\/p>\n<p>Inoltre, Mahjong \u00e8 stato completamente reinventato, concentrandosi meno su clic insensati e pi\u00f9 su mosse ponderate e strategiche. Ogni livello di Mahjong \u00e8 stato rigorosamente testato per garantire che il completamento sia possibile, anche se alcuni enigmi richiedono una seria capacit\u00e0 cerebrale. Tuttavia, non c&#8217;\u00e8 bisogno di frustrare: i giocatori che si trovano bloccati possono saltare e tornare ai livelli difficili in un secondo momento, garantendo un progresso fluido e divertente nel gioco.  <\/p>\n<p>&nbsp;<\/p>\n<p><strong>Tratti somatici<\/strong><\/p>\n<ul>\n<li><em>Caratteristiche e miglioramenti al gameplay:<\/em> 90 emozionanti livelli Match-3: una nuova serie di livelli Match-3 manterr\u00e0 i giocatori impegnati con enigmi dinamici che richiedono sia abilit\u00e0 che strategia. L&#8217;aggiunta dello scambio di monete porta una nuova svolta alla formula tradizionale, rendendo ogni livello fresco e gratificante. <\/li>\n<li><em>Variet\u00e0 di minigiochi:<\/em> Oltre al Match-3, Spellarium offre una serie di attivit\u00e0 che includono Mahjong, puzzle, Trova la differenza e Solitario. Questi minigiochi spezzano l&#8217;azione e aggiungono ulteriori livelli di divertimento all&#8217;esperienza complessiva, offrendo qualcosa per tutti. <\/li>\n<li><em>Caratteristica di costruzione della citt\u00e0:<\/em> Man mano che avanzi nel gioco, ti verr\u00e0 assegnato il compito di costruire e migliorare una citt\u00e0. Ogni edificio rappresenta i tuoi progressi e il tuo successo, creando un sistema di ricompense visive e interattive che si lega perfettamente alla trama del gioco. <\/li>\n<li><em>Giochi bonus con flessibilit\u00e0:<\/em> I giocatori che preferiscono concentrarsi sulla narrazione principale o sui livelli Match-3 possono saltare i giochi bonus, se lo desiderano. Questa funzione consente un&#8217;esperienza pi\u00f9 personalizzata, soddisfacendo coloro che vogliono portare avanti la storia pur offrendo contenuti opzionali per i completisti. <\/li>\n<li><em>Livelli impegnativi ma equi:<\/em> Sebbene il Mahjong rinnovato possa rappresentare una sfida pi\u00f9 difficile, tutti i livelli sono stati testati per garantire che possano essere completati senza frustrazioni. Per i giocatori che cercano un&#8217;esperienza pi\u00f9 rilassata, \u00e8 disponibile l&#8217;opzione di saltare fasi particolarmente difficili, assicurando che il flusso del gioco non venga mai interrotto. <\/li>\n<li><em>Nuova narrazione:<\/em> La storia di Eric e degli spiriti porter\u00e0 i giocatori in un viaggio mistico pieno di magia, mistero e sfide epiche. La narrazione aggiunge profondit\u00e0 emotiva al gameplay, mantenendo i giocatori coinvolti nel mondo che stanno aiutando a salvare. <\/li>\n<li>\n<\/li>\n<\/ul>\n<p><strong>Spellarium 11<\/strong> non \u00e8 solo un gioco; \u00c8 un&#8217;esperienza completamente coinvolgente che offre ore di divertimento e allo stesso tempo d\u00e0 ai giocatori la libert\u00e0 di affrontarla a modo loro. Che tu sia interessato alla storia, agli enigmi o alla costruzione creativa del mondo, quest&#8217;ultimo capitolo ha qualcosa per tutti.<\/p>\n","protected":false},"excerpt":{"rendered":"<p>In <strong>Spellarium 11<\/strong> &#8211; aiuta Eric nella sua ricerca per far rivivere il sole che svanisce e ridare vita a un mondo morente con l&#8217;assistenza degli spiriti del fuoco, dell&#8217;acqua, della terra e dell&#8217;aria, l&#8217;equilibrio della natura deve essere ripristinato.<\/p>\n","protected":false},"author":40,"featured_media":39093,"comment_status":"open","ping_status":"closed","template":"","meta":{"_acf_changed":false,"inline_featured_image":false},"product_brand":[],"product_cat":[175,191],"product_tag":[290],"class_list":{"0":"post-127459","1":"product","2":"type-product","3":"status-publish","4":"has-post-thumbnail","6":"product_cat-match-3-it","7":"product_cat-puzzle-it","8":"product_tag-play-on-pc-it","10":"first","11":"instock","12":"shipping-taxable","13":"purchasable","14":"product-type-simple"},"acf":[],"yoast_head":"<!-- This site is optimized with the Yoast SEO Premium plugin v25.2 (Yoast SEO v25.2) - https:\/\/yoast.com\/wordpress\/plugins\/seo\/ -->\n<title>Spellarium 11 - Risveglia il sole e ripristina la vita in un mondo morente<\/title>\n<meta name=\"description\" content=\"In Spellarium 11 - aiuta Eric nella sua ricerca per far rivivere il sole che svanisce e ridare vita a un mondo morente con l&#039;assistenza degli spiriti del fuoco, dell&#039;acqua, della terra e dell&#039;aria, l&#039;equilibrio della natura deve essere ripristinato.\" \/>\n<meta name=\"robots\" content=\"index, follow, max-snippet:-1, max-image-preview:large, max-video-preview:-1\" \/>\n<link rel=\"canonical\" href=\"https:\/\/www.iplay.com\/it\/games\/spellarium-11\/\" \/>\n<meta property=\"og:locale\" content=\"it_IT\" \/>\n<meta property=\"og:type\" content=\"article\" \/>\n<meta property=\"og:title\" content=\"Spellarium 11\" \/>\n<meta property=\"og:description\" content=\"In Spellarium 11 - aiuta Eric nella sua ricerca per far rivivere il sole che svanisce e ridare vita a un mondo morente con l&#039;assistenza degli spiriti del fuoco, dell&#039;acqua, della terra e dell&#039;aria, l&#039;equilibrio della natura deve essere ripristinato.\" \/>\n<meta property=\"og:url\" content=\"https:\/\/www.iplay.com\/it\/games\/spellarium-11\/\" \/>\n<meta property=\"og:site_name\" content=\"IPlay\" \/>\n<meta property=\"og:image\" content=\"https:\/\/www.iplay.com\/wp-content\/uploads\/2024\/09\/400x400-spellarium_11_large_square_tile_image.webp\" \/>\n\t<meta property=\"og:image:width\" content=\"400\" \/>\n\t<meta property=\"og:image:height\" content=\"400\" \/>\n\t<meta property=\"og:image:type\" content=\"image\/webp\" \/>\n<meta name=\"twitter:card\" content=\"summary_large_image\" \/>\n<meta name=\"twitter:label1\" content=\"Est. reading time\" \/>\n\t<meta name=\"twitter:data1\" content=\"3 minuti\" \/>\n<script type=\"application\/ld+json\" class=\"yoast-schema-graph\">{\"@context\":\"https:\/\/schema.org\",\"@graph\":[{\"@type\":\"WebPage\",\"@id\":\"https:\/\/www.iplay.com\/it\/games\/spellarium-11\/\",\"url\":\"https:\/\/www.iplay.com\/it\/games\/spellarium-11\/\",\"name\":\"Spellarium 11 - Risveglia il sole e ripristina la vita in un mondo morente\",\"isPartOf\":{\"@id\":\"https:\/\/www.iplay.com\/en\/#website\"},\"primaryImageOfPage\":{\"@id\":\"https:\/\/www.iplay.com\/it\/games\/spellarium-11\/#primaryimage\"},\"image\":{\"@id\":\"https:\/\/www.iplay.com\/it\/games\/spellarium-11\/#primaryimage\"},\"thumbnailUrl\":\"https:\/\/www.iplay.com\/wp-content\/uploads\/2024\/09\/400x400-spellarium_11_large_square_tile_image.webp\",\"datePublished\":\"2024-09-27T08:00:25+00:00\",\"description\":\"In Spellarium 11 - aiuta Eric nella sua ricerca per far rivivere il sole che svanisce e ridare vita a un mondo morente con l'assistenza degli spiriti del fuoco, dell'acqua, della terra e dell'aria, l'equilibrio della natura deve essere ripristinato.\",\"breadcrumb\":{\"@id\":\"https:\/\/www.iplay.com\/it\/games\/spellarium-11\/#breadcrumb\"},\"inLanguage\":\"it-IT\",\"potentialAction\":[{\"@type\":\"ReadAction\",\"target\":[\"https:\/\/www.iplay.com\/it\/games\/spellarium-11\/\"]}]},{\"@type\":\"ImageObject\",\"inLanguage\":\"it-IT\",\"@id\":\"https:\/\/www.iplay.com\/it\/games\/spellarium-11\/#primaryimage\",\"url\":\"https:\/\/www.iplay.com\/wp-content\/uploads\/2024\/09\/400x400-spellarium_11_large_square_tile_image.webp\",\"contentUrl\":\"https:\/\/www.iplay.com\/wp-content\/uploads\/2024\/09\/400x400-spellarium_11_large_square_tile_image.webp\",\"width\":400,\"height\":400},{\"@type\":\"BreadcrumbList\",\"@id\":\"https:\/\/www.iplay.com\/it\/games\/spellarium-11\/#breadcrumb\",\"itemListElement\":[{\"@type\":\"ListItem\",\"position\":1,\"name\":\"Home\",\"item\":\"https:\/\/www.iplay.com\/it\/home-page-2\/\"},{\"@type\":\"ListItem\",\"position\":2,\"name\":\"Shop\",\"item\":\"https:\/\/www.iplay.com\/en\/shop\/\"},{\"@type\":\"ListItem\",\"position\":3,\"name\":\"Spellarium 11\"}]},{\"@type\":\"WebSite\",\"@id\":\"https:\/\/www.iplay.com\/en\/#website\",\"url\":\"https:\/\/www.iplay.com\/en\/\",\"name\":\"IPlay\",\"description\":\"The Best Casual Games!\",\"publisher\":{\"@id\":\"https:\/\/www.iplay.com\/en\/#organization\"},\"potentialAction\":[{\"@type\":\"SearchAction\",\"target\":{\"@type\":\"EntryPoint\",\"urlTemplate\":\"https:\/\/www.iplay.com\/en\/?s={search_term_string}\"},\"query-input\":{\"@type\":\"PropertyValueSpecification\",\"valueRequired\":true,\"valueName\":\"search_term_string\"}}],\"inLanguage\":\"it-IT\"},{\"@type\":\"Organization\",\"@id\":\"https:\/\/www.iplay.com\/en\/#organization\",\"name\":\"IPlay\",\"url\":\"https:\/\/www.iplay.com\/en\/\",\"logo\":{\"@type\":\"ImageObject\",\"inLanguage\":\"it-IT\",\"@id\":\"https:\/\/www.iplay.com\/en\/#\/schema\/logo\/image\/\",\"url\":\"https:\/\/www.iplay.com\/wp-content\/uploads\/2023\/11\/Group-6100.svg\",\"contentUrl\":\"https:\/\/www.iplay.com\/wp-content\/uploads\/2023\/11\/Group-6100.svg\",\"width\":98,\"height\":25,\"caption\":\"IPlay\"},\"image\":{\"@id\":\"https:\/\/www.iplay.com\/en\/#\/schema\/logo\/image\/\"}}]}<\/script>\n<!-- \/ Yoast SEO Premium plugin. -->","yoast_head_json":{"title":"Spellarium 11 - Risveglia il sole e ripristina la vita in un mondo morente","description":"In Spellarium 11 - aiuta Eric nella sua ricerca per far rivivere il sole che svanisce e ridare vita a un mondo morente con l'assistenza degli spiriti del fuoco, dell'acqua, della terra e dell'aria, l'equilibrio della natura deve essere ripristinato.","robots":{"index":"index","follow":"follow","max-snippet":"max-snippet:-1","max-image-preview":"max-image-preview:large","max-video-preview":"max-video-preview:-1"},"canonical":"https:\/\/www.iplay.com\/it\/games\/spellarium-11\/","og_locale":"it_IT","og_type":"article","og_title":"Spellarium 11","og_description":"In Spellarium 11 - aiuta Eric nella sua ricerca per far rivivere il sole che svanisce e ridare vita a un mondo morente con l'assistenza degli spiriti del fuoco, dell'acqua, della terra e dell'aria, l'equilibrio della natura deve essere ripristinato.","og_url":"https:\/\/www.iplay.com\/it\/games\/spellarium-11\/","og_site_name":"IPlay","og_image":[{"width":400,"height":400,"url":"https:\/\/www.iplay.com\/wp-content\/uploads\/2024\/09\/400x400-spellarium_11_large_square_tile_image.webp","type":"image\/webp"}],"twitter_card":"summary_large_image","twitter_misc":{"Est. reading time":"3 minuti"},"schema":{"@context":"https:\/\/schema.org","@graph":[{"@type":"WebPage","@id":"https:\/\/www.iplay.com\/it\/games\/spellarium-11\/","url":"https:\/\/www.iplay.com\/it\/games\/spellarium-11\/","name":"Spellarium 11 - Risveglia il sole e ripristina la vita in un mondo morente","isPartOf":{"@id":"https:\/\/www.iplay.com\/en\/#website"},"primaryImageOfPage":{"@id":"https:\/\/www.iplay.com\/it\/games\/spellarium-11\/#primaryimage"},"image":{"@id":"https:\/\/www.iplay.com\/it\/games\/spellarium-11\/#primaryimage"},"thumbnailUrl":"https:\/\/www.iplay.com\/wp-content\/uploads\/2024\/09\/400x400-spellarium_11_large_square_tile_image.webp","datePublished":"2024-09-27T08:00:25+00:00","description":"In Spellarium 11 - aiuta Eric nella sua ricerca per far rivivere il sole che svanisce e ridare vita a un mondo morente con l'assistenza degli spiriti del fuoco, dell'acqua, della terra e dell'aria, l'equilibrio della natura deve essere ripristinato.","breadcrumb":{"@id":"https:\/\/www.iplay.com\/it\/games\/spellarium-11\/#breadcrumb"},"inLanguage":"it-IT","potentialAction":[{"@type":"ReadAction","target":["https:\/\/www.iplay.com\/it\/games\/spellarium-11\/"]}]},{"@type":"ImageObject","inLanguage":"it-IT","@id":"https:\/\/www.iplay.com\/it\/games\/spellarium-11\/#primaryimage","url":"https:\/\/www.iplay.com\/wp-content\/uploads\/2024\/09\/400x400-spellarium_11_large_square_tile_image.webp","contentUrl":"https:\/\/www.iplay.com\/wp-content\/uploads\/2024\/09\/400x400-spellarium_11_large_square_tile_image.webp","width":400,"height":400},{"@type":"BreadcrumbList","@id":"https:\/\/www.iplay.com\/it\/games\/spellarium-11\/#breadcrumb","itemListElement":[{"@type":"ListItem","position":1,"name":"Home","item":"https:\/\/www.iplay.com\/it\/home-page-2\/"},{"@type":"ListItem","position":2,"name":"Shop","item":"https:\/\/www.iplay.com\/en\/shop\/"},{"@type":"ListItem","position":3,"name":"Spellarium 11"}]},{"@type":"WebSite","@id":"https:\/\/www.iplay.com\/en\/#website","url":"https:\/\/www.iplay.com\/en\/","name":"IPlay","description":"The Best Casual Games!","publisher":{"@id":"https:\/\/www.iplay.com\/en\/#organization"},"potentialAction":[{"@type":"SearchAction","target":{"@type":"EntryPoint","urlTemplate":"https:\/\/www.iplay.com\/en\/?s={search_term_string}"},"query-input":{"@type":"PropertyValueSpecification","valueRequired":true,"valueName":"search_term_string"}}],"inLanguage":"it-IT"},{"@type":"Organization","@id":"https:\/\/www.iplay.com\/en\/#organization","name":"IPlay","url":"https:\/\/www.iplay.com\/en\/","logo":{"@type":"ImageObject","inLanguage":"it-IT","@id":"https:\/\/www.iplay.com\/en\/#\/schema\/logo\/image\/","url":"https:\/\/www.iplay.com\/wp-content\/uploads\/2023\/11\/Group-6100.svg","contentUrl":"https:\/\/www.iplay.com\/wp-content\/uploads\/2023\/11\/Group-6100.svg","width":98,"height":25,"caption":"IPlay"},"image":{"@id":"https:\/\/www.iplay.com\/en\/#\/schema\/logo\/image\/"}}]}},"_links":{"self":[{"href":"https:\/\/www.iplay.com\/it\/wp-json\/wp\/v2\/product\/127459","targetHints":{"allow":["GET"]}}],"collection":[{"href":"https:\/\/www.iplay.com\/it\/wp-json\/wp\/v2\/product"}],"about":[{"href":"https:\/\/www.iplay.com\/it\/wp-json\/wp\/v2\/types\/product"}],"author":[{"embeddable":true,"href":"https:\/\/www.iplay.com\/it\/wp-json\/wp\/v2\/users\/40"}],"replies":[{"embeddable":true,"href":"https:\/\/www.iplay.com\/it\/wp-json\/wp\/v2\/comments?post=127459"}],"wp:featuredmedia":[{"embeddable":true,"href":"https:\/\/www.iplay.com\/it\/wp-json\/wp\/v2\/media\/39093"}],"wp:attachment":[{"href":"https:\/\/www.iplay.com\/it\/wp-json\/wp\/v2\/media?parent=127459"}],"wp:term":[{"taxonomy":"product_brand","embeddable":true,"href":"https:\/\/www.iplay.com\/it\/wp-json\/wp\/v2\/product_brand?post=127459"},{"taxonomy":"product_cat","embeddable":true,"href":"https:\/\/www.iplay.com\/it\/wp-json\/wp\/v2\/product_cat?post=127459"},{"taxonomy":"product_tag","embeddable":true,"href":"https:\/\/www.iplay.com\/it\/wp-json\/wp\/v2\/product_tag?post=127459"}],"curies":[{"name":"wp","href":"https:\/\/api.w.org\/{rel}","templated":true}]}}