{"id":127432,"date":"2024-09-11T11:37:48","date_gmt":"2024-09-11T11:37:48","guid":{"rendered":"https:\/\/www.iplay.com\/games\/crossroads-fatal-truths-collectors-edition\/"},"modified":"2025-03-12T17:29:32","modified_gmt":"2025-03-12T17:29:32","slug":"crossroads-fatal-truths-collectors-edition","status":"publish","type":"product","link":"https:\/\/www.iplay.com\/it\/games\/crossroads-fatal-truths-collectors-edition\/","title":{"rendered":"Crossroads: Fatal Truths Collector&#8217;s Edition"},"content":{"rendered":"<p>Cosa conta di pi\u00f9 per te? \u00c8 la verit\u00e0, la giustizia o forse qualcosa che stai ancora cercando di capire? Questa incertezza universale rende Crossroads la destinazione perfetta, un bar mistico sospeso tra fantasia e realt\u00e0, che appare solo a chi \u00e8 in cerca di risposte. Qui si possono esplorare vite del passato, del futuro o realt\u00e0 alternative, offrendo uno sguardo su storie piene di sfide e dilemmi morali. Le tue scelte non solo daranno forma al tuo viaggio, ma determineranno anche il destino dei personaggi che incarni. Ogni decisione ha un peso e le scelte sbagliate potrebbero portare a conseguenze disastrose.     <\/p>\n<p>A guidarti attraverso questi racconti strabilianti \u00e8 Mistress Eve, l&#8217;enigmatica barista di Crossroads, che ti accompagner\u00e0 in un viaggio indimenticabile attraverso tre storie contorte alla scoperta di te stesso. Ogni storia si immerge in profondit\u00e0 nelle sfide personali, mettendo alla prova il tuo giudizio e la tua bussola morale. <\/p>\n<p>&nbsp;<\/p>\n<p><strong>Caratteristiche principali<\/strong><\/p>\n<ul>\n<li><em>Capitolo bonus:<\/em> Continua l&#8217;avventura con Mistress Eve in un emozionante capitolo bonus, che espande i racconti originali.<\/li>\n<li><em>Contenuto bonus:<\/em> Rigioca a enigmi a oggetti nascosti (HOP) e minigiochi per affinare le tue abilit\u00e0.<\/li>\n<li><em>Extra esclusivi:<\/em> Sblocca l&#8217;accesso a musica esclusiva, sfondi mozzafiato e altri tesori nascosti che arricchiscono l&#8217;esperienza.<\/li>\n<li><em>Oggetti da collezione e simboli:<\/em> Vai a caccia di simboli e oggetti da collezione di Crossroads nascosti in ogni luogo per scoprire pi\u00f9 segreti.<\/li>\n<li><em>Guida strategica:<\/em> Tieniti aggiornato con un&#8217;utile guida strategica per assicurarti di non perdere mai un colpo o trascurare dettagli importanti.<\/li>\n<\/ul>\n<p>&nbsp;<\/p>\n<p>Questa avventura a oggetti nascosti offre non solo intrattenimento, ma anche un&#8217;avvincente esplorazione delle scelte morali e dell&#8217;autoriflessione. Che tu sia un giocatore occasionale o un fan esperto di giochi d&#8217;avventura, Crossroads offre un&#8217;esperienza coinvolgente e stimolante che rimarr\u00e0 con te molto tempo dopo la fine del viaggio. Con una grafica mozzafiato, personaggi complessi ed enigmi intricati, questo gioco offre la fuga perfetta mettendo alla prova il tuo intelletto e le tue scelte.<\/p>\n","protected":false},"excerpt":{"rendered":"<p>Crossroads: Fatal Truths Collector&#8217;s Edition &#8211; Fai le tue scelte e scopri il tuo percorso.<\/p>\n","protected":false},"author":17,"featured_media":39067,"comment_status":"open","ping_status":"closed","template":"","meta":{"_acf_changed":false,"inline_featured_image":false},"product_brand":[],"product_cat":[163],"product_tag":[290],"class_list":{"0":"post-127432","1":"product","2":"type-product","3":"status-publish","4":"has-post-thumbnail","6":"product_cat-hidden-object-it","7":"product_tag-play-on-pc-it","9":"first","10":"instock","11":"shipping-taxable","12":"purchasable","13":"product-type-simple"},"acf":[],"yoast_head":"<!-- This site is optimized with the Yoast SEO Premium plugin v25.2 (Yoast SEO v25.2) - https:\/\/yoast.com\/wordpress\/plugins\/seo\/ -->\n<title>Crossroads: Fatal Truths CE - Fai le tue scelte. Scopri il tuo percorso.<\/title>\n<meta name=\"description\" content=\"Crossroads: Fatal Truths Collector&#039;s Edition - Fai le tue scelte e scopri il tuo percorso.\" \/>\n<meta name=\"robots\" content=\"index, follow, max-snippet:-1, max-image-preview:large, max-video-preview:-1\" \/>\n<link rel=\"canonical\" href=\"https:\/\/www.iplay.com\/it\/games\/crossroads-fatal-truths-collectors-edition\/\" \/>\n<meta property=\"og:locale\" content=\"it_IT\" \/>\n<meta property=\"og:type\" content=\"article\" \/>\n<meta property=\"og:title\" content=\"Crossroads: Fatal Truths Collector&#039;s Edition\" \/>\n<meta property=\"og:description\" content=\"Crossroads: Fatal Truths Collector&#039;s Edition - Fai le tue scelte e scopri il tuo percorso.\" \/>\n<meta property=\"og:url\" content=\"https:\/\/www.iplay.com\/it\/games\/crossroads-fatal-truths-collectors-edition\/\" \/>\n<meta property=\"og:site_name\" content=\"IPlay\" \/>\n<meta property=\"article:modified_time\" content=\"2025-03-12T17:29:32+00:00\" \/>\n<meta property=\"og:image\" content=\"https:\/\/www.iplay.com\/wp-content\/uploads\/2024\/09\/400x400-crossroads_-_fatal_truths_ce_large_square_tile_image.webp\" \/>\n\t<meta property=\"og:image:width\" content=\"400\" \/>\n\t<meta property=\"og:image:height\" content=\"400\" \/>\n\t<meta property=\"og:image:type\" content=\"image\/webp\" \/>\n<meta name=\"twitter:card\" content=\"summary_large_image\" \/>\n<meta name=\"twitter:label1\" content=\"Est. reading time\" \/>\n\t<meta name=\"twitter:data1\" content=\"2 minuti\" \/>\n<script type=\"application\/ld+json\" class=\"yoast-schema-graph\">{\"@context\":\"https:\/\/schema.org\",\"@graph\":[{\"@type\":\"WebPage\",\"@id\":\"https:\/\/www.iplay.com\/it\/games\/crossroads-fatal-truths-collectors-edition\/\",\"url\":\"https:\/\/www.iplay.com\/it\/games\/crossroads-fatal-truths-collectors-edition\/\",\"name\":\"Crossroads: Fatal Truths CE - Fai le tue scelte. Scopri il tuo percorso.\",\"isPartOf\":{\"@id\":\"https:\/\/www.iplay.com\/en\/#website\"},\"primaryImageOfPage\":{\"@id\":\"https:\/\/www.iplay.com\/it\/games\/crossroads-fatal-truths-collectors-edition\/#primaryimage\"},\"image\":{\"@id\":\"https:\/\/www.iplay.com\/it\/games\/crossroads-fatal-truths-collectors-edition\/#primaryimage\"},\"thumbnailUrl\":\"https:\/\/www.iplay.com\/wp-content\/uploads\/2024\/09\/400x400-crossroads_-_fatal_truths_ce_large_square_tile_image.webp\",\"datePublished\":\"2024-09-11T11:37:48+00:00\",\"dateModified\":\"2025-03-12T17:29:32+00:00\",\"description\":\"Crossroads: Fatal Truths Collector's Edition - Fai le tue scelte e scopri il tuo percorso.\",\"breadcrumb\":{\"@id\":\"https:\/\/www.iplay.com\/it\/games\/crossroads-fatal-truths-collectors-edition\/#breadcrumb\"},\"inLanguage\":\"it-IT\",\"potentialAction\":[{\"@type\":\"ReadAction\",\"target\":[\"https:\/\/www.iplay.com\/it\/games\/crossroads-fatal-truths-collectors-edition\/\"]}]},{\"@type\":\"ImageObject\",\"inLanguage\":\"it-IT\",\"@id\":\"https:\/\/www.iplay.com\/it\/games\/crossroads-fatal-truths-collectors-edition\/#primaryimage\",\"url\":\"https:\/\/www.iplay.com\/wp-content\/uploads\/2024\/09\/400x400-crossroads_-_fatal_truths_ce_large_square_tile_image.webp\",\"contentUrl\":\"https:\/\/www.iplay.com\/wp-content\/uploads\/2024\/09\/400x400-crossroads_-_fatal_truths_ce_large_square_tile_image.webp\",\"width\":400,\"height\":400},{\"@type\":\"BreadcrumbList\",\"@id\":\"https:\/\/www.iplay.com\/it\/games\/crossroads-fatal-truths-collectors-edition\/#breadcrumb\",\"itemListElement\":[{\"@type\":\"ListItem\",\"position\":1,\"name\":\"Home\",\"item\":\"https:\/\/www.iplay.com\/it\/home-page-2\/\"},{\"@type\":\"ListItem\",\"position\":2,\"name\":\"Shop\",\"item\":\"https:\/\/www.iplay.com\/en\/shop\/\"},{\"@type\":\"ListItem\",\"position\":3,\"name\":\"Crossroads: Fatal Truths Collector&#8217;s Edition\"}]},{\"@type\":\"WebSite\",\"@id\":\"https:\/\/www.iplay.com\/en\/#website\",\"url\":\"https:\/\/www.iplay.com\/en\/\",\"name\":\"IPlay\",\"description\":\"The Best Casual Games!\",\"publisher\":{\"@id\":\"https:\/\/www.iplay.com\/en\/#organization\"},\"potentialAction\":[{\"@type\":\"SearchAction\",\"target\":{\"@type\":\"EntryPoint\",\"urlTemplate\":\"https:\/\/www.iplay.com\/en\/?s={search_term_string}\"},\"query-input\":{\"@type\":\"PropertyValueSpecification\",\"valueRequired\":true,\"valueName\":\"search_term_string\"}}],\"inLanguage\":\"it-IT\"},{\"@type\":\"Organization\",\"@id\":\"https:\/\/www.iplay.com\/en\/#organization\",\"name\":\"IPlay\",\"url\":\"https:\/\/www.iplay.com\/en\/\",\"logo\":{\"@type\":\"ImageObject\",\"inLanguage\":\"it-IT\",\"@id\":\"https:\/\/www.iplay.com\/en\/#\/schema\/logo\/image\/\",\"url\":\"https:\/\/www.iplay.com\/wp-content\/uploads\/2023\/11\/Group-6100.svg\",\"contentUrl\":\"https:\/\/www.iplay.com\/wp-content\/uploads\/2023\/11\/Group-6100.svg\",\"width\":98,\"height\":25,\"caption\":\"IPlay\"},\"image\":{\"@id\":\"https:\/\/www.iplay.com\/en\/#\/schema\/logo\/image\/\"}}]}<\/script>\n<!-- \/ Yoast SEO Premium plugin. -->","yoast_head_json":{"title":"Crossroads: Fatal Truths CE - Fai le tue scelte. Scopri il tuo percorso.","description":"Crossroads: Fatal Truths Collector's Edition - Fai le tue scelte e scopri il tuo percorso.","robots":{"index":"index","follow":"follow","max-snippet":"max-snippet:-1","max-image-preview":"max-image-preview:large","max-video-preview":"max-video-preview:-1"},"canonical":"https:\/\/www.iplay.com\/it\/games\/crossroads-fatal-truths-collectors-edition\/","og_locale":"it_IT","og_type":"article","og_title":"Crossroads: Fatal Truths Collector's Edition","og_description":"Crossroads: Fatal Truths Collector's Edition - Fai le tue scelte e scopri il tuo percorso.","og_url":"https:\/\/www.iplay.com\/it\/games\/crossroads-fatal-truths-collectors-edition\/","og_site_name":"IPlay","article_modified_time":"2025-03-12T17:29:32+00:00","og_image":[{"width":400,"height":400,"url":"https:\/\/www.iplay.com\/wp-content\/uploads\/2024\/09\/400x400-crossroads_-_fatal_truths_ce_large_square_tile_image.webp","type":"image\/webp"}],"twitter_card":"summary_large_image","twitter_misc":{"Est. reading time":"2 minuti"},"schema":{"@context":"https:\/\/schema.org","@graph":[{"@type":"WebPage","@id":"https:\/\/www.iplay.com\/it\/games\/crossroads-fatal-truths-collectors-edition\/","url":"https:\/\/www.iplay.com\/it\/games\/crossroads-fatal-truths-collectors-edition\/","name":"Crossroads: Fatal Truths CE - Fai le tue scelte. Scopri il tuo percorso.","isPartOf":{"@id":"https:\/\/www.iplay.com\/en\/#website"},"primaryImageOfPage":{"@id":"https:\/\/www.iplay.com\/it\/games\/crossroads-fatal-truths-collectors-edition\/#primaryimage"},"image":{"@id":"https:\/\/www.iplay.com\/it\/games\/crossroads-fatal-truths-collectors-edition\/#primaryimage"},"thumbnailUrl":"https:\/\/www.iplay.com\/wp-content\/uploads\/2024\/09\/400x400-crossroads_-_fatal_truths_ce_large_square_tile_image.webp","datePublished":"2024-09-11T11:37:48+00:00","dateModified":"2025-03-12T17:29:32+00:00","description":"Crossroads: Fatal Truths Collector's Edition - Fai le tue scelte e scopri il tuo percorso.","breadcrumb":{"@id":"https:\/\/www.iplay.com\/it\/games\/crossroads-fatal-truths-collectors-edition\/#breadcrumb"},"inLanguage":"it-IT","potentialAction":[{"@type":"ReadAction","target":["https:\/\/www.iplay.com\/it\/games\/crossroads-fatal-truths-collectors-edition\/"]}]},{"@type":"ImageObject","inLanguage":"it-IT","@id":"https:\/\/www.iplay.com\/it\/games\/crossroads-fatal-truths-collectors-edition\/#primaryimage","url":"https:\/\/www.iplay.com\/wp-content\/uploads\/2024\/09\/400x400-crossroads_-_fatal_truths_ce_large_square_tile_image.webp","contentUrl":"https:\/\/www.iplay.com\/wp-content\/uploads\/2024\/09\/400x400-crossroads_-_fatal_truths_ce_large_square_tile_image.webp","width":400,"height":400},{"@type":"BreadcrumbList","@id":"https:\/\/www.iplay.com\/it\/games\/crossroads-fatal-truths-collectors-edition\/#breadcrumb","itemListElement":[{"@type":"ListItem","position":1,"name":"Home","item":"https:\/\/www.iplay.com\/it\/home-page-2\/"},{"@type":"ListItem","position":2,"name":"Shop","item":"https:\/\/www.iplay.com\/en\/shop\/"},{"@type":"ListItem","position":3,"name":"Crossroads: Fatal Truths Collector&#8217;s Edition"}]},{"@type":"WebSite","@id":"https:\/\/www.iplay.com\/en\/#website","url":"https:\/\/www.iplay.com\/en\/","name":"IPlay","description":"The Best Casual Games!","publisher":{"@id":"https:\/\/www.iplay.com\/en\/#organization"},"potentialAction":[{"@type":"SearchAction","target":{"@type":"EntryPoint","urlTemplate":"https:\/\/www.iplay.com\/en\/?s={search_term_string}"},"query-input":{"@type":"PropertyValueSpecification","valueRequired":true,"valueName":"search_term_string"}}],"inLanguage":"it-IT"},{"@type":"Organization","@id":"https:\/\/www.iplay.com\/en\/#organization","name":"IPlay","url":"https:\/\/www.iplay.com\/en\/","logo":{"@type":"ImageObject","inLanguage":"it-IT","@id":"https:\/\/www.iplay.com\/en\/#\/schema\/logo\/image\/","url":"https:\/\/www.iplay.com\/wp-content\/uploads\/2023\/11\/Group-6100.svg","contentUrl":"https:\/\/www.iplay.com\/wp-content\/uploads\/2023\/11\/Group-6100.svg","width":98,"height":25,"caption":"IPlay"},"image":{"@id":"https:\/\/www.iplay.com\/en\/#\/schema\/logo\/image\/"}}]}},"_links":{"self":[{"href":"https:\/\/www.iplay.com\/it\/wp-json\/wp\/v2\/product\/127432","targetHints":{"allow":["GET"]}}],"collection":[{"href":"https:\/\/www.iplay.com\/it\/wp-json\/wp\/v2\/product"}],"about":[{"href":"https:\/\/www.iplay.com\/it\/wp-json\/wp\/v2\/types\/product"}],"author":[{"embeddable":true,"href":"https:\/\/www.iplay.com\/it\/wp-json\/wp\/v2\/users\/17"}],"replies":[{"embeddable":true,"href":"https:\/\/www.iplay.com\/it\/wp-json\/wp\/v2\/comments?post=127432"}],"wp:featuredmedia":[{"embeddable":true,"href":"https:\/\/www.iplay.com\/it\/wp-json\/wp\/v2\/media\/39067"}],"wp:attachment":[{"href":"https:\/\/www.iplay.com\/it\/wp-json\/wp\/v2\/media?parent=127432"}],"wp:term":[{"taxonomy":"product_brand","embeddable":true,"href":"https:\/\/www.iplay.com\/it\/wp-json\/wp\/v2\/product_brand?post=127432"},{"taxonomy":"product_cat","embeddable":true,"href":"https:\/\/www.iplay.com\/it\/wp-json\/wp\/v2\/product_cat?post=127432"},{"taxonomy":"product_tag","embeddable":true,"href":"https:\/\/www.iplay.com\/it\/wp-json\/wp\/v2\/product_tag?post=127432"}],"curies":[{"name":"wp","href":"https:\/\/api.w.org\/{rel}","templated":true}]}}