{"id":127424,"date":"2025-03-10T09:30:20","date_gmt":"2025-03-10T09:30:20","guid":{"rendered":"https:\/\/www.iplay.com\/games\/hedgehogs-adventure\/"},"modified":"2025-03-12T17:27:51","modified_gmt":"2025-03-12T17:27:51","slug":"hedgehogs-adventure","status":"publish","type":"product","link":"https:\/\/www.iplay.com\/it\/games\/hedgehogs-adventure\/","title":{"rendered":"Hedgehogs Adventure"},"content":{"rendered":"<p>Il viaggio inizia quando Hedgehog parte alla ricerca dell&#8217;ombra perduta del suo amico, Mouse. Al suo ritorno, la sua casa viene riordinata con l&#8217;aiuto di Scoiattolo. Successivamente, alla celebrazione del compleanno di Hare si unisce Hedgehog. Quella notte, lui vive un sogno di Geometry Land, dove si imparano varie forme. In conclusione, una nuova casa nella foresta viene costruita grazie agli sforzi collaborativi di Hedgehog e dei suoi amici.    <\/p>\n<p>&nbsp;<\/p>\n<p><strong>Tratti somatici<\/strong><\/p>\n<ul>\n<li><em>Giochi di percezione visiva<\/em> &#8211; Le differenze tra le immagini vengono individuate e vengono identificati gli errori nelle immagini.<\/li>\n<li><em>Sfide puzzle<\/em> &#8211; I puzzle vengono risolti e vengono trovati pezzi di immagini mancanti.<\/li>\n<li><em>Esercizi di classificazione<\/em> &#8211; Vari oggetti sono classificati in categorie appropriate.<\/li>\n<li><em>Compiti di ragionamento spaziale<\/em> &#8211; Si naviga nei labirinti e si scoprono gli oggetti nascosti.<\/li>\n<li><em>Pensiero numerico<\/em> &#8211; I numeri nella sequenza corretta vengono individuati e i puzzle di Sudoku con oggetti e forme geometriche vengono completati.<\/li>\n<li><em>Miglioramento della memoria<\/em> &#8211; Si giocano giochi di memoria, insieme a molte altre attivit\u00e0 cognitive.<\/li>\n<\/ul>\n<p>&nbsp;<\/p>\n<p>&nbsp;<\/p>\n<p>Attraverso queste attivit\u00e0 attentamente progettate, lo sviluppo cognitivo \u00e8 supportato in un ambiente coinvolgente e giocoso. Le abilit\u00e0 essenziali per il successo accademico vengono esercitate mentre si gode una storia incantevole. Si raggiunge il perfetto equilibrio tra istruzione e divertimento, per cui l&#8217;apprendimento si trasforma in una piacevole avventura.<\/p>\n","protected":false},"excerpt":{"rendered":"<p>Unisciti a Hedgehog in un viaggio educativo pieno di narrazione interattiva, divertenti minigiochi e sfide adatte all&#8217;et\u00e0 progettate per stimolare le giovani menti mentre giocano.<\/p>\n","protected":false},"author":320,"featured_media":127395,"comment_status":"open","ping_status":"closed","template":"","meta":{"_acf_changed":false,"inline_featured_image":false},"product_brand":[],"product_cat":[191,200],"product_tag":[290],"class_list":{"0":"post-127424","1":"product","2":"type-product","3":"status-publish","4":"has-post-thumbnail","6":"product_cat-puzzle-it","7":"product_cat-removed-content-it","8":"product_tag-play-on-pc-it","10":"first","11":"instock","12":"shipping-taxable","13":"purchasable","14":"product-type-simple"},"acf":[],"yoast_head":"<!-- This site is optimized with the Yoast SEO Premium plugin v25.2 (Yoast SEO v25.2) - https:\/\/yoast.com\/wordpress\/plugins\/seo\/ -->\n<title>Hedgehog&#039;s Story: compiti educativi e minigiochi per bambini<\/title>\n<meta name=\"description\" content=\"Unisciti a Hedgehog in un viaggio educativo pieno di narrazione interattiva, divertenti minigiochi e sfide adatte all&#039;et\u00e0 progettate per stimolare le giovani menti mentre giocano.\" \/>\n<meta name=\"robots\" content=\"index, follow, max-snippet:-1, max-image-preview:large, max-video-preview:-1\" \/>\n<link rel=\"canonical\" href=\"https:\/\/www.iplay.com\/it\/games\/hedgehogs-adventure\/\" \/>\n<meta property=\"og:locale\" content=\"it_IT\" \/>\n<meta property=\"og:type\" content=\"article\" \/>\n<meta property=\"og:title\" content=\"Hedgehogs Adventure\" \/>\n<meta property=\"og:description\" content=\"Unisciti a Hedgehog in un viaggio educativo pieno di narrazione interattiva, divertenti minigiochi e sfide adatte all&#039;et\u00e0 progettate per stimolare le giovani menti mentre giocano.\" \/>\n<meta property=\"og:url\" content=\"https:\/\/www.iplay.com\/it\/games\/hedgehogs-adventure\/\" \/>\n<meta property=\"og:site_name\" content=\"IPlay\" \/>\n<meta property=\"article:modified_time\" content=\"2025-03-12T17:27:51+00:00\" \/>\n<meta property=\"og:image\" content=\"https:\/\/www.iplay.com\/wp-content\/uploads\/2025\/03\/hedgehogs_adventure_large_square_tile_image.webp\" \/>\n\t<meta property=\"og:image:width\" content=\"310\" \/>\n\t<meta property=\"og:image:height\" content=\"310\" \/>\n\t<meta property=\"og:image:type\" content=\"image\/webp\" \/>\n<meta name=\"twitter:card\" content=\"summary_large_image\" \/>\n<meta name=\"twitter:label1\" content=\"Est. reading time\" \/>\n\t<meta name=\"twitter:data1\" content=\"1 minuto\" \/>\n<script type=\"application\/ld+json\" class=\"yoast-schema-graph\">{\"@context\":\"https:\/\/schema.org\",\"@graph\":[{\"@type\":\"WebPage\",\"@id\":\"https:\/\/www.iplay.com\/it\/games\/hedgehogs-adventure\/\",\"url\":\"https:\/\/www.iplay.com\/it\/games\/hedgehogs-adventure\/\",\"name\":\"Hedgehog's Story: compiti educativi e minigiochi per bambini\",\"isPartOf\":{\"@id\":\"https:\/\/www.iplay.com\/en\/#website\"},\"primaryImageOfPage\":{\"@id\":\"https:\/\/www.iplay.com\/it\/games\/hedgehogs-adventure\/#primaryimage\"},\"image\":{\"@id\":\"https:\/\/www.iplay.com\/it\/games\/hedgehogs-adventure\/#primaryimage\"},\"thumbnailUrl\":\"https:\/\/www.iplay.com\/wp-content\/uploads\/2025\/03\/hedgehogs_adventure_large_square_tile_image.webp\",\"datePublished\":\"2025-03-10T09:30:20+00:00\",\"dateModified\":\"2025-03-12T17:27:51+00:00\",\"description\":\"Unisciti a Hedgehog in un viaggio educativo pieno di narrazione interattiva, divertenti minigiochi e sfide adatte all'et\u00e0 progettate per stimolare le giovani menti mentre giocano.\",\"breadcrumb\":{\"@id\":\"https:\/\/www.iplay.com\/it\/games\/hedgehogs-adventure\/#breadcrumb\"},\"inLanguage\":\"it-IT\",\"potentialAction\":[{\"@type\":\"ReadAction\",\"target\":[\"https:\/\/www.iplay.com\/it\/games\/hedgehogs-adventure\/\"]}]},{\"@type\":\"ImageObject\",\"inLanguage\":\"it-IT\",\"@id\":\"https:\/\/www.iplay.com\/it\/games\/hedgehogs-adventure\/#primaryimage\",\"url\":\"https:\/\/www.iplay.com\/wp-content\/uploads\/2025\/03\/hedgehogs_adventure_large_square_tile_image.webp\",\"contentUrl\":\"https:\/\/www.iplay.com\/wp-content\/uploads\/2025\/03\/hedgehogs_adventure_large_square_tile_image.webp\",\"width\":310,\"height\":310},{\"@type\":\"BreadcrumbList\",\"@id\":\"https:\/\/www.iplay.com\/it\/games\/hedgehogs-adventure\/#breadcrumb\",\"itemListElement\":[{\"@type\":\"ListItem\",\"position\":1,\"name\":\"Home\",\"item\":\"https:\/\/www.iplay.com\/it\/home-page-2\/\"},{\"@type\":\"ListItem\",\"position\":2,\"name\":\"Shop\",\"item\":\"https:\/\/www.iplay.com\/en\/shop\/\"},{\"@type\":\"ListItem\",\"position\":3,\"name\":\"Hedgehogs Adventure\"}]},{\"@type\":\"WebSite\",\"@id\":\"https:\/\/www.iplay.com\/en\/#website\",\"url\":\"https:\/\/www.iplay.com\/en\/\",\"name\":\"IPlay\",\"description\":\"The Best Casual Games!\",\"publisher\":{\"@id\":\"https:\/\/www.iplay.com\/en\/#organization\"},\"potentialAction\":[{\"@type\":\"SearchAction\",\"target\":{\"@type\":\"EntryPoint\",\"urlTemplate\":\"https:\/\/www.iplay.com\/en\/?s={search_term_string}\"},\"query-input\":{\"@type\":\"PropertyValueSpecification\",\"valueRequired\":true,\"valueName\":\"search_term_string\"}}],\"inLanguage\":\"it-IT\"},{\"@type\":\"Organization\",\"@id\":\"https:\/\/www.iplay.com\/en\/#organization\",\"name\":\"IPlay\",\"url\":\"https:\/\/www.iplay.com\/en\/\",\"logo\":{\"@type\":\"ImageObject\",\"inLanguage\":\"it-IT\",\"@id\":\"https:\/\/www.iplay.com\/en\/#\/schema\/logo\/image\/\",\"url\":\"https:\/\/www.iplay.com\/wp-content\/uploads\/2023\/11\/Group-6100.svg\",\"contentUrl\":\"https:\/\/www.iplay.com\/wp-content\/uploads\/2023\/11\/Group-6100.svg\",\"width\":98,\"height\":25,\"caption\":\"IPlay\"},\"image\":{\"@id\":\"https:\/\/www.iplay.com\/en\/#\/schema\/logo\/image\/\"}}]}<\/script>\n<!-- \/ Yoast SEO Premium plugin. -->","yoast_head_json":{"title":"Hedgehog's Story: compiti educativi e minigiochi per bambini","description":"Unisciti a Hedgehog in un viaggio educativo pieno di narrazione interattiva, divertenti minigiochi e sfide adatte all'et\u00e0 progettate per stimolare le giovani menti mentre giocano.","robots":{"index":"index","follow":"follow","max-snippet":"max-snippet:-1","max-image-preview":"max-image-preview:large","max-video-preview":"max-video-preview:-1"},"canonical":"https:\/\/www.iplay.com\/it\/games\/hedgehogs-adventure\/","og_locale":"it_IT","og_type":"article","og_title":"Hedgehogs Adventure","og_description":"Unisciti a Hedgehog in un viaggio educativo pieno di narrazione interattiva, divertenti minigiochi e sfide adatte all'et\u00e0 progettate per stimolare le giovani menti mentre giocano.","og_url":"https:\/\/www.iplay.com\/it\/games\/hedgehogs-adventure\/","og_site_name":"IPlay","article_modified_time":"2025-03-12T17:27:51+00:00","og_image":[{"width":310,"height":310,"url":"https:\/\/www.iplay.com\/wp-content\/uploads\/2025\/03\/hedgehogs_adventure_large_square_tile_image.webp","type":"image\/webp"}],"twitter_card":"summary_large_image","twitter_misc":{"Est. reading time":"1 minuto"},"schema":{"@context":"https:\/\/schema.org","@graph":[{"@type":"WebPage","@id":"https:\/\/www.iplay.com\/it\/games\/hedgehogs-adventure\/","url":"https:\/\/www.iplay.com\/it\/games\/hedgehogs-adventure\/","name":"Hedgehog's Story: compiti educativi e minigiochi per bambini","isPartOf":{"@id":"https:\/\/www.iplay.com\/en\/#website"},"primaryImageOfPage":{"@id":"https:\/\/www.iplay.com\/it\/games\/hedgehogs-adventure\/#primaryimage"},"image":{"@id":"https:\/\/www.iplay.com\/it\/games\/hedgehogs-adventure\/#primaryimage"},"thumbnailUrl":"https:\/\/www.iplay.com\/wp-content\/uploads\/2025\/03\/hedgehogs_adventure_large_square_tile_image.webp","datePublished":"2025-03-10T09:30:20+00:00","dateModified":"2025-03-12T17:27:51+00:00","description":"Unisciti a Hedgehog in un viaggio educativo pieno di narrazione interattiva, divertenti minigiochi e sfide adatte all'et\u00e0 progettate per stimolare le giovani menti mentre giocano.","breadcrumb":{"@id":"https:\/\/www.iplay.com\/it\/games\/hedgehogs-adventure\/#breadcrumb"},"inLanguage":"it-IT","potentialAction":[{"@type":"ReadAction","target":["https:\/\/www.iplay.com\/it\/games\/hedgehogs-adventure\/"]}]},{"@type":"ImageObject","inLanguage":"it-IT","@id":"https:\/\/www.iplay.com\/it\/games\/hedgehogs-adventure\/#primaryimage","url":"https:\/\/www.iplay.com\/wp-content\/uploads\/2025\/03\/hedgehogs_adventure_large_square_tile_image.webp","contentUrl":"https:\/\/www.iplay.com\/wp-content\/uploads\/2025\/03\/hedgehogs_adventure_large_square_tile_image.webp","width":310,"height":310},{"@type":"BreadcrumbList","@id":"https:\/\/www.iplay.com\/it\/games\/hedgehogs-adventure\/#breadcrumb","itemListElement":[{"@type":"ListItem","position":1,"name":"Home","item":"https:\/\/www.iplay.com\/it\/home-page-2\/"},{"@type":"ListItem","position":2,"name":"Shop","item":"https:\/\/www.iplay.com\/en\/shop\/"},{"@type":"ListItem","position":3,"name":"Hedgehogs Adventure"}]},{"@type":"WebSite","@id":"https:\/\/www.iplay.com\/en\/#website","url":"https:\/\/www.iplay.com\/en\/","name":"IPlay","description":"The Best Casual Games!","publisher":{"@id":"https:\/\/www.iplay.com\/en\/#organization"},"potentialAction":[{"@type":"SearchAction","target":{"@type":"EntryPoint","urlTemplate":"https:\/\/www.iplay.com\/en\/?s={search_term_string}"},"query-input":{"@type":"PropertyValueSpecification","valueRequired":true,"valueName":"search_term_string"}}],"inLanguage":"it-IT"},{"@type":"Organization","@id":"https:\/\/www.iplay.com\/en\/#organization","name":"IPlay","url":"https:\/\/www.iplay.com\/en\/","logo":{"@type":"ImageObject","inLanguage":"it-IT","@id":"https:\/\/www.iplay.com\/en\/#\/schema\/logo\/image\/","url":"https:\/\/www.iplay.com\/wp-content\/uploads\/2023\/11\/Group-6100.svg","contentUrl":"https:\/\/www.iplay.com\/wp-content\/uploads\/2023\/11\/Group-6100.svg","width":98,"height":25,"caption":"IPlay"},"image":{"@id":"https:\/\/www.iplay.com\/en\/#\/schema\/logo\/image\/"}}]}},"_links":{"self":[{"href":"https:\/\/www.iplay.com\/it\/wp-json\/wp\/v2\/product\/127424","targetHints":{"allow":["GET"]}}],"collection":[{"href":"https:\/\/www.iplay.com\/it\/wp-json\/wp\/v2\/product"}],"about":[{"href":"https:\/\/www.iplay.com\/it\/wp-json\/wp\/v2\/types\/product"}],"author":[{"embeddable":true,"href":"https:\/\/www.iplay.com\/it\/wp-json\/wp\/v2\/users\/320"}],"replies":[{"embeddable":true,"href":"https:\/\/www.iplay.com\/it\/wp-json\/wp\/v2\/comments?post=127424"}],"wp:featuredmedia":[{"embeddable":true,"href":"https:\/\/www.iplay.com\/it\/wp-json\/wp\/v2\/media\/127395"}],"wp:attachment":[{"href":"https:\/\/www.iplay.com\/it\/wp-json\/wp\/v2\/media?parent=127424"}],"wp:term":[{"taxonomy":"product_brand","embeddable":true,"href":"https:\/\/www.iplay.com\/it\/wp-json\/wp\/v2\/product_brand?post=127424"},{"taxonomy":"product_cat","embeddable":true,"href":"https:\/\/www.iplay.com\/it\/wp-json\/wp\/v2\/product_cat?post=127424"},{"taxonomy":"product_tag","embeddable":true,"href":"https:\/\/www.iplay.com\/it\/wp-json\/wp\/v2\/product_tag?post=127424"}],"curies":[{"name":"wp","href":"https:\/\/api.w.org\/{rel}","templated":true}]}}