{"id":126889,"date":"2025-03-03T09:30:11","date_gmt":"2025-03-03T09:30:11","guid":{"rendered":"https:\/\/www.iplay.com\/games\/coloring-book\/"},"modified":"2025-03-03T09:30:11","modified_gmt":"2025-03-03T09:30:11","slug":"coloring-book","status":"publish","type":"product","link":"https:\/\/www.iplay.com\/it\/games\/coloring-book\/","title":{"rendered":"Coloring Book"},"content":{"rendered":"<p>Un regno vibrante pieno di colori accattivanti, personaggi affascinanti e forme giocose aspetta di essere esplorato. Questo delizioso gioco \u00e8 stato realizzato con contenuti di alto livello, attraverso i quali \u00e8 assicurata un&#8217;esperienza piacevole per tutti. Divertimento, coinvolgimento e alta qualit\u00e0 sono la priorit\u00e0 come principi di progettazione fondamentali in questa avventura da colorare. Non c&#8217;\u00e8 dubbio: \u00e8 stato creato un successo per tutte le et\u00e0!   <\/p>\n<p>&nbsp;<\/p>\n<p><strong>Tratti somatici<\/strong><\/p>\n<ul>\n<li><em>Esperienza di colorazione premium<\/em> &#8211; Pagine incontaminate e sfondi vividi sono forniti in questo delizioso libro da colorare digitale.<\/li>\n<li><em>Artigianato professionale<\/em> &#8211; Le illustrazioni sono create professionalmente dal nostro talentuoso artista interno, garantendo una qualit\u00e0 eccezionale.<\/li>\n<li><em>Diverse collezioni a tema<\/em> &#8211; Sono inclusi cinque album unici: Animali, Alimenti, Esterni, Veicoli e Principesse, attraverso i quali vengono soddisfatti vari interessi di colorazione.<\/li>\n<li><em>Design intuitivo<\/em> &#8211; Viene implementata un&#8217;interfaccia utente semplice ma coinvolgente, che consente un divertimento immediato senza una curva di apprendimento.<\/li>\n<li><em>Navigazione senza soluzione di continuit\u00e0<\/em> &#8211; \u00c8 incorporato un sistema di navigazione intuitivo, grazie al quale lo spostamento tra le illustrazioni e le raccolte \u00e8 facilitato.<\/li>\n<\/ul>\n<p>&nbsp;<\/p>\n<p>L&#8217;espressione artistica pu\u00f2 essere apprezzata da coloristi di tutti i livelli, dai principianti agli artisti esperti. Ore di relax creativo sono fornite attraverso questa avventura da colorare progettata con cura, in cui l&#8217;immaginazione \u00e8 liberata e le abilit\u00e0 artistiche sono sviluppate al proprio ritmo.<\/p>\n","protected":false},"excerpt":{"rendered":"<p>Immergiti in un mondo di colori vivaci e temi adorabili con il nostro libro da colorare &#8211; Perfetto per tutte le et\u00e0, offre infinite possibilit\u00e0 creative per esprimerti e rilassarti.<\/p>\n","protected":false},"author":320,"featured_media":126856,"comment_status":"open","ping_status":"closed","template":"","meta":{"_acf_changed":false,"inline_featured_image":false},"product_brand":[],"product_cat":[186,200],"product_tag":[290],"class_list":{"0":"post-126889","1":"product","2":"type-product","3":"status-publish","4":"has-post-thumbnail","6":"product_cat-paint-by-numbers-series-it","7":"product_cat-removed-content-it","8":"product_tag-play-on-pc-it","10":"first","11":"instock","12":"shipping-taxable","13":"purchasable","14":"product-type-simple"},"acf":[],"yoast_head":"<!-- This site is optimized with the Yoast SEO Premium plugin v25.2 (Yoast SEO v25.2) - https:\/\/yoast.com\/wordpress\/plugins\/seo\/ -->\n<title>Libro da colorare: divertimento vibrante con temi adorabili e creativit\u00e0<\/title>\n<meta name=\"description\" content=\"Immergiti in un mondo di colori vivaci e temi adorabili con il nostro libro da colorare - Perfetto per tutte le et\u00e0, offre infinite possibilit\u00e0 creative per esprimerti e rilassarti.\" \/>\n<meta name=\"robots\" content=\"index, follow, max-snippet:-1, max-image-preview:large, max-video-preview:-1\" \/>\n<link rel=\"canonical\" href=\"https:\/\/www.iplay.com\/it\/games\/coloring-book\/\" \/>\n<meta property=\"og:locale\" content=\"it_IT\" \/>\n<meta property=\"og:type\" content=\"article\" \/>\n<meta property=\"og:title\" content=\"Coloring Book\" \/>\n<meta property=\"og:description\" content=\"Immergiti in un mondo di colori vivaci e temi adorabili con il nostro libro da colorare - Perfetto per tutte le et\u00e0, offre infinite possibilit\u00e0 creative per esprimerti e rilassarti.\" \/>\n<meta property=\"og:url\" content=\"https:\/\/www.iplay.com\/it\/games\/coloring-book\/\" \/>\n<meta property=\"og:site_name\" content=\"IPlay\" \/>\n<meta property=\"og:image\" content=\"https:\/\/www.iplay.com\/wp-content\/uploads\/2025\/03\/coloring_book_large_video_screenshot.webp\" \/>\n\t<meta property=\"og:image:width\" content=\"715\" \/>\n\t<meta property=\"og:image:height\" content=\"485\" \/>\n\t<meta property=\"og:image:type\" content=\"image\/webp\" \/>\n<meta name=\"twitter:card\" content=\"summary_large_image\" \/>\n<meta name=\"twitter:label1\" content=\"Est. reading time\" \/>\n\t<meta name=\"twitter:data1\" content=\"1 minuto\" \/>\n<script type=\"application\/ld+json\" class=\"yoast-schema-graph\">{\"@context\":\"https:\/\/schema.org\",\"@graph\":[{\"@type\":\"WebPage\",\"@id\":\"https:\/\/www.iplay.com\/it\/games\/coloring-book\/\",\"url\":\"https:\/\/www.iplay.com\/it\/games\/coloring-book\/\",\"name\":\"Libro da colorare: divertimento vibrante con temi adorabili e creativit\u00e0\",\"isPartOf\":{\"@id\":\"https:\/\/www.iplay.com\/en\/#website\"},\"primaryImageOfPage\":{\"@id\":\"https:\/\/www.iplay.com\/it\/games\/coloring-book\/#primaryimage\"},\"image\":{\"@id\":\"https:\/\/www.iplay.com\/it\/games\/coloring-book\/#primaryimage\"},\"thumbnailUrl\":\"https:\/\/www.iplay.com\/wp-content\/uploads\/2025\/03\/coloring_book_large_square_tile_image.webp\",\"datePublished\":\"2025-03-03T09:30:11+00:00\",\"description\":\"Immergiti in un mondo di colori vivaci e temi adorabili con il nostro libro da colorare - Perfetto per tutte le et\u00e0, offre infinite possibilit\u00e0 creative per esprimerti e rilassarti.\",\"breadcrumb\":{\"@id\":\"https:\/\/www.iplay.com\/it\/games\/coloring-book\/#breadcrumb\"},\"inLanguage\":\"it-IT\",\"potentialAction\":[{\"@type\":\"ReadAction\",\"target\":[\"https:\/\/www.iplay.com\/it\/games\/coloring-book\/\"]}]},{\"@type\":\"ImageObject\",\"inLanguage\":\"it-IT\",\"@id\":\"https:\/\/www.iplay.com\/it\/games\/coloring-book\/#primaryimage\",\"url\":\"https:\/\/www.iplay.com\/wp-content\/uploads\/2025\/03\/coloring_book_large_square_tile_image.webp\",\"contentUrl\":\"https:\/\/www.iplay.com\/wp-content\/uploads\/2025\/03\/coloring_book_large_square_tile_image.webp\",\"width\":400,\"height\":400},{\"@type\":\"BreadcrumbList\",\"@id\":\"https:\/\/www.iplay.com\/it\/games\/coloring-book\/#breadcrumb\",\"itemListElement\":[{\"@type\":\"ListItem\",\"position\":1,\"name\":\"Home\",\"item\":\"https:\/\/www.iplay.com\/it\/home-page-2\/\"},{\"@type\":\"ListItem\",\"position\":2,\"name\":\"Shop\",\"item\":\"https:\/\/www.iplay.com\/en\/shop\/\"},{\"@type\":\"ListItem\",\"position\":3,\"name\":\"Coloring Book\"}]},{\"@type\":\"WebSite\",\"@id\":\"https:\/\/www.iplay.com\/en\/#website\",\"url\":\"https:\/\/www.iplay.com\/en\/\",\"name\":\"IPlay\",\"description\":\"The Best Casual Games!\",\"publisher\":{\"@id\":\"https:\/\/www.iplay.com\/en\/#organization\"},\"potentialAction\":[{\"@type\":\"SearchAction\",\"target\":{\"@type\":\"EntryPoint\",\"urlTemplate\":\"https:\/\/www.iplay.com\/en\/?s={search_term_string}\"},\"query-input\":{\"@type\":\"PropertyValueSpecification\",\"valueRequired\":true,\"valueName\":\"search_term_string\"}}],\"inLanguage\":\"it-IT\"},{\"@type\":\"Organization\",\"@id\":\"https:\/\/www.iplay.com\/en\/#organization\",\"name\":\"IPlay\",\"url\":\"https:\/\/www.iplay.com\/en\/\",\"logo\":{\"@type\":\"ImageObject\",\"inLanguage\":\"it-IT\",\"@id\":\"https:\/\/www.iplay.com\/en\/#\/schema\/logo\/image\/\",\"url\":\"https:\/\/www.iplay.com\/wp-content\/uploads\/2023\/11\/Group-6100.svg\",\"contentUrl\":\"https:\/\/www.iplay.com\/wp-content\/uploads\/2023\/11\/Group-6100.svg\",\"width\":98,\"height\":25,\"caption\":\"IPlay\"},\"image\":{\"@id\":\"https:\/\/www.iplay.com\/en\/#\/schema\/logo\/image\/\"}}]}<\/script>\n<!-- \/ Yoast SEO Premium plugin. -->","yoast_head_json":{"title":"Libro da colorare: divertimento vibrante con temi adorabili e creativit\u00e0","description":"Immergiti in un mondo di colori vivaci e temi adorabili con il nostro libro da colorare - Perfetto per tutte le et\u00e0, offre infinite possibilit\u00e0 creative per esprimerti e rilassarti.","robots":{"index":"index","follow":"follow","max-snippet":"max-snippet:-1","max-image-preview":"max-image-preview:large","max-video-preview":"max-video-preview:-1"},"canonical":"https:\/\/www.iplay.com\/it\/games\/coloring-book\/","og_locale":"it_IT","og_type":"article","og_title":"Coloring Book","og_description":"Immergiti in un mondo di colori vivaci e temi adorabili con il nostro libro da colorare - Perfetto per tutte le et\u00e0, offre infinite possibilit\u00e0 creative per esprimerti e rilassarti.","og_url":"https:\/\/www.iplay.com\/it\/games\/coloring-book\/","og_site_name":"IPlay","og_image":[{"width":715,"height":485,"url":"https:\/\/www.iplay.com\/wp-content\/uploads\/2025\/03\/coloring_book_large_video_screenshot.webp","type":"image\/webp"}],"twitter_card":"summary_large_image","twitter_misc":{"Est. reading time":"1 minuto"},"schema":{"@context":"https:\/\/schema.org","@graph":[{"@type":"WebPage","@id":"https:\/\/www.iplay.com\/it\/games\/coloring-book\/","url":"https:\/\/www.iplay.com\/it\/games\/coloring-book\/","name":"Libro da colorare: divertimento vibrante con temi adorabili e creativit\u00e0","isPartOf":{"@id":"https:\/\/www.iplay.com\/en\/#website"},"primaryImageOfPage":{"@id":"https:\/\/www.iplay.com\/it\/games\/coloring-book\/#primaryimage"},"image":{"@id":"https:\/\/www.iplay.com\/it\/games\/coloring-book\/#primaryimage"},"thumbnailUrl":"https:\/\/www.iplay.com\/wp-content\/uploads\/2025\/03\/coloring_book_large_square_tile_image.webp","datePublished":"2025-03-03T09:30:11+00:00","description":"Immergiti in un mondo di colori vivaci e temi adorabili con il nostro libro da colorare - Perfetto per tutte le et\u00e0, offre infinite possibilit\u00e0 creative per esprimerti e rilassarti.","breadcrumb":{"@id":"https:\/\/www.iplay.com\/it\/games\/coloring-book\/#breadcrumb"},"inLanguage":"it-IT","potentialAction":[{"@type":"ReadAction","target":["https:\/\/www.iplay.com\/it\/games\/coloring-book\/"]}]},{"@type":"ImageObject","inLanguage":"it-IT","@id":"https:\/\/www.iplay.com\/it\/games\/coloring-book\/#primaryimage","url":"https:\/\/www.iplay.com\/wp-content\/uploads\/2025\/03\/coloring_book_large_square_tile_image.webp","contentUrl":"https:\/\/www.iplay.com\/wp-content\/uploads\/2025\/03\/coloring_book_large_square_tile_image.webp","width":400,"height":400},{"@type":"BreadcrumbList","@id":"https:\/\/www.iplay.com\/it\/games\/coloring-book\/#breadcrumb","itemListElement":[{"@type":"ListItem","position":1,"name":"Home","item":"https:\/\/www.iplay.com\/it\/home-page-2\/"},{"@type":"ListItem","position":2,"name":"Shop","item":"https:\/\/www.iplay.com\/en\/shop\/"},{"@type":"ListItem","position":3,"name":"Coloring Book"}]},{"@type":"WebSite","@id":"https:\/\/www.iplay.com\/en\/#website","url":"https:\/\/www.iplay.com\/en\/","name":"IPlay","description":"The Best Casual Games!","publisher":{"@id":"https:\/\/www.iplay.com\/en\/#organization"},"potentialAction":[{"@type":"SearchAction","target":{"@type":"EntryPoint","urlTemplate":"https:\/\/www.iplay.com\/en\/?s={search_term_string}"},"query-input":{"@type":"PropertyValueSpecification","valueRequired":true,"valueName":"search_term_string"}}],"inLanguage":"it-IT"},{"@type":"Organization","@id":"https:\/\/www.iplay.com\/en\/#organization","name":"IPlay","url":"https:\/\/www.iplay.com\/en\/","logo":{"@type":"ImageObject","inLanguage":"it-IT","@id":"https:\/\/www.iplay.com\/en\/#\/schema\/logo\/image\/","url":"https:\/\/www.iplay.com\/wp-content\/uploads\/2023\/11\/Group-6100.svg","contentUrl":"https:\/\/www.iplay.com\/wp-content\/uploads\/2023\/11\/Group-6100.svg","width":98,"height":25,"caption":"IPlay"},"image":{"@id":"https:\/\/www.iplay.com\/en\/#\/schema\/logo\/image\/"}}]}},"_links":{"self":[{"href":"https:\/\/www.iplay.com\/it\/wp-json\/wp\/v2\/product\/126889","targetHints":{"allow":["GET"]}}],"collection":[{"href":"https:\/\/www.iplay.com\/it\/wp-json\/wp\/v2\/product"}],"about":[{"href":"https:\/\/www.iplay.com\/it\/wp-json\/wp\/v2\/types\/product"}],"author":[{"embeddable":true,"href":"https:\/\/www.iplay.com\/it\/wp-json\/wp\/v2\/users\/320"}],"replies":[{"embeddable":true,"href":"https:\/\/www.iplay.com\/it\/wp-json\/wp\/v2\/comments?post=126889"}],"wp:featuredmedia":[{"embeddable":true,"href":"https:\/\/www.iplay.com\/it\/wp-json\/wp\/v2\/media\/126856"}],"wp:attachment":[{"href":"https:\/\/www.iplay.com\/it\/wp-json\/wp\/v2\/media?parent=126889"}],"wp:term":[{"taxonomy":"product_brand","embeddable":true,"href":"https:\/\/www.iplay.com\/it\/wp-json\/wp\/v2\/product_brand?post=126889"},{"taxonomy":"product_cat","embeddable":true,"href":"https:\/\/www.iplay.com\/it\/wp-json\/wp\/v2\/product_cat?post=126889"},{"taxonomy":"product_tag","embeddable":true,"href":"https:\/\/www.iplay.com\/it\/wp-json\/wp\/v2\/product_tag?post=126889"}],"curies":[{"name":"wp","href":"https:\/\/api.w.org\/{rel}","templated":true}]}}