{"id":126767,"date":"2024-11-04T09:00:37","date_gmt":"2024-11-04T09:00:37","guid":{"rendered":"https:\/\/www.iplay.com\/games\/modern-art-51\/"},"modified":"2024-11-04T09:00:37","modified_gmt":"2024-11-04T09:00:37","slug":"modern-art-51","status":"publish","type":"product","link":"https:\/\/www.iplay.com\/it\/games\/modern-art-51\/","title":{"rendered":"Modern Art 51"},"content":{"rendered":"<p>Dare vita all&#8217;arte non \u00e8 mai stato cos\u00ec facile! La preoccupazione di selezionare i colori perfetti pu\u00f2 essere messa da parte: basta sedersi, rilassarsi e tuffarsi in un viaggio creativo. Viene fornita un&#8217;ampia variet\u00e0 di immagini accattivanti, che ti consentono di seguire i numeri per dare vita a ogni pezzo con facilit\u00e0. Perfetto per rilassarsi mentre si coltiva il proprio lato creativo, questo approccio basato sui numeri rende la creazione di splendide opere d&#8217;arte senza sforzo.   <\/p>\n<p><strong>Tratti somatici<\/strong><\/p>\n<ul>\n<li>64 immagini mozzafiato: \u00e8 inclusa una vasta selezione di immagini deliziose, ognuna progettata per portare gioia e creativit\u00e0 a portata di mano.<\/li>\n<li>Relax e divertimento senza sforzo: goditi infinite ore di relax, con ogni immagine che offre un&#8217;esperienza rilassante e coinvolgente mentre i colori si dispiegano attraverso i numeri.<\/li>\n<\/ul>\n<p>&nbsp;<\/p>\n<p>Ogni sessione invita a una pausa tranquilla, lasciando fluire la creativit\u00e0 senza alcun bisogno di prendere decisioni complesse. Che tu sia un amante dell&#8217;arte o un principiante della pittura, questo metodo semplice e divertente lo rende accessibile a tutti per rilassarsi ed esplorare la creativit\u00e0. Tuffati e guarda la tua arte sbocciare senza sforzo!<\/p>\n","protected":false},"excerpt":{"rendered":"<p>Dare vita all&#8217;arte non \u00e8 mai stato cos\u00ec facile: basta sedersi, rilassarsi e tuffarsi in un viaggio creativo.<\/p>\n","protected":false},"author":21,"featured_media":124462,"comment_status":"open","ping_status":"closed","template":"","meta":{"_acf_changed":false,"inline_featured_image":false},"product_brand":[],"product_cat":[186],"product_tag":[290],"class_list":{"0":"post-126767","1":"product","2":"type-product","3":"status-publish","4":"has-post-thumbnail","6":"product_cat-paint-by-numbers-series-it","7":"product_tag-play-on-pc-it","9":"first","10":"instock","11":"shipping-taxable","12":"purchasable","13":"product-type-simple"},"acf":[],"yoast_head":"<!-- This site is optimized with the Yoast SEO Premium plugin v25.2 (Yoast SEO v25.2) - https:\/\/yoast.com\/wordpress\/plugins\/seo\/ -->\n<title>Un modo tranquillo per divertirsi con i puzzle in pixel art con Modern Art 51!<\/title>\n<meta name=\"description\" content=\"Dare vita all&#039;arte non \u00e8 mai stato cos\u00ec facile: basta sedersi, rilassarsi e tuffarsi in un viaggio creativo.\" \/>\n<meta name=\"robots\" content=\"index, follow, max-snippet:-1, max-image-preview:large, max-video-preview:-1\" \/>\n<link rel=\"canonical\" href=\"https:\/\/www.iplay.com\/it\/games\/modern-art-51\/\" \/>\n<meta property=\"og:locale\" content=\"it_IT\" \/>\n<meta property=\"og:type\" content=\"article\" \/>\n<meta property=\"og:title\" content=\"Modern Art 51\" \/>\n<meta property=\"og:description\" content=\"Dare vita all&#039;arte non \u00e8 mai stato cos\u00ec facile: basta sedersi, rilassarsi e tuffarsi in un viaggio creativo.\" \/>\n<meta property=\"og:url\" content=\"https:\/\/www.iplay.com\/it\/games\/modern-art-51\/\" \/>\n<meta property=\"og:site_name\" content=\"IPlay\" \/>\n<meta property=\"og:image\" content=\"https:\/\/www.iplay.com\/wp-content\/uploads\/2024\/11\/400x400-modern_art_51_large_square_tile_image.webp\" \/>\n\t<meta property=\"og:image:width\" content=\"400\" \/>\n\t<meta property=\"og:image:height\" content=\"400\" \/>\n\t<meta property=\"og:image:type\" content=\"image\/webp\" \/>\n<meta name=\"twitter:card\" content=\"summary_large_image\" \/>\n<meta name=\"twitter:label1\" content=\"Est. reading time\" \/>\n\t<meta name=\"twitter:data1\" content=\"1 minuto\" \/>\n<script type=\"application\/ld+json\" class=\"yoast-schema-graph\">{\"@context\":\"https:\/\/schema.org\",\"@graph\":[{\"@type\":\"WebPage\",\"@id\":\"https:\/\/www.iplay.com\/it\/games\/modern-art-51\/\",\"url\":\"https:\/\/www.iplay.com\/it\/games\/modern-art-51\/\",\"name\":\"Un modo tranquillo per divertirsi con i puzzle in pixel art con Modern Art 51!\",\"isPartOf\":{\"@id\":\"https:\/\/www.iplay.com\/en\/#website\"},\"primaryImageOfPage\":{\"@id\":\"https:\/\/www.iplay.com\/it\/games\/modern-art-51\/#primaryimage\"},\"image\":{\"@id\":\"https:\/\/www.iplay.com\/it\/games\/modern-art-51\/#primaryimage\"},\"thumbnailUrl\":\"https:\/\/www.iplay.com\/wp-content\/uploads\/2024\/11\/400x400-modern_art_51_large_square_tile_image.webp\",\"datePublished\":\"2024-11-04T09:00:37+00:00\",\"description\":\"Dare vita all'arte non \u00e8 mai stato cos\u00ec facile: basta sedersi, rilassarsi e tuffarsi in un viaggio creativo.\",\"breadcrumb\":{\"@id\":\"https:\/\/www.iplay.com\/it\/games\/modern-art-51\/#breadcrumb\"},\"inLanguage\":\"it-IT\",\"potentialAction\":[{\"@type\":\"ReadAction\",\"target\":[\"https:\/\/www.iplay.com\/it\/games\/modern-art-51\/\"]}]},{\"@type\":\"ImageObject\",\"inLanguage\":\"it-IT\",\"@id\":\"https:\/\/www.iplay.com\/it\/games\/modern-art-51\/#primaryimage\",\"url\":\"https:\/\/www.iplay.com\/wp-content\/uploads\/2024\/11\/400x400-modern_art_51_large_square_tile_image.webp\",\"contentUrl\":\"https:\/\/www.iplay.com\/wp-content\/uploads\/2024\/11\/400x400-modern_art_51_large_square_tile_image.webp\",\"width\":400,\"height\":400},{\"@type\":\"BreadcrumbList\",\"@id\":\"https:\/\/www.iplay.com\/it\/games\/modern-art-51\/#breadcrumb\",\"itemListElement\":[{\"@type\":\"ListItem\",\"position\":1,\"name\":\"Home\",\"item\":\"https:\/\/www.iplay.com\/it\/home-page-2\/\"},{\"@type\":\"ListItem\",\"position\":2,\"name\":\"Shop\",\"item\":\"https:\/\/www.iplay.com\/en\/shop\/\"},{\"@type\":\"ListItem\",\"position\":3,\"name\":\"Modern Art 51\"}]},{\"@type\":\"WebSite\",\"@id\":\"https:\/\/www.iplay.com\/en\/#website\",\"url\":\"https:\/\/www.iplay.com\/en\/\",\"name\":\"IPlay\",\"description\":\"The Best Casual Games!\",\"publisher\":{\"@id\":\"https:\/\/www.iplay.com\/en\/#organization\"},\"potentialAction\":[{\"@type\":\"SearchAction\",\"target\":{\"@type\":\"EntryPoint\",\"urlTemplate\":\"https:\/\/www.iplay.com\/en\/?s={search_term_string}\"},\"query-input\":{\"@type\":\"PropertyValueSpecification\",\"valueRequired\":true,\"valueName\":\"search_term_string\"}}],\"inLanguage\":\"it-IT\"},{\"@type\":\"Organization\",\"@id\":\"https:\/\/www.iplay.com\/en\/#organization\",\"name\":\"IPlay\",\"url\":\"https:\/\/www.iplay.com\/en\/\",\"logo\":{\"@type\":\"ImageObject\",\"inLanguage\":\"it-IT\",\"@id\":\"https:\/\/www.iplay.com\/en\/#\/schema\/logo\/image\/\",\"url\":\"https:\/\/www.iplay.com\/wp-content\/uploads\/2023\/11\/Group-6100.svg\",\"contentUrl\":\"https:\/\/www.iplay.com\/wp-content\/uploads\/2023\/11\/Group-6100.svg\",\"width\":98,\"height\":25,\"caption\":\"IPlay\"},\"image\":{\"@id\":\"https:\/\/www.iplay.com\/en\/#\/schema\/logo\/image\/\"}}]}<\/script>\n<!-- \/ Yoast SEO Premium plugin. -->","yoast_head_json":{"title":"Un modo tranquillo per divertirsi con i puzzle in pixel art con Modern Art 51!","description":"Dare vita all'arte non \u00e8 mai stato cos\u00ec facile: basta sedersi, rilassarsi e tuffarsi in un viaggio creativo.","robots":{"index":"index","follow":"follow","max-snippet":"max-snippet:-1","max-image-preview":"max-image-preview:large","max-video-preview":"max-video-preview:-1"},"canonical":"https:\/\/www.iplay.com\/it\/games\/modern-art-51\/","og_locale":"it_IT","og_type":"article","og_title":"Modern Art 51","og_description":"Dare vita all'arte non \u00e8 mai stato cos\u00ec facile: basta sedersi, rilassarsi e tuffarsi in un viaggio creativo.","og_url":"https:\/\/www.iplay.com\/it\/games\/modern-art-51\/","og_site_name":"IPlay","og_image":[{"width":400,"height":400,"url":"https:\/\/www.iplay.com\/wp-content\/uploads\/2024\/11\/400x400-modern_art_51_large_square_tile_image.webp","type":"image\/webp"}],"twitter_card":"summary_large_image","twitter_misc":{"Est. reading time":"1 minuto"},"schema":{"@context":"https:\/\/schema.org","@graph":[{"@type":"WebPage","@id":"https:\/\/www.iplay.com\/it\/games\/modern-art-51\/","url":"https:\/\/www.iplay.com\/it\/games\/modern-art-51\/","name":"Un modo tranquillo per divertirsi con i puzzle in pixel art con Modern Art 51!","isPartOf":{"@id":"https:\/\/www.iplay.com\/en\/#website"},"primaryImageOfPage":{"@id":"https:\/\/www.iplay.com\/it\/games\/modern-art-51\/#primaryimage"},"image":{"@id":"https:\/\/www.iplay.com\/it\/games\/modern-art-51\/#primaryimage"},"thumbnailUrl":"https:\/\/www.iplay.com\/wp-content\/uploads\/2024\/11\/400x400-modern_art_51_large_square_tile_image.webp","datePublished":"2024-11-04T09:00:37+00:00","description":"Dare vita all'arte non \u00e8 mai stato cos\u00ec facile: basta sedersi, rilassarsi e tuffarsi in un viaggio creativo.","breadcrumb":{"@id":"https:\/\/www.iplay.com\/it\/games\/modern-art-51\/#breadcrumb"},"inLanguage":"it-IT","potentialAction":[{"@type":"ReadAction","target":["https:\/\/www.iplay.com\/it\/games\/modern-art-51\/"]}]},{"@type":"ImageObject","inLanguage":"it-IT","@id":"https:\/\/www.iplay.com\/it\/games\/modern-art-51\/#primaryimage","url":"https:\/\/www.iplay.com\/wp-content\/uploads\/2024\/11\/400x400-modern_art_51_large_square_tile_image.webp","contentUrl":"https:\/\/www.iplay.com\/wp-content\/uploads\/2024\/11\/400x400-modern_art_51_large_square_tile_image.webp","width":400,"height":400},{"@type":"BreadcrumbList","@id":"https:\/\/www.iplay.com\/it\/games\/modern-art-51\/#breadcrumb","itemListElement":[{"@type":"ListItem","position":1,"name":"Home","item":"https:\/\/www.iplay.com\/it\/home-page-2\/"},{"@type":"ListItem","position":2,"name":"Shop","item":"https:\/\/www.iplay.com\/en\/shop\/"},{"@type":"ListItem","position":3,"name":"Modern Art 51"}]},{"@type":"WebSite","@id":"https:\/\/www.iplay.com\/en\/#website","url":"https:\/\/www.iplay.com\/en\/","name":"IPlay","description":"The Best Casual Games!","publisher":{"@id":"https:\/\/www.iplay.com\/en\/#organization"},"potentialAction":[{"@type":"SearchAction","target":{"@type":"EntryPoint","urlTemplate":"https:\/\/www.iplay.com\/en\/?s={search_term_string}"},"query-input":{"@type":"PropertyValueSpecification","valueRequired":true,"valueName":"search_term_string"}}],"inLanguage":"it-IT"},{"@type":"Organization","@id":"https:\/\/www.iplay.com\/en\/#organization","name":"IPlay","url":"https:\/\/www.iplay.com\/en\/","logo":{"@type":"ImageObject","inLanguage":"it-IT","@id":"https:\/\/www.iplay.com\/en\/#\/schema\/logo\/image\/","url":"https:\/\/www.iplay.com\/wp-content\/uploads\/2023\/11\/Group-6100.svg","contentUrl":"https:\/\/www.iplay.com\/wp-content\/uploads\/2023\/11\/Group-6100.svg","width":98,"height":25,"caption":"IPlay"},"image":{"@id":"https:\/\/www.iplay.com\/en\/#\/schema\/logo\/image\/"}}]}},"_links":{"self":[{"href":"https:\/\/www.iplay.com\/it\/wp-json\/wp\/v2\/product\/126767","targetHints":{"allow":["GET"]}}],"collection":[{"href":"https:\/\/www.iplay.com\/it\/wp-json\/wp\/v2\/product"}],"about":[{"href":"https:\/\/www.iplay.com\/it\/wp-json\/wp\/v2\/types\/product"}],"author":[{"embeddable":true,"href":"https:\/\/www.iplay.com\/it\/wp-json\/wp\/v2\/users\/21"}],"replies":[{"embeddable":true,"href":"https:\/\/www.iplay.com\/it\/wp-json\/wp\/v2\/comments?post=126767"}],"wp:featuredmedia":[{"embeddable":true,"href":"https:\/\/www.iplay.com\/it\/wp-json\/wp\/v2\/media\/124462"}],"wp:attachment":[{"href":"https:\/\/www.iplay.com\/it\/wp-json\/wp\/v2\/media?parent=126767"}],"wp:term":[{"taxonomy":"product_brand","embeddable":true,"href":"https:\/\/www.iplay.com\/it\/wp-json\/wp\/v2\/product_brand?post=126767"},{"taxonomy":"product_cat","embeddable":true,"href":"https:\/\/www.iplay.com\/it\/wp-json\/wp\/v2\/product_cat?post=126767"},{"taxonomy":"product_tag","embeddable":true,"href":"https:\/\/www.iplay.com\/it\/wp-json\/wp\/v2\/product_tag?post=126767"}],"curies":[{"name":"wp","href":"https:\/\/api.w.org\/{rel}","templated":true}]}}