{"id":126739,"date":"2024-11-22T09:00:56","date_gmt":"2024-11-22T09:00:56","guid":{"rendered":"https:\/\/www.iplay.com\/games\/caravan-quest-discover-america\/"},"modified":"2024-11-22T09:00:56","modified_gmt":"2024-11-22T09:00:56","slug":"caravan-quest-discover-america","status":"publish","type":"product","link":"https:\/\/www.iplay.com\/it\/games\/caravan-quest-discover-america\/","title":{"rendered":"Caravan Quest: Discover America"},"content":{"rendered":"<p>Preparati a lasciarti affascinare dalla bellezza dei campeggi pi\u00f9 magnifici d&#8217;America. Dalle imponenti vette delle aspre catene montuose alle serene rive dei laghi e alle oasi boscose nascoste, un&#8217;avventura ti aspetta in Caravan Quest: Discover America. Questo viaggio ti invita a esplorare campeggi iconici e natura incontaminata, scoprendo innumerevoli segreti lungo il percorso. Il fascino delle meraviglie naturali americane prende vita mentre i giocatori attraversano sentieri panoramici e paesaggi mozzafiato. Con una grafica fotorealistica e un gameplay coinvolgente, ogni luogo sembra vivo, pieno di tesori nascosti e sorprese che aspettano di essere scoperte. Dai tranquilli panorami del deserto ai lussureggianti rifugi nei boschi, ogni tappa di questo viaggio offre un&#8217;opportunit\u00e0 unica per entrare in contatto con i grandi spazi aperti. Che tu stia cercando l&#8217;avventura o la tranquillit\u00e0, c&#8217;\u00e8 qualcosa di speciale da scoprire in ogni angolo di questa esperienza di campeggio virtuale.      <\/p>\n<p><strong>Tratti somatici  <\/strong><\/p>\n<ul>\n<li><em>Oltre 1.000 oggetti nascosti da scoprire<\/em> &#8211; Perlustra i campeggi alla ricerca di oggetti ben nascosti, ognuno dei quali aggiunge un ulteriore livello di eccitazione e sfida.<\/li>\n<li><em>Esplora dozzine di campeggi<\/em> &#8211; Visita una variet\u00e0 di luoghi mozzafiato, ognuno dei quali offre la sua bellezza e le sue sorprese uniche.<\/li>\n<li><em>Quattro modalit\u00e0 di gioco uniche<\/em> &#8211; Scegli la modalit\u00e0 che si adatta al tuo stile di gioco, sia che tu preferisca un&#8217;esplorazione rilassata o una sfida a tempo.<\/li>\n<li><em>Immagini fotorealistiche<\/em> &#8211; Goditi ambienti straordinariamente dettagliati che portano la bellezza della natura direttamente sul tuo schermo.<\/li>\n<\/ul>\n<p>&nbsp;<\/p>\n<p>Con la sua grafica accattivante, il gameplay avvincente e un&#8217;ampia variet\u00e0 di luoghi da esplorare, Caravan Quest: Discover America \u00e8 il tuo biglietto per un&#8217;esperienza di campeggio indimenticabile.<\/p>\n<p>&nbsp;<\/p>\n","protected":false},"excerpt":{"rendered":"<p>Immergiti nei grandi spazi aperti e scopri i segreti nascosti nei luoghi di campeggio pi\u00f9 iconici d&#8217;America in <strong>Caravan Quest: Discover America<\/strong><\/p>\n","protected":false},"author":120,"featured_media":125126,"comment_status":"open","ping_status":"closed","template":"","meta":{"_acf_changed":false,"inline_featured_image":false},"product_brand":[],"product_cat":[163],"product_tag":[290],"class_list":{"0":"post-126739","1":"product","2":"type-product","3":"status-publish","4":"has-post-thumbnail","6":"product_cat-hidden-object-it","7":"product_tag-play-on-pc-it","9":"first","10":"instock","11":"shipping-taxable","12":"purchasable","13":"product-type-simple"},"acf":[],"yoast_head":"<!-- This site is optimized with the Yoast SEO Premium plugin v25.2 (Yoast SEO v25.2) - https:\/\/yoast.com\/wordpress\/plugins\/seo\/ -->\n<title>Caravan Quest: Discover America \u00e8 la tua prossima avventura in campeggio!<\/title>\n<meta name=\"description\" content=\"Immergiti nei grandi spazi aperti e scopri i segreti nascosti nei luoghi di campeggio pi\u00f9 iconici d&#039;America in Caravan Quest: Discover America\" \/>\n<meta name=\"robots\" content=\"index, follow, max-snippet:-1, max-image-preview:large, max-video-preview:-1\" \/>\n<link rel=\"canonical\" href=\"https:\/\/www.iplay.com\/it\/games\/caravan-quest-discover-america\/\" \/>\n<meta property=\"og:locale\" content=\"it_IT\" \/>\n<meta property=\"og:type\" content=\"article\" \/>\n<meta property=\"og:title\" content=\"Caravan Quest: Discover America\" \/>\n<meta property=\"og:description\" content=\"Immergiti nei grandi spazi aperti e scopri i segreti nascosti nei luoghi di campeggio pi\u00f9 iconici d&#039;America in Caravan Quest: Discover America\" \/>\n<meta property=\"og:url\" content=\"https:\/\/www.iplay.com\/it\/games\/caravan-quest-discover-america\/\" \/>\n<meta property=\"og:site_name\" content=\"IPlay\" \/>\n<meta property=\"og:image\" content=\"https:\/\/www.iplay.com\/wp-content\/uploads\/2024\/11\/caravan_quest_discover_america_large_square_tile_image.webp\" \/>\n\t<meta property=\"og:image:width\" content=\"400\" \/>\n\t<meta property=\"og:image:height\" content=\"400\" \/>\n\t<meta property=\"og:image:type\" content=\"image\/webp\" \/>\n<meta name=\"twitter:card\" content=\"summary_large_image\" \/>\n<meta name=\"twitter:label1\" content=\"Est. reading time\" \/>\n\t<meta name=\"twitter:data1\" content=\"1 minuto\" \/>\n<script type=\"application\/ld+json\" class=\"yoast-schema-graph\">{\"@context\":\"https:\/\/schema.org\",\"@graph\":[{\"@type\":\"WebPage\",\"@id\":\"https:\/\/www.iplay.com\/it\/games\/caravan-quest-discover-america\/\",\"url\":\"https:\/\/www.iplay.com\/it\/games\/caravan-quest-discover-america\/\",\"name\":\"Caravan Quest: Discover America \u00e8 la tua prossima avventura in campeggio!\",\"isPartOf\":{\"@id\":\"https:\/\/www.iplay.com\/en\/#website\"},\"primaryImageOfPage\":{\"@id\":\"https:\/\/www.iplay.com\/it\/games\/caravan-quest-discover-america\/#primaryimage\"},\"image\":{\"@id\":\"https:\/\/www.iplay.com\/it\/games\/caravan-quest-discover-america\/#primaryimage\"},\"thumbnailUrl\":\"https:\/\/www.iplay.com\/wp-content\/uploads\/2024\/11\/caravan_quest_discover_america_large_square_tile_image.webp\",\"datePublished\":\"2024-11-22T09:00:56+00:00\",\"description\":\"Immergiti nei grandi spazi aperti e scopri i segreti nascosti nei luoghi di campeggio pi\u00f9 iconici d'America in Caravan Quest: Discover America\",\"breadcrumb\":{\"@id\":\"https:\/\/www.iplay.com\/it\/games\/caravan-quest-discover-america\/#breadcrumb\"},\"inLanguage\":\"it-IT\",\"potentialAction\":[{\"@type\":\"ReadAction\",\"target\":[\"https:\/\/www.iplay.com\/it\/games\/caravan-quest-discover-america\/\"]}]},{\"@type\":\"ImageObject\",\"inLanguage\":\"it-IT\",\"@id\":\"https:\/\/www.iplay.com\/it\/games\/caravan-quest-discover-america\/#primaryimage\",\"url\":\"https:\/\/www.iplay.com\/wp-content\/uploads\/2024\/11\/caravan_quest_discover_america_large_square_tile_image.webp\",\"contentUrl\":\"https:\/\/www.iplay.com\/wp-content\/uploads\/2024\/11\/caravan_quest_discover_america_large_square_tile_image.webp\",\"width\":400,\"height\":400},{\"@type\":\"BreadcrumbList\",\"@id\":\"https:\/\/www.iplay.com\/it\/games\/caravan-quest-discover-america\/#breadcrumb\",\"itemListElement\":[{\"@type\":\"ListItem\",\"position\":1,\"name\":\"Home\",\"item\":\"https:\/\/www.iplay.com\/it\/home-page-2\/\"},{\"@type\":\"ListItem\",\"position\":2,\"name\":\"Shop\",\"item\":\"https:\/\/www.iplay.com\/en\/shop\/\"},{\"@type\":\"ListItem\",\"position\":3,\"name\":\"Caravan Quest: Discover America\"}]},{\"@type\":\"WebSite\",\"@id\":\"https:\/\/www.iplay.com\/en\/#website\",\"url\":\"https:\/\/www.iplay.com\/en\/\",\"name\":\"IPlay\",\"description\":\"The Best Casual Games!\",\"publisher\":{\"@id\":\"https:\/\/www.iplay.com\/en\/#organization\"},\"potentialAction\":[{\"@type\":\"SearchAction\",\"target\":{\"@type\":\"EntryPoint\",\"urlTemplate\":\"https:\/\/www.iplay.com\/en\/?s={search_term_string}\"},\"query-input\":{\"@type\":\"PropertyValueSpecification\",\"valueRequired\":true,\"valueName\":\"search_term_string\"}}],\"inLanguage\":\"it-IT\"},{\"@type\":\"Organization\",\"@id\":\"https:\/\/www.iplay.com\/en\/#organization\",\"name\":\"IPlay\",\"url\":\"https:\/\/www.iplay.com\/en\/\",\"logo\":{\"@type\":\"ImageObject\",\"inLanguage\":\"it-IT\",\"@id\":\"https:\/\/www.iplay.com\/en\/#\/schema\/logo\/image\/\",\"url\":\"https:\/\/www.iplay.com\/wp-content\/uploads\/2023\/11\/Group-6100.svg\",\"contentUrl\":\"https:\/\/www.iplay.com\/wp-content\/uploads\/2023\/11\/Group-6100.svg\",\"width\":98,\"height\":25,\"caption\":\"IPlay\"},\"image\":{\"@id\":\"https:\/\/www.iplay.com\/en\/#\/schema\/logo\/image\/\"}}]}<\/script>\n<!-- \/ Yoast SEO Premium plugin. -->","yoast_head_json":{"title":"Caravan Quest: Discover America \u00e8 la tua prossima avventura in campeggio!","description":"Immergiti nei grandi spazi aperti e scopri i segreti nascosti nei luoghi di campeggio pi\u00f9 iconici d'America in Caravan Quest: Discover America","robots":{"index":"index","follow":"follow","max-snippet":"max-snippet:-1","max-image-preview":"max-image-preview:large","max-video-preview":"max-video-preview:-1"},"canonical":"https:\/\/www.iplay.com\/it\/games\/caravan-quest-discover-america\/","og_locale":"it_IT","og_type":"article","og_title":"Caravan Quest: Discover America","og_description":"Immergiti nei grandi spazi aperti e scopri i segreti nascosti nei luoghi di campeggio pi\u00f9 iconici d'America in Caravan Quest: Discover America","og_url":"https:\/\/www.iplay.com\/it\/games\/caravan-quest-discover-america\/","og_site_name":"IPlay","og_image":[{"width":400,"height":400,"url":"https:\/\/www.iplay.com\/wp-content\/uploads\/2024\/11\/caravan_quest_discover_america_large_square_tile_image.webp","type":"image\/webp"}],"twitter_card":"summary_large_image","twitter_misc":{"Est. reading time":"1 minuto"},"schema":{"@context":"https:\/\/schema.org","@graph":[{"@type":"WebPage","@id":"https:\/\/www.iplay.com\/it\/games\/caravan-quest-discover-america\/","url":"https:\/\/www.iplay.com\/it\/games\/caravan-quest-discover-america\/","name":"Caravan Quest: Discover America \u00e8 la tua prossima avventura in campeggio!","isPartOf":{"@id":"https:\/\/www.iplay.com\/en\/#website"},"primaryImageOfPage":{"@id":"https:\/\/www.iplay.com\/it\/games\/caravan-quest-discover-america\/#primaryimage"},"image":{"@id":"https:\/\/www.iplay.com\/it\/games\/caravan-quest-discover-america\/#primaryimage"},"thumbnailUrl":"https:\/\/www.iplay.com\/wp-content\/uploads\/2024\/11\/caravan_quest_discover_america_large_square_tile_image.webp","datePublished":"2024-11-22T09:00:56+00:00","description":"Immergiti nei grandi spazi aperti e scopri i segreti nascosti nei luoghi di campeggio pi\u00f9 iconici d'America in Caravan Quest: Discover America","breadcrumb":{"@id":"https:\/\/www.iplay.com\/it\/games\/caravan-quest-discover-america\/#breadcrumb"},"inLanguage":"it-IT","potentialAction":[{"@type":"ReadAction","target":["https:\/\/www.iplay.com\/it\/games\/caravan-quest-discover-america\/"]}]},{"@type":"ImageObject","inLanguage":"it-IT","@id":"https:\/\/www.iplay.com\/it\/games\/caravan-quest-discover-america\/#primaryimage","url":"https:\/\/www.iplay.com\/wp-content\/uploads\/2024\/11\/caravan_quest_discover_america_large_square_tile_image.webp","contentUrl":"https:\/\/www.iplay.com\/wp-content\/uploads\/2024\/11\/caravan_quest_discover_america_large_square_tile_image.webp","width":400,"height":400},{"@type":"BreadcrumbList","@id":"https:\/\/www.iplay.com\/it\/games\/caravan-quest-discover-america\/#breadcrumb","itemListElement":[{"@type":"ListItem","position":1,"name":"Home","item":"https:\/\/www.iplay.com\/it\/home-page-2\/"},{"@type":"ListItem","position":2,"name":"Shop","item":"https:\/\/www.iplay.com\/en\/shop\/"},{"@type":"ListItem","position":3,"name":"Caravan Quest: Discover America"}]},{"@type":"WebSite","@id":"https:\/\/www.iplay.com\/en\/#website","url":"https:\/\/www.iplay.com\/en\/","name":"IPlay","description":"The Best Casual Games!","publisher":{"@id":"https:\/\/www.iplay.com\/en\/#organization"},"potentialAction":[{"@type":"SearchAction","target":{"@type":"EntryPoint","urlTemplate":"https:\/\/www.iplay.com\/en\/?s={search_term_string}"},"query-input":{"@type":"PropertyValueSpecification","valueRequired":true,"valueName":"search_term_string"}}],"inLanguage":"it-IT"},{"@type":"Organization","@id":"https:\/\/www.iplay.com\/en\/#organization","name":"IPlay","url":"https:\/\/www.iplay.com\/en\/","logo":{"@type":"ImageObject","inLanguage":"it-IT","@id":"https:\/\/www.iplay.com\/en\/#\/schema\/logo\/image\/","url":"https:\/\/www.iplay.com\/wp-content\/uploads\/2023\/11\/Group-6100.svg","contentUrl":"https:\/\/www.iplay.com\/wp-content\/uploads\/2023\/11\/Group-6100.svg","width":98,"height":25,"caption":"IPlay"},"image":{"@id":"https:\/\/www.iplay.com\/en\/#\/schema\/logo\/image\/"}}]}},"_links":{"self":[{"href":"https:\/\/www.iplay.com\/it\/wp-json\/wp\/v2\/product\/126739","targetHints":{"allow":["GET"]}}],"collection":[{"href":"https:\/\/www.iplay.com\/it\/wp-json\/wp\/v2\/product"}],"about":[{"href":"https:\/\/www.iplay.com\/it\/wp-json\/wp\/v2\/types\/product"}],"author":[{"embeddable":true,"href":"https:\/\/www.iplay.com\/it\/wp-json\/wp\/v2\/users\/120"}],"replies":[{"embeddable":true,"href":"https:\/\/www.iplay.com\/it\/wp-json\/wp\/v2\/comments?post=126739"}],"wp:featuredmedia":[{"embeddable":true,"href":"https:\/\/www.iplay.com\/it\/wp-json\/wp\/v2\/media\/125126"}],"wp:attachment":[{"href":"https:\/\/www.iplay.com\/it\/wp-json\/wp\/v2\/media?parent=126739"}],"wp:term":[{"taxonomy":"product_brand","embeddable":true,"href":"https:\/\/www.iplay.com\/it\/wp-json\/wp\/v2\/product_brand?post=126739"},{"taxonomy":"product_cat","embeddable":true,"href":"https:\/\/www.iplay.com\/it\/wp-json\/wp\/v2\/product_cat?post=126739"},{"taxonomy":"product_tag","embeddable":true,"href":"https:\/\/www.iplay.com\/it\/wp-json\/wp\/v2\/product_tag?post=126739"}],"curies":[{"name":"wp","href":"https:\/\/api.w.org\/{rel}","templated":true}]}}