{"id":126667,"date":"2024-06-28T08:00:39","date_gmt":"2024-06-28T08:00:39","guid":{"rendered":"https:\/\/www.iplay.com\/games\/jewel-match-origins-3-camelot-castle-collectors-edition\/"},"modified":"2025-04-25T15:00:01","modified_gmt":"2025-04-25T15:00:01","slug":"jewel-match-origins-3-camelot-castle-collectors-edition","status":"publish","type":"product","link":"https:\/\/www.iplay.com\/it\/games\/jewel-match-origins-3-camelot-castle-collectors-edition\/","title":{"rendered":"Jewel Match Origins 3: Camelot Castle Collector&#8217;s Edition"},"content":{"rendered":"<p>L&#8217;ultimo capitolo della sfavillante serie Jewel Match ti trasporter\u00e0 in un&#8217;avventura regale! Risolvendo enigmi match-3, il leggendario Castello di Camelot sar\u00e0 costruito e progettato, rivelando i tuoi talenti nascosti come architetto. Il potere magico delle gemme verr\u00e0 utilizzato per sbloccare nuove caratteristiche del castello, trasformandolo da un&#8217;umile fondazione in una grande fortezza degna di un re. Vasti livelli brulicanti di gemme nascoste attendono di essere esplorati. Ulteriori risorse possono essere guadagnate impegnandosi in minigiochi bonus pieni di enigmi e sequenze di oggetti nascosti. Una miriade di articoli nel negozio pu\u00f2 essere esaminata per migliorare il tuo viaggio. Parti per un&#8217;emozionante missione Match-3 come nessun&#8217;altra. Riuscir\u00e0 il tuo ingegno a plasmare il castello pi\u00f9 magnifico mai visto nel regno? Il viaggio ti aspetta, nobile rompicapo!        <\/p>\n<p>&nbsp;<\/p>\n<p><strong>Caratteristiche della Collector&#8217;s Edition<\/strong><\/p>\n<ul>\n<li>Esplora 200 vasti livelli pieni di sfide!<\/li>\n<li>Immergiti in 40 livelli extra che mostrano nuovi aspetti del gameplay!<\/li>\n<li>Scegli tra tre distinte modalit\u00e0 di gioco: Mosse limitate, Rilassato e A tempo!<\/li>\n<li>Personalizza la tua esperienza con tre impostazioni di difficolt\u00e0: Normale, Avanzata ed Estrema.<\/li>\n<li>Progetta e decora una splendida fortezza, completa di stanze organizzate.<\/li>\n<li>Migliora il tuo gameplay acquistando potenti potenziamenti e potenziamenti dal negozio in-game.<\/li>\n<li>Divertiti con le coinvolgenti sfide &#8220;trova la differenza&#8221; e con gli intriganti minigiochi che possono essere rigiocati.<\/li>\n<li>Sblocca sfondi desktop mozzafiato.<\/li>\n<li>Immergiti in una colonna sonora rilassante.<\/li>\n<li>Preparati a intraprendere un maestoso viaggio Match-3 in cui ogni gemma ti avvicina alla costruzione del castello pi\u00f9 magnifico di tutti i tempi!<\/li>\n<\/ul>\n","protected":false},"excerpt":{"rendered":"<p>L&#8217;ultimo gioco di Jewel Match offre <strong>un&#8217;avventura reale in Jewel Match Origins 3: Camelot Castle Collector&#8217;s Edition<\/strong><\/p>\n","protected":false},"author":20,"featured_media":112280,"comment_status":"open","ping_status":"closed","template":"","meta":{"_acf_changed":false,"inline_featured_image":false},"product_brand":[],"product_cat":[175],"product_tag":[290],"class_list":{"0":"post-126667","1":"product","2":"type-product","3":"status-publish","4":"has-post-thumbnail","6":"product_cat-match-3-it","7":"product_tag-play-on-pc-it","9":"first","10":"instock","11":"shipping-taxable","12":"purchasable","13":"product-type-simple"},"acf":[],"yoast_head":"<!-- This site is optimized with the Yoast SEO Premium plugin v25.2 (Yoast SEO v25.2) - https:\/\/yoast.com\/wordpress\/plugins\/seo\/ -->\n<title>Jewel Match Origins 3: Camelot Castle Edizione Speciale<\/title>\n<meta name=\"description\" content=\"L&#039;ultimo gioco di Jewel Match offre un&#039;avventura reale in Jewel Match Origins 3: Camelot Castle Collector&#039;s Edition\" \/>\n<meta name=\"robots\" content=\"index, follow, max-snippet:-1, max-image-preview:large, max-video-preview:-1\" \/>\n<link rel=\"canonical\" href=\"https:\/\/www.iplay.com\/it\/games\/jewel-match-origins-3-camelot-castle-collectors-edition\/\" \/>\n<meta property=\"og:locale\" content=\"it_IT\" \/>\n<meta property=\"og:type\" content=\"article\" \/>\n<meta property=\"og:title\" content=\"Jewel Match Origins 3: Camelot Castle Collector&#039;s Edition\" \/>\n<meta property=\"og:description\" content=\"L&#039;ultimo gioco di Jewel Match offre un&#039;avventura reale in Jewel Match Origins 3: Camelot Castle Collector&#039;s Edition\" \/>\n<meta property=\"og:url\" content=\"https:\/\/www.iplay.com\/it\/games\/jewel-match-origins-3-camelot-castle-collectors-edition\/\" \/>\n<meta property=\"og:site_name\" content=\"IPlay\" \/>\n<meta property=\"article:modified_time\" content=\"2025-04-25T15:00:01+00:00\" \/>\n<meta property=\"og:image\" content=\"https:\/\/www.iplay.com\/wp-content\/uploads\/2024\/06\/Jewel-Match-Origins-3-Camelot-Castle-CE_large_square_tile_image.webp\" \/>\n\t<meta property=\"og:image:width\" content=\"715\" \/>\n\t<meta property=\"og:image:height\" content=\"485\" \/>\n\t<meta property=\"og:image:type\" content=\"image\/webp\" \/>\n<meta name=\"twitter:card\" content=\"summary_large_image\" \/>\n<meta name=\"twitter:label1\" content=\"Est. reading time\" \/>\n\t<meta name=\"twitter:data1\" content=\"1 minuto\" \/>\n<script type=\"application\/ld+json\" class=\"yoast-schema-graph\">{\"@context\":\"https:\/\/schema.org\",\"@graph\":[{\"@type\":\"WebPage\",\"@id\":\"https:\/\/www.iplay.com\/it\/games\/jewel-match-origins-3-camelot-castle-collectors-edition\/\",\"url\":\"https:\/\/www.iplay.com\/it\/games\/jewel-match-origins-3-camelot-castle-collectors-edition\/\",\"name\":\"Jewel Match Origins 3: Camelot Castle Edizione Speciale\",\"isPartOf\":{\"@id\":\"https:\/\/www.iplay.com\/en\/#website\"},\"primaryImageOfPage\":{\"@id\":\"https:\/\/www.iplay.com\/it\/games\/jewel-match-origins-3-camelot-castle-collectors-edition\/#primaryimage\"},\"image\":{\"@id\":\"https:\/\/www.iplay.com\/it\/games\/jewel-match-origins-3-camelot-castle-collectors-edition\/#primaryimage\"},\"thumbnailUrl\":\"https:\/\/www.iplay.com\/wp-content\/uploads\/2024\/06\/Jewel-Match-Origins-3-Camelot-Castle-CE_large_square_tile_image.webp\",\"datePublished\":\"2024-06-28T08:00:39+00:00\",\"dateModified\":\"2025-04-25T15:00:01+00:00\",\"description\":\"L'ultimo gioco di Jewel Match offre un'avventura reale in Jewel Match Origins 3: Camelot Castle Collector's Edition\",\"breadcrumb\":{\"@id\":\"https:\/\/www.iplay.com\/it\/games\/jewel-match-origins-3-camelot-castle-collectors-edition\/#breadcrumb\"},\"inLanguage\":\"it-IT\",\"potentialAction\":[{\"@type\":\"ReadAction\",\"target\":[\"https:\/\/www.iplay.com\/it\/games\/jewel-match-origins-3-camelot-castle-collectors-edition\/\"]}]},{\"@type\":\"ImageObject\",\"inLanguage\":\"it-IT\",\"@id\":\"https:\/\/www.iplay.com\/it\/games\/jewel-match-origins-3-camelot-castle-collectors-edition\/#primaryimage\",\"url\":\"https:\/\/www.iplay.com\/wp-content\/uploads\/2024\/06\/Jewel-Match-Origins-3-Camelot-Castle-CE_large_square_tile_image.webp\",\"contentUrl\":\"https:\/\/www.iplay.com\/wp-content\/uploads\/2024\/06\/Jewel-Match-Origins-3-Camelot-Castle-CE_large_square_tile_image.webp\",\"width\":715,\"height\":485},{\"@type\":\"BreadcrumbList\",\"@id\":\"https:\/\/www.iplay.com\/it\/games\/jewel-match-origins-3-camelot-castle-collectors-edition\/#breadcrumb\",\"itemListElement\":[{\"@type\":\"ListItem\",\"position\":1,\"name\":\"Home\",\"item\":\"https:\/\/www.iplay.com\/it\/home-page-2\/\"},{\"@type\":\"ListItem\",\"position\":2,\"name\":\"Shop\",\"item\":\"https:\/\/www.iplay.com\/en\/shop\/\"},{\"@type\":\"ListItem\",\"position\":3,\"name\":\"Jewel Match Origins 3: Camelot Castle Collector&#8217;s Edition\"}]},{\"@type\":\"WebSite\",\"@id\":\"https:\/\/www.iplay.com\/en\/#website\",\"url\":\"https:\/\/www.iplay.com\/en\/\",\"name\":\"IPlay\",\"description\":\"The Best Casual Games!\",\"publisher\":{\"@id\":\"https:\/\/www.iplay.com\/en\/#organization\"},\"potentialAction\":[{\"@type\":\"SearchAction\",\"target\":{\"@type\":\"EntryPoint\",\"urlTemplate\":\"https:\/\/www.iplay.com\/en\/?s={search_term_string}\"},\"query-input\":{\"@type\":\"PropertyValueSpecification\",\"valueRequired\":true,\"valueName\":\"search_term_string\"}}],\"inLanguage\":\"it-IT\"},{\"@type\":\"Organization\",\"@id\":\"https:\/\/www.iplay.com\/en\/#organization\",\"name\":\"IPlay\",\"url\":\"https:\/\/www.iplay.com\/en\/\",\"logo\":{\"@type\":\"ImageObject\",\"inLanguage\":\"it-IT\",\"@id\":\"https:\/\/www.iplay.com\/en\/#\/schema\/logo\/image\/\",\"url\":\"https:\/\/www.iplay.com\/wp-content\/uploads\/2023\/11\/Group-6100.svg\",\"contentUrl\":\"https:\/\/www.iplay.com\/wp-content\/uploads\/2023\/11\/Group-6100.svg\",\"width\":98,\"height\":25,\"caption\":\"IPlay\"},\"image\":{\"@id\":\"https:\/\/www.iplay.com\/en\/#\/schema\/logo\/image\/\"}}]}<\/script>\n<!-- \/ Yoast SEO Premium plugin. -->","yoast_head_json":{"title":"Jewel Match Origins 3: Camelot Castle Edizione Speciale","description":"L'ultimo gioco di Jewel Match offre un'avventura reale in Jewel Match Origins 3: Camelot Castle Collector's Edition","robots":{"index":"index","follow":"follow","max-snippet":"max-snippet:-1","max-image-preview":"max-image-preview:large","max-video-preview":"max-video-preview:-1"},"canonical":"https:\/\/www.iplay.com\/it\/games\/jewel-match-origins-3-camelot-castle-collectors-edition\/","og_locale":"it_IT","og_type":"article","og_title":"Jewel Match Origins 3: Camelot Castle Collector's Edition","og_description":"L'ultimo gioco di Jewel Match offre un'avventura reale in Jewel Match Origins 3: Camelot Castle Collector's Edition","og_url":"https:\/\/www.iplay.com\/it\/games\/jewel-match-origins-3-camelot-castle-collectors-edition\/","og_site_name":"IPlay","article_modified_time":"2025-04-25T15:00:01+00:00","og_image":[{"width":715,"height":485,"url":"https:\/\/www.iplay.com\/wp-content\/uploads\/2024\/06\/Jewel-Match-Origins-3-Camelot-Castle-CE_large_square_tile_image.webp","type":"image\/webp"}],"twitter_card":"summary_large_image","twitter_misc":{"Est. reading time":"1 minuto"},"schema":{"@context":"https:\/\/schema.org","@graph":[{"@type":"WebPage","@id":"https:\/\/www.iplay.com\/it\/games\/jewel-match-origins-3-camelot-castle-collectors-edition\/","url":"https:\/\/www.iplay.com\/it\/games\/jewel-match-origins-3-camelot-castle-collectors-edition\/","name":"Jewel Match Origins 3: Camelot Castle Edizione Speciale","isPartOf":{"@id":"https:\/\/www.iplay.com\/en\/#website"},"primaryImageOfPage":{"@id":"https:\/\/www.iplay.com\/it\/games\/jewel-match-origins-3-camelot-castle-collectors-edition\/#primaryimage"},"image":{"@id":"https:\/\/www.iplay.com\/it\/games\/jewel-match-origins-3-camelot-castle-collectors-edition\/#primaryimage"},"thumbnailUrl":"https:\/\/www.iplay.com\/wp-content\/uploads\/2024\/06\/Jewel-Match-Origins-3-Camelot-Castle-CE_large_square_tile_image.webp","datePublished":"2024-06-28T08:00:39+00:00","dateModified":"2025-04-25T15:00:01+00:00","description":"L'ultimo gioco di Jewel Match offre un'avventura reale in Jewel Match Origins 3: Camelot Castle Collector's Edition","breadcrumb":{"@id":"https:\/\/www.iplay.com\/it\/games\/jewel-match-origins-3-camelot-castle-collectors-edition\/#breadcrumb"},"inLanguage":"it-IT","potentialAction":[{"@type":"ReadAction","target":["https:\/\/www.iplay.com\/it\/games\/jewel-match-origins-3-camelot-castle-collectors-edition\/"]}]},{"@type":"ImageObject","inLanguage":"it-IT","@id":"https:\/\/www.iplay.com\/it\/games\/jewel-match-origins-3-camelot-castle-collectors-edition\/#primaryimage","url":"https:\/\/www.iplay.com\/wp-content\/uploads\/2024\/06\/Jewel-Match-Origins-3-Camelot-Castle-CE_large_square_tile_image.webp","contentUrl":"https:\/\/www.iplay.com\/wp-content\/uploads\/2024\/06\/Jewel-Match-Origins-3-Camelot-Castle-CE_large_square_tile_image.webp","width":715,"height":485},{"@type":"BreadcrumbList","@id":"https:\/\/www.iplay.com\/it\/games\/jewel-match-origins-3-camelot-castle-collectors-edition\/#breadcrumb","itemListElement":[{"@type":"ListItem","position":1,"name":"Home","item":"https:\/\/www.iplay.com\/it\/home-page-2\/"},{"@type":"ListItem","position":2,"name":"Shop","item":"https:\/\/www.iplay.com\/en\/shop\/"},{"@type":"ListItem","position":3,"name":"Jewel Match Origins 3: Camelot Castle Collector&#8217;s Edition"}]},{"@type":"WebSite","@id":"https:\/\/www.iplay.com\/en\/#website","url":"https:\/\/www.iplay.com\/en\/","name":"IPlay","description":"The Best Casual Games!","publisher":{"@id":"https:\/\/www.iplay.com\/en\/#organization"},"potentialAction":[{"@type":"SearchAction","target":{"@type":"EntryPoint","urlTemplate":"https:\/\/www.iplay.com\/en\/?s={search_term_string}"},"query-input":{"@type":"PropertyValueSpecification","valueRequired":true,"valueName":"search_term_string"}}],"inLanguage":"it-IT"},{"@type":"Organization","@id":"https:\/\/www.iplay.com\/en\/#organization","name":"IPlay","url":"https:\/\/www.iplay.com\/en\/","logo":{"@type":"ImageObject","inLanguage":"it-IT","@id":"https:\/\/www.iplay.com\/en\/#\/schema\/logo\/image\/","url":"https:\/\/www.iplay.com\/wp-content\/uploads\/2023\/11\/Group-6100.svg","contentUrl":"https:\/\/www.iplay.com\/wp-content\/uploads\/2023\/11\/Group-6100.svg","width":98,"height":25,"caption":"IPlay"},"image":{"@id":"https:\/\/www.iplay.com\/en\/#\/schema\/logo\/image\/"}}]}},"_links":{"self":[{"href":"https:\/\/www.iplay.com\/it\/wp-json\/wp\/v2\/product\/126667","targetHints":{"allow":["GET"]}}],"collection":[{"href":"https:\/\/www.iplay.com\/it\/wp-json\/wp\/v2\/product"}],"about":[{"href":"https:\/\/www.iplay.com\/it\/wp-json\/wp\/v2\/types\/product"}],"author":[{"embeddable":true,"href":"https:\/\/www.iplay.com\/it\/wp-json\/wp\/v2\/users\/20"}],"replies":[{"embeddable":true,"href":"https:\/\/www.iplay.com\/it\/wp-json\/wp\/v2\/comments?post=126667"}],"wp:featuredmedia":[{"embeddable":true,"href":"https:\/\/www.iplay.com\/it\/wp-json\/wp\/v2\/media\/112280"}],"wp:attachment":[{"href":"https:\/\/www.iplay.com\/it\/wp-json\/wp\/v2\/media?parent=126667"}],"wp:term":[{"taxonomy":"product_brand","embeddable":true,"href":"https:\/\/www.iplay.com\/it\/wp-json\/wp\/v2\/product_brand?post=126667"},{"taxonomy":"product_cat","embeddable":true,"href":"https:\/\/www.iplay.com\/it\/wp-json\/wp\/v2\/product_cat?post=126667"},{"taxonomy":"product_tag","embeddable":true,"href":"https:\/\/www.iplay.com\/it\/wp-json\/wp\/v2\/product_tag?post=126667"}],"curies":[{"name":"wp","href":"https:\/\/api.w.org\/{rel}","templated":true}]}}