{"id":126527,"date":"2011-10-20T00:00:00","date_gmt":"2011-10-20T00:00:00","guid":{"rendered":"https:\/\/www.iplay.com\/games\/jewel-quest-the-sapphire-dragon\/"},"modified":"2011-10-20T00:00:00","modified_gmt":"2011-10-20T00:00:00","slug":"jewel-quest-the-sapphire-dragon","status":"publish","type":"product","link":"https:\/\/www.iplay.com\/it\/games\/jewel-quest-the-sapphire-dragon\/","title":{"rendered":"Jewel Quest: The Sapphire Dragon"},"content":{"rendered":"<p>Il viaggio in Jewel Quest 6: The Sapphire Dragon inizia quando Raj si schianta con il suo Cessna durante una tempesta di neve sull&#8217;Himalaya e atterra su una montagna ghiacciata. L&#8217;incidente di Raj lo ha portato alla scoperta inaspettata del Tempio dei Desideri, un vecchio complesso che in precedenza si credeva fosse un mito! Raj mette su un gruppo per indagare sul tempio, ma quando si imbattono in una banda di feroci pirati, le loro intenzioni vengono bruscamente modificate!  <\/p>\n<p>All&#8217;inseguimento di Jiang Hao e della sua ciurma di pirati, la squadra d&#8217;\u00e9lite di archeologi di Raj parte per una ricerca globale. Lungo la strada, devono applicare la loro esperienza per portare alla luce i misteri che circondano il Drago di Zaffiro. Il romanticismo \u00e8 nell&#8217;aria mentre un triangolo amoroso si sviluppa tra tre degli amici nonostante i continui pericoli per le loro vite.  <\/p>\n<p>Mentre ti unisci alla squadra, scopri chi avr\u00e0 il cuore che si scioglier\u00e0 e chi che si spezzer\u00e0. Jewel Quest 6 ti condurr\u00e0 attraverso 200 nuovissime bacheche di gioielli mentre scopri antiche meraviglie e impari il segreto dietro l&#8217;inafferrabile Sapphire Dragon. <\/p>\n<p>Gioca a 200 tabelloni di gioielli ricchi di azione e mettiti alla prova con i tabelloni bonus nascosti. Viaggia dal Nepal alla Cina e al Mediterraneo per scoprire il segreto dietro il leggendario Drago di Zaffiro. <\/p>\n<p>L&#8217;hai chiesto tu! Puoi cambiare i gioielli continuamente mentre altre gemme si muovono utilizzando la nuova funzione Multi Matching. <\/p>\n<p>A grande richiesta, seleziona il tuo livello di difficolt\u00e0 preferito, da Facile a Complesso!<\/p>\n<p>Scegli tra cinque audaci personaggi che ti aiuteranno a risolvere ogni tabellone delle gemme. Ogni personaggio ha abilit\u00e0 speciali che puoi usare mentre giochi! <\/p>\n<p>Affronta nuove sfide in otto modalit\u00e0 gemma mai viste prima.<\/p>\n<p>Riuscirai a trovare nuove variet\u00e0 di gioielli o a risolvere il tabellone prima che si allaghi?<\/p>\n","protected":false},"excerpt":{"rendered":"<p>Scopri il mistero che circonda il raro Drago Zaffiro!<\/p>\n","protected":false},"author":4,"featured_media":57351,"comment_status":"open","ping_status":"closed","template":"","meta":{"_acf_changed":false,"inline_featured_image":false},"product_brand":[],"product_cat":[175],"product_tag":[290],"class_list":{"0":"post-126527","1":"product","2":"type-product","3":"status-publish","4":"has-post-thumbnail","6":"product_cat-match-3-it","7":"product_tag-play-on-pc-it","9":"first","10":"instock","11":"shipping-taxable","12":"purchasable","13":"product-type-simple"},"acf":[],"yoast_head":"<!-- This site is optimized with the Yoast SEO Premium plugin v25.2 (Yoast SEO v25.2) - https:\/\/yoast.com\/wordpress\/plugins\/seo\/ -->\n<title>Jewel Quest: Il Drago Zaffiro - Scopri il segreto dell&#039;inafferrabile Drago Zaffiro<\/title>\n<meta name=\"description\" content=\"Scopri il mistero che circonda il raro Drago Zaffiro!\" \/>\n<meta name=\"robots\" content=\"index, follow, max-snippet:-1, max-image-preview:large, max-video-preview:-1\" \/>\n<link rel=\"canonical\" href=\"https:\/\/www.iplay.com\/it\/games\/jewel-quest-the-sapphire-dragon\/\" \/>\n<meta property=\"og:locale\" content=\"it_IT\" \/>\n<meta property=\"og:type\" content=\"article\" \/>\n<meta property=\"og:title\" content=\"Jewel Quest: The Sapphire Dragon\" \/>\n<meta property=\"og:description\" content=\"Scopri il mistero che circonda il raro Drago Zaffiro!\" \/>\n<meta property=\"og:url\" content=\"https:\/\/www.iplay.com\/it\/games\/jewel-quest-the-sapphire-dragon\/\" \/>\n<meta property=\"og:site_name\" content=\"IPlay\" \/>\n<meta property=\"og:image\" content=\"https:\/\/www.iplay.com\/wp-content\/uploads\/2023\/12\/large_square_tile_image-1057.jpg\" \/>\n\t<meta property=\"og:image:width\" content=\"310\" \/>\n\t<meta property=\"og:image:height\" content=\"310\" \/>\n\t<meta property=\"og:image:type\" content=\"image\/jpeg\" \/>\n<meta name=\"twitter:card\" content=\"summary_large_image\" \/>\n<meta name=\"twitter:label1\" content=\"Est. reading time\" \/>\n\t<meta name=\"twitter:data1\" content=\"1 minuto\" \/>\n<script type=\"application\/ld+json\" class=\"yoast-schema-graph\">{\"@context\":\"https:\/\/schema.org\",\"@graph\":[{\"@type\":\"WebPage\",\"@id\":\"https:\/\/www.iplay.com\/it\/games\/jewel-quest-the-sapphire-dragon\/\",\"url\":\"https:\/\/www.iplay.com\/it\/games\/jewel-quest-the-sapphire-dragon\/\",\"name\":\"Jewel Quest: Il Drago Zaffiro - Scopri il segreto dell'inafferrabile Drago Zaffiro\",\"isPartOf\":{\"@id\":\"https:\/\/www.iplay.com\/en\/#website\"},\"primaryImageOfPage\":{\"@id\":\"https:\/\/www.iplay.com\/it\/games\/jewel-quest-the-sapphire-dragon\/#primaryimage\"},\"image\":{\"@id\":\"https:\/\/www.iplay.com\/it\/games\/jewel-quest-the-sapphire-dragon\/#primaryimage\"},\"thumbnailUrl\":\"https:\/\/www.iplay.com\/wp-content\/uploads\/2023\/12\/large_square_tile_image-1057.jpg\",\"datePublished\":\"2011-10-20T00:00:00+00:00\",\"description\":\"Scopri il mistero che circonda il raro Drago Zaffiro!\",\"breadcrumb\":{\"@id\":\"https:\/\/www.iplay.com\/it\/games\/jewel-quest-the-sapphire-dragon\/#breadcrumb\"},\"inLanguage\":\"it-IT\",\"potentialAction\":[{\"@type\":\"ReadAction\",\"target\":[\"https:\/\/www.iplay.com\/it\/games\/jewel-quest-the-sapphire-dragon\/\"]}]},{\"@type\":\"ImageObject\",\"inLanguage\":\"it-IT\",\"@id\":\"https:\/\/www.iplay.com\/it\/games\/jewel-quest-the-sapphire-dragon\/#primaryimage\",\"url\":\"https:\/\/www.iplay.com\/wp-content\/uploads\/2023\/12\/large_square_tile_image-1057.jpg\",\"contentUrl\":\"https:\/\/www.iplay.com\/wp-content\/uploads\/2023\/12\/large_square_tile_image-1057.jpg\",\"width\":310,\"height\":310},{\"@type\":\"BreadcrumbList\",\"@id\":\"https:\/\/www.iplay.com\/it\/games\/jewel-quest-the-sapphire-dragon\/#breadcrumb\",\"itemListElement\":[{\"@type\":\"ListItem\",\"position\":1,\"name\":\"Home\",\"item\":\"https:\/\/www.iplay.com\/it\/home-page-2\/\"},{\"@type\":\"ListItem\",\"position\":2,\"name\":\"Shop\",\"item\":\"https:\/\/www.iplay.com\/en\/shop\/\"},{\"@type\":\"ListItem\",\"position\":3,\"name\":\"Jewel Quest: The Sapphire Dragon\"}]},{\"@type\":\"WebSite\",\"@id\":\"https:\/\/www.iplay.com\/en\/#website\",\"url\":\"https:\/\/www.iplay.com\/en\/\",\"name\":\"IPlay\",\"description\":\"The Best Casual Games!\",\"publisher\":{\"@id\":\"https:\/\/www.iplay.com\/en\/#organization\"},\"potentialAction\":[{\"@type\":\"SearchAction\",\"target\":{\"@type\":\"EntryPoint\",\"urlTemplate\":\"https:\/\/www.iplay.com\/en\/?s={search_term_string}\"},\"query-input\":{\"@type\":\"PropertyValueSpecification\",\"valueRequired\":true,\"valueName\":\"search_term_string\"}}],\"inLanguage\":\"it-IT\"},{\"@type\":\"Organization\",\"@id\":\"https:\/\/www.iplay.com\/en\/#organization\",\"name\":\"IPlay\",\"url\":\"https:\/\/www.iplay.com\/en\/\",\"logo\":{\"@type\":\"ImageObject\",\"inLanguage\":\"it-IT\",\"@id\":\"https:\/\/www.iplay.com\/en\/#\/schema\/logo\/image\/\",\"url\":\"https:\/\/www.iplay.com\/wp-content\/uploads\/2023\/11\/Group-6100.svg\",\"contentUrl\":\"https:\/\/www.iplay.com\/wp-content\/uploads\/2023\/11\/Group-6100.svg\",\"width\":98,\"height\":25,\"caption\":\"IPlay\"},\"image\":{\"@id\":\"https:\/\/www.iplay.com\/en\/#\/schema\/logo\/image\/\"}}]}<\/script>\n<!-- \/ Yoast SEO Premium plugin. -->","yoast_head_json":{"title":"Jewel Quest: Il Drago Zaffiro - Scopri il segreto dell'inafferrabile Drago Zaffiro","description":"Scopri il mistero che circonda il raro Drago Zaffiro!","robots":{"index":"index","follow":"follow","max-snippet":"max-snippet:-1","max-image-preview":"max-image-preview:large","max-video-preview":"max-video-preview:-1"},"canonical":"https:\/\/www.iplay.com\/it\/games\/jewel-quest-the-sapphire-dragon\/","og_locale":"it_IT","og_type":"article","og_title":"Jewel Quest: The Sapphire Dragon","og_description":"Scopri il mistero che circonda il raro Drago Zaffiro!","og_url":"https:\/\/www.iplay.com\/it\/games\/jewel-quest-the-sapphire-dragon\/","og_site_name":"IPlay","og_image":[{"width":310,"height":310,"url":"https:\/\/www.iplay.com\/wp-content\/uploads\/2023\/12\/large_square_tile_image-1057.jpg","type":"image\/jpeg"}],"twitter_card":"summary_large_image","twitter_misc":{"Est. reading time":"1 minuto"},"schema":{"@context":"https:\/\/schema.org","@graph":[{"@type":"WebPage","@id":"https:\/\/www.iplay.com\/it\/games\/jewel-quest-the-sapphire-dragon\/","url":"https:\/\/www.iplay.com\/it\/games\/jewel-quest-the-sapphire-dragon\/","name":"Jewel Quest: Il Drago Zaffiro - Scopri il segreto dell'inafferrabile Drago Zaffiro","isPartOf":{"@id":"https:\/\/www.iplay.com\/en\/#website"},"primaryImageOfPage":{"@id":"https:\/\/www.iplay.com\/it\/games\/jewel-quest-the-sapphire-dragon\/#primaryimage"},"image":{"@id":"https:\/\/www.iplay.com\/it\/games\/jewel-quest-the-sapphire-dragon\/#primaryimage"},"thumbnailUrl":"https:\/\/www.iplay.com\/wp-content\/uploads\/2023\/12\/large_square_tile_image-1057.jpg","datePublished":"2011-10-20T00:00:00+00:00","description":"Scopri il mistero che circonda il raro Drago Zaffiro!","breadcrumb":{"@id":"https:\/\/www.iplay.com\/it\/games\/jewel-quest-the-sapphire-dragon\/#breadcrumb"},"inLanguage":"it-IT","potentialAction":[{"@type":"ReadAction","target":["https:\/\/www.iplay.com\/it\/games\/jewel-quest-the-sapphire-dragon\/"]}]},{"@type":"ImageObject","inLanguage":"it-IT","@id":"https:\/\/www.iplay.com\/it\/games\/jewel-quest-the-sapphire-dragon\/#primaryimage","url":"https:\/\/www.iplay.com\/wp-content\/uploads\/2023\/12\/large_square_tile_image-1057.jpg","contentUrl":"https:\/\/www.iplay.com\/wp-content\/uploads\/2023\/12\/large_square_tile_image-1057.jpg","width":310,"height":310},{"@type":"BreadcrumbList","@id":"https:\/\/www.iplay.com\/it\/games\/jewel-quest-the-sapphire-dragon\/#breadcrumb","itemListElement":[{"@type":"ListItem","position":1,"name":"Home","item":"https:\/\/www.iplay.com\/it\/home-page-2\/"},{"@type":"ListItem","position":2,"name":"Shop","item":"https:\/\/www.iplay.com\/en\/shop\/"},{"@type":"ListItem","position":3,"name":"Jewel Quest: The Sapphire Dragon"}]},{"@type":"WebSite","@id":"https:\/\/www.iplay.com\/en\/#website","url":"https:\/\/www.iplay.com\/en\/","name":"IPlay","description":"The Best Casual Games!","publisher":{"@id":"https:\/\/www.iplay.com\/en\/#organization"},"potentialAction":[{"@type":"SearchAction","target":{"@type":"EntryPoint","urlTemplate":"https:\/\/www.iplay.com\/en\/?s={search_term_string}"},"query-input":{"@type":"PropertyValueSpecification","valueRequired":true,"valueName":"search_term_string"}}],"inLanguage":"it-IT"},{"@type":"Organization","@id":"https:\/\/www.iplay.com\/en\/#organization","name":"IPlay","url":"https:\/\/www.iplay.com\/en\/","logo":{"@type":"ImageObject","inLanguage":"it-IT","@id":"https:\/\/www.iplay.com\/en\/#\/schema\/logo\/image\/","url":"https:\/\/www.iplay.com\/wp-content\/uploads\/2023\/11\/Group-6100.svg","contentUrl":"https:\/\/www.iplay.com\/wp-content\/uploads\/2023\/11\/Group-6100.svg","width":98,"height":25,"caption":"IPlay"},"image":{"@id":"https:\/\/www.iplay.com\/en\/#\/schema\/logo\/image\/"}}]}},"_links":{"self":[{"href":"https:\/\/www.iplay.com\/it\/wp-json\/wp\/v2\/product\/126527","targetHints":{"allow":["GET"]}}],"collection":[{"href":"https:\/\/www.iplay.com\/it\/wp-json\/wp\/v2\/product"}],"about":[{"href":"https:\/\/www.iplay.com\/it\/wp-json\/wp\/v2\/types\/product"}],"author":[{"embeddable":true,"href":"https:\/\/www.iplay.com\/it\/wp-json\/wp\/v2\/users\/4"}],"replies":[{"embeddable":true,"href":"https:\/\/www.iplay.com\/it\/wp-json\/wp\/v2\/comments?post=126527"}],"wp:featuredmedia":[{"embeddable":true,"href":"https:\/\/www.iplay.com\/it\/wp-json\/wp\/v2\/media\/57351"}],"wp:attachment":[{"href":"https:\/\/www.iplay.com\/it\/wp-json\/wp\/v2\/media?parent=126527"}],"wp:term":[{"taxonomy":"product_brand","embeddable":true,"href":"https:\/\/www.iplay.com\/it\/wp-json\/wp\/v2\/product_brand?post=126527"},{"taxonomy":"product_cat","embeddable":true,"href":"https:\/\/www.iplay.com\/it\/wp-json\/wp\/v2\/product_cat?post=126527"},{"taxonomy":"product_tag","embeddable":true,"href":"https:\/\/www.iplay.com\/it\/wp-json\/wp\/v2\/product_tag?post=126527"}],"curies":[{"name":"wp","href":"https:\/\/api.w.org\/{rel}","templated":true}]}}