{"id":126361,"date":"2019-06-03T00:00:01","date_gmt":"2019-06-03T00:00:01","guid":{"rendered":"https:\/\/www.iplay.com\/games\/living-legends-beasts-of-bremen-collectors-edition\/"},"modified":"2019-06-03T00:00:01","modified_gmt":"2019-06-03T00:00:01","slug":"living-legends-beasts-of-bremen-collectors-edition","status":"publish","type":"product","link":"https:\/\/www.iplay.com\/it\/games\/living-legends-beasts-of-bremen-collectors-edition\/","title":{"rendered":"Living Legends: Beasts of Bremen Collector&#8217;s Edition"},"content":{"rendered":"<p>Vivi una nuova interpretazione di una storia senza tempo nel pi\u00f9 recente gioco <em>Living Legends<\/em> ! \u00c8 ufficiale che tua sorella si esibir\u00e0 al rinomato festival musicale di Brema! Ma la tua gioia \u00e8 di breve durata quando una fitta nebbia avvolge la citt\u00e0 e tua sorella se ne va! E come se non bastasse, qualcuno sta trasformando le persone in animali! Riuscirai a salvare la citt\u00e0 e scoprire la magia malvagia all&#8217;opera? Gioca a questo fantastico gioco d&#8217;avventura rompicapo a oggetti nascosti per scoprirlo! Il capitolo aggiuntivo ti permette di aiutare un principe sciocco a scoprire una fonte d&#8217;acqua magica.      <\/p>\n<p>&nbsp;<\/p>\n<p>&nbsp;<\/p>\n<p><strong>Tratti somatici:<\/strong><\/p>\n<p>&nbsp;<\/p>\n<p>&#8211; Raccogli un sacco di oggetti mutevoli e bambole di carta.<\/p>\n<p>&#8211; Accumula risultati divertenti mentre giochi.<br \/>\n&#8211; Ottieni concept art, screen saver, sfondi e altro ancora.<br \/>\n&#8211; Esercitati a risolvere enigmi e minigiochi con oggetti nascosti finch\u00e9 non diventi un esperto.<\/p>\n","protected":false},"excerpt":{"rendered":"<p>Brema \u00e8 sormontata da una fitta nebbia! Inoltre, la melodia \u00e8 fondamentale in Living Legends: Bremen&#8217;s Beasts in CE <\/p>\n","protected":false},"author":17,"featured_media":93478,"comment_status":"open","ping_status":"closed","template":"","meta":{"_acf_changed":false,"inline_featured_image":false},"product_brand":[],"product_cat":[163],"product_tag":[290],"class_list":{"0":"post-126361","1":"product","2":"type-product","3":"status-publish","4":"has-post-thumbnail","6":"product_cat-hidden-object-it","7":"product_tag-play-on-pc-it","9":"first","10":"instock","11":"shipping-taxable","12":"purchasable","13":"product-type-simple"},"acf":[],"yoast_head":"<!-- This site is optimized with the Yoast SEO Premium plugin v25.2 (Yoast SEO v25.2) - https:\/\/yoast.com\/wordpress\/plugins\/seo\/ -->\n<title>Living Legends: Beasts of Bremen Collector&#039;s Edition - Scopri cosa si nasconde nella nebbia oscura di Brema<\/title>\n<meta name=\"description\" content=\"Brema \u00e8 sormontata da una fitta nebbia! Inoltre, la melodia \u00e8 fondamentale in Living Legends: Bremen&#039;s Beasts in CE\" \/>\n<meta name=\"robots\" content=\"index, follow, max-snippet:-1, max-image-preview:large, max-video-preview:-1\" \/>\n<link rel=\"canonical\" href=\"https:\/\/www.iplay.com\/it\/games\/living-legends-beasts-of-bremen-collectors-edition\/\" \/>\n<meta property=\"og:locale\" content=\"it_IT\" \/>\n<meta property=\"og:type\" content=\"article\" \/>\n<meta property=\"og:title\" content=\"Living Legends: Beasts of Bremen Collector&#039;s Edition\" \/>\n<meta property=\"og:description\" content=\"Brema \u00e8 sormontata da una fitta nebbia! Inoltre, la melodia \u00e8 fondamentale in Living Legends: Bremen&#039;s Beasts in CE\" \/>\n<meta property=\"og:url\" content=\"https:\/\/www.iplay.com\/it\/games\/living-legends-beasts-of-bremen-collectors-edition\/\" \/>\n<meta property=\"og:site_name\" content=\"IPlay\" \/>\n<meta property=\"og:image\" content=\"https:\/\/www.iplay.com\/wp-content\/uploads\/2023\/12\/large_square_tile_image-3358.jpg\" \/>\n\t<meta property=\"og:image:width\" content=\"310\" \/>\n\t<meta property=\"og:image:height\" content=\"310\" \/>\n\t<meta property=\"og:image:type\" content=\"image\/jpeg\" \/>\n<meta name=\"twitter:card\" content=\"summary_large_image\" \/>\n<meta name=\"twitter:label1\" content=\"Est. reading time\" \/>\n\t<meta name=\"twitter:data1\" content=\"1 minuto\" \/>\n<script type=\"application\/ld+json\" class=\"yoast-schema-graph\">{\"@context\":\"https:\/\/schema.org\",\"@graph\":[{\"@type\":\"WebPage\",\"@id\":\"https:\/\/www.iplay.com\/it\/games\/living-legends-beasts-of-bremen-collectors-edition\/\",\"url\":\"https:\/\/www.iplay.com\/it\/games\/living-legends-beasts-of-bremen-collectors-edition\/\",\"name\":\"Living Legends: Beasts of Bremen Collector's Edition - Scopri cosa si nasconde nella nebbia oscura di Brema\",\"isPartOf\":{\"@id\":\"https:\/\/www.iplay.com\/en\/#website\"},\"primaryImageOfPage\":{\"@id\":\"https:\/\/www.iplay.com\/it\/games\/living-legends-beasts-of-bremen-collectors-edition\/#primaryimage\"},\"image\":{\"@id\":\"https:\/\/www.iplay.com\/it\/games\/living-legends-beasts-of-bremen-collectors-edition\/#primaryimage\"},\"thumbnailUrl\":\"https:\/\/www.iplay.com\/wp-content\/uploads\/2023\/12\/large_square_tile_image-3358.jpg\",\"datePublished\":\"2019-06-03T00:00:01+00:00\",\"description\":\"Brema \u00e8 sormontata da una fitta nebbia! Inoltre, la melodia \u00e8 fondamentale in Living Legends: Bremen's Beasts in CE\",\"breadcrumb\":{\"@id\":\"https:\/\/www.iplay.com\/it\/games\/living-legends-beasts-of-bremen-collectors-edition\/#breadcrumb\"},\"inLanguage\":\"it-IT\",\"potentialAction\":[{\"@type\":\"ReadAction\",\"target\":[\"https:\/\/www.iplay.com\/it\/games\/living-legends-beasts-of-bremen-collectors-edition\/\"]}]},{\"@type\":\"ImageObject\",\"inLanguage\":\"it-IT\",\"@id\":\"https:\/\/www.iplay.com\/it\/games\/living-legends-beasts-of-bremen-collectors-edition\/#primaryimage\",\"url\":\"https:\/\/www.iplay.com\/wp-content\/uploads\/2023\/12\/large_square_tile_image-3358.jpg\",\"contentUrl\":\"https:\/\/www.iplay.com\/wp-content\/uploads\/2023\/12\/large_square_tile_image-3358.jpg\",\"width\":310,\"height\":310},{\"@type\":\"BreadcrumbList\",\"@id\":\"https:\/\/www.iplay.com\/it\/games\/living-legends-beasts-of-bremen-collectors-edition\/#breadcrumb\",\"itemListElement\":[{\"@type\":\"ListItem\",\"position\":1,\"name\":\"Home\",\"item\":\"https:\/\/www.iplay.com\/it\/home-page-2\/\"},{\"@type\":\"ListItem\",\"position\":2,\"name\":\"Shop\",\"item\":\"https:\/\/www.iplay.com\/en\/shop\/\"},{\"@type\":\"ListItem\",\"position\":3,\"name\":\"Living Legends: Beasts of Bremen Collector&#8217;s Edition\"}]},{\"@type\":\"WebSite\",\"@id\":\"https:\/\/www.iplay.com\/en\/#website\",\"url\":\"https:\/\/www.iplay.com\/en\/\",\"name\":\"IPlay\",\"description\":\"The Best Casual Games!\",\"publisher\":{\"@id\":\"https:\/\/www.iplay.com\/en\/#organization\"},\"potentialAction\":[{\"@type\":\"SearchAction\",\"target\":{\"@type\":\"EntryPoint\",\"urlTemplate\":\"https:\/\/www.iplay.com\/en\/?s={search_term_string}\"},\"query-input\":{\"@type\":\"PropertyValueSpecification\",\"valueRequired\":true,\"valueName\":\"search_term_string\"}}],\"inLanguage\":\"it-IT\"},{\"@type\":\"Organization\",\"@id\":\"https:\/\/www.iplay.com\/en\/#organization\",\"name\":\"IPlay\",\"url\":\"https:\/\/www.iplay.com\/en\/\",\"logo\":{\"@type\":\"ImageObject\",\"inLanguage\":\"it-IT\",\"@id\":\"https:\/\/www.iplay.com\/en\/#\/schema\/logo\/image\/\",\"url\":\"https:\/\/www.iplay.com\/wp-content\/uploads\/2023\/11\/Group-6100.svg\",\"contentUrl\":\"https:\/\/www.iplay.com\/wp-content\/uploads\/2023\/11\/Group-6100.svg\",\"width\":98,\"height\":25,\"caption\":\"IPlay\"},\"image\":{\"@id\":\"https:\/\/www.iplay.com\/en\/#\/schema\/logo\/image\/\"}}]}<\/script>\n<!-- \/ Yoast SEO Premium plugin. -->","yoast_head_json":{"title":"Living Legends: Beasts of Bremen Collector's Edition - Scopri cosa si nasconde nella nebbia oscura di Brema","description":"Brema \u00e8 sormontata da una fitta nebbia! Inoltre, la melodia \u00e8 fondamentale in Living Legends: Bremen's Beasts in CE","robots":{"index":"index","follow":"follow","max-snippet":"max-snippet:-1","max-image-preview":"max-image-preview:large","max-video-preview":"max-video-preview:-1"},"canonical":"https:\/\/www.iplay.com\/it\/games\/living-legends-beasts-of-bremen-collectors-edition\/","og_locale":"it_IT","og_type":"article","og_title":"Living Legends: Beasts of Bremen Collector's Edition","og_description":"Brema \u00e8 sormontata da una fitta nebbia! Inoltre, la melodia \u00e8 fondamentale in Living Legends: Bremen's Beasts in CE","og_url":"https:\/\/www.iplay.com\/it\/games\/living-legends-beasts-of-bremen-collectors-edition\/","og_site_name":"IPlay","og_image":[{"width":310,"height":310,"url":"https:\/\/www.iplay.com\/wp-content\/uploads\/2023\/12\/large_square_tile_image-3358.jpg","type":"image\/jpeg"}],"twitter_card":"summary_large_image","twitter_misc":{"Est. reading time":"1 minuto"},"schema":{"@context":"https:\/\/schema.org","@graph":[{"@type":"WebPage","@id":"https:\/\/www.iplay.com\/it\/games\/living-legends-beasts-of-bremen-collectors-edition\/","url":"https:\/\/www.iplay.com\/it\/games\/living-legends-beasts-of-bremen-collectors-edition\/","name":"Living Legends: Beasts of Bremen Collector's Edition - Scopri cosa si nasconde nella nebbia oscura di Brema","isPartOf":{"@id":"https:\/\/www.iplay.com\/en\/#website"},"primaryImageOfPage":{"@id":"https:\/\/www.iplay.com\/it\/games\/living-legends-beasts-of-bremen-collectors-edition\/#primaryimage"},"image":{"@id":"https:\/\/www.iplay.com\/it\/games\/living-legends-beasts-of-bremen-collectors-edition\/#primaryimage"},"thumbnailUrl":"https:\/\/www.iplay.com\/wp-content\/uploads\/2023\/12\/large_square_tile_image-3358.jpg","datePublished":"2019-06-03T00:00:01+00:00","description":"Brema \u00e8 sormontata da una fitta nebbia! Inoltre, la melodia \u00e8 fondamentale in Living Legends: Bremen's Beasts in CE","breadcrumb":{"@id":"https:\/\/www.iplay.com\/it\/games\/living-legends-beasts-of-bremen-collectors-edition\/#breadcrumb"},"inLanguage":"it-IT","potentialAction":[{"@type":"ReadAction","target":["https:\/\/www.iplay.com\/it\/games\/living-legends-beasts-of-bremen-collectors-edition\/"]}]},{"@type":"ImageObject","inLanguage":"it-IT","@id":"https:\/\/www.iplay.com\/it\/games\/living-legends-beasts-of-bremen-collectors-edition\/#primaryimage","url":"https:\/\/www.iplay.com\/wp-content\/uploads\/2023\/12\/large_square_tile_image-3358.jpg","contentUrl":"https:\/\/www.iplay.com\/wp-content\/uploads\/2023\/12\/large_square_tile_image-3358.jpg","width":310,"height":310},{"@type":"BreadcrumbList","@id":"https:\/\/www.iplay.com\/it\/games\/living-legends-beasts-of-bremen-collectors-edition\/#breadcrumb","itemListElement":[{"@type":"ListItem","position":1,"name":"Home","item":"https:\/\/www.iplay.com\/it\/home-page-2\/"},{"@type":"ListItem","position":2,"name":"Shop","item":"https:\/\/www.iplay.com\/en\/shop\/"},{"@type":"ListItem","position":3,"name":"Living Legends: Beasts of Bremen Collector&#8217;s Edition"}]},{"@type":"WebSite","@id":"https:\/\/www.iplay.com\/en\/#website","url":"https:\/\/www.iplay.com\/en\/","name":"IPlay","description":"The Best Casual Games!","publisher":{"@id":"https:\/\/www.iplay.com\/en\/#organization"},"potentialAction":[{"@type":"SearchAction","target":{"@type":"EntryPoint","urlTemplate":"https:\/\/www.iplay.com\/en\/?s={search_term_string}"},"query-input":{"@type":"PropertyValueSpecification","valueRequired":true,"valueName":"search_term_string"}}],"inLanguage":"it-IT"},{"@type":"Organization","@id":"https:\/\/www.iplay.com\/en\/#organization","name":"IPlay","url":"https:\/\/www.iplay.com\/en\/","logo":{"@type":"ImageObject","inLanguage":"it-IT","@id":"https:\/\/www.iplay.com\/en\/#\/schema\/logo\/image\/","url":"https:\/\/www.iplay.com\/wp-content\/uploads\/2023\/11\/Group-6100.svg","contentUrl":"https:\/\/www.iplay.com\/wp-content\/uploads\/2023\/11\/Group-6100.svg","width":98,"height":25,"caption":"IPlay"},"image":{"@id":"https:\/\/www.iplay.com\/en\/#\/schema\/logo\/image\/"}}]}},"_links":{"self":[{"href":"https:\/\/www.iplay.com\/it\/wp-json\/wp\/v2\/product\/126361","targetHints":{"allow":["GET"]}}],"collection":[{"href":"https:\/\/www.iplay.com\/it\/wp-json\/wp\/v2\/product"}],"about":[{"href":"https:\/\/www.iplay.com\/it\/wp-json\/wp\/v2\/types\/product"}],"author":[{"embeddable":true,"href":"https:\/\/www.iplay.com\/it\/wp-json\/wp\/v2\/users\/17"}],"replies":[{"embeddable":true,"href":"https:\/\/www.iplay.com\/it\/wp-json\/wp\/v2\/comments?post=126361"}],"wp:featuredmedia":[{"embeddable":true,"href":"https:\/\/www.iplay.com\/it\/wp-json\/wp\/v2\/media\/93478"}],"wp:attachment":[{"href":"https:\/\/www.iplay.com\/it\/wp-json\/wp\/v2\/media?parent=126361"}],"wp:term":[{"taxonomy":"product_brand","embeddable":true,"href":"https:\/\/www.iplay.com\/it\/wp-json\/wp\/v2\/product_brand?post=126361"},{"taxonomy":"product_cat","embeddable":true,"href":"https:\/\/www.iplay.com\/it\/wp-json\/wp\/v2\/product_cat?post=126361"},{"taxonomy":"product_tag","embeddable":true,"href":"https:\/\/www.iplay.com\/it\/wp-json\/wp\/v2\/product_tag?post=126361"}],"curies":[{"name":"wp","href":"https:\/\/api.w.org\/{rel}","templated":true}]}}