{"id":126247,"date":"2017-07-15T00:00:00","date_gmt":"2017-07-15T00:00:00","guid":{"rendered":"https:\/\/www.iplay.com\/games\/clutter-infinity-joes-ultimate-quest\/"},"modified":"2017-07-15T00:00:00","modified_gmt":"2017-07-15T00:00:00","slug":"clutter-infinity-joes-ultimate-quest","status":"publish","type":"product","link":"https:\/\/www.iplay.com\/it\/games\/clutter-infinity-joes-ultimate-quest\/","title":{"rendered":"Clutter Infinity: Joe&#8217;s Ultimate Quest"},"content":{"rendered":"<p>Ci sono tanti modi per giocare a Clutter, ma non c&#8217;\u00e8 abbastanza tempo! Puoi giocare per ore e ore perch\u00e9 ci sono il doppio dei nuovi giochi rispetto a quelli vecchi. Joe&#8217;s Ultimate Quest \u00e8 davvero all&#8217;altezza del suo nome con 875 puzzle. Tra gli oltre 80 puzzle fotografici disponibili per il gioco ci sono i puzzle Intermixed, Silhouettes, Outside-In e Clutter, solo per citarne alcuni.   <\/p>\n<p>&nbsp;<\/p>\n<p>&nbsp;<\/p>\n<p><strong>Tratti somatici:<\/strong><\/p>\n<ul>\n<li>Elementi di definizione nuovi e migliorati.<\/li>\n<li>Una funzione per la riproduzione casuale e nuovi preferiti.<\/li>\n<li>Il tempo di gioco nei livelli generati automaticamente \u00e8 infinito.<\/li>\n<\/ul>\n<p>&nbsp;<\/p>\n<p>Se ti \u00e8 piaciuto questo gioco Clutter, perch\u00e9 non dai un&#8217;occhiata a tutti gli altri giochi della serie Clutter <a href=\"\/en?product_tag=clutter-series\">QUI<\/a><\/p>\n","protected":false},"excerpt":{"rendered":"<p>Finalmente \u00e8 arrivato: il prossimo gioco di Clutter!<\/p>\n","protected":false},"author":41,"featured_media":99652,"comment_status":"open","ping_status":"closed","template":"","meta":{"_acf_changed":false,"inline_featured_image":false},"product_brand":[],"product_cat":[161,163],"product_tag":[290],"class_list":{"0":"post-126247","1":"product","2":"type-product","3":"status-publish","4":"has-post-thumbnail","6":"product_cat-clutter-series-it","7":"product_cat-hidden-object-it","8":"product_tag-play-on-pc-it","10":"first","11":"instock","12":"shipping-taxable","13":"purchasable","14":"product-type-simple"},"acf":[],"yoast_head":"<!-- This site is optimized with the Yoast SEO Premium plugin v25.2 (Yoast SEO v25.2) - https:\/\/yoast.com\/wordpress\/plugins\/seo\/ -->\n<title>Clutter Infinity: Joe&#039;s Ultimate Quest - Il tanto atteso prossimo gioco di Clutter \u00e8 finalmente arrivato<\/title>\n<meta name=\"description\" content=\"Finalmente \u00e8 arrivato: il prossimo gioco di Clutter!\" \/>\n<meta name=\"robots\" content=\"index, follow, max-snippet:-1, max-image-preview:large, max-video-preview:-1\" \/>\n<link rel=\"canonical\" href=\"https:\/\/www.iplay.com\/it\/games\/clutter-infinity-joes-ultimate-quest\/\" \/>\n<meta property=\"og:locale\" content=\"it_IT\" \/>\n<meta property=\"og:type\" content=\"article\" \/>\n<meta property=\"og:title\" content=\"Clutter Infinity: Joe&#039;s Ultimate Quest\" \/>\n<meta property=\"og:description\" content=\"Finalmente \u00e8 arrivato: il prossimo gioco di Clutter!\" \/>\n<meta property=\"og:url\" content=\"https:\/\/www.iplay.com\/it\/games\/clutter-infinity-joes-ultimate-quest\/\" \/>\n<meta property=\"og:site_name\" content=\"IPlay\" \/>\n<meta property=\"og:image\" content=\"https:\/\/www.iplay.com\/wp-content\/uploads\/2023\/12\/large_square_tile_image-3735.jpg\" \/>\n\t<meta property=\"og:image:width\" content=\"310\" \/>\n\t<meta property=\"og:image:height\" content=\"310\" \/>\n\t<meta property=\"og:image:type\" content=\"image\/jpeg\" \/>\n<meta name=\"twitter:card\" content=\"summary_large_image\" \/>\n<meta name=\"twitter:label1\" content=\"Est. reading time\" \/>\n\t<meta name=\"twitter:data1\" content=\"1 minuto\" \/>\n<script type=\"application\/ld+json\" class=\"yoast-schema-graph\">{\"@context\":\"https:\/\/schema.org\",\"@graph\":[{\"@type\":\"WebPage\",\"@id\":\"https:\/\/www.iplay.com\/it\/games\/clutter-infinity-joes-ultimate-quest\/\",\"url\":\"https:\/\/www.iplay.com\/it\/games\/clutter-infinity-joes-ultimate-quest\/\",\"name\":\"Clutter Infinity: Joe's Ultimate Quest - Il tanto atteso prossimo gioco di Clutter \u00e8 finalmente arrivato\",\"isPartOf\":{\"@id\":\"https:\/\/www.iplay.com\/en\/#website\"},\"primaryImageOfPage\":{\"@id\":\"https:\/\/www.iplay.com\/it\/games\/clutter-infinity-joes-ultimate-quest\/#primaryimage\"},\"image\":{\"@id\":\"https:\/\/www.iplay.com\/it\/games\/clutter-infinity-joes-ultimate-quest\/#primaryimage\"},\"thumbnailUrl\":\"https:\/\/www.iplay.com\/wp-content\/uploads\/2023\/12\/large_square_tile_image-3735.jpg\",\"datePublished\":\"2017-07-15T00:00:00+00:00\",\"description\":\"Finalmente \u00e8 arrivato: il prossimo gioco di Clutter!\",\"breadcrumb\":{\"@id\":\"https:\/\/www.iplay.com\/it\/games\/clutter-infinity-joes-ultimate-quest\/#breadcrumb\"},\"inLanguage\":\"it-IT\",\"potentialAction\":[{\"@type\":\"ReadAction\",\"target\":[\"https:\/\/www.iplay.com\/it\/games\/clutter-infinity-joes-ultimate-quest\/\"]}]},{\"@type\":\"ImageObject\",\"inLanguage\":\"it-IT\",\"@id\":\"https:\/\/www.iplay.com\/it\/games\/clutter-infinity-joes-ultimate-quest\/#primaryimage\",\"url\":\"https:\/\/www.iplay.com\/wp-content\/uploads\/2023\/12\/large_square_tile_image-3735.jpg\",\"contentUrl\":\"https:\/\/www.iplay.com\/wp-content\/uploads\/2023\/12\/large_square_tile_image-3735.jpg\",\"width\":310,\"height\":310},{\"@type\":\"BreadcrumbList\",\"@id\":\"https:\/\/www.iplay.com\/it\/games\/clutter-infinity-joes-ultimate-quest\/#breadcrumb\",\"itemListElement\":[{\"@type\":\"ListItem\",\"position\":1,\"name\":\"Home\",\"item\":\"https:\/\/www.iplay.com\/it\/home-page-2\/\"},{\"@type\":\"ListItem\",\"position\":2,\"name\":\"Shop\",\"item\":\"https:\/\/www.iplay.com\/en\/shop\/\"},{\"@type\":\"ListItem\",\"position\":3,\"name\":\"Clutter Infinity: Joe&#8217;s Ultimate Quest\"}]},{\"@type\":\"WebSite\",\"@id\":\"https:\/\/www.iplay.com\/en\/#website\",\"url\":\"https:\/\/www.iplay.com\/en\/\",\"name\":\"IPlay\",\"description\":\"The Best Casual Games!\",\"publisher\":{\"@id\":\"https:\/\/www.iplay.com\/en\/#organization\"},\"potentialAction\":[{\"@type\":\"SearchAction\",\"target\":{\"@type\":\"EntryPoint\",\"urlTemplate\":\"https:\/\/www.iplay.com\/en\/?s={search_term_string}\"},\"query-input\":{\"@type\":\"PropertyValueSpecification\",\"valueRequired\":true,\"valueName\":\"search_term_string\"}}],\"inLanguage\":\"it-IT\"},{\"@type\":\"Organization\",\"@id\":\"https:\/\/www.iplay.com\/en\/#organization\",\"name\":\"IPlay\",\"url\":\"https:\/\/www.iplay.com\/en\/\",\"logo\":{\"@type\":\"ImageObject\",\"inLanguage\":\"it-IT\",\"@id\":\"https:\/\/www.iplay.com\/en\/#\/schema\/logo\/image\/\",\"url\":\"https:\/\/www.iplay.com\/wp-content\/uploads\/2023\/11\/Group-6100.svg\",\"contentUrl\":\"https:\/\/www.iplay.com\/wp-content\/uploads\/2023\/11\/Group-6100.svg\",\"width\":98,\"height\":25,\"caption\":\"IPlay\"},\"image\":{\"@id\":\"https:\/\/www.iplay.com\/en\/#\/schema\/logo\/image\/\"}}]}<\/script>\n<!-- \/ Yoast SEO Premium plugin. -->","yoast_head_json":{"title":"Clutter Infinity: Joe's Ultimate Quest - Il tanto atteso prossimo gioco di Clutter \u00e8 finalmente arrivato","description":"Finalmente \u00e8 arrivato: il prossimo gioco di Clutter!","robots":{"index":"index","follow":"follow","max-snippet":"max-snippet:-1","max-image-preview":"max-image-preview:large","max-video-preview":"max-video-preview:-1"},"canonical":"https:\/\/www.iplay.com\/it\/games\/clutter-infinity-joes-ultimate-quest\/","og_locale":"it_IT","og_type":"article","og_title":"Clutter Infinity: Joe's Ultimate Quest","og_description":"Finalmente \u00e8 arrivato: il prossimo gioco di Clutter!","og_url":"https:\/\/www.iplay.com\/it\/games\/clutter-infinity-joes-ultimate-quest\/","og_site_name":"IPlay","og_image":[{"width":310,"height":310,"url":"https:\/\/www.iplay.com\/wp-content\/uploads\/2023\/12\/large_square_tile_image-3735.jpg","type":"image\/jpeg"}],"twitter_card":"summary_large_image","twitter_misc":{"Est. reading time":"1 minuto"},"schema":{"@context":"https:\/\/schema.org","@graph":[{"@type":"WebPage","@id":"https:\/\/www.iplay.com\/it\/games\/clutter-infinity-joes-ultimate-quest\/","url":"https:\/\/www.iplay.com\/it\/games\/clutter-infinity-joes-ultimate-quest\/","name":"Clutter Infinity: Joe's Ultimate Quest - Il tanto atteso prossimo gioco di Clutter \u00e8 finalmente arrivato","isPartOf":{"@id":"https:\/\/www.iplay.com\/en\/#website"},"primaryImageOfPage":{"@id":"https:\/\/www.iplay.com\/it\/games\/clutter-infinity-joes-ultimate-quest\/#primaryimage"},"image":{"@id":"https:\/\/www.iplay.com\/it\/games\/clutter-infinity-joes-ultimate-quest\/#primaryimage"},"thumbnailUrl":"https:\/\/www.iplay.com\/wp-content\/uploads\/2023\/12\/large_square_tile_image-3735.jpg","datePublished":"2017-07-15T00:00:00+00:00","description":"Finalmente \u00e8 arrivato: il prossimo gioco di Clutter!","breadcrumb":{"@id":"https:\/\/www.iplay.com\/it\/games\/clutter-infinity-joes-ultimate-quest\/#breadcrumb"},"inLanguage":"it-IT","potentialAction":[{"@type":"ReadAction","target":["https:\/\/www.iplay.com\/it\/games\/clutter-infinity-joes-ultimate-quest\/"]}]},{"@type":"ImageObject","inLanguage":"it-IT","@id":"https:\/\/www.iplay.com\/it\/games\/clutter-infinity-joes-ultimate-quest\/#primaryimage","url":"https:\/\/www.iplay.com\/wp-content\/uploads\/2023\/12\/large_square_tile_image-3735.jpg","contentUrl":"https:\/\/www.iplay.com\/wp-content\/uploads\/2023\/12\/large_square_tile_image-3735.jpg","width":310,"height":310},{"@type":"BreadcrumbList","@id":"https:\/\/www.iplay.com\/it\/games\/clutter-infinity-joes-ultimate-quest\/#breadcrumb","itemListElement":[{"@type":"ListItem","position":1,"name":"Home","item":"https:\/\/www.iplay.com\/it\/home-page-2\/"},{"@type":"ListItem","position":2,"name":"Shop","item":"https:\/\/www.iplay.com\/en\/shop\/"},{"@type":"ListItem","position":3,"name":"Clutter Infinity: Joe&#8217;s Ultimate Quest"}]},{"@type":"WebSite","@id":"https:\/\/www.iplay.com\/en\/#website","url":"https:\/\/www.iplay.com\/en\/","name":"IPlay","description":"The Best Casual Games!","publisher":{"@id":"https:\/\/www.iplay.com\/en\/#organization"},"potentialAction":[{"@type":"SearchAction","target":{"@type":"EntryPoint","urlTemplate":"https:\/\/www.iplay.com\/en\/?s={search_term_string}"},"query-input":{"@type":"PropertyValueSpecification","valueRequired":true,"valueName":"search_term_string"}}],"inLanguage":"it-IT"},{"@type":"Organization","@id":"https:\/\/www.iplay.com\/en\/#organization","name":"IPlay","url":"https:\/\/www.iplay.com\/en\/","logo":{"@type":"ImageObject","inLanguage":"it-IT","@id":"https:\/\/www.iplay.com\/en\/#\/schema\/logo\/image\/","url":"https:\/\/www.iplay.com\/wp-content\/uploads\/2023\/11\/Group-6100.svg","contentUrl":"https:\/\/www.iplay.com\/wp-content\/uploads\/2023\/11\/Group-6100.svg","width":98,"height":25,"caption":"IPlay"},"image":{"@id":"https:\/\/www.iplay.com\/en\/#\/schema\/logo\/image\/"}}]}},"_links":{"self":[{"href":"https:\/\/www.iplay.com\/it\/wp-json\/wp\/v2\/product\/126247","targetHints":{"allow":["GET"]}}],"collection":[{"href":"https:\/\/www.iplay.com\/it\/wp-json\/wp\/v2\/product"}],"about":[{"href":"https:\/\/www.iplay.com\/it\/wp-json\/wp\/v2\/types\/product"}],"author":[{"embeddable":true,"href":"https:\/\/www.iplay.com\/it\/wp-json\/wp\/v2\/users\/41"}],"replies":[{"embeddable":true,"href":"https:\/\/www.iplay.com\/it\/wp-json\/wp\/v2\/comments?post=126247"}],"wp:featuredmedia":[{"embeddable":true,"href":"https:\/\/www.iplay.com\/it\/wp-json\/wp\/v2\/media\/99652"}],"wp:attachment":[{"href":"https:\/\/www.iplay.com\/it\/wp-json\/wp\/v2\/media?parent=126247"}],"wp:term":[{"taxonomy":"product_brand","embeddable":true,"href":"https:\/\/www.iplay.com\/it\/wp-json\/wp\/v2\/product_brand?post=126247"},{"taxonomy":"product_cat","embeddable":true,"href":"https:\/\/www.iplay.com\/it\/wp-json\/wp\/v2\/product_cat?post=126247"},{"taxonomy":"product_tag","embeddable":true,"href":"https:\/\/www.iplay.com\/it\/wp-json\/wp\/v2\/product_tag?post=126247"}],"curies":[{"name":"wp","href":"https:\/\/api.w.org\/{rel}","templated":true}]}}