{"id":126219,"date":"2024-11-13T09:00:49","date_gmt":"2024-11-13T09:00:49","guid":{"rendered":"https:\/\/www.iplay.com\/games\/amazing-vacation-seattle\/"},"modified":"2024-11-13T09:00:49","modified_gmt":"2024-11-13T09:00:49","slug":"amazing-vacation-seattle","status":"publish","type":"product","link":"https:\/\/www.iplay.com\/it\/games\/amazing-vacation-seattle\/","title":{"rendered":"Amazing Vacation: Seattle"},"content":{"rendered":"<p>Vivi l&#8217;affascinante fascino di Seattle mentre ogni quartiere e punto di riferimento iconico rivela le sue meraviglie nascoste! Dal lungomare scintillante e dai parchi verdi e lussureggianti alle vivaci strade della citt\u00e0, ogni angolo di Seattle riserva nuove sorprese in attesa di essere scoperte. Con decine di luoghi e oltre mille oggetti nascosti, questo viaggio immersivo offre una prospettiva unica sulla citt\u00e0. Attraverso immagini ad alta definizione e quattro coinvolgenti modalit\u00e0 di gioco, lo spirito autentico di Seattle prende vita. Preparati per un&#8217;avventura indimenticabile che ti far\u00e0 continuare ad esplorare!    <\/p>\n<p>&nbsp;<\/p>\n<p><strong>Tratti somatici<\/strong><\/p>\n<ul>\n<li><em>Centinaia di luoghi nascosti<\/em> &#8211; Esplora i luoghi famosi di Seattle, ognuno pieno di oggetti da scoprire.<\/li>\n<li><em>Migliaia di manufatti nascosti<\/em> &#8211; Cerca oggetti unici che danno vita alla storia e alla cultura di Seattle.<\/li>\n<li><em>Immagini mozzafiato ad alta definizione<\/em> &#8211; Goditi un&#8217;esperienza visiva ultra dettagliata che cattura l&#8217;essenza della citt\u00e0.<\/li>\n<li><em>Quattro modalit\u00e0 di gioco uniche<\/em> &#8211; Divertiti con diverse sfide che rendono ogni partita fresca ed emozionante.<\/li>\n<\/ul>\n<p>&nbsp;<\/p>\n<p>Preparati a immergerti nelle immagini e nei suoni di Seattle, dove ogni nuova scoperta migliora il tuo viaggio e rivela la vera magia della citt\u00e0. Perfetto sia per gli esploratori occasionali che per i fan degli oggetti nascosti!<\/p>\n","protected":false},"excerpt":{"rendered":"<p>Amazing Vacation &#8211; Seattle &#8211; Preparati per un&#8217;avventura indimenticabile che ti far\u00e0 continuare ad esplorare!<\/p>\n","protected":false},"author":124,"featured_media":124842,"comment_status":"open","ping_status":"closed","template":"","meta":{"_acf_changed":false,"inline_featured_image":false},"product_brand":[],"product_cat":[163],"product_tag":[290],"class_list":{"0":"post-126219","1":"product","2":"type-product","3":"status-publish","4":"has-post-thumbnail","6":"product_cat-hidden-object-it","7":"product_tag-play-on-pc-it","9":"first","10":"instock","11":"shipping-taxable","12":"purchasable","13":"product-type-simple"},"acf":[],"yoast_head":"<!-- This site is optimized with the Yoast SEO Premium plugin v25.2 (Yoast SEO v25.2) - https:\/\/yoast.com\/wordpress\/plugins\/seo\/ -->\n<title>Amazing Vacation - Seattle - Un viaggio da non dimenticare mai<\/title>\n<meta name=\"description\" content=\"Amazing Vacation - Seattle - Preparati per un&#039;avventura indimenticabile che ti far\u00e0 continuare ad esplorare!\" \/>\n<meta name=\"robots\" content=\"index, follow, max-snippet:-1, max-image-preview:large, max-video-preview:-1\" \/>\n<link rel=\"canonical\" href=\"https:\/\/www.iplay.com\/it\/games\/amazing-vacation-seattle\/\" \/>\n<meta property=\"og:locale\" content=\"it_IT\" \/>\n<meta property=\"og:type\" content=\"article\" \/>\n<meta property=\"og:title\" content=\"Amazing Vacation: Seattle\" \/>\n<meta property=\"og:description\" content=\"Amazing Vacation - Seattle - Preparati per un&#039;avventura indimenticabile che ti far\u00e0 continuare ad esplorare!\" \/>\n<meta property=\"og:url\" content=\"https:\/\/www.iplay.com\/it\/games\/amazing-vacation-seattle\/\" \/>\n<meta property=\"og:site_name\" content=\"IPlay\" \/>\n<meta property=\"og:image\" content=\"https:\/\/www.iplay.com\/wp-content\/uploads\/2024\/11\/amazing_vacation_-_seattle_large_square_tile_image.webp\" \/>\n\t<meta property=\"og:image:width\" content=\"400\" \/>\n\t<meta property=\"og:image:height\" content=\"400\" \/>\n\t<meta property=\"og:image:type\" content=\"image\/webp\" \/>\n<meta name=\"twitter:card\" content=\"summary_large_image\" \/>\n<meta name=\"twitter:label1\" content=\"Est. reading time\" \/>\n\t<meta name=\"twitter:data1\" content=\"1 minuto\" \/>\n<script type=\"application\/ld+json\" class=\"yoast-schema-graph\">{\"@context\":\"https:\/\/schema.org\",\"@graph\":[{\"@type\":\"WebPage\",\"@id\":\"https:\/\/www.iplay.com\/it\/games\/amazing-vacation-seattle\/\",\"url\":\"https:\/\/www.iplay.com\/it\/games\/amazing-vacation-seattle\/\",\"name\":\"Amazing Vacation - Seattle - Un viaggio da non dimenticare mai\",\"isPartOf\":{\"@id\":\"https:\/\/www.iplay.com\/en\/#website\"},\"primaryImageOfPage\":{\"@id\":\"https:\/\/www.iplay.com\/it\/games\/amazing-vacation-seattle\/#primaryimage\"},\"image\":{\"@id\":\"https:\/\/www.iplay.com\/it\/games\/amazing-vacation-seattle\/#primaryimage\"},\"thumbnailUrl\":\"https:\/\/www.iplay.com\/wp-content\/uploads\/2024\/11\/amazing_vacation_-_seattle_large_square_tile_image.webp\",\"datePublished\":\"2024-11-13T09:00:49+00:00\",\"description\":\"Amazing Vacation - Seattle - Preparati per un'avventura indimenticabile che ti far\u00e0 continuare ad esplorare!\",\"breadcrumb\":{\"@id\":\"https:\/\/www.iplay.com\/it\/games\/amazing-vacation-seattle\/#breadcrumb\"},\"inLanguage\":\"it-IT\",\"potentialAction\":[{\"@type\":\"ReadAction\",\"target\":[\"https:\/\/www.iplay.com\/it\/games\/amazing-vacation-seattle\/\"]}]},{\"@type\":\"ImageObject\",\"inLanguage\":\"it-IT\",\"@id\":\"https:\/\/www.iplay.com\/it\/games\/amazing-vacation-seattle\/#primaryimage\",\"url\":\"https:\/\/www.iplay.com\/wp-content\/uploads\/2024\/11\/amazing_vacation_-_seattle_large_square_tile_image.webp\",\"contentUrl\":\"https:\/\/www.iplay.com\/wp-content\/uploads\/2024\/11\/amazing_vacation_-_seattle_large_square_tile_image.webp\",\"width\":400,\"height\":400},{\"@type\":\"BreadcrumbList\",\"@id\":\"https:\/\/www.iplay.com\/it\/games\/amazing-vacation-seattle\/#breadcrumb\",\"itemListElement\":[{\"@type\":\"ListItem\",\"position\":1,\"name\":\"Home\",\"item\":\"https:\/\/www.iplay.com\/it\/home-page-2\/\"},{\"@type\":\"ListItem\",\"position\":2,\"name\":\"Shop\",\"item\":\"https:\/\/www.iplay.com\/en\/shop\/\"},{\"@type\":\"ListItem\",\"position\":3,\"name\":\"Amazing Vacation: Seattle\"}]},{\"@type\":\"WebSite\",\"@id\":\"https:\/\/www.iplay.com\/en\/#website\",\"url\":\"https:\/\/www.iplay.com\/en\/\",\"name\":\"IPlay\",\"description\":\"The Best Casual Games!\",\"publisher\":{\"@id\":\"https:\/\/www.iplay.com\/en\/#organization\"},\"potentialAction\":[{\"@type\":\"SearchAction\",\"target\":{\"@type\":\"EntryPoint\",\"urlTemplate\":\"https:\/\/www.iplay.com\/en\/?s={search_term_string}\"},\"query-input\":{\"@type\":\"PropertyValueSpecification\",\"valueRequired\":true,\"valueName\":\"search_term_string\"}}],\"inLanguage\":\"it-IT\"},{\"@type\":\"Organization\",\"@id\":\"https:\/\/www.iplay.com\/en\/#organization\",\"name\":\"IPlay\",\"url\":\"https:\/\/www.iplay.com\/en\/\",\"logo\":{\"@type\":\"ImageObject\",\"inLanguage\":\"it-IT\",\"@id\":\"https:\/\/www.iplay.com\/en\/#\/schema\/logo\/image\/\",\"url\":\"https:\/\/www.iplay.com\/wp-content\/uploads\/2023\/11\/Group-6100.svg\",\"contentUrl\":\"https:\/\/www.iplay.com\/wp-content\/uploads\/2023\/11\/Group-6100.svg\",\"width\":98,\"height\":25,\"caption\":\"IPlay\"},\"image\":{\"@id\":\"https:\/\/www.iplay.com\/en\/#\/schema\/logo\/image\/\"}}]}<\/script>\n<!-- \/ Yoast SEO Premium plugin. -->","yoast_head_json":{"title":"Amazing Vacation - Seattle - Un viaggio da non dimenticare mai","description":"Amazing Vacation - Seattle - Preparati per un'avventura indimenticabile che ti far\u00e0 continuare ad esplorare!","robots":{"index":"index","follow":"follow","max-snippet":"max-snippet:-1","max-image-preview":"max-image-preview:large","max-video-preview":"max-video-preview:-1"},"canonical":"https:\/\/www.iplay.com\/it\/games\/amazing-vacation-seattle\/","og_locale":"it_IT","og_type":"article","og_title":"Amazing Vacation: Seattle","og_description":"Amazing Vacation - Seattle - Preparati per un'avventura indimenticabile che ti far\u00e0 continuare ad esplorare!","og_url":"https:\/\/www.iplay.com\/it\/games\/amazing-vacation-seattle\/","og_site_name":"IPlay","og_image":[{"width":400,"height":400,"url":"https:\/\/www.iplay.com\/wp-content\/uploads\/2024\/11\/amazing_vacation_-_seattle_large_square_tile_image.webp","type":"image\/webp"}],"twitter_card":"summary_large_image","twitter_misc":{"Est. reading time":"1 minuto"},"schema":{"@context":"https:\/\/schema.org","@graph":[{"@type":"WebPage","@id":"https:\/\/www.iplay.com\/it\/games\/amazing-vacation-seattle\/","url":"https:\/\/www.iplay.com\/it\/games\/amazing-vacation-seattle\/","name":"Amazing Vacation - Seattle - Un viaggio da non dimenticare mai","isPartOf":{"@id":"https:\/\/www.iplay.com\/en\/#website"},"primaryImageOfPage":{"@id":"https:\/\/www.iplay.com\/it\/games\/amazing-vacation-seattle\/#primaryimage"},"image":{"@id":"https:\/\/www.iplay.com\/it\/games\/amazing-vacation-seattle\/#primaryimage"},"thumbnailUrl":"https:\/\/www.iplay.com\/wp-content\/uploads\/2024\/11\/amazing_vacation_-_seattle_large_square_tile_image.webp","datePublished":"2024-11-13T09:00:49+00:00","description":"Amazing Vacation - Seattle - Preparati per un'avventura indimenticabile che ti far\u00e0 continuare ad esplorare!","breadcrumb":{"@id":"https:\/\/www.iplay.com\/it\/games\/amazing-vacation-seattle\/#breadcrumb"},"inLanguage":"it-IT","potentialAction":[{"@type":"ReadAction","target":["https:\/\/www.iplay.com\/it\/games\/amazing-vacation-seattle\/"]}]},{"@type":"ImageObject","inLanguage":"it-IT","@id":"https:\/\/www.iplay.com\/it\/games\/amazing-vacation-seattle\/#primaryimage","url":"https:\/\/www.iplay.com\/wp-content\/uploads\/2024\/11\/amazing_vacation_-_seattle_large_square_tile_image.webp","contentUrl":"https:\/\/www.iplay.com\/wp-content\/uploads\/2024\/11\/amazing_vacation_-_seattle_large_square_tile_image.webp","width":400,"height":400},{"@type":"BreadcrumbList","@id":"https:\/\/www.iplay.com\/it\/games\/amazing-vacation-seattle\/#breadcrumb","itemListElement":[{"@type":"ListItem","position":1,"name":"Home","item":"https:\/\/www.iplay.com\/it\/home-page-2\/"},{"@type":"ListItem","position":2,"name":"Shop","item":"https:\/\/www.iplay.com\/en\/shop\/"},{"@type":"ListItem","position":3,"name":"Amazing Vacation: Seattle"}]},{"@type":"WebSite","@id":"https:\/\/www.iplay.com\/en\/#website","url":"https:\/\/www.iplay.com\/en\/","name":"IPlay","description":"The Best Casual Games!","publisher":{"@id":"https:\/\/www.iplay.com\/en\/#organization"},"potentialAction":[{"@type":"SearchAction","target":{"@type":"EntryPoint","urlTemplate":"https:\/\/www.iplay.com\/en\/?s={search_term_string}"},"query-input":{"@type":"PropertyValueSpecification","valueRequired":true,"valueName":"search_term_string"}}],"inLanguage":"it-IT"},{"@type":"Organization","@id":"https:\/\/www.iplay.com\/en\/#organization","name":"IPlay","url":"https:\/\/www.iplay.com\/en\/","logo":{"@type":"ImageObject","inLanguage":"it-IT","@id":"https:\/\/www.iplay.com\/en\/#\/schema\/logo\/image\/","url":"https:\/\/www.iplay.com\/wp-content\/uploads\/2023\/11\/Group-6100.svg","contentUrl":"https:\/\/www.iplay.com\/wp-content\/uploads\/2023\/11\/Group-6100.svg","width":98,"height":25,"caption":"IPlay"},"image":{"@id":"https:\/\/www.iplay.com\/en\/#\/schema\/logo\/image\/"}}]}},"_links":{"self":[{"href":"https:\/\/www.iplay.com\/it\/wp-json\/wp\/v2\/product\/126219","targetHints":{"allow":["GET"]}}],"collection":[{"href":"https:\/\/www.iplay.com\/it\/wp-json\/wp\/v2\/product"}],"about":[{"href":"https:\/\/www.iplay.com\/it\/wp-json\/wp\/v2\/types\/product"}],"author":[{"embeddable":true,"href":"https:\/\/www.iplay.com\/it\/wp-json\/wp\/v2\/users\/124"}],"replies":[{"embeddable":true,"href":"https:\/\/www.iplay.com\/it\/wp-json\/wp\/v2\/comments?post=126219"}],"wp:featuredmedia":[{"embeddable":true,"href":"https:\/\/www.iplay.com\/it\/wp-json\/wp\/v2\/media\/124842"}],"wp:attachment":[{"href":"https:\/\/www.iplay.com\/it\/wp-json\/wp\/v2\/media?parent=126219"}],"wp:term":[{"taxonomy":"product_brand","embeddable":true,"href":"https:\/\/www.iplay.com\/it\/wp-json\/wp\/v2\/product_brand?post=126219"},{"taxonomy":"product_cat","embeddable":true,"href":"https:\/\/www.iplay.com\/it\/wp-json\/wp\/v2\/product_cat?post=126219"},{"taxonomy":"product_tag","embeddable":true,"href":"https:\/\/www.iplay.com\/it\/wp-json\/wp\/v2\/product_tag?post=126219"}],"curies":[{"name":"wp","href":"https:\/\/api.w.org\/{rel}","templated":true}]}}