{"id":43183,"date":"2024-07-31T13:58:30","date_gmt":"2024-07-31T13:58:30","guid":{"rendered":"https:\/\/www.iplay.com\/games\/roll-this-ball\/"},"modified":"2024-07-31T13:58:30","modified_gmt":"2024-07-31T13:58:30","slug":"roll-this-ball","status":"publish","type":"product","link":"https:\/\/www.iplay.com\/fr\/games\/roll-this-ball\/","title":{"rendered":"Roll This Ball"},"content":{"rendered":"<p>Si vous appr\u00e9ciez les puzzles classiques de glissement et de d\u00e9blocage, ce jeu est parfait. Les tuiles en bois doivent \u00eatre d\u00e9plac\u00e9es pour d\u00e9bloquer le chemin, permettant \u00e0 une balle d\u2019acier d\u2019atteindre le but rouge et brillant. Ce jeu de casse-t\u00eate offre du plaisir et met les esprits au d\u00e9fi&nbsp;!  <\/p>\n<p><strong>FONCTIONNALIT\u00c9S<\/strong><\/p>\n<ul>\n<li>De nombreuses \u00e9nigmes<\/li>\n<li>Tuiles de bois et de fer<\/li>\n<li>Un gameplay stimulant<\/li>\n<li>Syst\u00e8me d\u2019indices<\/li>\n<\/ul>\n<p><strong>COMMENT JOUER<\/strong><\/p>\n<ul>\n<li>Les tuiles de bois doivent \u00eatre gliss\u00e9es pour cr\u00e9er un chemin pour le ballon vers le but.<\/li>\n<li>Les tuiles de fer ne peuvent pas \u00eatre d\u00e9plac\u00e9es.<\/li>\n<li>L\u2019objectif est de gagner avec le moins de coups possible.<\/li>\n<li>Des indices sont disponibles en cas de blocage.<\/li>\n<\/ul>\n","protected":false},"excerpt":{"rendered":"<p>Profitez d\u2019un puzzle coulissant classique.<\/p>\n","protected":false},"author":325,"featured_media":34851,"comment_status":"open","ping_status":"closed","template":"","meta":{"_acf_changed":false,"inline_featured_image":false},"product_brand":[],"product_cat":[179,193],"product_tag":[285,305,287],"class_list":{"0":"post-43183","1":"product","2":"type-product","3":"status-publish","4":"has-post-thumbnail","6":"product_cat-mobile-games-fr","7":"product_cat-puzzle-fr","8":"product_tag-play-on-mac-fr","9":"product_tag-play-on-mobile-fr","10":"product_tag-play-on-pc-fr","12":"first","13":"instock","14":"shipping-taxable","15":"purchasable","16":"product-type-html5_game"},"acf":[],"yoast_head":"<!-- This site is optimized with the Yoast SEO Premium plugin v25.2 (Yoast SEO v25.2) - https:\/\/yoast.com\/wordpress\/plugins\/seo\/ -->\n<title>Roll This Ball - Un puzzle coulissant classique<\/title>\n<meta name=\"description\" content=\"Profitez d\u2019un puzzle coulissant classique.\" \/>\n<meta name=\"robots\" content=\"index, follow, max-snippet:-1, max-image-preview:large, max-video-preview:-1\" \/>\n<link rel=\"canonical\" href=\"https:\/\/www.iplay.com\/fr\/games\/roll-this-ball\/\" \/>\n<meta property=\"og:locale\" content=\"fr_FR\" \/>\n<meta property=\"og:type\" content=\"article\" \/>\n<meta property=\"og:title\" content=\"Roll This Ball\" \/>\n<meta property=\"og:description\" content=\"Profitez d\u2019un puzzle coulissant classique.\" \/>\n<meta property=\"og:url\" content=\"https:\/\/www.iplay.com\/fr\/games\/roll-this-ball\/\" \/>\n<meta property=\"og:site_name\" content=\"IPlay\" \/>\n<meta name=\"twitter:card\" content=\"summary_large_image\" \/>\n<meta name=\"twitter:label1\" content=\"Dur\u00e9e de lecture estim\u00e9e\" \/>\n\t<meta name=\"twitter:data1\" content=\"1 minute\" \/>\n<script type=\"application\/ld+json\" class=\"yoast-schema-graph\">{\"@context\":\"https:\/\/schema.org\",\"@graph\":[{\"@type\":\"WebPage\",\"@id\":\"https:\/\/www.iplay.com\/fr\/games\/roll-this-ball\/\",\"url\":\"https:\/\/www.iplay.com\/fr\/games\/roll-this-ball\/\",\"name\":\"Roll This Ball - Un puzzle coulissant classique\",\"isPartOf\":{\"@id\":\"https:\/\/www.iplay.com\/en\/#website\"},\"primaryImageOfPage\":{\"@id\":\"https:\/\/www.iplay.com\/fr\/games\/roll-this-ball\/#primaryimage\"},\"image\":{\"@id\":\"https:\/\/www.iplay.com\/fr\/games\/roll-this-ball\/#primaryimage\"},\"thumbnailUrl\":\"https:\/\/www.iplay.com\/wp-content\/uploads\/2024\/07\/400x400-rollthisball.webp\",\"datePublished\":\"2024-07-31T13:58:30+00:00\",\"description\":\"Profitez d\u2019un puzzle coulissant classique.\",\"breadcrumb\":{\"@id\":\"https:\/\/www.iplay.com\/fr\/games\/roll-this-ball\/#breadcrumb\"},\"inLanguage\":\"fr-FR\",\"potentialAction\":[{\"@type\":\"ReadAction\",\"target\":[\"https:\/\/www.iplay.com\/fr\/games\/roll-this-ball\/\"]}]},{\"@type\":\"ImageObject\",\"inLanguage\":\"fr-FR\",\"@id\":\"https:\/\/www.iplay.com\/fr\/games\/roll-this-ball\/#primaryimage\",\"url\":\"https:\/\/www.iplay.com\/wp-content\/uploads\/2024\/07\/400x400-rollthisball.webp\",\"contentUrl\":\"https:\/\/www.iplay.com\/wp-content\/uploads\/2024\/07\/400x400-rollthisball.webp\",\"width\":400,\"height\":400},{\"@type\":\"BreadcrumbList\",\"@id\":\"https:\/\/www.iplay.com\/fr\/games\/roll-this-ball\/#breadcrumb\",\"itemListElement\":[{\"@type\":\"ListItem\",\"position\":1,\"name\":\"Home\",\"item\":\"https:\/\/www.iplay.com\/fr\/home-page-2\/\"},{\"@type\":\"ListItem\",\"position\":2,\"name\":\"Shop\",\"item\":\"https:\/\/www.iplay.com\/en\/shop\/\"},{\"@type\":\"ListItem\",\"position\":3,\"name\":\"Roll This Ball\"}]},{\"@type\":\"WebSite\",\"@id\":\"https:\/\/www.iplay.com\/en\/#website\",\"url\":\"https:\/\/www.iplay.com\/en\/\",\"name\":\"IPlay\",\"description\":\"The Best Casual Games!\",\"publisher\":{\"@id\":\"https:\/\/www.iplay.com\/en\/#organization\"},\"potentialAction\":[{\"@type\":\"SearchAction\",\"target\":{\"@type\":\"EntryPoint\",\"urlTemplate\":\"https:\/\/www.iplay.com\/en\/?s={search_term_string}\"},\"query-input\":{\"@type\":\"PropertyValueSpecification\",\"valueRequired\":true,\"valueName\":\"search_term_string\"}}],\"inLanguage\":\"fr-FR\"},{\"@type\":\"Organization\",\"@id\":\"https:\/\/www.iplay.com\/en\/#organization\",\"name\":\"IPlay\",\"url\":\"https:\/\/www.iplay.com\/en\/\",\"logo\":{\"@type\":\"ImageObject\",\"inLanguage\":\"fr-FR\",\"@id\":\"https:\/\/www.iplay.com\/en\/#\/schema\/logo\/image\/\",\"url\":\"https:\/\/www.iplay.com\/wp-content\/uploads\/2023\/11\/Group-6100.svg\",\"contentUrl\":\"https:\/\/www.iplay.com\/wp-content\/uploads\/2023\/11\/Group-6100.svg\",\"width\":98,\"height\":25,\"caption\":\"IPlay\"},\"image\":{\"@id\":\"https:\/\/www.iplay.com\/en\/#\/schema\/logo\/image\/\"}}]}<\/script>\n<!-- \/ Yoast SEO Premium plugin. -->","yoast_head_json":{"title":"Roll This Ball - Un puzzle coulissant classique","description":"Profitez d\u2019un puzzle coulissant classique.","robots":{"index":"index","follow":"follow","max-snippet":"max-snippet:-1","max-image-preview":"max-image-preview:large","max-video-preview":"max-video-preview:-1"},"canonical":"https:\/\/www.iplay.com\/fr\/games\/roll-this-ball\/","og_locale":"fr_FR","og_type":"article","og_title":"Roll This Ball","og_description":"Profitez d\u2019un puzzle coulissant classique.","og_url":"https:\/\/www.iplay.com\/fr\/games\/roll-this-ball\/","og_site_name":"IPlay","twitter_card":"summary_large_image","twitter_misc":{"Dur\u00e9e de lecture estim\u00e9e":"1 minute"},"schema":{"@context":"https:\/\/schema.org","@graph":[{"@type":"WebPage","@id":"https:\/\/www.iplay.com\/fr\/games\/roll-this-ball\/","url":"https:\/\/www.iplay.com\/fr\/games\/roll-this-ball\/","name":"Roll This Ball - Un puzzle coulissant classique","isPartOf":{"@id":"https:\/\/www.iplay.com\/en\/#website"},"primaryImageOfPage":{"@id":"https:\/\/www.iplay.com\/fr\/games\/roll-this-ball\/#primaryimage"},"image":{"@id":"https:\/\/www.iplay.com\/fr\/games\/roll-this-ball\/#primaryimage"},"thumbnailUrl":"https:\/\/www.iplay.com\/wp-content\/uploads\/2024\/07\/400x400-rollthisball.webp","datePublished":"2024-07-31T13:58:30+00:00","description":"Profitez d\u2019un puzzle coulissant classique.","breadcrumb":{"@id":"https:\/\/www.iplay.com\/fr\/games\/roll-this-ball\/#breadcrumb"},"inLanguage":"fr-FR","potentialAction":[{"@type":"ReadAction","target":["https:\/\/www.iplay.com\/fr\/games\/roll-this-ball\/"]}]},{"@type":"ImageObject","inLanguage":"fr-FR","@id":"https:\/\/www.iplay.com\/fr\/games\/roll-this-ball\/#primaryimage","url":"https:\/\/www.iplay.com\/wp-content\/uploads\/2024\/07\/400x400-rollthisball.webp","contentUrl":"https:\/\/www.iplay.com\/wp-content\/uploads\/2024\/07\/400x400-rollthisball.webp","width":400,"height":400},{"@type":"BreadcrumbList","@id":"https:\/\/www.iplay.com\/fr\/games\/roll-this-ball\/#breadcrumb","itemListElement":[{"@type":"ListItem","position":1,"name":"Home","item":"https:\/\/www.iplay.com\/fr\/home-page-2\/"},{"@type":"ListItem","position":2,"name":"Shop","item":"https:\/\/www.iplay.com\/en\/shop\/"},{"@type":"ListItem","position":3,"name":"Roll This Ball"}]},{"@type":"WebSite","@id":"https:\/\/www.iplay.com\/en\/#website","url":"https:\/\/www.iplay.com\/en\/","name":"IPlay","description":"The Best Casual Games!","publisher":{"@id":"https:\/\/www.iplay.com\/en\/#organization"},"potentialAction":[{"@type":"SearchAction","target":{"@type":"EntryPoint","urlTemplate":"https:\/\/www.iplay.com\/en\/?s={search_term_string}"},"query-input":{"@type":"PropertyValueSpecification","valueRequired":true,"valueName":"search_term_string"}}],"inLanguage":"fr-FR"},{"@type":"Organization","@id":"https:\/\/www.iplay.com\/en\/#organization","name":"IPlay","url":"https:\/\/www.iplay.com\/en\/","logo":{"@type":"ImageObject","inLanguage":"fr-FR","@id":"https:\/\/www.iplay.com\/en\/#\/schema\/logo\/image\/","url":"https:\/\/www.iplay.com\/wp-content\/uploads\/2023\/11\/Group-6100.svg","contentUrl":"https:\/\/www.iplay.com\/wp-content\/uploads\/2023\/11\/Group-6100.svg","width":98,"height":25,"caption":"IPlay"},"image":{"@id":"https:\/\/www.iplay.com\/en\/#\/schema\/logo\/image\/"}}]}},"_links":{"self":[{"href":"https:\/\/www.iplay.com\/fr\/wp-json\/wp\/v2\/product\/43183","targetHints":{"allow":["GET"]}}],"collection":[{"href":"https:\/\/www.iplay.com\/fr\/wp-json\/wp\/v2\/product"}],"about":[{"href":"https:\/\/www.iplay.com\/fr\/wp-json\/wp\/v2\/types\/product"}],"author":[{"embeddable":true,"href":"https:\/\/www.iplay.com\/fr\/wp-json\/wp\/v2\/users\/325"}],"replies":[{"embeddable":true,"href":"https:\/\/www.iplay.com\/fr\/wp-json\/wp\/v2\/comments?post=43183"}],"wp:featuredmedia":[{"embeddable":true,"href":"https:\/\/www.iplay.com\/fr\/wp-json\/wp\/v2\/media\/34851"}],"wp:attachment":[{"href":"https:\/\/www.iplay.com\/fr\/wp-json\/wp\/v2\/media?parent=43183"}],"wp:term":[{"taxonomy":"product_brand","embeddable":true,"href":"https:\/\/www.iplay.com\/fr\/wp-json\/wp\/v2\/product_brand?post=43183"},{"taxonomy":"product_cat","embeddable":true,"href":"https:\/\/www.iplay.com\/fr\/wp-json\/wp\/v2\/product_cat?post=43183"},{"taxonomy":"product_tag","embeddable":true,"href":"https:\/\/www.iplay.com\/fr\/wp-json\/wp\/v2\/product_tag?post=43183"}],"curies":[{"name":"wp","href":"https:\/\/api.w.org\/{rel}","templated":true}]}}