{"id":43116,"date":"2025-02-28T09:00:15","date_gmt":"2025-02-28T09:00:15","guid":{"rendered":"https:\/\/www.iplay.com\/games\/art-by-numbers-60\/"},"modified":"2025-04-18T15:05:27","modified_gmt":"2025-04-18T15:05:27","slug":"art-by-numbers-60","status":"publish","type":"product","link":"https:\/\/www.iplay.com\/fr\/games\/art-by-numbers-60\/","title":{"rendered":"Art By Numbers 60"},"content":{"rendered":"<p>Un voyage immersif dans un monde vibrant d\u2019\u0153uvres d\u2019art \u00e9poustouflantes, de courbes \u00e9l\u00e9gantes et de couleurs \u00e9clatantes est offert par <strong>Art By Numbers 60<\/strong> &#8211; bien au-del\u00e0 de ce que l\u2019on peut vivre dans les jeux de peinture ordinaires. Des \u0153uvres d\u2019art extraordinaires peuvent \u00eatre cr\u00e9\u00e9es avec rien de plus que de l\u2019imagination et du d\u00e9sir ! Le processus de cr\u00e9ation est magnifiquement simplifi\u00e9 : une couleur est s\u00e9lectionn\u00e9e, le num\u00e9ro correspondant est localis\u00e9 et l\u2019image choisie prend vie gr\u00e2ce \u00e0 l\u2019application de teintes brillantes. Des \u0153uvres d\u2019art \u00e0 couper le souffle sont r\u00e9alis\u00e9es tandis que l\u2019artiste qui sommeille en lui est d\u00e9couvert !   <\/p>\n<p>&nbsp;<\/p>\n<p><strong>Fonctionnalit\u00e9s<\/strong><\/p>\n<ul>\n<li>Vaste collection d\u2019art &#8211; Une riche galerie de 72 peintures exquises est fournie, chacune soigneusement con\u00e7ue pour \u00e9clater de vie et de couleurs une fois termin\u00e9e.<\/li>\n<li>Outils artistiques de pr\u00e9cision &#8211; Des coups de pinceau d\u00e9licats sont activ\u00e9s gr\u00e2ce \u00e0 la fonction de pinceau pointu, ce qui permet d\u2019appliquer la couleur avec une pr\u00e9cision remarquable.<\/li>\n<li>Options de peinture adaptative &#8211; Une transition transparente entre la peinture textur\u00e9e et les techniques de coloration \u00e0 plat est prise en charge, s\u2019adaptant \u00e0 diverses pr\u00e9f\u00e9rences artistiques.<\/li>\n<li>Cr\u00e9ativit\u00e9 illimit\u00e9e &#8211; Une vision artistique personnelle peut \u00eatre r\u00e9alis\u00e9e gr\u00e2ce au mode de coloration libre, o\u00f9 les sch\u00e9mas de couleurs pr\u00e9d\u00e9finis peuvent \u00eatre remplac\u00e9s par des palettes s\u00e9lectionn\u00e9es individuellement.<\/li>\n<li>Exp\u00e9rience cr\u00e9ative enrichissante &#8211; La joie et la satisfaction profondes de cr\u00e9er de belles \u0153uvres d\u2019art sont ressenties \u00e0 chaque section termin\u00e9e !<\/li>\n<\/ul>\n<p>&nbsp;<\/p>\n<p>La transformation de la toile vierge en chef-d\u2019\u0153uvre est r\u00e9alis\u00e9e gr\u00e2ce \u00e0 ce syst\u00e8me intuitif, o\u00f9 le talent artistique n\u2019est pas requis, mais seulement de la patience et une appr\u00e9ciation de la couleur. Chaque chef-d\u2019\u0153uvre est progressivement r\u00e9v\u00e9l\u00e9 au fur et \u00e0 mesure que des sections num\u00e9rot\u00e9es sont compl\u00e9t\u00e9es, cr\u00e9ant ainsi de l\u2019anticipation tout au long du voyage cr\u00e9atif.<\/p>\n","protected":false},"excerpt":{"rendered":"<p>Transformez des espaces num\u00e9rot\u00e9s en chefs-d\u2019\u0153uvre vibrants avec Art By Numbers 60, offrant des possibilit\u00e9s cr\u00e9atives infinies aux artistes de tous niveaux.<\/p>\n","protected":false},"author":16,"featured_media":42908,"comment_status":"open","ping_status":"closed","template":"","meta":{"_acf_changed":false,"inline_featured_image":false},"product_brand":[],"product_cat":[183],"product_tag":[231,287],"class_list":{"0":"post-43116","1":"product","2":"type-product","3":"status-publish","4":"has-post-thumbnail","6":"product_cat-paint-by-numbers-series-fr","7":"product_tag-art-by-numbers-series-fr","8":"product_tag-play-on-pc-fr","10":"first","11":"instock","12":"shipping-taxable","13":"purchasable","14":"product-type-simple"},"acf":[],"yoast_head":"<!-- This site is optimized with the Yoast SEO Premium plugin v25.2 (Yoast SEO v25.2) - https:\/\/yoast.com\/wordpress\/plugins\/seo\/ -->\n<title>Art By Numbers 60 : Cr\u00e9ez des chefs-d\u2019\u0153uvre \u00e9poustouflants aux couleurs vives<\/title>\n<meta name=\"description\" content=\"Transformez des espaces num\u00e9rot\u00e9s en chefs-d\u2019\u0153uvre vibrants avec Art By Numbers 60, offrant des possibilit\u00e9s cr\u00e9atives infinies aux artistes de tous niveaux.\" \/>\n<meta name=\"robots\" content=\"index, follow, max-snippet:-1, max-image-preview:large, max-video-preview:-1\" \/>\n<link rel=\"canonical\" href=\"https:\/\/www.iplay.com\/fr\/games\/art-by-numbers-60\/\" \/>\n<meta property=\"og:locale\" content=\"fr_FR\" \/>\n<meta property=\"og:type\" content=\"article\" \/>\n<meta property=\"og:title\" content=\"Art By Numbers 60\" \/>\n<meta property=\"og:description\" content=\"Transformez des espaces num\u00e9rot\u00e9s en chefs-d\u2019\u0153uvre vibrants avec Art By Numbers 60, offrant des possibilit\u00e9s cr\u00e9atives infinies aux artistes de tous niveaux.\" \/>\n<meta property=\"og:url\" content=\"https:\/\/www.iplay.com\/fr\/games\/art-by-numbers-60\/\" \/>\n<meta property=\"og:site_name\" content=\"IPlay\" \/>\n<meta property=\"article:modified_time\" content=\"2025-04-18T15:05:27+00:00\" \/>\n<meta property=\"og:image\" content=\"https:\/\/www.iplay.com\/wp-content\/uploads\/2025\/02\/art_by_numbers_60_large_square_tile_image-cgi-400w.webp\" \/>\n\t<meta property=\"og:image:width\" content=\"400\" \/>\n\t<meta property=\"og:image:height\" content=\"400\" \/>\n\t<meta property=\"og:image:type\" content=\"image\/webp\" \/>\n<meta name=\"twitter:card\" content=\"summary_large_image\" \/>\n<meta name=\"twitter:label1\" content=\"Dur\u00e9e de lecture estim\u00e9e\" \/>\n\t<meta name=\"twitter:data1\" content=\"2 minutes\" \/>\n<script type=\"application\/ld+json\" class=\"yoast-schema-graph\">{\"@context\":\"https:\/\/schema.org\",\"@graph\":[{\"@type\":\"WebPage\",\"@id\":\"https:\/\/www.iplay.com\/fr\/games\/art-by-numbers-60\/\",\"url\":\"https:\/\/www.iplay.com\/fr\/games\/art-by-numbers-60\/\",\"name\":\"Art By Numbers 60 : Cr\u00e9ez des chefs-d\u2019\u0153uvre \u00e9poustouflants aux couleurs vives\",\"isPartOf\":{\"@id\":\"https:\/\/www.iplay.com\/en\/#website\"},\"primaryImageOfPage\":{\"@id\":\"https:\/\/www.iplay.com\/fr\/games\/art-by-numbers-60\/#primaryimage\"},\"image\":{\"@id\":\"https:\/\/www.iplay.com\/fr\/games\/art-by-numbers-60\/#primaryimage\"},\"thumbnailUrl\":\"https:\/\/www.iplay.com\/wp-content\/uploads\/2025\/02\/art_by_numbers_60_large_square_tile_image-cgi-400w.webp\",\"datePublished\":\"2025-02-28T09:00:15+00:00\",\"dateModified\":\"2025-04-18T15:05:27+00:00\",\"description\":\"Transformez des espaces num\u00e9rot\u00e9s en chefs-d\u2019\u0153uvre vibrants avec Art By Numbers 60, offrant des possibilit\u00e9s cr\u00e9atives infinies aux artistes de tous niveaux.\",\"breadcrumb\":{\"@id\":\"https:\/\/www.iplay.com\/fr\/games\/art-by-numbers-60\/#breadcrumb\"},\"inLanguage\":\"fr-FR\",\"potentialAction\":[{\"@type\":\"ReadAction\",\"target\":[\"https:\/\/www.iplay.com\/fr\/games\/art-by-numbers-60\/\"]}]},{\"@type\":\"ImageObject\",\"inLanguage\":\"fr-FR\",\"@id\":\"https:\/\/www.iplay.com\/fr\/games\/art-by-numbers-60\/#primaryimage\",\"url\":\"https:\/\/www.iplay.com\/wp-content\/uploads\/2025\/02\/art_by_numbers_60_large_square_tile_image-cgi-400w.webp\",\"contentUrl\":\"https:\/\/www.iplay.com\/wp-content\/uploads\/2025\/02\/art_by_numbers_60_large_square_tile_image-cgi-400w.webp\",\"width\":400,\"height\":400},{\"@type\":\"BreadcrumbList\",\"@id\":\"https:\/\/www.iplay.com\/fr\/games\/art-by-numbers-60\/#breadcrumb\",\"itemListElement\":[{\"@type\":\"ListItem\",\"position\":1,\"name\":\"Home\",\"item\":\"https:\/\/www.iplay.com\/fr\/home-page-2\/\"},{\"@type\":\"ListItem\",\"position\":2,\"name\":\"Shop\",\"item\":\"https:\/\/www.iplay.com\/en\/shop\/\"},{\"@type\":\"ListItem\",\"position\":3,\"name\":\"Art By Numbers 60\"}]},{\"@type\":\"WebSite\",\"@id\":\"https:\/\/www.iplay.com\/en\/#website\",\"url\":\"https:\/\/www.iplay.com\/en\/\",\"name\":\"IPlay\",\"description\":\"The Best Casual Games!\",\"publisher\":{\"@id\":\"https:\/\/www.iplay.com\/en\/#organization\"},\"potentialAction\":[{\"@type\":\"SearchAction\",\"target\":{\"@type\":\"EntryPoint\",\"urlTemplate\":\"https:\/\/www.iplay.com\/en\/?s={search_term_string}\"},\"query-input\":{\"@type\":\"PropertyValueSpecification\",\"valueRequired\":true,\"valueName\":\"search_term_string\"}}],\"inLanguage\":\"fr-FR\"},{\"@type\":\"Organization\",\"@id\":\"https:\/\/www.iplay.com\/en\/#organization\",\"name\":\"IPlay\",\"url\":\"https:\/\/www.iplay.com\/en\/\",\"logo\":{\"@type\":\"ImageObject\",\"inLanguage\":\"fr-FR\",\"@id\":\"https:\/\/www.iplay.com\/en\/#\/schema\/logo\/image\/\",\"url\":\"https:\/\/www.iplay.com\/wp-content\/uploads\/2023\/11\/Group-6100.svg\",\"contentUrl\":\"https:\/\/www.iplay.com\/wp-content\/uploads\/2023\/11\/Group-6100.svg\",\"width\":98,\"height\":25,\"caption\":\"IPlay\"},\"image\":{\"@id\":\"https:\/\/www.iplay.com\/en\/#\/schema\/logo\/image\/\"}}]}<\/script>\n<!-- \/ Yoast SEO Premium plugin. -->","yoast_head_json":{"title":"Art By Numbers 60 : Cr\u00e9ez des chefs-d\u2019\u0153uvre \u00e9poustouflants aux couleurs vives","description":"Transformez des espaces num\u00e9rot\u00e9s en chefs-d\u2019\u0153uvre vibrants avec Art By Numbers 60, offrant des possibilit\u00e9s cr\u00e9atives infinies aux artistes de tous niveaux.","robots":{"index":"index","follow":"follow","max-snippet":"max-snippet:-1","max-image-preview":"max-image-preview:large","max-video-preview":"max-video-preview:-1"},"canonical":"https:\/\/www.iplay.com\/fr\/games\/art-by-numbers-60\/","og_locale":"fr_FR","og_type":"article","og_title":"Art By Numbers 60","og_description":"Transformez des espaces num\u00e9rot\u00e9s en chefs-d\u2019\u0153uvre vibrants avec Art By Numbers 60, offrant des possibilit\u00e9s cr\u00e9atives infinies aux artistes de tous niveaux.","og_url":"https:\/\/www.iplay.com\/fr\/games\/art-by-numbers-60\/","og_site_name":"IPlay","article_modified_time":"2025-04-18T15:05:27+00:00","og_image":[{"width":400,"height":400,"url":"https:\/\/www.iplay.com\/wp-content\/uploads\/2025\/02\/art_by_numbers_60_large_square_tile_image-cgi-400w.webp","type":"image\/webp"}],"twitter_card":"summary_large_image","twitter_misc":{"Dur\u00e9e de lecture estim\u00e9e":"2 minutes"},"schema":{"@context":"https:\/\/schema.org","@graph":[{"@type":"WebPage","@id":"https:\/\/www.iplay.com\/fr\/games\/art-by-numbers-60\/","url":"https:\/\/www.iplay.com\/fr\/games\/art-by-numbers-60\/","name":"Art By Numbers 60 : Cr\u00e9ez des chefs-d\u2019\u0153uvre \u00e9poustouflants aux couleurs vives","isPartOf":{"@id":"https:\/\/www.iplay.com\/en\/#website"},"primaryImageOfPage":{"@id":"https:\/\/www.iplay.com\/fr\/games\/art-by-numbers-60\/#primaryimage"},"image":{"@id":"https:\/\/www.iplay.com\/fr\/games\/art-by-numbers-60\/#primaryimage"},"thumbnailUrl":"https:\/\/www.iplay.com\/wp-content\/uploads\/2025\/02\/art_by_numbers_60_large_square_tile_image-cgi-400w.webp","datePublished":"2025-02-28T09:00:15+00:00","dateModified":"2025-04-18T15:05:27+00:00","description":"Transformez des espaces num\u00e9rot\u00e9s en chefs-d\u2019\u0153uvre vibrants avec Art By Numbers 60, offrant des possibilit\u00e9s cr\u00e9atives infinies aux artistes de tous niveaux.","breadcrumb":{"@id":"https:\/\/www.iplay.com\/fr\/games\/art-by-numbers-60\/#breadcrumb"},"inLanguage":"fr-FR","potentialAction":[{"@type":"ReadAction","target":["https:\/\/www.iplay.com\/fr\/games\/art-by-numbers-60\/"]}]},{"@type":"ImageObject","inLanguage":"fr-FR","@id":"https:\/\/www.iplay.com\/fr\/games\/art-by-numbers-60\/#primaryimage","url":"https:\/\/www.iplay.com\/wp-content\/uploads\/2025\/02\/art_by_numbers_60_large_square_tile_image-cgi-400w.webp","contentUrl":"https:\/\/www.iplay.com\/wp-content\/uploads\/2025\/02\/art_by_numbers_60_large_square_tile_image-cgi-400w.webp","width":400,"height":400},{"@type":"BreadcrumbList","@id":"https:\/\/www.iplay.com\/fr\/games\/art-by-numbers-60\/#breadcrumb","itemListElement":[{"@type":"ListItem","position":1,"name":"Home","item":"https:\/\/www.iplay.com\/fr\/home-page-2\/"},{"@type":"ListItem","position":2,"name":"Shop","item":"https:\/\/www.iplay.com\/en\/shop\/"},{"@type":"ListItem","position":3,"name":"Art By Numbers 60"}]},{"@type":"WebSite","@id":"https:\/\/www.iplay.com\/en\/#website","url":"https:\/\/www.iplay.com\/en\/","name":"IPlay","description":"The Best Casual Games!","publisher":{"@id":"https:\/\/www.iplay.com\/en\/#organization"},"potentialAction":[{"@type":"SearchAction","target":{"@type":"EntryPoint","urlTemplate":"https:\/\/www.iplay.com\/en\/?s={search_term_string}"},"query-input":{"@type":"PropertyValueSpecification","valueRequired":true,"valueName":"search_term_string"}}],"inLanguage":"fr-FR"},{"@type":"Organization","@id":"https:\/\/www.iplay.com\/en\/#organization","name":"IPlay","url":"https:\/\/www.iplay.com\/en\/","logo":{"@type":"ImageObject","inLanguage":"fr-FR","@id":"https:\/\/www.iplay.com\/en\/#\/schema\/logo\/image\/","url":"https:\/\/www.iplay.com\/wp-content\/uploads\/2023\/11\/Group-6100.svg","contentUrl":"https:\/\/www.iplay.com\/wp-content\/uploads\/2023\/11\/Group-6100.svg","width":98,"height":25,"caption":"IPlay"},"image":{"@id":"https:\/\/www.iplay.com\/en\/#\/schema\/logo\/image\/"}}]}},"_links":{"self":[{"href":"https:\/\/www.iplay.com\/fr\/wp-json\/wp\/v2\/product\/43116","targetHints":{"allow":["GET"]}}],"collection":[{"href":"https:\/\/www.iplay.com\/fr\/wp-json\/wp\/v2\/product"}],"about":[{"href":"https:\/\/www.iplay.com\/fr\/wp-json\/wp\/v2\/types\/product"}],"author":[{"embeddable":true,"href":"https:\/\/www.iplay.com\/fr\/wp-json\/wp\/v2\/users\/16"}],"replies":[{"embeddable":true,"href":"https:\/\/www.iplay.com\/fr\/wp-json\/wp\/v2\/comments?post=43116"}],"wp:featuredmedia":[{"embeddable":true,"href":"https:\/\/www.iplay.com\/fr\/wp-json\/wp\/v2\/media\/42908"}],"wp:attachment":[{"href":"https:\/\/www.iplay.com\/fr\/wp-json\/wp\/v2\/media?parent=43116"}],"wp:term":[{"taxonomy":"product_brand","embeddable":true,"href":"https:\/\/www.iplay.com\/fr\/wp-json\/wp\/v2\/product_brand?post=43116"},{"taxonomy":"product_cat","embeddable":true,"href":"https:\/\/www.iplay.com\/fr\/wp-json\/wp\/v2\/product_cat?post=43116"},{"taxonomy":"product_tag","embeddable":true,"href":"https:\/\/www.iplay.com\/fr\/wp-json\/wp\/v2\/product_tag?post=43116"}],"curies":[{"name":"wp","href":"https:\/\/api.w.org\/{rel}","templated":true}]}}