{"id":43046,"date":"2024-12-20T10:30:48","date_gmt":"2024-12-20T10:30:48","guid":{"rendered":"https:\/\/www.iplay.com\/games\/art-coloring-40\/"},"modified":"2025-08-25T17:04:39","modified_gmt":"2025-08-25T17:04:39","slug":"art-coloring-40","status":"publish","type":"product","link":"https:\/\/www.iplay.com\/fr\/games\/art-coloring-40\/","title":{"rendered":"Art Coloring 40"},"content":{"rendered":"<p>Art Coloring est con\u00e7u pour offrir une exp\u00e9rience de peinture immersive et cr\u00e9ative. Un monde vibrant d\u2019\u0153uvres d\u2019art \u00e9poustouflantes, de lignes complexes et de couleurs vives est offert, ne n\u00e9cessitant qu\u2019un amour pour la cr\u00e9ativit\u00e9. Les couleurs sont s\u00e9lectionn\u00e9es, assorties \u00e0 leurs num\u00e9ros correspondants et prennent vie sous forme d\u2019images captivantes.  <\/p>\n<p>Des choix de m\u00e9thodes de coloration sont propos\u00e9s, ce qui permet de remplir des zones ou de colorer des pixels individuels. De beaux chefs-d\u2019\u0153uvre peuvent \u00eatre fabriqu\u00e9s tandis que l\u2019artiste int\u00e9rieur est autoris\u00e9 \u00e0 briller. <\/p>\n<p>&nbsp;<\/p>\n<p><strong>Fonctionnalit\u00e9s<\/strong><\/p>\n<ul>\n<li>Soixante-quatre \u0153uvres d\u2019art aux couleurs vives.<\/li>\n<li>Soixante-quatre illustrations en pixels avec des designs \u00e9clatants.<\/li>\n<li>Options de coloration : pixel art ou peinture par num\u00e9ros.<\/li>\n<li>Les styles de peinture peuvent \u00eatre altern\u00e9s entre des finitions textur\u00e9es et lisses.<\/li>\n<li>Un plaisir sans fin est assur\u00e9.<\/li>\n<\/ul>\n","protected":false},"excerpt":{"rendered":"<p>Lib\u00e9rez votre cr\u00e9ativit\u00e9 avec des \u0153uvres d\u2019art <strong>\u00e9poustouflantes dans Art Coloring 40 !<\/strong><\/p>\n","protected":false},"author":16,"featured_media":43051,"comment_status":"open","ping_status":"closed","template":"","meta":{"_acf_changed":false,"inline_featured_image":false},"product_brand":[],"product_cat":[183],"product_tag":[235,287],"class_list":{"0":"post-43046","1":"product","2":"type-product","3":"status-publish","4":"has-post-thumbnail","6":"product_cat-paint-by-numbers-series-fr","7":"product_tag-art-coloring-series-fr","8":"product_tag-play-on-pc-fr","10":"first","11":"instock","12":"shipping-taxable","13":"purchasable","14":"product-type-simple"},"acf":[],"yoast_head":"<!-- This site is optimized with the Yoast SEO Premium plugin v25.2 (Yoast SEO v25.2) - https:\/\/yoast.com\/wordpress\/plugins\/seo\/ -->\n<title>Lib\u00e9rez votre cr\u00e9ativit\u00e9 avec des \u0153uvres d\u2019art \u00e9poustouflantes dans Art Coloring 40 !<\/title>\n<meta name=\"description\" content=\"Lib\u00e9rez votre cr\u00e9ativit\u00e9 avec des \u0153uvres d\u2019art \u00e9poustouflantes dans Art Coloring 40 !\" \/>\n<meta name=\"robots\" content=\"index, follow, max-snippet:-1, max-image-preview:large, max-video-preview:-1\" \/>\n<link rel=\"canonical\" href=\"https:\/\/www.iplay.com\/fr\/games\/art-coloring-40\/\" \/>\n<meta property=\"og:locale\" content=\"fr_FR\" \/>\n<meta property=\"og:type\" content=\"article\" \/>\n<meta property=\"og:title\" content=\"Art Coloring 40\" \/>\n<meta property=\"og:description\" content=\"Lib\u00e9rez votre cr\u00e9ativit\u00e9 avec des \u0153uvres d\u2019art \u00e9poustouflantes dans Art Coloring 40 !\" \/>\n<meta property=\"og:url\" content=\"https:\/\/www.iplay.com\/fr\/games\/art-coloring-40\/\" \/>\n<meta property=\"og:site_name\" content=\"IPlay\" \/>\n<meta property=\"article:modified_time\" content=\"2025-08-25T17:04:39+00:00\" \/>\n<meta property=\"og:image\" content=\"https:\/\/www.iplay.com\/wp-content\/uploads\/2024\/12\/art_coloring_40_large_square_tile_image-1.webp\" \/>\n\t<meta property=\"og:image:width\" content=\"400\" \/>\n\t<meta property=\"og:image:height\" content=\"400\" \/>\n\t<meta property=\"og:image:type\" content=\"image\/webp\" \/>\n<meta name=\"twitter:card\" content=\"summary_large_image\" \/>\n<meta name=\"twitter:label1\" content=\"Dur\u00e9e de lecture estim\u00e9e\" \/>\n\t<meta name=\"twitter:data1\" content=\"1 minute\" \/>\n<script type=\"application\/ld+json\" class=\"yoast-schema-graph\">{\"@context\":\"https:\/\/schema.org\",\"@graph\":[{\"@type\":\"WebPage\",\"@id\":\"https:\/\/www.iplay.com\/fr\/games\/art-coloring-40\/\",\"url\":\"https:\/\/www.iplay.com\/fr\/games\/art-coloring-40\/\",\"name\":\"Lib\u00e9rez votre cr\u00e9ativit\u00e9 avec des \u0153uvres d\u2019art \u00e9poustouflantes dans Art Coloring 40 !\",\"isPartOf\":{\"@id\":\"https:\/\/www.iplay.com\/en\/#website\"},\"primaryImageOfPage\":{\"@id\":\"https:\/\/www.iplay.com\/fr\/games\/art-coloring-40\/#primaryimage\"},\"image\":{\"@id\":\"https:\/\/www.iplay.com\/fr\/games\/art-coloring-40\/#primaryimage\"},\"thumbnailUrl\":\"https:\/\/www.iplay.com\/wp-content\/uploads\/2024\/12\/art_coloring_40_large_square_tile_image-1.webp\",\"datePublished\":\"2024-12-20T10:30:48+00:00\",\"dateModified\":\"2025-08-25T17:04:39+00:00\",\"description\":\"Lib\u00e9rez votre cr\u00e9ativit\u00e9 avec des \u0153uvres d\u2019art \u00e9poustouflantes dans Art Coloring 40 !\",\"breadcrumb\":{\"@id\":\"https:\/\/www.iplay.com\/fr\/games\/art-coloring-40\/#breadcrumb\"},\"inLanguage\":\"fr-FR\",\"potentialAction\":[{\"@type\":\"ReadAction\",\"target\":[\"https:\/\/www.iplay.com\/fr\/games\/art-coloring-40\/\"]}]},{\"@type\":\"ImageObject\",\"inLanguage\":\"fr-FR\",\"@id\":\"https:\/\/www.iplay.com\/fr\/games\/art-coloring-40\/#primaryimage\",\"url\":\"https:\/\/www.iplay.com\/wp-content\/uploads\/2024\/12\/art_coloring_40_large_square_tile_image-1.webp\",\"contentUrl\":\"https:\/\/www.iplay.com\/wp-content\/uploads\/2024\/12\/art_coloring_40_large_square_tile_image-1.webp\",\"width\":400,\"height\":400},{\"@type\":\"BreadcrumbList\",\"@id\":\"https:\/\/www.iplay.com\/fr\/games\/art-coloring-40\/#breadcrumb\",\"itemListElement\":[{\"@type\":\"ListItem\",\"position\":1,\"name\":\"Home\",\"item\":\"https:\/\/www.iplay.com\/fr\/home-page-2\/\"},{\"@type\":\"ListItem\",\"position\":2,\"name\":\"Shop\",\"item\":\"https:\/\/www.iplay.com\/en\/shop\/\"},{\"@type\":\"ListItem\",\"position\":3,\"name\":\"Art Coloring 40\"}]},{\"@type\":\"WebSite\",\"@id\":\"https:\/\/www.iplay.com\/en\/#website\",\"url\":\"https:\/\/www.iplay.com\/en\/\",\"name\":\"IPlay\",\"description\":\"The Best Casual Games!\",\"publisher\":{\"@id\":\"https:\/\/www.iplay.com\/en\/#organization\"},\"potentialAction\":[{\"@type\":\"SearchAction\",\"target\":{\"@type\":\"EntryPoint\",\"urlTemplate\":\"https:\/\/www.iplay.com\/en\/?s={search_term_string}\"},\"query-input\":{\"@type\":\"PropertyValueSpecification\",\"valueRequired\":true,\"valueName\":\"search_term_string\"}}],\"inLanguage\":\"fr-FR\"},{\"@type\":\"Organization\",\"@id\":\"https:\/\/www.iplay.com\/en\/#organization\",\"name\":\"IPlay\",\"url\":\"https:\/\/www.iplay.com\/en\/\",\"logo\":{\"@type\":\"ImageObject\",\"inLanguage\":\"fr-FR\",\"@id\":\"https:\/\/www.iplay.com\/en\/#\/schema\/logo\/image\/\",\"url\":\"https:\/\/www.iplay.com\/wp-content\/uploads\/2023\/11\/Group-6100.svg\",\"contentUrl\":\"https:\/\/www.iplay.com\/wp-content\/uploads\/2023\/11\/Group-6100.svg\",\"width\":98,\"height\":25,\"caption\":\"IPlay\"},\"image\":{\"@id\":\"https:\/\/www.iplay.com\/en\/#\/schema\/logo\/image\/\"}}]}<\/script>\n<!-- \/ Yoast SEO Premium plugin. -->","yoast_head_json":{"title":"Lib\u00e9rez votre cr\u00e9ativit\u00e9 avec des \u0153uvres d\u2019art \u00e9poustouflantes dans Art Coloring 40 !","description":"Lib\u00e9rez votre cr\u00e9ativit\u00e9 avec des \u0153uvres d\u2019art \u00e9poustouflantes dans Art Coloring 40 !","robots":{"index":"index","follow":"follow","max-snippet":"max-snippet:-1","max-image-preview":"max-image-preview:large","max-video-preview":"max-video-preview:-1"},"canonical":"https:\/\/www.iplay.com\/fr\/games\/art-coloring-40\/","og_locale":"fr_FR","og_type":"article","og_title":"Art Coloring 40","og_description":"Lib\u00e9rez votre cr\u00e9ativit\u00e9 avec des \u0153uvres d\u2019art \u00e9poustouflantes dans Art Coloring 40 !","og_url":"https:\/\/www.iplay.com\/fr\/games\/art-coloring-40\/","og_site_name":"IPlay","article_modified_time":"2025-08-25T17:04:39+00:00","og_image":[{"width":400,"height":400,"url":"https:\/\/www.iplay.com\/wp-content\/uploads\/2024\/12\/art_coloring_40_large_square_tile_image-1.webp","type":"image\/webp"}],"twitter_card":"summary_large_image","twitter_misc":{"Dur\u00e9e de lecture estim\u00e9e":"1 minute"},"schema":{"@context":"https:\/\/schema.org","@graph":[{"@type":"WebPage","@id":"https:\/\/www.iplay.com\/fr\/games\/art-coloring-40\/","url":"https:\/\/www.iplay.com\/fr\/games\/art-coloring-40\/","name":"Lib\u00e9rez votre cr\u00e9ativit\u00e9 avec des \u0153uvres d\u2019art \u00e9poustouflantes dans Art Coloring 40 !","isPartOf":{"@id":"https:\/\/www.iplay.com\/en\/#website"},"primaryImageOfPage":{"@id":"https:\/\/www.iplay.com\/fr\/games\/art-coloring-40\/#primaryimage"},"image":{"@id":"https:\/\/www.iplay.com\/fr\/games\/art-coloring-40\/#primaryimage"},"thumbnailUrl":"https:\/\/www.iplay.com\/wp-content\/uploads\/2024\/12\/art_coloring_40_large_square_tile_image-1.webp","datePublished":"2024-12-20T10:30:48+00:00","dateModified":"2025-08-25T17:04:39+00:00","description":"Lib\u00e9rez votre cr\u00e9ativit\u00e9 avec des \u0153uvres d\u2019art \u00e9poustouflantes dans Art Coloring 40 !","breadcrumb":{"@id":"https:\/\/www.iplay.com\/fr\/games\/art-coloring-40\/#breadcrumb"},"inLanguage":"fr-FR","potentialAction":[{"@type":"ReadAction","target":["https:\/\/www.iplay.com\/fr\/games\/art-coloring-40\/"]}]},{"@type":"ImageObject","inLanguage":"fr-FR","@id":"https:\/\/www.iplay.com\/fr\/games\/art-coloring-40\/#primaryimage","url":"https:\/\/www.iplay.com\/wp-content\/uploads\/2024\/12\/art_coloring_40_large_square_tile_image-1.webp","contentUrl":"https:\/\/www.iplay.com\/wp-content\/uploads\/2024\/12\/art_coloring_40_large_square_tile_image-1.webp","width":400,"height":400},{"@type":"BreadcrumbList","@id":"https:\/\/www.iplay.com\/fr\/games\/art-coloring-40\/#breadcrumb","itemListElement":[{"@type":"ListItem","position":1,"name":"Home","item":"https:\/\/www.iplay.com\/fr\/home-page-2\/"},{"@type":"ListItem","position":2,"name":"Shop","item":"https:\/\/www.iplay.com\/en\/shop\/"},{"@type":"ListItem","position":3,"name":"Art Coloring 40"}]},{"@type":"WebSite","@id":"https:\/\/www.iplay.com\/en\/#website","url":"https:\/\/www.iplay.com\/en\/","name":"IPlay","description":"The Best Casual Games!","publisher":{"@id":"https:\/\/www.iplay.com\/en\/#organization"},"potentialAction":[{"@type":"SearchAction","target":{"@type":"EntryPoint","urlTemplate":"https:\/\/www.iplay.com\/en\/?s={search_term_string}"},"query-input":{"@type":"PropertyValueSpecification","valueRequired":true,"valueName":"search_term_string"}}],"inLanguage":"fr-FR"},{"@type":"Organization","@id":"https:\/\/www.iplay.com\/en\/#organization","name":"IPlay","url":"https:\/\/www.iplay.com\/en\/","logo":{"@type":"ImageObject","inLanguage":"fr-FR","@id":"https:\/\/www.iplay.com\/en\/#\/schema\/logo\/image\/","url":"https:\/\/www.iplay.com\/wp-content\/uploads\/2023\/11\/Group-6100.svg","contentUrl":"https:\/\/www.iplay.com\/wp-content\/uploads\/2023\/11\/Group-6100.svg","width":98,"height":25,"caption":"IPlay"},"image":{"@id":"https:\/\/www.iplay.com\/en\/#\/schema\/logo\/image\/"}}]}},"_links":{"self":[{"href":"https:\/\/www.iplay.com\/fr\/wp-json\/wp\/v2\/product\/43046","targetHints":{"allow":["GET"]}}],"collection":[{"href":"https:\/\/www.iplay.com\/fr\/wp-json\/wp\/v2\/product"}],"about":[{"href":"https:\/\/www.iplay.com\/fr\/wp-json\/wp\/v2\/types\/product"}],"author":[{"embeddable":true,"href":"https:\/\/www.iplay.com\/fr\/wp-json\/wp\/v2\/users\/16"}],"replies":[{"embeddable":true,"href":"https:\/\/www.iplay.com\/fr\/wp-json\/wp\/v2\/comments?post=43046"}],"wp:featuredmedia":[{"embeddable":true,"href":"https:\/\/www.iplay.com\/fr\/wp-json\/wp\/v2\/media\/43051"}],"wp:attachment":[{"href":"https:\/\/www.iplay.com\/fr\/wp-json\/wp\/v2\/media?parent=43046"}],"wp:term":[{"taxonomy":"product_brand","embeddable":true,"href":"https:\/\/www.iplay.com\/fr\/wp-json\/wp\/v2\/product_brand?post=43046"},{"taxonomy":"product_cat","embeddable":true,"href":"https:\/\/www.iplay.com\/fr\/wp-json\/wp\/v2\/product_cat?post=43046"},{"taxonomy":"product_tag","embeddable":true,"href":"https:\/\/www.iplay.com\/fr\/wp-json\/wp\/v2\/product_tag?post=43046"}],"curies":[{"name":"wp","href":"https:\/\/api.w.org\/{rel}","templated":true}]}}