{"id":42235,"date":"2024-04-12T10:11:02","date_gmt":"2024-04-12T10:11:02","guid":{"rendered":"https:\/\/www.iplay.com\/games\/checkers-legend\/"},"modified":"2024-04-12T10:11:02","modified_gmt":"2024-04-12T10:11:02","slug":"checkers-legend","status":"publish","type":"product","link":"https:\/\/www.iplay.com\/fr\/games\/checkers-legend\/","title":{"rendered":"Checkers Legend"},"content":{"rendered":"<p>Le jeu de soci\u00e9t\u00e9 bien connu et incroyablement facile auquel tout le monde joue depuis l\u2019enfance. Le jeu a plusieurs options de r\u00e8gles car il a diff\u00e9rentes variantes. Vous pouvez utiliser cette application pour jouer contre un ami sur le m\u00eame appareil ou vous pouvez jouer contre l\u2019IA de base.  <\/p>\n<p>&nbsp;<\/p>\n<p><b>FONCTIONNALIT\u00c9S<\/b><\/p>\n<ul>\n<li>Trois degr\u00e9s de difficult\u00e9 diff\u00e9rents<\/li>\n<li>Mode deux joueurs<\/li>\n<li>D\u2019autres r\u00e8gles de jeu sont possibles.<\/li>\n<li>5 planches et rev\u00eatements distincts pour pierres<\/li>\n<li>Simplicit\u00e9<\/li>\n<\/ul>\n<p>&nbsp;<\/p>\n<p><b>COMMENT JOUER<\/b><\/p>\n<ul>\n<li>En sautant par-dessus les pierres de vos adversaires, avancez vos pierres en diagonale.<\/li>\n<li>Vous pouvez trouver les r\u00e8gles fondamentales de ce jeu de soci\u00e9t\u00e9 bien connu et simple pour deux joueurs presque partout.<\/li>\n<li>Il existe de nombreuses fa\u00e7ons de jouer \u00e0 ce jeu, c\u2019est pourquoi nous vous offrons la possibilit\u00e9 de sp\u00e9cifier des r\u00e8gles suppl\u00e9mentaires \u00e0 votre fa\u00e7on, par exemple si les hommes peuvent reculer lors de la capture, jusqu\u2019o\u00f9 un roi peut avancer ou si les captures disponibles sont des mouvements requis.<\/li>\n<\/ul>\n","protected":false},"excerpt":{"rendered":"<p>Le jeu de soci\u00e9t\u00e9 classique que tout le monde conna\u00eet !<\/p>\n","protected":false},"author":325,"featured_media":42237,"comment_status":"open","ping_status":"closed","template":"","meta":{"_acf_changed":false,"inline_featured_image":false},"product_brand":[],"product_cat":[179,193],"product_tag":[285,305,287],"class_list":{"0":"post-42235","1":"product","2":"type-product","3":"status-publish","4":"has-post-thumbnail","6":"product_cat-mobile-games-fr","7":"product_cat-puzzle-fr","8":"product_tag-play-on-mac-fr","9":"product_tag-play-on-mobile-fr","10":"product_tag-play-on-pc-fr","12":"first","13":"instock","14":"shipping-taxable","15":"purchasable","16":"product-type-html5_game"},"acf":[],"yoast_head":"<!-- This site is optimized with the Yoast SEO Premium plugin v25.2 (Yoast SEO v25.2) - https:\/\/yoast.com\/wordpress\/plugins\/seo\/ -->\n<title>Checkers Legend - Jouez sur IPlay<\/title>\n<meta name=\"description\" content=\"Le jeu de soci\u00e9t\u00e9 classique que tout le monde conna\u00eet !\" \/>\n<meta name=\"robots\" content=\"index, follow, max-snippet:-1, max-image-preview:large, max-video-preview:-1\" \/>\n<link rel=\"canonical\" href=\"https:\/\/www.iplay.com\/fr\/games\/checkers-legend\/\" \/>\n<meta property=\"og:locale\" content=\"fr_FR\" \/>\n<meta property=\"og:type\" content=\"article\" \/>\n<meta property=\"og:title\" content=\"Checkers Legend\" \/>\n<meta property=\"og:description\" content=\"Le jeu de soci\u00e9t\u00e9 classique que tout le monde conna\u00eet !\" \/>\n<meta property=\"og:url\" content=\"https:\/\/www.iplay.com\/fr\/games\/checkers-legend\/\" \/>\n<meta property=\"og:site_name\" content=\"IPlay\" \/>\n<meta property=\"og:image\" content=\"https:\/\/www.iplay.com\/wp-content\/uploads\/2024\/04\/400x400-checkerslegend_thumb200x200.webp\" \/>\n\t<meta property=\"og:image:width\" content=\"400\" \/>\n\t<meta property=\"og:image:height\" content=\"400\" \/>\n\t<meta property=\"og:image:type\" content=\"image\/webp\" \/>\n<meta name=\"twitter:card\" content=\"summary_large_image\" \/>\n<meta name=\"twitter:label1\" content=\"Dur\u00e9e de lecture estim\u00e9e\" \/>\n\t<meta name=\"twitter:data1\" content=\"1 minute\" \/>\n<script type=\"application\/ld+json\" class=\"yoast-schema-graph\">{\"@context\":\"https:\/\/schema.org\",\"@graph\":[{\"@type\":\"WebPage\",\"@id\":\"https:\/\/www.iplay.com\/fr\/games\/checkers-legend\/\",\"url\":\"https:\/\/www.iplay.com\/fr\/games\/checkers-legend\/\",\"name\":\"Checkers Legend - Jouez sur IPlay\",\"isPartOf\":{\"@id\":\"https:\/\/www.iplay.com\/en\/#website\"},\"primaryImageOfPage\":{\"@id\":\"https:\/\/www.iplay.com\/fr\/games\/checkers-legend\/#primaryimage\"},\"image\":{\"@id\":\"https:\/\/www.iplay.com\/fr\/games\/checkers-legend\/#primaryimage\"},\"thumbnailUrl\":\"https:\/\/www.iplay.com\/wp-content\/uploads\/2024\/04\/400x400-checkerslegend_thumb200x200.webp\",\"datePublished\":\"2024-04-12T10:11:02+00:00\",\"description\":\"Le jeu de soci\u00e9t\u00e9 classique que tout le monde conna\u00eet !\",\"breadcrumb\":{\"@id\":\"https:\/\/www.iplay.com\/fr\/games\/checkers-legend\/#breadcrumb\"},\"inLanguage\":\"fr-FR\",\"potentialAction\":[{\"@type\":\"ReadAction\",\"target\":[\"https:\/\/www.iplay.com\/fr\/games\/checkers-legend\/\"]}]},{\"@type\":\"ImageObject\",\"inLanguage\":\"fr-FR\",\"@id\":\"https:\/\/www.iplay.com\/fr\/games\/checkers-legend\/#primaryimage\",\"url\":\"https:\/\/www.iplay.com\/wp-content\/uploads\/2024\/04\/400x400-checkerslegend_thumb200x200.webp\",\"contentUrl\":\"https:\/\/www.iplay.com\/wp-content\/uploads\/2024\/04\/400x400-checkerslegend_thumb200x200.webp\",\"width\":400,\"height\":400},{\"@type\":\"BreadcrumbList\",\"@id\":\"https:\/\/www.iplay.com\/fr\/games\/checkers-legend\/#breadcrumb\",\"itemListElement\":[{\"@type\":\"ListItem\",\"position\":1,\"name\":\"Home\",\"item\":\"https:\/\/www.iplay.com\/fr\/home-page-2\/\"},{\"@type\":\"ListItem\",\"position\":2,\"name\":\"Shop\",\"item\":\"https:\/\/www.iplay.com\/en\/shop\/\"},{\"@type\":\"ListItem\",\"position\":3,\"name\":\"Checkers Legend\"}]},{\"@type\":\"WebSite\",\"@id\":\"https:\/\/www.iplay.com\/en\/#website\",\"url\":\"https:\/\/www.iplay.com\/en\/\",\"name\":\"IPlay\",\"description\":\"The Best Casual Games!\",\"publisher\":{\"@id\":\"https:\/\/www.iplay.com\/en\/#organization\"},\"potentialAction\":[{\"@type\":\"SearchAction\",\"target\":{\"@type\":\"EntryPoint\",\"urlTemplate\":\"https:\/\/www.iplay.com\/en\/?s={search_term_string}\"},\"query-input\":{\"@type\":\"PropertyValueSpecification\",\"valueRequired\":true,\"valueName\":\"search_term_string\"}}],\"inLanguage\":\"fr-FR\"},{\"@type\":\"Organization\",\"@id\":\"https:\/\/www.iplay.com\/en\/#organization\",\"name\":\"IPlay\",\"url\":\"https:\/\/www.iplay.com\/en\/\",\"logo\":{\"@type\":\"ImageObject\",\"inLanguage\":\"fr-FR\",\"@id\":\"https:\/\/www.iplay.com\/en\/#\/schema\/logo\/image\/\",\"url\":\"https:\/\/www.iplay.com\/wp-content\/uploads\/2023\/11\/Group-6100.svg\",\"contentUrl\":\"https:\/\/www.iplay.com\/wp-content\/uploads\/2023\/11\/Group-6100.svg\",\"width\":98,\"height\":25,\"caption\":\"IPlay\"},\"image\":{\"@id\":\"https:\/\/www.iplay.com\/en\/#\/schema\/logo\/image\/\"}}]}<\/script>\n<!-- \/ Yoast SEO Premium plugin. -->","yoast_head_json":{"title":"Checkers Legend - Jouez sur IPlay","description":"Le jeu de soci\u00e9t\u00e9 classique que tout le monde conna\u00eet !","robots":{"index":"index","follow":"follow","max-snippet":"max-snippet:-1","max-image-preview":"max-image-preview:large","max-video-preview":"max-video-preview:-1"},"canonical":"https:\/\/www.iplay.com\/fr\/games\/checkers-legend\/","og_locale":"fr_FR","og_type":"article","og_title":"Checkers Legend","og_description":"Le jeu de soci\u00e9t\u00e9 classique que tout le monde conna\u00eet !","og_url":"https:\/\/www.iplay.com\/fr\/games\/checkers-legend\/","og_site_name":"IPlay","og_image":[{"width":400,"height":400,"url":"https:\/\/www.iplay.com\/wp-content\/uploads\/2024\/04\/400x400-checkerslegend_thumb200x200.webp","type":"image\/webp"}],"twitter_card":"summary_large_image","twitter_misc":{"Dur\u00e9e de lecture estim\u00e9e":"1 minute"},"schema":{"@context":"https:\/\/schema.org","@graph":[{"@type":"WebPage","@id":"https:\/\/www.iplay.com\/fr\/games\/checkers-legend\/","url":"https:\/\/www.iplay.com\/fr\/games\/checkers-legend\/","name":"Checkers Legend - Jouez sur IPlay","isPartOf":{"@id":"https:\/\/www.iplay.com\/en\/#website"},"primaryImageOfPage":{"@id":"https:\/\/www.iplay.com\/fr\/games\/checkers-legend\/#primaryimage"},"image":{"@id":"https:\/\/www.iplay.com\/fr\/games\/checkers-legend\/#primaryimage"},"thumbnailUrl":"https:\/\/www.iplay.com\/wp-content\/uploads\/2024\/04\/400x400-checkerslegend_thumb200x200.webp","datePublished":"2024-04-12T10:11:02+00:00","description":"Le jeu de soci\u00e9t\u00e9 classique que tout le monde conna\u00eet !","breadcrumb":{"@id":"https:\/\/www.iplay.com\/fr\/games\/checkers-legend\/#breadcrumb"},"inLanguage":"fr-FR","potentialAction":[{"@type":"ReadAction","target":["https:\/\/www.iplay.com\/fr\/games\/checkers-legend\/"]}]},{"@type":"ImageObject","inLanguage":"fr-FR","@id":"https:\/\/www.iplay.com\/fr\/games\/checkers-legend\/#primaryimage","url":"https:\/\/www.iplay.com\/wp-content\/uploads\/2024\/04\/400x400-checkerslegend_thumb200x200.webp","contentUrl":"https:\/\/www.iplay.com\/wp-content\/uploads\/2024\/04\/400x400-checkerslegend_thumb200x200.webp","width":400,"height":400},{"@type":"BreadcrumbList","@id":"https:\/\/www.iplay.com\/fr\/games\/checkers-legend\/#breadcrumb","itemListElement":[{"@type":"ListItem","position":1,"name":"Home","item":"https:\/\/www.iplay.com\/fr\/home-page-2\/"},{"@type":"ListItem","position":2,"name":"Shop","item":"https:\/\/www.iplay.com\/en\/shop\/"},{"@type":"ListItem","position":3,"name":"Checkers Legend"}]},{"@type":"WebSite","@id":"https:\/\/www.iplay.com\/en\/#website","url":"https:\/\/www.iplay.com\/en\/","name":"IPlay","description":"The Best Casual Games!","publisher":{"@id":"https:\/\/www.iplay.com\/en\/#organization"},"potentialAction":[{"@type":"SearchAction","target":{"@type":"EntryPoint","urlTemplate":"https:\/\/www.iplay.com\/en\/?s={search_term_string}"},"query-input":{"@type":"PropertyValueSpecification","valueRequired":true,"valueName":"search_term_string"}}],"inLanguage":"fr-FR"},{"@type":"Organization","@id":"https:\/\/www.iplay.com\/en\/#organization","name":"IPlay","url":"https:\/\/www.iplay.com\/en\/","logo":{"@type":"ImageObject","inLanguage":"fr-FR","@id":"https:\/\/www.iplay.com\/en\/#\/schema\/logo\/image\/","url":"https:\/\/www.iplay.com\/wp-content\/uploads\/2023\/11\/Group-6100.svg","contentUrl":"https:\/\/www.iplay.com\/wp-content\/uploads\/2023\/11\/Group-6100.svg","width":98,"height":25,"caption":"IPlay"},"image":{"@id":"https:\/\/www.iplay.com\/en\/#\/schema\/logo\/image\/"}}]}},"_links":{"self":[{"href":"https:\/\/www.iplay.com\/fr\/wp-json\/wp\/v2\/product\/42235","targetHints":{"allow":["GET"]}}],"collection":[{"href":"https:\/\/www.iplay.com\/fr\/wp-json\/wp\/v2\/product"}],"about":[{"href":"https:\/\/www.iplay.com\/fr\/wp-json\/wp\/v2\/types\/product"}],"author":[{"embeddable":true,"href":"https:\/\/www.iplay.com\/fr\/wp-json\/wp\/v2\/users\/325"}],"replies":[{"embeddable":true,"href":"https:\/\/www.iplay.com\/fr\/wp-json\/wp\/v2\/comments?post=42235"}],"wp:featuredmedia":[{"embeddable":true,"href":"https:\/\/www.iplay.com\/fr\/wp-json\/wp\/v2\/media\/42237"}],"wp:attachment":[{"href":"https:\/\/www.iplay.com\/fr\/wp-json\/wp\/v2\/media?parent=42235"}],"wp:term":[{"taxonomy":"product_brand","embeddable":true,"href":"https:\/\/www.iplay.com\/fr\/wp-json\/wp\/v2\/product_brand?post=42235"},{"taxonomy":"product_cat","embeddable":true,"href":"https:\/\/www.iplay.com\/fr\/wp-json\/wp\/v2\/product_cat?post=42235"},{"taxonomy":"product_tag","embeddable":true,"href":"https:\/\/www.iplay.com\/fr\/wp-json\/wp\/v2\/product_tag?post=42235"}],"curies":[{"name":"wp","href":"https:\/\/api.w.org\/{rel}","templated":true}]}}