{"id":41223,"date":"2024-05-10T10:00:34","date_gmt":"2024-05-10T10:00:34","guid":{"rendered":"https:\/\/www.iplay.com\/games\/amandas-magic-book-9-the-riftwalkers\/"},"modified":"2025-03-14T10:17:37","modified_gmt":"2025-03-14T10:17:37","slug":"amandas-magic-book-9-the-riftwalkers","status":"publish","type":"product","link":"https:\/\/www.iplay.com\/fr\/games\/amandas-magic-book-9-the-riftwalkers\/","title":{"rendered":"Amanda&#8217;s Magic Book 9: The Riftwalkers"},"content":{"rendered":"<p>Une fois de plus, Amanda et Charlie sont invit\u00e9s \u00e0 se plonger dans les pages \u00e9nigmatiques du livre magique d\u2019Amanda, embarquant ainsi pour un voyage enchanteur. Dans le neuvi\u00e8me volet de cette s\u00e9rie fantastique, \u00ab&nbsp;The Riftwalkers&nbsp;\u00bb, notre courageuse \u00e9quipe se retrouve transport\u00e9e dans des mondes inimaginables, o\u00f9 elle rencontrera des obstacles qui mettront \u00e0 l\u2019\u00e9preuve sa ruse et sa bravoure comme jamais auparavant. Des portails vers des royaumes lointains attendent la navigation alors qu\u2019Amanda et Charlie se lancent dans un incroyable voyage \u00e0 travers le temps et l\u2019espace.  <\/p>\n<p>Les secrets de la montre de poche enchant\u00e9e et sa relation complexe avec le temps lui-m\u00eame seront r\u00e9v\u00e9l\u00e9s, ainsi que la r\u00e9solution d\u2019\u00e9nigmes difficiles et l\u2019\u00e9vasion d\u2019adversaires rus\u00e9s. En voyageant dans le temps, ils rencontreront de grands personnages de l\u2019histoire et du folklore, d\u00e9couvriront des paysages \u00e9poustouflants et d\u00e9terreront des antiquit\u00e9s d\u00e9su\u00e8tes. <\/p>\n<p>&nbsp;<\/p>\n<p><strong>Fonctionnalit\u00e9s<\/strong><\/p>\n<ul>\n<li>D\u00e9couvrez de nouveaux mondes et percez d\u2019anciens secrets.<\/li>\n<li>R\u00e9solvez des \u00e9nigmes difficiles et surmontez des d\u00e9fis de taille.<\/li>\n<li>Rencontrez des personnages l\u00e9gendaires confront\u00e9s \u00e0 des obstacles extraordinaires.<\/li>\n<li>Admirez des paysages \u00e0 couper le souffle et d\u00e9couvrez des myst\u00e8res.<\/li>\n<li>Plongez dans les myst\u00e8res qui entourent la montre de poche magique.<\/li>\n<\/ul>\n","protected":false},"excerpt":{"rendered":"<p>Rejoignez Amanda et Charlie dans un voyage magique dans le temps dans Amanda\u2019s Magic Book 9 &#8211; The Riftwalkers<\/p>\n","protected":false},"author":42,"featured_media":41224,"comment_status":"open","ping_status":"closed","template":"","meta":{"_acf_changed":false,"inline_featured_image":false},"product_brand":[],"product_cat":[177],"product_tag":[287],"class_list":{"0":"post-41223","1":"product","2":"type-product","3":"status-publish","4":"has-post-thumbnail","6":"product_cat-match-3-fr","7":"product_tag-play-on-pc-fr","9":"first","10":"instock","11":"shipping-taxable","12":"purchasable","13":"product-type-simple"},"acf":[],"yoast_head":"<!-- This site is optimized with the Yoast SEO Premium plugin v25.2 (Yoast SEO v25.2) - https:\/\/yoast.com\/wordpress\/plugins\/seo\/ -->\n<title>Rejoignez Amanda et Charlie dans un voyage magique dans le temps<\/title>\n<meta name=\"description\" content=\"Rejoignez Amanda et Charlie dans un voyage magique dans le temps dans Amanda\u2019s Magic Book 9 - The Riftwalkers\" \/>\n<meta name=\"robots\" content=\"index, follow, max-snippet:-1, max-image-preview:large, max-video-preview:-1\" \/>\n<link rel=\"canonical\" href=\"https:\/\/www.iplay.com\/fr\/games\/amandas-magic-book-9-the-riftwalkers\/\" \/>\n<meta property=\"og:locale\" content=\"fr_FR\" \/>\n<meta property=\"og:type\" content=\"article\" \/>\n<meta property=\"og:title\" content=\"Amanda&#039;s Magic Book 9: The Riftwalkers\" \/>\n<meta property=\"og:description\" content=\"Rejoignez Amanda et Charlie dans un voyage magique dans le temps dans Amanda\u2019s Magic Book 9 - The Riftwalkers\" \/>\n<meta property=\"og:url\" content=\"https:\/\/www.iplay.com\/fr\/games\/amandas-magic-book-9-the-riftwalkers\/\" \/>\n<meta property=\"og:site_name\" content=\"IPlay\" \/>\n<meta property=\"article:modified_time\" content=\"2025-03-14T10:17:37+00:00\" \/>\n<meta property=\"og:image\" content=\"https:\/\/www.iplay.com\/wp-content\/uploads\/2024\/05\/Amandas-Magic-Book-9-The-Riftwalkers_large_square_tile_image.webp\" \/>\n\t<meta property=\"og:image:width\" content=\"310\" \/>\n\t<meta property=\"og:image:height\" content=\"310\" \/>\n\t<meta property=\"og:image:type\" content=\"image\/webp\" \/>\n<meta name=\"twitter:card\" content=\"summary_large_image\" \/>\n<meta name=\"twitter:label1\" content=\"Dur\u00e9e de lecture estim\u00e9e\" \/>\n\t<meta name=\"twitter:data1\" content=\"1 minute\" \/>\n<script type=\"application\/ld+json\" class=\"yoast-schema-graph\">{\"@context\":\"https:\/\/schema.org\",\"@graph\":[{\"@type\":\"WebPage\",\"@id\":\"https:\/\/www.iplay.com\/fr\/games\/amandas-magic-book-9-the-riftwalkers\/\",\"url\":\"https:\/\/www.iplay.com\/fr\/games\/amandas-magic-book-9-the-riftwalkers\/\",\"name\":\"Rejoignez Amanda et Charlie dans un voyage magique dans le temps\",\"isPartOf\":{\"@id\":\"https:\/\/www.iplay.com\/en\/#website\"},\"primaryImageOfPage\":{\"@id\":\"https:\/\/www.iplay.com\/fr\/games\/amandas-magic-book-9-the-riftwalkers\/#primaryimage\"},\"image\":{\"@id\":\"https:\/\/www.iplay.com\/fr\/games\/amandas-magic-book-9-the-riftwalkers\/#primaryimage\"},\"thumbnailUrl\":\"https:\/\/www.iplay.com\/wp-content\/uploads\/2024\/05\/Amandas-Magic-Book-9-The-Riftwalkers_large_square_tile_image.webp\",\"datePublished\":\"2024-05-10T10:00:34+00:00\",\"dateModified\":\"2025-03-14T10:17:37+00:00\",\"description\":\"Rejoignez Amanda et Charlie dans un voyage magique dans le temps dans Amanda\u2019s Magic Book 9 - The Riftwalkers\",\"breadcrumb\":{\"@id\":\"https:\/\/www.iplay.com\/fr\/games\/amandas-magic-book-9-the-riftwalkers\/#breadcrumb\"},\"inLanguage\":\"fr-FR\",\"potentialAction\":[{\"@type\":\"ReadAction\",\"target\":[\"https:\/\/www.iplay.com\/fr\/games\/amandas-magic-book-9-the-riftwalkers\/\"]}]},{\"@type\":\"ImageObject\",\"inLanguage\":\"fr-FR\",\"@id\":\"https:\/\/www.iplay.com\/fr\/games\/amandas-magic-book-9-the-riftwalkers\/#primaryimage\",\"url\":\"https:\/\/www.iplay.com\/wp-content\/uploads\/2024\/05\/Amandas-Magic-Book-9-The-Riftwalkers_large_square_tile_image.webp\",\"contentUrl\":\"https:\/\/www.iplay.com\/wp-content\/uploads\/2024\/05\/Amandas-Magic-Book-9-The-Riftwalkers_large_square_tile_image.webp\",\"width\":310,\"height\":310},{\"@type\":\"BreadcrumbList\",\"@id\":\"https:\/\/www.iplay.com\/fr\/games\/amandas-magic-book-9-the-riftwalkers\/#breadcrumb\",\"itemListElement\":[{\"@type\":\"ListItem\",\"position\":1,\"name\":\"Home\",\"item\":\"https:\/\/www.iplay.com\/fr\/home-page-2\/\"},{\"@type\":\"ListItem\",\"position\":2,\"name\":\"Shop\",\"item\":\"https:\/\/www.iplay.com\/en\/shop\/\"},{\"@type\":\"ListItem\",\"position\":3,\"name\":\"Amanda&#8217;s Magic Book 9: The Riftwalkers\"}]},{\"@type\":\"WebSite\",\"@id\":\"https:\/\/www.iplay.com\/en\/#website\",\"url\":\"https:\/\/www.iplay.com\/en\/\",\"name\":\"IPlay\",\"description\":\"The Best Casual Games!\",\"publisher\":{\"@id\":\"https:\/\/www.iplay.com\/en\/#organization\"},\"potentialAction\":[{\"@type\":\"SearchAction\",\"target\":{\"@type\":\"EntryPoint\",\"urlTemplate\":\"https:\/\/www.iplay.com\/en\/?s={search_term_string}\"},\"query-input\":{\"@type\":\"PropertyValueSpecification\",\"valueRequired\":true,\"valueName\":\"search_term_string\"}}],\"inLanguage\":\"fr-FR\"},{\"@type\":\"Organization\",\"@id\":\"https:\/\/www.iplay.com\/en\/#organization\",\"name\":\"IPlay\",\"url\":\"https:\/\/www.iplay.com\/en\/\",\"logo\":{\"@type\":\"ImageObject\",\"inLanguage\":\"fr-FR\",\"@id\":\"https:\/\/www.iplay.com\/en\/#\/schema\/logo\/image\/\",\"url\":\"https:\/\/www.iplay.com\/wp-content\/uploads\/2023\/11\/Group-6100.svg\",\"contentUrl\":\"https:\/\/www.iplay.com\/wp-content\/uploads\/2023\/11\/Group-6100.svg\",\"width\":98,\"height\":25,\"caption\":\"IPlay\"},\"image\":{\"@id\":\"https:\/\/www.iplay.com\/en\/#\/schema\/logo\/image\/\"}}]}<\/script>\n<!-- \/ Yoast SEO Premium plugin. -->","yoast_head_json":{"title":"Rejoignez Amanda et Charlie dans un voyage magique dans le temps","description":"Rejoignez Amanda et Charlie dans un voyage magique dans le temps dans Amanda\u2019s Magic Book 9 - The Riftwalkers","robots":{"index":"index","follow":"follow","max-snippet":"max-snippet:-1","max-image-preview":"max-image-preview:large","max-video-preview":"max-video-preview:-1"},"canonical":"https:\/\/www.iplay.com\/fr\/games\/amandas-magic-book-9-the-riftwalkers\/","og_locale":"fr_FR","og_type":"article","og_title":"Amanda's Magic Book 9: The Riftwalkers","og_description":"Rejoignez Amanda et Charlie dans un voyage magique dans le temps dans Amanda\u2019s Magic Book 9 - The Riftwalkers","og_url":"https:\/\/www.iplay.com\/fr\/games\/amandas-magic-book-9-the-riftwalkers\/","og_site_name":"IPlay","article_modified_time":"2025-03-14T10:17:37+00:00","og_image":[{"width":310,"height":310,"url":"https:\/\/www.iplay.com\/wp-content\/uploads\/2024\/05\/Amandas-Magic-Book-9-The-Riftwalkers_large_square_tile_image.webp","type":"image\/webp"}],"twitter_card":"summary_large_image","twitter_misc":{"Dur\u00e9e de lecture estim\u00e9e":"1 minute"},"schema":{"@context":"https:\/\/schema.org","@graph":[{"@type":"WebPage","@id":"https:\/\/www.iplay.com\/fr\/games\/amandas-magic-book-9-the-riftwalkers\/","url":"https:\/\/www.iplay.com\/fr\/games\/amandas-magic-book-9-the-riftwalkers\/","name":"Rejoignez Amanda et Charlie dans un voyage magique dans le temps","isPartOf":{"@id":"https:\/\/www.iplay.com\/en\/#website"},"primaryImageOfPage":{"@id":"https:\/\/www.iplay.com\/fr\/games\/amandas-magic-book-9-the-riftwalkers\/#primaryimage"},"image":{"@id":"https:\/\/www.iplay.com\/fr\/games\/amandas-magic-book-9-the-riftwalkers\/#primaryimage"},"thumbnailUrl":"https:\/\/www.iplay.com\/wp-content\/uploads\/2024\/05\/Amandas-Magic-Book-9-The-Riftwalkers_large_square_tile_image.webp","datePublished":"2024-05-10T10:00:34+00:00","dateModified":"2025-03-14T10:17:37+00:00","description":"Rejoignez Amanda et Charlie dans un voyage magique dans le temps dans Amanda\u2019s Magic Book 9 - The Riftwalkers","breadcrumb":{"@id":"https:\/\/www.iplay.com\/fr\/games\/amandas-magic-book-9-the-riftwalkers\/#breadcrumb"},"inLanguage":"fr-FR","potentialAction":[{"@type":"ReadAction","target":["https:\/\/www.iplay.com\/fr\/games\/amandas-magic-book-9-the-riftwalkers\/"]}]},{"@type":"ImageObject","inLanguage":"fr-FR","@id":"https:\/\/www.iplay.com\/fr\/games\/amandas-magic-book-9-the-riftwalkers\/#primaryimage","url":"https:\/\/www.iplay.com\/wp-content\/uploads\/2024\/05\/Amandas-Magic-Book-9-The-Riftwalkers_large_square_tile_image.webp","contentUrl":"https:\/\/www.iplay.com\/wp-content\/uploads\/2024\/05\/Amandas-Magic-Book-9-The-Riftwalkers_large_square_tile_image.webp","width":310,"height":310},{"@type":"BreadcrumbList","@id":"https:\/\/www.iplay.com\/fr\/games\/amandas-magic-book-9-the-riftwalkers\/#breadcrumb","itemListElement":[{"@type":"ListItem","position":1,"name":"Home","item":"https:\/\/www.iplay.com\/fr\/home-page-2\/"},{"@type":"ListItem","position":2,"name":"Shop","item":"https:\/\/www.iplay.com\/en\/shop\/"},{"@type":"ListItem","position":3,"name":"Amanda&#8217;s Magic Book 9: The Riftwalkers"}]},{"@type":"WebSite","@id":"https:\/\/www.iplay.com\/en\/#website","url":"https:\/\/www.iplay.com\/en\/","name":"IPlay","description":"The Best Casual Games!","publisher":{"@id":"https:\/\/www.iplay.com\/en\/#organization"},"potentialAction":[{"@type":"SearchAction","target":{"@type":"EntryPoint","urlTemplate":"https:\/\/www.iplay.com\/en\/?s={search_term_string}"},"query-input":{"@type":"PropertyValueSpecification","valueRequired":true,"valueName":"search_term_string"}}],"inLanguage":"fr-FR"},{"@type":"Organization","@id":"https:\/\/www.iplay.com\/en\/#organization","name":"IPlay","url":"https:\/\/www.iplay.com\/en\/","logo":{"@type":"ImageObject","inLanguage":"fr-FR","@id":"https:\/\/www.iplay.com\/en\/#\/schema\/logo\/image\/","url":"https:\/\/www.iplay.com\/wp-content\/uploads\/2023\/11\/Group-6100.svg","contentUrl":"https:\/\/www.iplay.com\/wp-content\/uploads\/2023\/11\/Group-6100.svg","width":98,"height":25,"caption":"IPlay"},"image":{"@id":"https:\/\/www.iplay.com\/en\/#\/schema\/logo\/image\/"}}]}},"_links":{"self":[{"href":"https:\/\/www.iplay.com\/fr\/wp-json\/wp\/v2\/product\/41223","targetHints":{"allow":["GET"]}}],"collection":[{"href":"https:\/\/www.iplay.com\/fr\/wp-json\/wp\/v2\/product"}],"about":[{"href":"https:\/\/www.iplay.com\/fr\/wp-json\/wp\/v2\/types\/product"}],"author":[{"embeddable":true,"href":"https:\/\/www.iplay.com\/fr\/wp-json\/wp\/v2\/users\/42"}],"replies":[{"embeddable":true,"href":"https:\/\/www.iplay.com\/fr\/wp-json\/wp\/v2\/comments?post=41223"}],"wp:featuredmedia":[{"embeddable":true,"href":"https:\/\/www.iplay.com\/fr\/wp-json\/wp\/v2\/media\/41224"}],"wp:attachment":[{"href":"https:\/\/www.iplay.com\/fr\/wp-json\/wp\/v2\/media?parent=41223"}],"wp:term":[{"taxonomy":"product_brand","embeddable":true,"href":"https:\/\/www.iplay.com\/fr\/wp-json\/wp\/v2\/product_brand?post=41223"},{"taxonomy":"product_cat","embeddable":true,"href":"https:\/\/www.iplay.com\/fr\/wp-json\/wp\/v2\/product_cat?post=41223"},{"taxonomy":"product_tag","embeddable":true,"href":"https:\/\/www.iplay.com\/fr\/wp-json\/wp\/v2\/product_tag?post=41223"}],"curies":[{"name":"wp","href":"https:\/\/api.w.org\/{rel}","templated":true}]}}