{"id":40913,"date":"2009-11-11T00:00:00","date_gmt":"2009-11-11T00:00:00","guid":{"rendered":"https:\/\/www.iplay.com\/games\/gardenscapes\/"},"modified":"2009-11-11T00:00:00","modified_gmt":"2009-11-11T00:00:00","slug":"gardenscapes","status":"publish","type":"product","link":"https:\/\/www.iplay.com\/fr\/games\/gardenscapes\/","title":{"rendered":"Gardenscapes"},"content":{"rendered":"<p>Gardenscapes vous permet de concevoir le jardin id\u00e9al ! Fouillez l\u2019int\u00e9rieur d\u2019un magnifique manoir \u00e0 la recherche d\u2019objets cach\u00e9s et redonnez \u00e0 un paysage autrefois magnifique sa splendeur d\u2019antan. Choisissez parmi une pl\u00e9thore d\u2019accessoires de jardin pour personnaliser votre jardin. Participez au concours du meilleur jardin pour faire partie de la communaut\u00e9 de la ville. Si vous d\u00e9butez dans l\u2019am\u00e9nagement paysager, ne vous inqui\u00e9tez pas&nbsp;; Austin, le majordome humoristique, sera toujours l\u00e0 pour aider. Gardenscapes, un jeu de taille de haie, peut vous aider \u00e0 devenir un sp\u00e9cialiste de l\u2019am\u00e9nagement ext\u00e9rieur !<\/p>\n","protected":false},"excerpt":{"rendered":"<p>Gardenscapes vous permet de concevoir le jardin id\u00e9al ! Fouillez l\u2019int\u00e9rieur d\u2019un magnifique manoir \u00e0 la recherche d\u2019objets cach\u00e9s et redonnez \u00e0 un paysage autrefois magnifique sa splendeur d\u2019antan. <\/p>\n","protected":false},"author":27,"featured_media":40914,"comment_status":"open","ping_status":"closed","template":"","meta":{"_acf_changed":false,"inline_featured_image":false},"product_brand":[],"product_cat":[165],"product_tag":[287],"class_list":{"0":"post-40913","1":"product","2":"type-product","3":"status-publish","4":"has-post-thumbnail","6":"product_cat-hidden-object-fr","7":"product_tag-play-on-pc-fr","9":"first","10":"instock","11":"shipping-taxable","12":"purchasable","13":"product-type-simple"},"acf":[],"yoast_head":"<!-- This site is optimized with the Yoast SEO Premium plugin v25.2 (Yoast SEO v25.2) - https:\/\/yoast.com\/wordpress\/plugins\/seo\/ -->\n<title>Paysages de jardin - Cultivez le jardin id\u00e9al pour une beaut\u00e9 ultime<\/title>\n<meta name=\"description\" content=\"Gardenscapes vous permet de concevoir le jardin id\u00e9al ! Fouillez l\u2019int\u00e9rieur d\u2019un magnifique manoir \u00e0 la recherche d\u2019objets cach\u00e9s et redonnez \u00e0 un paysage autrefois magnifique sa splendeur d\u2019antan.\" \/>\n<meta name=\"robots\" content=\"index, follow, max-snippet:-1, max-image-preview:large, max-video-preview:-1\" \/>\n<link rel=\"canonical\" href=\"https:\/\/www.iplay.com\/fr\/games\/gardenscapes\/\" \/>\n<meta property=\"og:locale\" content=\"fr_FR\" \/>\n<meta property=\"og:type\" content=\"article\" \/>\n<meta property=\"og:title\" content=\"Gardenscapes\" \/>\n<meta property=\"og:description\" content=\"Gardenscapes vous permet de concevoir le jardin id\u00e9al ! Fouillez l\u2019int\u00e9rieur d\u2019un magnifique manoir \u00e0 la recherche d\u2019objets cach\u00e9s et redonnez \u00e0 un paysage autrefois magnifique sa splendeur d\u2019antan.\" \/>\n<meta property=\"og:url\" content=\"https:\/\/www.iplay.com\/fr\/games\/gardenscapes\/\" \/>\n<meta property=\"og:site_name\" content=\"IPlay\" \/>\n<meta property=\"og:image\" content=\"https:\/\/www.iplay.com\/wp-content\/uploads\/2023\/12\/large_square_tile_image-288.jpg\" \/>\n\t<meta property=\"og:image:width\" content=\"310\" \/>\n\t<meta property=\"og:image:height\" content=\"310\" \/>\n\t<meta property=\"og:image:type\" content=\"image\/jpeg\" \/>\n<meta name=\"twitter:card\" content=\"summary_large_image\" \/>\n<meta name=\"twitter:label1\" content=\"Dur\u00e9e de lecture estim\u00e9e\" \/>\n\t<meta name=\"twitter:data1\" content=\"1 minute\" \/>\n<script type=\"application\/ld+json\" class=\"yoast-schema-graph\">{\"@context\":\"https:\/\/schema.org\",\"@graph\":[{\"@type\":\"WebPage\",\"@id\":\"https:\/\/www.iplay.com\/fr\/games\/gardenscapes\/\",\"url\":\"https:\/\/www.iplay.com\/fr\/games\/gardenscapes\/\",\"name\":\"Paysages de jardin - Cultivez le jardin id\u00e9al pour une beaut\u00e9 ultime\",\"isPartOf\":{\"@id\":\"https:\/\/www.iplay.com\/en\/#website\"},\"primaryImageOfPage\":{\"@id\":\"https:\/\/www.iplay.com\/fr\/games\/gardenscapes\/#primaryimage\"},\"image\":{\"@id\":\"https:\/\/www.iplay.com\/fr\/games\/gardenscapes\/#primaryimage\"},\"thumbnailUrl\":\"https:\/\/www.iplay.com\/wp-content\/uploads\/2023\/12\/large_square_tile_image-288.jpg\",\"datePublished\":\"2009-11-11T00:00:00+00:00\",\"description\":\"Gardenscapes vous permet de concevoir le jardin id\u00e9al ! Fouillez l\u2019int\u00e9rieur d\u2019un magnifique manoir \u00e0 la recherche d\u2019objets cach\u00e9s et redonnez \u00e0 un paysage autrefois magnifique sa splendeur d\u2019antan.\",\"breadcrumb\":{\"@id\":\"https:\/\/www.iplay.com\/fr\/games\/gardenscapes\/#breadcrumb\"},\"inLanguage\":\"fr-FR\",\"potentialAction\":[{\"@type\":\"ReadAction\",\"target\":[\"https:\/\/www.iplay.com\/fr\/games\/gardenscapes\/\"]}]},{\"@type\":\"ImageObject\",\"inLanguage\":\"fr-FR\",\"@id\":\"https:\/\/www.iplay.com\/fr\/games\/gardenscapes\/#primaryimage\",\"url\":\"https:\/\/www.iplay.com\/wp-content\/uploads\/2023\/12\/large_square_tile_image-288.jpg\",\"contentUrl\":\"https:\/\/www.iplay.com\/wp-content\/uploads\/2023\/12\/large_square_tile_image-288.jpg\",\"width\":310,\"height\":310},{\"@type\":\"BreadcrumbList\",\"@id\":\"https:\/\/www.iplay.com\/fr\/games\/gardenscapes\/#breadcrumb\",\"itemListElement\":[{\"@type\":\"ListItem\",\"position\":1,\"name\":\"Home\",\"item\":\"https:\/\/www.iplay.com\/fr\/home-page-2\/\"},{\"@type\":\"ListItem\",\"position\":2,\"name\":\"Shop\",\"item\":\"https:\/\/www.iplay.com\/en\/shop\/\"},{\"@type\":\"ListItem\",\"position\":3,\"name\":\"Gardenscapes\"}]},{\"@type\":\"WebSite\",\"@id\":\"https:\/\/www.iplay.com\/en\/#website\",\"url\":\"https:\/\/www.iplay.com\/en\/\",\"name\":\"IPlay\",\"description\":\"The Best Casual Games!\",\"publisher\":{\"@id\":\"https:\/\/www.iplay.com\/en\/#organization\"},\"potentialAction\":[{\"@type\":\"SearchAction\",\"target\":{\"@type\":\"EntryPoint\",\"urlTemplate\":\"https:\/\/www.iplay.com\/en\/?s={search_term_string}\"},\"query-input\":{\"@type\":\"PropertyValueSpecification\",\"valueRequired\":true,\"valueName\":\"search_term_string\"}}],\"inLanguage\":\"fr-FR\"},{\"@type\":\"Organization\",\"@id\":\"https:\/\/www.iplay.com\/en\/#organization\",\"name\":\"IPlay\",\"url\":\"https:\/\/www.iplay.com\/en\/\",\"logo\":{\"@type\":\"ImageObject\",\"inLanguage\":\"fr-FR\",\"@id\":\"https:\/\/www.iplay.com\/en\/#\/schema\/logo\/image\/\",\"url\":\"https:\/\/www.iplay.com\/wp-content\/uploads\/2023\/11\/Group-6100.svg\",\"contentUrl\":\"https:\/\/www.iplay.com\/wp-content\/uploads\/2023\/11\/Group-6100.svg\",\"width\":98,\"height\":25,\"caption\":\"IPlay\"},\"image\":{\"@id\":\"https:\/\/www.iplay.com\/en\/#\/schema\/logo\/image\/\"}}]}<\/script>\n<!-- \/ Yoast SEO Premium plugin. -->","yoast_head_json":{"title":"Paysages de jardin - Cultivez le jardin id\u00e9al pour une beaut\u00e9 ultime","description":"Gardenscapes vous permet de concevoir le jardin id\u00e9al ! Fouillez l\u2019int\u00e9rieur d\u2019un magnifique manoir \u00e0 la recherche d\u2019objets cach\u00e9s et redonnez \u00e0 un paysage autrefois magnifique sa splendeur d\u2019antan.","robots":{"index":"index","follow":"follow","max-snippet":"max-snippet:-1","max-image-preview":"max-image-preview:large","max-video-preview":"max-video-preview:-1"},"canonical":"https:\/\/www.iplay.com\/fr\/games\/gardenscapes\/","og_locale":"fr_FR","og_type":"article","og_title":"Gardenscapes","og_description":"Gardenscapes vous permet de concevoir le jardin id\u00e9al ! Fouillez l\u2019int\u00e9rieur d\u2019un magnifique manoir \u00e0 la recherche d\u2019objets cach\u00e9s et redonnez \u00e0 un paysage autrefois magnifique sa splendeur d\u2019antan.","og_url":"https:\/\/www.iplay.com\/fr\/games\/gardenscapes\/","og_site_name":"IPlay","og_image":[{"width":310,"height":310,"url":"https:\/\/www.iplay.com\/wp-content\/uploads\/2023\/12\/large_square_tile_image-288.jpg","type":"image\/jpeg"}],"twitter_card":"summary_large_image","twitter_misc":{"Dur\u00e9e de lecture estim\u00e9e":"1 minute"},"schema":{"@context":"https:\/\/schema.org","@graph":[{"@type":"WebPage","@id":"https:\/\/www.iplay.com\/fr\/games\/gardenscapes\/","url":"https:\/\/www.iplay.com\/fr\/games\/gardenscapes\/","name":"Paysages de jardin - Cultivez le jardin id\u00e9al pour une beaut\u00e9 ultime","isPartOf":{"@id":"https:\/\/www.iplay.com\/en\/#website"},"primaryImageOfPage":{"@id":"https:\/\/www.iplay.com\/fr\/games\/gardenscapes\/#primaryimage"},"image":{"@id":"https:\/\/www.iplay.com\/fr\/games\/gardenscapes\/#primaryimage"},"thumbnailUrl":"https:\/\/www.iplay.com\/wp-content\/uploads\/2023\/12\/large_square_tile_image-288.jpg","datePublished":"2009-11-11T00:00:00+00:00","description":"Gardenscapes vous permet de concevoir le jardin id\u00e9al ! Fouillez l\u2019int\u00e9rieur d\u2019un magnifique manoir \u00e0 la recherche d\u2019objets cach\u00e9s et redonnez \u00e0 un paysage autrefois magnifique sa splendeur d\u2019antan.","breadcrumb":{"@id":"https:\/\/www.iplay.com\/fr\/games\/gardenscapes\/#breadcrumb"},"inLanguage":"fr-FR","potentialAction":[{"@type":"ReadAction","target":["https:\/\/www.iplay.com\/fr\/games\/gardenscapes\/"]}]},{"@type":"ImageObject","inLanguage":"fr-FR","@id":"https:\/\/www.iplay.com\/fr\/games\/gardenscapes\/#primaryimage","url":"https:\/\/www.iplay.com\/wp-content\/uploads\/2023\/12\/large_square_tile_image-288.jpg","contentUrl":"https:\/\/www.iplay.com\/wp-content\/uploads\/2023\/12\/large_square_tile_image-288.jpg","width":310,"height":310},{"@type":"BreadcrumbList","@id":"https:\/\/www.iplay.com\/fr\/games\/gardenscapes\/#breadcrumb","itemListElement":[{"@type":"ListItem","position":1,"name":"Home","item":"https:\/\/www.iplay.com\/fr\/home-page-2\/"},{"@type":"ListItem","position":2,"name":"Shop","item":"https:\/\/www.iplay.com\/en\/shop\/"},{"@type":"ListItem","position":3,"name":"Gardenscapes"}]},{"@type":"WebSite","@id":"https:\/\/www.iplay.com\/en\/#website","url":"https:\/\/www.iplay.com\/en\/","name":"IPlay","description":"The Best Casual Games!","publisher":{"@id":"https:\/\/www.iplay.com\/en\/#organization"},"potentialAction":[{"@type":"SearchAction","target":{"@type":"EntryPoint","urlTemplate":"https:\/\/www.iplay.com\/en\/?s={search_term_string}"},"query-input":{"@type":"PropertyValueSpecification","valueRequired":true,"valueName":"search_term_string"}}],"inLanguage":"fr-FR"},{"@type":"Organization","@id":"https:\/\/www.iplay.com\/en\/#organization","name":"IPlay","url":"https:\/\/www.iplay.com\/en\/","logo":{"@type":"ImageObject","inLanguage":"fr-FR","@id":"https:\/\/www.iplay.com\/en\/#\/schema\/logo\/image\/","url":"https:\/\/www.iplay.com\/wp-content\/uploads\/2023\/11\/Group-6100.svg","contentUrl":"https:\/\/www.iplay.com\/wp-content\/uploads\/2023\/11\/Group-6100.svg","width":98,"height":25,"caption":"IPlay"},"image":{"@id":"https:\/\/www.iplay.com\/en\/#\/schema\/logo\/image\/"}}]}},"_links":{"self":[{"href":"https:\/\/www.iplay.com\/fr\/wp-json\/wp\/v2\/product\/40913","targetHints":{"allow":["GET"]}}],"collection":[{"href":"https:\/\/www.iplay.com\/fr\/wp-json\/wp\/v2\/product"}],"about":[{"href":"https:\/\/www.iplay.com\/fr\/wp-json\/wp\/v2\/types\/product"}],"author":[{"embeddable":true,"href":"https:\/\/www.iplay.com\/fr\/wp-json\/wp\/v2\/users\/27"}],"replies":[{"embeddable":true,"href":"https:\/\/www.iplay.com\/fr\/wp-json\/wp\/v2\/comments?post=40913"}],"wp:featuredmedia":[{"embeddable":true,"href":"https:\/\/www.iplay.com\/fr\/wp-json\/wp\/v2\/media\/40914"}],"wp:attachment":[{"href":"https:\/\/www.iplay.com\/fr\/wp-json\/wp\/v2\/media?parent=40913"}],"wp:term":[{"taxonomy":"product_brand","embeddable":true,"href":"https:\/\/www.iplay.com\/fr\/wp-json\/wp\/v2\/product_brand?post=40913"},{"taxonomy":"product_cat","embeddable":true,"href":"https:\/\/www.iplay.com\/fr\/wp-json\/wp\/v2\/product_cat?post=40913"},{"taxonomy":"product_tag","embeddable":true,"href":"https:\/\/www.iplay.com\/fr\/wp-json\/wp\/v2\/product_tag?post=40913"}],"curies":[{"name":"wp","href":"https:\/\/api.w.org\/{rel}","templated":true}]}}