{"id":40843,"date":"2013-03-30T00:00:01","date_gmt":"2013-03-30T00:00:01","guid":{"rendered":"https:\/\/www.iplay.com\/games\/gardens-inc-from-rakes-to-riches\/"},"modified":"2013-03-30T00:00:01","modified_gmt":"2013-03-30T00:00:01","slug":"gardens-inc-from-rakes-to-riches","status":"publish","type":"product","link":"https:\/\/www.iplay.com\/fr\/games\/gardens-inc-from-rakes-to-riches\/","title":{"rendered":"Gardens Inc. &#8211; From Rakes to Riches"},"content":{"rendered":"<p>Dans cette fantastique aventure de jardinage, vous devez sauver vos grands-parents d\u2019un inf\u00e2me magnat de l\u2019immobilier. Jill avait h\u00e2te de voir ses grands-parents, mais lorsqu\u2019elle est arriv\u00e9e, elle a d\u00e9couvert qu\u2019ils allaient perdre leur maison au profit d\u2019un magnat de l\u2019immobilier cupide. Si Jill n\u2019agit pas rapidement, les bulldozers d\u00e9moliront leur joli paradis. D\u00e9termin\u00e9e \u00e0 aider ses grands-parents, elle se lance dans une aventure entrepreneuriale qui va bient\u00f4t transformer leur vie. Rejoignez Jill dans sa nouvelle entreprise Gardens Inc. et aidez-la \u00e0 pr\u00e9server non seulement ses grands-parents, mais aussi toute la ville du promoteur sans scrupules. Jouez 50 niveaux fantastiques en nettoyant, plantant et \u00e9levant de magnifiques jardins. Plantez et \u00e9levez de magnifiques jardins dans ce d\u00e9fi color\u00e9 de gestion du temps.      <\/p>\n<p>&nbsp;<\/p>\n<p>&nbsp;<\/p>\n<p><strong>Fonctionnalit\u00e9s:<\/strong><\/p>\n<p>&nbsp;<\/p>\n<p>-Jouez \u00e0 50 niveaux abondants de la banlieue aux mar\u00e9cages.<\/p>\n<p>-D\u00e9gagez des chemins, collectez des ressources et construisez de nouveaux jardins.<\/p>\n<p>-Utilisez des bonus pendant que vous courez pour des troph\u00e9es.<\/p>\n","protected":false},"excerpt":{"rendered":"<p>Dans ce jeu de gestion du temps difficile, vous devez planter et \u00e9lever de magnifiques jardins !<\/p>\n","protected":false},"author":68,"featured_media":40848,"comment_status":"open","ping_status":"closed","template":"","meta":{"_acf_changed":false,"inline_featured_image":false},"product_brand":[],"product_cat":[216],"product_tag":[287],"class_list":{"0":"post-40843","1":"product","2":"type-product","3":"status-publish","4":"has-post-thumbnail","6":"product_cat-time-management-fr","7":"product_tag-play-on-pc-fr","9":"first","10":"instock","11":"shipping-taxable","12":"purchasable","13":"product-type-simple"},"acf":[],"yoast_head":"<!-- This site is optimized with the Yoast SEO Premium plugin v25.2 (Yoast SEO v25.2) - https:\/\/yoast.com\/wordpress\/plugins\/seo\/ -->\n<title>Gardens Inc. - Des r\u00e2teaux aux richesses - Cultivez des jardins dans ce jeu de gestion du temps stimulant<\/title>\n<meta name=\"description\" content=\"Dans ce jeu de gestion du temps difficile, vous devez planter et \u00e9lever de magnifiques jardins !\" \/>\n<meta name=\"robots\" content=\"index, follow, max-snippet:-1, max-image-preview:large, max-video-preview:-1\" \/>\n<link rel=\"canonical\" href=\"https:\/\/www.iplay.com\/fr\/games\/gardens-inc-from-rakes-to-riches\/\" \/>\n<meta property=\"og:locale\" content=\"fr_FR\" \/>\n<meta property=\"og:type\" content=\"article\" \/>\n<meta property=\"og:title\" content=\"Gardens Inc. - From Rakes to Riches\" \/>\n<meta property=\"og:description\" content=\"Dans ce jeu de gestion du temps difficile, vous devez planter et \u00e9lever de magnifiques jardins !\" \/>\n<meta property=\"og:url\" content=\"https:\/\/www.iplay.com\/fr\/games\/gardens-inc-from-rakes-to-riches\/\" \/>\n<meta property=\"og:site_name\" content=\"IPlay\" \/>\n<meta property=\"og:image\" content=\"https:\/\/www.iplay.com\/wp-content\/uploads\/2023\/12\/large_square_tile_image-621.jpg\" \/>\n\t<meta property=\"og:image:width\" content=\"310\" \/>\n\t<meta property=\"og:image:height\" content=\"310\" \/>\n\t<meta property=\"og:image:type\" content=\"image\/jpeg\" \/>\n<meta name=\"twitter:card\" content=\"summary_large_image\" \/>\n<meta name=\"twitter:label1\" content=\"Dur\u00e9e de lecture estim\u00e9e\" \/>\n\t<meta name=\"twitter:data1\" content=\"1 minute\" \/>\n<script type=\"application\/ld+json\" class=\"yoast-schema-graph\">{\"@context\":\"https:\/\/schema.org\",\"@graph\":[{\"@type\":\"WebPage\",\"@id\":\"https:\/\/www.iplay.com\/fr\/games\/gardens-inc-from-rakes-to-riches\/\",\"url\":\"https:\/\/www.iplay.com\/fr\/games\/gardens-inc-from-rakes-to-riches\/\",\"name\":\"Gardens Inc. - Des r\u00e2teaux aux richesses - Cultivez des jardins dans ce jeu de gestion du temps stimulant\",\"isPartOf\":{\"@id\":\"https:\/\/www.iplay.com\/en\/#website\"},\"primaryImageOfPage\":{\"@id\":\"https:\/\/www.iplay.com\/fr\/games\/gardens-inc-from-rakes-to-riches\/#primaryimage\"},\"image\":{\"@id\":\"https:\/\/www.iplay.com\/fr\/games\/gardens-inc-from-rakes-to-riches\/#primaryimage\"},\"thumbnailUrl\":\"https:\/\/www.iplay.com\/wp-content\/uploads\/2023\/12\/large_square_tile_image-621.jpg\",\"datePublished\":\"2013-03-30T00:00:01+00:00\",\"description\":\"Dans ce jeu de gestion du temps difficile, vous devez planter et \u00e9lever de magnifiques jardins !\",\"breadcrumb\":{\"@id\":\"https:\/\/www.iplay.com\/fr\/games\/gardens-inc-from-rakes-to-riches\/#breadcrumb\"},\"inLanguage\":\"fr-FR\",\"potentialAction\":[{\"@type\":\"ReadAction\",\"target\":[\"https:\/\/www.iplay.com\/fr\/games\/gardens-inc-from-rakes-to-riches\/\"]}]},{\"@type\":\"ImageObject\",\"inLanguage\":\"fr-FR\",\"@id\":\"https:\/\/www.iplay.com\/fr\/games\/gardens-inc-from-rakes-to-riches\/#primaryimage\",\"url\":\"https:\/\/www.iplay.com\/wp-content\/uploads\/2023\/12\/large_square_tile_image-621.jpg\",\"contentUrl\":\"https:\/\/www.iplay.com\/wp-content\/uploads\/2023\/12\/large_square_tile_image-621.jpg\",\"width\":310,\"height\":310},{\"@type\":\"BreadcrumbList\",\"@id\":\"https:\/\/www.iplay.com\/fr\/games\/gardens-inc-from-rakes-to-riches\/#breadcrumb\",\"itemListElement\":[{\"@type\":\"ListItem\",\"position\":1,\"name\":\"Home\",\"item\":\"https:\/\/www.iplay.com\/fr\/home-page-2\/\"},{\"@type\":\"ListItem\",\"position\":2,\"name\":\"Shop\",\"item\":\"https:\/\/www.iplay.com\/en\/shop\/\"},{\"@type\":\"ListItem\",\"position\":3,\"name\":\"Gardens Inc. &#8211; From Rakes to Riches\"}]},{\"@type\":\"WebSite\",\"@id\":\"https:\/\/www.iplay.com\/en\/#website\",\"url\":\"https:\/\/www.iplay.com\/en\/\",\"name\":\"IPlay\",\"description\":\"The Best Casual Games!\",\"publisher\":{\"@id\":\"https:\/\/www.iplay.com\/en\/#organization\"},\"potentialAction\":[{\"@type\":\"SearchAction\",\"target\":{\"@type\":\"EntryPoint\",\"urlTemplate\":\"https:\/\/www.iplay.com\/en\/?s={search_term_string}\"},\"query-input\":{\"@type\":\"PropertyValueSpecification\",\"valueRequired\":true,\"valueName\":\"search_term_string\"}}],\"inLanguage\":\"fr-FR\"},{\"@type\":\"Organization\",\"@id\":\"https:\/\/www.iplay.com\/en\/#organization\",\"name\":\"IPlay\",\"url\":\"https:\/\/www.iplay.com\/en\/\",\"logo\":{\"@type\":\"ImageObject\",\"inLanguage\":\"fr-FR\",\"@id\":\"https:\/\/www.iplay.com\/en\/#\/schema\/logo\/image\/\",\"url\":\"https:\/\/www.iplay.com\/wp-content\/uploads\/2023\/11\/Group-6100.svg\",\"contentUrl\":\"https:\/\/www.iplay.com\/wp-content\/uploads\/2023\/11\/Group-6100.svg\",\"width\":98,\"height\":25,\"caption\":\"IPlay\"},\"image\":{\"@id\":\"https:\/\/www.iplay.com\/en\/#\/schema\/logo\/image\/\"}}]}<\/script>\n<!-- \/ Yoast SEO Premium plugin. -->","yoast_head_json":{"title":"Gardens Inc. - Des r\u00e2teaux aux richesses - Cultivez des jardins dans ce jeu de gestion du temps stimulant","description":"Dans ce jeu de gestion du temps difficile, vous devez planter et \u00e9lever de magnifiques jardins !","robots":{"index":"index","follow":"follow","max-snippet":"max-snippet:-1","max-image-preview":"max-image-preview:large","max-video-preview":"max-video-preview:-1"},"canonical":"https:\/\/www.iplay.com\/fr\/games\/gardens-inc-from-rakes-to-riches\/","og_locale":"fr_FR","og_type":"article","og_title":"Gardens Inc. - From Rakes to Riches","og_description":"Dans ce jeu de gestion du temps difficile, vous devez planter et \u00e9lever de magnifiques jardins !","og_url":"https:\/\/www.iplay.com\/fr\/games\/gardens-inc-from-rakes-to-riches\/","og_site_name":"IPlay","og_image":[{"width":310,"height":310,"url":"https:\/\/www.iplay.com\/wp-content\/uploads\/2023\/12\/large_square_tile_image-621.jpg","type":"image\/jpeg"}],"twitter_card":"summary_large_image","twitter_misc":{"Dur\u00e9e de lecture estim\u00e9e":"1 minute"},"schema":{"@context":"https:\/\/schema.org","@graph":[{"@type":"WebPage","@id":"https:\/\/www.iplay.com\/fr\/games\/gardens-inc-from-rakes-to-riches\/","url":"https:\/\/www.iplay.com\/fr\/games\/gardens-inc-from-rakes-to-riches\/","name":"Gardens Inc. - Des r\u00e2teaux aux richesses - Cultivez des jardins dans ce jeu de gestion du temps stimulant","isPartOf":{"@id":"https:\/\/www.iplay.com\/en\/#website"},"primaryImageOfPage":{"@id":"https:\/\/www.iplay.com\/fr\/games\/gardens-inc-from-rakes-to-riches\/#primaryimage"},"image":{"@id":"https:\/\/www.iplay.com\/fr\/games\/gardens-inc-from-rakes-to-riches\/#primaryimage"},"thumbnailUrl":"https:\/\/www.iplay.com\/wp-content\/uploads\/2023\/12\/large_square_tile_image-621.jpg","datePublished":"2013-03-30T00:00:01+00:00","description":"Dans ce jeu de gestion du temps difficile, vous devez planter et \u00e9lever de magnifiques jardins !","breadcrumb":{"@id":"https:\/\/www.iplay.com\/fr\/games\/gardens-inc-from-rakes-to-riches\/#breadcrumb"},"inLanguage":"fr-FR","potentialAction":[{"@type":"ReadAction","target":["https:\/\/www.iplay.com\/fr\/games\/gardens-inc-from-rakes-to-riches\/"]}]},{"@type":"ImageObject","inLanguage":"fr-FR","@id":"https:\/\/www.iplay.com\/fr\/games\/gardens-inc-from-rakes-to-riches\/#primaryimage","url":"https:\/\/www.iplay.com\/wp-content\/uploads\/2023\/12\/large_square_tile_image-621.jpg","contentUrl":"https:\/\/www.iplay.com\/wp-content\/uploads\/2023\/12\/large_square_tile_image-621.jpg","width":310,"height":310},{"@type":"BreadcrumbList","@id":"https:\/\/www.iplay.com\/fr\/games\/gardens-inc-from-rakes-to-riches\/#breadcrumb","itemListElement":[{"@type":"ListItem","position":1,"name":"Home","item":"https:\/\/www.iplay.com\/fr\/home-page-2\/"},{"@type":"ListItem","position":2,"name":"Shop","item":"https:\/\/www.iplay.com\/en\/shop\/"},{"@type":"ListItem","position":3,"name":"Gardens Inc. &#8211; From Rakes to Riches"}]},{"@type":"WebSite","@id":"https:\/\/www.iplay.com\/en\/#website","url":"https:\/\/www.iplay.com\/en\/","name":"IPlay","description":"The Best Casual Games!","publisher":{"@id":"https:\/\/www.iplay.com\/en\/#organization"},"potentialAction":[{"@type":"SearchAction","target":{"@type":"EntryPoint","urlTemplate":"https:\/\/www.iplay.com\/en\/?s={search_term_string}"},"query-input":{"@type":"PropertyValueSpecification","valueRequired":true,"valueName":"search_term_string"}}],"inLanguage":"fr-FR"},{"@type":"Organization","@id":"https:\/\/www.iplay.com\/en\/#organization","name":"IPlay","url":"https:\/\/www.iplay.com\/en\/","logo":{"@type":"ImageObject","inLanguage":"fr-FR","@id":"https:\/\/www.iplay.com\/en\/#\/schema\/logo\/image\/","url":"https:\/\/www.iplay.com\/wp-content\/uploads\/2023\/11\/Group-6100.svg","contentUrl":"https:\/\/www.iplay.com\/wp-content\/uploads\/2023\/11\/Group-6100.svg","width":98,"height":25,"caption":"IPlay"},"image":{"@id":"https:\/\/www.iplay.com\/en\/#\/schema\/logo\/image\/"}}]}},"_links":{"self":[{"href":"https:\/\/www.iplay.com\/fr\/wp-json\/wp\/v2\/product\/40843","targetHints":{"allow":["GET"]}}],"collection":[{"href":"https:\/\/www.iplay.com\/fr\/wp-json\/wp\/v2\/product"}],"about":[{"href":"https:\/\/www.iplay.com\/fr\/wp-json\/wp\/v2\/types\/product"}],"author":[{"embeddable":true,"href":"https:\/\/www.iplay.com\/fr\/wp-json\/wp\/v2\/users\/68"}],"replies":[{"embeddable":true,"href":"https:\/\/www.iplay.com\/fr\/wp-json\/wp\/v2\/comments?post=40843"}],"wp:featuredmedia":[{"embeddable":true,"href":"https:\/\/www.iplay.com\/fr\/wp-json\/wp\/v2\/media\/40848"}],"wp:attachment":[{"href":"https:\/\/www.iplay.com\/fr\/wp-json\/wp\/v2\/media?parent=40843"}],"wp:term":[{"taxonomy":"product_brand","embeddable":true,"href":"https:\/\/www.iplay.com\/fr\/wp-json\/wp\/v2\/product_brand?post=40843"},{"taxonomy":"product_cat","embeddable":true,"href":"https:\/\/www.iplay.com\/fr\/wp-json\/wp\/v2\/product_cat?post=40843"},{"taxonomy":"product_tag","embeddable":true,"href":"https:\/\/www.iplay.com\/fr\/wp-json\/wp\/v2\/product_tag?post=40843"}],"curies":[{"name":"wp","href":"https:\/\/api.w.org\/{rel}","templated":true}]}}