{"id":40770,"date":"2024-12-24T07:30:28","date_gmt":"2024-12-24T07:30:28","guid":{"rendered":"https:\/\/www.iplay.com\/games\/christmas-fables-the-wishing-store-collectors-edition\/"},"modified":"2025-03-06T09:59:53","modified_gmt":"2025-03-06T09:59:53","slug":"christmas-fables-the-wishing-store-collectors-edition","status":"publish","type":"product","link":"https:\/\/www.iplay.com\/fr\/games\/christmas-fables-the-wishing-store-collectors-edition\/","title":{"rendered":"Christmas Fables: The Wishing Store Collector&#8217;s Edition"},"content":{"rendered":"<p>Une visite \u00e0 No\u00ebl est la bienvenue, o\u00f9 l\u2019esprit festif a \u00e9t\u00e9 exil\u00e9 par M. Greedy, un maire glacial. Cette ville lugubre doit \u00eatre explor\u00e9e, ses secrets d\u00e9couverts et la joie des f\u00eates restaur\u00e9e malgr\u00e9 de nombreux d\u00e9fis. Pour prouver votre valeur d\u2019h\u00e9riter de l\u2019empire du jouet de votre p\u00e8re, des efforts doivent \u00eatre faits pour raviver l\u2019esprit de la saison. Faire \u00e9quipe avec Rudolf le renne et Nicholas le ma\u00eetre des jouets vous assure une aventure magique remplie de joies saisonni\u00e8res.   <\/p>\n<p>&nbsp;<\/p>\n<p><strong>Fonctionnalit\u00e9s<\/strong><\/p>\n<ul>\n<li>Un chapitre bonus sp\u00e9cial est d\u00e9bloqu\u00e9 en terminant le jeu.<\/li>\n<li>Des articles de No\u00ebl exclusifs que l\u2019on ne trouve nulle part ailleurs peuvent \u00eatre d\u00e9couverts.<\/li>\n<li>La comp\u00e9tence de No\u00ebl est d\u00e9montr\u00e9e en d\u00e9bloquant des succ\u00e8s.<\/li>\n<\/ul>\n","protected":false},"excerpt":{"rendered":"<p>Trouvez des tr\u00e9sors de No\u00ebl cach\u00e9s tout en explorant Christmashire dans <strong>Fables de No\u00ebl &#8211; The Wishing Store Collector\u2019s Edition<\/strong><\/p>\n","protected":false},"author":52,"featured_media":40772,"comment_status":"open","ping_status":"closed","template":"","meta":{"_acf_changed":false,"inline_featured_image":false},"product_brand":[],"product_cat":[165],"product_tag":[287],"class_list":{"0":"post-40770","1":"product","2":"type-product","3":"status-publish","4":"has-post-thumbnail","6":"product_cat-hidden-object-fr","7":"product_tag-play-on-pc-fr","9":"first","10":"instock","11":"shipping-taxable","12":"purchasable","13":"product-type-simple"},"acf":[],"yoast_head":"<!-- This site is optimized with the Yoast SEO Premium plugin v25.2 (Yoast SEO v25.2) - https:\/\/yoast.com\/wordpress\/plugins\/seo\/ -->\n<title>Trouvez des tr\u00e9sors de No\u00ebl cach\u00e9s en explorant Christmashire !<\/title>\n<meta name=\"description\" content=\"Trouvez des tr\u00e9sors de No\u00ebl cach\u00e9s tout en explorant Christmashire dans Fables de No\u00ebl - The Wishing Store Collector\u2019s Edition\" \/>\n<meta name=\"robots\" content=\"index, follow, max-snippet:-1, max-image-preview:large, max-video-preview:-1\" \/>\n<link rel=\"canonical\" href=\"https:\/\/www.iplay.com\/fr\/games\/christmas-fables-the-wishing-store-collectors-edition\/\" \/>\n<meta property=\"og:locale\" content=\"fr_FR\" \/>\n<meta property=\"og:type\" content=\"article\" \/>\n<meta property=\"og:title\" content=\"Christmas Fables: The Wishing Store Collector&#039;s Edition\" \/>\n<meta property=\"og:description\" content=\"Trouvez des tr\u00e9sors de No\u00ebl cach\u00e9s tout en explorant Christmashire dans Fables de No\u00ebl - The Wishing Store Collector\u2019s Edition\" \/>\n<meta property=\"og:url\" content=\"https:\/\/www.iplay.com\/fr\/games\/christmas-fables-the-wishing-store-collectors-edition\/\" \/>\n<meta property=\"og:site_name\" content=\"IPlay\" \/>\n<meta property=\"article:modified_time\" content=\"2025-03-06T09:59:53+00:00\" \/>\n<meta property=\"og:image\" content=\"https:\/\/www.iplay.com\/wp-content\/uploads\/2024\/12\/christmas_fables_-_the_wishing_store_ce_large_video_screenshot.webp\" \/>\n\t<meta property=\"og:image:width\" content=\"715\" \/>\n\t<meta property=\"og:image:height\" content=\"485\" \/>\n\t<meta property=\"og:image:type\" content=\"image\/webp\" \/>\n<meta name=\"twitter:card\" content=\"summary_large_image\" \/>\n<meta name=\"twitter:label1\" content=\"Dur\u00e9e de lecture estim\u00e9e\" \/>\n\t<meta name=\"twitter:data1\" content=\"1 minute\" \/>\n<script type=\"application\/ld+json\" class=\"yoast-schema-graph\">{\"@context\":\"https:\/\/schema.org\",\"@graph\":[{\"@type\":\"WebPage\",\"@id\":\"https:\/\/www.iplay.com\/fr\/games\/christmas-fables-the-wishing-store-collectors-edition\/\",\"url\":\"https:\/\/www.iplay.com\/fr\/games\/christmas-fables-the-wishing-store-collectors-edition\/\",\"name\":\"Trouvez des tr\u00e9sors de No\u00ebl cach\u00e9s en explorant Christmashire !\",\"isPartOf\":{\"@id\":\"https:\/\/www.iplay.com\/en\/#website\"},\"primaryImageOfPage\":{\"@id\":\"https:\/\/www.iplay.com\/fr\/games\/christmas-fables-the-wishing-store-collectors-edition\/#primaryimage\"},\"image\":{\"@id\":\"https:\/\/www.iplay.com\/fr\/games\/christmas-fables-the-wishing-store-collectors-edition\/#primaryimage\"},\"thumbnailUrl\":\"https:\/\/www.iplay.com\/wp-content\/uploads\/2024\/12\/christmas_fables_-_the_wishing_store_ce_large_video_screenshot.webp\",\"datePublished\":\"2024-12-24T07:30:28+00:00\",\"dateModified\":\"2025-03-06T09:59:53+00:00\",\"description\":\"Trouvez des tr\u00e9sors de No\u00ebl cach\u00e9s tout en explorant Christmashire dans Fables de No\u00ebl - The Wishing Store Collector\u2019s Edition\",\"breadcrumb\":{\"@id\":\"https:\/\/www.iplay.com\/fr\/games\/christmas-fables-the-wishing-store-collectors-edition\/#breadcrumb\"},\"inLanguage\":\"fr-FR\",\"potentialAction\":[{\"@type\":\"ReadAction\",\"target\":[\"https:\/\/www.iplay.com\/fr\/games\/christmas-fables-the-wishing-store-collectors-edition\/\"]}]},{\"@type\":\"ImageObject\",\"inLanguage\":\"fr-FR\",\"@id\":\"https:\/\/www.iplay.com\/fr\/games\/christmas-fables-the-wishing-store-collectors-edition\/#primaryimage\",\"url\":\"https:\/\/www.iplay.com\/wp-content\/uploads\/2024\/12\/christmas_fables_-_the_wishing_store_ce_large_video_screenshot.webp\",\"contentUrl\":\"https:\/\/www.iplay.com\/wp-content\/uploads\/2024\/12\/christmas_fables_-_the_wishing_store_ce_large_video_screenshot.webp\",\"width\":715,\"height\":485},{\"@type\":\"BreadcrumbList\",\"@id\":\"https:\/\/www.iplay.com\/fr\/games\/christmas-fables-the-wishing-store-collectors-edition\/#breadcrumb\",\"itemListElement\":[{\"@type\":\"ListItem\",\"position\":1,\"name\":\"Home\",\"item\":\"https:\/\/www.iplay.com\/fr\/home-page-2\/\"},{\"@type\":\"ListItem\",\"position\":2,\"name\":\"Shop\",\"item\":\"https:\/\/www.iplay.com\/en\/shop\/\"},{\"@type\":\"ListItem\",\"position\":3,\"name\":\"Christmas Fables: The Wishing Store Collector&#8217;s Edition\"}]},{\"@type\":\"WebSite\",\"@id\":\"https:\/\/www.iplay.com\/en\/#website\",\"url\":\"https:\/\/www.iplay.com\/en\/\",\"name\":\"IPlay\",\"description\":\"The Best Casual Games!\",\"publisher\":{\"@id\":\"https:\/\/www.iplay.com\/en\/#organization\"},\"potentialAction\":[{\"@type\":\"SearchAction\",\"target\":{\"@type\":\"EntryPoint\",\"urlTemplate\":\"https:\/\/www.iplay.com\/en\/?s={search_term_string}\"},\"query-input\":{\"@type\":\"PropertyValueSpecification\",\"valueRequired\":true,\"valueName\":\"search_term_string\"}}],\"inLanguage\":\"fr-FR\"},{\"@type\":\"Organization\",\"@id\":\"https:\/\/www.iplay.com\/en\/#organization\",\"name\":\"IPlay\",\"url\":\"https:\/\/www.iplay.com\/en\/\",\"logo\":{\"@type\":\"ImageObject\",\"inLanguage\":\"fr-FR\",\"@id\":\"https:\/\/www.iplay.com\/en\/#\/schema\/logo\/image\/\",\"url\":\"https:\/\/www.iplay.com\/wp-content\/uploads\/2023\/11\/Group-6100.svg\",\"contentUrl\":\"https:\/\/www.iplay.com\/wp-content\/uploads\/2023\/11\/Group-6100.svg\",\"width\":98,\"height\":25,\"caption\":\"IPlay\"},\"image\":{\"@id\":\"https:\/\/www.iplay.com\/en\/#\/schema\/logo\/image\/\"}}]}<\/script>\n<!-- \/ Yoast SEO Premium plugin. -->","yoast_head_json":{"title":"Trouvez des tr\u00e9sors de No\u00ebl cach\u00e9s en explorant Christmashire !","description":"Trouvez des tr\u00e9sors de No\u00ebl cach\u00e9s tout en explorant Christmashire dans Fables de No\u00ebl - The Wishing Store Collector\u2019s Edition","robots":{"index":"index","follow":"follow","max-snippet":"max-snippet:-1","max-image-preview":"max-image-preview:large","max-video-preview":"max-video-preview:-1"},"canonical":"https:\/\/www.iplay.com\/fr\/games\/christmas-fables-the-wishing-store-collectors-edition\/","og_locale":"fr_FR","og_type":"article","og_title":"Christmas Fables: The Wishing Store Collector's Edition","og_description":"Trouvez des tr\u00e9sors de No\u00ebl cach\u00e9s tout en explorant Christmashire dans Fables de No\u00ebl - The Wishing Store Collector\u2019s Edition","og_url":"https:\/\/www.iplay.com\/fr\/games\/christmas-fables-the-wishing-store-collectors-edition\/","og_site_name":"IPlay","article_modified_time":"2025-03-06T09:59:53+00:00","og_image":[{"width":715,"height":485,"url":"https:\/\/www.iplay.com\/wp-content\/uploads\/2024\/12\/christmas_fables_-_the_wishing_store_ce_large_video_screenshot.webp","type":"image\/webp"}],"twitter_card":"summary_large_image","twitter_misc":{"Dur\u00e9e de lecture estim\u00e9e":"1 minute"},"schema":{"@context":"https:\/\/schema.org","@graph":[{"@type":"WebPage","@id":"https:\/\/www.iplay.com\/fr\/games\/christmas-fables-the-wishing-store-collectors-edition\/","url":"https:\/\/www.iplay.com\/fr\/games\/christmas-fables-the-wishing-store-collectors-edition\/","name":"Trouvez des tr\u00e9sors de No\u00ebl cach\u00e9s en explorant Christmashire !","isPartOf":{"@id":"https:\/\/www.iplay.com\/en\/#website"},"primaryImageOfPage":{"@id":"https:\/\/www.iplay.com\/fr\/games\/christmas-fables-the-wishing-store-collectors-edition\/#primaryimage"},"image":{"@id":"https:\/\/www.iplay.com\/fr\/games\/christmas-fables-the-wishing-store-collectors-edition\/#primaryimage"},"thumbnailUrl":"https:\/\/www.iplay.com\/wp-content\/uploads\/2024\/12\/christmas_fables_-_the_wishing_store_ce_large_video_screenshot.webp","datePublished":"2024-12-24T07:30:28+00:00","dateModified":"2025-03-06T09:59:53+00:00","description":"Trouvez des tr\u00e9sors de No\u00ebl cach\u00e9s tout en explorant Christmashire dans Fables de No\u00ebl - The Wishing Store Collector\u2019s Edition","breadcrumb":{"@id":"https:\/\/www.iplay.com\/fr\/games\/christmas-fables-the-wishing-store-collectors-edition\/#breadcrumb"},"inLanguage":"fr-FR","potentialAction":[{"@type":"ReadAction","target":["https:\/\/www.iplay.com\/fr\/games\/christmas-fables-the-wishing-store-collectors-edition\/"]}]},{"@type":"ImageObject","inLanguage":"fr-FR","@id":"https:\/\/www.iplay.com\/fr\/games\/christmas-fables-the-wishing-store-collectors-edition\/#primaryimage","url":"https:\/\/www.iplay.com\/wp-content\/uploads\/2024\/12\/christmas_fables_-_the_wishing_store_ce_large_video_screenshot.webp","contentUrl":"https:\/\/www.iplay.com\/wp-content\/uploads\/2024\/12\/christmas_fables_-_the_wishing_store_ce_large_video_screenshot.webp","width":715,"height":485},{"@type":"BreadcrumbList","@id":"https:\/\/www.iplay.com\/fr\/games\/christmas-fables-the-wishing-store-collectors-edition\/#breadcrumb","itemListElement":[{"@type":"ListItem","position":1,"name":"Home","item":"https:\/\/www.iplay.com\/fr\/home-page-2\/"},{"@type":"ListItem","position":2,"name":"Shop","item":"https:\/\/www.iplay.com\/en\/shop\/"},{"@type":"ListItem","position":3,"name":"Christmas Fables: The Wishing Store Collector&#8217;s Edition"}]},{"@type":"WebSite","@id":"https:\/\/www.iplay.com\/en\/#website","url":"https:\/\/www.iplay.com\/en\/","name":"IPlay","description":"The Best Casual Games!","publisher":{"@id":"https:\/\/www.iplay.com\/en\/#organization"},"potentialAction":[{"@type":"SearchAction","target":{"@type":"EntryPoint","urlTemplate":"https:\/\/www.iplay.com\/en\/?s={search_term_string}"},"query-input":{"@type":"PropertyValueSpecification","valueRequired":true,"valueName":"search_term_string"}}],"inLanguage":"fr-FR"},{"@type":"Organization","@id":"https:\/\/www.iplay.com\/en\/#organization","name":"IPlay","url":"https:\/\/www.iplay.com\/en\/","logo":{"@type":"ImageObject","inLanguage":"fr-FR","@id":"https:\/\/www.iplay.com\/en\/#\/schema\/logo\/image\/","url":"https:\/\/www.iplay.com\/wp-content\/uploads\/2023\/11\/Group-6100.svg","contentUrl":"https:\/\/www.iplay.com\/wp-content\/uploads\/2023\/11\/Group-6100.svg","width":98,"height":25,"caption":"IPlay"},"image":{"@id":"https:\/\/www.iplay.com\/en\/#\/schema\/logo\/image\/"}}]}},"_links":{"self":[{"href":"https:\/\/www.iplay.com\/fr\/wp-json\/wp\/v2\/product\/40770","targetHints":{"allow":["GET"]}}],"collection":[{"href":"https:\/\/www.iplay.com\/fr\/wp-json\/wp\/v2\/product"}],"about":[{"href":"https:\/\/www.iplay.com\/fr\/wp-json\/wp\/v2\/types\/product"}],"author":[{"embeddable":true,"href":"https:\/\/www.iplay.com\/fr\/wp-json\/wp\/v2\/users\/52"}],"replies":[{"embeddable":true,"href":"https:\/\/www.iplay.com\/fr\/wp-json\/wp\/v2\/comments?post=40770"}],"wp:featuredmedia":[{"embeddable":true,"href":"https:\/\/www.iplay.com\/fr\/wp-json\/wp\/v2\/media\/40772"}],"wp:attachment":[{"href":"https:\/\/www.iplay.com\/fr\/wp-json\/wp\/v2\/media?parent=40770"}],"wp:term":[{"taxonomy":"product_brand","embeddable":true,"href":"https:\/\/www.iplay.com\/fr\/wp-json\/wp\/v2\/product_brand?post=40770"},{"taxonomy":"product_cat","embeddable":true,"href":"https:\/\/www.iplay.com\/fr\/wp-json\/wp\/v2\/product_cat?post=40770"},{"taxonomy":"product_tag","embeddable":true,"href":"https:\/\/www.iplay.com\/fr\/wp-json\/wp\/v2\/product_tag?post=40770"}],"curies":[{"name":"wp","href":"https:\/\/api.w.org\/{rel}","templated":true}]}}