{"id":40406,"date":"2020-08-15T00:00:00","date_gmt":"2020-08-15T00:00:00","guid":{"rendered":"https:\/\/www.iplay.com\/games\/rainbow-mosaics-14-hawaiian-vacation\/"},"modified":"2020-08-15T00:00:00","modified_gmt":"2020-08-15T00:00:00","slug":"rainbow-mosaics-14-hawaiian-vacation","status":"publish","type":"product","link":"https:\/\/www.iplay.com\/fr\/games\/rainbow-mosaics-14-hawaiian-vacation\/","title":{"rendered":"Rainbow Mosaics 14: Hawaiian Vacation"},"content":{"rendered":"<p>Salutations, chers amis ! Une bouteille ancienne avec un message SOS a \u00e9t\u00e9 d\u00e9couverte par notre assistant exceptionnel The Robot. La bouteille a \u00e9t\u00e9 envoy\u00e9e d\u2019Hawa\u00ef il y a pr\u00e8s de 200 ans par un marin qui n\u2019a pas \u00e9t\u00e9 identifi\u00e9. De plus, si certaines \u00eeles \u00e9taient d\u00e9sertes dans le pass\u00e9, les circonstances ont consid\u00e9rablement chang\u00e9. Hawa\u00ef est un paradis maintenant. Divers vacanciers affluent \u00e0 cet endroit pour tenter d\u2019oublier temporairement leurs soucis et leurs difficult\u00e9s. Nous sommes convaincus que notre robot les assistera tous parce que nous connaissons Helper. Chacun, sans faute. Qu\u2019ils l\u2019approuvent ou non. Voyons comment les choses se passent. Excellents puzzles de nonogrammes bas\u00e9s sur la logique&nbsp;; des mini-puzzles et des s\u00e9quences d\u2019objets cach\u00e9s ; un grand choix de peaux de carreaux&nbsp;; une gamme de bonus \u00e9volutifs qui vous aideront pendant le jeu ; et les arri\u00e8re-plans \u00e0 th\u00e8me color\u00e9s ne sont que quelques-unes des caract\u00e9ristiques.<\/p>\n","protected":false},"excerpt":{"rendered":"<p>Une bouteille ancienne avec un message SOS a \u00e9t\u00e9 d\u00e9couverte par notre assistant exceptionnel The Robot. Que va-t-il se passer ensuite ? <\/p>\n","protected":false},"author":16,"featured_media":40412,"comment_status":"open","ping_status":"closed","template":"","meta":{"_acf_changed":false,"inline_featured_image":false},"product_brand":[],"product_cat":[193],"product_tag":[],"class_list":{"0":"post-40406","1":"product","2":"type-product","3":"status-publish","4":"has-post-thumbnail","6":"product_cat-puzzle-fr","8":"first","9":"instock","10":"shipping-taxable","11":"purchasable","12":"product-type-simple"},"acf":[],"yoast_head":"<!-- This site is optimized with the Yoast SEO Premium plugin v25.2 (Yoast SEO v25.2) - https:\/\/yoast.com\/wordpress\/plugins\/seo\/ -->\n<title>Rainbow Mosaics 14\u00a0: Hawaiian Vacation - Helper Le robot a trouv\u00e9 une vieille bouteille avec un message SOS<\/title>\n<meta name=\"description\" content=\"Une bouteille ancienne avec un message SOS a \u00e9t\u00e9 d\u00e9couverte par notre assistant exceptionnel The Robot. Que va-t-il se passer ensuite ?\" \/>\n<meta name=\"robots\" content=\"index, follow, max-snippet:-1, max-image-preview:large, max-video-preview:-1\" \/>\n<link rel=\"canonical\" href=\"https:\/\/www.iplay.com\/fr\/games\/rainbow-mosaics-14-hawaiian-vacation\/\" \/>\n<meta property=\"og:locale\" content=\"fr_FR\" \/>\n<meta property=\"og:type\" content=\"article\" \/>\n<meta property=\"og:title\" content=\"Rainbow Mosaics 14: Hawaiian Vacation\" \/>\n<meta property=\"og:description\" content=\"Une bouteille ancienne avec un message SOS a \u00e9t\u00e9 d\u00e9couverte par notre assistant exceptionnel The Robot. Que va-t-il se passer ensuite ?\" \/>\n<meta property=\"og:url\" content=\"https:\/\/www.iplay.com\/fr\/games\/rainbow-mosaics-14-hawaiian-vacation\/\" \/>\n<meta property=\"og:site_name\" content=\"IPlay\" \/>\n<meta property=\"og:image\" content=\"https:\/\/www.iplay.com\/wp-content\/uploads\/2023\/12\/large_square_tile_image-2658.jpg\" \/>\n\t<meta property=\"og:image:width\" content=\"310\" \/>\n\t<meta property=\"og:image:height\" content=\"310\" \/>\n\t<meta property=\"og:image:type\" content=\"image\/jpeg\" \/>\n<meta name=\"twitter:card\" content=\"summary_large_image\" \/>\n<meta name=\"twitter:label1\" content=\"Dur\u00e9e de lecture estim\u00e9e\" \/>\n\t<meta name=\"twitter:data1\" content=\"1 minute\" \/>\n<script type=\"application\/ld+json\" class=\"yoast-schema-graph\">{\"@context\":\"https:\/\/schema.org\",\"@graph\":[{\"@type\":\"WebPage\",\"@id\":\"https:\/\/www.iplay.com\/fr\/games\/rainbow-mosaics-14-hawaiian-vacation\/\",\"url\":\"https:\/\/www.iplay.com\/fr\/games\/rainbow-mosaics-14-hawaiian-vacation\/\",\"name\":\"Rainbow Mosaics 14\u00a0: Hawaiian Vacation - Helper Le robot a trouv\u00e9 une vieille bouteille avec un message SOS\",\"isPartOf\":{\"@id\":\"https:\/\/www.iplay.com\/en\/#website\"},\"primaryImageOfPage\":{\"@id\":\"https:\/\/www.iplay.com\/fr\/games\/rainbow-mosaics-14-hawaiian-vacation\/#primaryimage\"},\"image\":{\"@id\":\"https:\/\/www.iplay.com\/fr\/games\/rainbow-mosaics-14-hawaiian-vacation\/#primaryimage\"},\"thumbnailUrl\":\"https:\/\/www.iplay.com\/wp-content\/uploads\/2023\/12\/large_square_tile_image-2658.jpg\",\"datePublished\":\"2020-08-15T00:00:00+00:00\",\"description\":\"Une bouteille ancienne avec un message SOS a \u00e9t\u00e9 d\u00e9couverte par notre assistant exceptionnel The Robot. Que va-t-il se passer ensuite ?\",\"breadcrumb\":{\"@id\":\"https:\/\/www.iplay.com\/fr\/games\/rainbow-mosaics-14-hawaiian-vacation\/#breadcrumb\"},\"inLanguage\":\"fr-FR\",\"potentialAction\":[{\"@type\":\"ReadAction\",\"target\":[\"https:\/\/www.iplay.com\/fr\/games\/rainbow-mosaics-14-hawaiian-vacation\/\"]}]},{\"@type\":\"ImageObject\",\"inLanguage\":\"fr-FR\",\"@id\":\"https:\/\/www.iplay.com\/fr\/games\/rainbow-mosaics-14-hawaiian-vacation\/#primaryimage\",\"url\":\"https:\/\/www.iplay.com\/wp-content\/uploads\/2023\/12\/large_square_tile_image-2658.jpg\",\"contentUrl\":\"https:\/\/www.iplay.com\/wp-content\/uploads\/2023\/12\/large_square_tile_image-2658.jpg\",\"width\":310,\"height\":310},{\"@type\":\"BreadcrumbList\",\"@id\":\"https:\/\/www.iplay.com\/fr\/games\/rainbow-mosaics-14-hawaiian-vacation\/#breadcrumb\",\"itemListElement\":[{\"@type\":\"ListItem\",\"position\":1,\"name\":\"Home\",\"item\":\"https:\/\/www.iplay.com\/fr\/home-page-2\/\"},{\"@type\":\"ListItem\",\"position\":2,\"name\":\"Shop\",\"item\":\"https:\/\/www.iplay.com\/en\/shop\/\"},{\"@type\":\"ListItem\",\"position\":3,\"name\":\"Rainbow Mosaics 14: Hawaiian Vacation\"}]},{\"@type\":\"WebSite\",\"@id\":\"https:\/\/www.iplay.com\/en\/#website\",\"url\":\"https:\/\/www.iplay.com\/en\/\",\"name\":\"IPlay\",\"description\":\"The Best Casual Games!\",\"publisher\":{\"@id\":\"https:\/\/www.iplay.com\/en\/#organization\"},\"potentialAction\":[{\"@type\":\"SearchAction\",\"target\":{\"@type\":\"EntryPoint\",\"urlTemplate\":\"https:\/\/www.iplay.com\/en\/?s={search_term_string}\"},\"query-input\":{\"@type\":\"PropertyValueSpecification\",\"valueRequired\":true,\"valueName\":\"search_term_string\"}}],\"inLanguage\":\"fr-FR\"},{\"@type\":\"Organization\",\"@id\":\"https:\/\/www.iplay.com\/en\/#organization\",\"name\":\"IPlay\",\"url\":\"https:\/\/www.iplay.com\/en\/\",\"logo\":{\"@type\":\"ImageObject\",\"inLanguage\":\"fr-FR\",\"@id\":\"https:\/\/www.iplay.com\/en\/#\/schema\/logo\/image\/\",\"url\":\"https:\/\/www.iplay.com\/wp-content\/uploads\/2023\/11\/Group-6100.svg\",\"contentUrl\":\"https:\/\/www.iplay.com\/wp-content\/uploads\/2023\/11\/Group-6100.svg\",\"width\":98,\"height\":25,\"caption\":\"IPlay\"},\"image\":{\"@id\":\"https:\/\/www.iplay.com\/en\/#\/schema\/logo\/image\/\"}}]}<\/script>\n<!-- \/ Yoast SEO Premium plugin. -->","yoast_head_json":{"title":"Rainbow Mosaics 14\u00a0: Hawaiian Vacation - Helper Le robot a trouv\u00e9 une vieille bouteille avec un message SOS","description":"Une bouteille ancienne avec un message SOS a \u00e9t\u00e9 d\u00e9couverte par notre assistant exceptionnel The Robot. Que va-t-il se passer ensuite ?","robots":{"index":"index","follow":"follow","max-snippet":"max-snippet:-1","max-image-preview":"max-image-preview:large","max-video-preview":"max-video-preview:-1"},"canonical":"https:\/\/www.iplay.com\/fr\/games\/rainbow-mosaics-14-hawaiian-vacation\/","og_locale":"fr_FR","og_type":"article","og_title":"Rainbow Mosaics 14: Hawaiian Vacation","og_description":"Une bouteille ancienne avec un message SOS a \u00e9t\u00e9 d\u00e9couverte par notre assistant exceptionnel The Robot. Que va-t-il se passer ensuite ?","og_url":"https:\/\/www.iplay.com\/fr\/games\/rainbow-mosaics-14-hawaiian-vacation\/","og_site_name":"IPlay","og_image":[{"width":310,"height":310,"url":"https:\/\/www.iplay.com\/wp-content\/uploads\/2023\/12\/large_square_tile_image-2658.jpg","type":"image\/jpeg"}],"twitter_card":"summary_large_image","twitter_misc":{"Dur\u00e9e de lecture estim\u00e9e":"1 minute"},"schema":{"@context":"https:\/\/schema.org","@graph":[{"@type":"WebPage","@id":"https:\/\/www.iplay.com\/fr\/games\/rainbow-mosaics-14-hawaiian-vacation\/","url":"https:\/\/www.iplay.com\/fr\/games\/rainbow-mosaics-14-hawaiian-vacation\/","name":"Rainbow Mosaics 14\u00a0: Hawaiian Vacation - Helper Le robot a trouv\u00e9 une vieille bouteille avec un message SOS","isPartOf":{"@id":"https:\/\/www.iplay.com\/en\/#website"},"primaryImageOfPage":{"@id":"https:\/\/www.iplay.com\/fr\/games\/rainbow-mosaics-14-hawaiian-vacation\/#primaryimage"},"image":{"@id":"https:\/\/www.iplay.com\/fr\/games\/rainbow-mosaics-14-hawaiian-vacation\/#primaryimage"},"thumbnailUrl":"https:\/\/www.iplay.com\/wp-content\/uploads\/2023\/12\/large_square_tile_image-2658.jpg","datePublished":"2020-08-15T00:00:00+00:00","description":"Une bouteille ancienne avec un message SOS a \u00e9t\u00e9 d\u00e9couverte par notre assistant exceptionnel The Robot. Que va-t-il se passer ensuite ?","breadcrumb":{"@id":"https:\/\/www.iplay.com\/fr\/games\/rainbow-mosaics-14-hawaiian-vacation\/#breadcrumb"},"inLanguage":"fr-FR","potentialAction":[{"@type":"ReadAction","target":["https:\/\/www.iplay.com\/fr\/games\/rainbow-mosaics-14-hawaiian-vacation\/"]}]},{"@type":"ImageObject","inLanguage":"fr-FR","@id":"https:\/\/www.iplay.com\/fr\/games\/rainbow-mosaics-14-hawaiian-vacation\/#primaryimage","url":"https:\/\/www.iplay.com\/wp-content\/uploads\/2023\/12\/large_square_tile_image-2658.jpg","contentUrl":"https:\/\/www.iplay.com\/wp-content\/uploads\/2023\/12\/large_square_tile_image-2658.jpg","width":310,"height":310},{"@type":"BreadcrumbList","@id":"https:\/\/www.iplay.com\/fr\/games\/rainbow-mosaics-14-hawaiian-vacation\/#breadcrumb","itemListElement":[{"@type":"ListItem","position":1,"name":"Home","item":"https:\/\/www.iplay.com\/fr\/home-page-2\/"},{"@type":"ListItem","position":2,"name":"Shop","item":"https:\/\/www.iplay.com\/en\/shop\/"},{"@type":"ListItem","position":3,"name":"Rainbow Mosaics 14: Hawaiian Vacation"}]},{"@type":"WebSite","@id":"https:\/\/www.iplay.com\/en\/#website","url":"https:\/\/www.iplay.com\/en\/","name":"IPlay","description":"The Best Casual Games!","publisher":{"@id":"https:\/\/www.iplay.com\/en\/#organization"},"potentialAction":[{"@type":"SearchAction","target":{"@type":"EntryPoint","urlTemplate":"https:\/\/www.iplay.com\/en\/?s={search_term_string}"},"query-input":{"@type":"PropertyValueSpecification","valueRequired":true,"valueName":"search_term_string"}}],"inLanguage":"fr-FR"},{"@type":"Organization","@id":"https:\/\/www.iplay.com\/en\/#organization","name":"IPlay","url":"https:\/\/www.iplay.com\/en\/","logo":{"@type":"ImageObject","inLanguage":"fr-FR","@id":"https:\/\/www.iplay.com\/en\/#\/schema\/logo\/image\/","url":"https:\/\/www.iplay.com\/wp-content\/uploads\/2023\/11\/Group-6100.svg","contentUrl":"https:\/\/www.iplay.com\/wp-content\/uploads\/2023\/11\/Group-6100.svg","width":98,"height":25,"caption":"IPlay"},"image":{"@id":"https:\/\/www.iplay.com\/en\/#\/schema\/logo\/image\/"}}]}},"_links":{"self":[{"href":"https:\/\/www.iplay.com\/fr\/wp-json\/wp\/v2\/product\/40406","targetHints":{"allow":["GET"]}}],"collection":[{"href":"https:\/\/www.iplay.com\/fr\/wp-json\/wp\/v2\/product"}],"about":[{"href":"https:\/\/www.iplay.com\/fr\/wp-json\/wp\/v2\/types\/product"}],"author":[{"embeddable":true,"href":"https:\/\/www.iplay.com\/fr\/wp-json\/wp\/v2\/users\/16"}],"replies":[{"embeddable":true,"href":"https:\/\/www.iplay.com\/fr\/wp-json\/wp\/v2\/comments?post=40406"}],"wp:featuredmedia":[{"embeddable":true,"href":"https:\/\/www.iplay.com\/fr\/wp-json\/wp\/v2\/media\/40412"}],"wp:attachment":[{"href":"https:\/\/www.iplay.com\/fr\/wp-json\/wp\/v2\/media?parent=40406"}],"wp:term":[{"taxonomy":"product_brand","embeddable":true,"href":"https:\/\/www.iplay.com\/fr\/wp-json\/wp\/v2\/product_brand?post=40406"},{"taxonomy":"product_cat","embeddable":true,"href":"https:\/\/www.iplay.com\/fr\/wp-json\/wp\/v2\/product_cat?post=40406"},{"taxonomy":"product_tag","embeddable":true,"href":"https:\/\/www.iplay.com\/fr\/wp-json\/wp\/v2\/product_tag?post=40406"}],"curies":[{"name":"wp","href":"https:\/\/api.w.org\/{rel}","templated":true}]}}