{"id":40293,"date":"2024-04-12T09:00:48","date_gmt":"2024-04-12T09:00:48","guid":{"rendered":"https:\/\/www.iplay.com\/games\/art-by-numbers-50\/"},"modified":"2024-04-12T09:00:48","modified_gmt":"2024-04-12T09:00:48","slug":"art-by-numbers-50","status":"publish","type":"product","link":"https:\/\/www.iplay.com\/fr\/games\/art-by-numbers-50\/","title":{"rendered":"Art By Numbers 50"},"content":{"rendered":"<p>Art By Numbers transcende le jeu de peinture typique, offrant un royaume d\u2019\u0153uvres d\u2019art splendides, de designs sophistiqu\u00e9s et d\u2019un kal\u00e9idoscope de couleurs. Il suffit de votre ardeur pour \u00eatre un cr\u00e9ateur ! Choisissez une teinte, associez-la au num\u00e9ro et remplissez la toile de peinture lumineuse. R\u00e9alisez des merveilles artistiques et embrassez l\u2019artiste qui sommeille en vous !   <\/p>\n<p>&nbsp;<\/p>\n<p><strong>Fonctionnalit\u00e9s<\/strong><\/p>\n<ul>\n<li>Une collection de 72 peintures vibrantes.<\/li>\n<li>Utilisez un pinceau bien aiguis\u00e9 pour appliquer la peinture avec des traits d\u00e9lib\u00e9r\u00e9s.<\/li>\n<li>Alternez entre la profondeur de la peinture textur\u00e9e et la simplicit\u00e9 de la coloration \u00e0 plat.<\/li>\n<li>Profitez de la libert\u00e9 du mode coloriage, o\u00f9 vous pouvez personnaliser l\u2019illustration avec la palette de votre choix.<\/li>\n<li>D\u00e9lectez-vous de la joie abondante qu\u2019il apporte&nbsp;!<\/li>\n<\/ul>\n","protected":false},"excerpt":{"rendered":"<p>Explorez la ma\u00eetrise de l\u2019art &#8211; La cr\u00e9ation de pi\u00e8ces \u00e9poustouflantes vous attend avec Art By Numbers 50<\/p>\n","protected":false},"author":16,"featured_media":40298,"comment_status":"open","ping_status":"closed","template":"","meta":{"_acf_changed":false,"inline_featured_image":false},"product_brand":[],"product_cat":[183],"product_tag":[231,287],"class_list":{"0":"post-40293","1":"product","2":"type-product","3":"status-publish","4":"has-post-thumbnail","6":"product_cat-paint-by-numbers-series-fr","7":"product_tag-art-by-numbers-series-fr","8":"product_tag-play-on-pc-fr","10":"first","11":"instock","12":"shipping-taxable","13":"purchasable","14":"product-type-simple"},"acf":[],"yoast_head":"<!-- This site is optimized with the Yoast SEO Premium plugin v25.2 (Yoast SEO v25.2) - https:\/\/yoast.com\/wordpress\/plugins\/seo\/ -->\n<title>Art By Numbers 50 - Explorez la ma\u00eetrise de l\u2019art<\/title>\n<meta name=\"description\" content=\"Explorez la ma\u00eetrise de l\u2019art - La cr\u00e9ation de pi\u00e8ces \u00e9poustouflantes vous attend avec Art By Numbers 50\" \/>\n<meta name=\"robots\" content=\"index, follow, max-snippet:-1, max-image-preview:large, max-video-preview:-1\" \/>\n<link rel=\"canonical\" href=\"https:\/\/www.iplay.com\/fr\/games\/art-by-numbers-50\/\" \/>\n<meta property=\"og:locale\" content=\"fr_FR\" \/>\n<meta property=\"og:type\" content=\"article\" \/>\n<meta property=\"og:title\" content=\"Art By Numbers 50\" \/>\n<meta property=\"og:description\" content=\"Explorez la ma\u00eetrise de l\u2019art - La cr\u00e9ation de pi\u00e8ces \u00e9poustouflantes vous attend avec Art By Numbers 50\" \/>\n<meta property=\"og:url\" content=\"https:\/\/www.iplay.com\/fr\/games\/art-by-numbers-50\/\" \/>\n<meta property=\"og:site_name\" content=\"IPlay\" \/>\n<meta property=\"og:image\" content=\"https:\/\/www.iplay.com\/wp-content\/uploads\/2024\/04\/Art-By-Numbers-50_large_square_tile_image.webp\" \/>\n\t<meta property=\"og:image:width\" content=\"310\" \/>\n\t<meta property=\"og:image:height\" content=\"310\" \/>\n\t<meta property=\"og:image:type\" content=\"image\/webp\" \/>\n<meta name=\"twitter:card\" content=\"summary_large_image\" \/>\n<meta name=\"twitter:label1\" content=\"Dur\u00e9e de lecture estim\u00e9e\" \/>\n\t<meta name=\"twitter:data1\" content=\"1 minute\" \/>\n<script type=\"application\/ld+json\" class=\"yoast-schema-graph\">{\"@context\":\"https:\/\/schema.org\",\"@graph\":[{\"@type\":\"WebPage\",\"@id\":\"https:\/\/www.iplay.com\/fr\/games\/art-by-numbers-50\/\",\"url\":\"https:\/\/www.iplay.com\/fr\/games\/art-by-numbers-50\/\",\"name\":\"Art By Numbers 50 - Explorez la ma\u00eetrise de l\u2019art\",\"isPartOf\":{\"@id\":\"https:\/\/www.iplay.com\/en\/#website\"},\"primaryImageOfPage\":{\"@id\":\"https:\/\/www.iplay.com\/fr\/games\/art-by-numbers-50\/#primaryimage\"},\"image\":{\"@id\":\"https:\/\/www.iplay.com\/fr\/games\/art-by-numbers-50\/#primaryimage\"},\"thumbnailUrl\":\"https:\/\/www.iplay.com\/wp-content\/uploads\/2024\/04\/Art-By-Numbers-50_large_square_tile_image.webp\",\"datePublished\":\"2024-04-12T09:00:48+00:00\",\"description\":\"Explorez la ma\u00eetrise de l\u2019art - La cr\u00e9ation de pi\u00e8ces \u00e9poustouflantes vous attend avec Art By Numbers 50\",\"breadcrumb\":{\"@id\":\"https:\/\/www.iplay.com\/fr\/games\/art-by-numbers-50\/#breadcrumb\"},\"inLanguage\":\"fr-FR\",\"potentialAction\":[{\"@type\":\"ReadAction\",\"target\":[\"https:\/\/www.iplay.com\/fr\/games\/art-by-numbers-50\/\"]}]},{\"@type\":\"ImageObject\",\"inLanguage\":\"fr-FR\",\"@id\":\"https:\/\/www.iplay.com\/fr\/games\/art-by-numbers-50\/#primaryimage\",\"url\":\"https:\/\/www.iplay.com\/wp-content\/uploads\/2024\/04\/Art-By-Numbers-50_large_square_tile_image.webp\",\"contentUrl\":\"https:\/\/www.iplay.com\/wp-content\/uploads\/2024\/04\/Art-By-Numbers-50_large_square_tile_image.webp\",\"width\":310,\"height\":310},{\"@type\":\"BreadcrumbList\",\"@id\":\"https:\/\/www.iplay.com\/fr\/games\/art-by-numbers-50\/#breadcrumb\",\"itemListElement\":[{\"@type\":\"ListItem\",\"position\":1,\"name\":\"Home\",\"item\":\"https:\/\/www.iplay.com\/fr\/home-page-2\/\"},{\"@type\":\"ListItem\",\"position\":2,\"name\":\"Shop\",\"item\":\"https:\/\/www.iplay.com\/en\/shop\/\"},{\"@type\":\"ListItem\",\"position\":3,\"name\":\"Art By Numbers 50\"}]},{\"@type\":\"WebSite\",\"@id\":\"https:\/\/www.iplay.com\/en\/#website\",\"url\":\"https:\/\/www.iplay.com\/en\/\",\"name\":\"IPlay\",\"description\":\"The Best Casual Games!\",\"publisher\":{\"@id\":\"https:\/\/www.iplay.com\/en\/#organization\"},\"potentialAction\":[{\"@type\":\"SearchAction\",\"target\":{\"@type\":\"EntryPoint\",\"urlTemplate\":\"https:\/\/www.iplay.com\/en\/?s={search_term_string}\"},\"query-input\":{\"@type\":\"PropertyValueSpecification\",\"valueRequired\":true,\"valueName\":\"search_term_string\"}}],\"inLanguage\":\"fr-FR\"},{\"@type\":\"Organization\",\"@id\":\"https:\/\/www.iplay.com\/en\/#organization\",\"name\":\"IPlay\",\"url\":\"https:\/\/www.iplay.com\/en\/\",\"logo\":{\"@type\":\"ImageObject\",\"inLanguage\":\"fr-FR\",\"@id\":\"https:\/\/www.iplay.com\/en\/#\/schema\/logo\/image\/\",\"url\":\"https:\/\/www.iplay.com\/wp-content\/uploads\/2023\/11\/Group-6100.svg\",\"contentUrl\":\"https:\/\/www.iplay.com\/wp-content\/uploads\/2023\/11\/Group-6100.svg\",\"width\":98,\"height\":25,\"caption\":\"IPlay\"},\"image\":{\"@id\":\"https:\/\/www.iplay.com\/en\/#\/schema\/logo\/image\/\"}}]}<\/script>\n<!-- \/ Yoast SEO Premium plugin. -->","yoast_head_json":{"title":"Art By Numbers 50 - Explorez la ma\u00eetrise de l\u2019art","description":"Explorez la ma\u00eetrise de l\u2019art - La cr\u00e9ation de pi\u00e8ces \u00e9poustouflantes vous attend avec Art By Numbers 50","robots":{"index":"index","follow":"follow","max-snippet":"max-snippet:-1","max-image-preview":"max-image-preview:large","max-video-preview":"max-video-preview:-1"},"canonical":"https:\/\/www.iplay.com\/fr\/games\/art-by-numbers-50\/","og_locale":"fr_FR","og_type":"article","og_title":"Art By Numbers 50","og_description":"Explorez la ma\u00eetrise de l\u2019art - La cr\u00e9ation de pi\u00e8ces \u00e9poustouflantes vous attend avec Art By Numbers 50","og_url":"https:\/\/www.iplay.com\/fr\/games\/art-by-numbers-50\/","og_site_name":"IPlay","og_image":[{"width":310,"height":310,"url":"https:\/\/www.iplay.com\/wp-content\/uploads\/2024\/04\/Art-By-Numbers-50_large_square_tile_image.webp","type":"image\/webp"}],"twitter_card":"summary_large_image","twitter_misc":{"Dur\u00e9e de lecture estim\u00e9e":"1 minute"},"schema":{"@context":"https:\/\/schema.org","@graph":[{"@type":"WebPage","@id":"https:\/\/www.iplay.com\/fr\/games\/art-by-numbers-50\/","url":"https:\/\/www.iplay.com\/fr\/games\/art-by-numbers-50\/","name":"Art By Numbers 50 - Explorez la ma\u00eetrise de l\u2019art","isPartOf":{"@id":"https:\/\/www.iplay.com\/en\/#website"},"primaryImageOfPage":{"@id":"https:\/\/www.iplay.com\/fr\/games\/art-by-numbers-50\/#primaryimage"},"image":{"@id":"https:\/\/www.iplay.com\/fr\/games\/art-by-numbers-50\/#primaryimage"},"thumbnailUrl":"https:\/\/www.iplay.com\/wp-content\/uploads\/2024\/04\/Art-By-Numbers-50_large_square_tile_image.webp","datePublished":"2024-04-12T09:00:48+00:00","description":"Explorez la ma\u00eetrise de l\u2019art - La cr\u00e9ation de pi\u00e8ces \u00e9poustouflantes vous attend avec Art By Numbers 50","breadcrumb":{"@id":"https:\/\/www.iplay.com\/fr\/games\/art-by-numbers-50\/#breadcrumb"},"inLanguage":"fr-FR","potentialAction":[{"@type":"ReadAction","target":["https:\/\/www.iplay.com\/fr\/games\/art-by-numbers-50\/"]}]},{"@type":"ImageObject","inLanguage":"fr-FR","@id":"https:\/\/www.iplay.com\/fr\/games\/art-by-numbers-50\/#primaryimage","url":"https:\/\/www.iplay.com\/wp-content\/uploads\/2024\/04\/Art-By-Numbers-50_large_square_tile_image.webp","contentUrl":"https:\/\/www.iplay.com\/wp-content\/uploads\/2024\/04\/Art-By-Numbers-50_large_square_tile_image.webp","width":310,"height":310},{"@type":"BreadcrumbList","@id":"https:\/\/www.iplay.com\/fr\/games\/art-by-numbers-50\/#breadcrumb","itemListElement":[{"@type":"ListItem","position":1,"name":"Home","item":"https:\/\/www.iplay.com\/fr\/home-page-2\/"},{"@type":"ListItem","position":2,"name":"Shop","item":"https:\/\/www.iplay.com\/en\/shop\/"},{"@type":"ListItem","position":3,"name":"Art By Numbers 50"}]},{"@type":"WebSite","@id":"https:\/\/www.iplay.com\/en\/#website","url":"https:\/\/www.iplay.com\/en\/","name":"IPlay","description":"The Best Casual Games!","publisher":{"@id":"https:\/\/www.iplay.com\/en\/#organization"},"potentialAction":[{"@type":"SearchAction","target":{"@type":"EntryPoint","urlTemplate":"https:\/\/www.iplay.com\/en\/?s={search_term_string}"},"query-input":{"@type":"PropertyValueSpecification","valueRequired":true,"valueName":"search_term_string"}}],"inLanguage":"fr-FR"},{"@type":"Organization","@id":"https:\/\/www.iplay.com\/en\/#organization","name":"IPlay","url":"https:\/\/www.iplay.com\/en\/","logo":{"@type":"ImageObject","inLanguage":"fr-FR","@id":"https:\/\/www.iplay.com\/en\/#\/schema\/logo\/image\/","url":"https:\/\/www.iplay.com\/wp-content\/uploads\/2023\/11\/Group-6100.svg","contentUrl":"https:\/\/www.iplay.com\/wp-content\/uploads\/2023\/11\/Group-6100.svg","width":98,"height":25,"caption":"IPlay"},"image":{"@id":"https:\/\/www.iplay.com\/en\/#\/schema\/logo\/image\/"}}]}},"_links":{"self":[{"href":"https:\/\/www.iplay.com\/fr\/wp-json\/wp\/v2\/product\/40293","targetHints":{"allow":["GET"]}}],"collection":[{"href":"https:\/\/www.iplay.com\/fr\/wp-json\/wp\/v2\/product"}],"about":[{"href":"https:\/\/www.iplay.com\/fr\/wp-json\/wp\/v2\/types\/product"}],"author":[{"embeddable":true,"href":"https:\/\/www.iplay.com\/fr\/wp-json\/wp\/v2\/users\/16"}],"replies":[{"embeddable":true,"href":"https:\/\/www.iplay.com\/fr\/wp-json\/wp\/v2\/comments?post=40293"}],"wp:featuredmedia":[{"embeddable":true,"href":"https:\/\/www.iplay.com\/fr\/wp-json\/wp\/v2\/media\/40298"}],"wp:attachment":[{"href":"https:\/\/www.iplay.com\/fr\/wp-json\/wp\/v2\/media?parent=40293"}],"wp:term":[{"taxonomy":"product_brand","embeddable":true,"href":"https:\/\/www.iplay.com\/fr\/wp-json\/wp\/v2\/product_brand?post=40293"},{"taxonomy":"product_cat","embeddable":true,"href":"https:\/\/www.iplay.com\/fr\/wp-json\/wp\/v2\/product_cat?post=40293"},{"taxonomy":"product_tag","embeddable":true,"href":"https:\/\/www.iplay.com\/fr\/wp-json\/wp\/v2\/product_tag?post=40293"}],"curies":[{"name":"wp","href":"https:\/\/api.w.org\/{rel}","templated":true}]}}