{"id":40178,"date":"2023-08-11T00:00:01","date_gmt":"2023-08-11T00:00:01","guid":{"rendered":"https:\/\/www.iplay.com\/games\/unsolved-case-the-scarlet-hyacinth-collectors-edition\/"},"modified":"2025-02-28T16:02:56","modified_gmt":"2025-02-28T16:02:56","slug":"unsolved-case-the-scarlet-hyacinth-collectors-edition","status":"publish","type":"product","link":"https:\/\/www.iplay.com\/fr\/games\/unsolved-case-the-scarlet-hyacinth-collectors-edition\/","title":{"rendered":"Unsolved Case: The Scarlet Hyacinth Collector&#8217;s Edition"},"content":{"rendered":"<p>\u00c0 vous de faire votre choix ! De nombreux crimes se d\u00e9roulent sous vos yeux, tels qu\u2019un meurtre dans une ruelle, votre patron abattu ou un enl\u00e8vement en plein jour, etc. \u00cates-vous capable de tout g\u00e9rer ? Une s\u00e9rie polici\u00e8re captivante, remplie d\u2019\u00e9nigmes et d\u2019\u00e9nigmes, vous attend ! Vous et votre partenaire, Scott, avez une tonne de travail \u00e0 faire. Une jacinthe rouge, la marque d\u2019un tueur en s\u00e9rie notoire d\u2019il y a de nombreuses ann\u00e9es, a \u00e9t\u00e9 d\u00e9couverte sur le corps d\u2019un homme d\u00e9c\u00e9d\u00e9. Lorsque vous d\u00e9couvrez que votre psychologue, Mark Coleman, \u00e9tait impliqu\u00e9, il tue votre employeur, Xavier. Vous devez l\u2019enfermer imm\u00e9diatement, mais il y a une autre affaire urgente : des individus disparaissent de leurs voitures. Puis vint l\u2019assassinat du journaliste Noah Hall, qui s\u2019est fait conna\u00eetre pour sa couverture de la jacinthe rouge. Tout d\u2019un coup, vous serez en mesure de voir les choses du point de vue de Mark et vous pourriez m\u00eame avoir piti\u00e9 de lui. \u00cates-vous en mesure d\u2019arr\u00eater cette tendance criminelle ? \u00cates-vous pr\u00eat \u00e0 mettre \u00e0 profit vos talents de d\u00e9tective ? Essayez-le maintenant ! Testez vos talents d\u2019enqu\u00eateur dans cette nouvelle aventure palpitante de puzzle d\u2019objets cach\u00e9s !             <\/p>\n<p>&nbsp;<\/p>\n<p>&nbsp;<\/p>\n<p><strong>Fonctionnalit\u00e9s:<\/strong><\/p>\n<p>&nbsp;<\/p>\n<p>&#8211; C\u2019est vous qui prenez les d\u00e9cisions !<br \/>\n&#8211; Vous pouvez s\u00e9lectionner les mots du personnage pour une action sp\u00e9cifique, ce qui aura un impact sur l\u2019intrigue de l\u2019histoire polici\u00e8re.<br \/>\n&#8211; Beaucoup de r\u00e9alisations diff\u00e9rentes ! -Effectuez des recherches ind\u00e9pendantes en compl\u00e9tant des \u00e9nigmes difficiles, en r\u00e9solvant des \u00e9nigmes et en vous engageant dans une vari\u00e9t\u00e9 de mini-jeux.<br \/>\n&#8211; Mat\u00e9riel suppl\u00e9mentaire !<br \/>\n&#8211; Rassemblez toutes les preuves, appr\u00e9hendez les d\u00e9linquants et concluez avec succ\u00e8s les affaires pour d\u00e9bloquer les zones bonus, qui r\u00e9v\u00e9leront des informations intrigantes sur le personnage.<br \/>\n&#8211; Antiquit\u00e9s !<br \/>\n&#8211; Le joueur doit trouver une vari\u00e9t\u00e9 d\u2019indices et d\u2019objets \u00e9nigmatiques dans une toute nouvelle collection passionnante d\u2019histoires polici\u00e8res pour faire avancer l\u2019enqu\u00eate !<\/p>\n","protected":false},"excerpt":{"rendered":"<p>De nombreuses atrocit\u00e9s se d\u00e9roulent sous vos yeux &#8211; Pouvez-vous le supporter &#8211; En savoir plus sous Affaire non r\u00e9solue : CE Scarlet Hyacinth<\/p>\n","protected":false},"author":52,"featured_media":40205,"comment_status":"open","ping_status":"closed","template":"","meta":{"_acf_changed":false,"inline_featured_image":false},"product_brand":[],"product_cat":[165],"product_tag":[287],"class_list":{"0":"post-40178","1":"product","2":"type-product","3":"status-publish","4":"has-post-thumbnail","6":"product_cat-hidden-object-fr","7":"product_tag-play-on-pc-fr","9":"first","10":"instock","11":"shipping-taxable","12":"purchasable","13":"product-type-simple"},"acf":[],"yoast_head":"<!-- This site is optimized with the Yoast SEO Premium plugin v25.2 (Yoast SEO v25.2) - https:\/\/yoast.com\/wordpress\/plugins\/seo\/ -->\n<title>Unsolved Case\u00a0: La Jacinthe \u00c9carlate Edition Collector - Craquez L\u2019Affaire Non R\u00e9solue\u00a0: La Jacinthe \u00c9carlate CE<\/title>\n<meta name=\"description\" content=\"De nombreuses atrocit\u00e9s se d\u00e9roulent sous vos yeux - Pouvez-vous le supporter - En savoir plus sous Affaire non r\u00e9solue : CE Scarlet Hyacinth\" \/>\n<meta name=\"robots\" content=\"index, follow, max-snippet:-1, max-image-preview:large, max-video-preview:-1\" \/>\n<link rel=\"canonical\" href=\"https:\/\/www.iplay.com\/fr\/games\/unsolved-case-the-scarlet-hyacinth-collectors-edition\/\" \/>\n<meta property=\"og:locale\" content=\"fr_FR\" \/>\n<meta property=\"og:type\" content=\"article\" \/>\n<meta property=\"og:title\" content=\"Unsolved Case: The Scarlet Hyacinth Collector&#039;s Edition\" \/>\n<meta property=\"og:description\" content=\"De nombreuses atrocit\u00e9s se d\u00e9roulent sous vos yeux - Pouvez-vous le supporter - En savoir plus sous Affaire non r\u00e9solue : CE Scarlet Hyacinth\" \/>\n<meta property=\"og:url\" content=\"https:\/\/www.iplay.com\/fr\/games\/unsolved-case-the-scarlet-hyacinth-collectors-edition\/\" \/>\n<meta property=\"og:site_name\" content=\"IPlay\" \/>\n<meta property=\"article:modified_time\" content=\"2025-02-28T16:02:56+00:00\" \/>\n<meta property=\"og:image\" content=\"https:\/\/www.iplay.com\/wp-content\/uploads\/2023\/12\/large_square_tile_image-3128.jpg\" \/>\n\t<meta property=\"og:image:width\" content=\"310\" \/>\n\t<meta property=\"og:image:height\" content=\"310\" \/>\n\t<meta property=\"og:image:type\" content=\"image\/jpeg\" \/>\n<meta name=\"twitter:card\" content=\"summary_large_image\" \/>\n<meta name=\"twitter:label1\" content=\"Dur\u00e9e de lecture estim\u00e9e\" \/>\n\t<meta name=\"twitter:data1\" content=\"2 minutes\" \/>\n<script type=\"application\/ld+json\" class=\"yoast-schema-graph\">{\"@context\":\"https:\/\/schema.org\",\"@graph\":[{\"@type\":\"WebPage\",\"@id\":\"https:\/\/www.iplay.com\/fr\/games\/unsolved-case-the-scarlet-hyacinth-collectors-edition\/\",\"url\":\"https:\/\/www.iplay.com\/fr\/games\/unsolved-case-the-scarlet-hyacinth-collectors-edition\/\",\"name\":\"Unsolved Case\u00a0: La Jacinthe \u00c9carlate Edition Collector - Craquez L\u2019Affaire Non R\u00e9solue\u00a0: La Jacinthe \u00c9carlate CE\",\"isPartOf\":{\"@id\":\"https:\/\/www.iplay.com\/en\/#website\"},\"primaryImageOfPage\":{\"@id\":\"https:\/\/www.iplay.com\/fr\/games\/unsolved-case-the-scarlet-hyacinth-collectors-edition\/#primaryimage\"},\"image\":{\"@id\":\"https:\/\/www.iplay.com\/fr\/games\/unsolved-case-the-scarlet-hyacinth-collectors-edition\/#primaryimage\"},\"thumbnailUrl\":\"https:\/\/www.iplay.com\/wp-content\/uploads\/2023\/12\/large_square_tile_image-3128.jpg\",\"datePublished\":\"2023-08-11T00:00:01+00:00\",\"dateModified\":\"2025-02-28T16:02:56+00:00\",\"description\":\"De nombreuses atrocit\u00e9s se d\u00e9roulent sous vos yeux - Pouvez-vous le supporter - En savoir plus sous Affaire non r\u00e9solue : CE Scarlet Hyacinth\",\"breadcrumb\":{\"@id\":\"https:\/\/www.iplay.com\/fr\/games\/unsolved-case-the-scarlet-hyacinth-collectors-edition\/#breadcrumb\"},\"inLanguage\":\"fr-FR\",\"potentialAction\":[{\"@type\":\"ReadAction\",\"target\":[\"https:\/\/www.iplay.com\/fr\/games\/unsolved-case-the-scarlet-hyacinth-collectors-edition\/\"]}]},{\"@type\":\"ImageObject\",\"inLanguage\":\"fr-FR\",\"@id\":\"https:\/\/www.iplay.com\/fr\/games\/unsolved-case-the-scarlet-hyacinth-collectors-edition\/#primaryimage\",\"url\":\"https:\/\/www.iplay.com\/wp-content\/uploads\/2023\/12\/large_square_tile_image-3128.jpg\",\"contentUrl\":\"https:\/\/www.iplay.com\/wp-content\/uploads\/2023\/12\/large_square_tile_image-3128.jpg\",\"width\":310,\"height\":310},{\"@type\":\"BreadcrumbList\",\"@id\":\"https:\/\/www.iplay.com\/fr\/games\/unsolved-case-the-scarlet-hyacinth-collectors-edition\/#breadcrumb\",\"itemListElement\":[{\"@type\":\"ListItem\",\"position\":1,\"name\":\"Home\",\"item\":\"https:\/\/www.iplay.com\/fr\/home-page-2\/\"},{\"@type\":\"ListItem\",\"position\":2,\"name\":\"Shop\",\"item\":\"https:\/\/www.iplay.com\/en\/shop\/\"},{\"@type\":\"ListItem\",\"position\":3,\"name\":\"Unsolved Case: The Scarlet Hyacinth Collector&#8217;s Edition\"}]},{\"@type\":\"WebSite\",\"@id\":\"https:\/\/www.iplay.com\/en\/#website\",\"url\":\"https:\/\/www.iplay.com\/en\/\",\"name\":\"IPlay\",\"description\":\"The Best Casual Games!\",\"publisher\":{\"@id\":\"https:\/\/www.iplay.com\/en\/#organization\"},\"potentialAction\":[{\"@type\":\"SearchAction\",\"target\":{\"@type\":\"EntryPoint\",\"urlTemplate\":\"https:\/\/www.iplay.com\/en\/?s={search_term_string}\"},\"query-input\":{\"@type\":\"PropertyValueSpecification\",\"valueRequired\":true,\"valueName\":\"search_term_string\"}}],\"inLanguage\":\"fr-FR\"},{\"@type\":\"Organization\",\"@id\":\"https:\/\/www.iplay.com\/en\/#organization\",\"name\":\"IPlay\",\"url\":\"https:\/\/www.iplay.com\/en\/\",\"logo\":{\"@type\":\"ImageObject\",\"inLanguage\":\"fr-FR\",\"@id\":\"https:\/\/www.iplay.com\/en\/#\/schema\/logo\/image\/\",\"url\":\"https:\/\/www.iplay.com\/wp-content\/uploads\/2023\/11\/Group-6100.svg\",\"contentUrl\":\"https:\/\/www.iplay.com\/wp-content\/uploads\/2023\/11\/Group-6100.svg\",\"width\":98,\"height\":25,\"caption\":\"IPlay\"},\"image\":{\"@id\":\"https:\/\/www.iplay.com\/en\/#\/schema\/logo\/image\/\"}}]}<\/script>\n<!-- \/ Yoast SEO Premium plugin. -->","yoast_head_json":{"title":"Unsolved Case\u00a0: La Jacinthe \u00c9carlate Edition Collector - Craquez L\u2019Affaire Non R\u00e9solue\u00a0: La Jacinthe \u00c9carlate CE","description":"De nombreuses atrocit\u00e9s se d\u00e9roulent sous vos yeux - Pouvez-vous le supporter - En savoir plus sous Affaire non r\u00e9solue : CE Scarlet Hyacinth","robots":{"index":"index","follow":"follow","max-snippet":"max-snippet:-1","max-image-preview":"max-image-preview:large","max-video-preview":"max-video-preview:-1"},"canonical":"https:\/\/www.iplay.com\/fr\/games\/unsolved-case-the-scarlet-hyacinth-collectors-edition\/","og_locale":"fr_FR","og_type":"article","og_title":"Unsolved Case: The Scarlet Hyacinth Collector's Edition","og_description":"De nombreuses atrocit\u00e9s se d\u00e9roulent sous vos yeux - Pouvez-vous le supporter - En savoir plus sous Affaire non r\u00e9solue : CE Scarlet Hyacinth","og_url":"https:\/\/www.iplay.com\/fr\/games\/unsolved-case-the-scarlet-hyacinth-collectors-edition\/","og_site_name":"IPlay","article_modified_time":"2025-02-28T16:02:56+00:00","og_image":[{"width":310,"height":310,"url":"https:\/\/www.iplay.com\/wp-content\/uploads\/2023\/12\/large_square_tile_image-3128.jpg","type":"image\/jpeg"}],"twitter_card":"summary_large_image","twitter_misc":{"Dur\u00e9e de lecture estim\u00e9e":"2 minutes"},"schema":{"@context":"https:\/\/schema.org","@graph":[{"@type":"WebPage","@id":"https:\/\/www.iplay.com\/fr\/games\/unsolved-case-the-scarlet-hyacinth-collectors-edition\/","url":"https:\/\/www.iplay.com\/fr\/games\/unsolved-case-the-scarlet-hyacinth-collectors-edition\/","name":"Unsolved Case\u00a0: La Jacinthe \u00c9carlate Edition Collector - Craquez L\u2019Affaire Non R\u00e9solue\u00a0: La Jacinthe \u00c9carlate CE","isPartOf":{"@id":"https:\/\/www.iplay.com\/en\/#website"},"primaryImageOfPage":{"@id":"https:\/\/www.iplay.com\/fr\/games\/unsolved-case-the-scarlet-hyacinth-collectors-edition\/#primaryimage"},"image":{"@id":"https:\/\/www.iplay.com\/fr\/games\/unsolved-case-the-scarlet-hyacinth-collectors-edition\/#primaryimage"},"thumbnailUrl":"https:\/\/www.iplay.com\/wp-content\/uploads\/2023\/12\/large_square_tile_image-3128.jpg","datePublished":"2023-08-11T00:00:01+00:00","dateModified":"2025-02-28T16:02:56+00:00","description":"De nombreuses atrocit\u00e9s se d\u00e9roulent sous vos yeux - Pouvez-vous le supporter - En savoir plus sous Affaire non r\u00e9solue : CE Scarlet Hyacinth","breadcrumb":{"@id":"https:\/\/www.iplay.com\/fr\/games\/unsolved-case-the-scarlet-hyacinth-collectors-edition\/#breadcrumb"},"inLanguage":"fr-FR","potentialAction":[{"@type":"ReadAction","target":["https:\/\/www.iplay.com\/fr\/games\/unsolved-case-the-scarlet-hyacinth-collectors-edition\/"]}]},{"@type":"ImageObject","inLanguage":"fr-FR","@id":"https:\/\/www.iplay.com\/fr\/games\/unsolved-case-the-scarlet-hyacinth-collectors-edition\/#primaryimage","url":"https:\/\/www.iplay.com\/wp-content\/uploads\/2023\/12\/large_square_tile_image-3128.jpg","contentUrl":"https:\/\/www.iplay.com\/wp-content\/uploads\/2023\/12\/large_square_tile_image-3128.jpg","width":310,"height":310},{"@type":"BreadcrumbList","@id":"https:\/\/www.iplay.com\/fr\/games\/unsolved-case-the-scarlet-hyacinth-collectors-edition\/#breadcrumb","itemListElement":[{"@type":"ListItem","position":1,"name":"Home","item":"https:\/\/www.iplay.com\/fr\/home-page-2\/"},{"@type":"ListItem","position":2,"name":"Shop","item":"https:\/\/www.iplay.com\/en\/shop\/"},{"@type":"ListItem","position":3,"name":"Unsolved Case: The Scarlet Hyacinth Collector&#8217;s Edition"}]},{"@type":"WebSite","@id":"https:\/\/www.iplay.com\/en\/#website","url":"https:\/\/www.iplay.com\/en\/","name":"IPlay","description":"The Best Casual Games!","publisher":{"@id":"https:\/\/www.iplay.com\/en\/#organization"},"potentialAction":[{"@type":"SearchAction","target":{"@type":"EntryPoint","urlTemplate":"https:\/\/www.iplay.com\/en\/?s={search_term_string}"},"query-input":{"@type":"PropertyValueSpecification","valueRequired":true,"valueName":"search_term_string"}}],"inLanguage":"fr-FR"},{"@type":"Organization","@id":"https:\/\/www.iplay.com\/en\/#organization","name":"IPlay","url":"https:\/\/www.iplay.com\/en\/","logo":{"@type":"ImageObject","inLanguage":"fr-FR","@id":"https:\/\/www.iplay.com\/en\/#\/schema\/logo\/image\/","url":"https:\/\/www.iplay.com\/wp-content\/uploads\/2023\/11\/Group-6100.svg","contentUrl":"https:\/\/www.iplay.com\/wp-content\/uploads\/2023\/11\/Group-6100.svg","width":98,"height":25,"caption":"IPlay"},"image":{"@id":"https:\/\/www.iplay.com\/en\/#\/schema\/logo\/image\/"}}]}},"_links":{"self":[{"href":"https:\/\/www.iplay.com\/fr\/wp-json\/wp\/v2\/product\/40178","targetHints":{"allow":["GET"]}}],"collection":[{"href":"https:\/\/www.iplay.com\/fr\/wp-json\/wp\/v2\/product"}],"about":[{"href":"https:\/\/www.iplay.com\/fr\/wp-json\/wp\/v2\/types\/product"}],"author":[{"embeddable":true,"href":"https:\/\/www.iplay.com\/fr\/wp-json\/wp\/v2\/users\/52"}],"replies":[{"embeddable":true,"href":"https:\/\/www.iplay.com\/fr\/wp-json\/wp\/v2\/comments?post=40178"}],"wp:featuredmedia":[{"embeddable":true,"href":"https:\/\/www.iplay.com\/fr\/wp-json\/wp\/v2\/media\/40205"}],"wp:attachment":[{"href":"https:\/\/www.iplay.com\/fr\/wp-json\/wp\/v2\/media?parent=40178"}],"wp:term":[{"taxonomy":"product_brand","embeddable":true,"href":"https:\/\/www.iplay.com\/fr\/wp-json\/wp\/v2\/product_brand?post=40178"},{"taxonomy":"product_cat","embeddable":true,"href":"https:\/\/www.iplay.com\/fr\/wp-json\/wp\/v2\/product_cat?post=40178"},{"taxonomy":"product_tag","embeddable":true,"href":"https:\/\/www.iplay.com\/fr\/wp-json\/wp\/v2\/product_tag?post=40178"}],"curies":[{"name":"wp","href":"https:\/\/api.w.org\/{rel}","templated":true}]}}