{"id":40049,"date":"2023-12-01T00:00:09","date_gmt":"2023-12-01T00:00:09","guid":{"rendered":"https:\/\/www.iplay.com\/games\/amazing-vacation-los-angeles\/"},"modified":"2025-02-28T16:03:03","modified_gmt":"2025-02-28T16:03:03","slug":"amazing-vacation-los-angeles","status":"publish","type":"product","link":"https:\/\/www.iplay.com\/fr\/games\/amazing-vacation-los-angeles\/","title":{"rendered":"Amazing Vacation &#8211; Los Angeles"},"content":{"rendered":"<p>L\u2019\u00e9blouissante ville de Los Angeles se d\u00e9couvre \u00e0 travers des dizaines de lieux captivants. Les \u00e9nergies uniques des diff\u00e9rents quartiers de Los Angeles sont v\u00e9cues tout au long de l\u2019aventure. <\/p>\n<p>&nbsp;<\/p>\n<p><strong>Fonctionnalit\u00e9s<\/strong><\/p>\n<ul>\n<li>De nombreux lieux sont explor\u00e9s.<\/li>\n<li>Plus d\u2019un millier d\u2019objets cach\u00e9s sont mis au jour.<\/li>\n<li>Quatre types de jeux distincts sont propos\u00e9s.<\/li>\n<li>Des visuels incroyablement complexes sont pr\u00e9sent\u00e9s.<\/li>\n<\/ul>\n","protected":false},"excerpt":{"rendered":"<p>Profitez d\u2019un voyage incroyable \u00e0 Los Angeles avec <strong>Amazing Vacation &#8211; Los Angeles<\/strong><\/p>\n","protected":false},"author":124,"featured_media":40164,"comment_status":"open","ping_status":"closed","template":"","meta":{"_acf_changed":false,"inline_featured_image":false},"product_brand":[],"product_cat":[165],"product_tag":[287],"class_list":{"0":"post-40049","1":"product","2":"type-product","3":"status-publish","4":"has-post-thumbnail","6":"product_cat-hidden-object-fr","7":"product_tag-play-on-pc-fr","9":"first","10":"instock","11":"shipping-taxable","12":"purchasable","13":"product-type-simple"},"acf":[],"yoast_head":"<!-- This site is optimized with the Yoast SEO Premium plugin v25.2 (Yoast SEO v25.2) - https:\/\/yoast.com\/wordpress\/plugins\/seo\/ -->\n<title>Vacances incroyables - Los Angeles - Profitez d\u2019un voyage \u00e0 Los Angeles<\/title>\n<meta name=\"description\" content=\"Profitez d\u2019un voyage incroyable \u00e0 Los Angeles avec Amazing Vacation - Los Angeles\" \/>\n<meta name=\"robots\" content=\"index, follow, max-snippet:-1, max-image-preview:large, max-video-preview:-1\" \/>\n<link rel=\"canonical\" href=\"https:\/\/www.iplay.com\/fr\/games\/amazing-vacation-los-angeles\/\" \/>\n<meta property=\"og:locale\" content=\"fr_FR\" \/>\n<meta property=\"og:type\" content=\"article\" \/>\n<meta property=\"og:title\" content=\"Amazing Vacation - Los Angeles\" \/>\n<meta property=\"og:description\" content=\"Profitez d\u2019un voyage incroyable \u00e0 Los Angeles avec Amazing Vacation - Los Angeles\" \/>\n<meta property=\"og:url\" content=\"https:\/\/www.iplay.com\/fr\/games\/amazing-vacation-los-angeles\/\" \/>\n<meta property=\"og:site_name\" content=\"IPlay\" \/>\n<meta property=\"article:modified_time\" content=\"2025-02-28T16:03:03+00:00\" \/>\n<meta property=\"og:image\" content=\"https:\/\/www.iplay.com\/wp-content\/uploads\/2024\/07\/Amazing-Vacation-Los-Angeles_large_square_tile_image.webp\" \/>\n\t<meta property=\"og:image:width\" content=\"715\" \/>\n\t<meta property=\"og:image:height\" content=\"485\" \/>\n\t<meta property=\"og:image:type\" content=\"image\/webp\" \/>\n<meta name=\"twitter:card\" content=\"summary_large_image\" \/>\n<meta name=\"twitter:label1\" content=\"Dur\u00e9e de lecture estim\u00e9e\" \/>\n\t<meta name=\"twitter:data1\" content=\"1 minute\" \/>\n<script type=\"application\/ld+json\" class=\"yoast-schema-graph\">{\"@context\":\"https:\/\/schema.org\",\"@graph\":[{\"@type\":\"WebPage\",\"@id\":\"https:\/\/www.iplay.com\/fr\/games\/amazing-vacation-los-angeles\/\",\"url\":\"https:\/\/www.iplay.com\/fr\/games\/amazing-vacation-los-angeles\/\",\"name\":\"Vacances incroyables - Los Angeles - Profitez d\u2019un voyage \u00e0 Los Angeles\",\"isPartOf\":{\"@id\":\"https:\/\/www.iplay.com\/en\/#website\"},\"primaryImageOfPage\":{\"@id\":\"https:\/\/www.iplay.com\/fr\/games\/amazing-vacation-los-angeles\/#primaryimage\"},\"image\":{\"@id\":\"https:\/\/www.iplay.com\/fr\/games\/amazing-vacation-los-angeles\/#primaryimage\"},\"thumbnailUrl\":\"https:\/\/www.iplay.com\/wp-content\/uploads\/2024\/07\/Amazing-Vacation-Los-Angeles_large_square_tile_image.webp\",\"datePublished\":\"2023-12-01T00:00:09+00:00\",\"dateModified\":\"2025-02-28T16:03:03+00:00\",\"description\":\"Profitez d\u2019un voyage incroyable \u00e0 Los Angeles avec Amazing Vacation - Los Angeles\",\"breadcrumb\":{\"@id\":\"https:\/\/www.iplay.com\/fr\/games\/amazing-vacation-los-angeles\/#breadcrumb\"},\"inLanguage\":\"fr-FR\",\"potentialAction\":[{\"@type\":\"ReadAction\",\"target\":[\"https:\/\/www.iplay.com\/fr\/games\/amazing-vacation-los-angeles\/\"]}]},{\"@type\":\"ImageObject\",\"inLanguage\":\"fr-FR\",\"@id\":\"https:\/\/www.iplay.com\/fr\/games\/amazing-vacation-los-angeles\/#primaryimage\",\"url\":\"https:\/\/www.iplay.com\/wp-content\/uploads\/2024\/07\/Amazing-Vacation-Los-Angeles_large_square_tile_image.webp\",\"contentUrl\":\"https:\/\/www.iplay.com\/wp-content\/uploads\/2024\/07\/Amazing-Vacation-Los-Angeles_large_square_tile_image.webp\",\"width\":715,\"height\":485},{\"@type\":\"BreadcrumbList\",\"@id\":\"https:\/\/www.iplay.com\/fr\/games\/amazing-vacation-los-angeles\/#breadcrumb\",\"itemListElement\":[{\"@type\":\"ListItem\",\"position\":1,\"name\":\"Home\",\"item\":\"https:\/\/www.iplay.com\/fr\/home-page-2\/\"},{\"@type\":\"ListItem\",\"position\":2,\"name\":\"Shop\",\"item\":\"https:\/\/www.iplay.com\/en\/shop\/\"},{\"@type\":\"ListItem\",\"position\":3,\"name\":\"Amazing Vacation &#8211; Los Angeles\"}]},{\"@type\":\"WebSite\",\"@id\":\"https:\/\/www.iplay.com\/en\/#website\",\"url\":\"https:\/\/www.iplay.com\/en\/\",\"name\":\"IPlay\",\"description\":\"The Best Casual Games!\",\"publisher\":{\"@id\":\"https:\/\/www.iplay.com\/en\/#organization\"},\"potentialAction\":[{\"@type\":\"SearchAction\",\"target\":{\"@type\":\"EntryPoint\",\"urlTemplate\":\"https:\/\/www.iplay.com\/en\/?s={search_term_string}\"},\"query-input\":{\"@type\":\"PropertyValueSpecification\",\"valueRequired\":true,\"valueName\":\"search_term_string\"}}],\"inLanguage\":\"fr-FR\"},{\"@type\":\"Organization\",\"@id\":\"https:\/\/www.iplay.com\/en\/#organization\",\"name\":\"IPlay\",\"url\":\"https:\/\/www.iplay.com\/en\/\",\"logo\":{\"@type\":\"ImageObject\",\"inLanguage\":\"fr-FR\",\"@id\":\"https:\/\/www.iplay.com\/en\/#\/schema\/logo\/image\/\",\"url\":\"https:\/\/www.iplay.com\/wp-content\/uploads\/2023\/11\/Group-6100.svg\",\"contentUrl\":\"https:\/\/www.iplay.com\/wp-content\/uploads\/2023\/11\/Group-6100.svg\",\"width\":98,\"height\":25,\"caption\":\"IPlay\"},\"image\":{\"@id\":\"https:\/\/www.iplay.com\/en\/#\/schema\/logo\/image\/\"}}]}<\/script>\n<!-- \/ Yoast SEO Premium plugin. -->","yoast_head_json":{"title":"Vacances incroyables - Los Angeles - Profitez d\u2019un voyage \u00e0 Los Angeles","description":"Profitez d\u2019un voyage incroyable \u00e0 Los Angeles avec Amazing Vacation - Los Angeles","robots":{"index":"index","follow":"follow","max-snippet":"max-snippet:-1","max-image-preview":"max-image-preview:large","max-video-preview":"max-video-preview:-1"},"canonical":"https:\/\/www.iplay.com\/fr\/games\/amazing-vacation-los-angeles\/","og_locale":"fr_FR","og_type":"article","og_title":"Amazing Vacation - Los Angeles","og_description":"Profitez d\u2019un voyage incroyable \u00e0 Los Angeles avec Amazing Vacation - Los Angeles","og_url":"https:\/\/www.iplay.com\/fr\/games\/amazing-vacation-los-angeles\/","og_site_name":"IPlay","article_modified_time":"2025-02-28T16:03:03+00:00","og_image":[{"width":715,"height":485,"url":"https:\/\/www.iplay.com\/wp-content\/uploads\/2024\/07\/Amazing-Vacation-Los-Angeles_large_square_tile_image.webp","type":"image\/webp"}],"twitter_card":"summary_large_image","twitter_misc":{"Dur\u00e9e de lecture estim\u00e9e":"1 minute"},"schema":{"@context":"https:\/\/schema.org","@graph":[{"@type":"WebPage","@id":"https:\/\/www.iplay.com\/fr\/games\/amazing-vacation-los-angeles\/","url":"https:\/\/www.iplay.com\/fr\/games\/amazing-vacation-los-angeles\/","name":"Vacances incroyables - Los Angeles - Profitez d\u2019un voyage \u00e0 Los Angeles","isPartOf":{"@id":"https:\/\/www.iplay.com\/en\/#website"},"primaryImageOfPage":{"@id":"https:\/\/www.iplay.com\/fr\/games\/amazing-vacation-los-angeles\/#primaryimage"},"image":{"@id":"https:\/\/www.iplay.com\/fr\/games\/amazing-vacation-los-angeles\/#primaryimage"},"thumbnailUrl":"https:\/\/www.iplay.com\/wp-content\/uploads\/2024\/07\/Amazing-Vacation-Los-Angeles_large_square_tile_image.webp","datePublished":"2023-12-01T00:00:09+00:00","dateModified":"2025-02-28T16:03:03+00:00","description":"Profitez d\u2019un voyage incroyable \u00e0 Los Angeles avec Amazing Vacation - Los Angeles","breadcrumb":{"@id":"https:\/\/www.iplay.com\/fr\/games\/amazing-vacation-los-angeles\/#breadcrumb"},"inLanguage":"fr-FR","potentialAction":[{"@type":"ReadAction","target":["https:\/\/www.iplay.com\/fr\/games\/amazing-vacation-los-angeles\/"]}]},{"@type":"ImageObject","inLanguage":"fr-FR","@id":"https:\/\/www.iplay.com\/fr\/games\/amazing-vacation-los-angeles\/#primaryimage","url":"https:\/\/www.iplay.com\/wp-content\/uploads\/2024\/07\/Amazing-Vacation-Los-Angeles_large_square_tile_image.webp","contentUrl":"https:\/\/www.iplay.com\/wp-content\/uploads\/2024\/07\/Amazing-Vacation-Los-Angeles_large_square_tile_image.webp","width":715,"height":485},{"@type":"BreadcrumbList","@id":"https:\/\/www.iplay.com\/fr\/games\/amazing-vacation-los-angeles\/#breadcrumb","itemListElement":[{"@type":"ListItem","position":1,"name":"Home","item":"https:\/\/www.iplay.com\/fr\/home-page-2\/"},{"@type":"ListItem","position":2,"name":"Shop","item":"https:\/\/www.iplay.com\/en\/shop\/"},{"@type":"ListItem","position":3,"name":"Amazing Vacation &#8211; Los Angeles"}]},{"@type":"WebSite","@id":"https:\/\/www.iplay.com\/en\/#website","url":"https:\/\/www.iplay.com\/en\/","name":"IPlay","description":"The Best Casual Games!","publisher":{"@id":"https:\/\/www.iplay.com\/en\/#organization"},"potentialAction":[{"@type":"SearchAction","target":{"@type":"EntryPoint","urlTemplate":"https:\/\/www.iplay.com\/en\/?s={search_term_string}"},"query-input":{"@type":"PropertyValueSpecification","valueRequired":true,"valueName":"search_term_string"}}],"inLanguage":"fr-FR"},{"@type":"Organization","@id":"https:\/\/www.iplay.com\/en\/#organization","name":"IPlay","url":"https:\/\/www.iplay.com\/en\/","logo":{"@type":"ImageObject","inLanguage":"fr-FR","@id":"https:\/\/www.iplay.com\/en\/#\/schema\/logo\/image\/","url":"https:\/\/www.iplay.com\/wp-content\/uploads\/2023\/11\/Group-6100.svg","contentUrl":"https:\/\/www.iplay.com\/wp-content\/uploads\/2023\/11\/Group-6100.svg","width":98,"height":25,"caption":"IPlay"},"image":{"@id":"https:\/\/www.iplay.com\/en\/#\/schema\/logo\/image\/"}}]}},"_links":{"self":[{"href":"https:\/\/www.iplay.com\/fr\/wp-json\/wp\/v2\/product\/40049","targetHints":{"allow":["GET"]}}],"collection":[{"href":"https:\/\/www.iplay.com\/fr\/wp-json\/wp\/v2\/product"}],"about":[{"href":"https:\/\/www.iplay.com\/fr\/wp-json\/wp\/v2\/types\/product"}],"author":[{"embeddable":true,"href":"https:\/\/www.iplay.com\/fr\/wp-json\/wp\/v2\/users\/124"}],"replies":[{"embeddable":true,"href":"https:\/\/www.iplay.com\/fr\/wp-json\/wp\/v2\/comments?post=40049"}],"wp:featuredmedia":[{"embeddable":true,"href":"https:\/\/www.iplay.com\/fr\/wp-json\/wp\/v2\/media\/40164"}],"wp:attachment":[{"href":"https:\/\/www.iplay.com\/fr\/wp-json\/wp\/v2\/media?parent=40049"}],"wp:term":[{"taxonomy":"product_brand","embeddable":true,"href":"https:\/\/www.iplay.com\/fr\/wp-json\/wp\/v2\/product_brand?post=40049"},{"taxonomy":"product_cat","embeddable":true,"href":"https:\/\/www.iplay.com\/fr\/wp-json\/wp\/v2\/product_cat?post=40049"},{"taxonomy":"product_tag","embeddable":true,"href":"https:\/\/www.iplay.com\/fr\/wp-json\/wp\/v2\/product_tag?post=40049"}],"curies":[{"name":"wp","href":"https:\/\/api.w.org\/{rel}","templated":true}]}}