{"id":40035,"date":"2011-07-27T00:00:00","date_gmt":"2011-07-27T00:00:00","guid":{"rendered":"https:\/\/www.iplay.com\/games\/midnight-mysteries-devil-on-the-mississippi-collectors-edition\/"},"modified":"2011-07-27T00:00:00","modified_gmt":"2011-07-27T00:00:00","slug":"midnight-mysteries-devil-on-the-mississippi-collectors-edition","status":"publish","type":"product","link":"https:\/\/www.iplay.com\/fr\/games\/midnight-mysteries-devil-on-the-mississippi-collectors-edition\/","title":{"rendered":"Midnight Mysteries: Devil on the Mississippi Collector&#8217;s Edition"},"content":{"rendered":"<p>L\u2019esprit de Mark Twain est venu \u00e0 vous dans une tentative de se lib\u00e9rer d\u2019un mal qui le poursuit dans l\u2019au-del\u00e0. Suivez les actions du pass\u00e9 de Twain qui ont entra\u00een\u00e9 sa souffrance tout au long de sa vie. L\u2019amour de Twain pour l\u2019histoire litt\u00e9raire ravive une discussion controvers\u00e9e sur la v\u00e9ritable identit\u00e9 de Shakespeare, faisant appara\u00eetre plusieurs figures sinistres. Twain commence \u00e0 purger les t\u00e9n\u00e8bres de son \u00e9poque apr\u00e8s avoir d\u00e9couvert un mal impr\u00e9vu, mais l\u2019histoire ne fait que se compliquer. Alors que des forces mortelles se profilent, vous devez travailler avec Twain pour trier les liens afin de corriger l\u2019histoire.    <\/p>\n<p>&nbsp;<\/p>\n<p>&nbsp;<\/p>\n<p><strong>Fonctionnalit\u00e9s:<\/strong><\/p>\n<p>&nbsp;<\/p>\n<ul>\n<li>Utilisez le guide de strat\u00e9gie utile et enti\u00e8rement int\u00e9gr\u00e9<\/li>\n<li>D\u00e9couvrez les coulisses avec une multitude de Concept<\/li>\n<li>12 fonds d\u2019\u00e9cran illustr\u00e9s de mani\u00e8re exquise<\/li>\n<li>Mode de jeu Bonus Dem Bones<\/li>\n<li>Revivez tous les effets sp\u00e9ciaux dans la Panic Room.<\/li>\n<\/ul>\n","protected":false},"excerpt":{"rendered":"<p>C\u2019est l\u2019esprit de Mark Twain qui vous contacte pour obtenir de l\u2019aide !<\/p>\n","protected":false},"author":1,"featured_media":40037,"comment_status":"open","ping_status":"closed","template":"","meta":{"_acf_changed":false,"inline_featured_image":false},"product_brand":[],"product_cat":[165],"product_tag":[287],"class_list":{"0":"post-40035","1":"product","2":"type-product","3":"status-publish","4":"has-post-thumbnail","6":"product_cat-hidden-object-fr","7":"product_tag-play-on-pc-fr","9":"first","10":"instock","11":"shipping-taxable","12":"purchasable","13":"product-type-simple"},"acf":[],"yoast_head":"<!-- This site is optimized with the Yoast SEO Premium plugin v25.2 (Yoast SEO v25.2) - https:\/\/yoast.com\/wordpress\/plugins\/seo\/ -->\n<title>Midnight Mysteries\u00a0: Le Diable sur le Mississippi Edition Collector - Le fant\u00f4me de Mark Twain cherche de l\u2019aide dans l\u2019\u00c9dition Collector<\/title>\n<meta name=\"description\" content=\"C\u2019est l\u2019esprit de Mark Twain qui vous contacte pour obtenir de l\u2019aide !\" \/>\n<meta name=\"robots\" content=\"index, follow, max-snippet:-1, max-image-preview:large, max-video-preview:-1\" \/>\n<link rel=\"canonical\" href=\"https:\/\/www.iplay.com\/fr\/games\/midnight-mysteries-devil-on-the-mississippi-collectors-edition\/\" \/>\n<meta property=\"og:locale\" content=\"fr_FR\" \/>\n<meta property=\"og:type\" content=\"article\" \/>\n<meta property=\"og:title\" content=\"Midnight Mysteries: Devil on the Mississippi Collector&#039;s Edition\" \/>\n<meta property=\"og:description\" content=\"C\u2019est l\u2019esprit de Mark Twain qui vous contacte pour obtenir de l\u2019aide !\" \/>\n<meta property=\"og:url\" content=\"https:\/\/www.iplay.com\/fr\/games\/midnight-mysteries-devil-on-the-mississippi-collectors-edition\/\" \/>\n<meta property=\"og:site_name\" content=\"IPlay\" \/>\n<meta property=\"og:image\" content=\"https:\/\/www.iplay.com\/wp-content\/uploads\/2023\/12\/large_square_tile_image-808.jpg\" \/>\n\t<meta property=\"og:image:width\" content=\"310\" \/>\n\t<meta property=\"og:image:height\" content=\"310\" \/>\n\t<meta property=\"og:image:type\" content=\"image\/jpeg\" \/>\n<meta name=\"twitter:card\" content=\"summary_large_image\" \/>\n<meta name=\"twitter:label1\" content=\"Dur\u00e9e de lecture estim\u00e9e\" \/>\n\t<meta name=\"twitter:data1\" content=\"1 minute\" \/>\n<script type=\"application\/ld+json\" class=\"yoast-schema-graph\">{\"@context\":\"https:\/\/schema.org\",\"@graph\":[{\"@type\":\"WebPage\",\"@id\":\"https:\/\/www.iplay.com\/fr\/games\/midnight-mysteries-devil-on-the-mississippi-collectors-edition\/\",\"url\":\"https:\/\/www.iplay.com\/fr\/games\/midnight-mysteries-devil-on-the-mississippi-collectors-edition\/\",\"name\":\"Midnight Mysteries\u00a0: Le Diable sur le Mississippi Edition Collector - Le fant\u00f4me de Mark Twain cherche de l\u2019aide dans l\u2019\u00c9dition Collector\",\"isPartOf\":{\"@id\":\"https:\/\/www.iplay.com\/en\/#website\"},\"primaryImageOfPage\":{\"@id\":\"https:\/\/www.iplay.com\/fr\/games\/midnight-mysteries-devil-on-the-mississippi-collectors-edition\/#primaryimage\"},\"image\":{\"@id\":\"https:\/\/www.iplay.com\/fr\/games\/midnight-mysteries-devil-on-the-mississippi-collectors-edition\/#primaryimage\"},\"thumbnailUrl\":\"https:\/\/www.iplay.com\/wp-content\/uploads\/2023\/12\/large_square_tile_image-808.jpg\",\"datePublished\":\"2011-07-27T00:00:00+00:00\",\"description\":\"C\u2019est l\u2019esprit de Mark Twain qui vous contacte pour obtenir de l\u2019aide !\",\"breadcrumb\":{\"@id\":\"https:\/\/www.iplay.com\/fr\/games\/midnight-mysteries-devil-on-the-mississippi-collectors-edition\/#breadcrumb\"},\"inLanguage\":\"fr-FR\",\"potentialAction\":[{\"@type\":\"ReadAction\",\"target\":[\"https:\/\/www.iplay.com\/fr\/games\/midnight-mysteries-devil-on-the-mississippi-collectors-edition\/\"]}]},{\"@type\":\"ImageObject\",\"inLanguage\":\"fr-FR\",\"@id\":\"https:\/\/www.iplay.com\/fr\/games\/midnight-mysteries-devil-on-the-mississippi-collectors-edition\/#primaryimage\",\"url\":\"https:\/\/www.iplay.com\/wp-content\/uploads\/2023\/12\/large_square_tile_image-808.jpg\",\"contentUrl\":\"https:\/\/www.iplay.com\/wp-content\/uploads\/2023\/12\/large_square_tile_image-808.jpg\",\"width\":310,\"height\":310},{\"@type\":\"BreadcrumbList\",\"@id\":\"https:\/\/www.iplay.com\/fr\/games\/midnight-mysteries-devil-on-the-mississippi-collectors-edition\/#breadcrumb\",\"itemListElement\":[{\"@type\":\"ListItem\",\"position\":1,\"name\":\"Home\",\"item\":\"https:\/\/www.iplay.com\/fr\/home-page-2\/\"},{\"@type\":\"ListItem\",\"position\":2,\"name\":\"Shop\",\"item\":\"https:\/\/www.iplay.com\/en\/shop\/\"},{\"@type\":\"ListItem\",\"position\":3,\"name\":\"Midnight Mysteries: Devil on the Mississippi Collector&#8217;s Edition\"}]},{\"@type\":\"WebSite\",\"@id\":\"https:\/\/www.iplay.com\/en\/#website\",\"url\":\"https:\/\/www.iplay.com\/en\/\",\"name\":\"IPlay\",\"description\":\"The Best Casual Games!\",\"publisher\":{\"@id\":\"https:\/\/www.iplay.com\/en\/#organization\"},\"potentialAction\":[{\"@type\":\"SearchAction\",\"target\":{\"@type\":\"EntryPoint\",\"urlTemplate\":\"https:\/\/www.iplay.com\/en\/?s={search_term_string}\"},\"query-input\":{\"@type\":\"PropertyValueSpecification\",\"valueRequired\":true,\"valueName\":\"search_term_string\"}}],\"inLanguage\":\"fr-FR\"},{\"@type\":\"Organization\",\"@id\":\"https:\/\/www.iplay.com\/en\/#organization\",\"name\":\"IPlay\",\"url\":\"https:\/\/www.iplay.com\/en\/\",\"logo\":{\"@type\":\"ImageObject\",\"inLanguage\":\"fr-FR\",\"@id\":\"https:\/\/www.iplay.com\/en\/#\/schema\/logo\/image\/\",\"url\":\"https:\/\/www.iplay.com\/wp-content\/uploads\/2023\/11\/Group-6100.svg\",\"contentUrl\":\"https:\/\/www.iplay.com\/wp-content\/uploads\/2023\/11\/Group-6100.svg\",\"width\":98,\"height\":25,\"caption\":\"IPlay\"},\"image\":{\"@id\":\"https:\/\/www.iplay.com\/en\/#\/schema\/logo\/image\/\"}}]}<\/script>\n<!-- \/ Yoast SEO Premium plugin. -->","yoast_head_json":{"title":"Midnight Mysteries\u00a0: Le Diable sur le Mississippi Edition Collector - Le fant\u00f4me de Mark Twain cherche de l\u2019aide dans l\u2019\u00c9dition Collector","description":"C\u2019est l\u2019esprit de Mark Twain qui vous contacte pour obtenir de l\u2019aide !","robots":{"index":"index","follow":"follow","max-snippet":"max-snippet:-1","max-image-preview":"max-image-preview:large","max-video-preview":"max-video-preview:-1"},"canonical":"https:\/\/www.iplay.com\/fr\/games\/midnight-mysteries-devil-on-the-mississippi-collectors-edition\/","og_locale":"fr_FR","og_type":"article","og_title":"Midnight Mysteries: Devil on the Mississippi Collector's Edition","og_description":"C\u2019est l\u2019esprit de Mark Twain qui vous contacte pour obtenir de l\u2019aide !","og_url":"https:\/\/www.iplay.com\/fr\/games\/midnight-mysteries-devil-on-the-mississippi-collectors-edition\/","og_site_name":"IPlay","og_image":[{"width":310,"height":310,"url":"https:\/\/www.iplay.com\/wp-content\/uploads\/2023\/12\/large_square_tile_image-808.jpg","type":"image\/jpeg"}],"twitter_card":"summary_large_image","twitter_misc":{"Dur\u00e9e de lecture estim\u00e9e":"1 minute"},"schema":{"@context":"https:\/\/schema.org","@graph":[{"@type":"WebPage","@id":"https:\/\/www.iplay.com\/fr\/games\/midnight-mysteries-devil-on-the-mississippi-collectors-edition\/","url":"https:\/\/www.iplay.com\/fr\/games\/midnight-mysteries-devil-on-the-mississippi-collectors-edition\/","name":"Midnight Mysteries\u00a0: Le Diable sur le Mississippi Edition Collector - Le fant\u00f4me de Mark Twain cherche de l\u2019aide dans l\u2019\u00c9dition Collector","isPartOf":{"@id":"https:\/\/www.iplay.com\/en\/#website"},"primaryImageOfPage":{"@id":"https:\/\/www.iplay.com\/fr\/games\/midnight-mysteries-devil-on-the-mississippi-collectors-edition\/#primaryimage"},"image":{"@id":"https:\/\/www.iplay.com\/fr\/games\/midnight-mysteries-devil-on-the-mississippi-collectors-edition\/#primaryimage"},"thumbnailUrl":"https:\/\/www.iplay.com\/wp-content\/uploads\/2023\/12\/large_square_tile_image-808.jpg","datePublished":"2011-07-27T00:00:00+00:00","description":"C\u2019est l\u2019esprit de Mark Twain qui vous contacte pour obtenir de l\u2019aide !","breadcrumb":{"@id":"https:\/\/www.iplay.com\/fr\/games\/midnight-mysteries-devil-on-the-mississippi-collectors-edition\/#breadcrumb"},"inLanguage":"fr-FR","potentialAction":[{"@type":"ReadAction","target":["https:\/\/www.iplay.com\/fr\/games\/midnight-mysteries-devil-on-the-mississippi-collectors-edition\/"]}]},{"@type":"ImageObject","inLanguage":"fr-FR","@id":"https:\/\/www.iplay.com\/fr\/games\/midnight-mysteries-devil-on-the-mississippi-collectors-edition\/#primaryimage","url":"https:\/\/www.iplay.com\/wp-content\/uploads\/2023\/12\/large_square_tile_image-808.jpg","contentUrl":"https:\/\/www.iplay.com\/wp-content\/uploads\/2023\/12\/large_square_tile_image-808.jpg","width":310,"height":310},{"@type":"BreadcrumbList","@id":"https:\/\/www.iplay.com\/fr\/games\/midnight-mysteries-devil-on-the-mississippi-collectors-edition\/#breadcrumb","itemListElement":[{"@type":"ListItem","position":1,"name":"Home","item":"https:\/\/www.iplay.com\/fr\/home-page-2\/"},{"@type":"ListItem","position":2,"name":"Shop","item":"https:\/\/www.iplay.com\/en\/shop\/"},{"@type":"ListItem","position":3,"name":"Midnight Mysteries: Devil on the Mississippi Collector&#8217;s Edition"}]},{"@type":"WebSite","@id":"https:\/\/www.iplay.com\/en\/#website","url":"https:\/\/www.iplay.com\/en\/","name":"IPlay","description":"The Best Casual Games!","publisher":{"@id":"https:\/\/www.iplay.com\/en\/#organization"},"potentialAction":[{"@type":"SearchAction","target":{"@type":"EntryPoint","urlTemplate":"https:\/\/www.iplay.com\/en\/?s={search_term_string}"},"query-input":{"@type":"PropertyValueSpecification","valueRequired":true,"valueName":"search_term_string"}}],"inLanguage":"fr-FR"},{"@type":"Organization","@id":"https:\/\/www.iplay.com\/en\/#organization","name":"IPlay","url":"https:\/\/www.iplay.com\/en\/","logo":{"@type":"ImageObject","inLanguage":"fr-FR","@id":"https:\/\/www.iplay.com\/en\/#\/schema\/logo\/image\/","url":"https:\/\/www.iplay.com\/wp-content\/uploads\/2023\/11\/Group-6100.svg","contentUrl":"https:\/\/www.iplay.com\/wp-content\/uploads\/2023\/11\/Group-6100.svg","width":98,"height":25,"caption":"IPlay"},"image":{"@id":"https:\/\/www.iplay.com\/en\/#\/schema\/logo\/image\/"}}]}},"_links":{"self":[{"href":"https:\/\/www.iplay.com\/fr\/wp-json\/wp\/v2\/product\/40035","targetHints":{"allow":["GET"]}}],"collection":[{"href":"https:\/\/www.iplay.com\/fr\/wp-json\/wp\/v2\/product"}],"about":[{"href":"https:\/\/www.iplay.com\/fr\/wp-json\/wp\/v2\/types\/product"}],"author":[{"embeddable":true,"href":"https:\/\/www.iplay.com\/fr\/wp-json\/wp\/v2\/users\/1"}],"replies":[{"embeddable":true,"href":"https:\/\/www.iplay.com\/fr\/wp-json\/wp\/v2\/comments?post=40035"}],"wp:featuredmedia":[{"embeddable":true,"href":"https:\/\/www.iplay.com\/fr\/wp-json\/wp\/v2\/media\/40037"}],"wp:attachment":[{"href":"https:\/\/www.iplay.com\/fr\/wp-json\/wp\/v2\/media?parent=40035"}],"wp:term":[{"taxonomy":"product_brand","embeddable":true,"href":"https:\/\/www.iplay.com\/fr\/wp-json\/wp\/v2\/product_brand?post=40035"},{"taxonomy":"product_cat","embeddable":true,"href":"https:\/\/www.iplay.com\/fr\/wp-json\/wp\/v2\/product_cat?post=40035"},{"taxonomy":"product_tag","embeddable":true,"href":"https:\/\/www.iplay.com\/fr\/wp-json\/wp\/v2\/product_tag?post=40035"}],"curies":[{"name":"wp","href":"https:\/\/api.w.org\/{rel}","templated":true}]}}