{"id":39826,"date":"2017-02-18T00:00:00","date_gmt":"2017-02-18T00:00:00","guid":{"rendered":"https:\/\/www.iplay.com\/games\/the-trials-of-olympus-iii-king-of-the-world\/"},"modified":"2017-02-18T00:00:00","modified_gmt":"2017-02-18T00:00:00","slug":"the-trials-of-olympus-iii-king-of-the-world","status":"publish","type":"product","link":"https:\/\/www.iplay.com\/fr\/games\/the-trials-of-olympus-iii-king-of-the-world\/","title":{"rendered":"The Trials of Olympus III: King of the World"},"content":{"rendered":"<p>Ce point culminant dramatique de la trilogie des \u00c9preuves de l\u2019Olympe met fin \u00e0 l\u2019histoire passionnante d\u2019Angelo. Depuis qu\u2019il a quitt\u00e9 l\u2019Olympe, Angelo a triomph\u00e9 de plusieurs obstacles et ennemis. Mais maintenant que le royaume de Gr\u00e8ce est attaqu\u00e9 de toutes parts, il va devoir surmonter son plus grand obstacle \u00e0 ce jour. Est-il possible pour Angelo d\u2019arr\u00eater Xerx\u00e8s, de plaire aux dieux et de regagner l\u2019affection d\u2019Amara ? Dans cette aventure \u00e9pique qui va au-del\u00e0 des limites de l\u2019histoire, aidez-le alors qu\u2019il combat ses ennemis, construit des temples, se lie d\u2019amiti\u00e9 avec de nouvelles personnes et change le monde lui-m\u00eame.    <\/p>\n<p>&nbsp;<\/p>\n<p>&nbsp;<\/p>\n<p><strong>Fonctionnalit\u00e9s:<\/strong><\/p>\n<p>&nbsp;<\/p>\n<p>&#8211; Histoire \u00e9pique bas\u00e9e sur des personnages<br \/>\n mythologiques et historiques- 100 niveaux<br \/>\n de match-3 difficiles- 32 am\u00e9liorations pour vous aider \u00e0 surmonter les d\u00e9fis<\/p>\n","protected":false},"excerpt":{"rendered":"<p>Le point culminant spectaculaire de la trilogie des \u00c9preuves de l\u2019Olympe !<\/p>\n","protected":false},"author":42,"featured_media":39829,"comment_status":"open","ping_status":"closed","template":"","meta":{"_acf_changed":false,"inline_featured_image":false},"product_brand":[],"product_cat":[193],"product_tag":[],"class_list":{"0":"post-39826","1":"product","2":"type-product","3":"status-publish","4":"has-post-thumbnail","6":"product_cat-puzzle-fr","8":"first","9":"instock","10":"shipping-taxable","11":"purchasable","12":"product-type-simple"},"acf":[],"yoast_head":"<!-- This site is optimized with the Yoast SEO Premium plugin v25.2 (Yoast SEO v25.2) - https:\/\/yoast.com\/wordpress\/plugins\/seo\/ -->\n<title>Les \u00c9preuves de l\u2019Olympe III\u00a0: Roi du Monde - La conclusion \u00e9pique de la trilogie Les \u00c9preuves de l\u2019Olympe<\/title>\n<meta name=\"description\" content=\"Le point culminant spectaculaire de la trilogie des \u00c9preuves de l\u2019Olympe !\" \/>\n<meta name=\"robots\" content=\"index, follow, max-snippet:-1, max-image-preview:large, max-video-preview:-1\" \/>\n<link rel=\"canonical\" href=\"https:\/\/www.iplay.com\/fr\/games\/the-trials-of-olympus-iii-king-of-the-world\/\" \/>\n<meta property=\"og:locale\" content=\"fr_FR\" \/>\n<meta property=\"og:type\" content=\"article\" \/>\n<meta property=\"og:title\" content=\"The Trials of Olympus III: King of the World\" \/>\n<meta property=\"og:description\" content=\"Le point culminant spectaculaire de la trilogie des \u00c9preuves de l\u2019Olympe !\" \/>\n<meta property=\"og:url\" content=\"https:\/\/www.iplay.com\/fr\/games\/the-trials-of-olympus-iii-king-of-the-world\/\" \/>\n<meta property=\"og:site_name\" content=\"IPlay\" \/>\n<meta property=\"og:image\" content=\"https:\/\/www.iplay.com\/wp-content\/uploads\/2023\/12\/large_square_tile_image-4162.jpg\" \/>\n\t<meta property=\"og:image:width\" content=\"310\" \/>\n\t<meta property=\"og:image:height\" content=\"310\" \/>\n\t<meta property=\"og:image:type\" content=\"image\/jpeg\" \/>\n<meta name=\"twitter:card\" content=\"summary_large_image\" \/>\n<meta name=\"twitter:label1\" content=\"Dur\u00e9e de lecture estim\u00e9e\" \/>\n\t<meta name=\"twitter:data1\" content=\"1 minute\" \/>\n<script type=\"application\/ld+json\" class=\"yoast-schema-graph\">{\"@context\":\"https:\/\/schema.org\",\"@graph\":[{\"@type\":\"WebPage\",\"@id\":\"https:\/\/www.iplay.com\/fr\/games\/the-trials-of-olympus-iii-king-of-the-world\/\",\"url\":\"https:\/\/www.iplay.com\/fr\/games\/the-trials-of-olympus-iii-king-of-the-world\/\",\"name\":\"Les \u00c9preuves de l\u2019Olympe III\u00a0: Roi du Monde - La conclusion \u00e9pique de la trilogie Les \u00c9preuves de l\u2019Olympe\",\"isPartOf\":{\"@id\":\"https:\/\/www.iplay.com\/en\/#website\"},\"primaryImageOfPage\":{\"@id\":\"https:\/\/www.iplay.com\/fr\/games\/the-trials-of-olympus-iii-king-of-the-world\/#primaryimage\"},\"image\":{\"@id\":\"https:\/\/www.iplay.com\/fr\/games\/the-trials-of-olympus-iii-king-of-the-world\/#primaryimage\"},\"thumbnailUrl\":\"https:\/\/www.iplay.com\/wp-content\/uploads\/2023\/12\/large_square_tile_image-4162.jpg\",\"datePublished\":\"2017-02-18T00:00:00+00:00\",\"description\":\"Le point culminant spectaculaire de la trilogie des \u00c9preuves de l\u2019Olympe !\",\"breadcrumb\":{\"@id\":\"https:\/\/www.iplay.com\/fr\/games\/the-trials-of-olympus-iii-king-of-the-world\/#breadcrumb\"},\"inLanguage\":\"fr-FR\",\"potentialAction\":[{\"@type\":\"ReadAction\",\"target\":[\"https:\/\/www.iplay.com\/fr\/games\/the-trials-of-olympus-iii-king-of-the-world\/\"]}]},{\"@type\":\"ImageObject\",\"inLanguage\":\"fr-FR\",\"@id\":\"https:\/\/www.iplay.com\/fr\/games\/the-trials-of-olympus-iii-king-of-the-world\/#primaryimage\",\"url\":\"https:\/\/www.iplay.com\/wp-content\/uploads\/2023\/12\/large_square_tile_image-4162.jpg\",\"contentUrl\":\"https:\/\/www.iplay.com\/wp-content\/uploads\/2023\/12\/large_square_tile_image-4162.jpg\",\"width\":310,\"height\":310},{\"@type\":\"BreadcrumbList\",\"@id\":\"https:\/\/www.iplay.com\/fr\/games\/the-trials-of-olympus-iii-king-of-the-world\/#breadcrumb\",\"itemListElement\":[{\"@type\":\"ListItem\",\"position\":1,\"name\":\"Home\",\"item\":\"https:\/\/www.iplay.com\/fr\/home-page-2\/\"},{\"@type\":\"ListItem\",\"position\":2,\"name\":\"Shop\",\"item\":\"https:\/\/www.iplay.com\/en\/shop\/\"},{\"@type\":\"ListItem\",\"position\":3,\"name\":\"The Trials of Olympus III: King of the World\"}]},{\"@type\":\"WebSite\",\"@id\":\"https:\/\/www.iplay.com\/en\/#website\",\"url\":\"https:\/\/www.iplay.com\/en\/\",\"name\":\"IPlay\",\"description\":\"The Best Casual Games!\",\"publisher\":{\"@id\":\"https:\/\/www.iplay.com\/en\/#organization\"},\"potentialAction\":[{\"@type\":\"SearchAction\",\"target\":{\"@type\":\"EntryPoint\",\"urlTemplate\":\"https:\/\/www.iplay.com\/en\/?s={search_term_string}\"},\"query-input\":{\"@type\":\"PropertyValueSpecification\",\"valueRequired\":true,\"valueName\":\"search_term_string\"}}],\"inLanguage\":\"fr-FR\"},{\"@type\":\"Organization\",\"@id\":\"https:\/\/www.iplay.com\/en\/#organization\",\"name\":\"IPlay\",\"url\":\"https:\/\/www.iplay.com\/en\/\",\"logo\":{\"@type\":\"ImageObject\",\"inLanguage\":\"fr-FR\",\"@id\":\"https:\/\/www.iplay.com\/en\/#\/schema\/logo\/image\/\",\"url\":\"https:\/\/www.iplay.com\/wp-content\/uploads\/2023\/11\/Group-6100.svg\",\"contentUrl\":\"https:\/\/www.iplay.com\/wp-content\/uploads\/2023\/11\/Group-6100.svg\",\"width\":98,\"height\":25,\"caption\":\"IPlay\"},\"image\":{\"@id\":\"https:\/\/www.iplay.com\/en\/#\/schema\/logo\/image\/\"}}]}<\/script>\n<!-- \/ Yoast SEO Premium plugin. -->","yoast_head_json":{"title":"Les \u00c9preuves de l\u2019Olympe III\u00a0: Roi du Monde - La conclusion \u00e9pique de la trilogie Les \u00c9preuves de l\u2019Olympe","description":"Le point culminant spectaculaire de la trilogie des \u00c9preuves de l\u2019Olympe !","robots":{"index":"index","follow":"follow","max-snippet":"max-snippet:-1","max-image-preview":"max-image-preview:large","max-video-preview":"max-video-preview:-1"},"canonical":"https:\/\/www.iplay.com\/fr\/games\/the-trials-of-olympus-iii-king-of-the-world\/","og_locale":"fr_FR","og_type":"article","og_title":"The Trials of Olympus III: King of the World","og_description":"Le point culminant spectaculaire de la trilogie des \u00c9preuves de l\u2019Olympe !","og_url":"https:\/\/www.iplay.com\/fr\/games\/the-trials-of-olympus-iii-king-of-the-world\/","og_site_name":"IPlay","og_image":[{"width":310,"height":310,"url":"https:\/\/www.iplay.com\/wp-content\/uploads\/2023\/12\/large_square_tile_image-4162.jpg","type":"image\/jpeg"}],"twitter_card":"summary_large_image","twitter_misc":{"Dur\u00e9e de lecture estim\u00e9e":"1 minute"},"schema":{"@context":"https:\/\/schema.org","@graph":[{"@type":"WebPage","@id":"https:\/\/www.iplay.com\/fr\/games\/the-trials-of-olympus-iii-king-of-the-world\/","url":"https:\/\/www.iplay.com\/fr\/games\/the-trials-of-olympus-iii-king-of-the-world\/","name":"Les \u00c9preuves de l\u2019Olympe III\u00a0: Roi du Monde - La conclusion \u00e9pique de la trilogie Les \u00c9preuves de l\u2019Olympe","isPartOf":{"@id":"https:\/\/www.iplay.com\/en\/#website"},"primaryImageOfPage":{"@id":"https:\/\/www.iplay.com\/fr\/games\/the-trials-of-olympus-iii-king-of-the-world\/#primaryimage"},"image":{"@id":"https:\/\/www.iplay.com\/fr\/games\/the-trials-of-olympus-iii-king-of-the-world\/#primaryimage"},"thumbnailUrl":"https:\/\/www.iplay.com\/wp-content\/uploads\/2023\/12\/large_square_tile_image-4162.jpg","datePublished":"2017-02-18T00:00:00+00:00","description":"Le point culminant spectaculaire de la trilogie des \u00c9preuves de l\u2019Olympe !","breadcrumb":{"@id":"https:\/\/www.iplay.com\/fr\/games\/the-trials-of-olympus-iii-king-of-the-world\/#breadcrumb"},"inLanguage":"fr-FR","potentialAction":[{"@type":"ReadAction","target":["https:\/\/www.iplay.com\/fr\/games\/the-trials-of-olympus-iii-king-of-the-world\/"]}]},{"@type":"ImageObject","inLanguage":"fr-FR","@id":"https:\/\/www.iplay.com\/fr\/games\/the-trials-of-olympus-iii-king-of-the-world\/#primaryimage","url":"https:\/\/www.iplay.com\/wp-content\/uploads\/2023\/12\/large_square_tile_image-4162.jpg","contentUrl":"https:\/\/www.iplay.com\/wp-content\/uploads\/2023\/12\/large_square_tile_image-4162.jpg","width":310,"height":310},{"@type":"BreadcrumbList","@id":"https:\/\/www.iplay.com\/fr\/games\/the-trials-of-olympus-iii-king-of-the-world\/#breadcrumb","itemListElement":[{"@type":"ListItem","position":1,"name":"Home","item":"https:\/\/www.iplay.com\/fr\/home-page-2\/"},{"@type":"ListItem","position":2,"name":"Shop","item":"https:\/\/www.iplay.com\/en\/shop\/"},{"@type":"ListItem","position":3,"name":"The Trials of Olympus III: King of the World"}]},{"@type":"WebSite","@id":"https:\/\/www.iplay.com\/en\/#website","url":"https:\/\/www.iplay.com\/en\/","name":"IPlay","description":"The Best Casual Games!","publisher":{"@id":"https:\/\/www.iplay.com\/en\/#organization"},"potentialAction":[{"@type":"SearchAction","target":{"@type":"EntryPoint","urlTemplate":"https:\/\/www.iplay.com\/en\/?s={search_term_string}"},"query-input":{"@type":"PropertyValueSpecification","valueRequired":true,"valueName":"search_term_string"}}],"inLanguage":"fr-FR"},{"@type":"Organization","@id":"https:\/\/www.iplay.com\/en\/#organization","name":"IPlay","url":"https:\/\/www.iplay.com\/en\/","logo":{"@type":"ImageObject","inLanguage":"fr-FR","@id":"https:\/\/www.iplay.com\/en\/#\/schema\/logo\/image\/","url":"https:\/\/www.iplay.com\/wp-content\/uploads\/2023\/11\/Group-6100.svg","contentUrl":"https:\/\/www.iplay.com\/wp-content\/uploads\/2023\/11\/Group-6100.svg","width":98,"height":25,"caption":"IPlay"},"image":{"@id":"https:\/\/www.iplay.com\/en\/#\/schema\/logo\/image\/"}}]}},"_links":{"self":[{"href":"https:\/\/www.iplay.com\/fr\/wp-json\/wp\/v2\/product\/39826","targetHints":{"allow":["GET"]}}],"collection":[{"href":"https:\/\/www.iplay.com\/fr\/wp-json\/wp\/v2\/product"}],"about":[{"href":"https:\/\/www.iplay.com\/fr\/wp-json\/wp\/v2\/types\/product"}],"author":[{"embeddable":true,"href":"https:\/\/www.iplay.com\/fr\/wp-json\/wp\/v2\/users\/42"}],"replies":[{"embeddable":true,"href":"https:\/\/www.iplay.com\/fr\/wp-json\/wp\/v2\/comments?post=39826"}],"wp:featuredmedia":[{"embeddable":true,"href":"https:\/\/www.iplay.com\/fr\/wp-json\/wp\/v2\/media\/39829"}],"wp:attachment":[{"href":"https:\/\/www.iplay.com\/fr\/wp-json\/wp\/v2\/media?parent=39826"}],"wp:term":[{"taxonomy":"product_brand","embeddable":true,"href":"https:\/\/www.iplay.com\/fr\/wp-json\/wp\/v2\/product_brand?post=39826"},{"taxonomy":"product_cat","embeddable":true,"href":"https:\/\/www.iplay.com\/fr\/wp-json\/wp\/v2\/product_cat?post=39826"},{"taxonomy":"product_tag","embeddable":true,"href":"https:\/\/www.iplay.com\/fr\/wp-json\/wp\/v2\/product_tag?post=39826"}],"curies":[{"name":"wp","href":"https:\/\/api.w.org\/{rel}","templated":true}]}}